{"id":9483,"date":"2015-11-11T06:59:51","date_gmt":"2015-11-11T06:59:51","guid":{"rendered":"http:\/\/nam-viet-voyage.com\/fr\/?page_id=9483"},"modified":"2016-05-25T07:44:52","modified_gmt":"2016-05-25T07:44:52","slug":"silk-path-hotel-hanoi","status":"publish","type":"page","link":"https:\/\/nam-viet-voyage.com\/fr\/silk-path-hotel-hanoi\/","title":{"rendered":"Silk Path Hotel &#8211; Hanoi"},"content":{"rendered":"<section class=\"l-section wpb_row height_medium\"><div class=\"l-section-h i-cf\"><div class=\"g-cols offset_small\"><div class=\" one-quarter\">[vc_wp_custommenu nav_menu=\u00a0\u00bb165&Prime; title=\u00a0\u00bbVotre h\u00f4tel &#8211; Baln\u00e9aire\u00a0\u00bb]<\/div><div class=\" three-quarters\"><div class=\"w-image  align_center\"><img loading=\"lazy\" decoding=\"async\" width=\"672\" height=\"200\" src=\"https:\/\/nam-viet-voyage.com\/wp-content\/uploads\/2015\/11\/silk-path-hotel-hanoi.png\" class=\"attachment-full size-full\" alt=\"\" srcset=\"https:\/\/nam-viet-voyage.com\/wp-content\/uploads\/2015\/11\/silk-path-hotel-hanoi.png 672w, https:\/\/nam-viet-voyage.com\/wp-content\/uploads\/2015\/11\/silk-path-hotel-hanoi-300x89.png 300w, https:\/\/nam-viet-voyage.com\/wp-content\/uploads\/2015\/11\/silk-path-hotel-hanoi-600x179.png 600w, https:\/\/nam-viet-voyage.com\/wp-content\/uploads\/2015\/11\/silk-path-hotel-hanoi-150x45.png 150w\" sizes=\"auto, (max-width: 672px) 100vw, 672px\" \/><\/div><div class=\"wpb_text_column \"><div class=\"wpb_wrapper\">\n<h2 style=\"text-align: center;\">Silk Path Hotel<\/h2>\n<p style=\"text-align: justify;\">Au centre de la ville d\u2019Hanoi, le Silk Path Hotel a ouvert tr\u00e8s r\u00e9cemment ses portes et constitue un concentr\u00e9 d\u2019excellence : d\u00e9coration soign\u00e9e, service impeccable et choix gastronomique font partie de ses atouts. Situ\u00e9 \u00e0 proximit\u00e9 du Quartier des 36 Corporations, il est id\u00e9alement plac\u00e9 pour visiter les principaux lieux d\u2019attractions d\u2019Hanoi. L\u2019h\u00f4tel comprend 106 chambres dont certaines b\u00e9n\u00e9ficient d\u2019un balcon priv\u00e9. Vous pourrez prendre votre petit-d\u00e9jeuner au buffet du restaurant La Soie de Hanoi, puis savourer une d\u00e9licieuse pizza pour le d\u00e9jeuner au restaurant Bellissimo, avant de siroter un expresso au Terrace Cafe, en plein air. Pour finir votre journ\u00e9e, rendez-vous au Piano Bar pour un dernier verre avant de profiter du luxe de votre chambre.<\/p>\n<\/div> <\/div> <div class=\"g-cols wpb_row offset_small vc_inner \"><div class=\" full-width\">[vc_empty_space height=\u00a0\u00bb30px\u00a0\u00bb]<\/div><\/div><div class=\"g-cols wpb_row offset_small vc_inner \"><div class=\" one-half\"><div class=\"w-image  align_center\"><img loading=\"lazy\" decoding=\"async\" width=\"320\" height=\"213\" src=\"https:\/\/nam-viet-voyage.com\/wp-content\/uploads\/2015\/11\/silk-path-bellissimo-restaurant.jpg\" class=\"attachment-full size-full\" alt=\"Vue du four \u00e0 pizza au restaurant Bellissimo au Silk Path Hotel\" srcset=\"https:\/\/nam-viet-voyage.com\/wp-content\/uploads\/2015\/11\/silk-path-bellissimo-restaurant.jpg 320w, https:\/\/nam-viet-voyage.com\/wp-content\/uploads\/2015\/11\/silk-path-bellissimo-restaurant-300x200.jpg 300w, https:\/\/nam-viet-voyage.com\/wp-content\/uploads\/2015\/11\/silk-path-bellissimo-restaurant-150x100.jpg 150w\" sizes=\"auto, (max-width: 320px) 100vw, 320px\" \/><\/div><div class=\"w-image  align_center\"><img loading=\"lazy\" decoding=\"async\" width=\"320\" height=\"215\" src=\"https:\/\/nam-viet-voyage.com\/wp-content\/uploads\/2015\/11\/silk-path-premium-room.jpg\" class=\"attachment-full size-full\" alt=\"Premium executive room\" srcset=\"https:\/\/nam-viet-voyage.com\/wp-content\/uploads\/2015\/11\/silk-path-premium-room.jpg 320w, https:\/\/nam-viet-voyage.com\/wp-content\/uploads\/2015\/11\/silk-path-premium-room-300x202.jpg 300w, https:\/\/nam-viet-voyage.com\/wp-content\/uploads\/2015\/11\/silk-path-premium-room-150x101.jpg 150w, https:\/\/nam-viet-voyage.com\/wp-content\/uploads\/2015\/11\/silk-path-premium-room-298x200.jpg 298w\" sizes=\"auto, (max-width: 320px) 100vw, 320px\" \/><\/div><\/div><div class=\" one-half\"><div class=\"w-image  align_center\"><img loading=\"lazy\" decoding=\"async\" width=\"320\" height=\"208\" src=\"https:\/\/nam-viet-voyage.com\/wp-content\/uploads\/2015\/11\/silk-path-premium-deluxe.jpg\" class=\"attachment-full size-full\" alt=\"Premium deluxe room\" srcset=\"https:\/\/nam-viet-voyage.com\/wp-content\/uploads\/2015\/11\/silk-path-premium-deluxe.jpg 320w, https:\/\/nam-viet-voyage.com\/wp-content\/uploads\/2015\/11\/silk-path-premium-deluxe-300x195.jpg 300w, https:\/\/nam-viet-voyage.com\/wp-content\/uploads\/2015\/11\/silk-path-premium-deluxe-150x98.jpg 150w\" sizes=\"auto, (max-width: 320px) 100vw, 320px\" \/><\/div><div class=\"w-image  align_center\"><img loading=\"lazy\" decoding=\"async\" width=\"320\" height=\"213\" src=\"https:\/\/nam-viet-voyage.com\/wp-content\/uploads\/2015\/11\/silk-path-jacuzzi-spa.jpg\" class=\"attachment-full size-full\" alt=\"Steam bath, jacuzzi and spa Silk Path Hotel\" srcset=\"https:\/\/nam-viet-voyage.com\/wp-content\/uploads\/2015\/11\/silk-path-jacuzzi-spa.jpg 320w, https:\/\/nam-viet-voyage.com\/wp-content\/uploads\/2015\/11\/silk-path-jacuzzi-spa-300x200.jpg 300w, https:\/\/nam-viet-voyage.com\/wp-content\/uploads\/2015\/11\/silk-path-jacuzzi-spa-150x100.jpg 150w\" sizes=\"auto, (max-width: 320px) 100vw, 320px\" \/><\/div><\/div><\/div><\/div><\/div><\/div><\/section><section class=\"l-section wpb_row height_medium color_secondary\"><div class=\"l-section-h i-cf\"><div class=\"g-cols offset_small\"><div class=\" full-width\"><div class=\"g-cols wpb_row offset_small vc_inner \"><div class=\" full-width\">[vc_custom_heading text=\u00a0\u00bbPour tout projet ou information compl\u00e9mentaire, merci de nous contacter !\u00a0\u00bb font_container=\u00a0\u00bbtag:p|font_size:24|text_align:center\u00a0\u00bb google_fonts=\u00a0\u00bbfont_family:Nothing%20You%20Could%20Do%3Aregular|font_style:400%20regular%3A400%3Anormal\u00a0\u00bb]\n<div class=\"wpcf7 no-js\" id=\"wpcf7-f5977-o1\" lang=\"fr-FR\" dir=\"ltr\" data-wpcf7-id=\"5977\">\n<div class=\"screen-reader-response\"><p role=\"status\" aria-live=\"polite\" aria-atomic=\"true\"><\/p> <ul><\/ul><\/div>\n<form action=\"\/fr\/wp-json\/wp\/v2\/pages\/9483#wpcf7-f5977-o1\" method=\"post\" class=\"wpcf7-form init\" aria-label=\"Formulaire de contact\" novalidate=\"novalidate\" data-status=\"init\">\n<fieldset class=\"hidden-fields-container\"><input type=\"hidden\" name=\"_wpcf7\" value=\"5977\" \/><input type=\"hidden\" name=\"_wpcf7_version\" value=\"6.1.5\" \/><input type=\"hidden\" name=\"_wpcf7_locale\" value=\"fr_FR\" \/><input type=\"hidden\" name=\"_wpcf7_unit_tag\" value=\"wpcf7-f5977-o1\" \/><input type=\"hidden\" name=\"_wpcf7_container_post\" value=\"0\" \/><input type=\"hidden\" name=\"_wpcf7_posted_data_hash\" value=\"\" \/>\n<\/fieldset>\n<p>Votre Nom *\n<\/p>\n<p><span class=\"wpcf7-form-control-wrap\" data-name=\"your-name\"><input size=\"40\" maxlength=\"400\" class=\"wpcf7-form-control wpcf7-text wpcf7-validates-as-required\" aria-required=\"true\" aria-invalid=\"false\" value=\"\" type=\"text\" name=\"your-name\" \/><\/span>\n<\/p>\n<p>Votre Email *\n<\/p>\n<p><span class=\"wpcf7-form-control-wrap\" data-name=\"your-email\"><input size=\"40\" maxlength=\"400\" class=\"wpcf7-form-control wpcf7-email wpcf7-validates-as-required wpcf7-text wpcf7-validates-as-email\" aria-required=\"true\" aria-invalid=\"false\" value=\"\" type=\"email\" name=\"your-email\" \/><\/span>\n<\/p>\n<p>Votre Message *\n<\/p>\n<p><span class=\"wpcf7-form-control-wrap\" data-name=\"your-message\"><textarea cols=\"40\" rows=\"10\" maxlength=\"2000\" class=\"wpcf7-form-control wpcf7-textarea wpcf7-validates-as-required\" aria-required=\"true\" aria-invalid=\"false\" name=\"your-message\"><\/textarea><\/span>\n<\/p>\n<p><input class=\"wpcf7-form-control wpcf7-submit has-spinner\" type=\"submit\" value=\"Envoyer\" \/>\n<\/p><div class=\"wpcf7-response-output\" aria-hidden=\"true\"><\/div>\n<\/form>\n<\/div>\n<\/div><\/div><\/div><\/div><\/div><\/section>\n<p><a href=\"\/\/www.pinterest.com\/pin\/create\/button\/\" data-pin-do=\"buttonBookmark\" data-pin-color=\"red\" data-pin-height=\"128\"><img decoding=\"async\" src=\"\/\/assets.pinterest.com\/images\/pidgets\/pinit_fg_en_rect_red_28.png\" \/><\/a><\/p>","protected":false},"excerpt":{"rendered":"[vc_wp_custommenu nav_menu=\"165\" title=\"Votre h\u00f4tel - Baln\u00e9aire\"] Silk Path Hotel Au centre de la ville d\u2019Hanoi, le Silk Path Hotel a ouvert tr\u00e8s r\u00e9cemment ses portes et constitue un concentr\u00e9 d\u2019excellence...","protected":false},"author":5,"featured_media":0,"parent":0,"menu_order":0,"comment_status":"closed","ping_status":"closed","template":"","meta":{"_crdt_document":"","footnotes":""},"class_list":["post-9483","page","type-page","status-publish","hentry"],"yoast_head":"<!-- This site is optimized with the Yoast SEO plugin v27.4 - https:\/\/yoast.com\/product\/yoast-seo-wordpress\/ -->\n<title>Silk Path Hotel - Hanoi - Nam Viet Voyage<\/title>\n<meta name=\"description\" content=\"\u00c0 Hanoi, le Silk Path Hotel se d\u00e9marque par sa d\u00e9coration soign\u00e9e, son personnel aux petits soins et ses restaurants.\" \/>\n<meta name=\"robots\" content=\"index, follow, max-snippet:-1, max-image-preview:large, max-video-preview:-1\" \/>\n<link rel=\"canonical\" href=\"http:\/\/nam-viet-voyage.com\/fr\/silk-path-hotel-hanoi\/\" \/>\n<meta property=\"og:locale\" content=\"fr_FR\" \/>\n<meta property=\"og:type\" content=\"article\" \/>\n<meta property=\"og:title\" content=\"Silk Path Hotel - Hanoi - Nam Viet Voyage\" \/>\n<meta property=\"og:description\" content=\"\u00c0 Hanoi, le Silk Path Hotel se d\u00e9marque par sa d\u00e9coration soign\u00e9e, son personnel aux petits soins et ses restaurants.\" \/>\n<meta property=\"og:url\" content=\"http:\/\/nam-viet-voyage.com\/fr\/silk-path-hotel-hanoi\/\" \/>\n<meta property=\"og:site_name\" content=\"Nam Viet Voyage\" \/>\n<meta property=\"article:publisher\" content=\"https:\/\/www.facebook.com\/NamVietVoyage\" \/>\n<meta property=\"article:modified_time\" content=\"2016-05-25T07:44:52+00:00\" \/>\n<meta name=\"twitter:card\" content=\"summary_large_image\" \/>\n<meta name=\"twitter:site\" content=\"@NamVietVoyage\" \/>\n<meta name=\"twitter:label1\" content=\"Dur\u00e9e de lecture estim\u00e9e\" \/>\n\t<meta name=\"twitter:data1\" content=\"2 minutes\" \/>\n<script type=\"application\/ld+json\" class=\"yoast-schema-graph\">{\"@context\":\"https:\\\/\\\/schema.org\",\"@graph\":[{\"@type\":\"WebPage\",\"@id\":\"http:\\\/\\\/nam-viet-voyage.com\\\/fr\\\/silk-path-hotel-hanoi\\\/\",\"url\":\"http:\\\/\\\/nam-viet-voyage.com\\\/fr\\\/silk-path-hotel-hanoi\\\/\",\"name\":\"Silk Path Hotel - Hanoi - Nam Viet Voyage\",\"isPartOf\":{\"@id\":\"https:\\\/\\\/nam-viet-voyage.com\\\/#website\"},\"datePublished\":\"2015-11-11T06:59:51+00:00\",\"dateModified\":\"2016-05-25T07:44:52+00:00\",\"description\":\"\u00c0 Hanoi, le Silk Path Hotel se d\u00e9marque par sa d\u00e9coration soign\u00e9e, son personnel aux petits soins et ses restaurants.\",\"breadcrumb\":{\"@id\":\"http:\\\/\\\/nam-viet-voyage.com\\\/fr\\\/silk-path-hotel-hanoi\\\/#breadcrumb\"},\"inLanguage\":\"fr-FR\",\"potentialAction\":[{\"@type\":\"ReadAction\",\"target\":[\"http:\\\/\\\/nam-viet-voyage.com\\\/fr\\\/silk-path-hotel-hanoi\\\/\"]}]},{\"@type\":\"BreadcrumbList\",\"@id\":\"http:\\\/\\\/nam-viet-voyage.com\\\/fr\\\/silk-path-hotel-hanoi\\\/#breadcrumb\",\"itemListElement\":[{\"@type\":\"ListItem\",\"position\":1,\"name\":\"Home\",\"item\":\"http:\\\/\\\/nam-viet-voyage.com\\\/fr\\\/\"},{\"@type\":\"ListItem\",\"position\":2,\"name\":\"Silk Path Hotel &#8211; Hanoi\"}]},{\"@type\":\"WebSite\",\"@id\":\"https:\\\/\\\/nam-viet-voyage.com\\\/#website\",\"url\":\"https:\\\/\\\/nam-viet-voyage.com\\\/\",\"name\":\"Nam Viet Voyage\",\"description\":\"Voyages en Asie du Sud-Est\",\"potentialAction\":[{\"@type\":\"SearchAction\",\"target\":{\"@type\":\"EntryPoint\",\"urlTemplate\":\"https:\\\/\\\/nam-viet-voyage.com\\\/?s={search_term_string}\"},\"query-input\":{\"@type\":\"PropertyValueSpecification\",\"valueRequired\":true,\"valueName\":\"search_term_string\"}}],\"inLanguage\":\"fr-FR\"}]}<\/script>\n<!-- \/ Yoast SEO plugin. -->","yoast_head_json":{"title":"Silk Path Hotel - Hanoi - Nam Viet Voyage","description":"\u00c0 Hanoi, le Silk Path Hotel se d\u00e9marque par sa d\u00e9coration soign\u00e9e, son personnel aux petits soins et ses restaurants.","robots":{"index":"index","follow":"follow","max-snippet":"max-snippet:-1","max-image-preview":"max-image-preview:large","max-video-preview":"max-video-preview:-1"},"canonical":"http:\/\/nam-viet-voyage.com\/fr\/silk-path-hotel-hanoi\/","og_locale":"fr_FR","og_type":"article","og_title":"Silk Path Hotel - Hanoi - Nam Viet Voyage","og_description":"\u00c0 Hanoi, le Silk Path Hotel se d\u00e9marque par sa d\u00e9coration soign\u00e9e, son personnel aux petits soins et ses restaurants.","og_url":"http:\/\/nam-viet-voyage.com\/fr\/silk-path-hotel-hanoi\/","og_site_name":"Nam Viet Voyage","article_publisher":"https:\/\/www.facebook.com\/NamVietVoyage","article_modified_time":"2016-05-25T07:44:52+00:00","twitter_card":"summary_large_image","twitter_site":"@NamVietVoyage","twitter_misc":{"Dur\u00e9e de lecture estim\u00e9e":"2 minutes"},"schema":{"@context":"https:\/\/schema.org","@graph":[{"@type":"WebPage","@id":"http:\/\/nam-viet-voyage.com\/fr\/silk-path-hotel-hanoi\/","url":"http:\/\/nam-viet-voyage.com\/fr\/silk-path-hotel-hanoi\/","name":"Silk Path Hotel - Hanoi - Nam Viet Voyage","isPartOf":{"@id":"https:\/\/nam-viet-voyage.com\/#website"},"datePublished":"2015-11-11T06:59:51+00:00","dateModified":"2016-05-25T07:44:52+00:00","description":"\u00c0 Hanoi, le Silk Path Hotel se d\u00e9marque par sa d\u00e9coration soign\u00e9e, son personnel aux petits soins et ses restaurants.","breadcrumb":{"@id":"http:\/\/nam-viet-voyage.com\/fr\/silk-path-hotel-hanoi\/#breadcrumb"},"inLanguage":"fr-FR","potentialAction":[{"@type":"ReadAction","target":["http:\/\/nam-viet-voyage.com\/fr\/silk-path-hotel-hanoi\/"]}]},{"@type":"BreadcrumbList","@id":"http:\/\/nam-viet-voyage.com\/fr\/silk-path-hotel-hanoi\/#breadcrumb","itemListElement":[{"@type":"ListItem","position":1,"name":"Home","item":"http:\/\/nam-viet-voyage.com\/fr\/"},{"@type":"ListItem","position":2,"name":"Silk Path Hotel &#8211; Hanoi"}]},{"@type":"WebSite","@id":"https:\/\/nam-viet-voyage.com\/#website","url":"https:\/\/nam-viet-voyage.com\/","name":"Nam Viet Voyage","description":"Voyages en Asie du Sud-Est","potentialAction":[{"@type":"SearchAction","target":{"@type":"EntryPoint","urlTemplate":"https:\/\/nam-viet-voyage.com\/?s={search_term_string}"},"query-input":{"@type":"PropertyValueSpecification","valueRequired":true,"valueName":"search_term_string"}}],"inLanguage":"fr-FR"}]}},"_links":{"self":[{"href":"https:\/\/nam-viet-voyage.com\/fr\/wp-json\/wp\/v2\/pages\/9483","targetHints":{"allow":["GET"]}}],"collection":[{"href":"https:\/\/nam-viet-voyage.com\/fr\/wp-json\/wp\/v2\/pages"}],"about":[{"href":"https:\/\/nam-viet-voyage.com\/fr\/wp-json\/wp\/v2\/types\/page"}],"author":[{"embeddable":true,"href":"https:\/\/nam-viet-voyage.com\/fr\/wp-json\/wp\/v2\/users\/5"}],"replies":[{"embeddable":true,"href":"https:\/\/nam-viet-voyage.com\/fr\/wp-json\/wp\/v2\/comments?post=9483"}],"version-history":[{"count":4,"href":"https:\/\/nam-viet-voyage.com\/fr\/wp-json\/wp\/v2\/pages\/9483\/revisions"}],"predecessor-version":[{"id":11177,"href":"https:\/\/nam-viet-voyage.com\/fr\/wp-json\/wp\/v2\/pages\/9483\/revisions\/11177"}],"wp:attachment":[{"href":"https:\/\/nam-viet-voyage.com\/fr\/wp-json\/wp\/v2\/media?parent=9483"}],"curies":[{"name":"wp","href":"https:\/\/api.w.org\/{rel}","templated":true}]}}