{"id":9150,"date":"2015-10-01T03:07:40","date_gmt":"2015-10-01T03:07:40","guid":{"rendered":"http:\/\/nam-viet-voyage.com\/?page_id=9150"},"modified":"2016-07-13T03:57:32","modified_gmt":"2016-07-13T03:57:32","slug":"tour-moto-7-districts","status":"publish","type":"page","link":"https:\/\/nam-viet-voyage.com\/fr\/tour-moto-7-districts\/","title":{"rendered":"Tour moto : Les 7 Districts"},"content":{"rendered":"<section class=\"l-section wpb_row height_medium\"><div class=\"l-section-h i-cf\"><div class=\"g-cols offset_small\"><div class=\" one-quarter\">[vc_wp_custommenu nav_menu=\u00a0\u00bb354&Prime; title=\u00a0\u00bbLes Tours Moto\u00a0\u00bb]<div class=\"w-iconbox iconpos_top size_small style_outlined color_primary\"><div class=\"w-iconbox-icon\"><i class=\"fa fa-phone\"><\/i><\/div><div class=\"w-iconbox-text\">+84 (0) 903024449<\/div><\/div>[vc_empty_space height=\u00a0\u00bb20px\u00a0\u00bb]<div class=\"w-iconbox iconpos_top size_small style_outlined color_primary\"><div class=\"w-iconbox-icon\"><i class=\"fa fa-envelope-o\"><\/i><\/div><div class=\"w-iconbox-text\">&#x6d;&#111;t&#x6f;&#x74;ou&#x72;&#64;n&#x61;&#x6d;-v&#x69;&#101;t&#x2d;&#x76;&#111;y&#x61;&#x67;e&#x2e;&#x63;&#111;m<\/div><\/div><\/div><div class=\" three-quarters\">[vc_custom_heading text=\u00a0\u00bbLes 7 districts\u00a0\u00bb font_container=\u00a0\u00bbtag:h2|text_align:center\u00a0\u00bb google_fonts=\u00a0\u00bbfont_family:Nothing%20You%20Could%20Do%3Aregular|font_style:400%20regular%3A400%3Anormal\u00a0\u00bb]<div class=\"wpb_text_column \"><div class=\"wpb_wrapper\">\n<div style=\"text-align: center;\"><iframe loading=\"lazy\" src=\"https:\/\/www.youtube.com\/embed\/2TA6kSeddDY\" width=\"600\" height=\"350\" frameborder=\"0\" allowfullscreen=\"allowfullscreen\"><\/iframe><\/div>\n<\/div> <\/div> [vc_empty_space height=\u00a0\u00bb40px\u00a0\u00bb]<div class=\"wpb_text_column \"><div class=\"wpb_wrapper\"><strong>Horaires du matin :<\/strong> 09:00 \u2013 13:00<\/p>\n<p><strong>Horaires de l\u2019apr\u00e8s-midi :<\/strong> 13:00 \u2013 17:00<\/p>\n<p><strong>Inclus :<\/strong> Chauffeur-guide, casque, assurance accident, bouteille d\u2019eau, 1 caf\u00e9 vietnamien.<\/p>\n<p><strong>Exclus :<\/strong> Pourboires aux chauffeurs selon votre discr\u00e9tion, repas (d\u00e9jeuner ou d\u00eener), toute autre boisson non comprise dans le tour.<\/p>\n<p><strong>Programme :<\/strong><\/p>\n<p>Ce tour moto vous emm\u00e8nera \u00e0 travers les diff\u00e9rentes atmosph\u00e8res des 7 districts les plus populaires de Saigon. Chacun d\u2019entre eux a ses particularit\u00e9s, que vous d\u00e9couvrirez au fil des visites et qui, nous l\u2019esp\u00e9rons, vous marqueront \u00e0 jamais.<\/p>\n<p>L\u2019itin\u00e9raire de ce tour moto comprend tout autant des endroits incontournables de la ville comme la cath\u00e9drale, la poste centrale ou encore le fameux op\u00e9ra, que des quartiers beaucoup plus populaires, o\u00f9 la vie locale bat son plein. L\u2019odeur de l\u2019encens, le go\u00fbt du caf\u00e9, le cri des marchands ambulants, les superbes couleurs du march\u00e9 aux fleurs, les textures des tissus\u00a0: tous vos sens seront en \u00e9bullition.<\/p>\n<p>Apr\u00e8s le tour, nous vous orienterons vers les meilleurs restaurants de la ville. Qu\u2019il s\u2019agisse de cuisine locale, occidentale, thai, ou encore nippone, nous avons tout go\u00fbt\u00e9\u00a0! Selon votre budget et vos pr\u00e9f\u00e9rences, nous saurons vous conseiller.<\/p>\n<\/div> <\/div> <div class=\"w-image  align_center\"><img loading=\"lazy\" decoding=\"async\" width=\"800\" height=\"541\" src=\"https:\/\/nam-viet-voyage.com\/wp-content\/uploads\/2015\/10\/saigon-7-districts.jpg\" class=\"attachment-full size-full\" alt=\"Polaroids avec images du tour Saigon 7 Districts\" srcset=\"https:\/\/nam-viet-voyage.com\/wp-content\/uploads\/2015\/10\/saigon-7-districts.jpg 800w, https:\/\/nam-viet-voyage.com\/wp-content\/uploads\/2015\/10\/saigon-7-districts-300x203.jpg 300w, https:\/\/nam-viet-voyage.com\/wp-content\/uploads\/2015\/10\/saigon-7-districts-600x406.jpg 600w, https:\/\/nam-viet-voyage.com\/wp-content\/uploads\/2015\/10\/saigon-7-districts-150x101.jpg 150w, https:\/\/nam-viet-voyage.com\/wp-content\/uploads\/2015\/10\/saigon-7-districts-296x200.jpg 296w\" sizes=\"auto, (max-width: 800px) 100vw, 800px\" \/><\/div><\/div><\/div><\/div><\/section>\n<p><a href=\"\/\/www.pinterest.com\/pin\/create\/button\/\" data-pin-do=\"buttonBookmark\" data-pin-color=\"red\" data-pin-height=\"128\"><img decoding=\"async\" src=\"\/\/assets.pinterest.com\/images\/pidgets\/pinit_fg_en_rect_red_28.png\" \/><\/a><\/p>","protected":false},"excerpt":{"rendered":"[vc_wp_custommenu nav_menu=\"354\" title=\"Les Tours Moto\"]+84 (0) 903024449[vc_empty_space height=\"20px\"]&#x6d;&#111;t&#x6f;&#x74;&#111;u&#x72;&#x40;&#110;a&#x6d;&#x2d;&#118;i&#x65;&#x74;&#45;v&#x6f;&#x79;&#97;g&#x65;&#x2e;&#99;o&#x6d;[vc_custom_heading text=\"Les 7 districts\" font_container=\"tag:h2|text_align:center\" google_fonts=\"font_family:Nothing%20You%20Could%20Do%3Aregular|font_style:400%20regular%3A400%3Anormal\"] [vc_empty_space height=\"40px\"]Horaires du matin : 09:00 \u2013 13:00 Horaires de l\u2019apr\u00e8s-midi : 13:00 \u2013 17:00 Inclus :...","protected":false},"author":5,"featured_media":9407,"parent":0,"menu_order":0,"comment_status":"closed","ping_status":"closed","template":"","meta":{"_crdt_document":"","footnotes":""},"class_list":["post-9150","page","type-page","status-publish","has-post-thumbnail","hentry"],"yoast_head":"<!-- This site is optimized with the Yoast SEO plugin v26.9 - https:\/\/yoast.com\/product\/yoast-seo-wordpress\/ -->\n<title>Tour moto : Les 7 Districts - Nam Viet Voyage<\/title>\n<meta name=\"description\" content=\"Bien install\u00e9 \u00e0 l&#039;arri\u00e8re de votre moto, faites le tour des 7 districts les plus populaires de Saigon, et d\u00e9couvrez les meilleurs endroits de la ville !\" \/>\n<meta name=\"robots\" content=\"index, follow, max-snippet:-1, max-image-preview:large, max-video-preview:-1\" \/>\n<link rel=\"canonical\" href=\"https:\/\/nam-viet-voyage.com\/fr\/tour-moto-7-districts\/\" \/>\n<meta property=\"og:locale\" content=\"fr_FR\" \/>\n<meta property=\"og:type\" content=\"article\" \/>\n<meta property=\"og:title\" content=\"Tour moto : Les 7 Districts - Nam Viet Voyage\" \/>\n<meta property=\"og:description\" content=\"Bien install\u00e9 \u00e0 l&#039;arri\u00e8re de votre moto, faites le tour des 7 districts les plus populaires de Saigon, et d\u00e9couvrez les meilleurs endroits de la ville !\" \/>\n<meta property=\"og:url\" content=\"https:\/\/nam-viet-voyage.com\/fr\/tour-moto-7-districts\/\" \/>\n<meta property=\"og:site_name\" content=\"Nam Viet Voyage\" \/>\n<meta property=\"article:publisher\" content=\"https:\/\/www.facebook.com\/NamVietVoyage\" \/>\n<meta property=\"article:modified_time\" content=\"2016-07-13T03:57:32+00:00\" \/>\n<meta property=\"og:image\" content=\"https:\/\/nam-viet-voyage.com\/wp-content\/uploads\/2015\/10\/saigon-7-districts-fb.jpg\" \/>\n\t<meta property=\"og:image:width\" content=\"1200\" \/>\n\t<meta property=\"og:image:height\" content=\"627\" \/>\n\t<meta property=\"og:image:type\" content=\"image\/jpeg\" \/>\n<meta name=\"twitter:card\" content=\"summary_large_image\" \/>\n<meta name=\"twitter:site\" content=\"@NamVietVoyage\" \/>\n<meta name=\"twitter:label1\" content=\"Dur\u00e9e de lecture estim\u00e9e\" \/>\n\t<meta name=\"twitter:data1\" content=\"2 minutes\" \/>\n<script type=\"application\/ld+json\" class=\"yoast-schema-graph\">{\"@context\":\"https:\/\/schema.org\",\"@graph\":[{\"@type\":\"WebPage\",\"@id\":\"https:\/\/nam-viet-voyage.com\/fr\/tour-moto-7-districts\/\",\"url\":\"https:\/\/nam-viet-voyage.com\/fr\/tour-moto-7-districts\/\",\"name\":\"Tour moto : Les 7 Districts - Nam Viet Voyage\",\"isPartOf\":{\"@id\":\"https:\/\/nam-viet-voyage.com\/#website\"},\"primaryImageOfPage\":{\"@id\":\"https:\/\/nam-viet-voyage.com\/fr\/tour-moto-7-districts\/#primaryimage\"},\"image\":{\"@id\":\"https:\/\/nam-viet-voyage.com\/fr\/tour-moto-7-districts\/#primaryimage\"},\"thumbnailUrl\":\"https:\/\/nam-viet-voyage.com\/wp-content\/uploads\/2015\/10\/saigon-7-districts-fb.jpg\",\"datePublished\":\"2015-10-01T03:07:40+00:00\",\"dateModified\":\"2016-07-13T03:57:32+00:00\",\"description\":\"Bien install\u00e9 \u00e0 l'arri\u00e8re de votre moto, faites le tour des 7 districts les plus populaires de Saigon, et d\u00e9couvrez les meilleurs endroits de la ville !\",\"breadcrumb\":{\"@id\":\"https:\/\/nam-viet-voyage.com\/fr\/tour-moto-7-districts\/#breadcrumb\"},\"inLanguage\":\"fr-FR\",\"potentialAction\":[{\"@type\":\"ReadAction\",\"target\":[\"https:\/\/nam-viet-voyage.com\/fr\/tour-moto-7-districts\/\"]}]},{\"@type\":\"ImageObject\",\"inLanguage\":\"fr-FR\",\"@id\":\"https:\/\/nam-viet-voyage.com\/fr\/tour-moto-7-districts\/#primaryimage\",\"url\":\"https:\/\/nam-viet-voyage.com\/wp-content\/uploads\/2015\/10\/saigon-7-districts-fb.jpg\",\"contentUrl\":\"https:\/\/nam-viet-voyage.com\/wp-content\/uploads\/2015\/10\/saigon-7-districts-fb.jpg\",\"width\":1200,\"height\":627},{\"@type\":\"BreadcrumbList\",\"@id\":\"https:\/\/nam-viet-voyage.com\/fr\/tour-moto-7-districts\/#breadcrumb\",\"itemListElement\":[{\"@type\":\"ListItem\",\"position\":1,\"name\":\"Home\",\"item\":\"https:\/\/nam-viet-voyage.com\/fr\/sample-page-2\/\"},{\"@type\":\"ListItem\",\"position\":2,\"name\":\"Tour moto : Les 7 Districts\"}]},{\"@type\":\"WebSite\",\"@id\":\"https:\/\/nam-viet-voyage.com\/#website\",\"url\":\"https:\/\/nam-viet-voyage.com\/\",\"name\":\"Nam Viet Voyage\",\"description\":\"Voyages en Asie du Sud-Est\",\"potentialAction\":[{\"@type\":\"SearchAction\",\"target\":{\"@type\":\"EntryPoint\",\"urlTemplate\":\"https:\/\/nam-viet-voyage.com\/?s={search_term_string}\"},\"query-input\":{\"@type\":\"PropertyValueSpecification\",\"valueRequired\":true,\"valueName\":\"search_term_string\"}}],\"inLanguage\":\"fr-FR\"}]}<\/script>\n<!-- \/ Yoast SEO plugin. -->","yoast_head_json":{"title":"Tour moto : Les 7 Districts - Nam Viet Voyage","description":"Bien install\u00e9 \u00e0 l'arri\u00e8re de votre moto, faites le tour des 7 districts les plus populaires de Saigon, et d\u00e9couvrez les meilleurs endroits de la ville !","robots":{"index":"index","follow":"follow","max-snippet":"max-snippet:-1","max-image-preview":"max-image-preview:large","max-video-preview":"max-video-preview:-1"},"canonical":"https:\/\/nam-viet-voyage.com\/fr\/tour-moto-7-districts\/","og_locale":"fr_FR","og_type":"article","og_title":"Tour moto : Les 7 Districts - Nam Viet Voyage","og_description":"Bien install\u00e9 \u00e0 l'arri\u00e8re de votre moto, faites le tour des 7 districts les plus populaires de Saigon, et d\u00e9couvrez les meilleurs endroits de la ville !","og_url":"https:\/\/nam-viet-voyage.com\/fr\/tour-moto-7-districts\/","og_site_name":"Nam Viet Voyage","article_publisher":"https:\/\/www.facebook.com\/NamVietVoyage","article_modified_time":"2016-07-13T03:57:32+00:00","og_image":[{"width":1200,"height":627,"url":"https:\/\/nam-viet-voyage.com\/wp-content\/uploads\/2015\/10\/saigon-7-districts-fb.jpg","type":"image\/jpeg"}],"twitter_card":"summary_large_image","twitter_site":"@NamVietVoyage","twitter_misc":{"Dur\u00e9e de lecture estim\u00e9e":"2 minutes"},"schema":{"@context":"https:\/\/schema.org","@graph":[{"@type":"WebPage","@id":"https:\/\/nam-viet-voyage.com\/fr\/tour-moto-7-districts\/","url":"https:\/\/nam-viet-voyage.com\/fr\/tour-moto-7-districts\/","name":"Tour moto : Les 7 Districts - Nam Viet Voyage","isPartOf":{"@id":"https:\/\/nam-viet-voyage.com\/#website"},"primaryImageOfPage":{"@id":"https:\/\/nam-viet-voyage.com\/fr\/tour-moto-7-districts\/#primaryimage"},"image":{"@id":"https:\/\/nam-viet-voyage.com\/fr\/tour-moto-7-districts\/#primaryimage"},"thumbnailUrl":"https:\/\/nam-viet-voyage.com\/wp-content\/uploads\/2015\/10\/saigon-7-districts-fb.jpg","datePublished":"2015-10-01T03:07:40+00:00","dateModified":"2016-07-13T03:57:32+00:00","description":"Bien install\u00e9 \u00e0 l'arri\u00e8re de votre moto, faites le tour des 7 districts les plus populaires de Saigon, et d\u00e9couvrez les meilleurs endroits de la ville !","breadcrumb":{"@id":"https:\/\/nam-viet-voyage.com\/fr\/tour-moto-7-districts\/#breadcrumb"},"inLanguage":"fr-FR","potentialAction":[{"@type":"ReadAction","target":["https:\/\/nam-viet-voyage.com\/fr\/tour-moto-7-districts\/"]}]},{"@type":"ImageObject","inLanguage":"fr-FR","@id":"https:\/\/nam-viet-voyage.com\/fr\/tour-moto-7-districts\/#primaryimage","url":"https:\/\/nam-viet-voyage.com\/wp-content\/uploads\/2015\/10\/saigon-7-districts-fb.jpg","contentUrl":"https:\/\/nam-viet-voyage.com\/wp-content\/uploads\/2015\/10\/saigon-7-districts-fb.jpg","width":1200,"height":627},{"@type":"BreadcrumbList","@id":"https:\/\/nam-viet-voyage.com\/fr\/tour-moto-7-districts\/#breadcrumb","itemListElement":[{"@type":"ListItem","position":1,"name":"Home","item":"https:\/\/nam-viet-voyage.com\/fr\/sample-page-2\/"},{"@type":"ListItem","position":2,"name":"Tour moto : Les 7 Districts"}]},{"@type":"WebSite","@id":"https:\/\/nam-viet-voyage.com\/#website","url":"https:\/\/nam-viet-voyage.com\/","name":"Nam Viet Voyage","description":"Voyages en Asie du Sud-Est","potentialAction":[{"@type":"SearchAction","target":{"@type":"EntryPoint","urlTemplate":"https:\/\/nam-viet-voyage.com\/?s={search_term_string}"},"query-input":{"@type":"PropertyValueSpecification","valueRequired":true,"valueName":"search_term_string"}}],"inLanguage":"fr-FR"}]}},"_links":{"self":[{"href":"https:\/\/nam-viet-voyage.com\/fr\/wp-json\/wp\/v2\/pages\/9150","targetHints":{"allow":["GET"]}}],"collection":[{"href":"https:\/\/nam-viet-voyage.com\/fr\/wp-json\/wp\/v2\/pages"}],"about":[{"href":"https:\/\/nam-viet-voyage.com\/fr\/wp-json\/wp\/v2\/types\/page"}],"author":[{"embeddable":true,"href":"https:\/\/nam-viet-voyage.com\/fr\/wp-json\/wp\/v2\/users\/5"}],"replies":[{"embeddable":true,"href":"https:\/\/nam-viet-voyage.com\/fr\/wp-json\/wp\/v2\/comments?post=9150"}],"version-history":[{"count":15,"href":"https:\/\/nam-viet-voyage.com\/fr\/wp-json\/wp\/v2\/pages\/9150\/revisions"}],"predecessor-version":[{"id":11409,"href":"https:\/\/nam-viet-voyage.com\/fr\/wp-json\/wp\/v2\/pages\/9150\/revisions\/11409"}],"wp:featuredmedia":[{"embeddable":true,"href":"https:\/\/nam-viet-voyage.com\/fr\/wp-json\/wp\/v2\/media\/9407"}],"wp:attachment":[{"href":"https:\/\/nam-viet-voyage.com\/fr\/wp-json\/wp\/v2\/media?parent=9150"}],"curies":[{"name":"wp","href":"https:\/\/api.w.org\/{rel}","templated":true}]}}