{"id":9141,"date":"2015-10-01T02:08:23","date_gmt":"2015-10-01T02:08:23","guid":{"rendered":"http:\/\/nam-viet-voyage.com\/?page_id=9141"},"modified":"2016-05-25T07:44:53","modified_gmt":"2016-05-25T07:44:53","slug":"tours-moto-saigon","status":"publish","type":"page","link":"https:\/\/nam-viet-voyage.com\/fr\/tours-moto-saigon\/","title":{"rendered":"Tours Moto"},"content":{"rendered":"<section class=\"l-section wpb_row height_medium\"><div class=\"l-section-h i-cf\"><div class=\"g-cols offset_small\"><div class=\" one-quarter\">[vc_wp_custommenu nav_menu=\u00a0\u00bb354&Prime; title=\u00a0\u00bbLes Tours Moto\u00a0\u00bb]<div class=\"w-iconbox iconpos_top size_small style_outlined color_primary\"><div class=\"w-iconbox-icon\"><i class=\"fa fa-phone\"><\/i><\/div><div class=\"w-iconbox-text\">+84 (0) 903024449<\/div><\/div>[vc_empty_space height=\u00a0\u00bb20px\u00a0\u00bb]<div class=\"w-iconbox iconpos_top size_small style_outlined color_primary\"><div class=\"w-iconbox-icon\"><i class=\"fa fa-envelope-o\"><\/i><\/div><div class=\"w-iconbox-text\">m&#x6f;&#x74;o&#116;&#x6f;&#x75;r&#64;&#x6e;am&#x2d;&#x76;i&#101;&#x74;-v&#x6f;&#x79;a&#103;&#x65;&#x2e;c&#x6f;&#x6d;<\/div><\/div><\/div><div class=\" three-quarters\">[vc_custom_heading text=\u00a0\u00bbThe Saigon Moto Tour\u00a0\u00bb font_container=\u00a0\u00bbtag:h2|text_align:center\u00a0\u00bb google_fonts=\u00a0\u00bbfont_family:Nothing%20You%20Could%20Do%3Aregular|font_style:400%20regular%3A400%3Anormal\u00a0\u00bb]<div class=\"wpb_text_column \"><div class=\"wpb_wrapper\">\n<div style=\"text-align: center;\"><iframe loading=\"lazy\" src=\"https:\/\/www.youtube.com\/embed\/2TA6kSeddDY\" width=\"600\" height=\"350\" frameborder=\"0\" allowfullscreen=\"allowfullscreen\"><\/iframe><\/div>\n<div style=\"text-align: center;\"><\/div>\n<div style=\"text-align: center;\"><\/div>\n<\/div> <\/div> [vc_empty_space height=\u00a0\u00bb20px\u00a0\u00bb]<div class=\"wpb_text_column \"><div class=\"wpb_wrapper\"><p>Nam Viet Voyage est une agence de voyages bas\u00e9e \u00e0 H\u00f4 Chi Minh-Ville. Notre double culture, europ\u00e9enne et vietnamienne, nous permet d\u2019avoir une connaissance exhaustive de la ville et de ses coins les plus int\u00e9ressants. C\u2019est pourquoi nous avons mis en place diff\u00e9rents tours moto ainsi que des tours v\u00e9los\u00a0: pour vous emmener dans des lieux surprenants, que personne d\u2019autre ne pourrait vous montrer \u00e0 Saigon. Utilisez notre menu pour d\u00e9couvrir les diff\u00e9rents tours que nous vous proposons.<\/p>\n<p style=\"text-align: center;\"><strong>Ne visitez pas Saigon, vivez-le\u00a0!<\/strong><\/p>\n<\/p><\/div> <\/div> [vc_empty_space]<div class=\"wpb_text_column \"><div class=\"wpb_wrapper\"><strong>Les points forts de nos tours\u00a0:<\/strong><\/p>\n<p>Notre tour dans la campagne sa\u00efgonnaise, \u00e0 seulement 20 minutes du centre : \u00e0 la d\u00e9couverte de la face cach\u00e9e de la ville, un joyau de nature dont personne ne connait l\u2019existence, et que nous sommes les seuls \u00e0 proposer.<\/p>\n<p>Nos chauffeurs\u00a0: Nous recrutons essentiellement des \u00e9tudiants en langues \u00e9trang\u00e8res, qui choisissent de faire ce m\u00e9tier pour financer leurs \u00e9tudes, mais aussi pour pratiquer avec des \u00e9trangers et pour faire d\u00e9couvrir leur ville et leurs traditions.<\/div> <\/div> <\/div><\/div><\/div><\/section>\n<p><a href=\"\/\/www.pinterest.com\/pin\/create\/button\/\" data-pin-do=\"buttonBookmark\" data-pin-color=\"red\" data-pin-height=\"128\"><img decoding=\"async\" src=\"\/\/assets.pinterest.com\/images\/pidgets\/pinit_fg_en_rect_red_28.png\" \/><\/a><\/p>","protected":false},"excerpt":{"rendered":"[vc_wp_custommenu nav_menu=\"354\" title=\"Les Tours Moto\"]+84 (0) 903024449[vc_empty_space height=\"20px\"]m&#x6f;t&#111;&#x74;o&#x75;&#x72;&#64;&#x6e;a&#109;&#x2d;v&#105;&#x65;t&#x2d;v&#111;&#x79;a&#103;&#x65;.&#x63;&#x6f;m[vc_custom_heading text=\"The Saigon Moto Tour\" font_container=\"tag:h2|text_align:center\" google_fonts=\"font_family:Nothing%20You%20Could%20Do%3Aregular|font_style:400%20regular%3A400%3Anormal\"] [vc_empty_space height=\"20px\"]Nam Viet Voyage est une agence de voyages bas\u00e9e \u00e0 H\u00f4 Chi Minh-Ville. Notre double...","protected":false},"author":5,"featured_media":0,"parent":0,"menu_order":0,"comment_status":"closed","ping_status":"closed","template":"","meta":{"_crdt_document":"","footnotes":""},"class_list":["post-9141","page","type-page","status-publish","hentry"],"yoast_head":"<!-- This site is optimized with the Yoast SEO plugin v26.9 - https:\/\/yoast.com\/product\/yoast-seo-wordpress\/ -->\n<title>Tours Moto - Nam Viet Voyage<\/title>\n<meta name=\"description\" content=\"D\u00e9couvrez nos tours moto \u00e0 Saigon, pour une exp\u00e9rience originale de la ville !\" \/>\n<meta name=\"robots\" content=\"index, follow, max-snippet:-1, max-image-preview:large, max-video-preview:-1\" \/>\n<link rel=\"canonical\" href=\"http:\/\/nam-viet-voyage.com\/fr\/tours-moto-saigon\/\" \/>\n<meta property=\"og:locale\" content=\"fr_FR\" \/>\n<meta property=\"og:type\" content=\"article\" \/>\n<meta property=\"og:title\" content=\"Tours Moto - Nam Viet Voyage\" \/>\n<meta property=\"og:description\" content=\"D\u00e9couvrez nos tours moto \u00e0 Saigon, pour une exp\u00e9rience originale de la ville !\" \/>\n<meta property=\"og:url\" content=\"http:\/\/nam-viet-voyage.com\/fr\/tours-moto-saigon\/\" \/>\n<meta property=\"og:site_name\" content=\"Nam Viet Voyage\" \/>\n<meta property=\"article:publisher\" content=\"https:\/\/www.facebook.com\/NamVietVoyage\" \/>\n<meta property=\"article:modified_time\" content=\"2016-05-25T07:44:53+00:00\" \/>\n<meta name=\"twitter:card\" content=\"summary_large_image\" \/>\n<meta name=\"twitter:site\" content=\"@NamVietVoyage\" \/>\n<meta name=\"twitter:label1\" content=\"Dur\u00e9e de lecture estim\u00e9e\" \/>\n\t<meta name=\"twitter:data1\" content=\"1 minute\" \/>\n<script type=\"application\/ld+json\" class=\"yoast-schema-graph\">{\"@context\":\"https:\/\/schema.org\",\"@graph\":[{\"@type\":\"WebPage\",\"@id\":\"http:\/\/nam-viet-voyage.com\/fr\/tours-moto-saigon\/\",\"url\":\"http:\/\/nam-viet-voyage.com\/fr\/tours-moto-saigon\/\",\"name\":\"Tours Moto - Nam Viet Voyage\",\"isPartOf\":{\"@id\":\"http:\/\/nam-viet-voyage.com\/fr\/#website\"},\"datePublished\":\"2015-10-01T02:08:23+00:00\",\"dateModified\":\"2016-05-25T07:44:53+00:00\",\"description\":\"D\u00e9couvrez nos tours moto \u00e0 Saigon, pour une exp\u00e9rience originale de la ville !\",\"breadcrumb\":{\"@id\":\"http:\/\/nam-viet-voyage.com\/fr\/tours-moto-saigon\/#breadcrumb\"},\"inLanguage\":\"fr-FR\",\"potentialAction\":[{\"@type\":\"ReadAction\",\"target\":[\"http:\/\/nam-viet-voyage.com\/fr\/tours-moto-saigon\/\"]}]},{\"@type\":\"BreadcrumbList\",\"@id\":\"http:\/\/nam-viet-voyage.com\/fr\/tours-moto-saigon\/#breadcrumb\",\"itemListElement\":[{\"@type\":\"ListItem\",\"position\":1,\"name\":\"Home\",\"item\":\"http:\/\/nam-viet-voyage.com\/fr\/\"},{\"@type\":\"ListItem\",\"position\":2,\"name\":\"Tours Moto\"}]},{\"@type\":\"WebSite\",\"@id\":\"http:\/\/nam-viet-voyage.com\/fr\/#website\",\"url\":\"http:\/\/nam-viet-voyage.com\/fr\/\",\"name\":\"Nam Viet Voyage\",\"description\":\"Voyages en Asie du Sud-Est\",\"potentialAction\":[{\"@type\":\"SearchAction\",\"target\":{\"@type\":\"EntryPoint\",\"urlTemplate\":\"http:\/\/nam-viet-voyage.com\/fr\/?s={search_term_string}\"},\"query-input\":{\"@type\":\"PropertyValueSpecification\",\"valueRequired\":true,\"valueName\":\"search_term_string\"}}],\"inLanguage\":\"fr-FR\"}]}<\/script>\n<!-- \/ Yoast SEO plugin. -->","yoast_head_json":{"title":"Tours Moto - Nam Viet Voyage","description":"D\u00e9couvrez nos tours moto \u00e0 Saigon, pour une exp\u00e9rience originale de la ville !","robots":{"index":"index","follow":"follow","max-snippet":"max-snippet:-1","max-image-preview":"max-image-preview:large","max-video-preview":"max-video-preview:-1"},"canonical":"http:\/\/nam-viet-voyage.com\/fr\/tours-moto-saigon\/","og_locale":"fr_FR","og_type":"article","og_title":"Tours Moto - Nam Viet Voyage","og_description":"D\u00e9couvrez nos tours moto \u00e0 Saigon, pour une exp\u00e9rience originale de la ville !","og_url":"http:\/\/nam-viet-voyage.com\/fr\/tours-moto-saigon\/","og_site_name":"Nam Viet Voyage","article_publisher":"https:\/\/www.facebook.com\/NamVietVoyage","article_modified_time":"2016-05-25T07:44:53+00:00","twitter_card":"summary_large_image","twitter_site":"@NamVietVoyage","twitter_misc":{"Dur\u00e9e de lecture estim\u00e9e":"1 minute"},"schema":{"@context":"https:\/\/schema.org","@graph":[{"@type":"WebPage","@id":"http:\/\/nam-viet-voyage.com\/fr\/tours-moto-saigon\/","url":"http:\/\/nam-viet-voyage.com\/fr\/tours-moto-saigon\/","name":"Tours Moto - Nam Viet Voyage","isPartOf":{"@id":"http:\/\/nam-viet-voyage.com\/fr\/#website"},"datePublished":"2015-10-01T02:08:23+00:00","dateModified":"2016-05-25T07:44:53+00:00","description":"D\u00e9couvrez nos tours moto \u00e0 Saigon, pour une exp\u00e9rience originale de la ville !","breadcrumb":{"@id":"http:\/\/nam-viet-voyage.com\/fr\/tours-moto-saigon\/#breadcrumb"},"inLanguage":"fr-FR","potentialAction":[{"@type":"ReadAction","target":["http:\/\/nam-viet-voyage.com\/fr\/tours-moto-saigon\/"]}]},{"@type":"BreadcrumbList","@id":"http:\/\/nam-viet-voyage.com\/fr\/tours-moto-saigon\/#breadcrumb","itemListElement":[{"@type":"ListItem","position":1,"name":"Home","item":"http:\/\/nam-viet-voyage.com\/fr\/"},{"@type":"ListItem","position":2,"name":"Tours Moto"}]},{"@type":"WebSite","@id":"http:\/\/nam-viet-voyage.com\/fr\/#website","url":"http:\/\/nam-viet-voyage.com\/fr\/","name":"Nam Viet Voyage","description":"Voyages en Asie du Sud-Est","potentialAction":[{"@type":"SearchAction","target":{"@type":"EntryPoint","urlTemplate":"http:\/\/nam-viet-voyage.com\/fr\/?s={search_term_string}"},"query-input":{"@type":"PropertyValueSpecification","valueRequired":true,"valueName":"search_term_string"}}],"inLanguage":"fr-FR"}]}},"_links":{"self":[{"href":"https:\/\/nam-viet-voyage.com\/fr\/wp-json\/wp\/v2\/pages\/9141","targetHints":{"allow":["GET"]}}],"collection":[{"href":"https:\/\/nam-viet-voyage.com\/fr\/wp-json\/wp\/v2\/pages"}],"about":[{"href":"https:\/\/nam-viet-voyage.com\/fr\/wp-json\/wp\/v2\/types\/page"}],"author":[{"embeddable":true,"href":"https:\/\/nam-viet-voyage.com\/fr\/wp-json\/wp\/v2\/users\/5"}],"replies":[{"embeddable":true,"href":"https:\/\/nam-viet-voyage.com\/fr\/wp-json\/wp\/v2\/comments?post=9141"}],"version-history":[{"count":13,"href":"https:\/\/nam-viet-voyage.com\/fr\/wp-json\/wp\/v2\/pages\/9141\/revisions"}],"predecessor-version":[{"id":11216,"href":"https:\/\/nam-viet-voyage.com\/fr\/wp-json\/wp\/v2\/pages\/9141\/revisions\/11216"}],"wp:attachment":[{"href":"https:\/\/nam-viet-voyage.com\/fr\/wp-json\/wp\/v2\/media?parent=9141"}],"curies":[{"name":"wp","href":"https:\/\/api.w.org\/{rel}","templated":true}]}}