{"id":6806,"date":"2015-03-26T10:05:59","date_gmt":"2015-03-26T10:05:59","guid":{"rendered":"http:\/\/nam-viet-voyage.com\/?page_id=6806"},"modified":"2016-05-25T07:45:01","modified_gmt":"2016-05-25T07:45:01","slug":"destinations","status":"publish","type":"page","link":"https:\/\/nam-viet-voyage.com\/fr\/destinations\/","title":{"rendered":"Destinations"},"content":{"rendered":"<section class=\"l-section wpb_row height_medium\"><div class=\"l-section-h i-cf\"><div class=\"g-cols offset_small\"><div class=\" full-width\"><div class=\"wpb_text_column \"><div class=\"wpb_wrapper\">\n<h3 style=\"text-align: center;\">D\u00e9couvrez notre s\u00e9lection de sites au Vietnam, Cambodge et Laos<\/h3>\n<\/div> <\/div> <\/div><\/div><\/div><\/section><section class=\"l-section wpb_row height_medium\"><div class=\"l-section-h i-cf\"><div class=\"g-cols offset_small\"><div class=\" full-width\">[vc_empty_space height=\u00a0\u00bb30&Prime;]<\/div><\/div><\/div><\/section><section class=\"l-section wpb_row height_medium\"><div class=\"l-section-h i-cf\"><div class=\"g-cols offset_small\"><div class=\" full-width\"><div class=\"w-tabs layout_default icon_chevron iconpos_right \"><div class=\"w-tabs-list items_6\"><div class=\"w-tabs-list-h\"><div class=\"w-tabs-item active\"><div class=\"w-tabs-item-h\"><span class=\"w-tabs-item-title\">Vietnam Nord<\/span><\/div><\/div>\n<div class=\"w-tabs-item\"><div class=\"w-tabs-item-h\"><span class=\"w-tabs-item-title\">Vietnam Centre<\/span><\/div><\/div>\n<div class=\"w-tabs-item\"><div class=\"w-tabs-item-h\"><span class=\"w-tabs-item-title\">Vietnam Sud<\/span><\/div><\/div>\n<div class=\"w-tabs-item\"><div class=\"w-tabs-item-h\"><span class=\"w-tabs-item-title\">Cambodge<\/span><\/div><\/div>\n<div class=\"w-tabs-item\"><div class=\"w-tabs-item-h\"><span class=\"w-tabs-item-title\">Laos<\/span><\/div><\/div>\n<div class=\"w-tabs-item\"><div class=\"w-tabs-item-h\"><span class=\"w-tabs-item-title\">Les belles plages<\/span><\/div><\/div>\n<\/div><\/div><div class=\"w-tabs-sections\"><div class=\"w-tabs-sections-h\"><div class=\"w-tabs-section active\"><div class=\"w-tabs-section-header\"><div class=\"w-tabs-section-header-h\"><h5 class=\"w-tabs-section-title\">Vietnam Nord<\/h5><div class=\"w-tabs-section-control\"><\/div><\/div><\/div><div class=\"w-tabs-section-content\"><div class=\"w-tabs-section-content-h i-cf\"><div class=\"g-cols wpb_row offset_small vc_inner \"><div class=\" one-half\"><div class=\"wpb_text_column \"><div class=\"wpb_wrapper\"><a href=\"http:\/\/nam-viet-voyage.com\/hanoi\/\"><img loading=\"lazy\" decoding=\"async\" class=\"aligncenter wp-image-6822\" src=\"http:\/\/nam-viet-voyage.com\/wp-content\/uploads\/2015\/03\/essentiel-vietnam-nord.png\" alt=\"essentiel-vietnam-nord\" width=\"230\" height=\"285\" srcset=\"https:\/\/nam-viet-voyage.com\/wp-content\/uploads\/2015\/03\/essentiel-vietnam-nord.png 297w, https:\/\/nam-viet-voyage.com\/wp-content\/uploads\/2015\/03\/essentiel-vietnam-nord-242x300.png 242w, https:\/\/nam-viet-voyage.com\/wp-content\/uploads\/2015\/03\/essentiel-vietnam-nord-150x186.png 150w, https:\/\/nam-viet-voyage.com\/wp-content\/uploads\/2015\/03\/essentiel-vietnam-nord-161x200.png 161w\" sizes=\"auto, (max-width: 230px) 100vw, 230px\" \/><\/a><\/div> <\/div> <\/div><div class=\" one-half\"><div class=\"wpb_text_column \"><div class=\"wpb_wrapper\"><a href=\"http:\/\/nam-viet-voyage.com\/cao-bang\/\"><img loading=\"lazy\" decoding=\"async\" class=\"aligncenter wp-image-6823\" src=\"http:\/\/nam-viet-voyage.com\/wp-content\/uploads\/2015\/03\/nos-plus-vietnam-nord-1.png\" alt=\"nos-plus-vietnam-nord (1)\" width=\"230\" height=\"285\" srcset=\"https:\/\/nam-viet-voyage.com\/wp-content\/uploads\/2015\/03\/nos-plus-vietnam-nord-1.png 297w, https:\/\/nam-viet-voyage.com\/wp-content\/uploads\/2015\/03\/nos-plus-vietnam-nord-1-242x300.png 242w, https:\/\/nam-viet-voyage.com\/wp-content\/uploads\/2015\/03\/nos-plus-vietnam-nord-1-150x186.png 150w, https:\/\/nam-viet-voyage.com\/wp-content\/uploads\/2015\/03\/nos-plus-vietnam-nord-1-161x200.png 161w\" sizes=\"auto, (max-width: 230px) 100vw, 230px\" \/><\/a><\/div> <\/div> <\/div><\/div><\/div><\/div><\/div><div class=\"w-tabs-section\"><div class=\"w-tabs-section-header\"><div class=\"w-tabs-section-header-h\"><h5 class=\"w-tabs-section-title\">Vietnam Centre<\/h5><div class=\"w-tabs-section-control\"><\/div><\/div><\/div><div class=\"w-tabs-section-content\"><div class=\"w-tabs-section-content-h i-cf\"><div class=\"g-cols wpb_row offset_small vc_inner \"><div class=\" one-half\"><div class=\"wpb_text_column \"><div class=\"wpb_wrapper\"><a href=\"http:\/\/nam-viet-voyage.com\/hue\/\"><img loading=\"lazy\" decoding=\"async\" class=\"aligncenter wp-image-6824\" src=\"http:\/\/nam-viet-voyage.com\/wp-content\/uploads\/2015\/03\/essentiel-vietnam-centre.png\" alt=\"essentiel-vietnam-centre\" width=\"230\" height=\"285\" srcset=\"https:\/\/nam-viet-voyage.com\/wp-content\/uploads\/2015\/03\/essentiel-vietnam-centre.png 297w, https:\/\/nam-viet-voyage.com\/wp-content\/uploads\/2015\/03\/essentiel-vietnam-centre-242x300.png 242w, https:\/\/nam-viet-voyage.com\/wp-content\/uploads\/2015\/03\/essentiel-vietnam-centre-150x186.png 150w, https:\/\/nam-viet-voyage.com\/wp-content\/uploads\/2015\/03\/essentiel-vietnam-centre-161x200.png 161w\" sizes=\"auto, (max-width: 230px) 100vw, 230px\" \/><\/a><\/div> <\/div> <\/div><div class=\" one-half\"><div class=\"wpb_text_column \"><div class=\"wpb_wrapper\"><a href=\"http:\/\/nam-viet-voyage.com\/dalat\/\"><img loading=\"lazy\" decoding=\"async\" class=\"aligncenter wp-image-6825\" src=\"http:\/\/nam-viet-voyage.com\/wp-content\/uploads\/2015\/03\/nos-plus-vietnam-centre.png\" alt=\"nos-plus-vietnam-centre\" width=\"230\" height=\"285\" srcset=\"https:\/\/nam-viet-voyage.com\/wp-content\/uploads\/2015\/03\/nos-plus-vietnam-centre.png 297w, https:\/\/nam-viet-voyage.com\/wp-content\/uploads\/2015\/03\/nos-plus-vietnam-centre-242x300.png 242w, https:\/\/nam-viet-voyage.com\/wp-content\/uploads\/2015\/03\/nos-plus-vietnam-centre-150x186.png 150w, https:\/\/nam-viet-voyage.com\/wp-content\/uploads\/2015\/03\/nos-plus-vietnam-centre-161x200.png 161w\" sizes=\"auto, (max-width: 230px) 100vw, 230px\" \/><\/a><\/div> <\/div> <\/div><\/div><\/div><\/div><\/div><div class=\"w-tabs-section\"><div class=\"w-tabs-section-header\"><div class=\"w-tabs-section-header-h\"><h5 class=\"w-tabs-section-title\">Vietnam Sud<\/h5><div class=\"w-tabs-section-control\"><\/div><\/div><\/div><div class=\"w-tabs-section-content\"><div class=\"w-tabs-section-content-h i-cf\"><div class=\"g-cols wpb_row offset_small vc_inner \"><div class=\" one-half\"><div class=\"wpb_text_column \"><div class=\"wpb_wrapper\"><a href=\"http:\/\/nam-viet-voyage.com\/ho-chi-minh\"><img loading=\"lazy\" decoding=\"async\" class=\"aligncenter wp-image-6826\" src=\"http:\/\/nam-viet-voyage.com\/wp-content\/uploads\/2015\/03\/essentiel-vietnam-sud.png\" alt=\"essentiel-vietnam-sud\" width=\"230\" height=\"285\" srcset=\"https:\/\/nam-viet-voyage.com\/wp-content\/uploads\/2015\/03\/essentiel-vietnam-sud.png 297w, https:\/\/nam-viet-voyage.com\/wp-content\/uploads\/2015\/03\/essentiel-vietnam-sud-242x300.png 242w, https:\/\/nam-viet-voyage.com\/wp-content\/uploads\/2015\/03\/essentiel-vietnam-sud-150x186.png 150w, https:\/\/nam-viet-voyage.com\/wp-content\/uploads\/2015\/03\/essentiel-vietnam-sud-161x200.png 161w\" sizes=\"auto, (max-width: 230px) 100vw, 230px\" \/><\/a><\/div> <\/div> <\/div><div class=\" one-half\"><div class=\"wpb_text_column \"><div class=\"wpb_wrapper\"><a href=\"http:\/\/nam-viet-voyage.com\/tra-su\"><img loading=\"lazy\" decoding=\"async\" class=\"aligncenter wp-image-6827\" src=\"http:\/\/nam-viet-voyage.com\/wp-content\/uploads\/2015\/03\/nos-plus-vietnam-sud-1.png\" alt=\"nos-plus-vietnam-sud\" width=\"230\" height=\"285\" srcset=\"https:\/\/nam-viet-voyage.com\/wp-content\/uploads\/2015\/03\/nos-plus-vietnam-sud-1.png 297w, https:\/\/nam-viet-voyage.com\/wp-content\/uploads\/2015\/03\/nos-plus-vietnam-sud-1-242x300.png 242w, https:\/\/nam-viet-voyage.com\/wp-content\/uploads\/2015\/03\/nos-plus-vietnam-sud-1-150x186.png 150w, https:\/\/nam-viet-voyage.com\/wp-content\/uploads\/2015\/03\/nos-plus-vietnam-sud-1-161x200.png 161w\" sizes=\"auto, (max-width: 230px) 100vw, 230px\" \/><\/a><\/div> <\/div> <\/div><\/div><\/div><\/div><\/div><div class=\"w-tabs-section\"><div class=\"w-tabs-section-header\"><div class=\"w-tabs-section-header-h\"><h5 class=\"w-tabs-section-title\">Cambodge<\/h5><div class=\"w-tabs-section-control\"><\/div><\/div><\/div><div class=\"w-tabs-section-content\"><div class=\"w-tabs-section-content-h i-cf\"><div class=\"g-cols wpb_row offset_small vc_inner \"><div class=\" one-half\"><div class=\"wpb_text_column \"><div class=\"wpb_wrapper\"><a href=\"http:\/\/nam-viet-voyage.com\/siem-reap\/\"><img loading=\"lazy\" decoding=\"async\" class=\"aligncenter wp-image-6828\" src=\"http:\/\/nam-viet-voyage.com\/wp-content\/uploads\/2015\/03\/essentiel-cambodge.png\" alt=\"essentiel-cambodge\" width=\"230\" height=\"285\" srcset=\"https:\/\/nam-viet-voyage.com\/wp-content\/uploads\/2015\/03\/essentiel-cambodge.png 297w, https:\/\/nam-viet-voyage.com\/wp-content\/uploads\/2015\/03\/essentiel-cambodge-242x300.png 242w, https:\/\/nam-viet-voyage.com\/wp-content\/uploads\/2015\/03\/essentiel-cambodge-150x186.png 150w, https:\/\/nam-viet-voyage.com\/wp-content\/uploads\/2015\/03\/essentiel-cambodge-161x200.png 161w\" sizes=\"auto, (max-width: 230px) 100vw, 230px\" \/><\/a><\/div> <\/div> <\/div><div class=\" one-half\"><div class=\"wpb_text_column \"><div class=\"wpb_wrapper\"><a href=\"http:\/\/nam-viet-voyage.com\/sihanoukville\/\"><img loading=\"lazy\" decoding=\"async\" class=\"aligncenter wp-image-6829\" src=\"http:\/\/nam-viet-voyage.com\/wp-content\/uploads\/2015\/03\/nos-plus-cambodge.png\" alt=\"nos-plus-cambodge\" width=\"230\" height=\"285\" srcset=\"https:\/\/nam-viet-voyage.com\/wp-content\/uploads\/2015\/03\/nos-plus-cambodge.png 297w, https:\/\/nam-viet-voyage.com\/wp-content\/uploads\/2015\/03\/nos-plus-cambodge-242x300.png 242w, https:\/\/nam-viet-voyage.com\/wp-content\/uploads\/2015\/03\/nos-plus-cambodge-150x186.png 150w, https:\/\/nam-viet-voyage.com\/wp-content\/uploads\/2015\/03\/nos-plus-cambodge-161x200.png 161w\" sizes=\"auto, (max-width: 230px) 100vw, 230px\" \/><\/a><\/div> <\/div> <\/div><\/div><\/div><\/div><\/div><div class=\"w-tabs-section\"><div class=\"w-tabs-section-header\"><div class=\"w-tabs-section-header-h\"><h5 class=\"w-tabs-section-title\">Laos<\/h5><div class=\"w-tabs-section-control\"><\/div><\/div><\/div><div class=\"w-tabs-section-content\"><div class=\"w-tabs-section-content-h i-cf\"><div class=\"g-cols wpb_row offset_small vc_inner \"><div class=\" one-half\"><div class=\"wpb_text_column \"><div class=\"wpb_wrapper\"><a href=\"http:\/\/nam-viet-voyage.com\/luang-prabang\/\"><img loading=\"lazy\" decoding=\"async\" class=\"aligncenter wp-image-6830\" src=\"http:\/\/nam-viet-voyage.com\/wp-content\/uploads\/2015\/03\/essentiel-laos.png\" alt=\"essentiel-laos\" width=\"230\" height=\"285\" srcset=\"https:\/\/nam-viet-voyage.com\/wp-content\/uploads\/2015\/03\/essentiel-laos.png 297w, https:\/\/nam-viet-voyage.com\/wp-content\/uploads\/2015\/03\/essentiel-laos-242x300.png 242w, https:\/\/nam-viet-voyage.com\/wp-content\/uploads\/2015\/03\/essentiel-laos-150x186.png 150w, https:\/\/nam-viet-voyage.com\/wp-content\/uploads\/2015\/03\/essentiel-laos-161x200.png 161w\" sizes=\"auto, (max-width: 230px) 100vw, 230px\" \/><\/a><\/div> <\/div> <\/div><div class=\" one-half\"><div class=\"wpb_text_column \"><div class=\"wpb_wrapper\"><a href=\"http:\/\/nam-viet-voyage.com\/pakse-et-ses-environs\/\"><img loading=\"lazy\" decoding=\"async\" class=\"aligncenter wp-image-6831\" src=\"http:\/\/nam-viet-voyage.com\/wp-content\/uploads\/2015\/03\/nos-plus-laos.png\" alt=\"nos-plus-laos\" width=\"230\" height=\"285\" srcset=\"https:\/\/nam-viet-voyage.com\/wp-content\/uploads\/2015\/03\/nos-plus-laos.png 297w, https:\/\/nam-viet-voyage.com\/wp-content\/uploads\/2015\/03\/nos-plus-laos-242x300.png 242w, https:\/\/nam-viet-voyage.com\/wp-content\/uploads\/2015\/03\/nos-plus-laos-150x186.png 150w, https:\/\/nam-viet-voyage.com\/wp-content\/uploads\/2015\/03\/nos-plus-laos-161x200.png 161w\" sizes=\"auto, (max-width: 230px) 100vw, 230px\" \/><\/a><\/div> <\/div> <\/div><\/div><\/div><\/div><\/div><div class=\"w-tabs-section\"><div class=\"w-tabs-section-header\"><div class=\"w-tabs-section-header-h\"><h5 class=\"w-tabs-section-title\">Les belles plages<\/h5><div class=\"w-tabs-section-control\"><\/div><\/div><\/div><div class=\"w-tabs-section-content\"><div class=\"w-tabs-section-content-h i-cf\"><div class=\"wpb_text_column \"><div class=\"wpb_wrapper\"><a href=\"http:\/\/nam-viet-voyage.com\/con-dao-les-plus-belles-plages\/\"><img loading=\"lazy\" decoding=\"async\" class=\"aligncenter wp-image-6832\" src=\"http:\/\/nam-viet-voyage.com\/wp-content\/uploads\/2015\/03\/les-plus-belles-plages.png\" alt=\"les-plus-belles-plages\" width=\"230\" height=\"285\" srcset=\"https:\/\/nam-viet-voyage.com\/wp-content\/uploads\/2015\/03\/les-plus-belles-plages.png 297w, https:\/\/nam-viet-voyage.com\/wp-content\/uploads\/2015\/03\/les-plus-belles-plages-242x300.png 242w, https:\/\/nam-viet-voyage.com\/wp-content\/uploads\/2015\/03\/les-plus-belles-plages-150x186.png 150w, https:\/\/nam-viet-voyage.com\/wp-content\/uploads\/2015\/03\/les-plus-belles-plages-161x200.png 161w\" sizes=\"auto, (max-width: 230px) 100vw, 230px\" \/><\/a><\/div> <\/div> <\/div><\/div><\/div><\/div><\/div><\/div><\/div><\/div><\/div><\/section>\n<p><a href=\"\/\/www.pinterest.com\/pin\/create\/button\/\" data-pin-do=\"buttonBookmark\" data-pin-color=\"red\" data-pin-height=\"128\"><img decoding=\"async\" src=\"\/\/assets.pinterest.com\/images\/pidgets\/pinit_fg_en_rect_red_28.png\" \/><\/a><\/p>","protected":false},"excerpt":{"rendered":"D\u00e9couvrez notre s\u00e9lection de sites au Vietnam, Cambodge et Laos [vc_empty_space height=\"30\"]Vietnam Nord Vietnam Centre Vietnam Sud Cambodge Laos Les belles plages Vietnam Nord Vietnam Centre Vietnam Sud Cambodge Laos...","protected":false},"author":3,"featured_media":0,"parent":0,"menu_order":0,"comment_status":"closed","ping_status":"open","template":"","meta":{"_crdt_document":"","footnotes":""},"class_list":["post-6806","page","type-page","status-publish","hentry"],"yoast_head":"<!-- This site is optimized with the Yoast SEO plugin v26.9 - https:\/\/yoast.com\/product\/yoast-seo-wordpress\/ -->\n<title>Destinations - Nam Viet Voyage<\/title>\n<meta name=\"description\" content=\"D\u00e9couvrez notre s\u00e9lection de destinations au Vietnam, Cambodge et Laos, pour pr\u00e9parer au mieux votre voyage.\" \/>\n<meta name=\"robots\" content=\"index, follow, max-snippet:-1, max-image-preview:large, max-video-preview:-1\" \/>\n<link rel=\"canonical\" href=\"http:\/\/nam-viet-voyage.com\/fr\/destinations\/\" \/>\n<meta property=\"og:locale\" content=\"fr_FR\" \/>\n<meta property=\"og:type\" content=\"article\" \/>\n<meta property=\"og:title\" content=\"Destinations - Nam Viet Voyage\" \/>\n<meta property=\"og:description\" content=\"D\u00e9couvrez notre s\u00e9lection de destinations au Vietnam, Cambodge et Laos, pour pr\u00e9parer au mieux votre voyage.\" \/>\n<meta property=\"og:url\" content=\"http:\/\/nam-viet-voyage.com\/fr\/destinations\/\" \/>\n<meta property=\"og:site_name\" content=\"Nam Viet Voyage\" \/>\n<meta property=\"article:publisher\" content=\"https:\/\/www.facebook.com\/NamVietVoyage\" \/>\n<meta property=\"article:modified_time\" content=\"2016-05-25T07:45:01+00:00\" \/>\n<meta property=\"og:image\" content=\"http:\/\/nam-viet-voyage.com\/wp-content\/uploads\/2015\/03\/essentiel-vietnam-nord.png\" \/>\n<meta name=\"twitter:card\" content=\"summary_large_image\" \/>\n<meta name=\"twitter:site\" content=\"@NamVietVoyage\" \/>\n<meta name=\"twitter:label1\" content=\"Dur\u00e9e de lecture estim\u00e9e\" \/>\n\t<meta name=\"twitter:data1\" content=\"1 minute\" \/>\n<script type=\"application\/ld+json\" class=\"yoast-schema-graph\">{\"@context\":\"https:\/\/schema.org\",\"@graph\":[{\"@type\":\"WebPage\",\"@id\":\"http:\/\/nam-viet-voyage.com\/fr\/destinations\/\",\"url\":\"http:\/\/nam-viet-voyage.com\/fr\/destinations\/\",\"name\":\"Destinations - Nam Viet Voyage\",\"isPartOf\":{\"@id\":\"http:\/\/nam-viet-voyage.com\/fr\/#website\"},\"primaryImageOfPage\":{\"@id\":\"http:\/\/nam-viet-voyage.com\/fr\/destinations\/#primaryimage\"},\"image\":{\"@id\":\"http:\/\/nam-viet-voyage.com\/fr\/destinations\/#primaryimage\"},\"thumbnailUrl\":\"http:\/\/nam-viet-voyage.com\/wp-content\/uploads\/2015\/03\/essentiel-vietnam-nord.png\",\"datePublished\":\"2015-03-26T10:05:59+00:00\",\"dateModified\":\"2016-05-25T07:45:01+00:00\",\"description\":\"D\u00e9couvrez notre s\u00e9lection de destinations au Vietnam, Cambodge et Laos, pour pr\u00e9parer au mieux votre voyage.\",\"breadcrumb\":{\"@id\":\"http:\/\/nam-viet-voyage.com\/fr\/destinations\/#breadcrumb\"},\"inLanguage\":\"fr-FR\",\"potentialAction\":[{\"@type\":\"ReadAction\",\"target\":[\"http:\/\/nam-viet-voyage.com\/fr\/destinations\/\"]}]},{\"@type\":\"ImageObject\",\"inLanguage\":\"fr-FR\",\"@id\":\"http:\/\/nam-viet-voyage.com\/fr\/destinations\/#primaryimage\",\"url\":\"http:\/\/nam-viet-voyage.com\/wp-content\/uploads\/2015\/03\/essentiel-vietnam-nord.png\",\"contentUrl\":\"http:\/\/nam-viet-voyage.com\/wp-content\/uploads\/2015\/03\/essentiel-vietnam-nord.png\"},{\"@type\":\"BreadcrumbList\",\"@id\":\"http:\/\/nam-viet-voyage.com\/fr\/destinations\/#breadcrumb\",\"itemListElement\":[{\"@type\":\"ListItem\",\"position\":1,\"name\":\"Home\",\"item\":\"http:\/\/nam-viet-voyage.com\/fr\/\"},{\"@type\":\"ListItem\",\"position\":2,\"name\":\"Destinations\"}]},{\"@type\":\"WebSite\",\"@id\":\"http:\/\/nam-viet-voyage.com\/fr\/#website\",\"url\":\"http:\/\/nam-viet-voyage.com\/fr\/\",\"name\":\"Nam Viet Voyage\",\"description\":\"Voyages en Asie du Sud-Est\",\"potentialAction\":[{\"@type\":\"SearchAction\",\"target\":{\"@type\":\"EntryPoint\",\"urlTemplate\":\"http:\/\/nam-viet-voyage.com\/fr\/?s={search_term_string}\"},\"query-input\":{\"@type\":\"PropertyValueSpecification\",\"valueRequired\":true,\"valueName\":\"search_term_string\"}}],\"inLanguage\":\"fr-FR\"}]}<\/script>\n<!-- \/ Yoast SEO plugin. -->","yoast_head_json":{"title":"Destinations - Nam Viet Voyage","description":"D\u00e9couvrez notre s\u00e9lection de destinations au Vietnam, Cambodge et Laos, pour pr\u00e9parer au mieux votre voyage.","robots":{"index":"index","follow":"follow","max-snippet":"max-snippet:-1","max-image-preview":"max-image-preview:large","max-video-preview":"max-video-preview:-1"},"canonical":"http:\/\/nam-viet-voyage.com\/fr\/destinations\/","og_locale":"fr_FR","og_type":"article","og_title":"Destinations - Nam Viet Voyage","og_description":"D\u00e9couvrez notre s\u00e9lection de destinations au Vietnam, Cambodge et Laos, pour pr\u00e9parer au mieux votre voyage.","og_url":"http:\/\/nam-viet-voyage.com\/fr\/destinations\/","og_site_name":"Nam Viet Voyage","article_publisher":"https:\/\/www.facebook.com\/NamVietVoyage","article_modified_time":"2016-05-25T07:45:01+00:00","og_image":[{"url":"http:\/\/nam-viet-voyage.com\/wp-content\/uploads\/2015\/03\/essentiel-vietnam-nord.png","type":"","width":"","height":""}],"twitter_card":"summary_large_image","twitter_site":"@NamVietVoyage","twitter_misc":{"Dur\u00e9e de lecture estim\u00e9e":"1 minute"},"schema":{"@context":"https:\/\/schema.org","@graph":[{"@type":"WebPage","@id":"http:\/\/nam-viet-voyage.com\/fr\/destinations\/","url":"http:\/\/nam-viet-voyage.com\/fr\/destinations\/","name":"Destinations - Nam Viet Voyage","isPartOf":{"@id":"http:\/\/nam-viet-voyage.com\/fr\/#website"},"primaryImageOfPage":{"@id":"http:\/\/nam-viet-voyage.com\/fr\/destinations\/#primaryimage"},"image":{"@id":"http:\/\/nam-viet-voyage.com\/fr\/destinations\/#primaryimage"},"thumbnailUrl":"http:\/\/nam-viet-voyage.com\/wp-content\/uploads\/2015\/03\/essentiel-vietnam-nord.png","datePublished":"2015-03-26T10:05:59+00:00","dateModified":"2016-05-25T07:45:01+00:00","description":"D\u00e9couvrez notre s\u00e9lection de destinations au Vietnam, Cambodge et Laos, pour pr\u00e9parer au mieux votre voyage.","breadcrumb":{"@id":"http:\/\/nam-viet-voyage.com\/fr\/destinations\/#breadcrumb"},"inLanguage":"fr-FR","potentialAction":[{"@type":"ReadAction","target":["http:\/\/nam-viet-voyage.com\/fr\/destinations\/"]}]},{"@type":"ImageObject","inLanguage":"fr-FR","@id":"http:\/\/nam-viet-voyage.com\/fr\/destinations\/#primaryimage","url":"http:\/\/nam-viet-voyage.com\/wp-content\/uploads\/2015\/03\/essentiel-vietnam-nord.png","contentUrl":"http:\/\/nam-viet-voyage.com\/wp-content\/uploads\/2015\/03\/essentiel-vietnam-nord.png"},{"@type":"BreadcrumbList","@id":"http:\/\/nam-viet-voyage.com\/fr\/destinations\/#breadcrumb","itemListElement":[{"@type":"ListItem","position":1,"name":"Home","item":"http:\/\/nam-viet-voyage.com\/fr\/"},{"@type":"ListItem","position":2,"name":"Destinations"}]},{"@type":"WebSite","@id":"http:\/\/nam-viet-voyage.com\/fr\/#website","url":"http:\/\/nam-viet-voyage.com\/fr\/","name":"Nam Viet Voyage","description":"Voyages en Asie du Sud-Est","potentialAction":[{"@type":"SearchAction","target":{"@type":"EntryPoint","urlTemplate":"http:\/\/nam-viet-voyage.com\/fr\/?s={search_term_string}"},"query-input":{"@type":"PropertyValueSpecification","valueRequired":true,"valueName":"search_term_string"}}],"inLanguage":"fr-FR"}]}},"_links":{"self":[{"href":"https:\/\/nam-viet-voyage.com\/fr\/wp-json\/wp\/v2\/pages\/6806","targetHints":{"allow":["GET"]}}],"collection":[{"href":"https:\/\/nam-viet-voyage.com\/fr\/wp-json\/wp\/v2\/pages"}],"about":[{"href":"https:\/\/nam-viet-voyage.com\/fr\/wp-json\/wp\/v2\/types\/page"}],"author":[{"embeddable":true,"href":"https:\/\/nam-viet-voyage.com\/fr\/wp-json\/wp\/v2\/users\/3"}],"replies":[{"embeddable":true,"href":"https:\/\/nam-viet-voyage.com\/fr\/wp-json\/wp\/v2\/comments?post=6806"}],"version-history":[{"count":22,"href":"https:\/\/nam-viet-voyage.com\/fr\/wp-json\/wp\/v2\/pages\/6806\/revisions"}],"predecessor-version":[{"id":11315,"href":"https:\/\/nam-viet-voyage.com\/fr\/wp-json\/wp\/v2\/pages\/6806\/revisions\/11315"}],"wp:attachment":[{"href":"https:\/\/nam-viet-voyage.com\/fr\/wp-json\/wp\/v2\/media?parent=6806"}],"curies":[{"name":"wp","href":"https:\/\/api.w.org\/{rel}","templated":true}]}}