{"id":4479,"date":"2015-01-22T07:14:55","date_gmt":"2015-01-22T07:14:55","guid":{"rendered":"http:\/\/nam-viet-voyage.com\/?page_id=4479"},"modified":"2016-05-25T07:45:02","modified_gmt":"2016-05-25T07:45:02","slug":"luang-say-residence-luang-prabang","status":"publish","type":"page","link":"https:\/\/nam-viet-voyage.com\/fr\/luang-say-residence-luang-prabang\/","title":{"rendered":"Luang Say Residence &#8211; Luang Prabang"},"content":{"rendered":"<section class=\"l-section wpb_row height_medium\"><div class=\"l-section-h i-cf\"><div class=\"g-cols offset_small\"><div class=\" one-quarter\">[vc_wp_custommenu nav_menu=\u00a0\u00bb329&Prime; title=\u00a0\u00bbVotre h\u00f4tel &#8211; Laos\u00a0\u00bb]<\/div><div class=\" three-quarters\"><div class=\"w-image  align_center\"><img loading=\"lazy\" decoding=\"async\" width=\"730\" height=\"200\" src=\"https:\/\/nam-viet-voyage.com\/wp-content\/uploads\/2015\/01\/luang-say-residence-luang-prabang.png\" class=\"attachment-full size-full\" alt=\"luang-say-residence-luang-prabang\" srcset=\"https:\/\/nam-viet-voyage.com\/wp-content\/uploads\/2015\/01\/luang-say-residence-luang-prabang.png 730w, https:\/\/nam-viet-voyage.com\/wp-content\/uploads\/2015\/01\/luang-say-residence-luang-prabang-300x82.png 300w, https:\/\/nam-viet-voyage.com\/wp-content\/uploads\/2015\/01\/luang-say-residence-luang-prabang-600x164.png 600w, https:\/\/nam-viet-voyage.com\/wp-content\/uploads\/2015\/01\/luang-say-residence-luang-prabang-150x41.png 150w\" sizes=\"auto, (max-width: 730px) 100vw, 730px\" \/><\/div><div class=\"wpb_text_column \"><div class=\"wpb_wrapper\">\n<h2 style=\"text-align: center;\">Luang Say Residence &#8211; Luang Prabang<\/h2>\n<p style=\"text-align: justify;\">L&rsquo;\u00e9tablissement Luang Say Residence \u00e0 Luang Prabang se distingue par son charme colonial et son atmosph\u00e8re reposante, id\u00e9ale pour se ressourcer. L&rsquo;h\u00f4tel 5 \u00e9toiles comprend 24 suites de luxe r\u00e9parties dans 5 pavillons et 1 r\u00e9sidence principale. Elles comprennent toutes une terrasse privative et offre une d\u00e9coration particuli\u00e8rement soign\u00e9e, cr\u00e9ant une ambiance coloniale singuli\u00e8re. L&rsquo;environnement dans lequel est install\u00e9 le resort est \u00e9galement notable : au sein de l&rsquo;h\u00f4tel, une v\u00e9g\u00e9tation luxuriante, et \u00e0 l&rsquo;ext\u00e9rieur, un paysage de montagnes sublime. C\u00f4t\u00e9 restauration, La Belle \u00c9poque propose une carte offrant des saveurs venues de Laos et de France, et dont certains des ingr\u00e9dients poussent dans le potager bio du jardin de l&rsquo;h\u00f4tel. Le Bar 1861 quant \u00e0 lui est l&rsquo;endroit id\u00e9al pour faire une pause et s&rsquo;offrir un verre apr\u00e8s avoir plong\u00e9 par exemple dans la belle piscine de l&rsquo;\u00e9tablissement.<\/p>\n<\/div> <\/div> [vc_empty_space height=\u00a0\u00bb30px\u00a0\u00bb]<div class=\"g-cols wpb_row offset_small vc_inner \"><div class=\" one-half\"><div class=\"w-image  align_center\"><img loading=\"lazy\" decoding=\"async\" width=\"320\" height=\"215\" src=\"https:\/\/nam-viet-voyage.com\/wp-content\/uploads\/2015\/01\/luang-say-residence-pool.jpg\" class=\"attachment-full size-full\" alt=\"View of the Luang Say Residence from the pool\" srcset=\"https:\/\/nam-viet-voyage.com\/wp-content\/uploads\/2015\/01\/luang-say-residence-pool.jpg 320w, https:\/\/nam-viet-voyage.com\/wp-content\/uploads\/2015\/01\/luang-say-residence-pool-300x202.jpg 300w\" sizes=\"auto, (max-width: 320px) 100vw, 320px\" \/><\/div><div class=\"w-image  align_center\"><img loading=\"lazy\" decoding=\"async\" width=\"320\" height=\"213\" src=\"https:\/\/nam-viet-voyage.com\/wp-content\/uploads\/2015\/01\/luang-say-residence-suite.jpg\" class=\"attachment-full size-full\" alt=\"Bed and couch in a suite, Luang Say Residence\" srcset=\"https:\/\/nam-viet-voyage.com\/wp-content\/uploads\/2015\/01\/luang-say-residence-suite.jpg 320w, https:\/\/nam-viet-voyage.com\/wp-content\/uploads\/2015\/01\/luang-say-residence-suite-300x200.jpg 300w\" sizes=\"auto, (max-width: 320px) 100vw, 320px\" \/><\/div><\/div><div class=\" one-half\"><div class=\"w-image  align_center\"><img loading=\"lazy\" decoding=\"async\" width=\"320\" height=\"212\" src=\"https:\/\/nam-viet-voyage.com\/wp-content\/uploads\/2015\/01\/luang-say-residence-room-colonial.jpg\" class=\"attachment-full size-full\" alt=\"Beautiful decoration in a suite, Luang Say Residence\" srcset=\"https:\/\/nam-viet-voyage.com\/wp-content\/uploads\/2015\/01\/luang-say-residence-room-colonial.jpg 320w, https:\/\/nam-viet-voyage.com\/wp-content\/uploads\/2015\/01\/luang-say-residence-room-colonial-300x199.jpg 300w\" sizes=\"auto, (max-width: 320px) 100vw, 320px\" \/><\/div><div class=\"w-image  align_center\"><img loading=\"lazy\" decoding=\"async\" width=\"320\" height=\"213\" src=\"https:\/\/nam-viet-voyage.com\/wp-content\/uploads\/2015\/01\/luang-say-residence-pool-night.jpg\" class=\"attachment-full size-full\" alt=\"Pool at night at the Luang Say Residence\" srcset=\"https:\/\/nam-viet-voyage.com\/wp-content\/uploads\/2015\/01\/luang-say-residence-pool-night.jpg 320w, https:\/\/nam-viet-voyage.com\/wp-content\/uploads\/2015\/01\/luang-say-residence-pool-night-300x200.jpg 300w\" sizes=\"auto, (max-width: 320px) 100vw, 320px\" \/><\/div><\/div><\/div><\/div><\/div><\/div><\/section><section class=\"l-section wpb_row height_medium color_secondary\"><div class=\"l-section-h i-cf\"><div class=\"g-cols offset_small\"><div class=\" full-width\"><div class=\"g-cols wpb_row offset_small vc_inner \"><div class=\" full-width\">[vc_custom_heading text=\u00a0\u00bbPour tout projet ou information compl\u00e9mentaire, merci de nous contacter !\u00a0\u00bb font_container=\u00a0\u00bbtag:p|font_size:24|text_align:center\u00a0\u00bb google_fonts=\u00a0\u00bbfont_family:Nothing%20You%20Could%20Do%3Aregular|font_style:400%20regular%3A400%3Anormal\u00a0\u00bb]\n<div class=\"wpcf7 no-js\" id=\"wpcf7-f5977-o1\" lang=\"fr-FR\" dir=\"ltr\" data-wpcf7-id=\"5977\">\n<div class=\"screen-reader-response\"><p role=\"status\" aria-live=\"polite\" aria-atomic=\"true\"><\/p> <ul><\/ul><\/div>\n<form action=\"\/fr\/wp-json\/wp\/v2\/pages\/4479#wpcf7-f5977-o1\" method=\"post\" class=\"wpcf7-form init\" aria-label=\"Formulaire de contact\" novalidate=\"novalidate\" data-status=\"init\">\n<fieldset class=\"hidden-fields-container\"><input type=\"hidden\" name=\"_wpcf7\" value=\"5977\" \/><input type=\"hidden\" name=\"_wpcf7_version\" value=\"6.1.5\" \/><input type=\"hidden\" name=\"_wpcf7_locale\" value=\"fr_FR\" \/><input type=\"hidden\" name=\"_wpcf7_unit_tag\" value=\"wpcf7-f5977-o1\" \/><input type=\"hidden\" name=\"_wpcf7_container_post\" value=\"0\" \/><input type=\"hidden\" name=\"_wpcf7_posted_data_hash\" value=\"\" \/>\n<\/fieldset>\n<p>Votre Nom *\n<\/p>\n<p><span class=\"wpcf7-form-control-wrap\" data-name=\"your-name\"><input size=\"40\" maxlength=\"400\" class=\"wpcf7-form-control wpcf7-text wpcf7-validates-as-required\" aria-required=\"true\" aria-invalid=\"false\" value=\"\" type=\"text\" name=\"your-name\" \/><\/span>\n<\/p>\n<p>Votre Email *\n<\/p>\n<p><span class=\"wpcf7-form-control-wrap\" data-name=\"your-email\"><input size=\"40\" maxlength=\"400\" class=\"wpcf7-form-control wpcf7-email wpcf7-validates-as-required wpcf7-text wpcf7-validates-as-email\" aria-required=\"true\" aria-invalid=\"false\" value=\"\" type=\"email\" name=\"your-email\" \/><\/span>\n<\/p>\n<p>Votre Message *\n<\/p>\n<p><span class=\"wpcf7-form-control-wrap\" data-name=\"your-message\"><textarea cols=\"40\" rows=\"10\" maxlength=\"2000\" class=\"wpcf7-form-control wpcf7-textarea wpcf7-validates-as-required\" aria-required=\"true\" aria-invalid=\"false\" name=\"your-message\"><\/textarea><\/span>\n<\/p>\n<p><input class=\"wpcf7-form-control wpcf7-submit has-spinner\" type=\"submit\" value=\"Envoyer\" \/>\n<\/p><div class=\"wpcf7-response-output\" aria-hidden=\"true\"><\/div>\n<\/form>\n<\/div>\n<\/div><\/div><\/div><\/div><\/div><\/section>\n<p><a href=\"\/\/www.pinterest.com\/pin\/create\/button\/\" data-pin-do=\"buttonBookmark\" data-pin-color=\"red\" data-pin-height=\"128\"><img decoding=\"async\" src=\"\/\/assets.pinterest.com\/images\/pidgets\/pinit_fg_en_rect_red_28.png\" \/><\/a><\/p>","protected":false},"excerpt":{"rendered":"[vc_wp_custommenu nav_menu=\"329\" title=\"Votre h\u00f4tel - Laos\"] Luang Say Residence - Luang Prabang L'\u00e9tablissement Luang Say Residence \u00e0 Luang Prabang se distingue par son charme colonial et son atmosph\u00e8re reposante, id\u00e9ale...","protected":false},"author":2,"featured_media":0,"parent":0,"menu_order":0,"comment_status":"closed","ping_status":"open","template":"","meta":{"_crdt_document":"","footnotes":""},"class_list":["post-4479","page","type-page","status-publish","hentry"],"yoast_head":"<!-- This site is optimized with the Yoast SEO plugin v26.9 - https:\/\/yoast.com\/product\/yoast-seo-wordpress\/ -->\n<title>Luang Say Residence - Luang Prabang - Nam Viet Voyage<\/title>\n<meta name=\"description\" content=\"Plongez au c\u0153ur d&#039;une atmosph\u00e8re coloniale \u00e0 Luang Say Residence \u00e0 Luang Prabang, et profitez d&#039;un s\u00e9jour inoubliable dans cet h\u00f4tel de luxe.\" \/>\n<meta name=\"robots\" content=\"index, follow, max-snippet:-1, max-image-preview:large, max-video-preview:-1\" \/>\n<link rel=\"canonical\" href=\"http:\/\/nam-viet-voyage.com\/fr\/luang-say-residence-luang-prabang\/\" \/>\n<meta property=\"og:locale\" content=\"fr_FR\" \/>\n<meta property=\"og:type\" content=\"article\" \/>\n<meta property=\"og:title\" content=\"Luang Say Residence - Luang Prabang - Nam Viet Voyage\" \/>\n<meta property=\"og:description\" content=\"Plongez au c\u0153ur d&#039;une atmosph\u00e8re coloniale \u00e0 Luang Say Residence \u00e0 Luang Prabang, et profitez d&#039;un s\u00e9jour inoubliable dans cet h\u00f4tel de luxe.\" \/>\n<meta property=\"og:url\" content=\"http:\/\/nam-viet-voyage.com\/fr\/luang-say-residence-luang-prabang\/\" \/>\n<meta property=\"og:site_name\" content=\"Nam Viet Voyage\" \/>\n<meta property=\"article:publisher\" content=\"https:\/\/www.facebook.com\/NamVietVoyage\" \/>\n<meta property=\"article:modified_time\" content=\"2016-05-25T07:45:02+00:00\" \/>\n<meta name=\"twitter:card\" content=\"summary_large_image\" \/>\n<meta name=\"twitter:site\" content=\"@NamVietVoyage\" \/>\n<meta name=\"twitter:label1\" content=\"Dur\u00e9e de lecture estim\u00e9e\" \/>\n\t<meta name=\"twitter:data1\" content=\"2 minutes\" \/>\n<script type=\"application\/ld+json\" class=\"yoast-schema-graph\">{\"@context\":\"https:\/\/schema.org\",\"@graph\":[{\"@type\":\"WebPage\",\"@id\":\"http:\/\/nam-viet-voyage.com\/fr\/luang-say-residence-luang-prabang\/\",\"url\":\"http:\/\/nam-viet-voyage.com\/fr\/luang-say-residence-luang-prabang\/\",\"name\":\"Luang Say Residence - Luang Prabang - Nam Viet Voyage\",\"isPartOf\":{\"@id\":\"http:\/\/nam-viet-voyage.com\/fr\/#website\"},\"datePublished\":\"2015-01-22T07:14:55+00:00\",\"dateModified\":\"2016-05-25T07:45:02+00:00\",\"description\":\"Plongez au c\u0153ur d'une atmosph\u00e8re coloniale \u00e0 Luang Say Residence \u00e0 Luang Prabang, et profitez d'un s\u00e9jour inoubliable dans cet h\u00f4tel de luxe.\",\"breadcrumb\":{\"@id\":\"http:\/\/nam-viet-voyage.com\/fr\/luang-say-residence-luang-prabang\/#breadcrumb\"},\"inLanguage\":\"fr-FR\",\"potentialAction\":[{\"@type\":\"ReadAction\",\"target\":[\"http:\/\/nam-viet-voyage.com\/fr\/luang-say-residence-luang-prabang\/\"]}]},{\"@type\":\"BreadcrumbList\",\"@id\":\"http:\/\/nam-viet-voyage.com\/fr\/luang-say-residence-luang-prabang\/#breadcrumb\",\"itemListElement\":[{\"@type\":\"ListItem\",\"position\":1,\"name\":\"Home\",\"item\":\"http:\/\/nam-viet-voyage.com\/fr\/\"},{\"@type\":\"ListItem\",\"position\":2,\"name\":\"Luang Say Residence &#8211; Luang Prabang\"}]},{\"@type\":\"WebSite\",\"@id\":\"http:\/\/nam-viet-voyage.com\/fr\/#website\",\"url\":\"http:\/\/nam-viet-voyage.com\/fr\/\",\"name\":\"Nam Viet Voyage\",\"description\":\"Voyages en Asie du Sud-Est\",\"potentialAction\":[{\"@type\":\"SearchAction\",\"target\":{\"@type\":\"EntryPoint\",\"urlTemplate\":\"http:\/\/nam-viet-voyage.com\/fr\/?s={search_term_string}\"},\"query-input\":{\"@type\":\"PropertyValueSpecification\",\"valueRequired\":true,\"valueName\":\"search_term_string\"}}],\"inLanguage\":\"fr-FR\"}]}<\/script>\n<!-- \/ Yoast SEO plugin. -->","yoast_head_json":{"title":"Luang Say Residence - Luang Prabang - Nam Viet Voyage","description":"Plongez au c\u0153ur d'une atmosph\u00e8re coloniale \u00e0 Luang Say Residence \u00e0 Luang Prabang, et profitez d'un s\u00e9jour inoubliable dans cet h\u00f4tel de luxe.","robots":{"index":"index","follow":"follow","max-snippet":"max-snippet:-1","max-image-preview":"max-image-preview:large","max-video-preview":"max-video-preview:-1"},"canonical":"http:\/\/nam-viet-voyage.com\/fr\/luang-say-residence-luang-prabang\/","og_locale":"fr_FR","og_type":"article","og_title":"Luang Say Residence - Luang Prabang - Nam Viet Voyage","og_description":"Plongez au c\u0153ur d'une atmosph\u00e8re coloniale \u00e0 Luang Say Residence \u00e0 Luang Prabang, et profitez d'un s\u00e9jour inoubliable dans cet h\u00f4tel de luxe.","og_url":"http:\/\/nam-viet-voyage.com\/fr\/luang-say-residence-luang-prabang\/","og_site_name":"Nam Viet Voyage","article_publisher":"https:\/\/www.facebook.com\/NamVietVoyage","article_modified_time":"2016-05-25T07:45:02+00:00","twitter_card":"summary_large_image","twitter_site":"@NamVietVoyage","twitter_misc":{"Dur\u00e9e de lecture estim\u00e9e":"2 minutes"},"schema":{"@context":"https:\/\/schema.org","@graph":[{"@type":"WebPage","@id":"http:\/\/nam-viet-voyage.com\/fr\/luang-say-residence-luang-prabang\/","url":"http:\/\/nam-viet-voyage.com\/fr\/luang-say-residence-luang-prabang\/","name":"Luang Say Residence - Luang Prabang - Nam Viet Voyage","isPartOf":{"@id":"http:\/\/nam-viet-voyage.com\/fr\/#website"},"datePublished":"2015-01-22T07:14:55+00:00","dateModified":"2016-05-25T07:45:02+00:00","description":"Plongez au c\u0153ur d'une atmosph\u00e8re coloniale \u00e0 Luang Say Residence \u00e0 Luang Prabang, et profitez d'un s\u00e9jour inoubliable dans cet h\u00f4tel de luxe.","breadcrumb":{"@id":"http:\/\/nam-viet-voyage.com\/fr\/luang-say-residence-luang-prabang\/#breadcrumb"},"inLanguage":"fr-FR","potentialAction":[{"@type":"ReadAction","target":["http:\/\/nam-viet-voyage.com\/fr\/luang-say-residence-luang-prabang\/"]}]},{"@type":"BreadcrumbList","@id":"http:\/\/nam-viet-voyage.com\/fr\/luang-say-residence-luang-prabang\/#breadcrumb","itemListElement":[{"@type":"ListItem","position":1,"name":"Home","item":"http:\/\/nam-viet-voyage.com\/fr\/"},{"@type":"ListItem","position":2,"name":"Luang Say Residence &#8211; Luang Prabang"}]},{"@type":"WebSite","@id":"http:\/\/nam-viet-voyage.com\/fr\/#website","url":"http:\/\/nam-viet-voyage.com\/fr\/","name":"Nam Viet Voyage","description":"Voyages en Asie du Sud-Est","potentialAction":[{"@type":"SearchAction","target":{"@type":"EntryPoint","urlTemplate":"http:\/\/nam-viet-voyage.com\/fr\/?s={search_term_string}"},"query-input":{"@type":"PropertyValueSpecification","valueRequired":true,"valueName":"search_term_string"}}],"inLanguage":"fr-FR"}]}},"_links":{"self":[{"href":"https:\/\/nam-viet-voyage.com\/fr\/wp-json\/wp\/v2\/pages\/4479","targetHints":{"allow":["GET"]}}],"collection":[{"href":"https:\/\/nam-viet-voyage.com\/fr\/wp-json\/wp\/v2\/pages"}],"about":[{"href":"https:\/\/nam-viet-voyage.com\/fr\/wp-json\/wp\/v2\/types\/page"}],"author":[{"embeddable":true,"href":"https:\/\/nam-viet-voyage.com\/fr\/wp-json\/wp\/v2\/users\/2"}],"replies":[{"embeddable":true,"href":"https:\/\/nam-viet-voyage.com\/fr\/wp-json\/wp\/v2\/comments?post=4479"}],"version-history":[{"count":13,"href":"https:\/\/nam-viet-voyage.com\/fr\/wp-json\/wp\/v2\/pages\/4479\/revisions"}],"predecessor-version":[{"id":11344,"href":"https:\/\/nam-viet-voyage.com\/fr\/wp-json\/wp\/v2\/pages\/4479\/revisions\/11344"}],"wp:attachment":[{"href":"https:\/\/nam-viet-voyage.com\/fr\/wp-json\/wp\/v2\/media?parent=4479"}],"curies":[{"name":"wp","href":"https:\/\/api.w.org\/{rel}","templated":true}]}}