{"id":4355,"date":"2015-01-22T04:17:50","date_gmt":"2015-01-22T04:17:50","guid":{"rendered":"http:\/\/nam-viet-voyage.com\/?page_id=4355"},"modified":"2016-05-25T07:45:02","modified_gmt":"2016-05-25T07:45:02","slug":"tam-coc-garden-ninh-binh","status":"publish","type":"page","link":"https:\/\/nam-viet-voyage.com\/fr\/tam-coc-garden-ninh-binh\/","title":{"rendered":"Tam Coc Garden &#8211; Ninh Binh"},"content":{"rendered":"<section class=\"l-section wpb_row height_medium\"><div class=\"l-section-h i-cf\"><div class=\"g-cols offset_small\"><div class=\" one-quarter\">[vc_wp_custommenu nav_menu=\u00a0\u00bb166&Prime; title=\u00a0\u00bbVotre h\u00f4tel &#8211; Nature\u00a0\u00bb]<\/div><div class=\" three-quarters\"><div class=\"w-image  align_center\"><img loading=\"lazy\" decoding=\"async\" width=\"730\" height=\"200\" src=\"https:\/\/nam-viet-voyage.com\/wp-content\/uploads\/2015\/01\/tam-coc-garden-ninh-binh.png\" class=\"attachment-full size-full\" alt=\"tam-coc-garden-ninh-binh\" srcset=\"https:\/\/nam-viet-voyage.com\/wp-content\/uploads\/2015\/01\/tam-coc-garden-ninh-binh.png 730w, https:\/\/nam-viet-voyage.com\/wp-content\/uploads\/2015\/01\/tam-coc-garden-ninh-binh-300x82.png 300w, https:\/\/nam-viet-voyage.com\/wp-content\/uploads\/2015\/01\/tam-coc-garden-ninh-binh-600x164.png 600w, https:\/\/nam-viet-voyage.com\/wp-content\/uploads\/2015\/01\/tam-coc-garden-ninh-binh-150x41.png 150w\" sizes=\"auto, (max-width: 730px) 100vw, 730px\" \/><\/div><div class=\"wpb_text_column \"><div class=\"wpb_wrapper\">\n<h2 style=\"text-align: center;\">Tam Coc Garden &#8211; Ninh Binh<\/h2>\n<p style=\"text-align: justify;\">Nich\u00e9 au c\u0153ur des rizi\u00e8res de la r\u00e9gion que l\u2019on appelle \u00ab baie d\u2019Halong terrestre \u00bb, le Tam Coc Garden est un petit paradis \u00e0 lui tout seul. Le resort est entour\u00e9 de superbes paysages faits de pains de sucre, de rivi\u00e8res en lacets et de nature verdoyante. Rien ne vient troubler le calme du lieu, qui a \u00e9t\u00e9 pens\u00e9 comme un village traditionnel tonkinois : des maisons en pierre avec un toit de tuiles, des bosquets de bambous, des jardins et des vergers. Les employ\u00e9s quant \u00e0 eux sont tous issus des villages alentour.<\/p>\n<p style=\"text-align: justify;\">Chacun des huit bungalows accueille deux chambres ind\u00e9pendantes, dont la d\u00e9coration en mat\u00e9riaux naturels invite \u00e0 la relaxation. Les chambres b\u00e9n\u00e9ficient toutes d\u2019une terrasse privative offrant une vue sur le panorama de la baie d\u2019Halong terrestre. Au sein du resort, le restaurant propose des saveurs vietnamiennes mais aussi occidentales. De nombreuses activit\u00e9s sont organis\u00e9es par le Tam Coc Garden : broderie, cr\u00e9ation de paniers en bambou ou de filets de p\u00eache, ou encore cours de cuisine ou de calligraphie. De plus, le resort se trouve \u00e0 proximit\u00e9 des sites touristiques de la r\u00e9gion comme les grottes de Tam Coc, Bich Dong qui a servi de d\u00e9cor au c\u00e9l\u00e8bre film Indochine, les grottes de Trang An, mais aussi Hoa Lu l\u2019ancienne capitale du Tonkin, le temple Thai Vi, la cath\u00e9drale Phat Diem et la pagode Bai Dinh.<\/p>\n<\/div> <\/div> <div class=\"g-cols wpb_row offset_small vc_inner \"><div class=\" one-half\"><div class=\"w-image  align_center\"><img loading=\"lazy\" decoding=\"async\" width=\"320\" height=\"213\" src=\"https:\/\/nam-viet-voyage.com\/wp-content\/uploads\/2015\/01\/11.jpg\" class=\"attachment-full size-full\" alt=\"tam-coc-garden-ninh-binh\" srcset=\"https:\/\/nam-viet-voyage.com\/wp-content\/uploads\/2015\/01\/11.jpg 320w, https:\/\/nam-viet-voyage.com\/wp-content\/uploads\/2015\/01\/11-300x200.jpg 300w, https:\/\/nam-viet-voyage.com\/wp-content\/uploads\/2015\/01\/11-150x100.jpg 150w\" sizes=\"auto, (max-width: 320px) 100vw, 320px\" \/><\/div><div class=\"w-image  align_center\"><img loading=\"lazy\" decoding=\"async\" width=\"320\" height=\"213\" src=\"https:\/\/nam-viet-voyage.com\/wp-content\/uploads\/2015\/01\/tam-coc-nih-binh-view.jpg\" class=\"attachment-full size-full\" alt=\"tam-coc-nih-binh-view\" srcset=\"https:\/\/nam-viet-voyage.com\/wp-content\/uploads\/2015\/01\/tam-coc-nih-binh-view.jpg 320w, https:\/\/nam-viet-voyage.com\/wp-content\/uploads\/2015\/01\/tam-coc-nih-binh-view-300x200.jpg 300w, https:\/\/nam-viet-voyage.com\/wp-content\/uploads\/2015\/01\/tam-coc-nih-binh-view-150x100.jpg 150w\" sizes=\"auto, (max-width: 320px) 100vw, 320px\" \/><\/div><\/div><div class=\" one-half\"><div class=\"w-image  align_center\"><img loading=\"lazy\" decoding=\"async\" width=\"320\" height=\"213\" src=\"https:\/\/nam-viet-voyage.com\/wp-content\/uploads\/2015\/01\/ninh-binh.jpg\" class=\"attachment-full size-full\" alt=\"ninh-binh\" srcset=\"https:\/\/nam-viet-voyage.com\/wp-content\/uploads\/2015\/01\/ninh-binh.jpg 320w, https:\/\/nam-viet-voyage.com\/wp-content\/uploads\/2015\/01\/ninh-binh-300x200.jpg 300w, https:\/\/nam-viet-voyage.com\/wp-content\/uploads\/2015\/01\/ninh-binh-150x100.jpg 150w\" sizes=\"auto, (max-width: 320px) 100vw, 320px\" \/><\/div><div class=\"w-image  align_center\"><img loading=\"lazy\" decoding=\"async\" width=\"320\" height=\"213\" src=\"https:\/\/nam-viet-voyage.com\/wp-content\/uploads\/2015\/01\/outside-ninh-binh.jpg\" class=\"attachment-full size-full\" alt=\"outside-ninh-binh\" srcset=\"https:\/\/nam-viet-voyage.com\/wp-content\/uploads\/2015\/01\/outside-ninh-binh.jpg 320w, https:\/\/nam-viet-voyage.com\/wp-content\/uploads\/2015\/01\/outside-ninh-binh-300x200.jpg 300w, https:\/\/nam-viet-voyage.com\/wp-content\/uploads\/2015\/01\/outside-ninh-binh-150x100.jpg 150w\" sizes=\"auto, (max-width: 320px) 100vw, 320px\" \/><\/div><\/div><\/div><\/div><\/div><\/div><\/section><section class=\"l-section wpb_row height_medium color_secondary\"><div class=\"l-section-h i-cf\"><div class=\"g-cols offset_small\"><div class=\" full-width\"><div class=\"g-cols wpb_row offset_small vc_inner \"><div class=\" full-width\">[vc_custom_heading text=\u00a0\u00bbPour tout projet ou information compl\u00e9mentaire, merci de nous contacter !\u00a0\u00bb font_container=\u00a0\u00bbtag:p|font_size:24|text_align:center\u00a0\u00bb google_fonts=\u00a0\u00bbfont_family:Nothing%20You%20Could%20Do%3Aregular|font_style:400%20regular%3A400%3Anormal\u00a0\u00bb]\n<div class=\"wpcf7 no-js\" id=\"wpcf7-f5977-o1\" lang=\"fr-FR\" dir=\"ltr\" data-wpcf7-id=\"5977\">\n<div class=\"screen-reader-response\"><p role=\"status\" aria-live=\"polite\" aria-atomic=\"true\"><\/p> <ul><\/ul><\/div>\n<form action=\"\/fr\/wp-json\/wp\/v2\/pages\/4355#wpcf7-f5977-o1\" method=\"post\" class=\"wpcf7-form init\" aria-label=\"Formulaire de contact\" novalidate=\"novalidate\" data-status=\"init\">\n<fieldset class=\"hidden-fields-container\"><input type=\"hidden\" name=\"_wpcf7\" value=\"5977\" \/><input type=\"hidden\" name=\"_wpcf7_version\" value=\"6.1.5\" \/><input type=\"hidden\" name=\"_wpcf7_locale\" value=\"fr_FR\" \/><input type=\"hidden\" name=\"_wpcf7_unit_tag\" value=\"wpcf7-f5977-o1\" \/><input type=\"hidden\" name=\"_wpcf7_container_post\" value=\"0\" \/><input type=\"hidden\" name=\"_wpcf7_posted_data_hash\" value=\"\" \/>\n<\/fieldset>\n<p>Votre Nom *\n<\/p>\n<p><span class=\"wpcf7-form-control-wrap\" data-name=\"your-name\"><input size=\"40\" maxlength=\"400\" class=\"wpcf7-form-control wpcf7-text wpcf7-validates-as-required\" aria-required=\"true\" aria-invalid=\"false\" value=\"\" type=\"text\" name=\"your-name\" \/><\/span>\n<\/p>\n<p>Votre Email *\n<\/p>\n<p><span class=\"wpcf7-form-control-wrap\" data-name=\"your-email\"><input size=\"40\" maxlength=\"400\" class=\"wpcf7-form-control wpcf7-email wpcf7-validates-as-required wpcf7-text wpcf7-validates-as-email\" aria-required=\"true\" aria-invalid=\"false\" value=\"\" type=\"email\" name=\"your-email\" \/><\/span>\n<\/p>\n<p>Votre Message *\n<\/p>\n<p><span class=\"wpcf7-form-control-wrap\" data-name=\"your-message\"><textarea cols=\"40\" rows=\"10\" maxlength=\"2000\" class=\"wpcf7-form-control wpcf7-textarea wpcf7-validates-as-required\" aria-required=\"true\" aria-invalid=\"false\" name=\"your-message\"><\/textarea><\/span>\n<\/p>\n<p><input class=\"wpcf7-form-control wpcf7-submit has-spinner\" type=\"submit\" value=\"Envoyer\" \/>\n<\/p><div class=\"wpcf7-response-output\" aria-hidden=\"true\"><\/div>\n<\/form>\n<\/div>\n<\/div><\/div><\/div><\/div><\/div><\/section>\n<p><a href=\"\/\/www.pinterest.com\/pin\/create\/button\/\" data-pin-do=\"buttonBookmark\" data-pin-color=\"red\" data-pin-height=\"128\"><img decoding=\"async\" src=\"\/\/assets.pinterest.com\/images\/pidgets\/pinit_fg_en_rect_red_28.png\" \/><\/a><\/p>","protected":false},"excerpt":{"rendered":"[vc_wp_custommenu nav_menu=\"166\" title=\"Votre h\u00f4tel - Nature\"] Tam Coc Garden - Ninh Binh Nich\u00e9 au c\u0153ur des rizi\u00e8res de la r\u00e9gion que l\u2019on appelle \u00ab baie d\u2019Halong terrestre \u00bb, le Tam...","protected":false},"author":2,"featured_media":0,"parent":0,"menu_order":0,"comment_status":"closed","ping_status":"open","template":"","meta":{"_crdt_document":"","footnotes":""},"class_list":["post-4355","page","type-page","status-publish","hentry"],"yoast_head":"<!-- This site is optimized with the Yoast SEO plugin v26.9 - https:\/\/yoast.com\/product\/yoast-seo-wordpress\/ -->\n<title>Tam Coc Garden - Ninh Binh - Nam Viet Voyage<\/title>\n<meta name=\"description\" content=\"Au c\u0153ur de la baie d\u2019Halong terrestre, le Tam Coc Garden est un paradis de d\u00e9tente \u00e0 l\u2019atmosph\u00e8re naturelle et reposante.\" \/>\n<meta name=\"robots\" content=\"index, follow, max-snippet:-1, max-image-preview:large, max-video-preview:-1\" \/>\n<link rel=\"canonical\" href=\"https:\/\/nam-viet-voyage.com\/fr\/tam-coc-garden-ninh-binh\/\" \/>\n<meta property=\"og:locale\" content=\"fr_FR\" \/>\n<meta property=\"og:type\" content=\"article\" \/>\n<meta property=\"og:title\" content=\"Tam Coc Garden - Ninh Binh - Nam Viet Voyage\" \/>\n<meta property=\"og:description\" content=\"Au c\u0153ur de la baie d\u2019Halong terrestre, le Tam Coc Garden est un paradis de d\u00e9tente \u00e0 l\u2019atmosph\u00e8re naturelle et reposante.\" \/>\n<meta property=\"og:url\" content=\"https:\/\/nam-viet-voyage.com\/fr\/tam-coc-garden-ninh-binh\/\" \/>\n<meta property=\"og:site_name\" content=\"Nam Viet Voyage\" \/>\n<meta property=\"article:publisher\" content=\"https:\/\/www.facebook.com\/NamVietVoyage\" \/>\n<meta property=\"article:modified_time\" content=\"2016-05-25T07:45:02+00:00\" \/>\n<meta name=\"twitter:card\" content=\"summary_large_image\" \/>\n<meta name=\"twitter:site\" content=\"@NamVietVoyage\" \/>\n<meta name=\"twitter:label1\" content=\"Dur\u00e9e de lecture estim\u00e9e\" \/>\n\t<meta name=\"twitter:data1\" content=\"2 minutes\" \/>\n<script type=\"application\/ld+json\" class=\"yoast-schema-graph\">{\"@context\":\"https:\/\/schema.org\",\"@graph\":[{\"@type\":\"WebPage\",\"@id\":\"https:\/\/nam-viet-voyage.com\/fr\/tam-coc-garden-ninh-binh\/\",\"url\":\"https:\/\/nam-viet-voyage.com\/fr\/tam-coc-garden-ninh-binh\/\",\"name\":\"Tam Coc Garden - Ninh Binh - Nam Viet Voyage\",\"isPartOf\":{\"@id\":\"http:\/\/nam-viet-voyage.com\/fr\/#website\"},\"datePublished\":\"2015-01-22T04:17:50+00:00\",\"dateModified\":\"2016-05-25T07:45:02+00:00\",\"description\":\"Au c\u0153ur de la baie d\u2019Halong terrestre, le Tam Coc Garden est un paradis de d\u00e9tente \u00e0 l\u2019atmosph\u00e8re naturelle et reposante.\",\"breadcrumb\":{\"@id\":\"https:\/\/nam-viet-voyage.com\/fr\/tam-coc-garden-ninh-binh\/#breadcrumb\"},\"inLanguage\":\"fr-FR\",\"potentialAction\":[{\"@type\":\"ReadAction\",\"target\":[\"https:\/\/nam-viet-voyage.com\/fr\/tam-coc-garden-ninh-binh\/\"]}]},{\"@type\":\"BreadcrumbList\",\"@id\":\"https:\/\/nam-viet-voyage.com\/fr\/tam-coc-garden-ninh-binh\/#breadcrumb\",\"itemListElement\":[{\"@type\":\"ListItem\",\"position\":1,\"name\":\"Home\",\"item\":\"http:\/\/nam-viet-voyage.com\/fr\/\"},{\"@type\":\"ListItem\",\"position\":2,\"name\":\"Tam Coc Garden &#8211; Ninh Binh\"}]},{\"@type\":\"WebSite\",\"@id\":\"http:\/\/nam-viet-voyage.com\/fr\/#website\",\"url\":\"http:\/\/nam-viet-voyage.com\/fr\/\",\"name\":\"Nam Viet Voyage\",\"description\":\"Voyages en Asie du Sud-Est\",\"potentialAction\":[{\"@type\":\"SearchAction\",\"target\":{\"@type\":\"EntryPoint\",\"urlTemplate\":\"http:\/\/nam-viet-voyage.com\/fr\/?s={search_term_string}\"},\"query-input\":{\"@type\":\"PropertyValueSpecification\",\"valueRequired\":true,\"valueName\":\"search_term_string\"}}],\"inLanguage\":\"fr-FR\"}]}<\/script>\n<!-- \/ Yoast SEO plugin. -->","yoast_head_json":{"title":"Tam Coc Garden - Ninh Binh - Nam Viet Voyage","description":"Au c\u0153ur de la baie d\u2019Halong terrestre, le Tam Coc Garden est un paradis de d\u00e9tente \u00e0 l\u2019atmosph\u00e8re naturelle et reposante.","robots":{"index":"index","follow":"follow","max-snippet":"max-snippet:-1","max-image-preview":"max-image-preview:large","max-video-preview":"max-video-preview:-1"},"canonical":"https:\/\/nam-viet-voyage.com\/fr\/tam-coc-garden-ninh-binh\/","og_locale":"fr_FR","og_type":"article","og_title":"Tam Coc Garden - Ninh Binh - Nam Viet Voyage","og_description":"Au c\u0153ur de la baie d\u2019Halong terrestre, le Tam Coc Garden est un paradis de d\u00e9tente \u00e0 l\u2019atmosph\u00e8re naturelle et reposante.","og_url":"https:\/\/nam-viet-voyage.com\/fr\/tam-coc-garden-ninh-binh\/","og_site_name":"Nam Viet Voyage","article_publisher":"https:\/\/www.facebook.com\/NamVietVoyage","article_modified_time":"2016-05-25T07:45:02+00:00","twitter_card":"summary_large_image","twitter_site":"@NamVietVoyage","twitter_misc":{"Dur\u00e9e de lecture estim\u00e9e":"2 minutes"},"schema":{"@context":"https:\/\/schema.org","@graph":[{"@type":"WebPage","@id":"https:\/\/nam-viet-voyage.com\/fr\/tam-coc-garden-ninh-binh\/","url":"https:\/\/nam-viet-voyage.com\/fr\/tam-coc-garden-ninh-binh\/","name":"Tam Coc Garden - Ninh Binh - Nam Viet Voyage","isPartOf":{"@id":"http:\/\/nam-viet-voyage.com\/fr\/#website"},"datePublished":"2015-01-22T04:17:50+00:00","dateModified":"2016-05-25T07:45:02+00:00","description":"Au c\u0153ur de la baie d\u2019Halong terrestre, le Tam Coc Garden est un paradis de d\u00e9tente \u00e0 l\u2019atmosph\u00e8re naturelle et reposante.","breadcrumb":{"@id":"https:\/\/nam-viet-voyage.com\/fr\/tam-coc-garden-ninh-binh\/#breadcrumb"},"inLanguage":"fr-FR","potentialAction":[{"@type":"ReadAction","target":["https:\/\/nam-viet-voyage.com\/fr\/tam-coc-garden-ninh-binh\/"]}]},{"@type":"BreadcrumbList","@id":"https:\/\/nam-viet-voyage.com\/fr\/tam-coc-garden-ninh-binh\/#breadcrumb","itemListElement":[{"@type":"ListItem","position":1,"name":"Home","item":"http:\/\/nam-viet-voyage.com\/fr\/"},{"@type":"ListItem","position":2,"name":"Tam Coc Garden &#8211; Ninh Binh"}]},{"@type":"WebSite","@id":"http:\/\/nam-viet-voyage.com\/fr\/#website","url":"http:\/\/nam-viet-voyage.com\/fr\/","name":"Nam Viet Voyage","description":"Voyages en Asie du Sud-Est","potentialAction":[{"@type":"SearchAction","target":{"@type":"EntryPoint","urlTemplate":"http:\/\/nam-viet-voyage.com\/fr\/?s={search_term_string}"},"query-input":{"@type":"PropertyValueSpecification","valueRequired":true,"valueName":"search_term_string"}}],"inLanguage":"fr-FR"}]}},"_links":{"self":[{"href":"https:\/\/nam-viet-voyage.com\/fr\/wp-json\/wp\/v2\/pages\/4355","targetHints":{"allow":["GET"]}}],"collection":[{"href":"https:\/\/nam-viet-voyage.com\/fr\/wp-json\/wp\/v2\/pages"}],"about":[{"href":"https:\/\/nam-viet-voyage.com\/fr\/wp-json\/wp\/v2\/types\/page"}],"author":[{"embeddable":true,"href":"https:\/\/nam-viet-voyage.com\/fr\/wp-json\/wp\/v2\/users\/2"}],"replies":[{"embeddable":true,"href":"https:\/\/nam-viet-voyage.com\/fr\/wp-json\/wp\/v2\/comments?post=4355"}],"version-history":[{"count":12,"href":"https:\/\/nam-viet-voyage.com\/fr\/wp-json\/wp\/v2\/pages\/4355\/revisions"}],"predecessor-version":[{"id":11348,"href":"https:\/\/nam-viet-voyage.com\/fr\/wp-json\/wp\/v2\/pages\/4355\/revisions\/11348"}],"wp:attachment":[{"href":"https:\/\/nam-viet-voyage.com\/fr\/wp-json\/wp\/v2\/media?parent=4355"}],"curies":[{"name":"wp","href":"https:\/\/api.w.org\/{rel}","templated":true}]}}