{"id":4231,"date":"2015-01-22T02:25:47","date_gmt":"2015-01-22T02:25:47","guid":{"rendered":"http:\/\/nam-viet-voyage.com\/?page_id=4231"},"modified":"2016-05-25T07:45:03","modified_gmt":"2016-05-25T07:45:03","slug":"muang-la","status":"publish","type":"page","link":"https:\/\/nam-viet-voyage.com\/fr\/muang-la\/","title":{"rendered":"Muang La"},"content":{"rendered":"<section class=\"l-section wpb_row height_medium\"><div class=\"l-section-h i-cf\"><div class=\"g-cols offset_small\"><div class=\" one-quarter\">[vc_wp_custommenu nav_menu=\u00a0\u00bb73&Prime; title=\u00a0\u00bbLaos &#8211; Nos plus\u00a0\u00bb]<\/div><div class=\" three-quarters\"><div class=\"w-image  align_center\"><img loading=\"lazy\" decoding=\"async\" width=\"730\" height=\"200\" src=\"https:\/\/nam-viet-voyage.com\/wp-content\/uploads\/2015\/01\/muang-la.png\" class=\"attachment-full size-full\" alt=\"muang-la\" srcset=\"https:\/\/nam-viet-voyage.com\/wp-content\/uploads\/2015\/01\/muang-la.png 730w, https:\/\/nam-viet-voyage.com\/wp-content\/uploads\/2015\/01\/muang-la-300x82.png 300w, https:\/\/nam-viet-voyage.com\/wp-content\/uploads\/2015\/01\/muang-la-600x164.png 600w, https:\/\/nam-viet-voyage.com\/wp-content\/uploads\/2015\/01\/muang-la-150x41.png 150w\" sizes=\"auto, (max-width: 730px) 100vw, 730px\" \/><\/div>[vc_custom_heading text=\u00a0\u00bbMuang La\u00a0\u00bb font_container=\u00a0\u00bbtag:h2|font_size:26|text_align:center\u00a0\u00bb google_fonts=\u00a0\u00bbfont_family:Droid%20Sans%3Aregular%2C700|font_style:400%20regular%3A400%3Anormal\u00a0\u00bb]<div class=\"wpb_text_column \"><div class=\"wpb_wrapper\"><p>Muang La est un village situ\u00e9 dans le nord du Laos, \u00e0 seulement 28 kilom\u00e8tres de la ville d\u2019Udomxai, \u00e0 la confluence des rivi\u00e8res Nam La et Nam Phak. Perdu dans la nature, c\u2019est l\u2019endroit id\u00e9al pour se ressourcer et profiter de jolis paysages. L\u2019attraction principale de Muang La est sans doute son temple qui abrite l\u2019une des statues de Bouddha les plus v\u00e9n\u00e9r\u00e9es du pays, le Pra Singkham, vieux de 400 ans. Les bains d\u2019eau chaude naturels font aussi partie des incontournables, qui jaillissent de la rivi\u00e8re. Il y est aussi possible de visiter une mine de sel traditionnelle. Sur place, vous pourrez loger au Muang La Resort, un endroit tr\u00e8s paisible.<\/p><\/div> <\/div> <\/div><\/div><\/div><\/section><section class=\"l-section wpb_row height_medium color_secondary\"><div class=\"l-section-h i-cf\"><div class=\"g-cols offset_small\"><div class=\" full-width\"><div class=\"g-cols wpb_row offset_small vc_inner \"><div class=\" full-width\">[vc_custom_heading text=\u00a0\u00bbPour tout projet ou information compl\u00e9mentaire, merci de nous contacter !\u00a0\u00bb font_container=\u00a0\u00bbtag:p|font_size:24|text_align:center\u00a0\u00bb google_fonts=\u00a0\u00bbfont_family:Nothing%20You%20Could%20Do%3Aregular|font_style:400%20regular%3A400%3Anormal\u00a0\u00bb]\n<div class=\"wpcf7 no-js\" id=\"wpcf7-f5977-o1\" lang=\"fr-FR\" dir=\"ltr\" data-wpcf7-id=\"5977\">\n<div class=\"screen-reader-response\"><p role=\"status\" aria-live=\"polite\" aria-atomic=\"true\"><\/p> <ul><\/ul><\/div>\n<form action=\"\/fr\/wp-json\/wp\/v2\/pages\/4231#wpcf7-f5977-o1\" method=\"post\" class=\"wpcf7-form init\" aria-label=\"Formulaire de contact\" novalidate=\"novalidate\" data-status=\"init\">\n<fieldset class=\"hidden-fields-container\"><input type=\"hidden\" name=\"_wpcf7\" value=\"5977\" \/><input type=\"hidden\" name=\"_wpcf7_version\" value=\"6.1.5\" \/><input type=\"hidden\" name=\"_wpcf7_locale\" value=\"fr_FR\" \/><input type=\"hidden\" name=\"_wpcf7_unit_tag\" value=\"wpcf7-f5977-o1\" \/><input type=\"hidden\" name=\"_wpcf7_container_post\" value=\"0\" \/><input type=\"hidden\" name=\"_wpcf7_posted_data_hash\" value=\"\" \/>\n<\/fieldset>\n<p>Votre Nom *\n<\/p>\n<p><span class=\"wpcf7-form-control-wrap\" data-name=\"your-name\"><input size=\"40\" maxlength=\"400\" class=\"wpcf7-form-control wpcf7-text wpcf7-validates-as-required\" aria-required=\"true\" aria-invalid=\"false\" value=\"\" type=\"text\" name=\"your-name\" \/><\/span>\n<\/p>\n<p>Votre Email *\n<\/p>\n<p><span class=\"wpcf7-form-control-wrap\" data-name=\"your-email\"><input size=\"40\" maxlength=\"400\" class=\"wpcf7-form-control wpcf7-email wpcf7-validates-as-required wpcf7-text wpcf7-validates-as-email\" aria-required=\"true\" aria-invalid=\"false\" value=\"\" type=\"email\" name=\"your-email\" \/><\/span>\n<\/p>\n<p>Votre Message *\n<\/p>\n<p><span class=\"wpcf7-form-control-wrap\" data-name=\"your-message\"><textarea cols=\"40\" rows=\"10\" maxlength=\"2000\" class=\"wpcf7-form-control wpcf7-textarea wpcf7-validates-as-required\" aria-required=\"true\" aria-invalid=\"false\" name=\"your-message\"><\/textarea><\/span>\n<\/p>\n<p><input class=\"wpcf7-form-control wpcf7-submit has-spinner\" type=\"submit\" value=\"Envoyer\" \/>\n<\/p><div class=\"wpcf7-response-output\" aria-hidden=\"true\"><\/div>\n<\/form>\n<\/div>\n<\/div><\/div><\/div><\/div><\/div><\/section>\n<p><a href=\"\/\/www.pinterest.com\/pin\/create\/button\/\" data-pin-do=\"buttonBookmark\" data-pin-color=\"red\" data-pin-height=\"128\"><img decoding=\"async\" src=\"\/\/assets.pinterest.com\/images\/pidgets\/pinit_fg_en_rect_red_28.png\" \/><\/a><\/p>","protected":false},"excerpt":{"rendered":"[vc_wp_custommenu nav_menu=\"73\" title=\"Laos - Nos plus\"][vc_custom_heading text=\"Muang La\" font_container=\"tag:h2|font_size:26|text_align:center\" google_fonts=\"font_family:Droid%20Sans%3Aregular%2C700|font_style:400%20regular%3A400%3Anormal\"]Muang La est un village situ\u00e9 dans le nord du Laos, \u00e0 seulement 28 kilom\u00e8tres de la ville d\u2019Udomxai, \u00e0 la...","protected":false},"author":2,"featured_media":0,"parent":0,"menu_order":0,"comment_status":"closed","ping_status":"closed","template":"","meta":{"_crdt_document":"","footnotes":""},"class_list":["post-4231","page","type-page","status-publish","hentry"],"yoast_head":"<!-- This site is optimized with the Yoast SEO plugin v26.9 - https:\/\/yoast.com\/product\/yoast-seo-wordpress\/ -->\n<title>Muang La - Nam Viet Voyage<\/title>\n<meta name=\"description\" content=\"Muang La est l\u2019endroit id\u00e9al pour \u00e9chapper au tumulte des grandes villes lors d\u2019un voyage. Au milieu de la nature, vous pourrez vous y ressourcer.\" \/>\n<meta name=\"robots\" content=\"index, follow, max-snippet:-1, max-image-preview:large, max-video-preview:-1\" \/>\n<link rel=\"canonical\" href=\"https:\/\/nam-viet-voyage.com\/fr\/muang-la\/\" \/>\n<meta property=\"og:locale\" content=\"fr_FR\" \/>\n<meta property=\"og:type\" content=\"article\" \/>\n<meta property=\"og:title\" content=\"Muang La - Nam Viet Voyage\" \/>\n<meta property=\"og:description\" content=\"Muang La est l\u2019endroit id\u00e9al pour \u00e9chapper au tumulte des grandes villes lors d\u2019un voyage. Au milieu de la nature, vous pourrez vous y ressourcer.\" \/>\n<meta property=\"og:url\" content=\"https:\/\/nam-viet-voyage.com\/fr\/muang-la\/\" \/>\n<meta property=\"og:site_name\" content=\"Nam Viet Voyage\" \/>\n<meta property=\"article:publisher\" content=\"https:\/\/www.facebook.com\/NamVietVoyage\" \/>\n<meta property=\"article:modified_time\" content=\"2016-05-25T07:45:03+00:00\" \/>\n<meta name=\"twitter:card\" content=\"summary_large_image\" \/>\n<meta name=\"twitter:site\" content=\"@NamVietVoyage\" \/>\n<meta name=\"twitter:label1\" content=\"Dur\u00e9e de lecture estim\u00e9e\" \/>\n\t<meta name=\"twitter:data1\" content=\"1 minute\" \/>\n<script type=\"application\/ld+json\" class=\"yoast-schema-graph\">{\"@context\":\"https:\/\/schema.org\",\"@graph\":[{\"@type\":\"WebPage\",\"@id\":\"https:\/\/nam-viet-voyage.com\/fr\/muang-la\/\",\"url\":\"https:\/\/nam-viet-voyage.com\/fr\/muang-la\/\",\"name\":\"Muang La - Nam Viet Voyage\",\"isPartOf\":{\"@id\":\"http:\/\/nam-viet-voyage.com\/#website\"},\"datePublished\":\"2015-01-22T02:25:47+00:00\",\"dateModified\":\"2016-05-25T07:45:03+00:00\",\"description\":\"Muang La est l\u2019endroit id\u00e9al pour \u00e9chapper au tumulte des grandes villes lors d\u2019un voyage. Au milieu de la nature, vous pourrez vous y ressourcer.\",\"breadcrumb\":{\"@id\":\"https:\/\/nam-viet-voyage.com\/fr\/muang-la\/#breadcrumb\"},\"inLanguage\":\"fr-FR\",\"potentialAction\":[{\"@type\":\"ReadAction\",\"target\":[\"https:\/\/nam-viet-voyage.com\/fr\/muang-la\/\"]}]},{\"@type\":\"BreadcrumbList\",\"@id\":\"https:\/\/nam-viet-voyage.com\/fr\/muang-la\/#breadcrumb\",\"itemListElement\":[{\"@type\":\"ListItem\",\"position\":1,\"name\":\"Home\",\"item\":\"http:\/\/nam-viet-voyage.com\/fr\/\"},{\"@type\":\"ListItem\",\"position\":2,\"name\":\"Muang La\"}]},{\"@type\":\"WebSite\",\"@id\":\"http:\/\/nam-viet-voyage.com\/#website\",\"url\":\"http:\/\/nam-viet-voyage.com\/\",\"name\":\"Nam Viet Voyage\",\"description\":\"Voyages en Asie du Sud-Est\",\"potentialAction\":[{\"@type\":\"SearchAction\",\"target\":{\"@type\":\"EntryPoint\",\"urlTemplate\":\"http:\/\/nam-viet-voyage.com\/?s={search_term_string}\"},\"query-input\":{\"@type\":\"PropertyValueSpecification\",\"valueRequired\":true,\"valueName\":\"search_term_string\"}}],\"inLanguage\":\"fr-FR\"}]}<\/script>\n<!-- \/ Yoast SEO plugin. -->","yoast_head_json":{"title":"Muang La - Nam Viet Voyage","description":"Muang La est l\u2019endroit id\u00e9al pour \u00e9chapper au tumulte des grandes villes lors d\u2019un voyage. Au milieu de la nature, vous pourrez vous y ressourcer.","robots":{"index":"index","follow":"follow","max-snippet":"max-snippet:-1","max-image-preview":"max-image-preview:large","max-video-preview":"max-video-preview:-1"},"canonical":"https:\/\/nam-viet-voyage.com\/fr\/muang-la\/","og_locale":"fr_FR","og_type":"article","og_title":"Muang La - Nam Viet Voyage","og_description":"Muang La est l\u2019endroit id\u00e9al pour \u00e9chapper au tumulte des grandes villes lors d\u2019un voyage. Au milieu de la nature, vous pourrez vous y ressourcer.","og_url":"https:\/\/nam-viet-voyage.com\/fr\/muang-la\/","og_site_name":"Nam Viet Voyage","article_publisher":"https:\/\/www.facebook.com\/NamVietVoyage","article_modified_time":"2016-05-25T07:45:03+00:00","twitter_card":"summary_large_image","twitter_site":"@NamVietVoyage","twitter_misc":{"Dur\u00e9e de lecture estim\u00e9e":"1 minute"},"schema":{"@context":"https:\/\/schema.org","@graph":[{"@type":"WebPage","@id":"https:\/\/nam-viet-voyage.com\/fr\/muang-la\/","url":"https:\/\/nam-viet-voyage.com\/fr\/muang-la\/","name":"Muang La - Nam Viet Voyage","isPartOf":{"@id":"http:\/\/nam-viet-voyage.com\/#website"},"datePublished":"2015-01-22T02:25:47+00:00","dateModified":"2016-05-25T07:45:03+00:00","description":"Muang La est l\u2019endroit id\u00e9al pour \u00e9chapper au tumulte des grandes villes lors d\u2019un voyage. Au milieu de la nature, vous pourrez vous y ressourcer.","breadcrumb":{"@id":"https:\/\/nam-viet-voyage.com\/fr\/muang-la\/#breadcrumb"},"inLanguage":"fr-FR","potentialAction":[{"@type":"ReadAction","target":["https:\/\/nam-viet-voyage.com\/fr\/muang-la\/"]}]},{"@type":"BreadcrumbList","@id":"https:\/\/nam-viet-voyage.com\/fr\/muang-la\/#breadcrumb","itemListElement":[{"@type":"ListItem","position":1,"name":"Home","item":"http:\/\/nam-viet-voyage.com\/fr\/"},{"@type":"ListItem","position":2,"name":"Muang La"}]},{"@type":"WebSite","@id":"http:\/\/nam-viet-voyage.com\/#website","url":"http:\/\/nam-viet-voyage.com\/","name":"Nam Viet Voyage","description":"Voyages en Asie du Sud-Est","potentialAction":[{"@type":"SearchAction","target":{"@type":"EntryPoint","urlTemplate":"http:\/\/nam-viet-voyage.com\/?s={search_term_string}"},"query-input":{"@type":"PropertyValueSpecification","valueRequired":true,"valueName":"search_term_string"}}],"inLanguage":"fr-FR"}]}},"_links":{"self":[{"href":"https:\/\/nam-viet-voyage.com\/fr\/wp-json\/wp\/v2\/pages\/4231","targetHints":{"allow":["GET"]}}],"collection":[{"href":"https:\/\/nam-viet-voyage.com\/fr\/wp-json\/wp\/v2\/pages"}],"about":[{"href":"https:\/\/nam-viet-voyage.com\/fr\/wp-json\/wp\/v2\/types\/page"}],"author":[{"embeddable":true,"href":"https:\/\/nam-viet-voyage.com\/fr\/wp-json\/wp\/v2\/users\/2"}],"replies":[{"embeddable":true,"href":"https:\/\/nam-viet-voyage.com\/fr\/wp-json\/wp\/v2\/comments?post=4231"}],"version-history":[{"count":7,"href":"https:\/\/nam-viet-voyage.com\/fr\/wp-json\/wp\/v2\/pages\/4231\/revisions"}],"predecessor-version":[{"id":9692,"href":"https:\/\/nam-viet-voyage.com\/fr\/wp-json\/wp\/v2\/pages\/4231\/revisions\/9692"}],"wp:attachment":[{"href":"https:\/\/nam-viet-voyage.com\/fr\/wp-json\/wp\/v2\/media?parent=4231"}],"curies":[{"name":"wp","href":"https:\/\/api.w.org\/{rel}","templated":true}]}}