{"id":4225,"date":"2015-01-22T02:23:03","date_gmt":"2015-01-22T02:23:03","guid":{"rendered":"http:\/\/nam-viet-voyage.com\/?page_id=4225"},"modified":"2016-05-25T07:45:03","modified_gmt":"2016-05-25T07:45:03","slug":"vientiane","status":"publish","type":"page","link":"https:\/\/nam-viet-voyage.com\/fr\/vientiane\/","title":{"rendered":"Vientiane"},"content":{"rendered":"<section class=\"l-section wpb_row height_medium\"><div class=\"l-section-h i-cf\"><div class=\"g-cols offset_small\"><div class=\" one-quarter\">[vc_wp_custommenu nav_menu=\u00a0\u00bb174&Prime; title=\u00a0\u00bbLaos &#8211; L&rsquo;essentiel\u00a0\u00bb]<\/div><div class=\" three-quarters\"><div class=\"w-image  align_center\"><img loading=\"lazy\" decoding=\"async\" width=\"730\" height=\"200\" src=\"https:\/\/nam-viet-voyage.com\/wp-content\/uploads\/2015\/01\/vientiane.png\" class=\"attachment-full size-full\" alt=\"vientiane\" srcset=\"https:\/\/nam-viet-voyage.com\/wp-content\/uploads\/2015\/01\/vientiane.png 730w, https:\/\/nam-viet-voyage.com\/wp-content\/uploads\/2015\/01\/vientiane-300x82.png 300w, https:\/\/nam-viet-voyage.com\/wp-content\/uploads\/2015\/01\/vientiane-600x164.png 600w, https:\/\/nam-viet-voyage.com\/wp-content\/uploads\/2015\/01\/vientiane-150x41.png 150w\" sizes=\"auto, (max-width: 730px) 100vw, 730px\" \/><\/div>[vc_empty_space height=\u00a0\u00bb20px\u00a0\u00bb][vc_custom_heading text=\u00a0\u00bbVientiane\u00a0\u00bb font_container=\u00a0\u00bbtag:h2|font_size:26|text_align:center\u00a0\u00bb google_fonts=\u00a0\u00bbfont_family:Droid%20Sans%3Aregular%2C700|font_style:400%20regular%3A400%3Anormal\u00a0\u00bb]<div class=\"wpb_text_column \"><div class=\"wpb_wrapper\"><p>Tout pr\u00e8s de la fronti\u00e8re avec la Tha\u00eflande, sur les bords du Mekong, se trouve Vientiane, la capitale du Laos. Avec environ 850 000 habitants, il s\u2019agit d\u2019une des plus petites capitales d\u2019Asie du Sud-Est, bien que son ambition n\u2019ait fait que cro\u00eetre les ann\u00e9es pass\u00e9es. Vientiane est une ville tranquille, \u00e0 l\u2019ambiance d\u00e9contract\u00e9e, et dont le style fait r\u00e9sonner le pass\u00e9 colonial. En effet, les larges avenues, la promenade au bord de la rivi\u00e8re et les villas aux somptueux jardins sont des vestiges conserv\u00e9s de la colonisation fran\u00e7aise. \u00c0 l\u2019heure de la modernisation, Vientiane est de plus en plus effervescente, et les nouvelles technologies c\u00f4toient les traditions, un spectacle particuli\u00e8rement int\u00e9ressant, et qui tendra bient\u00f4t \u00e0 dispara\u00eetre.<\/p><\/div> <\/div> <\/div><\/div><\/div><\/section><section class=\"l-section wpb_row height_medium color_secondary with_img\"><div class=\"l-section-img\" style=\"background-image: url(https:\/\/nam-viet-voyage.com\/wp-content\/uploads\/2015\/01\/fond-ardoise-reduit-meilleur.jpg);\" data-img-width=\"1200\" data-img-height=\"960\"><\/div><div class=\"l-section-h i-cf\"><div class=\"g-cols offset_small\"><div class=\" full-width\"><div class=\"g-cols wpb_row offset_small vc_inner \"><div class=\" one-third\"><div class=\"wpb_text_column \"><div class=\"wpb_wrapper\">\n<h5 style=\"text-align: center;\"><a ref=\"magnificPopup\" href=\"http:\/\/nam-viet-voyage.com\/wp-content\/uploads\/2015\/01\/pha-that-luang.png\"><img loading=\"lazy\" decoding=\"async\" class=\"aligncenter wp-image-8435\" src=\"http:\/\/nam-viet-voyage.com\/wp-content\/uploads\/2015\/01\/pha-that-luang-242x300.png\" alt=\"\" width=\"230\" height=\"285\" srcset=\"https:\/\/nam-viet-voyage.com\/wp-content\/uploads\/2015\/01\/pha-that-luang-242x300.png 242w, https:\/\/nam-viet-voyage.com\/wp-content\/uploads\/2015\/01\/pha-that-luang-150x186.png 150w, https:\/\/nam-viet-voyage.com\/wp-content\/uploads\/2015\/01\/pha-that-luang-161x200.png 161w, https:\/\/nam-viet-voyage.com\/wp-content\/uploads\/2015\/01\/pha-that-luang.png 297w\" sizes=\"auto, (max-width: 230px) 100vw, 230px\" \/><\/a><\/h5>\n<p style=\"text-align: justify;\">Consid\u00e9r\u00e9 comme le plus important monument national du Laos, le <strong>Pha That Luang<\/strong> dresse son stupa dor\u00e9 \u00e0 environ 4 km du centre-ville de Vientiane. Il est entour\u00e9 d\u2019un mur d\u2019enceinte de 85 m\u00e8tres de c\u00f4t\u00e9 et contient diverses <strong>statues de Bouddha<\/strong>. La l\u00e9gende raconte que le temple aurait \u00e9t\u00e9 construit pour accueillir la relique du sternum de Bouddha ramen\u00e9 par des missionnaires de l\u2019empereur indien Ashoka au 3<sup>e<\/sup> si\u00e8cle avant J.-C.<\/p>\n<\/div> <\/div> <\/div><div class=\" one-third\"><div class=\"wpb_text_column \"><div class=\"wpb_wrapper\">\n<h5 style=\"text-align: center;\"><a ref=\"magnificPopup\" href=\"http:\/\/nam-viet-voyage.com\/wp-content\/uploads\/2015\/01\/patuxai.png\"><img loading=\"lazy\" decoding=\"async\" class=\"aligncenter wp-image-4766\" src=\"http:\/\/nam-viet-voyage.com\/wp-content\/uploads\/2015\/01\/patuxai.png\" alt=\"patuxai\" width=\"230\" height=\"285\" srcset=\"https:\/\/nam-viet-voyage.com\/wp-content\/uploads\/2015\/01\/patuxai.png 297w, https:\/\/nam-viet-voyage.com\/wp-content\/uploads\/2015\/01\/patuxai-242x300.png 242w, https:\/\/nam-viet-voyage.com\/wp-content\/uploads\/2015\/01\/patuxai-150x186.png 150w, https:\/\/nam-viet-voyage.com\/wp-content\/uploads\/2015\/01\/patuxai-161x200.png 161w\" sizes=\"auto, (max-width: 230px) 100vw, 230px\" \/><\/a><\/h5>\n<p style=\"text-align: justify;\">Le <strong>Patuxai<\/strong> est un b\u00e2timent comm\u00e9moratif qui ressemble grandement \u00e0 l\u2019<strong>Arc de Triomphe parisien<\/strong>. Construit dans les ann\u00e9es 1960, il portait le nom d\u2019Anousavali, qui signifie \u00ab\u00a0m\u00e9moire\u00a0\u00bb, et \u00e9tait d\u00e9di\u00e9 aux soldats laotiens morts pendant les guerres pr\u00e9r\u00e9volutionnaires. Lorsque les communistes du Pathet Lao prirent le pouvoir, ils renomm\u00e8rent le monument Patuxai, qui signifie <strong>\u00ab\u00a0Porte de la victoire\u00a0\u00bb<\/strong>. Il est possible d\u2019y monter et d\u2019observer la vue panoramique sur la ville.<\/p>\n<\/div> <\/div> <\/div><div class=\" one-third\"><div class=\"wpb_text_column \"><div class=\"wpb_wrapper\">\n<h5><a ref=\"magnificPopup\" href=\"http:\/\/nam-viet-voyage.com\/wp-content\/uploads\/2015\/01\/vat-sisakhet.png\"><img loading=\"lazy\" decoding=\"async\" class=\"aligncenter wp-image-8436\" src=\"http:\/\/nam-viet-voyage.com\/wp-content\/uploads\/2015\/01\/vat-sisakhet-250x300.png\" alt=\"\" width=\"238\" height=\"285\" srcset=\"https:\/\/nam-viet-voyage.com\/wp-content\/uploads\/2015\/01\/vat-sisakhet-250x300.png 250w, https:\/\/nam-viet-voyage.com\/wp-content\/uploads\/2015\/01\/vat-sisakhet-150x180.png 150w, https:\/\/nam-viet-voyage.com\/wp-content\/uploads\/2015\/01\/vat-sisakhet-300x360.png 300w, https:\/\/nam-viet-voyage.com\/wp-content\/uploads\/2015\/01\/vat-sisakhet-167x200.png 167w, https:\/\/nam-viet-voyage.com\/wp-content\/uploads\/2015\/01\/vat-sisakhet.png 350w\" sizes=\"auto, (max-width: 238px) 100vw, 238px\" \/><\/a><\/h5>\n<p style=\"text-align: justify;\">Le <strong>Vat Sisakhet<\/strong> est un ensemble religieux construit par le <strong>roi Anouvong<\/strong> entre 1818 et 1824. Il est consid\u00e9r\u00e9 comme le plus ancien temple de Vientiane. Son architecture se base sur le mod\u00e8le tha\u00eflandais, \u00e0 l\u2019\u00e9poque appel\u00e9 Siam. C\u2019est gr\u00e2ce \u00e0 cela que le temple a \u00e9t\u00e9 \u00e9pargn\u00e9 lors du sac de la ville par les arm\u00e9es siamoises en 1827. Le Vat Sisakhet est aussi c\u00e9l\u00e8bre pour les <strong>2 000 statues de Bouddha<\/strong> en c\u00e9ramique et argent dispos\u00e9es partout dans ses clo\u00eetres.<\/p>\n<\/div> <\/div> <\/div><\/div>[vc_empty_space height=\u00a0\u00bb32px\u00a0\u00bb]<div class=\"g-cols wpb_row offset_small vc_inner \"><div class=\" one-half\"><div class=\"wpb_text_column \"><div class=\"wpb_wrapper\">\n<h5 style=\"text-align: center;\"><a ref=\"magnificPopup\" href=\"http:\/\/nam-viet-voyage.com\/wp-content\/uploads\/2015\/01\/that-dam.png\"><img loading=\"lazy\" decoding=\"async\" class=\"aligncenter wp-image-4768\" src=\"http:\/\/nam-viet-voyage.com\/wp-content\/uploads\/2015\/01\/that-dam.png\" alt=\"that-dam\" width=\"230\" height=\"285\" srcset=\"https:\/\/nam-viet-voyage.com\/wp-content\/uploads\/2015\/01\/that-dam.png 297w, https:\/\/nam-viet-voyage.com\/wp-content\/uploads\/2015\/01\/that-dam-242x300.png 242w, https:\/\/nam-viet-voyage.com\/wp-content\/uploads\/2015\/01\/that-dam-150x186.png 150w, https:\/\/nam-viet-voyage.com\/wp-content\/uploads\/2015\/01\/that-dam-161x200.png 161w\" sizes=\"auto, (max-width: 230px) 100vw, 230px\" \/><\/a><\/h5>\n<p style=\"text-align: justify;\">Son nom signifie <strong>\u00ab\u00a0stupa noir\u00a0\u00bb<\/strong> et provient de sa couleur\u00a0; en effet, <strong>That Dam<\/strong> est un \u00e9difice noir abandonn\u00e9 en plein centre de la ville, sur lequel la v\u00e9g\u00e9tation pousse sans vergogne. Il abriterait un dragon \u00e0 sept t\u00eates protecteur de la ville mais qui n\u2019aurait pas emp\u00each\u00e9 le <strong>sac de Vientiane<\/strong> par les Siamois en 1828. Il est aussi dit que le b\u00e2timent \u00e9tait autrefois recouvert de feuilles d\u2019or, justement vol\u00e9es par les arm\u00e9es du Siam.<\/p>\n<\/div> <\/div> <\/div><div class=\" one-half\"><div class=\"wpb_text_column \"><div class=\"wpb_wrapper\">\n<h5 style=\"text-align: center;\"><a ref=\"magnificPopup\" href=\"http:\/\/nam-viet-voyage.com\/wp-content\/uploads\/2015\/01\/parc-du-bouddha.png\"><img loading=\"lazy\" decoding=\"async\" class=\"aligncenter wp-image-8437\" src=\"http:\/\/nam-viet-voyage.com\/wp-content\/uploads\/2015\/01\/parc-du-bouddha-242x300.png\" alt=\"\" width=\"230\" height=\"285\" srcset=\"https:\/\/nam-viet-voyage.com\/wp-content\/uploads\/2015\/01\/parc-du-bouddha-242x300.png 242w, https:\/\/nam-viet-voyage.com\/wp-content\/uploads\/2015\/01\/parc-du-bouddha-150x186.png 150w, https:\/\/nam-viet-voyage.com\/wp-content\/uploads\/2015\/01\/parc-du-bouddha-161x200.png 161w, https:\/\/nam-viet-voyage.com\/wp-content\/uploads\/2015\/01\/parc-du-bouddha.png 297w\" sizes=\"auto, (max-width: 230px) 100vw, 230px\" \/><\/a><\/h5>\n<p style=\"text-align: justify;\">\u00c0 25 km du centre de Vientiane se trouve <strong>Xieng Khuang<\/strong>, un nom qui signifie \u00ab\u00a0ville de l\u2019esprit\u00a0\u00bb, et qui est commun\u00e9ment appel\u00e9 <strong>Parc du Bouddha<\/strong>. Il a \u00e9t\u00e9 construit en 1958 par un moine nomm\u00e9 <strong>Luang Pu Bunleua Sulilat<\/strong> qui, selon l\u2019histoire, souhaitait allier l\u2019hindouisme et le bouddhisme. Le parc comprend plus de <strong>200 statues bouddhistes et hindouistes<\/strong> de toutes les tailles dans un espace agr\u00e9ablement vert. La statue la plus impressionnante est sans doute le Bouddha allong\u00e9 en b\u00e9ton de plus de 20 m\u00e8tres.<\/p>\n<\/div> <\/div> <\/div><\/div><\/div><\/div><\/div><\/section><section class=\"l-section wpb_row height_medium color_secondary\"><div class=\"l-section-h i-cf\"><div class=\"g-cols offset_small\"><div class=\" full-width\"><div class=\"g-cols wpb_row offset_small vc_inner \"><div class=\" full-width\">[vc_custom_heading text=\u00a0\u00bbPour tout projet ou information compl\u00e9mentaire, merci de nous contacter !\u00a0\u00bb font_container=\u00a0\u00bbtag:p|font_size:24|text_align:center\u00a0\u00bb google_fonts=\u00a0\u00bbfont_family:Nothing%20You%20Could%20Do%3Aregular|font_style:400%20regular%3A400%3Anormal\u00a0\u00bb]\n<div class=\"wpcf7 no-js\" id=\"wpcf7-f5977-o1\" lang=\"fr-FR\" dir=\"ltr\" data-wpcf7-id=\"5977\">\n<div class=\"screen-reader-response\"><p role=\"status\" aria-live=\"polite\" aria-atomic=\"true\"><\/p> <ul><\/ul><\/div>\n<form action=\"\/fr\/wp-json\/wp\/v2\/pages\/4225#wpcf7-f5977-o1\" method=\"post\" class=\"wpcf7-form init\" aria-label=\"Formulaire de contact\" novalidate=\"novalidate\" data-status=\"init\">\n<fieldset class=\"hidden-fields-container\"><input type=\"hidden\" name=\"_wpcf7\" value=\"5977\" \/><input type=\"hidden\" name=\"_wpcf7_version\" value=\"6.1.5\" \/><input type=\"hidden\" name=\"_wpcf7_locale\" value=\"fr_FR\" \/><input type=\"hidden\" name=\"_wpcf7_unit_tag\" value=\"wpcf7-f5977-o1\" \/><input type=\"hidden\" name=\"_wpcf7_container_post\" value=\"0\" \/><input type=\"hidden\" name=\"_wpcf7_posted_data_hash\" value=\"\" \/>\n<\/fieldset>\n<p>Votre Nom *\n<\/p>\n<p><span class=\"wpcf7-form-control-wrap\" data-name=\"your-name\"><input size=\"40\" maxlength=\"400\" class=\"wpcf7-form-control wpcf7-text wpcf7-validates-as-required\" aria-required=\"true\" aria-invalid=\"false\" value=\"\" type=\"text\" name=\"your-name\" \/><\/span>\n<\/p>\n<p>Votre Email *\n<\/p>\n<p><span class=\"wpcf7-form-control-wrap\" data-name=\"your-email\"><input size=\"40\" maxlength=\"400\" class=\"wpcf7-form-control wpcf7-email wpcf7-validates-as-required wpcf7-text wpcf7-validates-as-email\" aria-required=\"true\" aria-invalid=\"false\" value=\"\" type=\"email\" name=\"your-email\" \/><\/span>\n<\/p>\n<p>Votre Message *\n<\/p>\n<p><span class=\"wpcf7-form-control-wrap\" data-name=\"your-message\"><textarea cols=\"40\" rows=\"10\" maxlength=\"2000\" class=\"wpcf7-form-control wpcf7-textarea wpcf7-validates-as-required\" aria-required=\"true\" aria-invalid=\"false\" name=\"your-message\"><\/textarea><\/span>\n<\/p>\n<p><input class=\"wpcf7-form-control wpcf7-submit has-spinner\" type=\"submit\" value=\"Envoyer\" \/>\n<\/p><div class=\"wpcf7-response-output\" aria-hidden=\"true\"><\/div>\n<\/form>\n<\/div>\n<\/div><\/div><\/div><\/div><\/div><\/section>\n<p><a href=\"\/\/www.pinterest.com\/pin\/create\/button\/\" data-pin-do=\"buttonBookmark\" data-pin-color=\"red\" data-pin-height=\"128\"><img decoding=\"async\" src=\"\/\/assets.pinterest.com\/images\/pidgets\/pinit_fg_en_rect_red_28.png\" \/><\/a><\/p>","protected":false},"excerpt":{"rendered":"[vc_wp_custommenu nav_menu=\"174\" title=\"Laos - L'essentiel\"][vc_empty_space height=\"20px\"][vc_custom_heading text=\"Vientiane\" font_container=\"tag:h2|font_size:26|text_align:center\" google_fonts=\"font_family:Droid%20Sans%3Aregular%2C700|font_style:400%20regular%3A400%3Anormal\"]Tout pr\u00e8s de la fronti\u00e8re avec la Tha\u00eflande, sur les bords du Mekong, se trouve Vientiane, la capitale du Laos. Avec environ...","protected":false},"author":2,"featured_media":0,"parent":0,"menu_order":0,"comment_status":"closed","ping_status":"closed","template":"","meta":{"_crdt_document":"","footnotes":""},"class_list":["post-4225","page","type-page","status-publish","hentry"],"yoast_head":"<!-- This site is optimized with the Yoast SEO plugin v26.9 - https:\/\/yoast.com\/product\/yoast-seo-wordpress\/ -->\n<title>Vientiane - Nam Viet Voyage<\/title>\n<meta name=\"description\" content=\"Vientiane, la capitale du Laos, est une ville tranquille install\u00e9e sur les bords du Mekong qui conserve les traces de son pass\u00e9 et de ses traditions.\" \/>\n<meta name=\"robots\" content=\"index, follow, max-snippet:-1, max-image-preview:large, max-video-preview:-1\" \/>\n<link rel=\"canonical\" href=\"http:\/\/nam-viet-voyage.com\/fr\/vientiane\/\" \/>\n<meta property=\"og:locale\" content=\"fr_FR\" \/>\n<meta property=\"og:type\" content=\"article\" \/>\n<meta property=\"og:title\" content=\"Vientiane - Nam Viet Voyage\" \/>\n<meta property=\"og:description\" content=\"Vientiane, la capitale du Laos, est une ville tranquille install\u00e9e sur les bords du Mekong qui conserve les traces de son pass\u00e9 et de ses traditions.\" \/>\n<meta property=\"og:url\" content=\"http:\/\/nam-viet-voyage.com\/fr\/vientiane\/\" \/>\n<meta property=\"og:site_name\" content=\"Nam Viet Voyage\" \/>\n<meta property=\"article:publisher\" content=\"https:\/\/www.facebook.com\/NamVietVoyage\" \/>\n<meta property=\"article:modified_time\" content=\"2016-05-25T07:45:03+00:00\" \/>\n<meta property=\"og:image\" content=\"http:\/\/nam-viet-voyage.com\/wp-content\/uploads\/2015\/01\/pha-that-luang-242x300.png\" \/>\n<meta name=\"twitter:card\" content=\"summary_large_image\" \/>\n<meta name=\"twitter:site\" content=\"@NamVietVoyage\" \/>\n<meta name=\"twitter:label1\" content=\"Dur\u00e9e de lecture estim\u00e9e\" \/>\n\t<meta name=\"twitter:data1\" content=\"4 minutes\" \/>\n<script type=\"application\/ld+json\" class=\"yoast-schema-graph\">{\"@context\":\"https:\/\/schema.org\",\"@graph\":[{\"@type\":\"WebPage\",\"@id\":\"http:\/\/nam-viet-voyage.com\/fr\/vientiane\/\",\"url\":\"http:\/\/nam-viet-voyage.com\/fr\/vientiane\/\",\"name\":\"Vientiane - Nam Viet Voyage\",\"isPartOf\":{\"@id\":\"https:\/\/nam-viet-voyage.com\/#website\"},\"primaryImageOfPage\":{\"@id\":\"http:\/\/nam-viet-voyage.com\/fr\/vientiane\/#primaryimage\"},\"image\":{\"@id\":\"http:\/\/nam-viet-voyage.com\/fr\/vientiane\/#primaryimage\"},\"thumbnailUrl\":\"http:\/\/nam-viet-voyage.com\/wp-content\/uploads\/2015\/01\/pha-that-luang-242x300.png\",\"datePublished\":\"2015-01-22T02:23:03+00:00\",\"dateModified\":\"2016-05-25T07:45:03+00:00\",\"description\":\"Vientiane, la capitale du Laos, est une ville tranquille install\u00e9e sur les bords du Mekong qui conserve les traces de son pass\u00e9 et de ses traditions.\",\"breadcrumb\":{\"@id\":\"http:\/\/nam-viet-voyage.com\/fr\/vientiane\/#breadcrumb\"},\"inLanguage\":\"fr-FR\",\"potentialAction\":[{\"@type\":\"ReadAction\",\"target\":[\"http:\/\/nam-viet-voyage.com\/fr\/vientiane\/\"]}]},{\"@type\":\"ImageObject\",\"inLanguage\":\"fr-FR\",\"@id\":\"http:\/\/nam-viet-voyage.com\/fr\/vientiane\/#primaryimage\",\"url\":\"http:\/\/nam-viet-voyage.com\/wp-content\/uploads\/2015\/01\/pha-that-luang-242x300.png\",\"contentUrl\":\"http:\/\/nam-viet-voyage.com\/wp-content\/uploads\/2015\/01\/pha-that-luang-242x300.png\"},{\"@type\":\"BreadcrumbList\",\"@id\":\"http:\/\/nam-viet-voyage.com\/fr\/vientiane\/#breadcrumb\",\"itemListElement\":[{\"@type\":\"ListItem\",\"position\":1,\"name\":\"Home\",\"item\":\"http:\/\/nam-viet-voyage.com\/fr\/\"},{\"@type\":\"ListItem\",\"position\":2,\"name\":\"Vientiane\"}]},{\"@type\":\"WebSite\",\"@id\":\"https:\/\/nam-viet-voyage.com\/#website\",\"url\":\"https:\/\/nam-viet-voyage.com\/\",\"name\":\"Nam Viet Voyage\",\"description\":\"Voyages en Asie du Sud-Est\",\"potentialAction\":[{\"@type\":\"SearchAction\",\"target\":{\"@type\":\"EntryPoint\",\"urlTemplate\":\"https:\/\/nam-viet-voyage.com\/?s={search_term_string}\"},\"query-input\":{\"@type\":\"PropertyValueSpecification\",\"valueRequired\":true,\"valueName\":\"search_term_string\"}}],\"inLanguage\":\"fr-FR\"}]}<\/script>\n<!-- \/ Yoast SEO plugin. -->","yoast_head_json":{"title":"Vientiane - Nam Viet Voyage","description":"Vientiane, la capitale du Laos, est une ville tranquille install\u00e9e sur les bords du Mekong qui conserve les traces de son pass\u00e9 et de ses traditions.","robots":{"index":"index","follow":"follow","max-snippet":"max-snippet:-1","max-image-preview":"max-image-preview:large","max-video-preview":"max-video-preview:-1"},"canonical":"http:\/\/nam-viet-voyage.com\/fr\/vientiane\/","og_locale":"fr_FR","og_type":"article","og_title":"Vientiane - Nam Viet Voyage","og_description":"Vientiane, la capitale du Laos, est une ville tranquille install\u00e9e sur les bords du Mekong qui conserve les traces de son pass\u00e9 et de ses traditions.","og_url":"http:\/\/nam-viet-voyage.com\/fr\/vientiane\/","og_site_name":"Nam Viet Voyage","article_publisher":"https:\/\/www.facebook.com\/NamVietVoyage","article_modified_time":"2016-05-25T07:45:03+00:00","og_image":[{"url":"http:\/\/nam-viet-voyage.com\/wp-content\/uploads\/2015\/01\/pha-that-luang-242x300.png","type":"","width":"","height":""}],"twitter_card":"summary_large_image","twitter_site":"@NamVietVoyage","twitter_misc":{"Dur\u00e9e de lecture estim\u00e9e":"4 minutes"},"schema":{"@context":"https:\/\/schema.org","@graph":[{"@type":"WebPage","@id":"http:\/\/nam-viet-voyage.com\/fr\/vientiane\/","url":"http:\/\/nam-viet-voyage.com\/fr\/vientiane\/","name":"Vientiane - Nam Viet Voyage","isPartOf":{"@id":"https:\/\/nam-viet-voyage.com\/#website"},"primaryImageOfPage":{"@id":"http:\/\/nam-viet-voyage.com\/fr\/vientiane\/#primaryimage"},"image":{"@id":"http:\/\/nam-viet-voyage.com\/fr\/vientiane\/#primaryimage"},"thumbnailUrl":"http:\/\/nam-viet-voyage.com\/wp-content\/uploads\/2015\/01\/pha-that-luang-242x300.png","datePublished":"2015-01-22T02:23:03+00:00","dateModified":"2016-05-25T07:45:03+00:00","description":"Vientiane, la capitale du Laos, est une ville tranquille install\u00e9e sur les bords du Mekong qui conserve les traces de son pass\u00e9 et de ses traditions.","breadcrumb":{"@id":"http:\/\/nam-viet-voyage.com\/fr\/vientiane\/#breadcrumb"},"inLanguage":"fr-FR","potentialAction":[{"@type":"ReadAction","target":["http:\/\/nam-viet-voyage.com\/fr\/vientiane\/"]}]},{"@type":"ImageObject","inLanguage":"fr-FR","@id":"http:\/\/nam-viet-voyage.com\/fr\/vientiane\/#primaryimage","url":"http:\/\/nam-viet-voyage.com\/wp-content\/uploads\/2015\/01\/pha-that-luang-242x300.png","contentUrl":"http:\/\/nam-viet-voyage.com\/wp-content\/uploads\/2015\/01\/pha-that-luang-242x300.png"},{"@type":"BreadcrumbList","@id":"http:\/\/nam-viet-voyage.com\/fr\/vientiane\/#breadcrumb","itemListElement":[{"@type":"ListItem","position":1,"name":"Home","item":"http:\/\/nam-viet-voyage.com\/fr\/"},{"@type":"ListItem","position":2,"name":"Vientiane"}]},{"@type":"WebSite","@id":"https:\/\/nam-viet-voyage.com\/#website","url":"https:\/\/nam-viet-voyage.com\/","name":"Nam Viet Voyage","description":"Voyages en Asie du Sud-Est","potentialAction":[{"@type":"SearchAction","target":{"@type":"EntryPoint","urlTemplate":"https:\/\/nam-viet-voyage.com\/?s={search_term_string}"},"query-input":{"@type":"PropertyValueSpecification","valueRequired":true,"valueName":"search_term_string"}}],"inLanguage":"fr-FR"}]}},"_links":{"self":[{"href":"https:\/\/nam-viet-voyage.com\/fr\/wp-json\/wp\/v2\/pages\/4225","targetHints":{"allow":["GET"]}}],"collection":[{"href":"https:\/\/nam-viet-voyage.com\/fr\/wp-json\/wp\/v2\/pages"}],"about":[{"href":"https:\/\/nam-viet-voyage.com\/fr\/wp-json\/wp\/v2\/types\/page"}],"author":[{"embeddable":true,"href":"https:\/\/nam-viet-voyage.com\/fr\/wp-json\/wp\/v2\/users\/2"}],"replies":[{"embeddable":true,"href":"https:\/\/nam-viet-voyage.com\/fr\/wp-json\/wp\/v2\/comments?post=4225"}],"version-history":[{"count":16,"href":"https:\/\/nam-viet-voyage.com\/fr\/wp-json\/wp\/v2\/pages\/4225\/revisions"}],"predecessor-version":[{"id":11358,"href":"https:\/\/nam-viet-voyage.com\/fr\/wp-json\/wp\/v2\/pages\/4225\/revisions\/11358"}],"wp:attachment":[{"href":"https:\/\/nam-viet-voyage.com\/fr\/wp-json\/wp\/v2\/media?parent=4225"}],"curies":[{"name":"wp","href":"https:\/\/api.w.org\/{rel}","templated":true}]}}