{"id":4209,"date":"2015-01-22T02:10:47","date_gmt":"2015-01-22T02:10:47","guid":{"rendered":"http:\/\/nam-viet-voyage.com\/?page_id=4209"},"modified":"2016-05-25T07:45:03","modified_gmt":"2016-05-25T07:45:03","slug":"sofitel-phokeethra-country-club-siem-reap","status":"publish","type":"page","link":"https:\/\/nam-viet-voyage.com\/fr\/sofitel-phokeethra-country-club-siem-reap\/","title":{"rendered":"Sofitel Angkor Phokeethra Golf &#038; Spa Resort &#8211; Siem Reap"},"content":{"rendered":"<section class=\"l-section wpb_row height_medium\"><div class=\"l-section-h i-cf\"><div class=\"g-cols offset_small\"><div class=\" one-quarter\">[vc_wp_custommenu nav_menu=\u00a0\u00bb328&Prime; title=\u00a0\u00bbVotre h\u00f4tel &#8211; Cambodge\u00a0\u00bb]<\/div><div class=\" three-quarters\"><div class=\"w-image  align_center\"><img loading=\"lazy\" decoding=\"async\" width=\"730\" height=\"200\" src=\"https:\/\/nam-viet-voyage.com\/wp-content\/uploads\/2015\/01\/sofitel-angkor-resort-spa-siem-reap2.png\" class=\"attachment-full size-full\" alt=\"sofitel-angkor-resort-&amp;-spa-siem-reap\" srcset=\"https:\/\/nam-viet-voyage.com\/wp-content\/uploads\/2015\/01\/sofitel-angkor-resort-spa-siem-reap2.png 730w, https:\/\/nam-viet-voyage.com\/wp-content\/uploads\/2015\/01\/sofitel-angkor-resort-spa-siem-reap2-300x82.png 300w, https:\/\/nam-viet-voyage.com\/wp-content\/uploads\/2015\/01\/sofitel-angkor-resort-spa-siem-reap2-600x164.png 600w, https:\/\/nam-viet-voyage.com\/wp-content\/uploads\/2015\/01\/sofitel-angkor-resort-spa-siem-reap2-150x41.png 150w\" sizes=\"auto, (max-width: 730px) 100vw, 730px\" \/><\/div><div class=\"wpb_text_column \"><div class=\"wpb_wrapper\">\n<h2 style=\"text-align: center;\">Sofitel Angkor Phokeethra Golf &amp; Spa Resort<\/h2>\n<p style=\"text-align: justify;\">\u00c0 seulement cinq minutes du c\u00e9l\u00e8bre complexe d&rsquo;Angkor, le Sofitel Angkor Phokeethra Golf &amp; Spa Resort propose un service de luxe \u00e0 sa client\u00e8le. Les 238 chambres et suites de l&rsquo;h\u00f4tel sont d\u00e9cor\u00e9es avec \u00e9l\u00e9gance et sobri\u00e9t\u00e9, dans un cadre naturel agr\u00e9able. \u00c0 l&rsquo;ext\u00e9rieur, la grande piscine \u00e0 la forme originale permet de d\u00e9compresser tout en sirotant une boisson fra\u00eeche. L&rsquo;h\u00f4tel est en outre c\u00e9l\u00e8bre pour son terrain de golf 18 trous situ\u00e9 \u00e0 25 minutes de l\u00e0, le Phokeethra Country Club. Vous appr\u00e9cierez son environnement naturel, et la pr\u00e9sence d&rsquo;un vestige arch\u00e9ologique inscrit \u00e0 l&rsquo;UNESCO, le pont Roluh, datant du 11<sup>e<\/sup> si\u00e8cle. Sur place, le club met \u00e0 disposition ses services de location de caddy, clubs, chaussures et autres \u00e9quipements. Les joueurs peuvent en plus compl\u00e9ter leur mat\u00e9riel gr\u00e2ce \u00e0 la boutique de golf professionnelle. Un restaurant propose une carte m\u00ealant saveurs khm\u00e8res et plats occidentaux.<\/p>\n<\/div> <\/div> [vc_empty_space height=\u00a0\u00bb30px\u00a0\u00bb]<div class=\"g-cols wpb_row offset_small vc_inner \"><div class=\" one-half\"><div class=\"w-image  align_center\"><img loading=\"lazy\" decoding=\"async\" width=\"320\" height=\"213\" src=\"https:\/\/nam-viet-voyage.com\/wp-content\/uploads\/2015\/01\/sofitel-angkor-phokeethra-lobby.jpg\" class=\"attachment-full size-full\" alt=\"Vue du lobby au Sofitel Angkor Phokeethra\" srcset=\"https:\/\/nam-viet-voyage.com\/wp-content\/uploads\/2015\/01\/sofitel-angkor-phokeethra-lobby.jpg 320w, https:\/\/nam-viet-voyage.com\/wp-content\/uploads\/2015\/01\/sofitel-angkor-phokeethra-lobby-300x200.jpg 300w\" sizes=\"auto, (max-width: 320px) 100vw, 320px\" \/><\/div><div class=\"w-image  align_center\"><img loading=\"lazy\" decoding=\"async\" width=\"320\" height=\"213\" src=\"https:\/\/nam-viet-voyage.com\/wp-content\/uploads\/2015\/01\/Sofitel-Angkor-Phokeethra-view.jpg\" class=\"attachment-full size-full\" alt=\"Reflet sur l&#039;eau au Sofitel Angkor Phokeethra\" srcset=\"https:\/\/nam-viet-voyage.com\/wp-content\/uploads\/2015\/01\/Sofitel-Angkor-Phokeethra-view.jpg 320w, https:\/\/nam-viet-voyage.com\/wp-content\/uploads\/2015\/01\/Sofitel-Angkor-Phokeethra-view-300x200.jpg 300w\" sizes=\"auto, (max-width: 320px) 100vw, 320px\" \/><\/div><\/div><div class=\" one-half\"><div class=\"w-image  align_center\"><img loading=\"lazy\" decoding=\"async\" width=\"320\" height=\"213\" src=\"https:\/\/nam-viet-voyage.com\/wp-content\/uploads\/2015\/01\/Sofitel-Angkor-Phokeethra-pool.jpg\" class=\"attachment-full size-full\" alt=\"Piscine au Sofitel Angkor Phokeethra\" srcset=\"https:\/\/nam-viet-voyage.com\/wp-content\/uploads\/2015\/01\/Sofitel-Angkor-Phokeethra-pool.jpg 320w, https:\/\/nam-viet-voyage.com\/wp-content\/uploads\/2015\/01\/Sofitel-Angkor-Phokeethra-pool-300x200.jpg 300w\" sizes=\"auto, (max-width: 320px) 100vw, 320px\" \/><\/div><div class=\"w-image  align_center\"><img loading=\"lazy\" decoding=\"async\" width=\"320\" height=\"213\" src=\"https:\/\/nam-viet-voyage.com\/wp-content\/uploads\/2015\/01\/sofitel-angkor-phokeethra-sunset.jpg\" class=\"attachment-full size-full\" alt=\"Coucher de soleil au Sofitel Angkor Phokeethra\" srcset=\"https:\/\/nam-viet-voyage.com\/wp-content\/uploads\/2015\/01\/sofitel-angkor-phokeethra-sunset.jpg 320w, https:\/\/nam-viet-voyage.com\/wp-content\/uploads\/2015\/01\/sofitel-angkor-phokeethra-sunset-300x200.jpg 300w\" sizes=\"auto, (max-width: 320px) 100vw, 320px\" \/><\/div><\/div><\/div><\/div><\/div><\/div><\/section><section class=\"l-section wpb_row height_medium color_secondary\"><div class=\"l-section-h i-cf\"><div class=\"g-cols offset_small\"><div class=\" full-width\"><div class=\"g-cols wpb_row offset_small vc_inner \"><div class=\" full-width\">[vc_custom_heading text=\u00a0\u00bbPour tout projet ou information compl\u00e9mentaire, merci de nous contacter !\u00a0\u00bb font_container=\u00a0\u00bbtag:p|font_size:24|text_align:center\u00a0\u00bb google_fonts=\u00a0\u00bbfont_family:Nothing%20You%20Could%20Do%3Aregular|font_style:400%20regular%3A400%3Anormal\u00a0\u00bb]\n<div class=\"wpcf7 no-js\" id=\"wpcf7-f5977-o1\" lang=\"fr-FR\" dir=\"ltr\" data-wpcf7-id=\"5977\">\n<div class=\"screen-reader-response\"><p role=\"status\" aria-live=\"polite\" aria-atomic=\"true\"><\/p> <ul><\/ul><\/div>\n<form action=\"\/fr\/wp-json\/wp\/v2\/pages\/4209#wpcf7-f5977-o1\" method=\"post\" class=\"wpcf7-form init\" aria-label=\"Formulaire de contact\" novalidate=\"novalidate\" data-status=\"init\">\n<fieldset class=\"hidden-fields-container\"><input type=\"hidden\" name=\"_wpcf7\" value=\"5977\" \/><input type=\"hidden\" name=\"_wpcf7_version\" value=\"6.1.5\" \/><input type=\"hidden\" name=\"_wpcf7_locale\" value=\"fr_FR\" \/><input type=\"hidden\" name=\"_wpcf7_unit_tag\" value=\"wpcf7-f5977-o1\" \/><input type=\"hidden\" name=\"_wpcf7_container_post\" value=\"0\" \/><input type=\"hidden\" name=\"_wpcf7_posted_data_hash\" value=\"\" \/>\n<\/fieldset>\n<p>Votre Nom *\n<\/p>\n<p><span class=\"wpcf7-form-control-wrap\" data-name=\"your-name\"><input size=\"40\" maxlength=\"400\" class=\"wpcf7-form-control wpcf7-text wpcf7-validates-as-required\" aria-required=\"true\" aria-invalid=\"false\" value=\"\" type=\"text\" name=\"your-name\" \/><\/span>\n<\/p>\n<p>Votre Email *\n<\/p>\n<p><span class=\"wpcf7-form-control-wrap\" data-name=\"your-email\"><input size=\"40\" maxlength=\"400\" class=\"wpcf7-form-control wpcf7-email wpcf7-validates-as-required wpcf7-text wpcf7-validates-as-email\" aria-required=\"true\" aria-invalid=\"false\" value=\"\" type=\"email\" name=\"your-email\" \/><\/span>\n<\/p>\n<p>Votre Message *\n<\/p>\n<p><span class=\"wpcf7-form-control-wrap\" data-name=\"your-message\"><textarea cols=\"40\" rows=\"10\" maxlength=\"2000\" class=\"wpcf7-form-control wpcf7-textarea wpcf7-validates-as-required\" aria-required=\"true\" aria-invalid=\"false\" name=\"your-message\"><\/textarea><\/span>\n<\/p>\n<p><input class=\"wpcf7-form-control wpcf7-submit has-spinner\" type=\"submit\" value=\"Envoyer\" \/>\n<\/p><div class=\"wpcf7-response-output\" aria-hidden=\"true\"><\/div>\n<\/form>\n<\/div>\n<\/div><\/div><\/div><\/div><\/div><\/section>\n<p><a href=\"\/\/www.pinterest.com\/pin\/create\/button\/\" data-pin-do=\"buttonBookmark\" data-pin-color=\"red\" data-pin-height=\"128\"><img decoding=\"async\" src=\"\/\/assets.pinterest.com\/images\/pidgets\/pinit_fg_en_rect_red_28.png\" \/><\/a><\/p>","protected":false},"excerpt":{"rendered":"[vc_wp_custommenu nav_menu=\"328\" title=\"Votre h\u00f4tel - Cambodge\"] Sofitel Angkor Phokeethra Golf &amp; Spa Resort \u00c0 seulement cinq minutes du c\u00e9l\u00e8bre complexe d'Angkor, le Sofitel Angkor Phokeethra Golf &amp; Spa Resort propose...","protected":false},"author":2,"featured_media":0,"parent":0,"menu_order":0,"comment_status":"closed","ping_status":"open","template":"","meta":{"_crdt_document":"","footnotes":""},"class_list":["post-4209","page","type-page","status-publish","hentry"],"yoast_head":"<!-- This site is optimized with the Yoast SEO plugin v26.9 - https:\/\/yoast.com\/product\/yoast-seo-wordpress\/ -->\n<title>Sofitel Angkor Phokeethra Golf &amp; Spa Resort - Siem Reap - Nam Viet Voyage<\/title>\n<meta name=\"description\" content=\"Le Sofitel Angkor Phokeethra est un resort 5 \u00e9toiles situ\u00e9 \u00e0 proximit\u00e9 du complexe d&#039;Angkor, et c\u00e9l\u00e8bre pour son superbe terrain de golf 18 trous.\" \/>\n<meta name=\"robots\" content=\"index, follow, max-snippet:-1, max-image-preview:large, max-video-preview:-1\" \/>\n<link rel=\"canonical\" href=\"http:\/\/nam-viet-voyage.com\/fr\/sofitel-phokeethra-country-club-siem-reap\/\" \/>\n<meta property=\"og:locale\" content=\"fr_FR\" \/>\n<meta property=\"og:type\" content=\"article\" \/>\n<meta property=\"og:title\" content=\"Sofitel Angkor Phokeethra Golf &amp; Spa Resort - Siem Reap - Nam Viet Voyage\" \/>\n<meta property=\"og:description\" content=\"Le Sofitel Angkor Phokeethra est un resort 5 \u00e9toiles situ\u00e9 \u00e0 proximit\u00e9 du complexe d&#039;Angkor, et c\u00e9l\u00e8bre pour son superbe terrain de golf 18 trous.\" \/>\n<meta property=\"og:url\" content=\"http:\/\/nam-viet-voyage.com\/fr\/sofitel-phokeethra-country-club-siem-reap\/\" \/>\n<meta property=\"og:site_name\" content=\"Nam Viet Voyage\" \/>\n<meta property=\"article:publisher\" content=\"https:\/\/www.facebook.com\/NamVietVoyage\" \/>\n<meta property=\"article:modified_time\" content=\"2016-05-25T07:45:03+00:00\" \/>\n<meta name=\"twitter:card\" content=\"summary_large_image\" \/>\n<meta name=\"twitter:site\" content=\"@NamVietVoyage\" \/>\n<meta name=\"twitter:label1\" content=\"Dur\u00e9e de lecture estim\u00e9e\" \/>\n\t<meta name=\"twitter:data1\" content=\"2 minutes\" \/>\n<script type=\"application\/ld+json\" class=\"yoast-schema-graph\">{\"@context\":\"https:\/\/schema.org\",\"@graph\":[{\"@type\":\"WebPage\",\"@id\":\"http:\/\/nam-viet-voyage.com\/fr\/sofitel-phokeethra-country-club-siem-reap\/\",\"url\":\"http:\/\/nam-viet-voyage.com\/fr\/sofitel-phokeethra-country-club-siem-reap\/\",\"name\":\"Sofitel Angkor Phokeethra Golf & Spa Resort - Siem Reap - Nam Viet Voyage\",\"isPartOf\":{\"@id\":\"http:\/\/nam-viet-voyage.com\/fr\/#website\"},\"datePublished\":\"2015-01-22T02:10:47+00:00\",\"dateModified\":\"2016-05-25T07:45:03+00:00\",\"description\":\"Le Sofitel Angkor Phokeethra est un resort 5 \u00e9toiles situ\u00e9 \u00e0 proximit\u00e9 du complexe d'Angkor, et c\u00e9l\u00e8bre pour son superbe terrain de golf 18 trous.\",\"breadcrumb\":{\"@id\":\"http:\/\/nam-viet-voyage.com\/fr\/sofitel-phokeethra-country-club-siem-reap\/#breadcrumb\"},\"inLanguage\":\"fr-FR\",\"potentialAction\":[{\"@type\":\"ReadAction\",\"target\":[\"http:\/\/nam-viet-voyage.com\/fr\/sofitel-phokeethra-country-club-siem-reap\/\"]}]},{\"@type\":\"BreadcrumbList\",\"@id\":\"http:\/\/nam-viet-voyage.com\/fr\/sofitel-phokeethra-country-club-siem-reap\/#breadcrumb\",\"itemListElement\":[{\"@type\":\"ListItem\",\"position\":1,\"name\":\"Home\",\"item\":\"http:\/\/nam-viet-voyage.com\/fr\/\"},{\"@type\":\"ListItem\",\"position\":2,\"name\":\"Sofitel Angkor Phokeethra Golf &#038; Spa Resort &#8211; Siem Reap\"}]},{\"@type\":\"WebSite\",\"@id\":\"http:\/\/nam-viet-voyage.com\/fr\/#website\",\"url\":\"http:\/\/nam-viet-voyage.com\/fr\/\",\"name\":\"Nam Viet Voyage\",\"description\":\"Voyages en Asie du Sud-Est\",\"potentialAction\":[{\"@type\":\"SearchAction\",\"target\":{\"@type\":\"EntryPoint\",\"urlTemplate\":\"http:\/\/nam-viet-voyage.com\/fr\/?s={search_term_string}\"},\"query-input\":{\"@type\":\"PropertyValueSpecification\",\"valueRequired\":true,\"valueName\":\"search_term_string\"}}],\"inLanguage\":\"fr-FR\"}]}<\/script>\n<!-- \/ Yoast SEO plugin. -->","yoast_head_json":{"title":"Sofitel Angkor Phokeethra Golf & Spa Resort - Siem Reap - Nam Viet Voyage","description":"Le Sofitel Angkor Phokeethra est un resort 5 \u00e9toiles situ\u00e9 \u00e0 proximit\u00e9 du complexe d'Angkor, et c\u00e9l\u00e8bre pour son superbe terrain de golf 18 trous.","robots":{"index":"index","follow":"follow","max-snippet":"max-snippet:-1","max-image-preview":"max-image-preview:large","max-video-preview":"max-video-preview:-1"},"canonical":"http:\/\/nam-viet-voyage.com\/fr\/sofitel-phokeethra-country-club-siem-reap\/","og_locale":"fr_FR","og_type":"article","og_title":"Sofitel Angkor Phokeethra Golf & Spa Resort - Siem Reap - Nam Viet Voyage","og_description":"Le Sofitel Angkor Phokeethra est un resort 5 \u00e9toiles situ\u00e9 \u00e0 proximit\u00e9 du complexe d'Angkor, et c\u00e9l\u00e8bre pour son superbe terrain de golf 18 trous.","og_url":"http:\/\/nam-viet-voyage.com\/fr\/sofitel-phokeethra-country-club-siem-reap\/","og_site_name":"Nam Viet Voyage","article_publisher":"https:\/\/www.facebook.com\/NamVietVoyage","article_modified_time":"2016-05-25T07:45:03+00:00","twitter_card":"summary_large_image","twitter_site":"@NamVietVoyage","twitter_misc":{"Dur\u00e9e de lecture estim\u00e9e":"2 minutes"},"schema":{"@context":"https:\/\/schema.org","@graph":[{"@type":"WebPage","@id":"http:\/\/nam-viet-voyage.com\/fr\/sofitel-phokeethra-country-club-siem-reap\/","url":"http:\/\/nam-viet-voyage.com\/fr\/sofitel-phokeethra-country-club-siem-reap\/","name":"Sofitel Angkor Phokeethra Golf & Spa Resort - Siem Reap - Nam Viet Voyage","isPartOf":{"@id":"http:\/\/nam-viet-voyage.com\/fr\/#website"},"datePublished":"2015-01-22T02:10:47+00:00","dateModified":"2016-05-25T07:45:03+00:00","description":"Le Sofitel Angkor Phokeethra est un resort 5 \u00e9toiles situ\u00e9 \u00e0 proximit\u00e9 du complexe d'Angkor, et c\u00e9l\u00e8bre pour son superbe terrain de golf 18 trous.","breadcrumb":{"@id":"http:\/\/nam-viet-voyage.com\/fr\/sofitel-phokeethra-country-club-siem-reap\/#breadcrumb"},"inLanguage":"fr-FR","potentialAction":[{"@type":"ReadAction","target":["http:\/\/nam-viet-voyage.com\/fr\/sofitel-phokeethra-country-club-siem-reap\/"]}]},{"@type":"BreadcrumbList","@id":"http:\/\/nam-viet-voyage.com\/fr\/sofitel-phokeethra-country-club-siem-reap\/#breadcrumb","itemListElement":[{"@type":"ListItem","position":1,"name":"Home","item":"http:\/\/nam-viet-voyage.com\/fr\/"},{"@type":"ListItem","position":2,"name":"Sofitel Angkor Phokeethra Golf &#038; Spa Resort &#8211; Siem Reap"}]},{"@type":"WebSite","@id":"http:\/\/nam-viet-voyage.com\/fr\/#website","url":"http:\/\/nam-viet-voyage.com\/fr\/","name":"Nam Viet Voyage","description":"Voyages en Asie du Sud-Est","potentialAction":[{"@type":"SearchAction","target":{"@type":"EntryPoint","urlTemplate":"http:\/\/nam-viet-voyage.com\/fr\/?s={search_term_string}"},"query-input":{"@type":"PropertyValueSpecification","valueRequired":true,"valueName":"search_term_string"}}],"inLanguage":"fr-FR"}]}},"_links":{"self":[{"href":"https:\/\/nam-viet-voyage.com\/fr\/wp-json\/wp\/v2\/pages\/4209","targetHints":{"allow":["GET"]}}],"collection":[{"href":"https:\/\/nam-viet-voyage.com\/fr\/wp-json\/wp\/v2\/pages"}],"about":[{"href":"https:\/\/nam-viet-voyage.com\/fr\/wp-json\/wp\/v2\/types\/page"}],"author":[{"embeddable":true,"href":"https:\/\/nam-viet-voyage.com\/fr\/wp-json\/wp\/v2\/users\/2"}],"replies":[{"embeddable":true,"href":"https:\/\/nam-viet-voyage.com\/fr\/wp-json\/wp\/v2\/comments?post=4209"}],"version-history":[{"count":13,"href":"https:\/\/nam-viet-voyage.com\/fr\/wp-json\/wp\/v2\/pages\/4209\/revisions"}],"predecessor-version":[{"id":11363,"href":"https:\/\/nam-viet-voyage.com\/fr\/wp-json\/wp\/v2\/pages\/4209\/revisions\/11363"}],"wp:attachment":[{"href":"https:\/\/nam-viet-voyage.com\/fr\/wp-json\/wp\/v2\/media?parent=4209"}],"curies":[{"name":"wp","href":"https:\/\/api.w.org\/{rel}","templated":true}]}}