{"id":4169,"date":"2015-01-22T01:42:06","date_gmt":"2015-01-22T01:42:06","guid":{"rendered":"http:\/\/nam-viet-voyage.com\/?page_id=4169"},"modified":"2016-05-25T07:45:05","modified_gmt":"2016-05-25T07:45:05","slug":"sambor-village-boutique-hotel-kampong-thom","status":"publish","type":"page","link":"https:\/\/nam-viet-voyage.com\/fr\/sambor-village-boutique-hotel-kampong-thom\/","title":{"rendered":"Sambor Village Boutique Hotel &#8211; Kampong Thom"},"content":{"rendered":"<section class=\"l-section wpb_row height_medium\"><div class=\"l-section-h i-cf\"><div class=\"g-cols offset_small\"><div class=\" one-quarter\">[vc_wp_custommenu nav_menu=\u00a0\u00bb328&Prime; title=\u00a0\u00bbVotre h\u00f4tel &#8211; Cambodge\u00a0\u00bb]<\/div><div class=\" three-quarters\"><div class=\"w-image  align_center\"><img loading=\"lazy\" decoding=\"async\" width=\"730\" height=\"200\" src=\"https:\/\/nam-viet-voyage.com\/wp-content\/uploads\/2015\/01\/Sambor-Village-Boutique-Hotel-Kampong-Thom.png\" class=\"attachment-full size-full\" alt=\"Sambor-Village-Boutique-Hotel--Kampong-Thom\" srcset=\"https:\/\/nam-viet-voyage.com\/wp-content\/uploads\/2015\/01\/Sambor-Village-Boutique-Hotel-Kampong-Thom.png 730w, https:\/\/nam-viet-voyage.com\/wp-content\/uploads\/2015\/01\/Sambor-Village-Boutique-Hotel-Kampong-Thom-300x82.png 300w, https:\/\/nam-viet-voyage.com\/wp-content\/uploads\/2015\/01\/Sambor-Village-Boutique-Hotel-Kampong-Thom-600x164.png 600w, https:\/\/nam-viet-voyage.com\/wp-content\/uploads\/2015\/01\/Sambor-Village-Boutique-Hotel-Kampong-Thom-150x41.png 150w\" sizes=\"auto, (max-width: 730px) 100vw, 730px\" \/><\/div><div class=\"wpb_text_column \"><div class=\"wpb_wrapper\">\n<h2 style=\"text-align: center;\">Sambor Village Boutique Hotel<\/h2>\n<p style=\"text-align: justify;\">Situ\u00e9 \u00e0 mi-chemin entre Phnom Penh et Siem Reap, le Sambor Village Boutique Hotel est un oasis tropical, non loin de Kampong Thom, sur le bord de la rivi\u00e8re Stung Sen. Il se distingue par son aspect intimiste, son calme, et sa nature luxuriante. Les chambres, qui sont davantage des bungalows, sont spacieuses et lumineuses. L&rsquo;espace piscine se trouve entour\u00e9 d&rsquo;un jardin verdoyant, propice \u00e0 la relaxation. Le restaurant de l&rsquo;h\u00f4tel propose une carte de plats khmers, cuisin\u00e9s chaque jour avec des ingr\u00e9dients frais achet\u00e9s dans les march\u00e9s de Kampong Thom. Si vous le souhaitez pendant votre s\u00e9jour, vous pourrez r\u00e9server une croisi\u00e8re sur la rivi\u00e8re Stung Sen par le biais de l&rsquo;h\u00f4tel. Que vous alliez observer le coucher du soleil ou visiter les pagode Trey Leak, vous pourrez profiter du calme environnant, et de la beaut\u00e9 des paysages.<\/p>\n<\/div> <\/div> [vc_empty_space height=\u00a0\u00bb30px\u00a0\u00bb]<div class=\"g-cols wpb_row offset_small vc_inner \"><div class=\" one-half\"><div class=\"w-image  align_center\"><img loading=\"lazy\" decoding=\"async\" width=\"320\" height=\"213\" src=\"https:\/\/nam-viet-voyage.com\/wp-content\/uploads\/2015\/01\/sambor-village-hotel-terrace.jpg\" class=\"attachment-full size-full\" alt=\"Drinks in the wooden terrace Sambor Village\" srcset=\"https:\/\/nam-viet-voyage.com\/wp-content\/uploads\/2015\/01\/sambor-village-hotel-terrace.jpg 320w, https:\/\/nam-viet-voyage.com\/wp-content\/uploads\/2015\/01\/sambor-village-hotel-terrace-300x200.jpg 300w\" sizes=\"auto, (max-width: 320px) 100vw, 320px\" \/><\/div><div class=\"w-image  align_center\"><img loading=\"lazy\" decoding=\"async\" width=\"320\" height=\"213\" src=\"https:\/\/nam-viet-voyage.com\/wp-content\/uploads\/2015\/01\/sambor-village-hotel-room.jpg\" class=\"attachment-full size-full\" alt=\"View of a room at Sambor Village\" srcset=\"https:\/\/nam-viet-voyage.com\/wp-content\/uploads\/2015\/01\/sambor-village-hotel-room.jpg 320w, https:\/\/nam-viet-voyage.com\/wp-content\/uploads\/2015\/01\/sambor-village-hotel-room-300x200.jpg 300w\" sizes=\"auto, (max-width: 320px) 100vw, 320px\" \/><\/div><\/div><div class=\" one-half\"><div class=\"w-image  align_center\"><img loading=\"lazy\" decoding=\"async\" width=\"320\" height=\"213\" src=\"https:\/\/nam-viet-voyage.com\/wp-content\/uploads\/2015\/01\/sambor-village-hotel-pool.jpg\" class=\"attachment-full size-full\" alt=\"Lush nature around the pool at Sambor Village\" srcset=\"https:\/\/nam-viet-voyage.com\/wp-content\/uploads\/2015\/01\/sambor-village-hotel-pool.jpg 320w, https:\/\/nam-viet-voyage.com\/wp-content\/uploads\/2015\/01\/sambor-village-hotel-pool-300x200.jpg 300w\" sizes=\"auto, (max-width: 320px) 100vw, 320px\" \/><\/div><div class=\"w-image  align_center\"><img loading=\"lazy\" decoding=\"async\" width=\"320\" height=\"213\" src=\"https:\/\/nam-viet-voyage.com\/wp-content\/uploads\/2015\/01\/sambor-village-hotel-cuisine.jpg\" class=\"attachment-full size-full\" alt=\"Khmer cuisine at Sambor Village\" srcset=\"https:\/\/nam-viet-voyage.com\/wp-content\/uploads\/2015\/01\/sambor-village-hotel-cuisine.jpg 320w, https:\/\/nam-viet-voyage.com\/wp-content\/uploads\/2015\/01\/sambor-village-hotel-cuisine-300x200.jpg 300w\" sizes=\"auto, (max-width: 320px) 100vw, 320px\" \/><\/div><\/div><\/div><\/div><\/div><\/div><\/section><section class=\"l-section wpb_row height_medium color_secondary\"><div class=\"l-section-h i-cf\"><div class=\"g-cols offset_small\"><div class=\" full-width\"><div class=\"g-cols wpb_row offset_small vc_inner \"><div class=\" full-width\">[vc_custom_heading text=\u00a0\u00bbPour tout projet ou information compl\u00e9mentaire, merci de nous contacter !\u00a0\u00bb font_container=\u00a0\u00bbtag:p|font_size:24|text_align:center\u00a0\u00bb google_fonts=\u00a0\u00bbfont_family:Nothing%20You%20Could%20Do%3Aregular|font_style:400%20regular%3A400%3Anormal\u00a0\u00bb]\n<div class=\"wpcf7 no-js\" id=\"wpcf7-f5977-o1\" lang=\"fr-FR\" dir=\"ltr\" data-wpcf7-id=\"5977\">\n<div class=\"screen-reader-response\"><p role=\"status\" aria-live=\"polite\" aria-atomic=\"true\"><\/p> <ul><\/ul><\/div>\n<form action=\"\/fr\/wp-json\/wp\/v2\/pages\/4169#wpcf7-f5977-o1\" method=\"post\" class=\"wpcf7-form init\" aria-label=\"Formulaire de contact\" novalidate=\"novalidate\" data-status=\"init\">\n<fieldset class=\"hidden-fields-container\"><input type=\"hidden\" name=\"_wpcf7\" value=\"5977\" \/><input type=\"hidden\" name=\"_wpcf7_version\" value=\"6.1.5\" \/><input type=\"hidden\" name=\"_wpcf7_locale\" value=\"fr_FR\" \/><input type=\"hidden\" name=\"_wpcf7_unit_tag\" value=\"wpcf7-f5977-o1\" \/><input type=\"hidden\" name=\"_wpcf7_container_post\" value=\"0\" \/><input type=\"hidden\" name=\"_wpcf7_posted_data_hash\" value=\"\" \/>\n<\/fieldset>\n<p>Votre Nom *\n<\/p>\n<p><span class=\"wpcf7-form-control-wrap\" data-name=\"your-name\"><input size=\"40\" maxlength=\"400\" class=\"wpcf7-form-control wpcf7-text wpcf7-validates-as-required\" aria-required=\"true\" aria-invalid=\"false\" value=\"\" type=\"text\" name=\"your-name\" \/><\/span>\n<\/p>\n<p>Votre Email *\n<\/p>\n<p><span class=\"wpcf7-form-control-wrap\" data-name=\"your-email\"><input size=\"40\" maxlength=\"400\" class=\"wpcf7-form-control wpcf7-email wpcf7-validates-as-required wpcf7-text wpcf7-validates-as-email\" aria-required=\"true\" aria-invalid=\"false\" value=\"\" type=\"email\" name=\"your-email\" \/><\/span>\n<\/p>\n<p>Votre Message *\n<\/p>\n<p><span class=\"wpcf7-form-control-wrap\" data-name=\"your-message\"><textarea cols=\"40\" rows=\"10\" maxlength=\"2000\" class=\"wpcf7-form-control wpcf7-textarea wpcf7-validates-as-required\" aria-required=\"true\" aria-invalid=\"false\" name=\"your-message\"><\/textarea><\/span>\n<\/p>\n<p><input class=\"wpcf7-form-control wpcf7-submit has-spinner\" type=\"submit\" value=\"Envoyer\" \/>\n<\/p><div class=\"wpcf7-response-output\" aria-hidden=\"true\"><\/div>\n<\/form>\n<\/div>\n<\/div><\/div><\/div><\/div><\/div><\/section>\n<p><a href=\"\/\/www.pinterest.com\/pin\/create\/button\/\" data-pin-do=\"buttonBookmark\" data-pin-color=\"red\" data-pin-height=\"128\"><img decoding=\"async\" src=\"\/\/assets.pinterest.com\/images\/pidgets\/pinit_fg_en_rect_red_28.png\" \/><\/a><\/p>","protected":false},"excerpt":{"rendered":"[vc_wp_custommenu nav_menu=\"328\" title=\"Votre h\u00f4tel - Cambodge\"] Sambor Village Boutique Hotel Situ\u00e9 \u00e0 mi-chemin entre Phnom Penh et Siem Reap, le Sambor Village Boutique Hotel est un oasis tropical, non loin...","protected":false},"author":2,"featured_media":0,"parent":0,"menu_order":0,"comment_status":"closed","ping_status":"closed","template":"","meta":{"_crdt_document":"","footnotes":""},"class_list":["post-4169","page","type-page","status-publish","hentry"],"yoast_head":"<!-- This site is optimized with the Yoast SEO plugin v26.9 - https:\/\/yoast.com\/product\/yoast-seo-wordpress\/ -->\n<title>Sambor Village Boutique Hotel - Kampong Thom - Nam Viet Voyage<\/title>\n<meta name=\"description\" content=\"Faites une pause au Sambor Village Hotel, profitez de son environnement et de sa v\u00e9g\u00e9tation luxuriante pour vous ressourcer au bord de la rivi\u00e8re Stung Sen.\" \/>\n<meta name=\"robots\" content=\"index, follow, max-snippet:-1, max-image-preview:large, max-video-preview:-1\" \/>\n<link rel=\"canonical\" href=\"https:\/\/nam-viet-voyage.com\/fr\/sambor-village-boutique-hotel-kampong-thom\/\" \/>\n<meta property=\"og:locale\" content=\"fr_FR\" \/>\n<meta property=\"og:type\" content=\"article\" \/>\n<meta property=\"og:title\" content=\"Sambor Village Boutique Hotel - Kampong Thom - Nam Viet Voyage\" \/>\n<meta property=\"og:description\" content=\"Faites une pause au Sambor Village Hotel, profitez de son environnement et de sa v\u00e9g\u00e9tation luxuriante pour vous ressourcer au bord de la rivi\u00e8re Stung Sen.\" \/>\n<meta property=\"og:url\" content=\"https:\/\/nam-viet-voyage.com\/fr\/sambor-village-boutique-hotel-kampong-thom\/\" \/>\n<meta property=\"og:site_name\" content=\"Nam Viet Voyage\" \/>\n<meta property=\"article:publisher\" content=\"https:\/\/www.facebook.com\/NamVietVoyage\" \/>\n<meta property=\"article:modified_time\" content=\"2016-05-25T07:45:05+00:00\" \/>\n<meta name=\"twitter:card\" content=\"summary_large_image\" \/>\n<meta name=\"twitter:site\" content=\"@NamVietVoyage\" \/>\n<meta name=\"twitter:label1\" content=\"Dur\u00e9e de lecture estim\u00e9e\" \/>\n\t<meta name=\"twitter:data1\" content=\"2 minutes\" \/>\n<script type=\"application\/ld+json\" class=\"yoast-schema-graph\">{\"@context\":\"https:\/\/schema.org\",\"@graph\":[{\"@type\":\"WebPage\",\"@id\":\"https:\/\/nam-viet-voyage.com\/fr\/sambor-village-boutique-hotel-kampong-thom\/\",\"url\":\"https:\/\/nam-viet-voyage.com\/fr\/sambor-village-boutique-hotel-kampong-thom\/\",\"name\":\"Sambor Village Boutique Hotel - Kampong Thom - Nam Viet Voyage\",\"isPartOf\":{\"@id\":\"http:\/\/nam-viet-voyage.com\/fr\/#website\"},\"datePublished\":\"2015-01-22T01:42:06+00:00\",\"dateModified\":\"2016-05-25T07:45:05+00:00\",\"description\":\"Faites une pause au Sambor Village Hotel, profitez de son environnement et de sa v\u00e9g\u00e9tation luxuriante pour vous ressourcer au bord de la rivi\u00e8re Stung Sen.\",\"breadcrumb\":{\"@id\":\"https:\/\/nam-viet-voyage.com\/fr\/sambor-village-boutique-hotel-kampong-thom\/#breadcrumb\"},\"inLanguage\":\"fr-FR\",\"potentialAction\":[{\"@type\":\"ReadAction\",\"target\":[\"https:\/\/nam-viet-voyage.com\/fr\/sambor-village-boutique-hotel-kampong-thom\/\"]}]},{\"@type\":\"BreadcrumbList\",\"@id\":\"https:\/\/nam-viet-voyage.com\/fr\/sambor-village-boutique-hotel-kampong-thom\/#breadcrumb\",\"itemListElement\":[{\"@type\":\"ListItem\",\"position\":1,\"name\":\"Home\",\"item\":\"http:\/\/nam-viet-voyage.com\/fr\/\"},{\"@type\":\"ListItem\",\"position\":2,\"name\":\"Sambor Village Boutique Hotel &#8211; Kampong Thom\"}]},{\"@type\":\"WebSite\",\"@id\":\"http:\/\/nam-viet-voyage.com\/fr\/#website\",\"url\":\"http:\/\/nam-viet-voyage.com\/fr\/\",\"name\":\"Nam Viet Voyage\",\"description\":\"Voyages en Asie du Sud-Est\",\"potentialAction\":[{\"@type\":\"SearchAction\",\"target\":{\"@type\":\"EntryPoint\",\"urlTemplate\":\"http:\/\/nam-viet-voyage.com\/fr\/?s={search_term_string}\"},\"query-input\":{\"@type\":\"PropertyValueSpecification\",\"valueRequired\":true,\"valueName\":\"search_term_string\"}}],\"inLanguage\":\"fr-FR\"}]}<\/script>\n<!-- \/ Yoast SEO plugin. -->","yoast_head_json":{"title":"Sambor Village Boutique Hotel - Kampong Thom - Nam Viet Voyage","description":"Faites une pause au Sambor Village Hotel, profitez de son environnement et de sa v\u00e9g\u00e9tation luxuriante pour vous ressourcer au bord de la rivi\u00e8re Stung Sen.","robots":{"index":"index","follow":"follow","max-snippet":"max-snippet:-1","max-image-preview":"max-image-preview:large","max-video-preview":"max-video-preview:-1"},"canonical":"https:\/\/nam-viet-voyage.com\/fr\/sambor-village-boutique-hotel-kampong-thom\/","og_locale":"fr_FR","og_type":"article","og_title":"Sambor Village Boutique Hotel - Kampong Thom - Nam Viet Voyage","og_description":"Faites une pause au Sambor Village Hotel, profitez de son environnement et de sa v\u00e9g\u00e9tation luxuriante pour vous ressourcer au bord de la rivi\u00e8re Stung Sen.","og_url":"https:\/\/nam-viet-voyage.com\/fr\/sambor-village-boutique-hotel-kampong-thom\/","og_site_name":"Nam Viet Voyage","article_publisher":"https:\/\/www.facebook.com\/NamVietVoyage","article_modified_time":"2016-05-25T07:45:05+00:00","twitter_card":"summary_large_image","twitter_site":"@NamVietVoyage","twitter_misc":{"Dur\u00e9e de lecture estim\u00e9e":"2 minutes"},"schema":{"@context":"https:\/\/schema.org","@graph":[{"@type":"WebPage","@id":"https:\/\/nam-viet-voyage.com\/fr\/sambor-village-boutique-hotel-kampong-thom\/","url":"https:\/\/nam-viet-voyage.com\/fr\/sambor-village-boutique-hotel-kampong-thom\/","name":"Sambor Village Boutique Hotel - Kampong Thom - Nam Viet Voyage","isPartOf":{"@id":"http:\/\/nam-viet-voyage.com\/fr\/#website"},"datePublished":"2015-01-22T01:42:06+00:00","dateModified":"2016-05-25T07:45:05+00:00","description":"Faites une pause au Sambor Village Hotel, profitez de son environnement et de sa v\u00e9g\u00e9tation luxuriante pour vous ressourcer au bord de la rivi\u00e8re Stung Sen.","breadcrumb":{"@id":"https:\/\/nam-viet-voyage.com\/fr\/sambor-village-boutique-hotel-kampong-thom\/#breadcrumb"},"inLanguage":"fr-FR","potentialAction":[{"@type":"ReadAction","target":["https:\/\/nam-viet-voyage.com\/fr\/sambor-village-boutique-hotel-kampong-thom\/"]}]},{"@type":"BreadcrumbList","@id":"https:\/\/nam-viet-voyage.com\/fr\/sambor-village-boutique-hotel-kampong-thom\/#breadcrumb","itemListElement":[{"@type":"ListItem","position":1,"name":"Home","item":"http:\/\/nam-viet-voyage.com\/fr\/"},{"@type":"ListItem","position":2,"name":"Sambor Village Boutique Hotel &#8211; Kampong Thom"}]},{"@type":"WebSite","@id":"http:\/\/nam-viet-voyage.com\/fr\/#website","url":"http:\/\/nam-viet-voyage.com\/fr\/","name":"Nam Viet Voyage","description":"Voyages en Asie du Sud-Est","potentialAction":[{"@type":"SearchAction","target":{"@type":"EntryPoint","urlTemplate":"http:\/\/nam-viet-voyage.com\/fr\/?s={search_term_string}"},"query-input":{"@type":"PropertyValueSpecification","valueRequired":true,"valueName":"search_term_string"}}],"inLanguage":"fr-FR"}]}},"_links":{"self":[{"href":"https:\/\/nam-viet-voyage.com\/fr\/wp-json\/wp\/v2\/pages\/4169","targetHints":{"allow":["GET"]}}],"collection":[{"href":"https:\/\/nam-viet-voyage.com\/fr\/wp-json\/wp\/v2\/pages"}],"about":[{"href":"https:\/\/nam-viet-voyage.com\/fr\/wp-json\/wp\/v2\/types\/page"}],"author":[{"embeddable":true,"href":"https:\/\/nam-viet-voyage.com\/fr\/wp-json\/wp\/v2\/users\/2"}],"replies":[{"embeddable":true,"href":"https:\/\/nam-viet-voyage.com\/fr\/wp-json\/wp\/v2\/comments?post=4169"}],"version-history":[{"count":16,"href":"https:\/\/nam-viet-voyage.com\/fr\/wp-json\/wp\/v2\/pages\/4169\/revisions"}],"predecessor-version":[{"id":11370,"href":"https:\/\/nam-viet-voyage.com\/fr\/wp-json\/wp\/v2\/pages\/4169\/revisions\/11370"}],"wp:attachment":[{"href":"https:\/\/nam-viet-voyage.com\/fr\/wp-json\/wp\/v2\/media?parent=4169"}],"curies":[{"name":"wp","href":"https:\/\/api.w.org\/{rel}","templated":true}]}}