{"id":4167,"date":"2015-01-22T01:41:10","date_gmt":"2015-01-22T01:41:10","guid":{"rendered":"http:\/\/nam-viet-voyage.com\/?page_id=4167"},"modified":"2016-05-25T07:45:05","modified_gmt":"2016-05-25T07:45:05","slug":"veranda-natural-resort-kep","status":"publish","type":"page","link":"https:\/\/nam-viet-voyage.com\/fr\/veranda-natural-resort-kep\/","title":{"rendered":"Veranda Natural Resort &#8211; Kep"},"content":{"rendered":"<section class=\"l-section wpb_row height_medium\"><div class=\"l-section-h i-cf\"><div class=\"g-cols offset_small\"><div class=\" one-quarter\">[vc_wp_custommenu nav_menu=\u00a0\u00bb328&Prime; title=\u00a0\u00bbHotels &#8211; Cambodia\u00a0\u00bb]<\/div><div class=\" three-quarters\"><div class=\"w-image  align_center\"><img loading=\"lazy\" decoding=\"async\" width=\"730\" height=\"200\" src=\"https:\/\/nam-viet-voyage.com\/wp-content\/uploads\/2015\/01\/veranda-natural-resort-kep.png\" class=\"attachment-full size-full\" alt=\"veranda-natural-resort-kep\" srcset=\"https:\/\/nam-viet-voyage.com\/wp-content\/uploads\/2015\/01\/veranda-natural-resort-kep.png 730w, https:\/\/nam-viet-voyage.com\/wp-content\/uploads\/2015\/01\/veranda-natural-resort-kep-300x82.png 300w, https:\/\/nam-viet-voyage.com\/wp-content\/uploads\/2015\/01\/veranda-natural-resort-kep-600x164.png 600w, https:\/\/nam-viet-voyage.com\/wp-content\/uploads\/2015\/01\/veranda-natural-resort-kep-150x41.png 150w\" sizes=\"auto, (max-width: 730px) 100vw, 730px\" \/><\/div><div class=\"wpb_text_column \"><div class=\"wpb_wrapper\">\n<h2 style=\"text-align: center;\">Veranda Natural Resort<\/h2>\n<p style=\"text-align: justify;\">Log\u00e9 sur une colline du parc national de Kep, au bord du Golfe de Tha\u00eflande, le Veranda Natural Resort constitue une retraite en pleine nature. L&rsquo;h\u00f4tel s&rsquo;\u00e9tend sur 2,5 hectares et comprend des chambres, des suites, des bungalows mais aussi des villas avec piscine priv\u00e9e. Gr\u00e2ce \u00e0 son emplacement en hauteur, le resort b\u00e9n\u00e9ficie d&rsquo;une vue extraordinaire sur les paysages environnants. Vous pourrez par exemple observer le coucher du soleil \u00e0 partir du restaurant de l&rsquo;h\u00f4tel, ou descendre d&rsquo;un niveau et plonger dans la piscine d&rsquo;eau sal\u00e9e \u00e0 d\u00e9bordement pour regarder ce superbe spectacle. Profitez \u00e9galement d&rsquo;un d\u00e9tour par le spa pour vous d\u00e9tendre avec un massage ou un soin du visage. C\u00f4t\u00e9 cuisine, le Secret Bar &amp; Restaurant propose un menu compos\u00e9 de plats khmers et occidentaux. Le resort b\u00e9n\u00e9ficie \u00e9galement d&rsquo;un caf\u00e9 o\u00f9 il fait bon siroter une boisson et d\u00e9guster les produits de la boulangerie qui se trouve sur place.<\/p>\n<\/div> <\/div> [vc_empty_space height=\u00a0\u00bb30px\u00a0\u00bb]<div class=\"g-cols wpb_row offset_small vc_inner \"><div class=\" one-half\"><div class=\"w-image  align_center\"><img loading=\"lazy\" decoding=\"async\" width=\"320\" height=\"211\" src=\"https:\/\/nam-viet-voyage.com\/wp-content\/uploads\/2015\/01\/veranda-natural-kep-lounge.jpg\" class=\"attachment-full size-full\" alt=\"Cafe Lounge au Veranda Natural Kep\" srcset=\"https:\/\/nam-viet-voyage.com\/wp-content\/uploads\/2015\/01\/veranda-natural-kep-lounge.jpg 320w, https:\/\/nam-viet-voyage.com\/wp-content\/uploads\/2015\/01\/veranda-natural-kep-lounge-300x198.jpg 300w\" sizes=\"auto, (max-width: 320px) 100vw, 320px\" \/><\/div><div class=\"w-image  align_center\"><img loading=\"lazy\" decoding=\"async\" width=\"320\" height=\"211\" src=\"https:\/\/nam-viet-voyage.com\/wp-content\/uploads\/2015\/01\/veranda-natural-kep-sunset.jpg\" class=\"attachment-full size-full\" alt=\"Vue de la terrasse du restaurant au Veranda Natural Kep\" srcset=\"https:\/\/nam-viet-voyage.com\/wp-content\/uploads\/2015\/01\/veranda-natural-kep-sunset.jpg 320w, https:\/\/nam-viet-voyage.com\/wp-content\/uploads\/2015\/01\/veranda-natural-kep-sunset-300x198.jpg 300w\" sizes=\"auto, (max-width: 320px) 100vw, 320px\" \/><\/div><\/div><div class=\" one-half\"><div class=\"w-image  align_center\"><img loading=\"lazy\" decoding=\"async\" width=\"320\" height=\"215\" src=\"https:\/\/nam-viet-voyage.com\/wp-content\/uploads\/2015\/01\/veranda-natural-kep-pool-infinite.jpg\" class=\"attachment-full size-full\" alt=\"Vue de la piscine \u00e0 d\u00e9bordement Verdana Natural Kep\" srcset=\"https:\/\/nam-viet-voyage.com\/wp-content\/uploads\/2015\/01\/veranda-natural-kep-pool-infinite.jpg 320w, https:\/\/nam-viet-voyage.com\/wp-content\/uploads\/2015\/01\/veranda-natural-kep-pool-infinite-300x202.jpg 300w\" sizes=\"auto, (max-width: 320px) 100vw, 320px\" \/><\/div><div class=\"w-image  align_center\"><img loading=\"lazy\" decoding=\"async\" width=\"320\" height=\"213\" src=\"https:\/\/nam-viet-voyage.com\/wp-content\/uploads\/2015\/01\/veranda-natural-kep-pool.jpg\" class=\"attachment-full size-full\" alt=\"Piscine priv\u00e9e dans villa au Veranda Natural Kep\" srcset=\"https:\/\/nam-viet-voyage.com\/wp-content\/uploads\/2015\/01\/veranda-natural-kep-pool.jpg 320w, https:\/\/nam-viet-voyage.com\/wp-content\/uploads\/2015\/01\/veranda-natural-kep-pool-300x200.jpg 300w\" sizes=\"auto, (max-width: 320px) 100vw, 320px\" \/><\/div><\/div><\/div><\/div><\/div><\/div><\/section><section class=\"l-section wpb_row height_medium color_secondary\"><div class=\"l-section-h i-cf\"><div class=\"g-cols offset_small\"><div class=\" full-width\"><div class=\"g-cols wpb_row offset_small vc_inner \"><div class=\" full-width\">[vc_custom_heading text=\u00a0\u00bbPour tout projet ou information compl\u00e9mentaire, merci de nous contacter !\u00a0\u00bb font_container=\u00a0\u00bbtag:p|font_size:24|text_align:center\u00a0\u00bb google_fonts=\u00a0\u00bbfont_family:Nothing%20You%20Could%20Do%3Aregular|font_style:400%20regular%3A400%3Anormal\u00a0\u00bb]\n<div class=\"wpcf7 no-js\" id=\"wpcf7-f5977-o1\" lang=\"fr-FR\" dir=\"ltr\" data-wpcf7-id=\"5977\">\n<div class=\"screen-reader-response\"><p role=\"status\" aria-live=\"polite\" aria-atomic=\"true\"><\/p> <ul><\/ul><\/div>\n<form action=\"\/fr\/wp-json\/wp\/v2\/pages\/4167#wpcf7-f5977-o1\" method=\"post\" class=\"wpcf7-form init\" aria-label=\"Formulaire de contact\" novalidate=\"novalidate\" data-status=\"init\">\n<fieldset class=\"hidden-fields-container\"><input type=\"hidden\" name=\"_wpcf7\" value=\"5977\" \/><input type=\"hidden\" name=\"_wpcf7_version\" value=\"6.1.5\" \/><input type=\"hidden\" name=\"_wpcf7_locale\" value=\"fr_FR\" \/><input type=\"hidden\" name=\"_wpcf7_unit_tag\" value=\"wpcf7-f5977-o1\" \/><input type=\"hidden\" name=\"_wpcf7_container_post\" value=\"0\" \/><input type=\"hidden\" name=\"_wpcf7_posted_data_hash\" value=\"\" \/>\n<\/fieldset>\n<p>Votre Nom *\n<\/p>\n<p><span class=\"wpcf7-form-control-wrap\" data-name=\"your-name\"><input size=\"40\" maxlength=\"400\" class=\"wpcf7-form-control wpcf7-text wpcf7-validates-as-required\" aria-required=\"true\" aria-invalid=\"false\" value=\"\" type=\"text\" name=\"your-name\" \/><\/span>\n<\/p>\n<p>Votre Email *\n<\/p>\n<p><span class=\"wpcf7-form-control-wrap\" data-name=\"your-email\"><input size=\"40\" maxlength=\"400\" class=\"wpcf7-form-control wpcf7-email wpcf7-validates-as-required wpcf7-text wpcf7-validates-as-email\" aria-required=\"true\" aria-invalid=\"false\" value=\"\" type=\"email\" name=\"your-email\" \/><\/span>\n<\/p>\n<p>Votre Message *\n<\/p>\n<p><span class=\"wpcf7-form-control-wrap\" data-name=\"your-message\"><textarea cols=\"40\" rows=\"10\" maxlength=\"2000\" class=\"wpcf7-form-control wpcf7-textarea wpcf7-validates-as-required\" aria-required=\"true\" aria-invalid=\"false\" name=\"your-message\"><\/textarea><\/span>\n<\/p>\n<p><input class=\"wpcf7-form-control wpcf7-submit has-spinner\" type=\"submit\" value=\"Envoyer\" \/>\n<\/p><div class=\"wpcf7-response-output\" aria-hidden=\"true\"><\/div>\n<\/form>\n<\/div>\n<\/div><\/div><\/div><\/div><\/div><\/section>\n<p><a href=\"\/\/www.pinterest.com\/pin\/create\/button\/\" data-pin-do=\"buttonBookmark\" data-pin-color=\"red\" data-pin-height=\"128\"><img decoding=\"async\" src=\"\/\/assets.pinterest.com\/images\/pidgets\/pinit_fg_en_rect_red_28.png\" \/><\/a><\/p>","protected":false},"excerpt":{"rendered":"[vc_wp_custommenu nav_menu=\"328\" title=\"Hotels - Cambodia\"] Veranda Natural Resort Log\u00e9 sur une colline du parc national de Kep, au bord du Golfe de Tha\u00eflande, le Veranda Natural Resort constitue une retraite...","protected":false},"author":2,"featured_media":0,"parent":0,"menu_order":0,"comment_status":"closed","ping_status":"open","template":"","meta":{"_crdt_document":"","footnotes":""},"class_list":["post-4167","page","type-page","status-publish","hentry"],"yoast_head":"<!-- This site is optimized with the Yoast SEO plugin v26.9 - https:\/\/yoast.com\/product\/yoast-seo-wordpress\/ -->\n<title>Veranda Natural Resort - Kep - Nam Viet Voyage<\/title>\n<meta name=\"description\" content=\"Au Veranda Natural Resort, profitez d&#039;un cadre naturel exceptionnel, entre le Golfe de Tha\u00eflande et le parc national de Kep, et d&#039;une tranquillit\u00e9 absolue.\" \/>\n<meta name=\"robots\" content=\"index, follow, max-snippet:-1, max-image-preview:large, max-video-preview:-1\" \/>\n<link rel=\"canonical\" href=\"https:\/\/nam-viet-voyage.com\/fr\/veranda-natural-resort-kep\/\" \/>\n<meta property=\"og:locale\" content=\"fr_FR\" \/>\n<meta property=\"og:type\" content=\"article\" \/>\n<meta property=\"og:title\" content=\"Veranda Natural Resort - Kep - Nam Viet Voyage\" \/>\n<meta property=\"og:description\" content=\"Au Veranda Natural Resort, profitez d&#039;un cadre naturel exceptionnel, entre le Golfe de Tha\u00eflande et le parc national de Kep, et d&#039;une tranquillit\u00e9 absolue.\" \/>\n<meta property=\"og:url\" content=\"https:\/\/nam-viet-voyage.com\/fr\/veranda-natural-resort-kep\/\" \/>\n<meta property=\"og:site_name\" content=\"Nam Viet Voyage\" \/>\n<meta property=\"article:publisher\" content=\"https:\/\/www.facebook.com\/NamVietVoyage\" \/>\n<meta property=\"article:modified_time\" content=\"2016-05-25T07:45:05+00:00\" \/>\n<meta name=\"twitter:card\" content=\"summary_large_image\" \/>\n<meta name=\"twitter:site\" content=\"@NamVietVoyage\" \/>\n<meta name=\"twitter:label1\" content=\"Dur\u00e9e de lecture estim\u00e9e\" \/>\n\t<meta name=\"twitter:data1\" content=\"2 minutes\" \/>\n<script type=\"application\/ld+json\" class=\"yoast-schema-graph\">{\"@context\":\"https:\/\/schema.org\",\"@graph\":[{\"@type\":\"WebPage\",\"@id\":\"https:\/\/nam-viet-voyage.com\/fr\/veranda-natural-resort-kep\/\",\"url\":\"https:\/\/nam-viet-voyage.com\/fr\/veranda-natural-resort-kep\/\",\"name\":\"Veranda Natural Resort - Kep - Nam Viet Voyage\",\"isPartOf\":{\"@id\":\"http:\/\/nam-viet-voyage.com\/fr\/#website\"},\"datePublished\":\"2015-01-22T01:41:10+00:00\",\"dateModified\":\"2016-05-25T07:45:05+00:00\",\"description\":\"Au Veranda Natural Resort, profitez d'un cadre naturel exceptionnel, entre le Golfe de Tha\u00eflande et le parc national de Kep, et d'une tranquillit\u00e9 absolue.\",\"breadcrumb\":{\"@id\":\"https:\/\/nam-viet-voyage.com\/fr\/veranda-natural-resort-kep\/#breadcrumb\"},\"inLanguage\":\"fr-FR\",\"potentialAction\":[{\"@type\":\"ReadAction\",\"target\":[\"https:\/\/nam-viet-voyage.com\/fr\/veranda-natural-resort-kep\/\"]}]},{\"@type\":\"BreadcrumbList\",\"@id\":\"https:\/\/nam-viet-voyage.com\/fr\/veranda-natural-resort-kep\/#breadcrumb\",\"itemListElement\":[{\"@type\":\"ListItem\",\"position\":1,\"name\":\"Home\",\"item\":\"http:\/\/nam-viet-voyage.com\/fr\/\"},{\"@type\":\"ListItem\",\"position\":2,\"name\":\"Veranda Natural Resort &#8211; Kep\"}]},{\"@type\":\"WebSite\",\"@id\":\"http:\/\/nam-viet-voyage.com\/fr\/#website\",\"url\":\"http:\/\/nam-viet-voyage.com\/fr\/\",\"name\":\"Nam Viet Voyage\",\"description\":\"Voyages en Asie du Sud-Est\",\"potentialAction\":[{\"@type\":\"SearchAction\",\"target\":{\"@type\":\"EntryPoint\",\"urlTemplate\":\"http:\/\/nam-viet-voyage.com\/fr\/?s={search_term_string}\"},\"query-input\":{\"@type\":\"PropertyValueSpecification\",\"valueRequired\":true,\"valueName\":\"search_term_string\"}}],\"inLanguage\":\"fr-FR\"}]}<\/script>\n<!-- \/ Yoast SEO plugin. -->","yoast_head_json":{"title":"Veranda Natural Resort - Kep - Nam Viet Voyage","description":"Au Veranda Natural Resort, profitez d'un cadre naturel exceptionnel, entre le Golfe de Tha\u00eflande et le parc national de Kep, et d'une tranquillit\u00e9 absolue.","robots":{"index":"index","follow":"follow","max-snippet":"max-snippet:-1","max-image-preview":"max-image-preview:large","max-video-preview":"max-video-preview:-1"},"canonical":"https:\/\/nam-viet-voyage.com\/fr\/veranda-natural-resort-kep\/","og_locale":"fr_FR","og_type":"article","og_title":"Veranda Natural Resort - Kep - Nam Viet Voyage","og_description":"Au Veranda Natural Resort, profitez d'un cadre naturel exceptionnel, entre le Golfe de Tha\u00eflande et le parc national de Kep, et d'une tranquillit\u00e9 absolue.","og_url":"https:\/\/nam-viet-voyage.com\/fr\/veranda-natural-resort-kep\/","og_site_name":"Nam Viet Voyage","article_publisher":"https:\/\/www.facebook.com\/NamVietVoyage","article_modified_time":"2016-05-25T07:45:05+00:00","twitter_card":"summary_large_image","twitter_site":"@NamVietVoyage","twitter_misc":{"Dur\u00e9e de lecture estim\u00e9e":"2 minutes"},"schema":{"@context":"https:\/\/schema.org","@graph":[{"@type":"WebPage","@id":"https:\/\/nam-viet-voyage.com\/fr\/veranda-natural-resort-kep\/","url":"https:\/\/nam-viet-voyage.com\/fr\/veranda-natural-resort-kep\/","name":"Veranda Natural Resort - Kep - Nam Viet Voyage","isPartOf":{"@id":"http:\/\/nam-viet-voyage.com\/fr\/#website"},"datePublished":"2015-01-22T01:41:10+00:00","dateModified":"2016-05-25T07:45:05+00:00","description":"Au Veranda Natural Resort, profitez d'un cadre naturel exceptionnel, entre le Golfe de Tha\u00eflande et le parc national de Kep, et d'une tranquillit\u00e9 absolue.","breadcrumb":{"@id":"https:\/\/nam-viet-voyage.com\/fr\/veranda-natural-resort-kep\/#breadcrumb"},"inLanguage":"fr-FR","potentialAction":[{"@type":"ReadAction","target":["https:\/\/nam-viet-voyage.com\/fr\/veranda-natural-resort-kep\/"]}]},{"@type":"BreadcrumbList","@id":"https:\/\/nam-viet-voyage.com\/fr\/veranda-natural-resort-kep\/#breadcrumb","itemListElement":[{"@type":"ListItem","position":1,"name":"Home","item":"http:\/\/nam-viet-voyage.com\/fr\/"},{"@type":"ListItem","position":2,"name":"Veranda Natural Resort &#8211; Kep"}]},{"@type":"WebSite","@id":"http:\/\/nam-viet-voyage.com\/fr\/#website","url":"http:\/\/nam-viet-voyage.com\/fr\/","name":"Nam Viet Voyage","description":"Voyages en Asie du Sud-Est","potentialAction":[{"@type":"SearchAction","target":{"@type":"EntryPoint","urlTemplate":"http:\/\/nam-viet-voyage.com\/fr\/?s={search_term_string}"},"query-input":{"@type":"PropertyValueSpecification","valueRequired":true,"valueName":"search_term_string"}}],"inLanguage":"fr-FR"}]}},"_links":{"self":[{"href":"https:\/\/nam-viet-voyage.com\/fr\/wp-json\/wp\/v2\/pages\/4167","targetHints":{"allow":["GET"]}}],"collection":[{"href":"https:\/\/nam-viet-voyage.com\/fr\/wp-json\/wp\/v2\/pages"}],"about":[{"href":"https:\/\/nam-viet-voyage.com\/fr\/wp-json\/wp\/v2\/types\/page"}],"author":[{"embeddable":true,"href":"https:\/\/nam-viet-voyage.com\/fr\/wp-json\/wp\/v2\/users\/2"}],"replies":[{"embeddable":true,"href":"https:\/\/nam-viet-voyage.com\/fr\/wp-json\/wp\/v2\/comments?post=4167"}],"version-history":[{"count":15,"href":"https:\/\/nam-viet-voyage.com\/fr\/wp-json\/wp\/v2\/pages\/4167\/revisions"}],"predecessor-version":[{"id":11371,"href":"https:\/\/nam-viet-voyage.com\/fr\/wp-json\/wp\/v2\/pages\/4167\/revisions\/11371"}],"wp:attachment":[{"href":"https:\/\/nam-viet-voyage.com\/fr\/wp-json\/wp\/v2\/media?parent=4167"}],"curies":[{"name":"wp","href":"https:\/\/api.w.org\/{rel}","templated":true}]}}