{"id":12,"date":"2013-05-31T11:57:37","date_gmt":"2013-05-31T11:57:37","guid":{"rendered":"http:\/\/us-themes.com\/wp\/Vittoria\/?page_id=12"},"modified":"2016-05-25T07:45:09","modified_gmt":"2016-05-25T07:45:09","slug":"nam-viet-voyage-vous","status":"publish","type":"page","link":"https:\/\/nam-viet-voyage.com\/fr\/nam-viet-voyage-vous\/","title":{"rendered":"Nam Viet Voyage et vous"},"content":{"rendered":"<section class=\"l-section wpb_row height_medium with_img\"><div class=\"l-section-img\" style=\"background-image: url(https:\/\/nam-viet-voyage.com\/wp-content\/uploads\/2013\/05\/nam-viet-qui-sommes-nous.jpg);background-repeat: no-repeat;background-size: initial;\" data-img-width=\"1400\" data-img-height=\"400\"><\/div><div class=\"l-section-h i-cf\"><div class=\"g-cols offset_small\"><div class=\" full-width\">[vc_empty_space height=\u00a0\u00bb150&Prime;]<\/div><\/div><\/div><\/section><section class=\"l-section wpb_row height_medium\"><div class=\"l-section-h i-cf\"><div class=\"g-cols offset_small\"><div class=\" full-width\"><div class=\"g-cols wpb_row offset_small vc_inner \"><div class=\" one-quarter\">[vc_wp_custommenu nav_menu=\u00a0\u00bb169&Prime; title=\u00a0\u00bbQui sommes-nous ? \u00ab\u00a0]<\/div><div class=\" three-quarters\"><div class=\"wpb_text_column \"><div class=\"wpb_wrapper\"><p>Vous avez envie de d\u00e9couvrir l\u2019<strong>Asie du Sud-Est<\/strong>\u00a0? De suivre vos propres envies, hors des sentiers battus du <strong>Vietnam<\/strong>, du <strong>Cambodge<\/strong> et du <strong>Laos<\/strong>\u00a0? Nam Viet Voyage est l\u00e0 pour vous aider \u00e0 dessiner et \u00e0 concr\u00e9tiser votre <strong>projet de voyage<\/strong>. Nous savons que chaque voyageur est unique, et nous r\u00e9pondrons \u00e0 vos attentes de mani\u00e8re personnalis\u00e9e\u00a0: c\u2019est notre sp\u00e9cialit\u00e9. Nous sommes aussi profond\u00e9ment attach\u00e9s \u00e0 la <strong>dimension humaine<\/strong> du voyage. La vie est faite de rencontres, et les plus beaux souvenirs sont souvent ceux que l\u2019on construit avec l\u2019autre. Nous vous emmenerons donc \u00e0 la <strong>rencontre<\/strong> des populations locales et vous ferons d\u00e9couvrir leurs us et coutumes, dans le respect des traditions. Notre \u00e9coute, notre r\u00e9activit\u00e9 et notre cr\u00e9ativit\u00e9 feront de vos vacances en Asie un <strong>moment inoubliable<\/strong>.<\/p>\n<p>En plus des voyages sur mesure, nous organisons des tours destin\u00e9s aux entreprises (<strong>incentive<\/strong>), ainsi que des <strong>circuits \u00e0 th\u00e8mes<\/strong> (Lune de miel, Golf, Incontournables\u2026). Quelles que soient vos attentes, Nam Viet Voyage saura y r\u00e9pondre et construire avec vous le voyage de vos r\u00eaves.<\/p><\/div> <\/div> <\/div><\/div><div class=\"g-cols wpb_row offset_small vc_inner \"><div class=\" full-width\"><div class=\"w-image  align_center\"><img loading=\"lazy\" decoding=\"async\" width=\"1000\" height=\"551\" src=\"https:\/\/nam-viet-voyage.com\/wp-content\/uploads\/2013\/05\/nam-viet-voyage-cafe.jpg\" class=\"attachment-full size-full\" alt=\"L&#039;\u00e9quipe de Nam Viet Voyage aime le caf\u00e9 !\" srcset=\"https:\/\/nam-viet-voyage.com\/wp-content\/uploads\/2013\/05\/nam-viet-voyage-cafe.jpg 1000w, https:\/\/nam-viet-voyage.com\/wp-content\/uploads\/2013\/05\/nam-viet-voyage-cafe-300x165.jpg 300w, https:\/\/nam-viet-voyage.com\/wp-content\/uploads\/2013\/05\/nam-viet-voyage-cafe-768x423.jpg 768w, https:\/\/nam-viet-voyage.com\/wp-content\/uploads\/2013\/05\/nam-viet-voyage-cafe-600x331.jpg 600w\" sizes=\"auto, (max-width: 1000px) 100vw, 1000px\" \/><\/div><\/div><\/div><\/div><\/div><\/div><\/section><section class=\"l-section wpb_row height_medium color_secondary\"><div class=\"l-section-h i-cf\"><div class=\"g-cols offset_small\"><div class=\" full-width\">\n<div class=\"wpcf7 no-js\" id=\"wpcf7-f5977-o1\" lang=\"fr-FR\" dir=\"ltr\" data-wpcf7-id=\"5977\">\n<div class=\"screen-reader-response\"><p role=\"status\" aria-live=\"polite\" aria-atomic=\"true\"><\/p> <ul><\/ul><\/div>\n<form action=\"\/fr\/wp-json\/wp\/v2\/pages\/12#wpcf7-f5977-o1\" method=\"post\" class=\"wpcf7-form init\" aria-label=\"Formulaire de contact\" novalidate=\"novalidate\" data-status=\"init\">\n<fieldset class=\"hidden-fields-container\"><input type=\"hidden\" name=\"_wpcf7\" value=\"5977\" \/><input type=\"hidden\" name=\"_wpcf7_version\" value=\"6.1.5\" \/><input type=\"hidden\" name=\"_wpcf7_locale\" value=\"fr_FR\" \/><input type=\"hidden\" name=\"_wpcf7_unit_tag\" value=\"wpcf7-f5977-o1\" \/><input type=\"hidden\" name=\"_wpcf7_container_post\" value=\"0\" \/><input type=\"hidden\" name=\"_wpcf7_posted_data_hash\" value=\"\" \/>\n<\/fieldset>\n<p>Votre Nom *\n<\/p>\n<p><span class=\"wpcf7-form-control-wrap\" data-name=\"your-name\"><input size=\"40\" maxlength=\"400\" class=\"wpcf7-form-control wpcf7-text wpcf7-validates-as-required\" aria-required=\"true\" aria-invalid=\"false\" value=\"\" type=\"text\" name=\"your-name\" \/><\/span>\n<\/p>\n<p>Votre Email *\n<\/p>\n<p><span class=\"wpcf7-form-control-wrap\" data-name=\"your-email\"><input size=\"40\" maxlength=\"400\" class=\"wpcf7-form-control wpcf7-email wpcf7-validates-as-required wpcf7-text wpcf7-validates-as-email\" aria-required=\"true\" aria-invalid=\"false\" value=\"\" type=\"email\" name=\"your-email\" \/><\/span>\n<\/p>\n<p>Votre Message *\n<\/p>\n<p><span class=\"wpcf7-form-control-wrap\" data-name=\"your-message\"><textarea cols=\"40\" rows=\"10\" maxlength=\"2000\" class=\"wpcf7-form-control wpcf7-textarea wpcf7-validates-as-required\" aria-required=\"true\" aria-invalid=\"false\" name=\"your-message\"><\/textarea><\/span>\n<\/p>\n<p><input class=\"wpcf7-form-control wpcf7-submit has-spinner\" type=\"submit\" value=\"Envoyer\" \/>\n<\/p><div class=\"wpcf7-response-output\" aria-hidden=\"true\"><\/div>\n<\/form>\n<\/div>\n<\/div><\/div><\/div><\/section>\n<p><a href=\"\/\/www.pinterest.com\/pin\/create\/button\/\" data-pin-do=\"buttonBookmark\" data-pin-color=\"red\" data-pin-height=\"128\"><img decoding=\"async\" src=\"\/\/assets.pinterest.com\/images\/pidgets\/pinit_fg_en_rect_red_28.png\" \/><\/a><\/p>","protected":false},"excerpt":{"rendered":"[vc_empty_space height=\"150\"][vc_wp_custommenu nav_menu=\"169\" title=\"Qui sommes-nous ? \"]Vous avez envie de d\u00e9couvrir l\u2019Asie du Sud-Est\u00a0? De suivre vos propres envies, hors des sentiers battus du Vietnam, du Cambodge et du Laos\u00a0?...","protected":false},"author":1,"featured_media":0,"parent":0,"menu_order":0,"comment_status":"closed","ping_status":"closed","template":"","meta":{"_crdt_document":"","footnotes":""},"class_list":["post-12","page","type-page","status-publish","hentry"],"yoast_head":"<!-- This site is optimized with the Yoast SEO plugin v26.9 - https:\/\/yoast.com\/product\/yoast-seo-wordpress\/ -->\n<title>Nam Viet Voyage et vous - Nam Viet Voyage<\/title>\n<meta name=\"description\" content=\"Venez \u00e0 la rencontre de l&#039;\u00e9quipe de Nam Viet Voyage !\" \/>\n<meta name=\"robots\" content=\"index, follow, max-snippet:-1, max-image-preview:large, max-video-preview:-1\" \/>\n<link rel=\"canonical\" href=\"http:\/\/nam-viet-voyage.com\/fr\/nam-viet-voyage-vous\/\" \/>\n<meta property=\"og:locale\" content=\"fr_FR\" \/>\n<meta property=\"og:type\" content=\"article\" \/>\n<meta property=\"og:title\" content=\"Nam Viet Voyage et vous - Nam Viet Voyage\" \/>\n<meta property=\"og:description\" content=\"Venez \u00e0 la rencontre de l&#039;\u00e9quipe de Nam Viet Voyage !\" \/>\n<meta property=\"og:url\" content=\"http:\/\/nam-viet-voyage.com\/fr\/nam-viet-voyage-vous\/\" \/>\n<meta property=\"og:site_name\" content=\"Nam Viet Voyage\" \/>\n<meta property=\"article:publisher\" content=\"https:\/\/www.facebook.com\/NamVietVoyage\" \/>\n<meta property=\"article:modified_time\" content=\"2016-05-25T07:45:09+00:00\" \/>\n<meta name=\"twitter:card\" content=\"summary_large_image\" \/>\n<meta name=\"twitter:site\" content=\"@NamVietVoyage\" \/>\n<meta name=\"twitter:label1\" content=\"Dur\u00e9e de lecture estim\u00e9e\" \/>\n\t<meta name=\"twitter:data1\" content=\"1 minute\" \/>\n<script type=\"application\/ld+json\" class=\"yoast-schema-graph\">{\"@context\":\"https:\/\/schema.org\",\"@graph\":[{\"@type\":\"WebPage\",\"@id\":\"http:\/\/nam-viet-voyage.com\/fr\/nam-viet-voyage-vous\/\",\"url\":\"http:\/\/nam-viet-voyage.com\/fr\/nam-viet-voyage-vous\/\",\"name\":\"Nam Viet Voyage et vous - Nam Viet Voyage\",\"isPartOf\":{\"@id\":\"http:\/\/nam-viet-voyage.com\/fr\/#website\"},\"datePublished\":\"2013-05-31T11:57:37+00:00\",\"dateModified\":\"2016-05-25T07:45:09+00:00\",\"description\":\"Venez \u00e0 la rencontre de l'\u00e9quipe de Nam Viet Voyage !\",\"breadcrumb\":{\"@id\":\"http:\/\/nam-viet-voyage.com\/fr\/nam-viet-voyage-vous\/#breadcrumb\"},\"inLanguage\":\"fr-FR\",\"potentialAction\":[{\"@type\":\"ReadAction\",\"target\":[\"http:\/\/nam-viet-voyage.com\/fr\/nam-viet-voyage-vous\/\"]}]},{\"@type\":\"BreadcrumbList\",\"@id\":\"http:\/\/nam-viet-voyage.com\/fr\/nam-viet-voyage-vous\/#breadcrumb\",\"itemListElement\":[{\"@type\":\"ListItem\",\"position\":1,\"name\":\"Home\",\"item\":\"http:\/\/nam-viet-voyage.com\/fr\/\"},{\"@type\":\"ListItem\",\"position\":2,\"name\":\"Nam Viet Voyage et vous\"}]},{\"@type\":\"WebSite\",\"@id\":\"http:\/\/nam-viet-voyage.com\/fr\/#website\",\"url\":\"http:\/\/nam-viet-voyage.com\/fr\/\",\"name\":\"Nam Viet Voyage\",\"description\":\"Voyages en Asie du Sud-Est\",\"potentialAction\":[{\"@type\":\"SearchAction\",\"target\":{\"@type\":\"EntryPoint\",\"urlTemplate\":\"http:\/\/nam-viet-voyage.com\/fr\/?s={search_term_string}\"},\"query-input\":{\"@type\":\"PropertyValueSpecification\",\"valueRequired\":true,\"valueName\":\"search_term_string\"}}],\"inLanguage\":\"fr-FR\"}]}<\/script>\n<!-- \/ Yoast SEO plugin. -->","yoast_head_json":{"title":"Nam Viet Voyage et vous - Nam Viet Voyage","description":"Venez \u00e0 la rencontre de l'\u00e9quipe de Nam Viet Voyage !","robots":{"index":"index","follow":"follow","max-snippet":"max-snippet:-1","max-image-preview":"max-image-preview:large","max-video-preview":"max-video-preview:-1"},"canonical":"http:\/\/nam-viet-voyage.com\/fr\/nam-viet-voyage-vous\/","og_locale":"fr_FR","og_type":"article","og_title":"Nam Viet Voyage et vous - Nam Viet Voyage","og_description":"Venez \u00e0 la rencontre de l'\u00e9quipe de Nam Viet Voyage !","og_url":"http:\/\/nam-viet-voyage.com\/fr\/nam-viet-voyage-vous\/","og_site_name":"Nam Viet Voyage","article_publisher":"https:\/\/www.facebook.com\/NamVietVoyage","article_modified_time":"2016-05-25T07:45:09+00:00","twitter_card":"summary_large_image","twitter_site":"@NamVietVoyage","twitter_misc":{"Dur\u00e9e de lecture estim\u00e9e":"1 minute"},"schema":{"@context":"https:\/\/schema.org","@graph":[{"@type":"WebPage","@id":"http:\/\/nam-viet-voyage.com\/fr\/nam-viet-voyage-vous\/","url":"http:\/\/nam-viet-voyage.com\/fr\/nam-viet-voyage-vous\/","name":"Nam Viet Voyage et vous - Nam Viet Voyage","isPartOf":{"@id":"http:\/\/nam-viet-voyage.com\/fr\/#website"},"datePublished":"2013-05-31T11:57:37+00:00","dateModified":"2016-05-25T07:45:09+00:00","description":"Venez \u00e0 la rencontre de l'\u00e9quipe de Nam Viet Voyage !","breadcrumb":{"@id":"http:\/\/nam-viet-voyage.com\/fr\/nam-viet-voyage-vous\/#breadcrumb"},"inLanguage":"fr-FR","potentialAction":[{"@type":"ReadAction","target":["http:\/\/nam-viet-voyage.com\/fr\/nam-viet-voyage-vous\/"]}]},{"@type":"BreadcrumbList","@id":"http:\/\/nam-viet-voyage.com\/fr\/nam-viet-voyage-vous\/#breadcrumb","itemListElement":[{"@type":"ListItem","position":1,"name":"Home","item":"http:\/\/nam-viet-voyage.com\/fr\/"},{"@type":"ListItem","position":2,"name":"Nam Viet Voyage et vous"}]},{"@type":"WebSite","@id":"http:\/\/nam-viet-voyage.com\/fr\/#website","url":"http:\/\/nam-viet-voyage.com\/fr\/","name":"Nam Viet Voyage","description":"Voyages en Asie du Sud-Est","potentialAction":[{"@type":"SearchAction","target":{"@type":"EntryPoint","urlTemplate":"http:\/\/nam-viet-voyage.com\/fr\/?s={search_term_string}"},"query-input":{"@type":"PropertyValueSpecification","valueRequired":true,"valueName":"search_term_string"}}],"inLanguage":"fr-FR"}]}},"_links":{"self":[{"href":"https:\/\/nam-viet-voyage.com\/fr\/wp-json\/wp\/v2\/pages\/12","targetHints":{"allow":["GET"]}}],"collection":[{"href":"https:\/\/nam-viet-voyage.com\/fr\/wp-json\/wp\/v2\/pages"}],"about":[{"href":"https:\/\/nam-viet-voyage.com\/fr\/wp-json\/wp\/v2\/types\/page"}],"author":[{"embeddable":true,"href":"https:\/\/nam-viet-voyage.com\/fr\/wp-json\/wp\/v2\/users\/1"}],"replies":[{"embeddable":true,"href":"https:\/\/nam-viet-voyage.com\/fr\/wp-json\/wp\/v2\/comments?post=12"}],"version-history":[{"count":42,"href":"https:\/\/nam-viet-voyage.com\/fr\/wp-json\/wp\/v2\/pages\/12\/revisions"}],"predecessor-version":[{"id":10574,"href":"https:\/\/nam-viet-voyage.com\/fr\/wp-json\/wp\/v2\/pages\/12\/revisions\/10574"}],"wp:attachment":[{"href":"https:\/\/nam-viet-voyage.com\/fr\/wp-json\/wp\/v2\/media?parent=12"}],"curies":[{"name":"wp","href":"https:\/\/api.w.org\/{rel}","templated":true}]}}