{"id":9502,"date":"2015-11-11T09:48:21","date_gmt":"2015-11-11T09:48:21","guid":{"rendered":"http:\/\/nam-viet-voyage.com\/fr\/?page_id=9502"},"modified":"2016-05-25T07:44:51","modified_gmt":"2016-05-25T07:44:51","slug":"sofitel-saigon-plaza-hotel","status":"publish","type":"page","link":"http:\/\/nam-viet-voyage.com\/fr\/sofitel-saigon-plaza-hotel\/","title":{"rendered":"Sofitel Saigon Plaza Hotel"},"content":{"rendered":"<section class=\"l-section wpb_row height_medium\"><div class=\"l-section-h i-cf\"><div class=\"g-cols offset_small\"><div class=\" one-quarter\">[vc_wp_custommenu nav_menu=\u00a0\u00bb167&Prime; title=\u00a0\u00bbVotre h\u00f4tel &#8211; Ville\u00a0\u00bb]<\/div><div class=\" three-quarters\"><div class=\"w-image  align_center\"><img loading=\"lazy\" decoding=\"async\" width=\"672\" height=\"200\" src=\"http:\/\/nam-viet-voyage.com\/wp-content\/uploads\/2015\/11\/sofitel-saigon-plaza-hotel.png\" class=\"attachment-full size-full\" alt=\"Polaroids et carte Sofitel Saigon Plaza Hotel\" srcset=\"http:\/\/nam-viet-voyage.com\/wp-content\/uploads\/2015\/11\/sofitel-saigon-plaza-hotel.png 672w, http:\/\/nam-viet-voyage.com\/wp-content\/uploads\/2015\/11\/sofitel-saigon-plaza-hotel-300x89.png 300w, http:\/\/nam-viet-voyage.com\/wp-content\/uploads\/2015\/11\/sofitel-saigon-plaza-hotel-600x179.png 600w, http:\/\/nam-viet-voyage.com\/wp-content\/uploads\/2015\/11\/sofitel-saigon-plaza-hotel-150x45.png 150w\" sizes=\"auto, (max-width: 672px) 100vw, 672px\" \/><\/div><div class=\"wpb_text_column \"><div class=\"wpb_wrapper\">\n<h2 style=\"text-align: center;\">Sofitel Saigon Plaza Hotel<\/h2>\n<p style=\"text-align: justify;\">D\u00e9couvrez H\u00f4 Chi Minh-Ville tout en profitant du calme et des services d\u2019un grand h\u00f4tel : situ\u00e9 dans le centre-ville, \u00e0 proximit\u00e9 des attractions principales, le Sofitel Saigon Plaza offre \u00e0 ses clients une exp\u00e9rience luxueuse au c\u0153ur d\u2019une m\u00e9tropole en pleine \u00e9bullition. Dot\u00e9 de 286 chambres, il se distingue par son \u00e9l\u00e9gance et son raffinement. Le Sofitel Saigon est en outre \u00e9quip\u00e9 d\u2019une piscine sur le toit, d\u2019un spa et d\u2019un sauna, ainsi que d\u2019une salle de sport. L\u2019h\u00f4tel propose l\u2019une des meilleures cuisines de la ville. Au Mezz Restaurant, le buffet est un concentr\u00e9 de saveurs venues des quatre coins du globe : sp\u00e9cialit\u00e9s asiatiques et occidentales se c\u00f4toient, parmi lesquelles de la charcuterie et des fromages import\u00e9s de France. Le second restaurant, L\u2019Olivier, propose une cuisine de Provence. Deux bars sont \u00e9galement \u00e0 disposition des clients : le Boudoir Lounge et le Poolside Bar, situ\u00e9 au bord de la piscine.<\/p>\n<\/div> <\/div> <div class=\"g-cols wpb_row offset_small vc_inner \"><div class=\" full-width\">[vc_empty_space height=\u00a0\u00bb30px\u00a0\u00bb]<\/div><\/div><div class=\"g-cols wpb_row offset_small vc_inner \"><div class=\" one-half\"><div class=\"w-image  align_center\"><img loading=\"lazy\" decoding=\"async\" width=\"320\" height=\"218\" src=\"http:\/\/nam-viet-voyage.com\/wp-content\/uploads\/2015\/11\/sofitel-saigon-room.jpg\" class=\"attachment-full size-full\" alt=\"Premium room au Sofitel Saigon Plaza\" srcset=\"http:\/\/nam-viet-voyage.com\/wp-content\/uploads\/2015\/11\/sofitel-saigon-room.jpg 320w, http:\/\/nam-viet-voyage.com\/wp-content\/uploads\/2015\/11\/sofitel-saigon-room-300x204.jpg 300w, http:\/\/nam-viet-voyage.com\/wp-content\/uploads\/2015\/11\/sofitel-saigon-room-150x102.jpg 150w, http:\/\/nam-viet-voyage.com\/wp-content\/uploads\/2015\/11\/sofitel-saigon-room-294x200.jpg 294w\" sizes=\"auto, (max-width: 320px) 100vw, 320px\" \/><\/div><div class=\"w-image  align_center\"><img loading=\"lazy\" decoding=\"async\" width=\"320\" height=\"214\" src=\"http:\/\/nam-viet-voyage.com\/wp-content\/uploads\/2015\/11\/sofitel-saigon-rooftop-pool.jpg\" class=\"attachment-full size-full\" alt=\"View from the roof over the pool, Sofitel Saigon Plaza\" srcset=\"http:\/\/nam-viet-voyage.com\/wp-content\/uploads\/2015\/11\/sofitel-saigon-rooftop-pool.jpg 320w, http:\/\/nam-viet-voyage.com\/wp-content\/uploads\/2015\/11\/sofitel-saigon-rooftop-pool-300x200.jpg 300w, http:\/\/nam-viet-voyage.com\/wp-content\/uploads\/2015\/11\/sofitel-saigon-rooftop-pool-150x100.jpg 150w\" sizes=\"auto, (max-width: 320px) 100vw, 320px\" \/><\/div><\/div><div class=\" one-half\"><div class=\"w-image  align_center\"><img loading=\"lazy\" decoding=\"async\" width=\"320\" height=\"214\" src=\"http:\/\/nam-viet-voyage.com\/wp-content\/uploads\/2015\/11\/sofitel-saigon-pool-bar.jpg\" class=\"attachment-full size-full\" alt=\"Get a drink at the Poolside Bar\" srcset=\"http:\/\/nam-viet-voyage.com\/wp-content\/uploads\/2015\/11\/sofitel-saigon-pool-bar.jpg 320w, http:\/\/nam-viet-voyage.com\/wp-content\/uploads\/2015\/11\/sofitel-saigon-pool-bar-300x200.jpg 300w, http:\/\/nam-viet-voyage.com\/wp-content\/uploads\/2015\/11\/sofitel-saigon-pool-bar-150x100.jpg 150w\" sizes=\"auto, (max-width: 320px) 100vw, 320px\" \/><\/div><div class=\"w-image  align_center\"><img loading=\"lazy\" decoding=\"async\" width=\"320\" height=\"218\" src=\"http:\/\/nam-viet-voyage.com\/wp-content\/uploads\/2015\/11\/sofitel-saigon-restaurant.jpg\" class=\"attachment-full size-full\" alt=\"L&#039;Olivier Restaurant at Sofitel Saigon Plaza\" srcset=\"http:\/\/nam-viet-voyage.com\/wp-content\/uploads\/2015\/11\/sofitel-saigon-restaurant.jpg 320w, http:\/\/nam-viet-voyage.com\/wp-content\/uploads\/2015\/11\/sofitel-saigon-restaurant-300x204.jpg 300w, http:\/\/nam-viet-voyage.com\/wp-content\/uploads\/2015\/11\/sofitel-saigon-restaurant-150x102.jpg 150w, http:\/\/nam-viet-voyage.com\/wp-content\/uploads\/2015\/11\/sofitel-saigon-restaurant-294x200.jpg 294w\" sizes=\"auto, (max-width: 320px) 100vw, 320px\" \/><\/div><\/div><\/div><\/div><\/div><\/div><\/section><section class=\"l-section wpb_row height_medium color_secondary\"><div class=\"l-section-h i-cf\"><div class=\"g-cols offset_small\"><div class=\" full-width\"><div class=\"g-cols wpb_row offset_small vc_inner \"><div class=\" full-width\">[vc_custom_heading text=\u00a0\u00bbPour tout projet ou information compl\u00e9mentaire, merci de nous contacter !\u00a0\u00bb font_container=\u00a0\u00bbtag:p|font_size:24|text_align:center\u00a0\u00bb google_fonts=\u00a0\u00bbfont_family:Nothing%20You%20Could%20Do%3Aregular|font_style:400%20regular%3A400%3Anormal\u00a0\u00bb]\n<div class=\"wpcf7 no-js\" id=\"wpcf7-f5977-o1\" lang=\"fr-FR\" dir=\"ltr\" data-wpcf7-id=\"5977\">\n<div class=\"screen-reader-response\"><p role=\"status\" aria-live=\"polite\" aria-atomic=\"true\"><\/p> <ul><\/ul><\/div>\n<form action=\"\/fr\/wp-json\/wp\/v2\/pages\/9502#wpcf7-f5977-o1\" method=\"post\" class=\"wpcf7-form init\" aria-label=\"Formulaire de contact\" novalidate=\"novalidate\" data-status=\"init\">\n<fieldset class=\"hidden-fields-container\"><input type=\"hidden\" name=\"_wpcf7\" value=\"5977\" \/><input type=\"hidden\" name=\"_wpcf7_version\" value=\"6.1.5\" \/><input type=\"hidden\" name=\"_wpcf7_locale\" value=\"fr_FR\" \/><input type=\"hidden\" name=\"_wpcf7_unit_tag\" value=\"wpcf7-f5977-o1\" \/><input type=\"hidden\" name=\"_wpcf7_container_post\" value=\"0\" \/><input type=\"hidden\" name=\"_wpcf7_posted_data_hash\" value=\"\" \/>\n<\/fieldset>\n<p>Votre Nom *\n<\/p>\n<p><span class=\"wpcf7-form-control-wrap\" data-name=\"your-name\"><input size=\"40\" maxlength=\"400\" class=\"wpcf7-form-control wpcf7-text wpcf7-validates-as-required\" aria-required=\"true\" aria-invalid=\"false\" value=\"\" type=\"text\" name=\"your-name\" \/><\/span>\n<\/p>\n<p>Votre Email *\n<\/p>\n<p><span class=\"wpcf7-form-control-wrap\" data-name=\"your-email\"><input size=\"40\" maxlength=\"400\" class=\"wpcf7-form-control wpcf7-email wpcf7-validates-as-required wpcf7-text wpcf7-validates-as-email\" aria-required=\"true\" aria-invalid=\"false\" value=\"\" type=\"email\" name=\"your-email\" \/><\/span>\n<\/p>\n<p>Votre Message *\n<\/p>\n<p><span class=\"wpcf7-form-control-wrap\" data-name=\"your-message\"><textarea cols=\"40\" rows=\"10\" maxlength=\"2000\" class=\"wpcf7-form-control wpcf7-textarea wpcf7-validates-as-required\" aria-required=\"true\" aria-invalid=\"false\" name=\"your-message\"><\/textarea><\/span>\n<\/p>\n<p><input class=\"wpcf7-form-control wpcf7-submit has-spinner\" type=\"submit\" value=\"Envoyer\" \/>\n<\/p><div class=\"wpcf7-response-output\" aria-hidden=\"true\"><\/div>\n<\/form>\n<\/div>\n<\/div><\/div><\/div><\/div><\/div><\/section>\n<p><a href=\"\/\/www.pinterest.com\/pin\/create\/button\/\" data-pin-do=\"buttonBookmark\" data-pin-color=\"red\" data-pin-height=\"128\"><img decoding=\"async\" src=\"\/\/assets.pinterest.com\/images\/pidgets\/pinit_fg_en_rect_red_28.png\" \/><\/a><\/p>","protected":false},"excerpt":{"rendered":"[vc_wp_custommenu nav_menu=\"167\" title=\"Votre h\u00f4tel - Ville\"] Sofitel Saigon Plaza Hotel D\u00e9couvrez H\u00f4 Chi Minh-Ville tout en profitant du calme et des services d\u2019un grand h\u00f4tel : situ\u00e9 dans le centre-ville,...","protected":false},"author":5,"featured_media":0,"parent":0,"menu_order":0,"comment_status":"closed","ping_status":"closed","template":"","meta":{"_crdt_document":"","footnotes":""},"class_list":["post-9502","page","type-page","status-publish","hentry"],"yoast_head":"<!-- This site is optimized with the Yoast SEO plugin v26.9 - https:\/\/yoast.com\/product\/yoast-seo-wordpress\/ -->\n<title>Sofitel Saigon Plaza Hotel - Nam Viet Voyage<\/title>\n<meta name=\"description\" content=\"Appr\u00e9ciez le luxe d\u2019un grand h\u00f4tel en s\u00e9journant au Sofitel Saigon Plaza, en plein centre d\u2019H\u00f4 Chi Minh-Ville, dans le sud du Vietnam.\" \/>\n<meta name=\"robots\" content=\"index, follow, max-snippet:-1, max-image-preview:large, max-video-preview:-1\" \/>\n<link rel=\"canonical\" href=\"https:\/\/nam-viet-voyage.com\/fr\/sofitel-saigon-plaza-hotel\/\" \/>\n<meta property=\"og:locale\" content=\"fr_FR\" \/>\n<meta property=\"og:type\" content=\"article\" \/>\n<meta property=\"og:title\" content=\"Sofitel Saigon Plaza Hotel - Nam Viet Voyage\" \/>\n<meta property=\"og:description\" content=\"Appr\u00e9ciez le luxe d\u2019un grand h\u00f4tel en s\u00e9journant au Sofitel Saigon Plaza, en plein centre d\u2019H\u00f4 Chi Minh-Ville, dans le sud du Vietnam.\" \/>\n<meta property=\"og:url\" content=\"https:\/\/nam-viet-voyage.com\/fr\/sofitel-saigon-plaza-hotel\/\" \/>\n<meta property=\"og:site_name\" content=\"Nam Viet Voyage\" \/>\n<meta property=\"article:publisher\" content=\"https:\/\/www.facebook.com\/NamVietVoyage\" \/>\n<meta property=\"article:modified_time\" content=\"2016-05-25T07:44:51+00:00\" \/>\n<meta name=\"twitter:card\" content=\"summary_large_image\" \/>\n<meta name=\"twitter:site\" content=\"@NamVietVoyage\" \/>\n<meta name=\"twitter:label1\" content=\"Dur\u00e9e de lecture estim\u00e9e\" \/>\n\t<meta name=\"twitter:data1\" content=\"2 minutes\" \/>\n<script type=\"application\/ld+json\" class=\"yoast-schema-graph\">{\"@context\":\"https:\/\/schema.org\",\"@graph\":[{\"@type\":\"WebPage\",\"@id\":\"https:\/\/nam-viet-voyage.com\/fr\/sofitel-saigon-plaza-hotel\/\",\"url\":\"https:\/\/nam-viet-voyage.com\/fr\/sofitel-saigon-plaza-hotel\/\",\"name\":\"Sofitel Saigon Plaza Hotel - Nam Viet Voyage\",\"isPartOf\":{\"@id\":\"https:\/\/nam-viet-voyage.com\/#website\"},\"datePublished\":\"2015-11-11T09:48:21+00:00\",\"dateModified\":\"2016-05-25T07:44:51+00:00\",\"description\":\"Appr\u00e9ciez le luxe d\u2019un grand h\u00f4tel en s\u00e9journant au Sofitel Saigon Plaza, en plein centre d\u2019H\u00f4 Chi Minh-Ville, dans le sud du Vietnam.\",\"breadcrumb\":{\"@id\":\"https:\/\/nam-viet-voyage.com\/fr\/sofitel-saigon-plaza-hotel\/#breadcrumb\"},\"inLanguage\":\"fr-FR\",\"potentialAction\":[{\"@type\":\"ReadAction\",\"target\":[\"https:\/\/nam-viet-voyage.com\/fr\/sofitel-saigon-plaza-hotel\/\"]}]},{\"@type\":\"BreadcrumbList\",\"@id\":\"https:\/\/nam-viet-voyage.com\/fr\/sofitel-saigon-plaza-hotel\/#breadcrumb\",\"itemListElement\":[{\"@type\":\"ListItem\",\"position\":1,\"name\":\"Home\",\"item\":\"https:\/\/nam-viet-voyage.com\/fr\/sample-page-2\/\"},{\"@type\":\"ListItem\",\"position\":2,\"name\":\"Sofitel Saigon Plaza Hotel\"}]},{\"@type\":\"WebSite\",\"@id\":\"https:\/\/nam-viet-voyage.com\/#website\",\"url\":\"https:\/\/nam-viet-voyage.com\/\",\"name\":\"Nam Viet Voyage\",\"description\":\"Voyages en Asie du Sud-Est\",\"potentialAction\":[{\"@type\":\"SearchAction\",\"target\":{\"@type\":\"EntryPoint\",\"urlTemplate\":\"https:\/\/nam-viet-voyage.com\/?s={search_term_string}\"},\"query-input\":{\"@type\":\"PropertyValueSpecification\",\"valueRequired\":true,\"valueName\":\"search_term_string\"}}],\"inLanguage\":\"fr-FR\"}]}<\/script>\n<!-- \/ Yoast SEO plugin. -->","yoast_head_json":{"title":"Sofitel Saigon Plaza Hotel - Nam Viet Voyage","description":"Appr\u00e9ciez le luxe d\u2019un grand h\u00f4tel en s\u00e9journant au Sofitel Saigon Plaza, en plein centre d\u2019H\u00f4 Chi Minh-Ville, dans le sud du Vietnam.","robots":{"index":"index","follow":"follow","max-snippet":"max-snippet:-1","max-image-preview":"max-image-preview:large","max-video-preview":"max-video-preview:-1"},"canonical":"https:\/\/nam-viet-voyage.com\/fr\/sofitel-saigon-plaza-hotel\/","og_locale":"fr_FR","og_type":"article","og_title":"Sofitel Saigon Plaza Hotel - Nam Viet Voyage","og_description":"Appr\u00e9ciez le luxe d\u2019un grand h\u00f4tel en s\u00e9journant au Sofitel Saigon Plaza, en plein centre d\u2019H\u00f4 Chi Minh-Ville, dans le sud du Vietnam.","og_url":"https:\/\/nam-viet-voyage.com\/fr\/sofitel-saigon-plaza-hotel\/","og_site_name":"Nam Viet Voyage","article_publisher":"https:\/\/www.facebook.com\/NamVietVoyage","article_modified_time":"2016-05-25T07:44:51+00:00","twitter_card":"summary_large_image","twitter_site":"@NamVietVoyage","twitter_misc":{"Dur\u00e9e de lecture estim\u00e9e":"2 minutes"},"schema":{"@context":"https:\/\/schema.org","@graph":[{"@type":"WebPage","@id":"https:\/\/nam-viet-voyage.com\/fr\/sofitel-saigon-plaza-hotel\/","url":"https:\/\/nam-viet-voyage.com\/fr\/sofitel-saigon-plaza-hotel\/","name":"Sofitel Saigon Plaza Hotel - Nam Viet Voyage","isPartOf":{"@id":"https:\/\/nam-viet-voyage.com\/#website"},"datePublished":"2015-11-11T09:48:21+00:00","dateModified":"2016-05-25T07:44:51+00:00","description":"Appr\u00e9ciez le luxe d\u2019un grand h\u00f4tel en s\u00e9journant au Sofitel Saigon Plaza, en plein centre d\u2019H\u00f4 Chi Minh-Ville, dans le sud du Vietnam.","breadcrumb":{"@id":"https:\/\/nam-viet-voyage.com\/fr\/sofitel-saigon-plaza-hotel\/#breadcrumb"},"inLanguage":"fr-FR","potentialAction":[{"@type":"ReadAction","target":["https:\/\/nam-viet-voyage.com\/fr\/sofitel-saigon-plaza-hotel\/"]}]},{"@type":"BreadcrumbList","@id":"https:\/\/nam-viet-voyage.com\/fr\/sofitel-saigon-plaza-hotel\/#breadcrumb","itemListElement":[{"@type":"ListItem","position":1,"name":"Home","item":"https:\/\/nam-viet-voyage.com\/fr\/sample-page-2\/"},{"@type":"ListItem","position":2,"name":"Sofitel Saigon Plaza Hotel"}]},{"@type":"WebSite","@id":"https:\/\/nam-viet-voyage.com\/#website","url":"https:\/\/nam-viet-voyage.com\/","name":"Nam Viet Voyage","description":"Voyages en Asie du Sud-Est","potentialAction":[{"@type":"SearchAction","target":{"@type":"EntryPoint","urlTemplate":"https:\/\/nam-viet-voyage.com\/?s={search_term_string}"},"query-input":{"@type":"PropertyValueSpecification","valueRequired":true,"valueName":"search_term_string"}}],"inLanguage":"fr-FR"}]}},"_links":{"self":[{"href":"http:\/\/nam-viet-voyage.com\/fr\/wp-json\/wp\/v2\/pages\/9502","targetHints":{"allow":["GET"]}}],"collection":[{"href":"http:\/\/nam-viet-voyage.com\/fr\/wp-json\/wp\/v2\/pages"}],"about":[{"href":"http:\/\/nam-viet-voyage.com\/fr\/wp-json\/wp\/v2\/types\/page"}],"author":[{"embeddable":true,"href":"http:\/\/nam-viet-voyage.com\/fr\/wp-json\/wp\/v2\/users\/5"}],"replies":[{"embeddable":true,"href":"http:\/\/nam-viet-voyage.com\/fr\/wp-json\/wp\/v2\/comments?post=9502"}],"version-history":[{"count":5,"href":"http:\/\/nam-viet-voyage.com\/fr\/wp-json\/wp\/v2\/pages\/9502\/revisions"}],"predecessor-version":[{"id":11171,"href":"http:\/\/nam-viet-voyage.com\/fr\/wp-json\/wp\/v2\/pages\/9502\/revisions\/11171"}],"wp:attachment":[{"href":"http:\/\/nam-viet-voyage.com\/fr\/wp-json\/wp\/v2\/media?parent=9502"}],"curies":[{"name":"wp","href":"https:\/\/api.w.org\/{rel}","templated":true}]}}