{"id":9466,"date":"2015-11-09T10:28:33","date_gmt":"2015-11-09T10:28:33","guid":{"rendered":"http:\/\/nam-viet-voyage.com\/fr\/?page_id=9466"},"modified":"2016-05-25T07:44:52","modified_gmt":"2016-05-25T07:44:52","slug":"hanoi-elegance-diamond","status":"publish","type":"page","link":"http:\/\/nam-viet-voyage.com\/fr\/hanoi-elegance-diamond\/","title":{"rendered":"Hanoi Elegance Diamond"},"content":{"rendered":"<section class=\"l-section wpb_row height_medium\"><div class=\"l-section-h i-cf\"><div class=\"g-cols offset_small\"><div class=\" one-quarter\">[vc_wp_custommenu nav_menu=\u00a0\u00bb167&Prime; title=\u00a0\u00bbVotre h\u00f4tel &#8211; Baln\u00e9aire\u00a0\u00bb]<\/div><div class=\" three-quarters\"><div class=\"w-image  align_center\"><img loading=\"lazy\" decoding=\"async\" width=\"672\" height=\"200\" src=\"http:\/\/nam-viet-voyage.com\/wp-content\/uploads\/2015\/11\/hanoi-elegance-diamond.png\" class=\"attachment-full size-full\" alt=\"Polaroids et carte Hanoi Elegance Diamond\" srcset=\"http:\/\/nam-viet-voyage.com\/wp-content\/uploads\/2015\/11\/hanoi-elegance-diamond.png 672w, http:\/\/nam-viet-voyage.com\/wp-content\/uploads\/2015\/11\/hanoi-elegance-diamond-300x89.png 300w, http:\/\/nam-viet-voyage.com\/wp-content\/uploads\/2015\/11\/hanoi-elegance-diamond-600x179.png 600w, http:\/\/nam-viet-voyage.com\/wp-content\/uploads\/2015\/11\/hanoi-elegance-diamond-150x45.png 150w\" sizes=\"auto, (max-width: 672px) 100vw, 672px\" \/><\/div><div class=\"wpb_text_column \"><div class=\"wpb_wrapper\">\n<h2 style=\"text-align: center;\">Hanoi Elegance Diamond<\/h2>\n<p style=\"text-align: justify;\">Situ\u00e9 au c\u0153ur du Vieux Quartier \u00e0 Hanoi, l\u2019Elegance Diamond est un h\u00f4tel qui fait l\u2019unanimit\u00e9 parmi les voyageurs. Avec son emplacement id\u00e9al et son service impeccable, l\u2019\u00e9tablissement s\u2019est b\u00e2ti une solide r\u00e9putation. Ouvert en 2010, il propose des chambres spacieuses, \u00e0 la d\u00e9coration soign\u00e9e et \u00e0 la propret\u00e9 irr\u00e9prochable. C\u00f4t\u00e9 cuisine, le buffet du petit-d\u00e9jeuner r\u00e9galera vos papilles. Vous pourrez \u00e9galement d\u00e9guster des sp\u00e9cialit\u00e9s internationales pour le d\u00e9jeuner et le d\u00eener au restaurant de l\u2019h\u00f4tel. Montez au dernier \u00e9tage et prenez un verre sur le toit-terrasse, qui offre une vue panoramique sur la ville d\u2019Hanoi. Si vous le souhaitez, vous pourrez vous d\u00e9tendre au spa, qui propose diff\u00e9rents types de soins.<\/p>\n<\/div> <\/div> <div class=\"g-cols wpb_row offset_small vc_inner \"><div class=\" full-width\">[vc_empty_space height=\u00a0\u00bb30px\u00a0\u00bb]<\/div><\/div><div class=\"g-cols wpb_row offset_small vc_inner \"><div class=\" one-half\"><div class=\"w-image  align_center\"><img loading=\"lazy\" decoding=\"async\" width=\"320\" height=\"213\" src=\"http:\/\/nam-viet-voyage.com\/wp-content\/uploads\/2015\/11\/elegance-diamond-rooftop.jpg\" class=\"attachment-full size-full\" alt=\"View from the rooftop terrace\" srcset=\"http:\/\/nam-viet-voyage.com\/wp-content\/uploads\/2015\/11\/elegance-diamond-rooftop.jpg 320w, http:\/\/nam-viet-voyage.com\/wp-content\/uploads\/2015\/11\/elegance-diamond-rooftop-300x200.jpg 300w, http:\/\/nam-viet-voyage.com\/wp-content\/uploads\/2015\/11\/elegance-diamond-rooftop-150x100.jpg 150w\" sizes=\"auto, (max-width: 320px) 100vw, 320px\" \/><\/div><div class=\"w-image  align_center\"><img loading=\"lazy\" decoding=\"async\" width=\"320\" height=\"213\" src=\"http:\/\/nam-viet-voyage.com\/wp-content\/uploads\/2015\/11\/elegance-diamond-room-window.jpg\" class=\"attachment-full size-full\" alt=\"Get a drink in your room\" srcset=\"http:\/\/nam-viet-voyage.com\/wp-content\/uploads\/2015\/11\/elegance-diamond-room-window.jpg 320w, http:\/\/nam-viet-voyage.com\/wp-content\/uploads\/2015\/11\/elegance-diamond-room-window-300x200.jpg 300w, http:\/\/nam-viet-voyage.com\/wp-content\/uploads\/2015\/11\/elegance-diamond-room-window-150x100.jpg 150w\" sizes=\"auto, (max-width: 320px) 100vw, 320px\" \/><\/div><\/div><div class=\" one-half\"><div class=\"w-image  align_center\"><img loading=\"lazy\" decoding=\"async\" width=\"320\" height=\"214\" src=\"http:\/\/nam-viet-voyage.com\/wp-content\/uploads\/2015\/11\/elegance-diamond-room.jpg\" class=\"attachment-full size-full\" alt=\"View from the window of a room\" srcset=\"http:\/\/nam-viet-voyage.com\/wp-content\/uploads\/2015\/11\/elegance-diamond-room.jpg 320w, http:\/\/nam-viet-voyage.com\/wp-content\/uploads\/2015\/11\/elegance-diamond-room-300x200.jpg 300w, http:\/\/nam-viet-voyage.com\/wp-content\/uploads\/2015\/11\/elegance-diamond-room-150x100.jpg 150w\" sizes=\"auto, (max-width: 320px) 100vw, 320px\" \/><\/div><div class=\"w-image  align_center\"><img loading=\"lazy\" decoding=\"async\" width=\"320\" height=\"213\" src=\"http:\/\/nam-viet-voyage.com\/wp-content\/uploads\/2015\/11\/elegance-diamond-spa.jpg\" class=\"attachment-full size-full\" alt=\"\" srcset=\"http:\/\/nam-viet-voyage.com\/wp-content\/uploads\/2015\/11\/elegance-diamond-spa.jpg 320w, http:\/\/nam-viet-voyage.com\/wp-content\/uploads\/2015\/11\/elegance-diamond-spa-300x200.jpg 300w, http:\/\/nam-viet-voyage.com\/wp-content\/uploads\/2015\/11\/elegance-diamond-spa-150x100.jpg 150w\" sizes=\"auto, (max-width: 320px) 100vw, 320px\" \/><\/div><\/div><\/div><\/div><\/div><\/div><\/section><section class=\"l-section wpb_row height_medium color_secondary\"><div class=\"l-section-h i-cf\"><div class=\"g-cols offset_small\"><div class=\" full-width\"><div class=\"g-cols wpb_row offset_small vc_inner \"><div class=\" full-width\">[vc_custom_heading text=\u00a0\u00bbPour tout projet ou information compl\u00e9mentaire, merci de nous contacter !\u00a0\u00bb font_container=\u00a0\u00bbtag:p|font_size:24|text_align:center\u00a0\u00bb google_fonts=\u00a0\u00bbfont_family:Nothing%20You%20Could%20Do%3Aregular|font_style:400%20regular%3A400%3Anormal\u00a0\u00bb]\n<div class=\"wpcf7 no-js\" id=\"wpcf7-f5977-o1\" lang=\"fr-FR\" dir=\"ltr\" data-wpcf7-id=\"5977\">\n<div class=\"screen-reader-response\"><p role=\"status\" aria-live=\"polite\" aria-atomic=\"true\"><\/p> <ul><\/ul><\/div>\n<form action=\"\/fr\/wp-json\/wp\/v2\/pages\/9466#wpcf7-f5977-o1\" method=\"post\" class=\"wpcf7-form init\" aria-label=\"Formulaire de contact\" novalidate=\"novalidate\" data-status=\"init\">\n<fieldset class=\"hidden-fields-container\"><input type=\"hidden\" name=\"_wpcf7\" value=\"5977\" \/><input type=\"hidden\" name=\"_wpcf7_version\" value=\"6.1.5\" \/><input type=\"hidden\" name=\"_wpcf7_locale\" value=\"fr_FR\" \/><input type=\"hidden\" name=\"_wpcf7_unit_tag\" value=\"wpcf7-f5977-o1\" \/><input type=\"hidden\" name=\"_wpcf7_container_post\" value=\"0\" \/><input type=\"hidden\" name=\"_wpcf7_posted_data_hash\" value=\"\" \/>\n<\/fieldset>\n<p>Votre Nom *\n<\/p>\n<p><span class=\"wpcf7-form-control-wrap\" data-name=\"your-name\"><input size=\"40\" maxlength=\"400\" class=\"wpcf7-form-control wpcf7-text wpcf7-validates-as-required\" aria-required=\"true\" aria-invalid=\"false\" value=\"\" type=\"text\" name=\"your-name\" \/><\/span>\n<\/p>\n<p>Votre Email *\n<\/p>\n<p><span class=\"wpcf7-form-control-wrap\" data-name=\"your-email\"><input size=\"40\" maxlength=\"400\" class=\"wpcf7-form-control wpcf7-email wpcf7-validates-as-required wpcf7-text wpcf7-validates-as-email\" aria-required=\"true\" aria-invalid=\"false\" value=\"\" type=\"email\" name=\"your-email\" \/><\/span>\n<\/p>\n<p>Votre Message *\n<\/p>\n<p><span class=\"wpcf7-form-control-wrap\" data-name=\"your-message\"><textarea cols=\"40\" rows=\"10\" maxlength=\"2000\" class=\"wpcf7-form-control wpcf7-textarea wpcf7-validates-as-required\" aria-required=\"true\" aria-invalid=\"false\" name=\"your-message\"><\/textarea><\/span>\n<\/p>\n<p><input class=\"wpcf7-form-control wpcf7-submit has-spinner\" type=\"submit\" value=\"Envoyer\" \/>\n<\/p><div class=\"wpcf7-response-output\" aria-hidden=\"true\"><\/div>\n<\/form>\n<\/div>\n<\/div><\/div><\/div><\/div><\/div><\/section>\n<p><a href=\"\/\/www.pinterest.com\/pin\/create\/button\/\" data-pin-do=\"buttonBookmark\" data-pin-color=\"red\" data-pin-height=\"128\"><img decoding=\"async\" src=\"\/\/assets.pinterest.com\/images\/pidgets\/pinit_fg_en_rect_red_28.png\" \/><\/a><\/p>","protected":false},"excerpt":{"rendered":"[vc_wp_custommenu nav_menu=\"167\" title=\"Votre h\u00f4tel - Baln\u00e9aire\"] Hanoi Elegance Diamond Situ\u00e9 au c\u0153ur du Vieux Quartier \u00e0 Hanoi, l\u2019Elegance Diamond est un h\u00f4tel qui fait l\u2019unanimit\u00e9 parmi les voyageurs. Avec son...","protected":false},"author":5,"featured_media":0,"parent":0,"menu_order":0,"comment_status":"closed","ping_status":"closed","template":"","meta":{"_crdt_document":"","footnotes":""},"class_list":["post-9466","page","type-page","status-publish","hentry"],"yoast_head":"<!-- This site is optimized with the Yoast SEO plugin v26.9 - https:\/\/yoast.com\/product\/yoast-seo-wordpress\/ -->\n<title>Hanoi Elegance Diamond - Nam Viet Voyage<\/title>\n<meta name=\"description\" content=\"En plein c\u0153ur du quartier des 36 Corporations d\u2019Hanoi, l\u2019h\u00f4tel Elegance Diamond est un endroit id\u00e9al pour profiter de la vieille ville.\" \/>\n<meta name=\"robots\" content=\"index, follow, max-snippet:-1, max-image-preview:large, max-video-preview:-1\" \/>\n<link rel=\"canonical\" href=\"http:\/\/nam-viet-voyage.com\/fr\/hanoi-elegance-diamond\/\" \/>\n<meta property=\"og:locale\" content=\"fr_FR\" \/>\n<meta property=\"og:type\" content=\"article\" \/>\n<meta property=\"og:title\" content=\"Hanoi Elegance Diamond - Nam Viet Voyage\" \/>\n<meta property=\"og:description\" content=\"En plein c\u0153ur du quartier des 36 Corporations d\u2019Hanoi, l\u2019h\u00f4tel Elegance Diamond est un endroit id\u00e9al pour profiter de la vieille ville.\" \/>\n<meta property=\"og:url\" content=\"http:\/\/nam-viet-voyage.com\/fr\/hanoi-elegance-diamond\/\" \/>\n<meta property=\"og:site_name\" content=\"Nam Viet Voyage\" \/>\n<meta property=\"article:publisher\" content=\"https:\/\/www.facebook.com\/NamVietVoyage\" \/>\n<meta property=\"article:modified_time\" content=\"2016-05-25T07:44:52+00:00\" \/>\n<meta name=\"twitter:card\" content=\"summary_large_image\" \/>\n<meta name=\"twitter:site\" content=\"@NamVietVoyage\" \/>\n<meta name=\"twitter:label1\" content=\"Dur\u00e9e de lecture estim\u00e9e\" \/>\n\t<meta name=\"twitter:data1\" content=\"2 minutes\" \/>\n<script type=\"application\/ld+json\" class=\"yoast-schema-graph\">{\"@context\":\"https:\/\/schema.org\",\"@graph\":[{\"@type\":\"WebPage\",\"@id\":\"http:\/\/nam-viet-voyage.com\/fr\/hanoi-elegance-diamond\/\",\"url\":\"http:\/\/nam-viet-voyage.com\/fr\/hanoi-elegance-diamond\/\",\"name\":\"Hanoi Elegance Diamond - Nam Viet Voyage\",\"isPartOf\":{\"@id\":\"https:\/\/nam-viet-voyage.com\/#website\"},\"datePublished\":\"2015-11-09T10:28:33+00:00\",\"dateModified\":\"2016-05-25T07:44:52+00:00\",\"description\":\"En plein c\u0153ur du quartier des 36 Corporations d\u2019Hanoi, l\u2019h\u00f4tel Elegance Diamond est un endroit id\u00e9al pour profiter de la vieille ville.\",\"breadcrumb\":{\"@id\":\"http:\/\/nam-viet-voyage.com\/fr\/hanoi-elegance-diamond\/#breadcrumb\"},\"inLanguage\":\"fr-FR\",\"potentialAction\":[{\"@type\":\"ReadAction\",\"target\":[\"http:\/\/nam-viet-voyage.com\/fr\/hanoi-elegance-diamond\/\"]}]},{\"@type\":\"BreadcrumbList\",\"@id\":\"http:\/\/nam-viet-voyage.com\/fr\/hanoi-elegance-diamond\/#breadcrumb\",\"itemListElement\":[{\"@type\":\"ListItem\",\"position\":1,\"name\":\"Home\",\"item\":\"http:\/\/nam-viet-voyage.com\/fr\/\"},{\"@type\":\"ListItem\",\"position\":2,\"name\":\"Hanoi Elegance Diamond\"}]},{\"@type\":\"WebSite\",\"@id\":\"https:\/\/nam-viet-voyage.com\/#website\",\"url\":\"https:\/\/nam-viet-voyage.com\/\",\"name\":\"Nam Viet Voyage\",\"description\":\"Voyages en Asie du Sud-Est\",\"potentialAction\":[{\"@type\":\"SearchAction\",\"target\":{\"@type\":\"EntryPoint\",\"urlTemplate\":\"https:\/\/nam-viet-voyage.com\/?s={search_term_string}\"},\"query-input\":{\"@type\":\"PropertyValueSpecification\",\"valueRequired\":true,\"valueName\":\"search_term_string\"}}],\"inLanguage\":\"fr-FR\"}]}<\/script>\n<!-- \/ Yoast SEO plugin. -->","yoast_head_json":{"title":"Hanoi Elegance Diamond - Nam Viet Voyage","description":"En plein c\u0153ur du quartier des 36 Corporations d\u2019Hanoi, l\u2019h\u00f4tel Elegance Diamond est un endroit id\u00e9al pour profiter de la vieille ville.","robots":{"index":"index","follow":"follow","max-snippet":"max-snippet:-1","max-image-preview":"max-image-preview:large","max-video-preview":"max-video-preview:-1"},"canonical":"http:\/\/nam-viet-voyage.com\/fr\/hanoi-elegance-diamond\/","og_locale":"fr_FR","og_type":"article","og_title":"Hanoi Elegance Diamond - Nam Viet Voyage","og_description":"En plein c\u0153ur du quartier des 36 Corporations d\u2019Hanoi, l\u2019h\u00f4tel Elegance Diamond est un endroit id\u00e9al pour profiter de la vieille ville.","og_url":"http:\/\/nam-viet-voyage.com\/fr\/hanoi-elegance-diamond\/","og_site_name":"Nam Viet Voyage","article_publisher":"https:\/\/www.facebook.com\/NamVietVoyage","article_modified_time":"2016-05-25T07:44:52+00:00","twitter_card":"summary_large_image","twitter_site":"@NamVietVoyage","twitter_misc":{"Dur\u00e9e de lecture estim\u00e9e":"2 minutes"},"schema":{"@context":"https:\/\/schema.org","@graph":[{"@type":"WebPage","@id":"http:\/\/nam-viet-voyage.com\/fr\/hanoi-elegance-diamond\/","url":"http:\/\/nam-viet-voyage.com\/fr\/hanoi-elegance-diamond\/","name":"Hanoi Elegance Diamond - Nam Viet Voyage","isPartOf":{"@id":"https:\/\/nam-viet-voyage.com\/#website"},"datePublished":"2015-11-09T10:28:33+00:00","dateModified":"2016-05-25T07:44:52+00:00","description":"En plein c\u0153ur du quartier des 36 Corporations d\u2019Hanoi, l\u2019h\u00f4tel Elegance Diamond est un endroit id\u00e9al pour profiter de la vieille ville.","breadcrumb":{"@id":"http:\/\/nam-viet-voyage.com\/fr\/hanoi-elegance-diamond\/#breadcrumb"},"inLanguage":"fr-FR","potentialAction":[{"@type":"ReadAction","target":["http:\/\/nam-viet-voyage.com\/fr\/hanoi-elegance-diamond\/"]}]},{"@type":"BreadcrumbList","@id":"http:\/\/nam-viet-voyage.com\/fr\/hanoi-elegance-diamond\/#breadcrumb","itemListElement":[{"@type":"ListItem","position":1,"name":"Home","item":"http:\/\/nam-viet-voyage.com\/fr\/"},{"@type":"ListItem","position":2,"name":"Hanoi Elegance Diamond"}]},{"@type":"WebSite","@id":"https:\/\/nam-viet-voyage.com\/#website","url":"https:\/\/nam-viet-voyage.com\/","name":"Nam Viet Voyage","description":"Voyages en Asie du Sud-Est","potentialAction":[{"@type":"SearchAction","target":{"@type":"EntryPoint","urlTemplate":"https:\/\/nam-viet-voyage.com\/?s={search_term_string}"},"query-input":{"@type":"PropertyValueSpecification","valueRequired":true,"valueName":"search_term_string"}}],"inLanguage":"fr-FR"}]}},"_links":{"self":[{"href":"http:\/\/nam-viet-voyage.com\/fr\/wp-json\/wp\/v2\/pages\/9466","targetHints":{"allow":["GET"]}}],"collection":[{"href":"http:\/\/nam-viet-voyage.com\/fr\/wp-json\/wp\/v2\/pages"}],"about":[{"href":"http:\/\/nam-viet-voyage.com\/fr\/wp-json\/wp\/v2\/types\/page"}],"author":[{"embeddable":true,"href":"http:\/\/nam-viet-voyage.com\/fr\/wp-json\/wp\/v2\/users\/5"}],"replies":[{"embeddable":true,"href":"http:\/\/nam-viet-voyage.com\/fr\/wp-json\/wp\/v2\/comments?post=9466"}],"version-history":[{"count":5,"href":"http:\/\/nam-viet-voyage.com\/fr\/wp-json\/wp\/v2\/pages\/9466\/revisions"}],"predecessor-version":[{"id":11181,"href":"http:\/\/nam-viet-voyage.com\/fr\/wp-json\/wp\/v2\/pages\/9466\/revisions\/11181"}],"wp:attachment":[{"href":"http:\/\/nam-viet-voyage.com\/fr\/wp-json\/wp\/v2\/media?parent=9466"}],"curies":[{"name":"wp","href":"https:\/\/api.w.org\/{rel}","templated":true}]}}