{"id":9442,"date":"2015-11-05T10:12:47","date_gmt":"2015-11-05T10:12:47","guid":{"rendered":"http:\/\/nam-viet-voyage.com\/fr\/?page_id=9442"},"modified":"2016-05-25T07:44:52","modified_gmt":"2016-05-25T07:44:52","slug":"hotel-metropole-hanoi","status":"publish","type":"page","link":"http:\/\/nam-viet-voyage.com\/fr\/hotel-metropole-hanoi\/","title":{"rendered":"Hotel Metropole &#8211; Hanoi"},"content":{"rendered":"<section class=\"l-section wpb_row height_medium\"><div class=\"l-section-h i-cf\"><div class=\"g-cols offset_small\"><div class=\" one-quarter\">[vc_wp_custommenu nav_menu=\u00a0\u00bb165&Prime; title=\u00a0\u00bbVotre h\u00f4tel &#8211; Baln\u00e9aire\u00a0\u00bb]<\/div><div class=\" three-quarters\"><div class=\"w-image  align_center\"><img loading=\"lazy\" decoding=\"async\" width=\"672\" height=\"200\" src=\"http:\/\/nam-viet-voyage.com\/wp-content\/uploads\/2015\/11\/metropole-sofitel-legend-hanoi.png\" class=\"attachment-full size-full\" alt=\"Polaroids et carte Metropole hotel Hanoi\" srcset=\"http:\/\/nam-viet-voyage.com\/wp-content\/uploads\/2015\/11\/metropole-sofitel-legend-hanoi.png 672w, http:\/\/nam-viet-voyage.com\/wp-content\/uploads\/2015\/11\/metropole-sofitel-legend-hanoi-300x89.png 300w, http:\/\/nam-viet-voyage.com\/wp-content\/uploads\/2015\/11\/metropole-sofitel-legend-hanoi-600x179.png 600w, http:\/\/nam-viet-voyage.com\/wp-content\/uploads\/2015\/11\/metropole-sofitel-legend-hanoi-150x45.png 150w\" sizes=\"auto, (max-width: 672px) 100vw, 672px\" \/><\/div><div class=\"wpb_text_column \"><div class=\"wpb_wrapper\">\n<h2 style=\"text-align: center;\">Le Metropole<\/h2>\n<p style=\"text-align: justify;\">Le Metropole d\u2019Hanoi fait partie de ces h\u00f4tels de l\u00e9gende qui contiennent un pan de l\u2019histoire d\u2019un pays. Ce n\u2019est d\u2019ailleurs pas pour rien que Sofitel, l\u2019entreprise \u00e0 qui il appartient, l\u2019a estampill\u00e9 \u00ab Sofitel Legend \u00bb. Construit en 1901 par deux investisseurs fran\u00e7ais, il fut d\u00e9sign\u00e9 comme h\u00f4tel officiel de r\u00e9ception des VIP apr\u00e8s l\u2019ind\u00e9pendance du Vietnam. Pendant et apr\u00e8s la guerre, il \u00e9tait le lieu de rassemblement des reporters et des diplomates. Il comprend m\u00eame un ancien bunker, list\u00e9 depuis 2013 par l\u2019UNESCO.<\/p>\n<p style=\"text-align: justify;\">Aujourd\u2019hui, le Metropole est un h\u00f4tel de prestige, \u00e0 la d\u00e9coration raffin\u00e9e et au service remarquable. Il propose diff\u00e9rents types de chambres et de suites. Les plus connues sont sans doute la suite Charlie Chaplin et la suite Graham Greene. Les ailes de l\u2019h\u00f4tel se d\u00e9ploient autour d\u2019une piscine centrale \u00e0 c\u00f4t\u00e9 de laquelle se trouve le Bamboo Bar. La Terrasse, situ\u00e9 sur les bords ext\u00e9rieurs du b\u00e2timent est id\u00e9al pour se plonger dans l\u2019ambiance d\u2019Hanoi. Trois restaurants permettent aux h\u00f4tes de r\u00e9galer leurs papilles : Le Beaulieu, qui propose une grande s\u00e9lection de bons vins, Spices Garden, qui m\u00eale saveurs fran\u00e7aises et vietnamiennes, et l\u2019Angelina et ses sp\u00e9cialit\u00e9s italiennes. Le Metropole comprend aussi une salle de sport, un spa, une \u00e9picerie fine et des cours de cuisine.<\/p>\n<\/div> <\/div> <div class=\"g-cols wpb_row offset_small vc_inner \"><div class=\" full-width\">[vc_empty_space height=\u00a0\u00bb30px\u00a0\u00bb]<\/div><\/div><div class=\"g-cols wpb_row offset_small vc_inner \"><div class=\" one-half\"><div class=\"w-image  align_center\"><img loading=\"lazy\" decoding=\"async\" width=\"320\" height=\"213\" src=\"http:\/\/nam-viet-voyage.com\/wp-content\/uploads\/2015\/11\/metropole-hotel-yard.jpg\" class=\"attachment-full size-full\" alt=\"Courtyard at the Metropole Hotel Hanoi\" srcset=\"http:\/\/nam-viet-voyage.com\/wp-content\/uploads\/2015\/11\/metropole-hotel-yard.jpg 320w, http:\/\/nam-viet-voyage.com\/wp-content\/uploads\/2015\/11\/metropole-hotel-yard-300x200.jpg 300w, http:\/\/nam-viet-voyage.com\/wp-content\/uploads\/2015\/11\/metropole-hotel-yard-150x100.jpg 150w\" sizes=\"auto, (max-width: 320px) 100vw, 320px\" \/><\/div><div class=\"w-image  align_center\"><img loading=\"lazy\" decoding=\"async\" width=\"320\" height=\"213\" src=\"http:\/\/nam-viet-voyage.com\/wp-content\/uploads\/2015\/11\/metropole-hotel-suite.jpg\" class=\"attachment-full size-full\" alt=\"Room in the Metropole Hotel Hanoi\" srcset=\"http:\/\/nam-viet-voyage.com\/wp-content\/uploads\/2015\/11\/metropole-hotel-suite.jpg 320w, http:\/\/nam-viet-voyage.com\/wp-content\/uploads\/2015\/11\/metropole-hotel-suite-300x200.jpg 300w, http:\/\/nam-viet-voyage.com\/wp-content\/uploads\/2015\/11\/metropole-hotel-suite-150x100.jpg 150w\" sizes=\"auto, (max-width: 320px) 100vw, 320px\" \/><\/div><\/div><div class=\" one-half\"><div class=\"w-image  align_center\"><img loading=\"lazy\" decoding=\"async\" width=\"320\" height=\"212\" src=\"http:\/\/nam-viet-voyage.com\/wp-content\/uploads\/2015\/11\/metropole-hotel-restaurant.jpg\" class=\"attachment-full size-full\" alt=\"Veranda at the Metropole Hotel Hanoi\" srcset=\"http:\/\/nam-viet-voyage.com\/wp-content\/uploads\/2015\/11\/metropole-hotel-restaurant.jpg 320w, http:\/\/nam-viet-voyage.com\/wp-content\/uploads\/2015\/11\/metropole-hotel-restaurant-300x200.jpg 300w, http:\/\/nam-viet-voyage.com\/wp-content\/uploads\/2015\/11\/metropole-hotel-restaurant-150x99.jpg 150w\" sizes=\"auto, (max-width: 320px) 100vw, 320px\" \/><\/div><div class=\"w-image  align_center\"><img loading=\"lazy\" decoding=\"async\" width=\"320\" height=\"215\" src=\"http:\/\/nam-viet-voyage.com\/wp-content\/uploads\/2015\/11\/metropole-hotel-spa.jpg\" class=\"attachment-full size-full\" alt=\"\" srcset=\"http:\/\/nam-viet-voyage.com\/wp-content\/uploads\/2015\/11\/metropole-hotel-spa.jpg 320w, http:\/\/nam-viet-voyage.com\/wp-content\/uploads\/2015\/11\/metropole-hotel-spa-300x202.jpg 300w, http:\/\/nam-viet-voyage.com\/wp-content\/uploads\/2015\/11\/metropole-hotel-spa-150x101.jpg 150w, http:\/\/nam-viet-voyage.com\/wp-content\/uploads\/2015\/11\/metropole-hotel-spa-298x200.jpg 298w\" sizes=\"auto, (max-width: 320px) 100vw, 320px\" \/><\/div><\/div><\/div><\/div><\/div><\/div><\/section><section class=\"l-section wpb_row height_medium color_secondary\"><div class=\"l-section-h i-cf\"><div class=\"g-cols offset_small\"><div class=\" full-width\"><div class=\"g-cols wpb_row offset_small vc_inner \"><div class=\" full-width\">[vc_custom_heading text=\u00a0\u00bbPour tout projet ou information compl\u00e9mentaire, merci de nous contacter !\u00a0\u00bb font_container=\u00a0\u00bbtag:p|font_size:24|text_align:center\u00a0\u00bb google_fonts=\u00a0\u00bbfont_family:Nothing%20You%20Could%20Do%3Aregular|font_style:400%20regular%3A400%3Anormal\u00a0\u00bb]\n<div class=\"wpcf7 no-js\" id=\"wpcf7-f5977-o1\" lang=\"fr-FR\" dir=\"ltr\" data-wpcf7-id=\"5977\">\n<div class=\"screen-reader-response\"><p role=\"status\" aria-live=\"polite\" aria-atomic=\"true\"><\/p> <ul><\/ul><\/div>\n<form action=\"\/fr\/wp-json\/wp\/v2\/pages\/9442#wpcf7-f5977-o1\" method=\"post\" class=\"wpcf7-form init\" aria-label=\"Formulaire de contact\" novalidate=\"novalidate\" data-status=\"init\">\n<fieldset class=\"hidden-fields-container\"><input type=\"hidden\" name=\"_wpcf7\" value=\"5977\" \/><input type=\"hidden\" name=\"_wpcf7_version\" value=\"6.1.5\" \/><input type=\"hidden\" name=\"_wpcf7_locale\" value=\"fr_FR\" \/><input type=\"hidden\" name=\"_wpcf7_unit_tag\" value=\"wpcf7-f5977-o1\" \/><input type=\"hidden\" name=\"_wpcf7_container_post\" value=\"0\" \/><input type=\"hidden\" name=\"_wpcf7_posted_data_hash\" value=\"\" \/>\n<\/fieldset>\n<p>Votre Nom *\n<\/p>\n<p><span class=\"wpcf7-form-control-wrap\" data-name=\"your-name\"><input size=\"40\" maxlength=\"400\" class=\"wpcf7-form-control wpcf7-text wpcf7-validates-as-required\" aria-required=\"true\" aria-invalid=\"false\" value=\"\" type=\"text\" name=\"your-name\" \/><\/span>\n<\/p>\n<p>Votre Email *\n<\/p>\n<p><span class=\"wpcf7-form-control-wrap\" data-name=\"your-email\"><input size=\"40\" maxlength=\"400\" class=\"wpcf7-form-control wpcf7-email wpcf7-validates-as-required wpcf7-text wpcf7-validates-as-email\" aria-required=\"true\" aria-invalid=\"false\" value=\"\" type=\"email\" name=\"your-email\" \/><\/span>\n<\/p>\n<p>Votre Message *\n<\/p>\n<p><span class=\"wpcf7-form-control-wrap\" data-name=\"your-message\"><textarea cols=\"40\" rows=\"10\" maxlength=\"2000\" class=\"wpcf7-form-control wpcf7-textarea wpcf7-validates-as-required\" aria-required=\"true\" aria-invalid=\"false\" name=\"your-message\"><\/textarea><\/span>\n<\/p>\n<p><input class=\"wpcf7-form-control wpcf7-submit has-spinner\" type=\"submit\" value=\"Envoyer\" \/>\n<\/p><div class=\"wpcf7-response-output\" aria-hidden=\"true\"><\/div>\n<\/form>\n<\/div>\n<\/div><\/div><\/div><\/div><\/div><\/section>\n<p><a href=\"\/\/www.pinterest.com\/pin\/create\/button\/\" data-pin-do=\"buttonBookmark\" data-pin-color=\"red\" data-pin-height=\"128\"><img decoding=\"async\" src=\"\/\/assets.pinterest.com\/images\/pidgets\/pinit_fg_en_rect_red_28.png\" \/><\/a><\/p>","protected":false},"excerpt":{"rendered":"[vc_wp_custommenu nav_menu=\"165\" title=\"Votre h\u00f4tel - Baln\u00e9aire\"] Le Metropole Le Metropole d\u2019Hanoi fait partie de ces h\u00f4tels de l\u00e9gende qui contiennent un pan de l\u2019histoire d\u2019un pays. Ce n\u2019est d\u2019ailleurs pas...","protected":false},"author":5,"featured_media":0,"parent":0,"menu_order":0,"comment_status":"closed","ping_status":"closed","template":"","meta":{"_crdt_document":"","footnotes":""},"class_list":["post-9442","page","type-page","status-publish","hentry"],"yoast_head":"<!-- This site is optimized with the Yoast SEO plugin v26.9 - https:\/\/yoast.com\/product\/yoast-seo-wordpress\/ -->\n<title>Hotel Metropole - Hanoi - Nam Viet Voyage<\/title>\n<meta name=\"description\" content=\"\u00c0 Hanoi, le M\u00e9tropole est un h\u00f4tel prestigieux, dont l\u2019histoire t\u00e9moigne des \u00e9v\u00e9nements du si\u00e8cle pass\u00e9.\" \/>\n<meta name=\"robots\" content=\"index, follow, max-snippet:-1, max-image-preview:large, max-video-preview:-1\" \/>\n<link rel=\"canonical\" href=\"https:\/\/nam-viet-voyage.com\/fr\/hotel-metropole-hanoi\/\" \/>\n<meta property=\"og:locale\" content=\"fr_FR\" \/>\n<meta property=\"og:type\" content=\"article\" \/>\n<meta property=\"og:title\" content=\"Hotel Metropole - Hanoi - Nam Viet Voyage\" \/>\n<meta property=\"og:description\" content=\"\u00c0 Hanoi, le M\u00e9tropole est un h\u00f4tel prestigieux, dont l\u2019histoire t\u00e9moigne des \u00e9v\u00e9nements du si\u00e8cle pass\u00e9.\" \/>\n<meta property=\"og:url\" content=\"https:\/\/nam-viet-voyage.com\/fr\/hotel-metropole-hanoi\/\" \/>\n<meta property=\"og:site_name\" content=\"Nam Viet Voyage\" \/>\n<meta property=\"article:publisher\" content=\"https:\/\/www.facebook.com\/NamVietVoyage\" \/>\n<meta property=\"article:modified_time\" content=\"2016-05-25T07:44:52+00:00\" \/>\n<meta name=\"twitter:card\" content=\"summary_large_image\" \/>\n<meta name=\"twitter:site\" content=\"@NamVietVoyage\" \/>\n<meta name=\"twitter:label1\" content=\"Dur\u00e9e de lecture estim\u00e9e\" \/>\n\t<meta name=\"twitter:data1\" content=\"2 minutes\" \/>\n<script type=\"application\/ld+json\" class=\"yoast-schema-graph\">{\"@context\":\"https:\/\/schema.org\",\"@graph\":[{\"@type\":\"WebPage\",\"@id\":\"https:\/\/nam-viet-voyage.com\/fr\/hotel-metropole-hanoi\/\",\"url\":\"https:\/\/nam-viet-voyage.com\/fr\/hotel-metropole-hanoi\/\",\"name\":\"Hotel Metropole - Hanoi - Nam Viet Voyage\",\"isPartOf\":{\"@id\":\"https:\/\/nam-viet-voyage.com\/#website\"},\"datePublished\":\"2015-11-05T10:12:47+00:00\",\"dateModified\":\"2016-05-25T07:44:52+00:00\",\"description\":\"\u00c0 Hanoi, le M\u00e9tropole est un h\u00f4tel prestigieux, dont l\u2019histoire t\u00e9moigne des \u00e9v\u00e9nements du si\u00e8cle pass\u00e9.\",\"breadcrumb\":{\"@id\":\"https:\/\/nam-viet-voyage.com\/fr\/hotel-metropole-hanoi\/#breadcrumb\"},\"inLanguage\":\"fr-FR\",\"potentialAction\":[{\"@type\":\"ReadAction\",\"target\":[\"https:\/\/nam-viet-voyage.com\/fr\/hotel-metropole-hanoi\/\"]}]},{\"@type\":\"BreadcrumbList\",\"@id\":\"https:\/\/nam-viet-voyage.com\/fr\/hotel-metropole-hanoi\/#breadcrumb\",\"itemListElement\":[{\"@type\":\"ListItem\",\"position\":1,\"name\":\"Home\",\"item\":\"https:\/\/nam-viet-voyage.com\/fr\/sample-page-2\/\"},{\"@type\":\"ListItem\",\"position\":2,\"name\":\"Hotel Metropole &#8211; Hanoi\"}]},{\"@type\":\"WebSite\",\"@id\":\"https:\/\/nam-viet-voyage.com\/#website\",\"url\":\"https:\/\/nam-viet-voyage.com\/\",\"name\":\"Nam Viet Voyage\",\"description\":\"Voyages en Asie du Sud-Est\",\"potentialAction\":[{\"@type\":\"SearchAction\",\"target\":{\"@type\":\"EntryPoint\",\"urlTemplate\":\"https:\/\/nam-viet-voyage.com\/?s={search_term_string}\"},\"query-input\":{\"@type\":\"PropertyValueSpecification\",\"valueRequired\":true,\"valueName\":\"search_term_string\"}}],\"inLanguage\":\"fr-FR\"}]}<\/script>\n<!-- \/ Yoast SEO plugin. -->","yoast_head_json":{"title":"Hotel Metropole - Hanoi - Nam Viet Voyage","description":"\u00c0 Hanoi, le M\u00e9tropole est un h\u00f4tel prestigieux, dont l\u2019histoire t\u00e9moigne des \u00e9v\u00e9nements du si\u00e8cle pass\u00e9.","robots":{"index":"index","follow":"follow","max-snippet":"max-snippet:-1","max-image-preview":"max-image-preview:large","max-video-preview":"max-video-preview:-1"},"canonical":"https:\/\/nam-viet-voyage.com\/fr\/hotel-metropole-hanoi\/","og_locale":"fr_FR","og_type":"article","og_title":"Hotel Metropole - Hanoi - Nam Viet Voyage","og_description":"\u00c0 Hanoi, le M\u00e9tropole est un h\u00f4tel prestigieux, dont l\u2019histoire t\u00e9moigne des \u00e9v\u00e9nements du si\u00e8cle pass\u00e9.","og_url":"https:\/\/nam-viet-voyage.com\/fr\/hotel-metropole-hanoi\/","og_site_name":"Nam Viet Voyage","article_publisher":"https:\/\/www.facebook.com\/NamVietVoyage","article_modified_time":"2016-05-25T07:44:52+00:00","twitter_card":"summary_large_image","twitter_site":"@NamVietVoyage","twitter_misc":{"Dur\u00e9e de lecture estim\u00e9e":"2 minutes"},"schema":{"@context":"https:\/\/schema.org","@graph":[{"@type":"WebPage","@id":"https:\/\/nam-viet-voyage.com\/fr\/hotel-metropole-hanoi\/","url":"https:\/\/nam-viet-voyage.com\/fr\/hotel-metropole-hanoi\/","name":"Hotel Metropole - Hanoi - Nam Viet Voyage","isPartOf":{"@id":"https:\/\/nam-viet-voyage.com\/#website"},"datePublished":"2015-11-05T10:12:47+00:00","dateModified":"2016-05-25T07:44:52+00:00","description":"\u00c0 Hanoi, le M\u00e9tropole est un h\u00f4tel prestigieux, dont l\u2019histoire t\u00e9moigne des \u00e9v\u00e9nements du si\u00e8cle pass\u00e9.","breadcrumb":{"@id":"https:\/\/nam-viet-voyage.com\/fr\/hotel-metropole-hanoi\/#breadcrumb"},"inLanguage":"fr-FR","potentialAction":[{"@type":"ReadAction","target":["https:\/\/nam-viet-voyage.com\/fr\/hotel-metropole-hanoi\/"]}]},{"@type":"BreadcrumbList","@id":"https:\/\/nam-viet-voyage.com\/fr\/hotel-metropole-hanoi\/#breadcrumb","itemListElement":[{"@type":"ListItem","position":1,"name":"Home","item":"https:\/\/nam-viet-voyage.com\/fr\/sample-page-2\/"},{"@type":"ListItem","position":2,"name":"Hotel Metropole &#8211; Hanoi"}]},{"@type":"WebSite","@id":"https:\/\/nam-viet-voyage.com\/#website","url":"https:\/\/nam-viet-voyage.com\/","name":"Nam Viet Voyage","description":"Voyages en Asie du Sud-Est","potentialAction":[{"@type":"SearchAction","target":{"@type":"EntryPoint","urlTemplate":"https:\/\/nam-viet-voyage.com\/?s={search_term_string}"},"query-input":{"@type":"PropertyValueSpecification","valueRequired":true,"valueName":"search_term_string"}}],"inLanguage":"fr-FR"}]}},"_links":{"self":[{"href":"http:\/\/nam-viet-voyage.com\/fr\/wp-json\/wp\/v2\/pages\/9442","targetHints":{"allow":["GET"]}}],"collection":[{"href":"http:\/\/nam-viet-voyage.com\/fr\/wp-json\/wp\/v2\/pages"}],"about":[{"href":"http:\/\/nam-viet-voyage.com\/fr\/wp-json\/wp\/v2\/types\/page"}],"author":[{"embeddable":true,"href":"http:\/\/nam-viet-voyage.com\/fr\/wp-json\/wp\/v2\/users\/5"}],"replies":[{"embeddable":true,"href":"http:\/\/nam-viet-voyage.com\/fr\/wp-json\/wp\/v2\/comments?post=9442"}],"version-history":[{"count":4,"href":"http:\/\/nam-viet-voyage.com\/fr\/wp-json\/wp\/v2\/pages\/9442\/revisions"}],"predecessor-version":[{"id":11184,"href":"http:\/\/nam-viet-voyage.com\/fr\/wp-json\/wp\/v2\/pages\/9442\/revisions\/11184"}],"wp:attachment":[{"href":"http:\/\/nam-viet-voyage.com\/fr\/wp-json\/wp\/v2\/media?parent=9442"}],"curies":[{"name":"wp","href":"https:\/\/api.w.org\/{rel}","templated":true}]}}