{"id":9430,"date":"2015-11-05T07:35:14","date_gmt":"2015-11-05T07:35:14","guid":{"rendered":"http:\/\/nam-viet-voyage.com\/fr\/?page_id=9430"},"modified":"2016-05-25T07:44:52","modified_gmt":"2016-05-25T07:44:52","slug":"romance-hotel-hue","status":"publish","type":"page","link":"http:\/\/nam-viet-voyage.com\/fr\/romance-hotel-hue\/","title":{"rendered":"Romance Hotel &#8211; Hue"},"content":{"rendered":"<section class=\"l-section wpb_row height_medium\"><div class=\"l-section-h i-cf\"><div class=\"g-cols offset_small\"><div class=\" one-quarter\">[vc_wp_custommenu nav_menu=\u00a0\u00bb165&Prime; title=\u00a0\u00bbVotre h\u00f4tel &#8211; Baln\u00e9aire\u00a0\u00bb]<\/div><div class=\" three-quarters\"><div class=\"w-image  align_center\"><img loading=\"lazy\" decoding=\"async\" width=\"672\" height=\"200\" src=\"http:\/\/nam-viet-voyage.com\/wp-content\/uploads\/2015\/11\/romance-hotel-hue.png\" class=\"attachment-full size-full\" alt=\"Polaroids et map Romance hotel Hue\" srcset=\"http:\/\/nam-viet-voyage.com\/wp-content\/uploads\/2015\/11\/romance-hotel-hue.png 672w, http:\/\/nam-viet-voyage.com\/wp-content\/uploads\/2015\/11\/romance-hotel-hue-300x89.png 300w, http:\/\/nam-viet-voyage.com\/wp-content\/uploads\/2015\/11\/romance-hotel-hue-600x179.png 600w, http:\/\/nam-viet-voyage.com\/wp-content\/uploads\/2015\/11\/romance-hotel-hue-150x45.png 150w\" sizes=\"auto, (max-width: 672px) 100vw, 672px\" \/><\/div><div class=\"wpb_text_column \"><div class=\"wpb_wrapper\">\n<h2 style=\"text-align: center;\">Romance Hotel<\/h2>\n<p style=\"text-align: justify;\">\u00c0 Hue, dans le centre du Vietnam, l\u2019\u00e9tablissement Romance Hotel s\u2019est donn\u00e9 pour but de rendre ses clients heureux : \u00ab A lifetime of happiness \u00bb comme le dit son slogan. Dans ce b\u00e2timent haut de onze \u00e9tages en plein c\u0153ur de l\u2019ancienne cit\u00e9 imp\u00e9riale, il d\u00e9ploie un charme raffin\u00e9, sans fioritures, et un service impeccable. Les 113 chambres de l\u2019h\u00f4tel sont toutes d\u00e9cor\u00e9es avec go\u00fbt. Plusieurs restaurants sont disponibles au sein de l\u2019\u00e9tablissement : le Lucky Restaurant propose des plats asiatiques et occidentaux ; le Romance Restaurant se distingue par sa vue sur la rivi\u00e8re des Parfums et son buffet continental pour le petit-d\u00e9jeuner, qui fait l\u2019unanimit\u00e9 des h\u00f4tes. Le Rendez-Vous Bar &amp; Caf\u00e9 se situe au dernier \u00e9tage (11e) et offre une vue panoramique sur Hue, le mont Ngu Binh et la rivi\u00e8re des Parfums. Sur la terrasse du dernier \u00e9tage, vous trouverez aussi la piscine de l\u2019h\u00f4tel. Apr\u00e8s une journ\u00e9e de visite, n\u2019h\u00e9sitez pas \u00e0 aller vous d\u00e9tendre au spa. Essayez le massage exclusif du Romance Hotel, un m\u00e9lange de 5 types de massages diff\u00e9rents : shiatsu, thai, su\u00e9dois, balinais et hawa\u00efen.<\/p>\n<\/div> <\/div> <div class=\"g-cols wpb_row offset_small vc_inner \"><div class=\" full-width\">[vc_empty_space height=\u00a0\u00bb30px\u00a0\u00bb]<\/div><\/div><div class=\"g-cols wpb_row offset_small vc_inner \"><div class=\" one-half\"><div class=\"w-image  align_center\"><img loading=\"lazy\" decoding=\"async\" width=\"320\" height=\"213\" src=\"http:\/\/nam-viet-voyage.com\/wp-content\/uploads\/2015\/11\/romance-pool-hue-small.jpg\" class=\"attachment-full size-full\" alt=\"Vue panoramique de Hue \u00e0 la piscine du rooftop\" srcset=\"http:\/\/nam-viet-voyage.com\/wp-content\/uploads\/2015\/11\/romance-pool-hue-small.jpg 320w, http:\/\/nam-viet-voyage.com\/wp-content\/uploads\/2015\/11\/romance-pool-hue-small-300x200.jpg 300w, http:\/\/nam-viet-voyage.com\/wp-content\/uploads\/2015\/11\/romance-pool-hue-small-150x100.jpg 150w\" sizes=\"auto, (max-width: 320px) 100vw, 320px\" \/><\/div><div class=\"w-image  align_center\"><img loading=\"lazy\" decoding=\"async\" width=\"320\" height=\"213\" src=\"http:\/\/nam-viet-voyage.com\/wp-content\/uploads\/2015\/11\/romance-hue-lounge-small.jpg\" class=\"attachment-full size-full\" alt=\"Ambiance cosy au lounge du Romance Hotel\" srcset=\"http:\/\/nam-viet-voyage.com\/wp-content\/uploads\/2015\/11\/romance-hue-lounge-small.jpg 320w, http:\/\/nam-viet-voyage.com\/wp-content\/uploads\/2015\/11\/romance-hue-lounge-small-300x200.jpg 300w, http:\/\/nam-viet-voyage.com\/wp-content\/uploads\/2015\/11\/romance-hue-lounge-small-150x100.jpg 150w\" sizes=\"auto, (max-width: 320px) 100vw, 320px\" \/><\/div><\/div><div class=\" one-half\"><div class=\"w-image  align_center\"><img loading=\"lazy\" decoding=\"async\" width=\"320\" height=\"213\" src=\"http:\/\/nam-viet-voyage.com\/wp-content\/uploads\/2015\/11\/romance-suite-small.jpg\" class=\"attachment-full size-full\" alt=\"Romance Suite au Romance Hotel\" srcset=\"http:\/\/nam-viet-voyage.com\/wp-content\/uploads\/2015\/11\/romance-suite-small.jpg 320w, http:\/\/nam-viet-voyage.com\/wp-content\/uploads\/2015\/11\/romance-suite-small-300x200.jpg 300w, http:\/\/nam-viet-voyage.com\/wp-content\/uploads\/2015\/11\/romance-suite-small-150x100.jpg 150w\" sizes=\"auto, (max-width: 320px) 100vw, 320px\" \/><\/div><div class=\"w-image  align_center\"><img loading=\"lazy\" decoding=\"async\" width=\"320\" height=\"213\" src=\"http:\/\/nam-viet-voyage.com\/wp-content\/uploads\/2015\/11\/romance-hue-restaurant-small.jpg\" class=\"attachment-full size-full\" alt=\"Buffet international au Romance Hotel\" srcset=\"http:\/\/nam-viet-voyage.com\/wp-content\/uploads\/2015\/11\/romance-hue-restaurant-small.jpg 320w, http:\/\/nam-viet-voyage.com\/wp-content\/uploads\/2015\/11\/romance-hue-restaurant-small-300x200.jpg 300w, http:\/\/nam-viet-voyage.com\/wp-content\/uploads\/2015\/11\/romance-hue-restaurant-small-150x100.jpg 150w\" sizes=\"auto, (max-width: 320px) 100vw, 320px\" \/><\/div><\/div><\/div><\/div><\/div><\/div><\/section><section class=\"l-section wpb_row height_medium color_secondary\"><div class=\"l-section-h i-cf\"><div class=\"g-cols offset_small\"><div class=\" full-width\"><div class=\"g-cols wpb_row offset_small vc_inner \"><div class=\" full-width\">[vc_custom_heading text=\u00a0\u00bbPour tout projet ou information compl\u00e9mentaire, merci de nous contacter !\u00a0\u00bb font_container=\u00a0\u00bbtag:p|font_size:24|text_align:center\u00a0\u00bb google_fonts=\u00a0\u00bbfont_family:Nothing%20You%20Could%20Do%3Aregular|font_style:400%20regular%3A400%3Anormal\u00a0\u00bb]\n<div class=\"wpcf7 no-js\" id=\"wpcf7-f5977-o1\" lang=\"fr-FR\" dir=\"ltr\" data-wpcf7-id=\"5977\">\n<div class=\"screen-reader-response\"><p role=\"status\" aria-live=\"polite\" aria-atomic=\"true\"><\/p> <ul><\/ul><\/div>\n<form action=\"\/fr\/wp-json\/wp\/v2\/pages\/9430#wpcf7-f5977-o1\" method=\"post\" class=\"wpcf7-form init\" aria-label=\"Formulaire de contact\" novalidate=\"novalidate\" data-status=\"init\">\n<fieldset class=\"hidden-fields-container\"><input type=\"hidden\" name=\"_wpcf7\" value=\"5977\" \/><input type=\"hidden\" name=\"_wpcf7_version\" value=\"6.1.5\" \/><input type=\"hidden\" name=\"_wpcf7_locale\" value=\"fr_FR\" \/><input type=\"hidden\" name=\"_wpcf7_unit_tag\" value=\"wpcf7-f5977-o1\" \/><input type=\"hidden\" name=\"_wpcf7_container_post\" value=\"0\" \/><input type=\"hidden\" name=\"_wpcf7_posted_data_hash\" value=\"\" \/>\n<\/fieldset>\n<p>Votre Nom *\n<\/p>\n<p><span class=\"wpcf7-form-control-wrap\" data-name=\"your-name\"><input size=\"40\" maxlength=\"400\" class=\"wpcf7-form-control wpcf7-text wpcf7-validates-as-required\" aria-required=\"true\" aria-invalid=\"false\" value=\"\" type=\"text\" name=\"your-name\" \/><\/span>\n<\/p>\n<p>Votre Email *\n<\/p>\n<p><span class=\"wpcf7-form-control-wrap\" data-name=\"your-email\"><input size=\"40\" maxlength=\"400\" class=\"wpcf7-form-control wpcf7-email wpcf7-validates-as-required wpcf7-text wpcf7-validates-as-email\" aria-required=\"true\" aria-invalid=\"false\" value=\"\" type=\"email\" name=\"your-email\" \/><\/span>\n<\/p>\n<p>Votre Message *\n<\/p>\n<p><span class=\"wpcf7-form-control-wrap\" data-name=\"your-message\"><textarea cols=\"40\" rows=\"10\" maxlength=\"2000\" class=\"wpcf7-form-control wpcf7-textarea wpcf7-validates-as-required\" aria-required=\"true\" aria-invalid=\"false\" name=\"your-message\"><\/textarea><\/span>\n<\/p>\n<p><input class=\"wpcf7-form-control wpcf7-submit has-spinner\" type=\"submit\" value=\"Envoyer\" \/>\n<\/p><div class=\"wpcf7-response-output\" aria-hidden=\"true\"><\/div>\n<\/form>\n<\/div>\n<\/div><\/div><\/div><\/div><\/div><\/section>\n<p><a href=\"\/\/www.pinterest.com\/pin\/create\/button\/\" data-pin-do=\"buttonBookmark\" data-pin-color=\"red\" data-pin-height=\"128\"><img decoding=\"async\" src=\"\/\/assets.pinterest.com\/images\/pidgets\/pinit_fg_en_rect_red_28.png\" \/><\/a><\/p>","protected":false},"excerpt":{"rendered":"[vc_wp_custommenu nav_menu=\"165\" title=\"Votre h\u00f4tel - Baln\u00e9aire\"] Romance Hotel \u00c0 Hue, dans le centre du Vietnam, l\u2019\u00e9tablissement Romance Hotel s\u2019est donn\u00e9 pour but de rendre ses clients heureux : \u00ab A...","protected":false},"author":5,"featured_media":0,"parent":0,"menu_order":0,"comment_status":"closed","ping_status":"closed","template":"","meta":{"_crdt_document":"","footnotes":""},"class_list":["post-9430","page","type-page","status-publish","hentry"],"yoast_head":"<!-- This site is optimized with the Yoast SEO plugin v26.9 - https:\/\/yoast.com\/product\/yoast-seo-wordpress\/ -->\n<title>Romance Hotel - Hue - Nam Viet Voyage<\/title>\n<meta name=\"description\" content=\"Piscine sur le toit, vue imprenable sur la ville et les paysages alentours : dans un cadre raffin\u00e9, le Romance Hotel de Hue a tout pour ravir les visiteurs.\" \/>\n<meta name=\"robots\" content=\"index, follow, max-snippet:-1, max-image-preview:large, max-video-preview:-1\" \/>\n<link rel=\"canonical\" href=\"https:\/\/nam-viet-voyage.com\/fr\/romance-hotel-hue\/\" \/>\n<meta property=\"og:locale\" content=\"fr_FR\" \/>\n<meta property=\"og:type\" content=\"article\" \/>\n<meta property=\"og:title\" content=\"Romance Hotel - Hue - Nam Viet Voyage\" \/>\n<meta property=\"og:description\" content=\"Piscine sur le toit, vue imprenable sur la ville et les paysages alentours : dans un cadre raffin\u00e9, le Romance Hotel de Hue a tout pour ravir les visiteurs.\" \/>\n<meta property=\"og:url\" content=\"https:\/\/nam-viet-voyage.com\/fr\/romance-hotel-hue\/\" \/>\n<meta property=\"og:site_name\" content=\"Nam Viet Voyage\" \/>\n<meta property=\"article:publisher\" content=\"https:\/\/www.facebook.com\/NamVietVoyage\" \/>\n<meta property=\"article:modified_time\" content=\"2016-05-25T07:44:52+00:00\" \/>\n<meta name=\"twitter:card\" content=\"summary_large_image\" \/>\n<meta name=\"twitter:site\" content=\"@NamVietVoyage\" \/>\n<meta name=\"twitter:label1\" content=\"Dur\u00e9e de lecture estim\u00e9e\" \/>\n\t<meta name=\"twitter:data1\" content=\"2 minutes\" \/>\n<script type=\"application\/ld+json\" class=\"yoast-schema-graph\">{\"@context\":\"https:\/\/schema.org\",\"@graph\":[{\"@type\":\"WebPage\",\"@id\":\"https:\/\/nam-viet-voyage.com\/fr\/romance-hotel-hue\/\",\"url\":\"https:\/\/nam-viet-voyage.com\/fr\/romance-hotel-hue\/\",\"name\":\"Romance Hotel - Hue - Nam Viet Voyage\",\"isPartOf\":{\"@id\":\"https:\/\/nam-viet-voyage.com\/#website\"},\"datePublished\":\"2015-11-05T07:35:14+00:00\",\"dateModified\":\"2016-05-25T07:44:52+00:00\",\"description\":\"Piscine sur le toit, vue imprenable sur la ville et les paysages alentours : dans un cadre raffin\u00e9, le Romance Hotel de Hue a tout pour ravir les visiteurs.\",\"breadcrumb\":{\"@id\":\"https:\/\/nam-viet-voyage.com\/fr\/romance-hotel-hue\/#breadcrumb\"},\"inLanguage\":\"fr-FR\",\"potentialAction\":[{\"@type\":\"ReadAction\",\"target\":[\"https:\/\/nam-viet-voyage.com\/fr\/romance-hotel-hue\/\"]}]},{\"@type\":\"BreadcrumbList\",\"@id\":\"https:\/\/nam-viet-voyage.com\/fr\/romance-hotel-hue\/#breadcrumb\",\"itemListElement\":[{\"@type\":\"ListItem\",\"position\":1,\"name\":\"Home\",\"item\":\"http:\/\/nam-viet-voyage.com\/fr\/\"},{\"@type\":\"ListItem\",\"position\":2,\"name\":\"Romance Hotel &#8211; Hue\"}]},{\"@type\":\"WebSite\",\"@id\":\"https:\/\/nam-viet-voyage.com\/#website\",\"url\":\"https:\/\/nam-viet-voyage.com\/\",\"name\":\"Nam Viet Voyage\",\"description\":\"Voyages en Asie du Sud-Est\",\"potentialAction\":[{\"@type\":\"SearchAction\",\"target\":{\"@type\":\"EntryPoint\",\"urlTemplate\":\"https:\/\/nam-viet-voyage.com\/?s={search_term_string}\"},\"query-input\":{\"@type\":\"PropertyValueSpecification\",\"valueRequired\":true,\"valueName\":\"search_term_string\"}}],\"inLanguage\":\"fr-FR\"}]}<\/script>\n<!-- \/ Yoast SEO plugin. -->","yoast_head_json":{"title":"Romance Hotel - Hue - Nam Viet Voyage","description":"Piscine sur le toit, vue imprenable sur la ville et les paysages alentours : dans un cadre raffin\u00e9, le Romance Hotel de Hue a tout pour ravir les visiteurs.","robots":{"index":"index","follow":"follow","max-snippet":"max-snippet:-1","max-image-preview":"max-image-preview:large","max-video-preview":"max-video-preview:-1"},"canonical":"https:\/\/nam-viet-voyage.com\/fr\/romance-hotel-hue\/","og_locale":"fr_FR","og_type":"article","og_title":"Romance Hotel - Hue - Nam Viet Voyage","og_description":"Piscine sur le toit, vue imprenable sur la ville et les paysages alentours : dans un cadre raffin\u00e9, le Romance Hotel de Hue a tout pour ravir les visiteurs.","og_url":"https:\/\/nam-viet-voyage.com\/fr\/romance-hotel-hue\/","og_site_name":"Nam Viet Voyage","article_publisher":"https:\/\/www.facebook.com\/NamVietVoyage","article_modified_time":"2016-05-25T07:44:52+00:00","twitter_card":"summary_large_image","twitter_site":"@NamVietVoyage","twitter_misc":{"Dur\u00e9e de lecture estim\u00e9e":"2 minutes"},"schema":{"@context":"https:\/\/schema.org","@graph":[{"@type":"WebPage","@id":"https:\/\/nam-viet-voyage.com\/fr\/romance-hotel-hue\/","url":"https:\/\/nam-viet-voyage.com\/fr\/romance-hotel-hue\/","name":"Romance Hotel - Hue - Nam Viet Voyage","isPartOf":{"@id":"https:\/\/nam-viet-voyage.com\/#website"},"datePublished":"2015-11-05T07:35:14+00:00","dateModified":"2016-05-25T07:44:52+00:00","description":"Piscine sur le toit, vue imprenable sur la ville et les paysages alentours : dans un cadre raffin\u00e9, le Romance Hotel de Hue a tout pour ravir les visiteurs.","breadcrumb":{"@id":"https:\/\/nam-viet-voyage.com\/fr\/romance-hotel-hue\/#breadcrumb"},"inLanguage":"fr-FR","potentialAction":[{"@type":"ReadAction","target":["https:\/\/nam-viet-voyage.com\/fr\/romance-hotel-hue\/"]}]},{"@type":"BreadcrumbList","@id":"https:\/\/nam-viet-voyage.com\/fr\/romance-hotel-hue\/#breadcrumb","itemListElement":[{"@type":"ListItem","position":1,"name":"Home","item":"http:\/\/nam-viet-voyage.com\/fr\/"},{"@type":"ListItem","position":2,"name":"Romance Hotel &#8211; Hue"}]},{"@type":"WebSite","@id":"https:\/\/nam-viet-voyage.com\/#website","url":"https:\/\/nam-viet-voyage.com\/","name":"Nam Viet Voyage","description":"Voyages en Asie du Sud-Est","potentialAction":[{"@type":"SearchAction","target":{"@type":"EntryPoint","urlTemplate":"https:\/\/nam-viet-voyage.com\/?s={search_term_string}"},"query-input":{"@type":"PropertyValueSpecification","valueRequired":true,"valueName":"search_term_string"}}],"inLanguage":"fr-FR"}]}},"_links":{"self":[{"href":"http:\/\/nam-viet-voyage.com\/fr\/wp-json\/wp\/v2\/pages\/9430","targetHints":{"allow":["GET"]}}],"collection":[{"href":"http:\/\/nam-viet-voyage.com\/fr\/wp-json\/wp\/v2\/pages"}],"about":[{"href":"http:\/\/nam-viet-voyage.com\/fr\/wp-json\/wp\/v2\/types\/page"}],"author":[{"embeddable":true,"href":"http:\/\/nam-viet-voyage.com\/fr\/wp-json\/wp\/v2\/users\/5"}],"replies":[{"embeddable":true,"href":"http:\/\/nam-viet-voyage.com\/fr\/wp-json\/wp\/v2\/comments?post=9430"}],"version-history":[{"count":7,"href":"http:\/\/nam-viet-voyage.com\/fr\/wp-json\/wp\/v2\/pages\/9430\/revisions"}],"predecessor-version":[{"id":11187,"href":"http:\/\/nam-viet-voyage.com\/fr\/wp-json\/wp\/v2\/pages\/9430\/revisions\/11187"}],"wp:attachment":[{"href":"http:\/\/nam-viet-voyage.com\/fr\/wp-json\/wp\/v2\/media?parent=9430"}],"curies":[{"name":"wp","href":"https:\/\/api.w.org\/{rel}","templated":true}]}}