{"id":9421,"date":"2015-11-05T03:37:10","date_gmt":"2015-11-05T03:37:10","guid":{"rendered":"http:\/\/nam-viet-voyage.com\/fr\/?page_id=9421"},"modified":"2016-05-25T07:44:52","modified_gmt":"2016-05-25T07:44:52","slug":"la-residence-hue","status":"publish","type":"page","link":"http:\/\/nam-viet-voyage.com\/fr\/la-residence-hue\/","title":{"rendered":"La Residence &#8211; Hue"},"content":{"rendered":"<section class=\"l-section wpb_row height_medium\"><div class=\"l-section-h i-cf\"><div class=\"g-cols offset_small\"><div class=\" one-quarter\">[vc_wp_custommenu nav_menu=\u00a0\u00bb165&Prime; title=\u00a0\u00bbVotre h\u00f4tel &#8211; Baln\u00e9aire\u00a0\u00bb]<\/div><div class=\" three-quarters\"><div class=\"w-image  align_center\"><img loading=\"lazy\" decoding=\"async\" width=\"672\" height=\"200\" src=\"http:\/\/nam-viet-voyage.com\/wp-content\/uploads\/2015\/11\/la-residence-hue.png\" class=\"attachment-full size-full\" alt=\"Polaroids et carte La Residence Hue\" srcset=\"http:\/\/nam-viet-voyage.com\/wp-content\/uploads\/2015\/11\/la-residence-hue.png 672w, http:\/\/nam-viet-voyage.com\/wp-content\/uploads\/2015\/11\/la-residence-hue-300x89.png 300w, http:\/\/nam-viet-voyage.com\/wp-content\/uploads\/2015\/11\/la-residence-hue-600x179.png 600w, http:\/\/nam-viet-voyage.com\/wp-content\/uploads\/2015\/11\/la-residence-hue-150x45.png 150w\" sizes=\"auto, (max-width: 672px) 100vw, 672px\" \/><\/div><div class=\"wpb_text_column \"><div class=\"wpb_wrapper\">\n<h2 style=\"text-align: center;\">La Residence<\/h2>\n<p style=\"text-align: justify;\">\u00c0 Hue, dans le centre du Vietnam, l\u2019h\u00f4tel La R\u00e9sidence est un bout d\u2019histoire sur la rue Le Loi. Construit en 1930 dans la r\u00e9sidence officielle du gouverneur de France, ce manoir est un des seuls vestiges de l\u2019\u00e9poque. Restaur\u00e9, il a rouvert ses portes en tant qu\u2019h\u00f4tel de prestige en 2005.<\/p>\n<p style=\"text-align: justify;\">Il comprend 122 chambres et suites en plein c\u0153ur de l\u2019ancienne cit\u00e9 imp\u00e9riale de Hue, au bord de la rivi\u00e8re des Parfums. Lors de sa construction initiale, il t\u00e9moigne du go\u00fbt art d\u00e9co dominant, aussi bien en France que dans les colonies. Lors de sa restauration, les architectes ont donc choisi de conserver cette caract\u00e9ristique. Le d\u00e9cor m\u00eale touches coloniales et finesse des mat\u00e9riaux vietnamiens dans un ensemble chic et raffin\u00e9. D\u00e9tail original : La R\u00e9sidence comprend une piscine d\u2019eau sal\u00e9e. Le restaurant Le Parfum permet de go\u00fbter \u00e0 une cuisine fusion franco-vietnamienne. Au bar Le Gouverneur, la d\u00e9coration est un concentr\u00e9 d\u2019art d\u00e9co et offre une vue imprenable sur la ville gr\u00e2ce \u00e0 de grandes baies vitr\u00e9es. En plus de \u00e7a, l\u2019h\u00f4tel organise toutes sortes d\u2019activit\u00e9s et de repas \u00e0 th\u00e8me : d\u00eener-croisi\u00e8re, pique-nique sur le mont Thien An, balades \u00e0 v\u00e9lo, cours de cuisine, etc. Les h\u00f4tes peuvent \u00e9galement profiter du spa, qui s\u2019\u00e9tend sur 380 m2 et comprend un sauna aux herbes et un jacuzzi.<\/p>\n<\/div> <\/div> <div class=\"g-cols wpb_row offset_small vc_inner \"><div class=\" full-width\">[vc_empty_space height=\u00a0\u00bb30px\u00a0\u00bb]<\/div><\/div><div class=\"g-cols wpb_row offset_small vc_inner \"><div class=\" one-half\"><div class=\"w-image  align_center\"><img loading=\"lazy\" decoding=\"async\" width=\"320\" height=\"217\" src=\"http:\/\/nam-viet-voyage.com\/wp-content\/uploads\/2015\/11\/la-residence-restaurant-parfum.jpg\" class=\"attachment-full size-full\" alt=\"\" srcset=\"http:\/\/nam-viet-voyage.com\/wp-content\/uploads\/2015\/11\/la-residence-restaurant-parfum.jpg 320w, http:\/\/nam-viet-voyage.com\/wp-content\/uploads\/2015\/11\/la-residence-restaurant-parfum-300x203.jpg 300w, http:\/\/nam-viet-voyage.com\/wp-content\/uploads\/2015\/11\/la-residence-restaurant-parfum-150x102.jpg 150w, http:\/\/nam-viet-voyage.com\/wp-content\/uploads\/2015\/11\/la-residence-restaurant-parfum-295x200.jpg 295w\" sizes=\"auto, (max-width: 320px) 100vw, 320px\" \/><\/div><div class=\"w-image  align_center\"><img loading=\"lazy\" decoding=\"async\" width=\"320\" height=\"213\" src=\"http:\/\/nam-viet-voyage.com\/wp-content\/uploads\/2015\/11\/la-residence-room-Ruhlmann.jpg\" class=\"attachment-full size-full\" alt=\"\" srcset=\"http:\/\/nam-viet-voyage.com\/wp-content\/uploads\/2015\/11\/la-residence-room-Ruhlmann.jpg 320w, http:\/\/nam-viet-voyage.com\/wp-content\/uploads\/2015\/11\/la-residence-room-Ruhlmann-300x200.jpg 300w, http:\/\/nam-viet-voyage.com\/wp-content\/uploads\/2015\/11\/la-residence-room-Ruhlmann-150x100.jpg 150w\" sizes=\"auto, (max-width: 320px) 100vw, 320px\" \/><\/div><\/div><div class=\" one-half\"><div class=\"w-image  align_center\"><img loading=\"lazy\" decoding=\"async\" width=\"320\" height=\"213\" src=\"http:\/\/nam-viet-voyage.com\/wp-content\/uploads\/2015\/11\/la-residence-hue-spa.jpg\" class=\"attachment-full size-full\" alt=\"\" srcset=\"http:\/\/nam-viet-voyage.com\/wp-content\/uploads\/2015\/11\/la-residence-hue-spa.jpg 320w, http:\/\/nam-viet-voyage.com\/wp-content\/uploads\/2015\/11\/la-residence-hue-spa-300x200.jpg 300w, http:\/\/nam-viet-voyage.com\/wp-content\/uploads\/2015\/11\/la-residence-hue-spa-150x100.jpg 150w\" sizes=\"auto, (max-width: 320px) 100vw, 320px\" \/><\/div><div class=\"w-image  align_center\"><img loading=\"lazy\" decoding=\"async\" width=\"320\" height=\"213\" src=\"http:\/\/nam-viet-voyage.com\/wp-content\/uploads\/2015\/11\/la-residence-hue-pool.jpg\" class=\"attachment-full size-full\" alt=\"\" srcset=\"http:\/\/nam-viet-voyage.com\/wp-content\/uploads\/2015\/11\/la-residence-hue-pool.jpg 320w, http:\/\/nam-viet-voyage.com\/wp-content\/uploads\/2015\/11\/la-residence-hue-pool-300x200.jpg 300w, http:\/\/nam-viet-voyage.com\/wp-content\/uploads\/2015\/11\/la-residence-hue-pool-150x100.jpg 150w\" sizes=\"auto, (max-width: 320px) 100vw, 320px\" \/><\/div><\/div><\/div><\/div><\/div><\/div><\/section><section class=\"l-section wpb_row height_medium color_secondary\"><div class=\"l-section-h i-cf\"><div class=\"g-cols offset_small\"><div class=\" full-width\"><div class=\"g-cols wpb_row offset_small vc_inner \"><div class=\" full-width\">[vc_custom_heading text=\u00a0\u00bbPour tout projet ou information compl\u00e9mentaire, merci de nous contacter !\u00a0\u00bb font_container=\u00a0\u00bbtag:p|font_size:24|text_align:center\u00a0\u00bb google_fonts=\u00a0\u00bbfont_family:Nothing%20You%20Could%20Do%3Aregular|font_style:400%20regular%3A400%3Anormal\u00a0\u00bb]\n<div class=\"wpcf7 no-js\" id=\"wpcf7-f5977-o1\" lang=\"fr-FR\" dir=\"ltr\" data-wpcf7-id=\"5977\">\n<div class=\"screen-reader-response\"><p role=\"status\" aria-live=\"polite\" aria-atomic=\"true\"><\/p> <ul><\/ul><\/div>\n<form action=\"\/fr\/wp-json\/wp\/v2\/pages\/9421#wpcf7-f5977-o1\" method=\"post\" class=\"wpcf7-form init\" aria-label=\"Formulaire de contact\" novalidate=\"novalidate\" data-status=\"init\">\n<fieldset class=\"hidden-fields-container\"><input type=\"hidden\" name=\"_wpcf7\" value=\"5977\" \/><input type=\"hidden\" name=\"_wpcf7_version\" value=\"6.1.5\" \/><input type=\"hidden\" name=\"_wpcf7_locale\" value=\"fr_FR\" \/><input type=\"hidden\" name=\"_wpcf7_unit_tag\" value=\"wpcf7-f5977-o1\" \/><input type=\"hidden\" name=\"_wpcf7_container_post\" value=\"0\" \/><input type=\"hidden\" name=\"_wpcf7_posted_data_hash\" value=\"\" \/>\n<\/fieldset>\n<p>Votre Nom *\n<\/p>\n<p><span class=\"wpcf7-form-control-wrap\" data-name=\"your-name\"><input size=\"40\" maxlength=\"400\" class=\"wpcf7-form-control wpcf7-text wpcf7-validates-as-required\" aria-required=\"true\" aria-invalid=\"false\" value=\"\" type=\"text\" name=\"your-name\" \/><\/span>\n<\/p>\n<p>Votre Email *\n<\/p>\n<p><span class=\"wpcf7-form-control-wrap\" data-name=\"your-email\"><input size=\"40\" maxlength=\"400\" class=\"wpcf7-form-control wpcf7-email wpcf7-validates-as-required wpcf7-text wpcf7-validates-as-email\" aria-required=\"true\" aria-invalid=\"false\" value=\"\" type=\"email\" name=\"your-email\" \/><\/span>\n<\/p>\n<p>Votre Message *\n<\/p>\n<p><span class=\"wpcf7-form-control-wrap\" data-name=\"your-message\"><textarea cols=\"40\" rows=\"10\" maxlength=\"2000\" class=\"wpcf7-form-control wpcf7-textarea wpcf7-validates-as-required\" aria-required=\"true\" aria-invalid=\"false\" name=\"your-message\"><\/textarea><\/span>\n<\/p>\n<p><input class=\"wpcf7-form-control wpcf7-submit has-spinner\" type=\"submit\" value=\"Envoyer\" \/>\n<\/p><div class=\"wpcf7-response-output\" aria-hidden=\"true\"><\/div>\n<\/form>\n<\/div>\n<\/div><\/div><\/div><\/div><\/div><\/section>\n<p><a href=\"\/\/www.pinterest.com\/pin\/create\/button\/\" data-pin-do=\"buttonBookmark\" data-pin-color=\"red\" data-pin-height=\"128\"><img decoding=\"async\" src=\"\/\/assets.pinterest.com\/images\/pidgets\/pinit_fg_en_rect_red_28.png\" \/><\/a><\/p>","protected":false},"excerpt":{"rendered":"[vc_wp_custommenu nav_menu=\"165\" title=\"Votre h\u00f4tel - Baln\u00e9aire\"] La Residence \u00c0 Hue, dans le centre du Vietnam, l\u2019h\u00f4tel La R\u00e9sidence est un bout d\u2019histoire sur la rue Le Loi. Construit en 1930...","protected":false},"author":5,"featured_media":0,"parent":0,"menu_order":0,"comment_status":"closed","ping_status":"closed","template":"","meta":{"_crdt_document":"","footnotes":""},"class_list":["post-9421","page","type-page","status-publish","hentry"],"yoast_head":"<!-- This site is optimized with the Yoast SEO plugin v26.9 - https:\/\/yoast.com\/product\/yoast-seo-wordpress\/ -->\n<title>La Residence - Hue - Nam Viet Voyage<\/title>\n<meta name=\"description\" content=\"En plein c\u0153ur de l\u2019ancienne cit\u00e9 imp\u00e9riale de Hue, l\u2019h\u00f4tel La R\u00e9sidence est un concentr\u00e9 d\u2019histoire et de raffinement.\" \/>\n<meta name=\"robots\" content=\"index, follow, max-snippet:-1, max-image-preview:large, max-video-preview:-1\" \/>\n<link rel=\"canonical\" href=\"https:\/\/nam-viet-voyage.com\/fr\/la-residence-hue\/\" \/>\n<meta property=\"og:locale\" content=\"fr_FR\" \/>\n<meta property=\"og:type\" content=\"article\" \/>\n<meta property=\"og:title\" content=\"La Residence - Hue - Nam Viet Voyage\" \/>\n<meta property=\"og:description\" content=\"En plein c\u0153ur de l\u2019ancienne cit\u00e9 imp\u00e9riale de Hue, l\u2019h\u00f4tel La R\u00e9sidence est un concentr\u00e9 d\u2019histoire et de raffinement.\" \/>\n<meta property=\"og:url\" content=\"https:\/\/nam-viet-voyage.com\/fr\/la-residence-hue\/\" \/>\n<meta property=\"og:site_name\" content=\"Nam Viet Voyage\" \/>\n<meta property=\"article:publisher\" content=\"https:\/\/www.facebook.com\/NamVietVoyage\" \/>\n<meta property=\"article:modified_time\" content=\"2016-05-25T07:44:52+00:00\" \/>\n<meta name=\"twitter:card\" content=\"summary_large_image\" \/>\n<meta name=\"twitter:site\" content=\"@NamVietVoyage\" \/>\n<meta name=\"twitter:label1\" content=\"Dur\u00e9e de lecture estim\u00e9e\" \/>\n\t<meta name=\"twitter:data1\" content=\"2 minutes\" \/>\n<script type=\"application\/ld+json\" class=\"yoast-schema-graph\">{\"@context\":\"https:\/\/schema.org\",\"@graph\":[{\"@type\":\"WebPage\",\"@id\":\"https:\/\/nam-viet-voyage.com\/fr\/la-residence-hue\/\",\"url\":\"https:\/\/nam-viet-voyage.com\/fr\/la-residence-hue\/\",\"name\":\"La Residence - Hue - Nam Viet Voyage\",\"isPartOf\":{\"@id\":\"https:\/\/nam-viet-voyage.com\/#website\"},\"datePublished\":\"2015-11-05T03:37:10+00:00\",\"dateModified\":\"2016-05-25T07:44:52+00:00\",\"description\":\"En plein c\u0153ur de l\u2019ancienne cit\u00e9 imp\u00e9riale de Hue, l\u2019h\u00f4tel La R\u00e9sidence est un concentr\u00e9 d\u2019histoire et de raffinement.\",\"breadcrumb\":{\"@id\":\"https:\/\/nam-viet-voyage.com\/fr\/la-residence-hue\/#breadcrumb\"},\"inLanguage\":\"fr-FR\",\"potentialAction\":[{\"@type\":\"ReadAction\",\"target\":[\"https:\/\/nam-viet-voyage.com\/fr\/la-residence-hue\/\"]}]},{\"@type\":\"BreadcrumbList\",\"@id\":\"https:\/\/nam-viet-voyage.com\/fr\/la-residence-hue\/#breadcrumb\",\"itemListElement\":[{\"@type\":\"ListItem\",\"position\":1,\"name\":\"Home\",\"item\":\"https:\/\/nam-viet-voyage.com\/fr\/sample-page-2\/\"},{\"@type\":\"ListItem\",\"position\":2,\"name\":\"La Residence &#8211; Hue\"}]},{\"@type\":\"WebSite\",\"@id\":\"https:\/\/nam-viet-voyage.com\/#website\",\"url\":\"https:\/\/nam-viet-voyage.com\/\",\"name\":\"Nam Viet Voyage\",\"description\":\"Voyages en Asie du Sud-Est\",\"potentialAction\":[{\"@type\":\"SearchAction\",\"target\":{\"@type\":\"EntryPoint\",\"urlTemplate\":\"https:\/\/nam-viet-voyage.com\/?s={search_term_string}\"},\"query-input\":{\"@type\":\"PropertyValueSpecification\",\"valueRequired\":true,\"valueName\":\"search_term_string\"}}],\"inLanguage\":\"fr-FR\"}]}<\/script>\n<!-- \/ Yoast SEO plugin. -->","yoast_head_json":{"title":"La Residence - Hue - Nam Viet Voyage","description":"En plein c\u0153ur de l\u2019ancienne cit\u00e9 imp\u00e9riale de Hue, l\u2019h\u00f4tel La R\u00e9sidence est un concentr\u00e9 d\u2019histoire et de raffinement.","robots":{"index":"index","follow":"follow","max-snippet":"max-snippet:-1","max-image-preview":"max-image-preview:large","max-video-preview":"max-video-preview:-1"},"canonical":"https:\/\/nam-viet-voyage.com\/fr\/la-residence-hue\/","og_locale":"fr_FR","og_type":"article","og_title":"La Residence - Hue - Nam Viet Voyage","og_description":"En plein c\u0153ur de l\u2019ancienne cit\u00e9 imp\u00e9riale de Hue, l\u2019h\u00f4tel La R\u00e9sidence est un concentr\u00e9 d\u2019histoire et de raffinement.","og_url":"https:\/\/nam-viet-voyage.com\/fr\/la-residence-hue\/","og_site_name":"Nam Viet Voyage","article_publisher":"https:\/\/www.facebook.com\/NamVietVoyage","article_modified_time":"2016-05-25T07:44:52+00:00","twitter_card":"summary_large_image","twitter_site":"@NamVietVoyage","twitter_misc":{"Dur\u00e9e de lecture estim\u00e9e":"2 minutes"},"schema":{"@context":"https:\/\/schema.org","@graph":[{"@type":"WebPage","@id":"https:\/\/nam-viet-voyage.com\/fr\/la-residence-hue\/","url":"https:\/\/nam-viet-voyage.com\/fr\/la-residence-hue\/","name":"La Residence - Hue - Nam Viet Voyage","isPartOf":{"@id":"https:\/\/nam-viet-voyage.com\/#website"},"datePublished":"2015-11-05T03:37:10+00:00","dateModified":"2016-05-25T07:44:52+00:00","description":"En plein c\u0153ur de l\u2019ancienne cit\u00e9 imp\u00e9riale de Hue, l\u2019h\u00f4tel La R\u00e9sidence est un concentr\u00e9 d\u2019histoire et de raffinement.","breadcrumb":{"@id":"https:\/\/nam-viet-voyage.com\/fr\/la-residence-hue\/#breadcrumb"},"inLanguage":"fr-FR","potentialAction":[{"@type":"ReadAction","target":["https:\/\/nam-viet-voyage.com\/fr\/la-residence-hue\/"]}]},{"@type":"BreadcrumbList","@id":"https:\/\/nam-viet-voyage.com\/fr\/la-residence-hue\/#breadcrumb","itemListElement":[{"@type":"ListItem","position":1,"name":"Home","item":"https:\/\/nam-viet-voyage.com\/fr\/sample-page-2\/"},{"@type":"ListItem","position":2,"name":"La Residence &#8211; Hue"}]},{"@type":"WebSite","@id":"https:\/\/nam-viet-voyage.com\/#website","url":"https:\/\/nam-viet-voyage.com\/","name":"Nam Viet Voyage","description":"Voyages en Asie du Sud-Est","potentialAction":[{"@type":"SearchAction","target":{"@type":"EntryPoint","urlTemplate":"https:\/\/nam-viet-voyage.com\/?s={search_term_string}"},"query-input":{"@type":"PropertyValueSpecification","valueRequired":true,"valueName":"search_term_string"}}],"inLanguage":"fr-FR"}]}},"_links":{"self":[{"href":"http:\/\/nam-viet-voyage.com\/fr\/wp-json\/wp\/v2\/pages\/9421","targetHints":{"allow":["GET"]}}],"collection":[{"href":"http:\/\/nam-viet-voyage.com\/fr\/wp-json\/wp\/v2\/pages"}],"about":[{"href":"http:\/\/nam-viet-voyage.com\/fr\/wp-json\/wp\/v2\/types\/page"}],"author":[{"embeddable":true,"href":"http:\/\/nam-viet-voyage.com\/fr\/wp-json\/wp\/v2\/users\/5"}],"replies":[{"embeddable":true,"href":"http:\/\/nam-viet-voyage.com\/fr\/wp-json\/wp\/v2\/comments?post=9421"}],"version-history":[{"count":4,"href":"http:\/\/nam-viet-voyage.com\/fr\/wp-json\/wp\/v2\/pages\/9421\/revisions"}],"predecessor-version":[{"id":11189,"href":"http:\/\/nam-viet-voyage.com\/fr\/wp-json\/wp\/v2\/pages\/9421\/revisions\/11189"}],"wp:attachment":[{"href":"http:\/\/nam-viet-voyage.com\/fr\/wp-json\/wp\/v2\/media?parent=9421"}],"curies":[{"name":"wp","href":"https:\/\/api.w.org\/{rel}","templated":true}]}}