{"id":9370,"date":"2015-10-30T03:02:55","date_gmt":"2015-10-30T03:02:55","guid":{"rendered":"http:\/\/nam-viet-voyage.com\/fr\/?page_id=9370"},"modified":"2016-05-25T07:44:52","modified_gmt":"2016-05-25T07:44:52","slug":"moon-garden-homestay-ky-son","status":"publish","type":"page","link":"http:\/\/nam-viet-voyage.com\/fr\/moon-garden-homestay-ky-son\/","title":{"rendered":"Moon Garden Homestay &#8211; Ky Son"},"content":{"rendered":"<section class=\"l-section wpb_row height_medium\"><div class=\"l-section-h i-cf\"><div class=\"g-cols offset_small\"><div class=\" one-quarter\">[vc_wp_custommenu nav_menu=\u00a0\u00bb166&Prime; title=\u00a0\u00bbVotre h\u00f4tel &#8211; Baln\u00e9aire\u00a0\u00bb]<\/div><div class=\" three-quarters\"><div class=\"w-image  align_center\"><img loading=\"lazy\" decoding=\"async\" width=\"672\" height=\"200\" src=\"http:\/\/nam-viet-voyage.com\/wp-content\/uploads\/2015\/10\/moon-garden-homestay-ky-son.png\" class=\"attachment-full size-full\" alt=\"\" srcset=\"http:\/\/nam-viet-voyage.com\/wp-content\/uploads\/2015\/10\/moon-garden-homestay-ky-son.png 672w, http:\/\/nam-viet-voyage.com\/wp-content\/uploads\/2015\/10\/moon-garden-homestay-ky-son-300x89.png 300w, http:\/\/nam-viet-voyage.com\/wp-content\/uploads\/2015\/10\/moon-garden-homestay-ky-son-600x179.png 600w, http:\/\/nam-viet-voyage.com\/wp-content\/uploads\/2015\/10\/moon-garden-homestay-ky-son-150x45.png 150w\" sizes=\"auto, (max-width: 672px) 100vw, 672px\" \/><\/div><div class=\"wpb_text_column \"><div class=\"wpb_wrapper\">\n<h2 style=\"text-align: center;\">Moon Garden Homestay<\/h2>\n<p style=\"text-align: justify;\">Moon Garden Homestay se trouve \u00e0 environ 1h30 de route d\u2019Hanoi dans le nord du Vietnam. Sa particularit\u00e9 r\u00e9side dans les maisons traditionnelles qui servent d\u2019h\u00e9bergement aux h\u00f4tes. Faites essentiellement de bois, elles reprennent l\u2019architecture des groupes ethniques de la r\u00e9gion. L\u2019une d\u2019entre elles est construite sur pilotis. L\u2019h\u00f4tel a \u00e9galement rachet\u00e9 une \u00e9glise qui devait \u00eatre d\u00e9truite, et a d\u00e9cid\u00e9 de la r\u00e9assembler sur son terrain, afin de faire d\u00e9couvrir aux visiteurs le patrimoine de la r\u00e9gion. Moon Garden Homestay est un lieu tranquille, en pleine nature, proche de villages vietnamiens tels que Duong Lam, Dong Sang et Cam Lam. Sur place, les h\u00f4tes peuvent profiter de cours de cuisine ainsi que de cours de Yijin Jing, un art martial chinois liant spiritualit\u00e9 et m\u00e9ditation. Des v\u00e9los sont \u00e0 disposition, les environs de l\u2019h\u00f4tel se pr\u00eatant bien aux balades. Pour ceux souhaitant s\u2019octroyer une pause relaxation, le spa propose un panel de soins. Enfin, il est possible \u00e9galement de participer aux travaux des champs, \u00e0 la rencontre des villageois, ou encore de p\u00eacher dans la rivi\u00e8re.<\/p>\n<\/div> <\/div> <div class=\"g-cols wpb_row offset_small vc_inner \"><div class=\" full-width\">[vc_empty_space height=\u00a0\u00bb30px\u00a0\u00bb]<\/div><\/div><div class=\"g-cols wpb_row offset_small vc_inner \"><div class=\" one-half\"><div class=\"w-image  align_center\"><img loading=\"lazy\" decoding=\"async\" width=\"320\" height=\"213\" src=\"http:\/\/nam-viet-voyage.com\/wp-content\/uploads\/2015\/10\/moon-garden-homestay-yard.jpg\" class=\"attachment-full size-full\" alt=\"Entr\u00e9e h\u00f4tel avec lampions\" srcset=\"http:\/\/nam-viet-voyage.com\/wp-content\/uploads\/2015\/10\/moon-garden-homestay-yard.jpg 320w, http:\/\/nam-viet-voyage.com\/wp-content\/uploads\/2015\/10\/moon-garden-homestay-yard-300x200.jpg 300w, http:\/\/nam-viet-voyage.com\/wp-content\/uploads\/2015\/10\/moon-garden-homestay-yard-150x100.jpg 150w\" sizes=\"auto, (max-width: 320px) 100vw, 320px\" \/><\/div><div class=\"w-image  align_center\"><img loading=\"lazy\" decoding=\"async\" width=\"320\" height=\"224\" src=\"http:\/\/nam-viet-voyage.com\/wp-content\/uploads\/2015\/10\/moon-garden-homestay-stilt-house.jpg\" class=\"attachment-full size-full\" alt=\"Maison traditionnelle en pilotis\" srcset=\"http:\/\/nam-viet-voyage.com\/wp-content\/uploads\/2015\/10\/moon-garden-homestay-stilt-house.jpg 320w, http:\/\/nam-viet-voyage.com\/wp-content\/uploads\/2015\/10\/moon-garden-homestay-stilt-house-300x210.jpg 300w, http:\/\/nam-viet-voyage.com\/wp-content\/uploads\/2015\/10\/moon-garden-homestay-stilt-house-150x105.jpg 150w, http:\/\/nam-viet-voyage.com\/wp-content\/uploads\/2015\/10\/moon-garden-homestay-stilt-house-286x200.jpg 286w\" sizes=\"auto, (max-width: 320px) 100vw, 320px\" \/><\/div><\/div><div class=\" one-half\"><div class=\"w-image  align_center\"><img loading=\"lazy\" decoding=\"async\" width=\"320\" height=\"217\" src=\"http:\/\/nam-viet-voyage.com\/wp-content\/uploads\/2015\/10\/moon-garden-stilt-house-tea.jpg\" class=\"attachment-full size-full\" alt=\"Int\u00e9rieur de la maison sur pilotis\" srcset=\"http:\/\/nam-viet-voyage.com\/wp-content\/uploads\/2015\/10\/moon-garden-stilt-house-tea.jpg 320w, http:\/\/nam-viet-voyage.com\/wp-content\/uploads\/2015\/10\/moon-garden-stilt-house-tea-300x203.jpg 300w, http:\/\/nam-viet-voyage.com\/wp-content\/uploads\/2015\/10\/moon-garden-stilt-house-tea-150x102.jpg 150w, http:\/\/nam-viet-voyage.com\/wp-content\/uploads\/2015\/10\/moon-garden-stilt-house-tea-295x200.jpg 295w\" sizes=\"auto, (max-width: 320px) 100vw, 320px\" \/><\/div><div class=\"w-image  align_center\"><img loading=\"lazy\" decoding=\"async\" width=\"320\" height=\"213\" src=\"http:\/\/nam-viet-voyage.com\/wp-content\/uploads\/2015\/10\/moon-garden-pomelo-house.jpg\" class=\"attachment-full size-full\" alt=\"\" srcset=\"http:\/\/nam-viet-voyage.com\/wp-content\/uploads\/2015\/10\/moon-garden-pomelo-house.jpg 320w, http:\/\/nam-viet-voyage.com\/wp-content\/uploads\/2015\/10\/moon-garden-pomelo-house-300x200.jpg 300w, http:\/\/nam-viet-voyage.com\/wp-content\/uploads\/2015\/10\/moon-garden-pomelo-house-150x100.jpg 150w\" sizes=\"auto, (max-width: 320px) 100vw, 320px\" \/><\/div><\/div><\/div><\/div><\/div><\/div><\/section><section class=\"l-section wpb_row height_medium color_secondary\"><div class=\"l-section-h i-cf\"><div class=\"g-cols offset_small\"><div class=\" full-width\"><div class=\"g-cols wpb_row offset_small vc_inner \"><div class=\" full-width\">[vc_custom_heading text=\u00a0\u00bbPour tout projet ou information compl\u00e9mentaire, merci de nous contacter !\u00a0\u00bb font_container=\u00a0\u00bbtag:p|font_size:24|text_align:center\u00a0\u00bb google_fonts=\u00a0\u00bbfont_family:Nothing%20You%20Could%20Do%3Aregular|font_style:400%20regular%3A400%3Anormal\u00a0\u00bb]\n<div class=\"wpcf7 no-js\" id=\"wpcf7-f5977-o1\" lang=\"fr-FR\" dir=\"ltr\" data-wpcf7-id=\"5977\">\n<div class=\"screen-reader-response\"><p role=\"status\" aria-live=\"polite\" aria-atomic=\"true\"><\/p> <ul><\/ul><\/div>\n<form action=\"\/fr\/wp-json\/wp\/v2\/pages\/9370#wpcf7-f5977-o1\" method=\"post\" class=\"wpcf7-form init\" aria-label=\"Formulaire de contact\" novalidate=\"novalidate\" data-status=\"init\">\n<fieldset class=\"hidden-fields-container\"><input type=\"hidden\" name=\"_wpcf7\" value=\"5977\" \/><input type=\"hidden\" name=\"_wpcf7_version\" value=\"6.1.5\" \/><input type=\"hidden\" name=\"_wpcf7_locale\" value=\"fr_FR\" \/><input type=\"hidden\" name=\"_wpcf7_unit_tag\" value=\"wpcf7-f5977-o1\" \/><input type=\"hidden\" name=\"_wpcf7_container_post\" value=\"0\" \/><input type=\"hidden\" name=\"_wpcf7_posted_data_hash\" value=\"\" \/>\n<\/fieldset>\n<p>Votre Nom *\n<\/p>\n<p><span class=\"wpcf7-form-control-wrap\" data-name=\"your-name\"><input size=\"40\" maxlength=\"400\" class=\"wpcf7-form-control wpcf7-text wpcf7-validates-as-required\" aria-required=\"true\" aria-invalid=\"false\" value=\"\" type=\"text\" name=\"your-name\" \/><\/span>\n<\/p>\n<p>Votre Email *\n<\/p>\n<p><span class=\"wpcf7-form-control-wrap\" data-name=\"your-email\"><input size=\"40\" maxlength=\"400\" class=\"wpcf7-form-control wpcf7-email wpcf7-validates-as-required wpcf7-text wpcf7-validates-as-email\" aria-required=\"true\" aria-invalid=\"false\" value=\"\" type=\"email\" name=\"your-email\" \/><\/span>\n<\/p>\n<p>Votre Message *\n<\/p>\n<p><span class=\"wpcf7-form-control-wrap\" data-name=\"your-message\"><textarea cols=\"40\" rows=\"10\" maxlength=\"2000\" class=\"wpcf7-form-control wpcf7-textarea wpcf7-validates-as-required\" aria-required=\"true\" aria-invalid=\"false\" name=\"your-message\"><\/textarea><\/span>\n<\/p>\n<p><input class=\"wpcf7-form-control wpcf7-submit has-spinner\" type=\"submit\" value=\"Envoyer\" \/>\n<\/p><div class=\"wpcf7-response-output\" aria-hidden=\"true\"><\/div>\n<\/form>\n<\/div>\n<\/div><\/div><\/div><\/div><\/div><\/section>\n<p><a href=\"\/\/www.pinterest.com\/pin\/create\/button\/\" data-pin-do=\"buttonBookmark\" data-pin-color=\"red\" data-pin-height=\"128\"><img decoding=\"async\" src=\"\/\/assets.pinterest.com\/images\/pidgets\/pinit_fg_en_rect_red_28.png\" \/><\/a><\/p>","protected":false},"excerpt":{"rendered":"[vc_wp_custommenu nav_menu=\"166\" title=\"Votre h\u00f4tel - Baln\u00e9aire\"] Moon Garden Homestay Moon Garden Homestay se trouve \u00e0 environ 1h30 de route d\u2019Hanoi dans le nord du Vietnam. Sa particularit\u00e9 r\u00e9side dans les...","protected":false},"author":5,"featured_media":0,"parent":0,"menu_order":0,"comment_status":"closed","ping_status":"closed","template":"","meta":{"_crdt_document":"","footnotes":""},"class_list":["post-9370","page","type-page","status-publish","hentry"],"yoast_head":"<!-- This site is optimized with the Yoast SEO plugin v26.9 - https:\/\/yoast.com\/product\/yoast-seo-wordpress\/ -->\n<title>Moon Garden Homestay - Ky Son - Nam Viet Voyage<\/title>\n<meta name=\"description\" content=\"Envie d\u2019une escapade au calme, dans la nature ? Dans la campagne d\u2019Hanoi, le Moon Garden Homestay est l\u2019endroit id\u00e9al pour profiter du Vietnam rural.\" \/>\n<meta name=\"robots\" content=\"index, follow, max-snippet:-1, max-image-preview:large, max-video-preview:-1\" \/>\n<link rel=\"canonical\" href=\"http:\/\/nam-viet-voyage.com\/fr\/moon-garden-homestay-ky-son\/\" \/>\n<meta property=\"og:locale\" content=\"fr_FR\" \/>\n<meta property=\"og:type\" content=\"article\" \/>\n<meta property=\"og:title\" content=\"Moon Garden Homestay - Ky Son - Nam Viet Voyage\" \/>\n<meta property=\"og:description\" content=\"Envie d\u2019une escapade au calme, dans la nature ? Dans la campagne d\u2019Hanoi, le Moon Garden Homestay est l\u2019endroit id\u00e9al pour profiter du Vietnam rural.\" \/>\n<meta property=\"og:url\" content=\"http:\/\/nam-viet-voyage.com\/fr\/moon-garden-homestay-ky-son\/\" \/>\n<meta property=\"og:site_name\" content=\"Nam Viet Voyage\" \/>\n<meta property=\"article:publisher\" content=\"https:\/\/www.facebook.com\/NamVietVoyage\" \/>\n<meta property=\"article:modified_time\" content=\"2016-05-25T07:44:52+00:00\" \/>\n<meta name=\"twitter:card\" content=\"summary_large_image\" \/>\n<meta name=\"twitter:site\" content=\"@NamVietVoyage\" \/>\n<meta name=\"twitter:label1\" content=\"Dur\u00e9e de lecture estim\u00e9e\" \/>\n\t<meta name=\"twitter:data1\" content=\"2 minutes\" \/>\n<script type=\"application\/ld+json\" class=\"yoast-schema-graph\">{\"@context\":\"https:\/\/schema.org\",\"@graph\":[{\"@type\":\"WebPage\",\"@id\":\"http:\/\/nam-viet-voyage.com\/fr\/moon-garden-homestay-ky-son\/\",\"url\":\"http:\/\/nam-viet-voyage.com\/fr\/moon-garden-homestay-ky-son\/\",\"name\":\"Moon Garden Homestay - Ky Son - Nam Viet Voyage\",\"isPartOf\":{\"@id\":\"http:\/\/nam-viet-voyage.com\/fr\/#website\"},\"datePublished\":\"2015-10-30T03:02:55+00:00\",\"dateModified\":\"2016-05-25T07:44:52+00:00\",\"description\":\"Envie d\u2019une escapade au calme, dans la nature ? Dans la campagne d\u2019Hanoi, le Moon Garden Homestay est l\u2019endroit id\u00e9al pour profiter du Vietnam rural.\",\"breadcrumb\":{\"@id\":\"http:\/\/nam-viet-voyage.com\/fr\/moon-garden-homestay-ky-son\/#breadcrumb\"},\"inLanguage\":\"fr-FR\",\"potentialAction\":[{\"@type\":\"ReadAction\",\"target\":[\"http:\/\/nam-viet-voyage.com\/fr\/moon-garden-homestay-ky-son\/\"]}]},{\"@type\":\"BreadcrumbList\",\"@id\":\"http:\/\/nam-viet-voyage.com\/fr\/moon-garden-homestay-ky-son\/#breadcrumb\",\"itemListElement\":[{\"@type\":\"ListItem\",\"position\":1,\"name\":\"Home\",\"item\":\"http:\/\/nam-viet-voyage.com\/fr\/\"},{\"@type\":\"ListItem\",\"position\":2,\"name\":\"Moon Garden Homestay &#8211; Ky Son\"}]},{\"@type\":\"WebSite\",\"@id\":\"http:\/\/nam-viet-voyage.com\/fr\/#website\",\"url\":\"http:\/\/nam-viet-voyage.com\/fr\/\",\"name\":\"Nam Viet Voyage\",\"description\":\"Voyages en Asie du Sud-Est\",\"potentialAction\":[{\"@type\":\"SearchAction\",\"target\":{\"@type\":\"EntryPoint\",\"urlTemplate\":\"http:\/\/nam-viet-voyage.com\/fr\/?s={search_term_string}\"},\"query-input\":{\"@type\":\"PropertyValueSpecification\",\"valueRequired\":true,\"valueName\":\"search_term_string\"}}],\"inLanguage\":\"fr-FR\"}]}<\/script>\n<!-- \/ Yoast SEO plugin. -->","yoast_head_json":{"title":"Moon Garden Homestay - Ky Son - Nam Viet Voyage","description":"Envie d\u2019une escapade au calme, dans la nature ? Dans la campagne d\u2019Hanoi, le Moon Garden Homestay est l\u2019endroit id\u00e9al pour profiter du Vietnam rural.","robots":{"index":"index","follow":"follow","max-snippet":"max-snippet:-1","max-image-preview":"max-image-preview:large","max-video-preview":"max-video-preview:-1"},"canonical":"http:\/\/nam-viet-voyage.com\/fr\/moon-garden-homestay-ky-son\/","og_locale":"fr_FR","og_type":"article","og_title":"Moon Garden Homestay - Ky Son - Nam Viet Voyage","og_description":"Envie d\u2019une escapade au calme, dans la nature ? Dans la campagne d\u2019Hanoi, le Moon Garden Homestay est l\u2019endroit id\u00e9al pour profiter du Vietnam rural.","og_url":"http:\/\/nam-viet-voyage.com\/fr\/moon-garden-homestay-ky-son\/","og_site_name":"Nam Viet Voyage","article_publisher":"https:\/\/www.facebook.com\/NamVietVoyage","article_modified_time":"2016-05-25T07:44:52+00:00","twitter_card":"summary_large_image","twitter_site":"@NamVietVoyage","twitter_misc":{"Dur\u00e9e de lecture estim\u00e9e":"2 minutes"},"schema":{"@context":"https:\/\/schema.org","@graph":[{"@type":"WebPage","@id":"http:\/\/nam-viet-voyage.com\/fr\/moon-garden-homestay-ky-son\/","url":"http:\/\/nam-viet-voyage.com\/fr\/moon-garden-homestay-ky-son\/","name":"Moon Garden Homestay - Ky Son - Nam Viet Voyage","isPartOf":{"@id":"http:\/\/nam-viet-voyage.com\/fr\/#website"},"datePublished":"2015-10-30T03:02:55+00:00","dateModified":"2016-05-25T07:44:52+00:00","description":"Envie d\u2019une escapade au calme, dans la nature ? Dans la campagne d\u2019Hanoi, le Moon Garden Homestay est l\u2019endroit id\u00e9al pour profiter du Vietnam rural.","breadcrumb":{"@id":"http:\/\/nam-viet-voyage.com\/fr\/moon-garden-homestay-ky-son\/#breadcrumb"},"inLanguage":"fr-FR","potentialAction":[{"@type":"ReadAction","target":["http:\/\/nam-viet-voyage.com\/fr\/moon-garden-homestay-ky-son\/"]}]},{"@type":"BreadcrumbList","@id":"http:\/\/nam-viet-voyage.com\/fr\/moon-garden-homestay-ky-son\/#breadcrumb","itemListElement":[{"@type":"ListItem","position":1,"name":"Home","item":"http:\/\/nam-viet-voyage.com\/fr\/"},{"@type":"ListItem","position":2,"name":"Moon Garden Homestay &#8211; Ky Son"}]},{"@type":"WebSite","@id":"http:\/\/nam-viet-voyage.com\/fr\/#website","url":"http:\/\/nam-viet-voyage.com\/fr\/","name":"Nam Viet Voyage","description":"Voyages en Asie du Sud-Est","potentialAction":[{"@type":"SearchAction","target":{"@type":"EntryPoint","urlTemplate":"http:\/\/nam-viet-voyage.com\/fr\/?s={search_term_string}"},"query-input":{"@type":"PropertyValueSpecification","valueRequired":true,"valueName":"search_term_string"}}],"inLanguage":"fr-FR"}]}},"_links":{"self":[{"href":"http:\/\/nam-viet-voyage.com\/fr\/wp-json\/wp\/v2\/pages\/9370","targetHints":{"allow":["GET"]}}],"collection":[{"href":"http:\/\/nam-viet-voyage.com\/fr\/wp-json\/wp\/v2\/pages"}],"about":[{"href":"http:\/\/nam-viet-voyage.com\/fr\/wp-json\/wp\/v2\/types\/page"}],"author":[{"embeddable":true,"href":"http:\/\/nam-viet-voyage.com\/fr\/wp-json\/wp\/v2\/users\/5"}],"replies":[{"embeddable":true,"href":"http:\/\/nam-viet-voyage.com\/fr\/wp-json\/wp\/v2\/comments?post=9370"}],"version-history":[{"count":6,"href":"http:\/\/nam-viet-voyage.com\/fr\/wp-json\/wp\/v2\/pages\/9370\/revisions"}],"predecessor-version":[{"id":11194,"href":"http:\/\/nam-viet-voyage.com\/fr\/wp-json\/wp\/v2\/pages\/9370\/revisions\/11194"}],"wp:attachment":[{"href":"http:\/\/nam-viet-voyage.com\/fr\/wp-json\/wp\/v2\/media?parent=9370"}],"curies":[{"name":"wp","href":"https:\/\/api.w.org\/{rel}","templated":true}]}}