{"id":9360,"date":"2015-10-29T04:33:47","date_gmt":"2015-10-29T04:33:47","guid":{"rendered":"http:\/\/nam-viet-voyage.com\/fr\/?page_id=9360"},"modified":"2016-05-25T07:44:52","modified_gmt":"2016-05-25T07:44:52","slug":"victoria-nui-sam-lodge-chau-doc","status":"publish","type":"page","link":"http:\/\/nam-viet-voyage.com\/fr\/victoria-nui-sam-lodge-chau-doc\/","title":{"rendered":"Victoria Nui Sam Lodge &#8211; Chau Doc"},"content":{"rendered":"<section class=\"l-section wpb_row height_medium\"><div class=\"l-section-h i-cf\"><div class=\"g-cols offset_small\"><div class=\" one-quarter\">[vc_wp_custommenu nav_menu=\u00a0\u00bb166&Prime; title=\u00a0\u00bbVotre h\u00f4tel &#8211; Baln\u00e9aire\u00a0\u00bb]<\/div><div class=\" three-quarters\"><div class=\"w-image  align_center\"><img loading=\"lazy\" decoding=\"async\" width=\"672\" height=\"200\" src=\"http:\/\/nam-viet-voyage.com\/wp-content\/uploads\/2015\/10\/victoria-nui-sam-lodge.png\" class=\"attachment-full size-full\" alt=\"bandeau polaroids Victoria Nui Sam\" srcset=\"http:\/\/nam-viet-voyage.com\/wp-content\/uploads\/2015\/10\/victoria-nui-sam-lodge.png 672w, http:\/\/nam-viet-voyage.com\/wp-content\/uploads\/2015\/10\/victoria-nui-sam-lodge-300x89.png 300w, http:\/\/nam-viet-voyage.com\/wp-content\/uploads\/2015\/10\/victoria-nui-sam-lodge-600x179.png 600w, http:\/\/nam-viet-voyage.com\/wp-content\/uploads\/2015\/10\/victoria-nui-sam-lodge-150x45.png 150w\" sizes=\"auto, (max-width: 672px) 100vw, 672px\" \/><\/div><div class=\"wpb_text_column \"><div class=\"wpb_wrapper\">\n<h2 style=\"text-align: center;\">Victoria Nui Sam Lodge<\/h2>\n<p style=\"text-align: justify;\">Situ\u00e9 dans le delta du M\u00e9kong, l\u2019h\u00f4tel Victoria Nui Sam Lodge propose un concept ax\u00e9 sur le bien-\u00eatre et la sant\u00e9, en plein c\u0153ur d\u2019un environnement naturel. Le lodge se trouve \u00e0 7 km de la ville de Chau Doc, sur un pan de la montagne Sam, qui culmine \u00e0 248 m\u00e8tres de hauteur. Cet emplacement permet de b\u00e9n\u00e9ficier de superbes panoramas sur les rizi\u00e8res environnantes. C\u2019est aussi l\u2019endroit id\u00e9al pour se promener, notamment sur la piste sp\u00e9ciale sant\u00e9 (\u00ab healthy trail \u00bb) mise en place par l\u2019h\u00f4tel. Vous pourrez \u00e9galement emprunter des VTT pour d\u00e9couvrir les lieux. Le Victoria Nui Sam Lodge propose 36 bungalows en pierre avec terrasse priv\u00e9e. La d\u00e9coration y est simple, avec un sol carrel\u00e9 et du mobilier en bois. L\u2019h\u00f4tel a son propre restaurant, La Giang Restaurant &amp; Bar, qui sert de la cuisine vietnamienne, ainsi qu\u2019un petit-d\u00e9jeuner continental et asiatique. Mais ce que vous allez pr\u00e9f\u00e9rer, c\u2019est sans doute sa piscine \u00e0 d\u00e9bordement situ\u00e9e au dernier niveau de l\u2019h\u00f4tel, dans l\u2019espace du Sky Deck, o\u00f9 vous pouvez vous relaxer tout en sirotant un cocktail.<\/p>\n<\/div> <\/div> <div class=\"g-cols wpb_row offset_small vc_inner \"><div class=\" full-width\">[vc_empty_space height=\u00a0\u00bb30px\u00a0\u00bb]<\/div><\/div><div class=\"g-cols wpb_row offset_small vc_inner \"><div class=\" one-half\"><div class=\"w-image  align_center\"><img loading=\"lazy\" decoding=\"async\" width=\"320\" height=\"207\" src=\"http:\/\/nam-viet-voyage.com\/wp-content\/uploads\/2015\/10\/victoria-nui-sam-facade.jpg\" class=\"attachment-full size-full\" alt=\"Facade hotel Victoria Nui Sam\" srcset=\"http:\/\/nam-viet-voyage.com\/wp-content\/uploads\/2015\/10\/victoria-nui-sam-facade.jpg 320w, http:\/\/nam-viet-voyage.com\/wp-content\/uploads\/2015\/10\/victoria-nui-sam-facade-300x194.jpg 300w, http:\/\/nam-viet-voyage.com\/wp-content\/uploads\/2015\/10\/victoria-nui-sam-facade-150x97.jpg 150w\" sizes=\"auto, (max-width: 320px) 100vw, 320px\" \/><\/div><div class=\"w-image  align_center\"><img loading=\"lazy\" decoding=\"async\" width=\"320\" height=\"215\" src=\"http:\/\/nam-viet-voyage.com\/wp-content\/uploads\/2015\/10\/victoria-nui-sam-view.jpg\" class=\"attachment-full size-full\" alt=\"Panorama Mekong Delta from Victoria Nui Sam\" srcset=\"http:\/\/nam-viet-voyage.com\/wp-content\/uploads\/2015\/10\/victoria-nui-sam-view.jpg 320w, http:\/\/nam-viet-voyage.com\/wp-content\/uploads\/2015\/10\/victoria-nui-sam-view-300x202.jpg 300w, http:\/\/nam-viet-voyage.com\/wp-content\/uploads\/2015\/10\/victoria-nui-sam-view-150x101.jpg 150w, http:\/\/nam-viet-voyage.com\/wp-content\/uploads\/2015\/10\/victoria-nui-sam-view-298x200.jpg 298w\" sizes=\"auto, (max-width: 320px) 100vw, 320px\" \/><\/div><\/div><div class=\" one-half\"><div class=\"w-image  align_center\"><img loading=\"lazy\" decoding=\"async\" width=\"320\" height=\"214\" src=\"http:\/\/nam-viet-voyage.com\/wp-content\/uploads\/2015\/10\/victoria-nui-sam-tower.jpg\" class=\"attachment-full size-full\" alt=\"Exterior Terrace Victoria Nui Sam\" srcset=\"http:\/\/nam-viet-voyage.com\/wp-content\/uploads\/2015\/10\/victoria-nui-sam-tower.jpg 320w, http:\/\/nam-viet-voyage.com\/wp-content\/uploads\/2015\/10\/victoria-nui-sam-tower-300x200.jpg 300w, http:\/\/nam-viet-voyage.com\/wp-content\/uploads\/2015\/10\/victoria-nui-sam-tower-150x100.jpg 150w\" sizes=\"auto, (max-width: 320px) 100vw, 320px\" \/><\/div><div class=\"w-image  align_center\"><img loading=\"lazy\" decoding=\"async\" width=\"320\" height=\"213\" src=\"http:\/\/nam-viet-voyage.com\/wp-content\/uploads\/2015\/10\/victoria-nui-sam-restaurant.jpg\" class=\"attachment-full size-full\" alt=\"Interior of restaurant Victoria Nui Sam\" srcset=\"http:\/\/nam-viet-voyage.com\/wp-content\/uploads\/2015\/10\/victoria-nui-sam-restaurant.jpg 320w, http:\/\/nam-viet-voyage.com\/wp-content\/uploads\/2015\/10\/victoria-nui-sam-restaurant-300x200.jpg 300w, http:\/\/nam-viet-voyage.com\/wp-content\/uploads\/2015\/10\/victoria-nui-sam-restaurant-150x100.jpg 150w\" sizes=\"auto, (max-width: 320px) 100vw, 320px\" \/><\/div><\/div><\/div><\/div><\/div><\/div><\/section><section class=\"l-section wpb_row height_medium color_secondary\"><div class=\"l-section-h i-cf\"><div class=\"g-cols offset_small\"><div class=\" full-width\"><div class=\"g-cols wpb_row offset_small vc_inner \"><div class=\" full-width\">[vc_custom_heading text=\u00a0\u00bbPour tout projet ou information compl\u00e9mentaire, merci de nous contacter !\u00a0\u00bb font_container=\u00a0\u00bbtag:p|font_size:24|text_align:center\u00a0\u00bb google_fonts=\u00a0\u00bbfont_family:Nothing%20You%20Could%20Do%3Aregular|font_style:400%20regular%3A400%3Anormal\u00a0\u00bb]\n<div class=\"wpcf7 no-js\" id=\"wpcf7-f5977-o1\" lang=\"fr-FR\" dir=\"ltr\" data-wpcf7-id=\"5977\">\n<div class=\"screen-reader-response\"><p role=\"status\" aria-live=\"polite\" aria-atomic=\"true\"><\/p> <ul><\/ul><\/div>\n<form action=\"\/fr\/wp-json\/wp\/v2\/pages\/9360#wpcf7-f5977-o1\" method=\"post\" class=\"wpcf7-form init\" aria-label=\"Formulaire de contact\" novalidate=\"novalidate\" data-status=\"init\">\n<fieldset class=\"hidden-fields-container\"><input type=\"hidden\" name=\"_wpcf7\" value=\"5977\" \/><input type=\"hidden\" name=\"_wpcf7_version\" value=\"6.1.5\" \/><input type=\"hidden\" name=\"_wpcf7_locale\" value=\"fr_FR\" \/><input type=\"hidden\" name=\"_wpcf7_unit_tag\" value=\"wpcf7-f5977-o1\" \/><input type=\"hidden\" name=\"_wpcf7_container_post\" value=\"0\" \/><input type=\"hidden\" name=\"_wpcf7_posted_data_hash\" value=\"\" \/>\n<\/fieldset>\n<p>Votre Nom *\n<\/p>\n<p><span class=\"wpcf7-form-control-wrap\" data-name=\"your-name\"><input size=\"40\" maxlength=\"400\" class=\"wpcf7-form-control wpcf7-text wpcf7-validates-as-required\" aria-required=\"true\" aria-invalid=\"false\" value=\"\" type=\"text\" name=\"your-name\" \/><\/span>\n<\/p>\n<p>Votre Email *\n<\/p>\n<p><span class=\"wpcf7-form-control-wrap\" data-name=\"your-email\"><input size=\"40\" maxlength=\"400\" class=\"wpcf7-form-control wpcf7-email wpcf7-validates-as-required wpcf7-text wpcf7-validates-as-email\" aria-required=\"true\" aria-invalid=\"false\" value=\"\" type=\"email\" name=\"your-email\" \/><\/span>\n<\/p>\n<p>Votre Message *\n<\/p>\n<p><span class=\"wpcf7-form-control-wrap\" data-name=\"your-message\"><textarea cols=\"40\" rows=\"10\" maxlength=\"2000\" class=\"wpcf7-form-control wpcf7-textarea wpcf7-validates-as-required\" aria-required=\"true\" aria-invalid=\"false\" name=\"your-message\"><\/textarea><\/span>\n<\/p>\n<p><input class=\"wpcf7-form-control wpcf7-submit has-spinner\" type=\"submit\" value=\"Envoyer\" \/>\n<\/p><div class=\"wpcf7-response-output\" aria-hidden=\"true\"><\/div>\n<\/form>\n<\/div>\n<\/div><\/div><\/div><\/div><\/div><\/section>\n<p><a href=\"\/\/www.pinterest.com\/pin\/create\/button\/\" data-pin-do=\"buttonBookmark\" data-pin-color=\"red\" data-pin-height=\"128\"><img decoding=\"async\" src=\"\/\/assets.pinterest.com\/images\/pidgets\/pinit_fg_en_rect_red_28.png\" \/><\/a><\/p>","protected":false},"excerpt":{"rendered":"[vc_wp_custommenu nav_menu=\"166\" title=\"Votre h\u00f4tel - Baln\u00e9aire\"] Victoria Nui Sam Lodge Situ\u00e9 dans le delta du M\u00e9kong, l\u2019h\u00f4tel Victoria Nui Sam Lodge propose un concept ax\u00e9 sur le bien-\u00eatre et la...","protected":false},"author":5,"featured_media":0,"parent":0,"menu_order":0,"comment_status":"closed","ping_status":"closed","template":"","meta":{"_crdt_document":"","footnotes":""},"class_list":["post-9360","page","type-page","status-publish","hentry"],"yoast_head":"<!-- This site is optimized with the Yoast SEO plugin v26.9 - https:\/\/yoast.com\/product\/yoast-seo-wordpress\/ -->\n<title>Victoria Nui Sam Lodge - Chau Doc - Nam Viet Voyage<\/title>\n<meta name=\"description\" content=\"\u00c0 l\u2019abri du tumulte de la ville, le Victoria Nui Sam Lodge dans le delta du M\u00e9kong, propose \u00e0 ses h\u00f4tes une exp\u00e9rience centr\u00e9e sur la sant\u00e9 et le bien-\u00eatre.\" \/>\n<meta name=\"robots\" content=\"index, follow, max-snippet:-1, max-image-preview:large, max-video-preview:-1\" \/>\n<link rel=\"canonical\" href=\"http:\/\/nam-viet-voyage.com\/fr\/victoria-nui-sam-lodge-chau-doc\/\" \/>\n<meta property=\"og:locale\" content=\"fr_FR\" \/>\n<meta property=\"og:type\" content=\"article\" \/>\n<meta property=\"og:title\" content=\"Victoria Nui Sam Lodge - Chau Doc - Nam Viet Voyage\" \/>\n<meta property=\"og:description\" content=\"\u00c0 l\u2019abri du tumulte de la ville, le Victoria Nui Sam Lodge dans le delta du M\u00e9kong, propose \u00e0 ses h\u00f4tes une exp\u00e9rience centr\u00e9e sur la sant\u00e9 et le bien-\u00eatre.\" \/>\n<meta property=\"og:url\" content=\"http:\/\/nam-viet-voyage.com\/fr\/victoria-nui-sam-lodge-chau-doc\/\" \/>\n<meta property=\"og:site_name\" content=\"Nam Viet Voyage\" \/>\n<meta property=\"article:publisher\" content=\"https:\/\/www.facebook.com\/NamVietVoyage\" \/>\n<meta property=\"article:modified_time\" content=\"2016-05-25T07:44:52+00:00\" \/>\n<meta name=\"twitter:card\" content=\"summary_large_image\" \/>\n<meta name=\"twitter:site\" content=\"@NamVietVoyage\" \/>\n<meta name=\"twitter:label1\" content=\"Dur\u00e9e de lecture estim\u00e9e\" \/>\n\t<meta name=\"twitter:data1\" content=\"2 minutes\" \/>\n<script type=\"application\/ld+json\" class=\"yoast-schema-graph\">{\"@context\":\"https:\/\/schema.org\",\"@graph\":[{\"@type\":\"WebPage\",\"@id\":\"http:\/\/nam-viet-voyage.com\/fr\/victoria-nui-sam-lodge-chau-doc\/\",\"url\":\"http:\/\/nam-viet-voyage.com\/fr\/victoria-nui-sam-lodge-chau-doc\/\",\"name\":\"Victoria Nui Sam Lodge - Chau Doc - Nam Viet Voyage\",\"isPartOf\":{\"@id\":\"https:\/\/nam-viet-voyage.com\/#website\"},\"datePublished\":\"2015-10-29T04:33:47+00:00\",\"dateModified\":\"2016-05-25T07:44:52+00:00\",\"description\":\"\u00c0 l\u2019abri du tumulte de la ville, le Victoria Nui Sam Lodge dans le delta du M\u00e9kong, propose \u00e0 ses h\u00f4tes une exp\u00e9rience centr\u00e9e sur la sant\u00e9 et le bien-\u00eatre.\",\"breadcrumb\":{\"@id\":\"http:\/\/nam-viet-voyage.com\/fr\/victoria-nui-sam-lodge-chau-doc\/#breadcrumb\"},\"inLanguage\":\"fr-FR\",\"potentialAction\":[{\"@type\":\"ReadAction\",\"target\":[\"http:\/\/nam-viet-voyage.com\/fr\/victoria-nui-sam-lodge-chau-doc\/\"]}]},{\"@type\":\"BreadcrumbList\",\"@id\":\"http:\/\/nam-viet-voyage.com\/fr\/victoria-nui-sam-lodge-chau-doc\/#breadcrumb\",\"itemListElement\":[{\"@type\":\"ListItem\",\"position\":1,\"name\":\"Home\",\"item\":\"http:\/\/nam-viet-voyage.com\/fr\/\"},{\"@type\":\"ListItem\",\"position\":2,\"name\":\"Victoria Nui Sam Lodge &#8211; Chau Doc\"}]},{\"@type\":\"WebSite\",\"@id\":\"https:\/\/nam-viet-voyage.com\/#website\",\"url\":\"https:\/\/nam-viet-voyage.com\/\",\"name\":\"Nam Viet Voyage\",\"description\":\"Voyages en Asie du Sud-Est\",\"potentialAction\":[{\"@type\":\"SearchAction\",\"target\":{\"@type\":\"EntryPoint\",\"urlTemplate\":\"https:\/\/nam-viet-voyage.com\/?s={search_term_string}\"},\"query-input\":{\"@type\":\"PropertyValueSpecification\",\"valueRequired\":true,\"valueName\":\"search_term_string\"}}],\"inLanguage\":\"fr-FR\"}]}<\/script>\n<!-- \/ Yoast SEO plugin. -->","yoast_head_json":{"title":"Victoria Nui Sam Lodge - Chau Doc - Nam Viet Voyage","description":"\u00c0 l\u2019abri du tumulte de la ville, le Victoria Nui Sam Lodge dans le delta du M\u00e9kong, propose \u00e0 ses h\u00f4tes une exp\u00e9rience centr\u00e9e sur la sant\u00e9 et le bien-\u00eatre.","robots":{"index":"index","follow":"follow","max-snippet":"max-snippet:-1","max-image-preview":"max-image-preview:large","max-video-preview":"max-video-preview:-1"},"canonical":"http:\/\/nam-viet-voyage.com\/fr\/victoria-nui-sam-lodge-chau-doc\/","og_locale":"fr_FR","og_type":"article","og_title":"Victoria Nui Sam Lodge - Chau Doc - Nam Viet Voyage","og_description":"\u00c0 l\u2019abri du tumulte de la ville, le Victoria Nui Sam Lodge dans le delta du M\u00e9kong, propose \u00e0 ses h\u00f4tes une exp\u00e9rience centr\u00e9e sur la sant\u00e9 et le bien-\u00eatre.","og_url":"http:\/\/nam-viet-voyage.com\/fr\/victoria-nui-sam-lodge-chau-doc\/","og_site_name":"Nam Viet Voyage","article_publisher":"https:\/\/www.facebook.com\/NamVietVoyage","article_modified_time":"2016-05-25T07:44:52+00:00","twitter_card":"summary_large_image","twitter_site":"@NamVietVoyage","twitter_misc":{"Dur\u00e9e de lecture estim\u00e9e":"2 minutes"},"schema":{"@context":"https:\/\/schema.org","@graph":[{"@type":"WebPage","@id":"http:\/\/nam-viet-voyage.com\/fr\/victoria-nui-sam-lodge-chau-doc\/","url":"http:\/\/nam-viet-voyage.com\/fr\/victoria-nui-sam-lodge-chau-doc\/","name":"Victoria Nui Sam Lodge - Chau Doc - Nam Viet Voyage","isPartOf":{"@id":"https:\/\/nam-viet-voyage.com\/#website"},"datePublished":"2015-10-29T04:33:47+00:00","dateModified":"2016-05-25T07:44:52+00:00","description":"\u00c0 l\u2019abri du tumulte de la ville, le Victoria Nui Sam Lodge dans le delta du M\u00e9kong, propose \u00e0 ses h\u00f4tes une exp\u00e9rience centr\u00e9e sur la sant\u00e9 et le bien-\u00eatre.","breadcrumb":{"@id":"http:\/\/nam-viet-voyage.com\/fr\/victoria-nui-sam-lodge-chau-doc\/#breadcrumb"},"inLanguage":"fr-FR","potentialAction":[{"@type":"ReadAction","target":["http:\/\/nam-viet-voyage.com\/fr\/victoria-nui-sam-lodge-chau-doc\/"]}]},{"@type":"BreadcrumbList","@id":"http:\/\/nam-viet-voyage.com\/fr\/victoria-nui-sam-lodge-chau-doc\/#breadcrumb","itemListElement":[{"@type":"ListItem","position":1,"name":"Home","item":"http:\/\/nam-viet-voyage.com\/fr\/"},{"@type":"ListItem","position":2,"name":"Victoria Nui Sam Lodge &#8211; Chau Doc"}]},{"@type":"WebSite","@id":"https:\/\/nam-viet-voyage.com\/#website","url":"https:\/\/nam-viet-voyage.com\/","name":"Nam Viet Voyage","description":"Voyages en Asie du Sud-Est","potentialAction":[{"@type":"SearchAction","target":{"@type":"EntryPoint","urlTemplate":"https:\/\/nam-viet-voyage.com\/?s={search_term_string}"},"query-input":{"@type":"PropertyValueSpecification","valueRequired":true,"valueName":"search_term_string"}}],"inLanguage":"fr-FR"}]}},"_links":{"self":[{"href":"http:\/\/nam-viet-voyage.com\/fr\/wp-json\/wp\/v2\/pages\/9360","targetHints":{"allow":["GET"]}}],"collection":[{"href":"http:\/\/nam-viet-voyage.com\/fr\/wp-json\/wp\/v2\/pages"}],"about":[{"href":"http:\/\/nam-viet-voyage.com\/fr\/wp-json\/wp\/v2\/types\/page"}],"author":[{"embeddable":true,"href":"http:\/\/nam-viet-voyage.com\/fr\/wp-json\/wp\/v2\/users\/5"}],"replies":[{"embeddable":true,"href":"http:\/\/nam-viet-voyage.com\/fr\/wp-json\/wp\/v2\/comments?post=9360"}],"version-history":[{"count":5,"href":"http:\/\/nam-viet-voyage.com\/fr\/wp-json\/wp\/v2\/pages\/9360\/revisions"}],"predecessor-version":[{"id":11199,"href":"http:\/\/nam-viet-voyage.com\/fr\/wp-json\/wp\/v2\/pages\/9360\/revisions\/11199"}],"wp:attachment":[{"href":"http:\/\/nam-viet-voyage.com\/fr\/wp-json\/wp\/v2\/media?parent=9360"}],"curies":[{"name":"wp","href":"https:\/\/api.w.org\/{rel}","templated":true}]}}