{"id":9169,"date":"2015-10-01T04:19:46","date_gmt":"2015-10-01T04:19:46","guid":{"rendered":"http:\/\/nam-viet-voyage.com\/?page_id=9169"},"modified":"2016-07-13T05:05:11","modified_gmt":"2016-07-13T05:05:11","slug":"tour-moto-saigon-by-night","status":"publish","type":"page","link":"http:\/\/nam-viet-voyage.com\/fr\/tour-moto-saigon-by-night\/","title":{"rendered":"Saigon by Night"},"content":{"rendered":"<section class=\"l-section wpb_row height_medium\"><div class=\"l-section-h i-cf\"><div class=\"g-cols offset_small\"><div class=\" one-quarter\">[vc_wp_custommenu nav_menu=\u00a0\u00bb354&Prime; title=\u00a0\u00bbLes Tours Moto\u00a0\u00bb]<div class=\"w-iconbox iconpos_top size_small style_outlined color_primary\"><div class=\"w-iconbox-icon\"><i class=\"fa fa-phone\"><\/i><\/div><div class=\"w-iconbox-text\">+84 (0) 903024449<\/div><\/div>[vc_empty_space height=\u00a0\u00bb20px\u00a0\u00bb]<div class=\"w-iconbox iconpos_top size_small style_outlined color_primary\"><div class=\"w-iconbox-icon\"><i class=\"fa fa-envelope-o\"><\/i><\/div><div class=\"w-iconbox-text\">&#109;o&#x74;o&#x74;o&#x75;r&#x40;n&#x61;m&#x2d;&#118;&#x69;&#101;t&#45;v&#x6f;y&#x61;g&#x65;.&#x63;o&#x6d;<\/div><\/div><\/div><div class=\" three-quarters\">[vc_custom_heading text=\u00a0\u00bbSaigon by Night\u00a0\u00bb font_container=\u00a0\u00bbtag:h2|text_align:center\u00a0\u00bb google_fonts=\u00a0\u00bbfont_family:Nothing%20You%20Could%20Do%3Aregular|font_style:400%20regular%3A400%3Anormal\u00a0\u00bb]<div class=\"wpb_text_column \"><div class=\"wpb_wrapper\">\n<div style=\"text-align: center;\"><iframe loading=\"lazy\" src=\"https:\/\/www.youtube.com\/embed\/2TA6kSeddDY\" width=\"600\" height=\"350\" frameborder=\"0\" allowfullscreen=\"allowfullscreen\"><\/iframe><\/div>\n<\/div> <\/div> [vc_empty_space height=\u00a0\u00bb40px\u00a0\u00bb]<div class=\"wpb_text_column \"><div class=\"wpb_wrapper\"><strong>Horaires du soir :<\/strong> 18:30 \u2013 21:30<\/p>\n<p><strong>Inclus :<\/strong> Chauffeur-guide, casque, assurance accident, bouteille d\u2019eau, d\u00eener de fruits de mer.<\/p>\n<p><strong>Exclus :<\/strong> Pourboires aux chauffeurs selon votre discr\u00e9tion, boissons non comprises pendant le repas.<\/p>\n<p><strong>Programme :<\/strong><\/p>\n<p>Il n\u2019y a pas de meilleur moment pour visiter H\u00f4 Chi Minh-Ville que le soir. La nuit amenant avec elle un peu de fra\u00eecheur, les rues se remplissent de marchands ambulants, de stands de street-food, de lumi\u00e8res multicolores et de foules joyeuses. L\u2019atmosph\u00e8re est indescriptible et incomparable. Saigon <em>by night<\/em> est une exp\u00e9rience \u00e0 vivre au moins une fois dans sa vie\u00a0!<\/p>\n<p>Apr\u00e8s un tour des incontournables du centre-ville comme la cath\u00e9drale, l\u2019op\u00e9ra et l\u2019avenue Nguyen Hue, nous nous perdrons dans les petites rues du district Binh Thanh, l\u2019un des plus grands de Saigon. Dans ces all\u00e9es secondaires, la vie vietnamienne bat son plein\u00a0: vendeurs de rue, street-food, \u00e9choppes proposant diff\u00e9rents services, maisons typiques, mais aussi pagodes bien cach\u00e9es et cours d\u2019arts martiaux tels que le <em>Nam Huynh Dao<\/em>. D\u00e9paysement garanti.<\/p>\n<p>Pour le d\u00eener, nous irons dans un restaurant local situ\u00e9 au bord de la rivi\u00e8re Saigon o\u00f9 vous d\u00e9gusterez des fruits de mer. Vous pourrez sans doute entendre le propri\u00e9taire jouer quelques morceaux vietnamiens sur sa guitare. Accompagnez- le au chant en fran\u00e7ais ou en anglais\u00a0!<\/p>\n<p>Nous poursuivrons l\u2019aventure sur le pont des amoureux\u00a0: offrant un superbe panorama sur le district 1, il est le lieu de rencontre pr\u00e9f\u00e9r\u00e9 des jeunes couples sa\u00efgonnais. N\u2019oubliez pas votre appareil photo\u00a0! Pour finir, nous roulerons \u00e0 travers le quartier japonais de la ville, plus connu sous le nom de Little Tokyo. Gr\u00e2ce \u00e0 ce tour, vous d\u00e9couvrirez les multiples facettes de l\u2019immense m\u00e9tropole du sud du Vietnam.<\/p>\n<\/div> <\/div> <div class=\"w-image  align_center\"><img loading=\"lazy\" decoding=\"async\" width=\"800\" height=\"358\" src=\"http:\/\/nam-viet-voyage.com\/wp-content\/uploads\/2015\/10\/moto-saigon-night-pola.jpg\" class=\"attachment-full size-full\" alt=\"polaroids tour moto saigon by night\" srcset=\"http:\/\/nam-viet-voyage.com\/wp-content\/uploads\/2015\/10\/moto-saigon-night-pola.jpg 800w, http:\/\/nam-viet-voyage.com\/wp-content\/uploads\/2015\/10\/moto-saigon-night-pola-300x134.jpg 300w, http:\/\/nam-viet-voyage.com\/wp-content\/uploads\/2015\/10\/moto-saigon-night-pola-600x269.jpg 600w, http:\/\/nam-viet-voyage.com\/wp-content\/uploads\/2015\/10\/moto-saigon-night-pola-150x67.jpg 150w\" sizes=\"auto, (max-width: 800px) 100vw, 800px\" \/><\/div><\/div><\/div><\/div><\/section>\n<p><a href=\"\/\/www.pinterest.com\/pin\/create\/button\/\" data-pin-do=\"buttonBookmark\" data-pin-color=\"red\" data-pin-height=\"128\"><img decoding=\"async\" src=\"\/\/assets.pinterest.com\/images\/pidgets\/pinit_fg_en_rect_red_28.png\" \/><\/a><\/p>","protected":false},"excerpt":{"rendered":"[vc_wp_custommenu nav_menu=\"354\" title=\"Les Tours Moto\"]+84 (0) 903024449[vc_empty_space height=\"20px\"]&#x6d;&#x6f;&#x74;&#x6f;&#x74;&#x6f;&#x75;&#x72;&#x40;&#x6e;&#x61;&#x6d;&#x2d;&#x76;&#105;&#101;&#116;&#45;&#118;&#111;yage.com[vc_custom_heading text=\"Saigon by Night\" font_container=\"tag:h2|text_align:center\" google_fonts=\"font_family:Nothing%20You%20Could%20Do%3Aregular|font_style:400%20regular%3A400%3Anormal\"] [vc_empty_space height=\"40px\"]Horaires du soir : 18:30 \u2013 21:30 Inclus : Chauffeur-guide, casque, assurance accident, bouteille d\u2019eau, d\u00eener...","protected":false},"author":5,"featured_media":9278,"parent":0,"menu_order":0,"comment_status":"closed","ping_status":"closed","template":"","meta":{"_crdt_document":"","footnotes":""},"class_list":["post-9169","page","type-page","status-publish","has-post-thumbnail","hentry"],"yoast_head":"<!-- This site is optimized with the Yoast SEO plugin v26.9 - https:\/\/yoast.com\/product\/yoast-seo-wordpress\/ -->\n<title>Saigon by Night - Nam Viet Voyage<\/title>\n<meta name=\"description\" content=\"Profitez de la fra\u00eecheur du soir pour d\u00e9couvrir Saigon by night, la splendeur de ses lumi\u00e8res, l&#039;activit\u00e9 de ses rues et son atmosph\u00e8re incroyable.\" \/>\n<meta name=\"robots\" content=\"index, follow, max-snippet:-1, max-image-preview:large, max-video-preview:-1\" \/>\n<link rel=\"canonical\" href=\"http:\/\/nam-viet-voyage.com\/fr\/tour-moto-saigon-by-night\/\" \/>\n<meta property=\"og:locale\" content=\"fr_FR\" \/>\n<meta property=\"og:type\" content=\"article\" \/>\n<meta property=\"og:title\" content=\"Saigon by Night - Nam Viet Voyage\" \/>\n<meta property=\"og:description\" content=\"Profitez de la fra\u00eecheur du soir pour d\u00e9couvrir Saigon by night, la splendeur de ses lumi\u00e8res, l&#039;activit\u00e9 de ses rues et son atmosph\u00e8re incroyable.\" \/>\n<meta property=\"og:url\" content=\"http:\/\/nam-viet-voyage.com\/fr\/tour-moto-saigon-by-night\/\" \/>\n<meta property=\"og:site_name\" content=\"Nam Viet Voyage\" \/>\n<meta property=\"article:publisher\" content=\"https:\/\/www.facebook.com\/NamVietVoyage\" \/>\n<meta property=\"article:modified_time\" content=\"2016-07-13T05:05:11+00:00\" \/>\n<meta property=\"og:image\" content=\"http:\/\/nam-viet-voyage.com\/wp-content\/uploads\/2015\/10\/saigon-by-night-fb.jpg\" \/>\n\t<meta property=\"og:image:width\" content=\"1200\" \/>\n\t<meta property=\"og:image:height\" content=\"627\" \/>\n\t<meta property=\"og:image:type\" content=\"image\/jpeg\" \/>\n<meta name=\"twitter:card\" content=\"summary_large_image\" \/>\n<meta name=\"twitter:site\" content=\"@NamVietVoyage\" \/>\n<meta name=\"twitter:label1\" content=\"Dur\u00e9e de lecture estim\u00e9e\" \/>\n\t<meta name=\"twitter:data1\" content=\"2 minutes\" \/>\n<script type=\"application\/ld+json\" class=\"yoast-schema-graph\">{\"@context\":\"https:\/\/schema.org\",\"@graph\":[{\"@type\":\"WebPage\",\"@id\":\"http:\/\/nam-viet-voyage.com\/fr\/tour-moto-saigon-by-night\/\",\"url\":\"http:\/\/nam-viet-voyage.com\/fr\/tour-moto-saigon-by-night\/\",\"name\":\"Saigon by Night - Nam Viet Voyage\",\"isPartOf\":{\"@id\":\"http:\/\/nam-viet-voyage.com\/fr\/#website\"},\"primaryImageOfPage\":{\"@id\":\"http:\/\/nam-viet-voyage.com\/fr\/tour-moto-saigon-by-night\/#primaryimage\"},\"image\":{\"@id\":\"http:\/\/nam-viet-voyage.com\/fr\/tour-moto-saigon-by-night\/#primaryimage\"},\"thumbnailUrl\":\"http:\/\/nam-viet-voyage.com\/wp-content\/uploads\/2015\/10\/saigon-by-night-fb.jpg\",\"datePublished\":\"2015-10-01T04:19:46+00:00\",\"dateModified\":\"2016-07-13T05:05:11+00:00\",\"description\":\"Profitez de la fra\u00eecheur du soir pour d\u00e9couvrir Saigon by night, la splendeur de ses lumi\u00e8res, l'activit\u00e9 de ses rues et son atmosph\u00e8re incroyable.\",\"breadcrumb\":{\"@id\":\"http:\/\/nam-viet-voyage.com\/fr\/tour-moto-saigon-by-night\/#breadcrumb\"},\"inLanguage\":\"fr-FR\",\"potentialAction\":[{\"@type\":\"ReadAction\",\"target\":[\"http:\/\/nam-viet-voyage.com\/fr\/tour-moto-saigon-by-night\/\"]}]},{\"@type\":\"ImageObject\",\"inLanguage\":\"fr-FR\",\"@id\":\"http:\/\/nam-viet-voyage.com\/fr\/tour-moto-saigon-by-night\/#primaryimage\",\"url\":\"http:\/\/nam-viet-voyage.com\/wp-content\/uploads\/2015\/10\/saigon-by-night-fb.jpg\",\"contentUrl\":\"http:\/\/nam-viet-voyage.com\/wp-content\/uploads\/2015\/10\/saigon-by-night-fb.jpg\",\"width\":1200,\"height\":627},{\"@type\":\"BreadcrumbList\",\"@id\":\"http:\/\/nam-viet-voyage.com\/fr\/tour-moto-saigon-by-night\/#breadcrumb\",\"itemListElement\":[{\"@type\":\"ListItem\",\"position\":1,\"name\":\"Home\",\"item\":\"http:\/\/nam-viet-voyage.com\/fr\/\"},{\"@type\":\"ListItem\",\"position\":2,\"name\":\"Saigon by Night\"}]},{\"@type\":\"WebSite\",\"@id\":\"http:\/\/nam-viet-voyage.com\/fr\/#website\",\"url\":\"http:\/\/nam-viet-voyage.com\/fr\/\",\"name\":\"Nam Viet Voyage\",\"description\":\"Voyages en Asie du Sud-Est\",\"potentialAction\":[{\"@type\":\"SearchAction\",\"target\":{\"@type\":\"EntryPoint\",\"urlTemplate\":\"http:\/\/nam-viet-voyage.com\/fr\/?s={search_term_string}\"},\"query-input\":{\"@type\":\"PropertyValueSpecification\",\"valueRequired\":true,\"valueName\":\"search_term_string\"}}],\"inLanguage\":\"fr-FR\"}]}<\/script>\n<!-- \/ Yoast SEO plugin. -->","yoast_head_json":{"title":"Saigon by Night - Nam Viet Voyage","description":"Profitez de la fra\u00eecheur du soir pour d\u00e9couvrir Saigon by night, la splendeur de ses lumi\u00e8res, l'activit\u00e9 de ses rues et son atmosph\u00e8re incroyable.","robots":{"index":"index","follow":"follow","max-snippet":"max-snippet:-1","max-image-preview":"max-image-preview:large","max-video-preview":"max-video-preview:-1"},"canonical":"http:\/\/nam-viet-voyage.com\/fr\/tour-moto-saigon-by-night\/","og_locale":"fr_FR","og_type":"article","og_title":"Saigon by Night - Nam Viet Voyage","og_description":"Profitez de la fra\u00eecheur du soir pour d\u00e9couvrir Saigon by night, la splendeur de ses lumi\u00e8res, l'activit\u00e9 de ses rues et son atmosph\u00e8re incroyable.","og_url":"http:\/\/nam-viet-voyage.com\/fr\/tour-moto-saigon-by-night\/","og_site_name":"Nam Viet Voyage","article_publisher":"https:\/\/www.facebook.com\/NamVietVoyage","article_modified_time":"2016-07-13T05:05:11+00:00","og_image":[{"width":1200,"height":627,"url":"http:\/\/nam-viet-voyage.com\/wp-content\/uploads\/2015\/10\/saigon-by-night-fb.jpg","type":"image\/jpeg"}],"twitter_card":"summary_large_image","twitter_site":"@NamVietVoyage","twitter_misc":{"Dur\u00e9e de lecture estim\u00e9e":"2 minutes"},"schema":{"@context":"https:\/\/schema.org","@graph":[{"@type":"WebPage","@id":"http:\/\/nam-viet-voyage.com\/fr\/tour-moto-saigon-by-night\/","url":"http:\/\/nam-viet-voyage.com\/fr\/tour-moto-saigon-by-night\/","name":"Saigon by Night - Nam Viet Voyage","isPartOf":{"@id":"http:\/\/nam-viet-voyage.com\/fr\/#website"},"primaryImageOfPage":{"@id":"http:\/\/nam-viet-voyage.com\/fr\/tour-moto-saigon-by-night\/#primaryimage"},"image":{"@id":"http:\/\/nam-viet-voyage.com\/fr\/tour-moto-saigon-by-night\/#primaryimage"},"thumbnailUrl":"http:\/\/nam-viet-voyage.com\/wp-content\/uploads\/2015\/10\/saigon-by-night-fb.jpg","datePublished":"2015-10-01T04:19:46+00:00","dateModified":"2016-07-13T05:05:11+00:00","description":"Profitez de la fra\u00eecheur du soir pour d\u00e9couvrir Saigon by night, la splendeur de ses lumi\u00e8res, l'activit\u00e9 de ses rues et son atmosph\u00e8re incroyable.","breadcrumb":{"@id":"http:\/\/nam-viet-voyage.com\/fr\/tour-moto-saigon-by-night\/#breadcrumb"},"inLanguage":"fr-FR","potentialAction":[{"@type":"ReadAction","target":["http:\/\/nam-viet-voyage.com\/fr\/tour-moto-saigon-by-night\/"]}]},{"@type":"ImageObject","inLanguage":"fr-FR","@id":"http:\/\/nam-viet-voyage.com\/fr\/tour-moto-saigon-by-night\/#primaryimage","url":"http:\/\/nam-viet-voyage.com\/wp-content\/uploads\/2015\/10\/saigon-by-night-fb.jpg","contentUrl":"http:\/\/nam-viet-voyage.com\/wp-content\/uploads\/2015\/10\/saigon-by-night-fb.jpg","width":1200,"height":627},{"@type":"BreadcrumbList","@id":"http:\/\/nam-viet-voyage.com\/fr\/tour-moto-saigon-by-night\/#breadcrumb","itemListElement":[{"@type":"ListItem","position":1,"name":"Home","item":"http:\/\/nam-viet-voyage.com\/fr\/"},{"@type":"ListItem","position":2,"name":"Saigon by Night"}]},{"@type":"WebSite","@id":"http:\/\/nam-viet-voyage.com\/fr\/#website","url":"http:\/\/nam-viet-voyage.com\/fr\/","name":"Nam Viet Voyage","description":"Voyages en Asie du Sud-Est","potentialAction":[{"@type":"SearchAction","target":{"@type":"EntryPoint","urlTemplate":"http:\/\/nam-viet-voyage.com\/fr\/?s={search_term_string}"},"query-input":{"@type":"PropertyValueSpecification","valueRequired":true,"valueName":"search_term_string"}}],"inLanguage":"fr-FR"}]}},"_links":{"self":[{"href":"http:\/\/nam-viet-voyage.com\/fr\/wp-json\/wp\/v2\/pages\/9169","targetHints":{"allow":["GET"]}}],"collection":[{"href":"http:\/\/nam-viet-voyage.com\/fr\/wp-json\/wp\/v2\/pages"}],"about":[{"href":"http:\/\/nam-viet-voyage.com\/fr\/wp-json\/wp\/v2\/types\/page"}],"author":[{"embeddable":true,"href":"http:\/\/nam-viet-voyage.com\/fr\/wp-json\/wp\/v2\/users\/5"}],"replies":[{"embeddable":true,"href":"http:\/\/nam-viet-voyage.com\/fr\/wp-json\/wp\/v2\/comments?post=9169"}],"version-history":[{"count":12,"href":"http:\/\/nam-viet-voyage.com\/fr\/wp-json\/wp\/v2\/pages\/9169\/revisions"}],"predecessor-version":[{"id":11413,"href":"http:\/\/nam-viet-voyage.com\/fr\/wp-json\/wp\/v2\/pages\/9169\/revisions\/11413"}],"wp:featuredmedia":[{"embeddable":true,"href":"http:\/\/nam-viet-voyage.com\/fr\/wp-json\/wp\/v2\/media\/9278"}],"wp:attachment":[{"href":"http:\/\/nam-viet-voyage.com\/fr\/wp-json\/wp\/v2\/media?parent=9169"}],"curies":[{"name":"wp","href":"https:\/\/api.w.org\/{rel}","templated":true}]}}