{"id":9163,"date":"2015-10-01T03:49:09","date_gmt":"2015-10-01T03:49:09","guid":{"rendered":"http:\/\/nam-viet-voyage.com\/?page_id=9163"},"modified":"2016-07-13T03:53:06","modified_gmt":"2016-07-13T03:53:06","slug":"tour-moto-rizieres-saigon-night","status":"publish","type":"page","link":"http:\/\/nam-viet-voyage.com\/fr\/tour-moto-rizieres-saigon-night\/","title":{"rendered":"Des rizi\u00e8res \u00e0 la ville lumi\u00e8re"},"content":{"rendered":"<section class=\"l-section wpb_row height_medium\"><div class=\"l-section-h i-cf\"><div class=\"g-cols offset_small\"><div class=\" one-quarter\">[vc_wp_custommenu nav_menu=\u00a0\u00bb354&Prime; title=\u00a0\u00bbLes Tours Moto\u00a0\u00bb]<div class=\"w-iconbox iconpos_top size_small style_outlined color_primary\"><div class=\"w-iconbox-icon\"><i class=\"fa fa-phone\"><\/i><\/div><div class=\"w-iconbox-text\">+84 (0) 903024449<\/div><\/div>[vc_empty_space height=\u00a0\u00bb20px\u00a0\u00bb]<div class=\"w-iconbox iconpos_top size_small style_outlined color_primary\"><div class=\"w-iconbox-icon\"><i class=\"fa fa-envelope-o\"><\/i><\/div><div class=\"w-iconbox-text\">&#x6d;&#x6f;&#x74;&#x6f;&#116;&#111;ur&#64;na&#x6d;&#x2d;&#x76;&#x69;&#x65;&#116;-voya&#x67;&#x65;&#x2e;&#x63;&#x6f;&#109;<\/div><\/div><\/div><div class=\" three-quarters\">[vc_custom_heading text=\u00a0\u00bbDes rizi\u00e8res \u00e0 la ville lumi\u00e8re\u00a0\u00bb font_container=\u00a0\u00bbtag:h2|text_align:center\u00a0\u00bb google_fonts=\u00a0\u00bbfont_family:Nothing%20You%20Could%20Do%3Aregular|font_style:400%20regular%3A400%3Anormal\u00a0\u00bb]<div class=\"wpb_text_column \"><div class=\"wpb_wrapper\">\n<div style=\"text-align: center;\"><iframe loading=\"lazy\" src=\"https:\/\/www.youtube.com\/embed\/2TA6kSeddDY\" width=\"600\" height=\"350\" frameborder=\"0\" allowfullscreen=\"allowfullscreen\"><\/iframe><\/div>\n<\/div> <\/div> [vc_empty_space height=\u00a0\u00bb40px\u00a0\u00bb]<div class=\"wpb_text_column \"><div class=\"wpb_wrapper\"><strong>Horaires de l\u2019apr\u00e8s-midi<\/strong> : 15:00 \u2013 20:30<\/p>\n<p><strong>Inclus :<\/strong> Chauffeur-guide, casque, tour en bicyclette, assurance accident, bouteille d\u2019eau, th\u00e9, noix de coco, d\u00eener de fruits de mer. Bonus\u00a0: surprise culinaire dans l\u2019apr\u00e8s-midi.<\/p>\n<p><strong>Exclus :<\/strong> Pourboires aux chauffeurs selon votre discr\u00e9tion, toute autre boisson non comprise dans le tour et le repas du soir.<\/p>\n<p><strong>Programme :<\/strong><\/p>\n<p>Si vous souhaitez d\u00e9couvrir H\u00f4 Chi Minh-Ville \u00e0 travers la beaut\u00e9 de tous ses contrastes, alors ce tour est fait pour vous. Durant cette demi-journ\u00e9e, vous aurez l\u2019opportunit\u00e9 de d\u00e9couvrir la campagne sa\u00efgonnaise et sa vie locale. Vous rencontrerez une famille vietnamienne qui vous emm\u00e8nera marcher dans les rizi\u00e8res, et vous prom\u00e8nerez le long des champs de lotus. En esp\u00e9rant que cette balade vous aura ouvert l\u2019app\u00e9tit, vous d\u00e9gusterez des fruits de mer dans un restaurant familial qui en a fait sa sp\u00e9cialit\u00e9. Avec un peu de chance, le propri\u00e9taire grattera quelques accords \u00e0 la guitare. Une ambiance chaleureuse, une atmosph\u00e8re magique, hors du tumulte de Saigon.<\/p>\n<p>Apr\u00e8s cette halte gastronomique, nous vous emm\u00e8nerons dans le c\u0153ur de l\u2019immense m\u00e9tropole, au meilleur moment de la journ\u00e9e\u00a0: le soir. Vous pourrez admirer le panorama sur <em>Saigon by night<\/em>, ainsi que les jeunes tourtereaux en plein rendez-vous galant sur le pont des amoureux, sur lequel vous vous arr\u00eaterez quelques instants. Puis vous filerez vers le centre-ville pour d\u00e9couvrir les plus beaux monuments par\u00e9s de leurs atours lumineux. Vous passerez aussi \u00e0 travers les rues populaires o\u00f9 les stands de rue et les bars improvis\u00e9s se succ\u00e8dent sur le trottoir.<\/p>\n<\/div> <\/div> <div class=\"w-image  align_center\"><img loading=\"lazy\" decoding=\"async\" width=\"800\" height=\"404\" src=\"http:\/\/nam-viet-voyage.com\/wp-content\/uploads\/2015\/10\/moto-saigon-rizieres-ville-lumiere.jpg\" class=\"attachment-full size-full\" alt=\"polaroids tour moto rizieres \u00e0 la ville lumiere\" srcset=\"http:\/\/nam-viet-voyage.com\/wp-content\/uploads\/2015\/10\/moto-saigon-rizieres-ville-lumiere.jpg 800w, http:\/\/nam-viet-voyage.com\/wp-content\/uploads\/2015\/10\/moto-saigon-rizieres-ville-lumiere-300x152.jpg 300w, http:\/\/nam-viet-voyage.com\/wp-content\/uploads\/2015\/10\/moto-saigon-rizieres-ville-lumiere-600x303.jpg 600w, http:\/\/nam-viet-voyage.com\/wp-content\/uploads\/2015\/10\/moto-saigon-rizieres-ville-lumiere-150x76.jpg 150w\" sizes=\"auto, (max-width: 800px) 100vw, 800px\" \/><\/div><\/div><\/div><\/div><\/section>\n<p><a href=\"\/\/www.pinterest.com\/pin\/create\/button\/\" data-pin-do=\"buttonBookmark\" data-pin-color=\"red\" data-pin-height=\"128\"><img decoding=\"async\" src=\"\/\/assets.pinterest.com\/images\/pidgets\/pinit_fg_en_rect_red_28.png\" \/><\/a><\/p>","protected":false},"excerpt":{"rendered":"[vc_wp_custommenu nav_menu=\"354\" title=\"Les Tours Moto\"]+84 (0) 903024449[vc_empty_space height=\"20px\"]&#x6d;&#x6f;&#116;oto&#x75;&#x72;&#x40;&#110;am&#x2d;&#x76;&#x69;&#101;t-&#x76;&#x6f;&#x79;&#97;ge&#x2e;&#x63;&#x6f;&#109;[vc_custom_heading text=\"Des rizi\u00e8res \u00e0 la ville lumi\u00e8re\" font_container=\"tag:h2|text_align:center\" google_fonts=\"font_family:Nothing%20You%20Could%20Do%3Aregular|font_style:400%20regular%3A400%3Anormal\"] [vc_empty_space height=\"40px\"]Horaires de l\u2019apr\u00e8s-midi : 15:00 \u2013 20:30 Inclus : Chauffeur-guide, casque, tour en...","protected":false},"author":5,"featured_media":9276,"parent":0,"menu_order":0,"comment_status":"closed","ping_status":"closed","template":"","meta":{"_crdt_document":"","footnotes":""},"class_list":["post-9163","page","type-page","status-publish","has-post-thumbnail","hentry"],"yoast_head":"<!-- This site is optimized with the Yoast SEO plugin v27.4 - https:\/\/yoast.com\/product\/yoast-seo-wordpress\/ -->\n<title>Des rizi\u00e8res \u00e0 la ville lumi\u00e8re - Nam Viet Voyage<\/title>\n<meta name=\"description\" content=\"D\u00e9couvrez les contrastes de Saigon avec ce tour moto qui vous emm\u00e8nera des rizi\u00e8res traditionnelles aux lumi\u00e8res de la ville by night.\" \/>\n<meta name=\"robots\" content=\"index, follow, max-snippet:-1, max-image-preview:large, max-video-preview:-1\" \/>\n<link rel=\"canonical\" href=\"https:\/\/nam-viet-voyage.com\/fr\/tour-moto-rizieres-saigon-night\/\" \/>\n<meta property=\"og:locale\" content=\"fr_FR\" \/>\n<meta property=\"og:type\" content=\"article\" \/>\n<meta property=\"og:title\" content=\"Des rizi\u00e8res \u00e0 la ville lumi\u00e8re - Nam Viet Voyage\" \/>\n<meta property=\"og:description\" content=\"D\u00e9couvrez les contrastes de Saigon avec ce tour moto qui vous emm\u00e8nera des rizi\u00e8res traditionnelles aux lumi\u00e8res de la ville by night.\" \/>\n<meta property=\"og:url\" content=\"https:\/\/nam-viet-voyage.com\/fr\/tour-moto-rizieres-saigon-night\/\" \/>\n<meta property=\"og:site_name\" content=\"Nam Viet Voyage\" \/>\n<meta property=\"article:publisher\" content=\"https:\/\/www.facebook.com\/NamVietVoyage\" \/>\n<meta property=\"article:modified_time\" content=\"2016-07-13T03:53:06+00:00\" \/>\n<meta property=\"og:image\" content=\"https:\/\/nam-viet-voyage.com\/wp-content\/uploads\/2015\/10\/paddy-fields-electric-city-fb-2.jpg\" \/>\n\t<meta property=\"og:image:width\" content=\"1200\" \/>\n\t<meta property=\"og:image:height\" content=\"627\" \/>\n\t<meta property=\"og:image:type\" content=\"image\/jpeg\" \/>\n<meta name=\"twitter:card\" content=\"summary_large_image\" \/>\n<meta name=\"twitter:site\" content=\"@NamVietVoyage\" \/>\n<meta name=\"twitter:label1\" content=\"Dur\u00e9e de lecture estim\u00e9e\" \/>\n\t<meta name=\"twitter:data1\" content=\"2 minutes\" \/>\n<script type=\"application\/ld+json\" class=\"yoast-schema-graph\">{\"@context\":\"https:\\\/\\\/schema.org\",\"@graph\":[{\"@type\":\"WebPage\",\"@id\":\"https:\\\/\\\/nam-viet-voyage.com\\\/fr\\\/tour-moto-rizieres-saigon-night\\\/\",\"url\":\"https:\\\/\\\/nam-viet-voyage.com\\\/fr\\\/tour-moto-rizieres-saigon-night\\\/\",\"name\":\"Des rizi\u00e8res \u00e0 la ville lumi\u00e8re - Nam Viet Voyage\",\"isPartOf\":{\"@id\":\"http:\\\/\\\/nam-viet-voyage.com\\\/#website\"},\"primaryImageOfPage\":{\"@id\":\"https:\\\/\\\/nam-viet-voyage.com\\\/fr\\\/tour-moto-rizieres-saigon-night\\\/#primaryimage\"},\"image\":{\"@id\":\"https:\\\/\\\/nam-viet-voyage.com\\\/fr\\\/tour-moto-rizieres-saigon-night\\\/#primaryimage\"},\"thumbnailUrl\":\"http:\\\/\\\/nam-viet-voyage.com\\\/wp-content\\\/uploads\\\/2015\\\/10\\\/paddy-fields-electric-city-fb-2.jpg\",\"datePublished\":\"2015-10-01T03:49:09+00:00\",\"dateModified\":\"2016-07-13T03:53:06+00:00\",\"description\":\"D\u00e9couvrez les contrastes de Saigon avec ce tour moto qui vous emm\u00e8nera des rizi\u00e8res traditionnelles aux lumi\u00e8res de la ville by night.\",\"breadcrumb\":{\"@id\":\"https:\\\/\\\/nam-viet-voyage.com\\\/fr\\\/tour-moto-rizieres-saigon-night\\\/#breadcrumb\"},\"inLanguage\":\"fr-FR\",\"potentialAction\":[{\"@type\":\"ReadAction\",\"target\":[\"https:\\\/\\\/nam-viet-voyage.com\\\/fr\\\/tour-moto-rizieres-saigon-night\\\/\"]}]},{\"@type\":\"ImageObject\",\"inLanguage\":\"fr-FR\",\"@id\":\"https:\\\/\\\/nam-viet-voyage.com\\\/fr\\\/tour-moto-rizieres-saigon-night\\\/#primaryimage\",\"url\":\"http:\\\/\\\/nam-viet-voyage.com\\\/wp-content\\\/uploads\\\/2015\\\/10\\\/paddy-fields-electric-city-fb-2.jpg\",\"contentUrl\":\"http:\\\/\\\/nam-viet-voyage.com\\\/wp-content\\\/uploads\\\/2015\\\/10\\\/paddy-fields-electric-city-fb-2.jpg\",\"width\":1200,\"height\":627},{\"@type\":\"BreadcrumbList\",\"@id\":\"https:\\\/\\\/nam-viet-voyage.com\\\/fr\\\/tour-moto-rizieres-saigon-night\\\/#breadcrumb\",\"itemListElement\":[{\"@type\":\"ListItem\",\"position\":1,\"name\":\"Home\",\"item\":\"https:\\\/\\\/nam-viet-voyage.com\\\/fr\\\/\"},{\"@type\":\"ListItem\",\"position\":2,\"name\":\"Des rizi\u00e8res \u00e0 la ville lumi\u00e8re\"}]},{\"@type\":\"WebSite\",\"@id\":\"http:\\\/\\\/nam-viet-voyage.com\\\/#website\",\"url\":\"http:\\\/\\\/nam-viet-voyage.com\\\/\",\"name\":\"Nam Viet Voyage\",\"description\":\"Voyages en Asie du Sud-Est\",\"potentialAction\":[{\"@type\":\"SearchAction\",\"target\":{\"@type\":\"EntryPoint\",\"urlTemplate\":\"http:\\\/\\\/nam-viet-voyage.com\\\/?s={search_term_string}\"},\"query-input\":{\"@type\":\"PropertyValueSpecification\",\"valueRequired\":true,\"valueName\":\"search_term_string\"}}],\"inLanguage\":\"fr-FR\"}]}<\/script>\n<!-- \/ Yoast SEO plugin. -->","yoast_head_json":{"title":"Des rizi\u00e8res \u00e0 la ville lumi\u00e8re - Nam Viet Voyage","description":"D\u00e9couvrez les contrastes de Saigon avec ce tour moto qui vous emm\u00e8nera des rizi\u00e8res traditionnelles aux lumi\u00e8res de la ville by night.","robots":{"index":"index","follow":"follow","max-snippet":"max-snippet:-1","max-image-preview":"max-image-preview:large","max-video-preview":"max-video-preview:-1"},"canonical":"https:\/\/nam-viet-voyage.com\/fr\/tour-moto-rizieres-saigon-night\/","og_locale":"fr_FR","og_type":"article","og_title":"Des rizi\u00e8res \u00e0 la ville lumi\u00e8re - Nam Viet Voyage","og_description":"D\u00e9couvrez les contrastes de Saigon avec ce tour moto qui vous emm\u00e8nera des rizi\u00e8res traditionnelles aux lumi\u00e8res de la ville by night.","og_url":"https:\/\/nam-viet-voyage.com\/fr\/tour-moto-rizieres-saigon-night\/","og_site_name":"Nam Viet Voyage","article_publisher":"https:\/\/www.facebook.com\/NamVietVoyage","article_modified_time":"2016-07-13T03:53:06+00:00","og_image":[{"width":1200,"height":627,"url":"https:\/\/nam-viet-voyage.com\/wp-content\/uploads\/2015\/10\/paddy-fields-electric-city-fb-2.jpg","type":"image\/jpeg"}],"twitter_card":"summary_large_image","twitter_site":"@NamVietVoyage","twitter_misc":{"Dur\u00e9e de lecture estim\u00e9e":"2 minutes"},"schema":{"@context":"https:\/\/schema.org","@graph":[{"@type":"WebPage","@id":"https:\/\/nam-viet-voyage.com\/fr\/tour-moto-rizieres-saigon-night\/","url":"https:\/\/nam-viet-voyage.com\/fr\/tour-moto-rizieres-saigon-night\/","name":"Des rizi\u00e8res \u00e0 la ville lumi\u00e8re - Nam Viet Voyage","isPartOf":{"@id":"http:\/\/nam-viet-voyage.com\/#website"},"primaryImageOfPage":{"@id":"https:\/\/nam-viet-voyage.com\/fr\/tour-moto-rizieres-saigon-night\/#primaryimage"},"image":{"@id":"https:\/\/nam-viet-voyage.com\/fr\/tour-moto-rizieres-saigon-night\/#primaryimage"},"thumbnailUrl":"http:\/\/nam-viet-voyage.com\/wp-content\/uploads\/2015\/10\/paddy-fields-electric-city-fb-2.jpg","datePublished":"2015-10-01T03:49:09+00:00","dateModified":"2016-07-13T03:53:06+00:00","description":"D\u00e9couvrez les contrastes de Saigon avec ce tour moto qui vous emm\u00e8nera des rizi\u00e8res traditionnelles aux lumi\u00e8res de la ville by night.","breadcrumb":{"@id":"https:\/\/nam-viet-voyage.com\/fr\/tour-moto-rizieres-saigon-night\/#breadcrumb"},"inLanguage":"fr-FR","potentialAction":[{"@type":"ReadAction","target":["https:\/\/nam-viet-voyage.com\/fr\/tour-moto-rizieres-saigon-night\/"]}]},{"@type":"ImageObject","inLanguage":"fr-FR","@id":"https:\/\/nam-viet-voyage.com\/fr\/tour-moto-rizieres-saigon-night\/#primaryimage","url":"http:\/\/nam-viet-voyage.com\/wp-content\/uploads\/2015\/10\/paddy-fields-electric-city-fb-2.jpg","contentUrl":"http:\/\/nam-viet-voyage.com\/wp-content\/uploads\/2015\/10\/paddy-fields-electric-city-fb-2.jpg","width":1200,"height":627},{"@type":"BreadcrumbList","@id":"https:\/\/nam-viet-voyage.com\/fr\/tour-moto-rizieres-saigon-night\/#breadcrumb","itemListElement":[{"@type":"ListItem","position":1,"name":"Home","item":"https:\/\/nam-viet-voyage.com\/fr\/"},{"@type":"ListItem","position":2,"name":"Des rizi\u00e8res \u00e0 la ville lumi\u00e8re"}]},{"@type":"WebSite","@id":"http:\/\/nam-viet-voyage.com\/#website","url":"http:\/\/nam-viet-voyage.com\/","name":"Nam Viet Voyage","description":"Voyages en Asie du Sud-Est","potentialAction":[{"@type":"SearchAction","target":{"@type":"EntryPoint","urlTemplate":"http:\/\/nam-viet-voyage.com\/?s={search_term_string}"},"query-input":{"@type":"PropertyValueSpecification","valueRequired":true,"valueName":"search_term_string"}}],"inLanguage":"fr-FR"}]}},"_links":{"self":[{"href":"http:\/\/nam-viet-voyage.com\/fr\/wp-json\/wp\/v2\/pages\/9163","targetHints":{"allow":["GET"]}}],"collection":[{"href":"http:\/\/nam-viet-voyage.com\/fr\/wp-json\/wp\/v2\/pages"}],"about":[{"href":"http:\/\/nam-viet-voyage.com\/fr\/wp-json\/wp\/v2\/types\/page"}],"author":[{"embeddable":true,"href":"http:\/\/nam-viet-voyage.com\/fr\/wp-json\/wp\/v2\/users\/5"}],"replies":[{"embeddable":true,"href":"http:\/\/nam-viet-voyage.com\/fr\/wp-json\/wp\/v2\/comments?post=9163"}],"version-history":[{"count":11,"href":"http:\/\/nam-viet-voyage.com\/fr\/wp-json\/wp\/v2\/pages\/9163\/revisions"}],"predecessor-version":[{"id":11407,"href":"http:\/\/nam-viet-voyage.com\/fr\/wp-json\/wp\/v2\/pages\/9163\/revisions\/11407"}],"wp:featuredmedia":[{"embeddable":true,"href":"http:\/\/nam-viet-voyage.com\/fr\/wp-json\/wp\/v2\/media\/9276"}],"wp:attachment":[{"href":"http:\/\/nam-viet-voyage.com\/fr\/wp-json\/wp\/v2\/media?parent=9163"}],"curies":[{"name":"wp","href":"https:\/\/api.w.org\/{rel}","templated":true}]}}