{"id":9157,"date":"2015-10-01T03:34:32","date_gmt":"2015-10-01T03:34:32","guid":{"rendered":"http:\/\/nam-viet-voyage.com\/?page_id=9157"},"modified":"2016-07-13T05:03:50","modified_gmt":"2016-07-13T05:03:50","slug":"tour-moto-velo-decouverte-little-mekong-delta","status":"publish","type":"page","link":"http:\/\/nam-viet-voyage.com\/fr\/tour-moto-velo-decouverte-little-mekong-delta\/","title":{"rendered":"\u00c0 la d\u00e9couverte du \u00ab\u00a0Little Mekong Delta\u00a0\u00bb"},"content":{"rendered":"<section class=\"l-section wpb_row height_medium\"><div class=\"l-section-h i-cf\"><div class=\"g-cols offset_small\"><div class=\" one-quarter\">[vc_wp_custommenu nav_menu=\u00a0\u00bb354&Prime; title=\u00a0\u00bbLes Tours Moto\u00a0\u00bb]<div class=\"w-iconbox iconpos_top size_small style_outlined color_primary\"><div class=\"w-iconbox-icon\"><i class=\"fa fa-phone\"><\/i><\/div><div class=\"w-iconbox-text\">+84 (0) 903024449<\/div><\/div>[vc_empty_space height=\u00a0\u00bb20px\u00a0\u00bb]<div class=\"w-iconbox iconpos_top size_small style_outlined color_primary\"><div class=\"w-iconbox-icon\"><i class=\"fa fa-envelope-o\"><\/i><\/div><div class=\"w-iconbox-text\">m&#x6f;&#x74;o&#x74;&#x6f;u&#x72;&#x40;n&#x61;&#x6d;-&#x76;&#x69;e&#x74;&#x2d;v&#x6f;&#x79;a&#x67;&#x65;.&#x63;&#x6f;m<\/div><\/div><\/div><div class=\" three-quarters\">[vc_custom_heading text=\u00a0\u00bb\u00c0 la d\u00e9couverte de \u00ab\u00a0Little Mekong Delta\u00ab\u00a0\u00a0\u00bb font_container=\u00a0\u00bbtag:h2|text_align:center\u00a0\u00bb google_fonts=\u00a0\u00bbfont_family:Nothing%20You%20Could%20Do%3Aregular|font_style:400%20regular%3A400%3Anormal\u00a0\u00bb]<div class=\"wpb_text_column \"><div class=\"wpb_wrapper\">\n<div style=\"text-align: center;\"><iframe loading=\"lazy\" src=\"https:\/\/www.youtube.com\/embed\/2TA6kSeddDY\" width=\"600\" height=\"350\" frameborder=\"0\" allowfullscreen=\"allowfullscreen\"><\/iframe><\/div>\n<\/div> <\/div> [vc_empty_space height=\u00a0\u00bb40px\u00a0\u00bb]<div class=\"wpb_text_column \"><div class=\"wpb_wrapper\"><strong>Horaires du matin :<\/strong> 09:00 \u2013 13:00<\/p>\n<p><strong>Inclus :<\/strong> Chauffeur-guide, casque, tour en bicyclette, assurance accident, bouteille d\u2019eau, th\u00e9, noix de coco, d\u00e9jeuner (midi). Bonus\u00a0: surprise culinaire dans la matin\u00e9e.<\/p>\n<p><strong>Exclus :<\/strong> Pourboires aux chauffeurs selon votre discr\u00e9tion, toute autre boisson non comprise dans le tour et le repas du d\u00e9jeuner.<\/p>\n<p><strong>Programme\u00a0:<\/strong><\/p>\n<p>Avec ce tour, nous vous r\u00e9v\u00e9lons le secret le mieux gard\u00e9 de Saigon\u2026 Saviez-vous qu\u2019au c\u0153ur de cette immense ville en \u00e9bullition permanente se trouve un coin de campagne o\u00f9 la vie locale est la m\u00eame que dans le delta du M\u00e9kong\u00a0?<\/p>\n<p>Au d\u00e9part du centre le matin, vous vous arr\u00eaterez au march\u00e9 pour acheter des fruits, puis vous descendrez de la moto et enfourcherez une bicyclette pour rouler \u00e0 travers \u00ab\u00a0Little Mekong Delta\u00a0\u00bb. Vous d\u00e9couvrirez la vie locale des habitants, et emprunterez des petits chemins comme on en voit dans le delta.<\/p>\n<p>Dans la matin\u00e9e, vous vous arr\u00eaterez prendre le th\u00e9 dans une maison vietnamienne. Vous rencontrerez les propri\u00e9taires et aurez l\u2019occasion d\u2019\u00e9changer avec eux. Vous laisserez les v\u00e9los et suivrez votre h\u00f4te \u00e0 travers les rizi\u00e8res. Il vous conduira jusqu\u2019\u00e0 un autel o\u00f9 vous d\u00e9poserez des offrandes aux \u00e2mes errantes.<\/p>\n<p>Pour finir, vous irez d\u00e9jeuner chez Madame Nhung. Dans son charmant restaurant situ\u00e9 au bord de la rivi\u00e8re Saigon, elle vous fera d\u00e9couvrir les sp\u00e9cialit\u00e9s culinaires du sud du Vietnam. Nems, l\u00e9gumes grill\u00e9s, fondue de poisson, viande en sauce et autres d\u00e9lices r\u00e9galeront vos papilles.<\/p>\n<\/div> <\/div> <div class=\"wpb_text_column \"><div class=\"wpb_wrapper\">\n<div style=\"text-align: center;\"><iframe loading=\"lazy\" src=\"https:\/\/www.youtube.com\/embed\/CAhYgYLNCZo\" width=\"600\" height=\"350\" frameborder=\"0\" allowfullscreen=\"allowfullscreen\"><\/iframe><\/div>\n<\/div> <\/div> <div class=\"w-image  align_center\"><img loading=\"lazy\" decoding=\"async\" width=\"800\" height=\"356\" src=\"http:\/\/nam-viet-voyage.com\/wp-content\/uploads\/2015\/10\/saigon-little-mekong-delta.jpg\" class=\"attachment-full size-full\" alt=\"polaroids decouverte Little Mekong Delta\" srcset=\"http:\/\/nam-viet-voyage.com\/wp-content\/uploads\/2015\/10\/saigon-little-mekong-delta.jpg 800w, http:\/\/nam-viet-voyage.com\/wp-content\/uploads\/2015\/10\/saigon-little-mekong-delta-300x134.jpg 300w, http:\/\/nam-viet-voyage.com\/wp-content\/uploads\/2015\/10\/saigon-little-mekong-delta-600x267.jpg 600w, http:\/\/nam-viet-voyage.com\/wp-content\/uploads\/2015\/10\/saigon-little-mekong-delta-150x67.jpg 150w\" sizes=\"auto, (max-width: 800px) 100vw, 800px\" \/><\/div><\/div><\/div><\/div><\/section>\n<p><a href=\"\/\/www.pinterest.com\/pin\/create\/button\/\" data-pin-do=\"buttonBookmark\" data-pin-color=\"red\" data-pin-height=\"128\"><img decoding=\"async\" src=\"\/\/assets.pinterest.com\/images\/pidgets\/pinit_fg_en_rect_red_28.png\" \/><\/a><\/p>","protected":false},"excerpt":{"rendered":"[vc_wp_custommenu nav_menu=\"354\" title=\"Les Tours Moto\"]+84 (0) 903024449[vc_empty_space height=\"20px\"]&#x6d;ot&#x6f;&#116;o&#x75;&#114;&#64;&#x6e;&#97;m&#x2d;&#118;i&#x65;&#x74;-&#x76;&#x6f;y&#x61;&#x67;e&#x2e;&#x63;om[vc_custom_heading text=\"\u00c0 la d\u00e9couverte de ``Little Mekong Delta``\" font_container=\"tag:h2|text_align:center\" google_fonts=\"font_family:Nothing%20You%20Could%20Do%3Aregular|font_style:400%20regular%3A400%3Anormal\"] [vc_empty_space height=\"40px\"]Horaires du matin : 09:00 \u2013 13:00 Inclus : Chauffeur-guide, casque, tour...","protected":false},"author":5,"featured_media":9267,"parent":0,"menu_order":0,"comment_status":"closed","ping_status":"closed","template":"","meta":{"_crdt_document":"","footnotes":""},"class_list":["post-9157","page","type-page","status-publish","has-post-thumbnail","hentry"],"yoast_head":"<!-- This site is optimized with the Yoast SEO plugin v26.9 - https:\/\/yoast.com\/product\/yoast-seo-wordpress\/ -->\n<title>\u00c0 la d\u00e9couverte du &quot;Little Mekong Delta&quot; - Nam Viet Voyage<\/title>\n<meta name=\"description\" content=\"\u00c0 v\u00e9lo et en moto, baladez-vous dans le coin le plus authentique de Saigon, au c\u0153ur des rizi\u00e8res du Little Mekong Delta o\u00f9 la vie demeure traditionnelle.\" \/>\n<meta name=\"robots\" content=\"index, follow, max-snippet:-1, max-image-preview:large, max-video-preview:-1\" \/>\n<link rel=\"canonical\" href=\"http:\/\/nam-viet-voyage.com\/fr\/tour-moto-velo-decouverte-little-mekong-delta\/\" \/>\n<meta property=\"og:locale\" content=\"fr_FR\" \/>\n<meta property=\"og:type\" content=\"article\" \/>\n<meta property=\"og:title\" content=\"\u00c0 la d\u00e9couverte du &quot;Little Mekong Delta&quot; - Nam Viet Voyage\" \/>\n<meta property=\"og:description\" content=\"\u00c0 v\u00e9lo et en moto, baladez-vous dans le coin le plus authentique de Saigon, au c\u0153ur des rizi\u00e8res du Little Mekong Delta o\u00f9 la vie demeure traditionnelle.\" \/>\n<meta property=\"og:url\" content=\"http:\/\/nam-viet-voyage.com\/fr\/tour-moto-velo-decouverte-little-mekong-delta\/\" \/>\n<meta property=\"og:site_name\" content=\"Nam Viet Voyage\" \/>\n<meta property=\"article:publisher\" content=\"https:\/\/www.facebook.com\/NamVietVoyage\" \/>\n<meta property=\"article:modified_time\" content=\"2016-07-13T05:03:50+00:00\" \/>\n<meta property=\"og:image\" content=\"http:\/\/nam-viet-voyage.com\/wp-content\/uploads\/2015\/10\/little-mekong-delta-fb.jpg\" \/>\n\t<meta property=\"og:image:width\" content=\"1200\" \/>\n\t<meta property=\"og:image:height\" content=\"627\" \/>\n\t<meta property=\"og:image:type\" content=\"image\/jpeg\" \/>\n<meta name=\"twitter:card\" content=\"summary_large_image\" \/>\n<meta name=\"twitter:site\" content=\"@NamVietVoyage\" \/>\n<meta name=\"twitter:label1\" content=\"Dur\u00e9e de lecture estim\u00e9e\" \/>\n\t<meta name=\"twitter:data1\" content=\"2 minutes\" \/>\n<script type=\"application\/ld+json\" class=\"yoast-schema-graph\">{\"@context\":\"https:\/\/schema.org\",\"@graph\":[{\"@type\":\"WebPage\",\"@id\":\"http:\/\/nam-viet-voyage.com\/fr\/tour-moto-velo-decouverte-little-mekong-delta\/\",\"url\":\"http:\/\/nam-viet-voyage.com\/fr\/tour-moto-velo-decouverte-little-mekong-delta\/\",\"name\":\"\u00c0 la d\u00e9couverte du \\\"Little Mekong Delta\\\" - Nam Viet Voyage\",\"isPartOf\":{\"@id\":\"https:\/\/nam-viet-voyage.com\/#website\"},\"primaryImageOfPage\":{\"@id\":\"http:\/\/nam-viet-voyage.com\/fr\/tour-moto-velo-decouverte-little-mekong-delta\/#primaryimage\"},\"image\":{\"@id\":\"http:\/\/nam-viet-voyage.com\/fr\/tour-moto-velo-decouverte-little-mekong-delta\/#primaryimage\"},\"thumbnailUrl\":\"http:\/\/nam-viet-voyage.com\/wp-content\/uploads\/2015\/10\/little-mekong-delta-fb.jpg\",\"datePublished\":\"2015-10-01T03:34:32+00:00\",\"dateModified\":\"2016-07-13T05:03:50+00:00\",\"description\":\"\u00c0 v\u00e9lo et en moto, baladez-vous dans le coin le plus authentique de Saigon, au c\u0153ur des rizi\u00e8res du Little Mekong Delta o\u00f9 la vie demeure traditionnelle.\",\"breadcrumb\":{\"@id\":\"http:\/\/nam-viet-voyage.com\/fr\/tour-moto-velo-decouverte-little-mekong-delta\/#breadcrumb\"},\"inLanguage\":\"fr-FR\",\"potentialAction\":[{\"@type\":\"ReadAction\",\"target\":[\"http:\/\/nam-viet-voyage.com\/fr\/tour-moto-velo-decouverte-little-mekong-delta\/\"]}]},{\"@type\":\"ImageObject\",\"inLanguage\":\"fr-FR\",\"@id\":\"http:\/\/nam-viet-voyage.com\/fr\/tour-moto-velo-decouverte-little-mekong-delta\/#primaryimage\",\"url\":\"http:\/\/nam-viet-voyage.com\/wp-content\/uploads\/2015\/10\/little-mekong-delta-fb.jpg\",\"contentUrl\":\"http:\/\/nam-viet-voyage.com\/wp-content\/uploads\/2015\/10\/little-mekong-delta-fb.jpg\",\"width\":1200,\"height\":627},{\"@type\":\"BreadcrumbList\",\"@id\":\"http:\/\/nam-viet-voyage.com\/fr\/tour-moto-velo-decouverte-little-mekong-delta\/#breadcrumb\",\"itemListElement\":[{\"@type\":\"ListItem\",\"position\":1,\"name\":\"Home\",\"item\":\"http:\/\/nam-viet-voyage.com\/fr\/\"},{\"@type\":\"ListItem\",\"position\":2,\"name\":\"\u00c0 la d\u00e9couverte du \u00ab\u00a0Little Mekong Delta\u00a0\u00bb\"}]},{\"@type\":\"WebSite\",\"@id\":\"https:\/\/nam-viet-voyage.com\/#website\",\"url\":\"https:\/\/nam-viet-voyage.com\/\",\"name\":\"Nam Viet Voyage\",\"description\":\"Voyages en Asie du Sud-Est\",\"potentialAction\":[{\"@type\":\"SearchAction\",\"target\":{\"@type\":\"EntryPoint\",\"urlTemplate\":\"https:\/\/nam-viet-voyage.com\/?s={search_term_string}\"},\"query-input\":{\"@type\":\"PropertyValueSpecification\",\"valueRequired\":true,\"valueName\":\"search_term_string\"}}],\"inLanguage\":\"fr-FR\"}]}<\/script>\n<!-- \/ Yoast SEO plugin. -->","yoast_head_json":{"title":"\u00c0 la d\u00e9couverte du \"Little Mekong Delta\" - Nam Viet Voyage","description":"\u00c0 v\u00e9lo et en moto, baladez-vous dans le coin le plus authentique de Saigon, au c\u0153ur des rizi\u00e8res du Little Mekong Delta o\u00f9 la vie demeure traditionnelle.","robots":{"index":"index","follow":"follow","max-snippet":"max-snippet:-1","max-image-preview":"max-image-preview:large","max-video-preview":"max-video-preview:-1"},"canonical":"http:\/\/nam-viet-voyage.com\/fr\/tour-moto-velo-decouverte-little-mekong-delta\/","og_locale":"fr_FR","og_type":"article","og_title":"\u00c0 la d\u00e9couverte du \"Little Mekong Delta\" - Nam Viet Voyage","og_description":"\u00c0 v\u00e9lo et en moto, baladez-vous dans le coin le plus authentique de Saigon, au c\u0153ur des rizi\u00e8res du Little Mekong Delta o\u00f9 la vie demeure traditionnelle.","og_url":"http:\/\/nam-viet-voyage.com\/fr\/tour-moto-velo-decouverte-little-mekong-delta\/","og_site_name":"Nam Viet Voyage","article_publisher":"https:\/\/www.facebook.com\/NamVietVoyage","article_modified_time":"2016-07-13T05:03:50+00:00","og_image":[{"width":1200,"height":627,"url":"http:\/\/nam-viet-voyage.com\/wp-content\/uploads\/2015\/10\/little-mekong-delta-fb.jpg","type":"image\/jpeg"}],"twitter_card":"summary_large_image","twitter_site":"@NamVietVoyage","twitter_misc":{"Dur\u00e9e de lecture estim\u00e9e":"2 minutes"},"schema":{"@context":"https:\/\/schema.org","@graph":[{"@type":"WebPage","@id":"http:\/\/nam-viet-voyage.com\/fr\/tour-moto-velo-decouverte-little-mekong-delta\/","url":"http:\/\/nam-viet-voyage.com\/fr\/tour-moto-velo-decouverte-little-mekong-delta\/","name":"\u00c0 la d\u00e9couverte du \"Little Mekong Delta\" - Nam Viet Voyage","isPartOf":{"@id":"https:\/\/nam-viet-voyage.com\/#website"},"primaryImageOfPage":{"@id":"http:\/\/nam-viet-voyage.com\/fr\/tour-moto-velo-decouverte-little-mekong-delta\/#primaryimage"},"image":{"@id":"http:\/\/nam-viet-voyage.com\/fr\/tour-moto-velo-decouverte-little-mekong-delta\/#primaryimage"},"thumbnailUrl":"http:\/\/nam-viet-voyage.com\/wp-content\/uploads\/2015\/10\/little-mekong-delta-fb.jpg","datePublished":"2015-10-01T03:34:32+00:00","dateModified":"2016-07-13T05:03:50+00:00","description":"\u00c0 v\u00e9lo et en moto, baladez-vous dans le coin le plus authentique de Saigon, au c\u0153ur des rizi\u00e8res du Little Mekong Delta o\u00f9 la vie demeure traditionnelle.","breadcrumb":{"@id":"http:\/\/nam-viet-voyage.com\/fr\/tour-moto-velo-decouverte-little-mekong-delta\/#breadcrumb"},"inLanguage":"fr-FR","potentialAction":[{"@type":"ReadAction","target":["http:\/\/nam-viet-voyage.com\/fr\/tour-moto-velo-decouverte-little-mekong-delta\/"]}]},{"@type":"ImageObject","inLanguage":"fr-FR","@id":"http:\/\/nam-viet-voyage.com\/fr\/tour-moto-velo-decouverte-little-mekong-delta\/#primaryimage","url":"http:\/\/nam-viet-voyage.com\/wp-content\/uploads\/2015\/10\/little-mekong-delta-fb.jpg","contentUrl":"http:\/\/nam-viet-voyage.com\/wp-content\/uploads\/2015\/10\/little-mekong-delta-fb.jpg","width":1200,"height":627},{"@type":"BreadcrumbList","@id":"http:\/\/nam-viet-voyage.com\/fr\/tour-moto-velo-decouverte-little-mekong-delta\/#breadcrumb","itemListElement":[{"@type":"ListItem","position":1,"name":"Home","item":"http:\/\/nam-viet-voyage.com\/fr\/"},{"@type":"ListItem","position":2,"name":"\u00c0 la d\u00e9couverte du \u00ab\u00a0Little Mekong Delta\u00a0\u00bb"}]},{"@type":"WebSite","@id":"https:\/\/nam-viet-voyage.com\/#website","url":"https:\/\/nam-viet-voyage.com\/","name":"Nam Viet Voyage","description":"Voyages en Asie du Sud-Est","potentialAction":[{"@type":"SearchAction","target":{"@type":"EntryPoint","urlTemplate":"https:\/\/nam-viet-voyage.com\/?s={search_term_string}"},"query-input":{"@type":"PropertyValueSpecification","valueRequired":true,"valueName":"search_term_string"}}],"inLanguage":"fr-FR"}]}},"_links":{"self":[{"href":"http:\/\/nam-viet-voyage.com\/fr\/wp-json\/wp\/v2\/pages\/9157","targetHints":{"allow":["GET"]}}],"collection":[{"href":"http:\/\/nam-viet-voyage.com\/fr\/wp-json\/wp\/v2\/pages"}],"about":[{"href":"http:\/\/nam-viet-voyage.com\/fr\/wp-json\/wp\/v2\/types\/page"}],"author":[{"embeddable":true,"href":"http:\/\/nam-viet-voyage.com\/fr\/wp-json\/wp\/v2\/users\/5"}],"replies":[{"embeddable":true,"href":"http:\/\/nam-viet-voyage.com\/fr\/wp-json\/wp\/v2\/comments?post=9157"}],"version-history":[{"count":13,"href":"http:\/\/nam-viet-voyage.com\/fr\/wp-json\/wp\/v2\/pages\/9157\/revisions"}],"predecessor-version":[{"id":11412,"href":"http:\/\/nam-viet-voyage.com\/fr\/wp-json\/wp\/v2\/pages\/9157\/revisions\/11412"}],"wp:featuredmedia":[{"embeddable":true,"href":"http:\/\/nam-viet-voyage.com\/fr\/wp-json\/wp\/v2\/media\/9267"}],"wp:attachment":[{"href":"http:\/\/nam-viet-voyage.com\/fr\/wp-json\/wp\/v2\/media?parent=9157"}],"curies":[{"name":"wp","href":"https:\/\/api.w.org\/{rel}","templated":true}]}}