{"id":9055,"date":"2015-09-22T10:22:19","date_gmt":"2015-09-22T10:22:19","guid":{"rendered":"http:\/\/nam-viet-voyage.com\/?page_id=9055"},"modified":"2016-05-25T07:44:54","modified_gmt":"2016-05-25T07:44:54","slug":"mai-chau-ecolodge","status":"publish","type":"page","link":"http:\/\/nam-viet-voyage.com\/fr\/mai-chau-ecolodge\/","title":{"rendered":"Mai Chau Ecolodge"},"content":{"rendered":"<section class=\"l-section wpb_row height_medium\"><div class=\"l-section-h i-cf\"><div class=\"g-cols offset_small\"><div class=\" one-quarter\">[vc_wp_custommenu nav_menu=\u00a0\u00bb166&Prime; title=\u00a0\u00bbVotre h\u00f4tel &#8211; Nature\u00a0\u00bb]<\/div><div class=\" three-quarters\"><div class=\"w-image  align_center\"><img loading=\"lazy\" decoding=\"async\" width=\"672\" height=\"200\" src=\"http:\/\/nam-viet-voyage.com\/wp-content\/uploads\/2015\/09\/mai-chau-ecolodge.png\" class=\"attachment-full size-full\" alt=\"Polaroids Mai Chau Ecolodge\" srcset=\"http:\/\/nam-viet-voyage.com\/wp-content\/uploads\/2015\/09\/mai-chau-ecolodge.png 672w, http:\/\/nam-viet-voyage.com\/wp-content\/uploads\/2015\/09\/mai-chau-ecolodge-300x89.png 300w, http:\/\/nam-viet-voyage.com\/wp-content\/uploads\/2015\/09\/mai-chau-ecolodge-600x179.png 600w, http:\/\/nam-viet-voyage.com\/wp-content\/uploads\/2015\/09\/mai-chau-ecolodge-150x45.png 150w\" sizes=\"auto, (max-width: 672px) 100vw, 672px\" \/><\/div><div class=\"wpb_text_column \"><div class=\"wpb_wrapper\">\n<h2 style=\"text-align: center;\">Mai Chau Ecolodge<\/h2>\n<p>\u00c0 3 heures de route de Hanoi se trouve le Mai Chau Ecolodge, au c\u0153ur de la vall\u00e9e de Mai Chau. Situ\u00e9 sur une colline priv\u00e9e du village de Na Phon, l\u2019h\u00f4tel surplombe l\u2019endroit et offre un superbe panorama sur les rizi\u00e8res alentours.<\/p>\n<p style=\"text-align: justify;\">Le Mai Chau Ecolodge a \u00e9t\u00e9 con\u00e7u comme un lieu de retraite paisible pour les voyageurs. C\u2019est pour cette raison qu\u2019il n\u2019a pas \u00e9t\u00e9 construit \u00e0 Mai Chau m\u00eame, mais un peu plus loin dans la vall\u00e9e. De cette mani\u00e8re, les h\u00f4tes peuvent profiter du calme et de la s\u00e9r\u00e9nit\u00e9 de cet emplacement extraordinaire. Le lodge est fait de mat\u00e9riaux naturels uniquement, et respecte la tradition architecturale de la minorit\u00e9 ethnique Thai qui vit dans la r\u00e9gion, et dont de nombreux membres font partie de l\u2019\u00e9quipe de l\u2019h\u00f4tel. Le complexe comprend 19 bungalows, b\u00e9n\u00e9ficiant chacun de son propre jardin, d\u2019une piscine en plein air, d\u2019un restaurant m\u00ealant cuisine vietnamienne traditionnelle et recettes Thai, et d\u2019un centre de massage. En outre, Mai Chau Ecolodge propose de nombreuses activit\u00e9s dans et autour de la vall\u00e9e : excursions dans les villages voisins, croisi\u00e8res en bateau, randonn\u00e9es, mais aussi cours de cuisine, participation aux travaux des champs et danses traditionnelles.<\/p>\n<\/div> <\/div> <div class=\"g-cols wpb_row offset_small vc_inner \"><div class=\" full-width\">[vc_empty_space height=\u00a0\u00bb30px\u00a0\u00bb]<\/div><\/div><div class=\"g-cols wpb_row offset_small vc_inner \"><div class=\" one-half\"><div class=\"w-image  align_center\"><img loading=\"lazy\" decoding=\"async\" width=\"320\" height=\"213\" src=\"http:\/\/nam-viet-voyage.com\/wp-content\/uploads\/2015\/09\/mai-chau-bungalow.jpg\" class=\"attachment-full size-full\" alt=\"Bungalow view at night\" srcset=\"http:\/\/nam-viet-voyage.com\/wp-content\/uploads\/2015\/09\/mai-chau-bungalow.jpg 320w, http:\/\/nam-viet-voyage.com\/wp-content\/uploads\/2015\/09\/mai-chau-bungalow-300x200.jpg 300w, http:\/\/nam-viet-voyage.com\/wp-content\/uploads\/2015\/09\/mai-chau-bungalow-150x100.jpg 150w\" sizes=\"auto, (max-width: 320px) 100vw, 320px\" \/><\/div><div class=\"w-image  align_center\"><img loading=\"lazy\" decoding=\"async\" width=\"320\" height=\"213\" src=\"http:\/\/nam-viet-voyage.com\/wp-content\/uploads\/2015\/09\/mai-chau-bedroom.jpg\" class=\"attachment-full size-full\" alt=\"Interior of the room Mai Chau\" srcset=\"http:\/\/nam-viet-voyage.com\/wp-content\/uploads\/2015\/09\/mai-chau-bedroom.jpg 320w, http:\/\/nam-viet-voyage.com\/wp-content\/uploads\/2015\/09\/mai-chau-bedroom-300x200.jpg 300w, http:\/\/nam-viet-voyage.com\/wp-content\/uploads\/2015\/09\/mai-chau-bedroom-150x100.jpg 150w\" sizes=\"auto, (max-width: 320px) 100vw, 320px\" \/><\/div><\/div><div class=\" one-half\"><div class=\"w-image  align_center\"><img loading=\"lazy\" decoding=\"async\" width=\"320\" height=\"213\" src=\"http:\/\/nam-viet-voyage.com\/wp-content\/uploads\/2015\/09\/mai-chau-rice-paddle.jpg\" class=\"attachment-full size-full\" alt=\"View over the rice paddies\" srcset=\"http:\/\/nam-viet-voyage.com\/wp-content\/uploads\/2015\/09\/mai-chau-rice-paddle.jpg 320w, http:\/\/nam-viet-voyage.com\/wp-content\/uploads\/2015\/09\/mai-chau-rice-paddle-300x200.jpg 300w, http:\/\/nam-viet-voyage.com\/wp-content\/uploads\/2015\/09\/mai-chau-rice-paddle-150x100.jpg 150w\" sizes=\"auto, (max-width: 320px) 100vw, 320px\" \/><\/div><div class=\"w-image  align_center\"><img loading=\"lazy\" decoding=\"async\" width=\"320\" height=\"213\" src=\"http:\/\/nam-viet-voyage.com\/wp-content\/uploads\/2015\/09\/mai-chau-pool-mountain.jpg\" class=\"attachment-full size-full\" alt=\"Pool in Mai Chau by night\" srcset=\"http:\/\/nam-viet-voyage.com\/wp-content\/uploads\/2015\/09\/mai-chau-pool-mountain.jpg 320w, http:\/\/nam-viet-voyage.com\/wp-content\/uploads\/2015\/09\/mai-chau-pool-mountain-300x200.jpg 300w, http:\/\/nam-viet-voyage.com\/wp-content\/uploads\/2015\/09\/mai-chau-pool-mountain-150x100.jpg 150w\" sizes=\"auto, (max-width: 320px) 100vw, 320px\" \/><\/div><\/div><\/div><\/div><\/div><\/div><\/section><section class=\"l-section wpb_row height_medium color_secondary\"><div class=\"l-section-h i-cf\"><div class=\"g-cols offset_small\"><div class=\" full-width\"><div class=\"g-cols wpb_row offset_small vc_inner \"><div class=\" full-width\">[vc_custom_heading text=\u00a0\u00bbPour tout projet ou information compl\u00e9mentaire, merci de nous contacter !\u00a0\u00bb font_container=\u00a0\u00bbtag:p|font_size:24|text_align:center\u00a0\u00bb google_fonts=\u00a0\u00bbfont_family:Nothing%20You%20Could%20Do%3Aregular|font_style:400%20regular%3A400%3Anormal\u00a0\u00bb]\n<div class=\"wpcf7 no-js\" id=\"wpcf7-f5977-o1\" lang=\"fr-FR\" dir=\"ltr\" data-wpcf7-id=\"5977\">\n<div class=\"screen-reader-response\"><p role=\"status\" aria-live=\"polite\" aria-atomic=\"true\"><\/p> <ul><\/ul><\/div>\n<form action=\"\/fr\/wp-json\/wp\/v2\/pages\/9055#wpcf7-f5977-o1\" method=\"post\" class=\"wpcf7-form init\" aria-label=\"Formulaire de contact\" novalidate=\"novalidate\" data-status=\"init\">\n<fieldset class=\"hidden-fields-container\"><input type=\"hidden\" name=\"_wpcf7\" value=\"5977\" \/><input type=\"hidden\" name=\"_wpcf7_version\" value=\"6.1.5\" \/><input type=\"hidden\" name=\"_wpcf7_locale\" value=\"fr_FR\" \/><input type=\"hidden\" name=\"_wpcf7_unit_tag\" value=\"wpcf7-f5977-o1\" \/><input type=\"hidden\" name=\"_wpcf7_container_post\" value=\"0\" \/><input type=\"hidden\" name=\"_wpcf7_posted_data_hash\" value=\"\" \/>\n<\/fieldset>\n<p>Votre Nom *\n<\/p>\n<p><span class=\"wpcf7-form-control-wrap\" data-name=\"your-name\"><input size=\"40\" maxlength=\"400\" class=\"wpcf7-form-control wpcf7-text wpcf7-validates-as-required\" aria-required=\"true\" aria-invalid=\"false\" value=\"\" type=\"text\" name=\"your-name\" \/><\/span>\n<\/p>\n<p>Votre Email *\n<\/p>\n<p><span class=\"wpcf7-form-control-wrap\" data-name=\"your-email\"><input size=\"40\" maxlength=\"400\" class=\"wpcf7-form-control wpcf7-email wpcf7-validates-as-required wpcf7-text wpcf7-validates-as-email\" aria-required=\"true\" aria-invalid=\"false\" value=\"\" type=\"email\" name=\"your-email\" \/><\/span>\n<\/p>\n<p>Votre Message *\n<\/p>\n<p><span class=\"wpcf7-form-control-wrap\" data-name=\"your-message\"><textarea cols=\"40\" rows=\"10\" maxlength=\"2000\" class=\"wpcf7-form-control wpcf7-textarea wpcf7-validates-as-required\" aria-required=\"true\" aria-invalid=\"false\" name=\"your-message\"><\/textarea><\/span>\n<\/p>\n<p><input class=\"wpcf7-form-control wpcf7-submit has-spinner\" type=\"submit\" value=\"Envoyer\" \/>\n<\/p><div class=\"wpcf7-response-output\" aria-hidden=\"true\"><\/div>\n<\/form>\n<\/div>\n<\/div><\/div><\/div><\/div><\/div><\/section>\n<p><a href=\"\/\/www.pinterest.com\/pin\/create\/button\/\" data-pin-do=\"buttonBookmark\" data-pin-color=\"red\" data-pin-height=\"128\"><img decoding=\"async\" src=\"\/\/assets.pinterest.com\/images\/pidgets\/pinit_fg_en_rect_red_28.png\" \/><\/a><\/p>","protected":false},"excerpt":{"rendered":"[vc_wp_custommenu nav_menu=\"166\" title=\"Votre h\u00f4tel - Nature\"] Mai Chau Ecolodge \u00c0 3 heures de route de Hanoi se trouve le Mai Chau Ecolodge, au c\u0153ur de la vall\u00e9e de Mai Chau....","protected":false},"author":5,"featured_media":0,"parent":0,"menu_order":0,"comment_status":"closed","ping_status":"closed","template":"","meta":{"_crdt_document":"","footnotes":""},"class_list":["post-9055","page","type-page","status-publish","hentry"],"yoast_head":"<!-- This site is optimized with the Yoast SEO plugin v26.9 - https:\/\/yoast.com\/product\/yoast-seo-wordpress\/ -->\n<title>Mai Chau Ecolodge - Nam Viet Voyage<\/title>\n<meta name=\"description\" content=\"Faites une pause nature et d\u00e9tente au Mai Chau Ecolodge, dans les montagnes du nord du Vietnam, et profitez des superbes paysages de la r\u00e9gion.\" \/>\n<meta name=\"robots\" content=\"index, follow, max-snippet:-1, max-image-preview:large, max-video-preview:-1\" \/>\n<link rel=\"canonical\" href=\"http:\/\/nam-viet-voyage.com\/fr\/mai-chau-ecolodge\/\" \/>\n<meta property=\"og:locale\" content=\"fr_FR\" \/>\n<meta property=\"og:type\" content=\"article\" \/>\n<meta property=\"og:title\" content=\"Mai Chau Ecolodge - Nam Viet Voyage\" \/>\n<meta property=\"og:description\" content=\"Faites une pause nature et d\u00e9tente au Mai Chau Ecolodge, dans les montagnes du nord du Vietnam, et profitez des superbes paysages de la r\u00e9gion.\" \/>\n<meta property=\"og:url\" content=\"http:\/\/nam-viet-voyage.com\/fr\/mai-chau-ecolodge\/\" \/>\n<meta property=\"og:site_name\" content=\"Nam Viet Voyage\" \/>\n<meta property=\"article:publisher\" content=\"https:\/\/www.facebook.com\/NamVietVoyage\" \/>\n<meta property=\"article:modified_time\" content=\"2016-05-25T07:44:54+00:00\" \/>\n<meta name=\"twitter:card\" content=\"summary_large_image\" \/>\n<meta name=\"twitter:site\" content=\"@NamVietVoyage\" \/>\n<meta name=\"twitter:label1\" content=\"Dur\u00e9e de lecture estim\u00e9e\" \/>\n\t<meta name=\"twitter:data1\" content=\"2 minutes\" \/>\n<script type=\"application\/ld+json\" class=\"yoast-schema-graph\">{\"@context\":\"https:\/\/schema.org\",\"@graph\":[{\"@type\":\"WebPage\",\"@id\":\"http:\/\/nam-viet-voyage.com\/fr\/mai-chau-ecolodge\/\",\"url\":\"http:\/\/nam-viet-voyage.com\/fr\/mai-chau-ecolodge\/\",\"name\":\"Mai Chau Ecolodge - Nam Viet Voyage\",\"isPartOf\":{\"@id\":\"https:\/\/nam-viet-voyage.com\/#website\"},\"datePublished\":\"2015-09-22T10:22:19+00:00\",\"dateModified\":\"2016-05-25T07:44:54+00:00\",\"description\":\"Faites une pause nature et d\u00e9tente au Mai Chau Ecolodge, dans les montagnes du nord du Vietnam, et profitez des superbes paysages de la r\u00e9gion.\",\"breadcrumb\":{\"@id\":\"http:\/\/nam-viet-voyage.com\/fr\/mai-chau-ecolodge\/#breadcrumb\"},\"inLanguage\":\"fr-FR\",\"potentialAction\":[{\"@type\":\"ReadAction\",\"target\":[\"http:\/\/nam-viet-voyage.com\/fr\/mai-chau-ecolodge\/\"]}]},{\"@type\":\"BreadcrumbList\",\"@id\":\"http:\/\/nam-viet-voyage.com\/fr\/mai-chau-ecolodge\/#breadcrumb\",\"itemListElement\":[{\"@type\":\"ListItem\",\"position\":1,\"name\":\"Home\",\"item\":\"http:\/\/nam-viet-voyage.com\/fr\/\"},{\"@type\":\"ListItem\",\"position\":2,\"name\":\"Mai Chau Ecolodge\"}]},{\"@type\":\"WebSite\",\"@id\":\"https:\/\/nam-viet-voyage.com\/#website\",\"url\":\"https:\/\/nam-viet-voyage.com\/\",\"name\":\"Nam Viet Voyage\",\"description\":\"Voyages en Asie du Sud-Est\",\"potentialAction\":[{\"@type\":\"SearchAction\",\"target\":{\"@type\":\"EntryPoint\",\"urlTemplate\":\"https:\/\/nam-viet-voyage.com\/?s={search_term_string}\"},\"query-input\":{\"@type\":\"PropertyValueSpecification\",\"valueRequired\":true,\"valueName\":\"search_term_string\"}}],\"inLanguage\":\"fr-FR\"}]}<\/script>\n<!-- \/ Yoast SEO plugin. -->","yoast_head_json":{"title":"Mai Chau Ecolodge - Nam Viet Voyage","description":"Faites une pause nature et d\u00e9tente au Mai Chau Ecolodge, dans les montagnes du nord du Vietnam, et profitez des superbes paysages de la r\u00e9gion.","robots":{"index":"index","follow":"follow","max-snippet":"max-snippet:-1","max-image-preview":"max-image-preview:large","max-video-preview":"max-video-preview:-1"},"canonical":"http:\/\/nam-viet-voyage.com\/fr\/mai-chau-ecolodge\/","og_locale":"fr_FR","og_type":"article","og_title":"Mai Chau Ecolodge - Nam Viet Voyage","og_description":"Faites une pause nature et d\u00e9tente au Mai Chau Ecolodge, dans les montagnes du nord du Vietnam, et profitez des superbes paysages de la r\u00e9gion.","og_url":"http:\/\/nam-viet-voyage.com\/fr\/mai-chau-ecolodge\/","og_site_name":"Nam Viet Voyage","article_publisher":"https:\/\/www.facebook.com\/NamVietVoyage","article_modified_time":"2016-05-25T07:44:54+00:00","twitter_card":"summary_large_image","twitter_site":"@NamVietVoyage","twitter_misc":{"Dur\u00e9e de lecture estim\u00e9e":"2 minutes"},"schema":{"@context":"https:\/\/schema.org","@graph":[{"@type":"WebPage","@id":"http:\/\/nam-viet-voyage.com\/fr\/mai-chau-ecolodge\/","url":"http:\/\/nam-viet-voyage.com\/fr\/mai-chau-ecolodge\/","name":"Mai Chau Ecolodge - Nam Viet Voyage","isPartOf":{"@id":"https:\/\/nam-viet-voyage.com\/#website"},"datePublished":"2015-09-22T10:22:19+00:00","dateModified":"2016-05-25T07:44:54+00:00","description":"Faites une pause nature et d\u00e9tente au Mai Chau Ecolodge, dans les montagnes du nord du Vietnam, et profitez des superbes paysages de la r\u00e9gion.","breadcrumb":{"@id":"http:\/\/nam-viet-voyage.com\/fr\/mai-chau-ecolodge\/#breadcrumb"},"inLanguage":"fr-FR","potentialAction":[{"@type":"ReadAction","target":["http:\/\/nam-viet-voyage.com\/fr\/mai-chau-ecolodge\/"]}]},{"@type":"BreadcrumbList","@id":"http:\/\/nam-viet-voyage.com\/fr\/mai-chau-ecolodge\/#breadcrumb","itemListElement":[{"@type":"ListItem","position":1,"name":"Home","item":"http:\/\/nam-viet-voyage.com\/fr\/"},{"@type":"ListItem","position":2,"name":"Mai Chau Ecolodge"}]},{"@type":"WebSite","@id":"https:\/\/nam-viet-voyage.com\/#website","url":"https:\/\/nam-viet-voyage.com\/","name":"Nam Viet Voyage","description":"Voyages en Asie du Sud-Est","potentialAction":[{"@type":"SearchAction","target":{"@type":"EntryPoint","urlTemplate":"https:\/\/nam-viet-voyage.com\/?s={search_term_string}"},"query-input":{"@type":"PropertyValueSpecification","valueRequired":true,"valueName":"search_term_string"}}],"inLanguage":"fr-FR"}]}},"_links":{"self":[{"href":"http:\/\/nam-viet-voyage.com\/fr\/wp-json\/wp\/v2\/pages\/9055","targetHints":{"allow":["GET"]}}],"collection":[{"href":"http:\/\/nam-viet-voyage.com\/fr\/wp-json\/wp\/v2\/pages"}],"about":[{"href":"http:\/\/nam-viet-voyage.com\/fr\/wp-json\/wp\/v2\/types\/page"}],"author":[{"embeddable":true,"href":"http:\/\/nam-viet-voyage.com\/fr\/wp-json\/wp\/v2\/users\/5"}],"replies":[{"embeddable":true,"href":"http:\/\/nam-viet-voyage.com\/fr\/wp-json\/wp\/v2\/comments?post=9055"}],"version-history":[{"count":7,"href":"http:\/\/nam-viet-voyage.com\/fr\/wp-json\/wp\/v2\/pages\/9055\/revisions"}],"predecessor-version":[{"id":11222,"href":"http:\/\/nam-viet-voyage.com\/fr\/wp-json\/wp\/v2\/pages\/9055\/revisions\/11222"}],"wp:attachment":[{"href":"http:\/\/nam-viet-voyage.com\/fr\/wp-json\/wp\/v2\/media?parent=9055"}],"curies":[{"name":"wp","href":"https:\/\/api.w.org\/{rel}","templated":true}]}}