{"id":9,"date":"2013-05-31T11:56:39","date_gmt":"2013-05-31T11:56:39","guid":{"rendered":"http:\/\/us-themes.com\/wp\/Vittoria\/?page_id=9"},"modified":"2019-01-22T01:31:41","modified_gmt":"2019-01-22T01:31:41","slug":"contact","status":"publish","type":"page","link":"http:\/\/nam-viet-voyage.com\/fr\/contact\/","title":{"rendered":"Contact"},"content":{"rendered":"<section class=\"l-section wpb_row height_auto\"><div class=\"l-section-h i-cf\"><div class=\"g-cols offset_small\"><div class=\" full-width\"><div class=\"w-image  align_center\"><img loading=\"lazy\" decoding=\"async\" width=\"1400\" height=\"567\" src=\"http:\/\/nam-viet-voyage.com\/wp-content\/uploads\/2015\/03\/nam-viet-voyage-team-posing.jpg\" class=\"attachment-full size-full\" alt=\"L&#039;\u00e9quipe Nam Viet Voyage tape la pose\" srcset=\"http:\/\/nam-viet-voyage.com\/wp-content\/uploads\/2015\/03\/nam-viet-voyage-team-posing.jpg 1400w, http:\/\/nam-viet-voyage.com\/wp-content\/uploads\/2015\/03\/nam-viet-voyage-team-posing-300x122.jpg 300w, http:\/\/nam-viet-voyage.com\/wp-content\/uploads\/2015\/03\/nam-viet-voyage-team-posing-768x311.jpg 768w, http:\/\/nam-viet-voyage.com\/wp-content\/uploads\/2015\/03\/nam-viet-voyage-team-posing-1024x415.jpg 1024w, http:\/\/nam-viet-voyage.com\/wp-content\/uploads\/2015\/03\/nam-viet-voyage-team-posing-600x243.jpg 600w\" sizes=\"auto, (max-width: 1400px) 100vw, 1400px\" \/><\/div><\/div><\/div><\/div><\/section><section class=\"l-section wpb_row height_medium\"><div class=\"l-section-h i-cf\"><div class=\"g-cols offset_small\"><div class=\" one-third\"><div class=\"wpb_text_column \"><div class=\"wpb_wrapper\">\n<h3>Nous trouver<\/h3>\n<\/div> <\/div> <div class=\"w-contacts\"><div class=\"w-contacts-list\"><div class=\"w-contacts-item for_address\"><span class=\"w-contacts-item-value\">353\/7A Binh Quoi, P.28, Q. Binh Thanh, TP.HCM (inside Dat Phu Sa hotel)<\/span><\/div><\/div><\/div><div class=\"w-contacts\"><div class=\"w-contacts-list\"><div class=\"w-contacts-item for_phone\"><span class=\"w-contacts-item-value\">Bureau : +84.904.222.485<\/span><\/div><\/div><\/div><div class=\"w-contacts\"><div class=\"w-contacts-list\"><div class=\"w-contacts-item for_email\"><span class=\"w-contacts-item-value\"><a href=\"mailto:stephane@nam-viet-voyage\">stephane@nam-viet-voyage<\/a><\/span><\/div><\/div><\/div>[vc_empty_space height=\u00a0\u00bb50&Prime;][vc_wp_custommenu nav_menu=\u00a0\u00bb169&Prime; title=\u00a0\u00bbQui sommes-nous ? \u00ab\u00a0]<\/div><div class=\" two-thirds\"><div class=\"wpb_text_column \"><div class=\"wpb_wrapper\">\n<p style=\"text-align: center;\"><iframe loading=\"lazy\" style=\"border: 0;\" src=\"https:\/\/www.google.com\/maps\/embed?pb=!1m18!1m12!1m3!1d1959.3988129558431!2d106.73403915709869!3d10.826793688429895!2m3!1f0!2f0!3f0!3m2!1i1024!2i768!4f13.1!3m3!1m2!1s0x3175263208ccbd15%3A0xed14881938ad74e6!2zxJDhuqV0IFBow7kgU2EgaG90ZWw!5e0!3m2!1sfr!2s!4v1548119754923\" width=\"100%\" height=\"300\" frameborder=\"0\" allowfullscreen=\"allowfullscreen\"><\/iframe><\/p>\n<\/div> <\/div> <div class=\"wpb_text_column \"><div class=\"wpb_wrapper\">\n<h3>Contactez-nous !<\/h3>\n<\/div> <\/div> \n<div class=\"wpcf7 no-js\" id=\"wpcf7-f3401-o1\" lang=\"fr-FR\" dir=\"ltr\" data-wpcf7-id=\"3401\">\n<div class=\"screen-reader-response\"><p role=\"status\" aria-live=\"polite\" aria-atomic=\"true\"><\/p> <ul><\/ul><\/div>\n<form action=\"\/fr\/wp-json\/wp\/v2\/pages\/9#wpcf7-f3401-o1\" method=\"post\" class=\"wpcf7-form init\" aria-label=\"Formulaire de contact\" novalidate=\"novalidate\" data-status=\"init\">\n<fieldset class=\"hidden-fields-container\"><input type=\"hidden\" name=\"_wpcf7\" value=\"3401\" \/><input type=\"hidden\" name=\"_wpcf7_version\" value=\"6.1.5\" \/><input type=\"hidden\" name=\"_wpcf7_locale\" value=\"fr_FR\" \/><input type=\"hidden\" name=\"_wpcf7_unit_tag\" value=\"wpcf7-f3401-o1\" \/><input type=\"hidden\" name=\"_wpcf7_container_post\" value=\"0\" \/><input type=\"hidden\" name=\"_wpcf7_posted_data_hash\" value=\"\" \/>\n<\/fieldset>\n<p>Afin de r\u00e9pondre correctement \u00e0 vos attentes et pour mieux savoir ce que vous d\u00e9sirez, nous vous invitons \u00e0 consulter notre rubrique \u00ab\u00a0<a href=\"http:\/\/nam-viet-voyage.com\/fr\/destinations\/\" target=\"_blank\">Destinations<\/a>\u00a0\u00bb. Vous y trouverez une grande palette de choix quant aux endroits \u00e0 visiter au Vietnam, Cambodge et Laos, et qui vous inspireront s\u00fbrement \u00e0 cr\u00e9er votre voyage.\n<\/p>\n<p>Nous vous invitons \u00e0 r\u00e9pondre \u00e0 notre questionnaire afin de pouvoir vous faire une premi\u00e8re proposition correspondant \u00e0 vos attentes. Nous nous engageons \u00e0 vous r\u00e9pondre sous 48 heures \u00a0:\n<\/p>\n<p><strong>Nom et pr\u00e9nom (obligatoire)<\/strong>\n<\/p>\n<p><span class=\"wpcf7-form-control-wrap\" data-name=\"your-name\"><input size=\"40\" maxlength=\"400\" class=\"wpcf7-form-control wpcf7-text wpcf7-validates-as-required\" aria-required=\"true\" aria-invalid=\"false\" value=\"\" type=\"text\" name=\"your-name\" \/><\/span>\n<\/p>\n<p><strong>Pays de r\u00e9sidence (obligatoire)<\/strong>\n<\/p>\n<p><span class=\"wpcf7-form-control-wrap\" data-name=\"your-pays-residence\"><input size=\"40\" maxlength=\"400\" class=\"wpcf7-form-control wpcf7-text wpcf7-validates-as-required\" aria-required=\"true\" aria-invalid=\"false\" value=\"\" type=\"text\" name=\"your-pays-residence\" \/><\/span>\n<\/p>\n<p><strong>Votre email (obligatoire)<\/strong>\n<\/p>\n<p><span class=\"wpcf7-form-control-wrap\" data-name=\"your-email\"><input size=\"40\" maxlength=\"400\" class=\"wpcf7-form-control wpcf7-email wpcf7-validates-as-required wpcf7-text wpcf7-validates-as-email\" aria-required=\"true\" aria-invalid=\"false\" value=\"\" type=\"email\" name=\"your-email\" \/><\/span>\n<\/p>\n<p><strong>Nombre de personnes pour le voyage, merci d'indiquer le nombre d\u2019enfants et leur \u00e2ge (obligatoire)<\/strong>\n<\/p>\n<p><span class=\"wpcf7-form-control-wrap\" data-name=\"your-nb-personne\"><input size=\"40\" maxlength=\"400\" class=\"wpcf7-form-control wpcf7-text wpcf7-validates-as-required\" aria-required=\"true\" aria-invalid=\"false\" value=\"\" type=\"text\" name=\"your-nb-personne\" \/><\/span>\n<\/p>\n<p><strong>Date ou p\u00e9riode de l\u2019ann\u00e9e souhait\u00e9e pour votre voyage (obligatoire)<\/strong>\n<\/p>\n<p><span class=\"wpcf7-form-control-wrap\" data-name=\"your-periode-annee\"><input size=\"40\" maxlength=\"400\" class=\"wpcf7-form-control wpcf7-text wpcf7-validates-as-required\" aria-required=\"true\" aria-invalid=\"false\" value=\"\" type=\"text\" name=\"your-periode-annee\" \/><\/span>\n<\/p>\n<p><strong>Nombre de jours souhait\u00e9s<\/strong>\n<\/p>\n<p><span class=\"wpcf7-form-control-wrap\" data-name=\"your-nb-jour-voyage\"><input size=\"40\" maxlength=\"400\" class=\"wpcf7-form-control wpcf7-text\" aria-invalid=\"false\" value=\"\" type=\"text\" name=\"your-nb-jour-voyage\" \/><\/span>\n<\/p>\n<p><strong>Destination(s) souhait\u00e9e(s)<\/strong>\n<\/p>\n<table>\n\t<tr>\n\t\t<td style=\"width:27%\">\n\t\t\t<p><span class=\"wpcf7-form-control-wrap\" data-name=\"your-pays-1\"><span class=\"wpcf7-form-control wpcf7-checkbox\"><span class=\"wpcf7-list-item first last\"><input type=\"checkbox\" name=\"your-pays-1[]\" value=\"Vietnam\" \/><span class=\"wpcf7-list-item-label\">Vietnam<\/span><\/span><\/span><\/span><span class=\"wpcf7-form-control-wrap\" data-name=\"your-pays-2\"><span class=\"wpcf7-form-control wpcf7-checkbox\"><span class=\"wpcf7-list-item first last\"><input type=\"checkbox\" name=\"your-pays-2[]\" value=\"Cambodge\" \/><span class=\"wpcf7-list-item-label\">Cambodge<\/span><\/span><\/span><\/span>\n\t\t\t<\/p>\n\t\t<\/td>\n\t\t<td style=\"width:73%\">\n\t\t\t<p><span class=\"wpcf7-form-control-wrap\" data-name=\"your-pays-3\"><span class=\"wpcf7-form-control wpcf7-checkbox\"><span class=\"wpcf7-list-item first last\"><input type=\"checkbox\" name=\"your-pays-3[]\" value=\"Laos\" \/><span class=\"wpcf7-list-item-label\">Laos<\/span><\/span><\/span><\/span>\n\t\t\t<\/p>\n\t\t<\/td>\n\t<\/tr>\n<\/table>\n<p>&nbsp;\n<\/p>\n<p><strong>Cat\u00e9gorie(s) d\u2019\u00e9tablissement(s)<\/strong>\n<\/p>\n<table>\n\t<tr>\n\t\t<td style=\"width:27%\">\n\t\t\t<p><span class=\"wpcf7-form-control-wrap\" data-name=\"your-cat-hotel-1\"><span class=\"wpcf7-form-control wpcf7-checkbox\"><span class=\"wpcf7-list-item first last\"><input type=\"checkbox\" name=\"your-cat-hotel-1[]\" value=\"Nuit chez l&#039;habitant\" \/><span class=\"wpcf7-list-item-label\">Nuit chez l&#039;habitant<\/span><\/span><\/span><\/span><span class=\"wpcf7-form-control-wrap\" data-name=\"your-cat-hotel-2\"><span class=\"wpcf7-form-control wpcf7-checkbox\"><span class=\"wpcf7-list-item first last\"><input type=\"checkbox\" name=\"your-cat-hotel-2[]\" value=\"Eco-lodge\" \/><span class=\"wpcf7-list-item-label\">Eco-lodge<\/span><\/span><\/span><\/span><span class=\"wpcf7-form-control-wrap\" data-name=\"your-cat-hotel-3\"><span class=\"wpcf7-form-control wpcf7-checkbox\"><span class=\"wpcf7-list-item first last\"><input type=\"checkbox\" name=\"your-cat-hotel-3[]\" value=\"Sup\u00e9rieur\" \/><span class=\"wpcf7-list-item-label\">Sup\u00e9rieur<\/span><\/span><\/span><\/span>\n\t\t\t<\/p>\n\t\t<\/td>\n\t\t<td style=\"width:73%\">\n\t\t\t<p><span class=\"wpcf7-form-control-wrap\" data-name=\"your-cat-hotel-4\"><span class=\"wpcf7-form-control wpcf7-checkbox\"><span class=\"wpcf7-list-item first last\"><input type=\"checkbox\" name=\"your-cat-hotel-4[]\" value=\"De charme\" \/><span class=\"wpcf7-list-item-label\">De charme<\/span><\/span><\/span><\/span><span class=\"wpcf7-form-control-wrap\" data-name=\"your-cat-hotel-5\"><span class=\"wpcf7-form-control wpcf7-checkbox\"><span class=\"wpcf7-list-item first last\"><input type=\"checkbox\" name=\"your-cat-hotel-5[]\" value=\"Haut de gamme\" \/><span class=\"wpcf7-list-item-label\">Haut de gamme<\/span><\/span><\/span><\/span>\n\t\t\t<\/p>\n\t\t<\/td>\n\t<\/tr>\n<\/table>\n<p>&nbsp;\n<\/p>\n<p><strong>Int\u00e9r\u00eat(s)\u00a0\u2013 \u00ab\u00a0voyager autrement\u00a0\u00bb<\/strong>\n<\/p>\n<table>\n\t<tr>\n\t\t<td style=\"width:27%\">\n\t\t\t<p><span class=\"wpcf7-form-control-wrap\" data-name=\"your-interet-1\"><span class=\"wpcf7-form-control wpcf7-checkbox\"><span class=\"wpcf7-list-item first last\"><input type=\"checkbox\" name=\"your-interet-1[]\" value=\"Nature\" \/><span class=\"wpcf7-list-item-label\">Nature<\/span><\/span><\/span><\/span><span class=\"wpcf7-form-control-wrap\" data-name=\"your-interet-2\"><span class=\"wpcf7-form-control wpcf7-checkbox\"><span class=\"wpcf7-list-item first last\"><input type=\"checkbox\" name=\"your-interet-2[]\" value=\"Peuples et minorit\u00e9s\" \/><span class=\"wpcf7-list-item-label\">Peuples et minorit\u00e9s<\/span><\/span><\/span><\/span><span class=\"wpcf7-form-control-wrap\" data-name=\"your-interet-3\"><span class=\"wpcf7-form-control wpcf7-checkbox\"><span class=\"wpcf7-list-item first last\"><input type=\"checkbox\" name=\"your-interet-3[]\" value=\"Activit\u00e9s familiales\" \/><span class=\"wpcf7-list-item-label\">Activit\u00e9s familiales<\/span><\/span><\/span><\/span><span class=\"wpcf7-form-control-wrap\" data-name=\"your-interet-4\"><span class=\"wpcf7-form-control wpcf7-checkbox\"><span class=\"wpcf7-list-item first last\"><input type=\"checkbox\" name=\"your-interet-4[]\" value=\"Solidarit\u00e9\" \/><span class=\"wpcf7-list-item-label\">Solidarit\u00e9<\/span><\/span><\/span><\/span><span class=\"wpcf7-form-control-wrap\" data-name=\"your-interet-5\"><span class=\"wpcf7-form-control wpcf7-checkbox\"><span class=\"wpcf7-list-item first last\"><input type=\"checkbox\" name=\"your-interet-5[]\" value=\"Golf\" \/><span class=\"wpcf7-list-item-label\">Golf<\/span><\/span><\/span><\/span>\n\t\t\t<\/p>\n\t\t<\/td>\n\t\t<td style=\"width:73%\">\n\t\t\t<p><span class=\"wpcf7-form-control-wrap\" data-name=\"your-interet-6\"><span class=\"wpcf7-form-control wpcf7-checkbox\"><span class=\"wpcf7-list-item first last\"><input type=\"checkbox\" name=\"your-interet-6[]\" value=\"Honeymoon\" \/><span class=\"wpcf7-list-item-label\">Honeymoon<\/span><\/span><\/span><\/span><span class=\"wpcf7-form-control-wrap\" data-name=\"your-interet-7\"><span class=\"wpcf7-form-control wpcf7-checkbox\"><span class=\"wpcf7-list-item first last\"><input type=\"checkbox\" name=\"your-interet-7[]\" value=\"Patrimoine de l\u2019UNESCO\" \/><span class=\"wpcf7-list-item-label\">Patrimoine de l\u2019UNESCO<\/span><\/span><\/span><\/span><span class=\"wpcf7-form-control-wrap\" data-name=\"your-interet-8\"><span class=\"wpcf7-form-control wpcf7-checkbox\"><span class=\"wpcf7-list-item first last\"><input type=\"checkbox\" name=\"your-interet-8[]\" value=\"Croisi\u00e8res\" \/><span class=\"wpcf7-list-item-label\">Croisi\u00e8res<\/span><\/span><\/span><\/span><span class=\"wpcf7-form-control-wrap\" data-name=\"your-interet-9\"><span class=\"wpcf7-form-control wpcf7-checkbox\"><span class=\"wpcf7-list-item first last\"><input type=\"checkbox\" name=\"your-interet-9[]\" value=\"Baln\u00e9aire\" \/><span class=\"wpcf7-list-item-label\">Baln\u00e9aire<\/span><\/span><\/span><\/span>\n\t\t\t<\/p>\n\t\t<\/td>\n\t<\/tr>\n<\/table>\n<p>&nbsp;\n<\/p>\n<p><strong>Activit\u00e9(s) sportive(s)<\/strong>\n<\/p>\n<table>\n\t<tr>\n\t\t<td style=\"width:27%\">\n\t\t\t<p><span class=\"wpcf7-form-control-wrap\" data-name=\"your-sport-1\"><span class=\"wpcf7-form-control wpcf7-checkbox\"><span class=\"wpcf7-list-item first last\"><input type=\"checkbox\" name=\"your-sport-1[]\" value=\"Aucun\" \/><span class=\"wpcf7-list-item-label\">Aucun<\/span><\/span><\/span><\/span><span class=\"wpcf7-form-control-wrap\" data-name=\"your-sport-2\"><span class=\"wpcf7-form-control wpcf7-checkbox\"><span class=\"wpcf7-list-item first last\"><input type=\"checkbox\" name=\"your-sport-2[]\" value=\"Trekking\" \/><span class=\"wpcf7-list-item-label\">Trekking<\/span><\/span><\/span><\/span><span class=\"wpcf7-form-control-wrap\" data-name=\"your-sport-3\"><span class=\"wpcf7-form-control wpcf7-checkbox\"><span class=\"wpcf7-list-item first last\"><input type=\"checkbox\" name=\"your-sport-3[]\" value=\"VTT\" \/><span class=\"wpcf7-list-item-label\">VTT<\/span><\/span><\/span><\/span><span class=\"wpcf7-form-control-wrap\" data-name=\"your-sport-4\"><span class=\"wpcf7-form-control wpcf7-checkbox\"><span class=\"wpcf7-list-item first last\"><input type=\"checkbox\" name=\"your-sport-4[]\" value=\"Escalade\" \/><span class=\"wpcf7-list-item-label\">Escalade<\/span><\/span><\/span><\/span>\n\t\t\t<\/p>\n\t\t<\/td>\n\t\t<td style=\"width:73%\">\n\t\t\t<p><span class=\"wpcf7-form-control-wrap\" data-name=\"your-sport-5\"><span class=\"wpcf7-form-control wpcf7-checkbox\"><span class=\"wpcf7-list-item first last\"><input type=\"checkbox\" name=\"your-sport-5[]\" value=\"Arts martiaux\" \/><span class=\"wpcf7-list-item-label\">Arts martiaux<\/span><\/span><\/span><\/span><span class=\"wpcf7-form-control-wrap\" data-name=\"your-sport-6\"><span class=\"wpcf7-form-control wpcf7-checkbox\"><span class=\"wpcf7-list-item first last\"><input type=\"checkbox\" name=\"your-sport-6[]\" value=\"Plong\u00e9e sous marine\" \/><span class=\"wpcf7-list-item-label\">Plong\u00e9e sous marine<\/span><\/span><\/span><\/span><span class=\"wpcf7-form-control-wrap\" data-name=\"your-sport-7\"><span class=\"wpcf7-form-control wpcf7-checkbox\"><span class=\"wpcf7-list-item first last\"><input type=\"checkbox\" name=\"your-sport-7[]\" value=\"Kite surf\" \/><span class=\"wpcf7-list-item-label\">Kite surf<\/span><\/span><\/span><\/span>\n\t\t\t<\/p>\n\t\t<\/td>\n\t<\/tr>\n<\/table>\n<p>&nbsp;\n<\/p>\n<p><strong>Des questions\u00a0? N\u2019h\u00e9sitez pas \u00e0 nous les soumettre.<\/strong>\n<\/p>\n<p><span class=\"wpcf7-form-control-wrap\" data-name=\"your-question\"><textarea cols=\"40\" rows=\"10\" maxlength=\"2000\" class=\"wpcf7-form-control wpcf7-textarea\" aria-invalid=\"false\" name=\"your-question\"><\/textarea><\/span>\n<\/p>\n<p>Si vous avez une id\u00e9e du budget que vous souhaitez allouer \u00e0 votre voyage merci de nous l\u2019indiquer dans la devise correspondante \u00e0 votre pays (budget hors a\u00e9rien international).\n<\/p>\n<p><span class=\"wpcf7-form-control-wrap\" data-name=\"your-budget\"><input size=\"40\" maxlength=\"400\" class=\"wpcf7-form-control wpcf7-text\" aria-invalid=\"false\" value=\"\" type=\"text\" name=\"your-budget\" \/><\/span>\n<\/p>\n<p><input type=\"hidden\" name=\"_wpcf7_captcha_challenge_captcha-646\" value=\"2614083922\" \/><img loading=\"lazy\" decoding=\"async\" class=\"wpcf7-form-control wpcf7-captchac wpcf7-captcha-captcha-646\" width=\"72\" height=\"24\" alt=\"captcha\" src=\"http:\/\/nam-viet-voyage.com\/wp-content\/uploads\/wpcf7_captcha\/2614083922.png\" \/> : <span class=\"wpcf7-form-control-wrap\" data-name=\"captcha-646\"><input size=\"40\" class=\"wpcf7-form-control wpcf7-captchar\" autocomplete=\"off\" aria-invalid=\"false\" value=\"\" type=\"text\" name=\"captcha-646\" \/><\/span>\n<\/p>\n<p><input class=\"wpcf7-form-control wpcf7-submit has-spinner\" type=\"submit\" value=\"Envoyer\" \/>\n<\/p><div class=\"wpcf7-response-output\" aria-hidden=\"true\"><\/div>\n<\/form>\n<\/div>\n<\/div><\/div><\/div><\/section>\n<p><a href=\"\/\/www.pinterest.com\/pin\/create\/button\/\" data-pin-do=\"buttonBookmark\" data-pin-color=\"red\" data-pin-height=\"128\"><img decoding=\"async\" src=\"\/\/assets.pinterest.com\/images\/pidgets\/pinit_fg_en_rect_red_28.png\" \/><\/a><\/p>","protected":false},"excerpt":{"rendered":"Nous trouver 353\/7A Binh Quoi, P.28, Q. Binh Thanh, TP.HCM (inside Dat Phu Sa hotel)Bureau : +84.904.222.485stephane@nam-viet-voyage[vc_empty_space height=\"50\"][vc_wp_custommenu nav_menu=\"169\" title=\"Qui sommes-nous ? \"] Contactez-nous ! Afin de r\u00e9pondre correctement \u00e0...","protected":false},"author":1,"featured_media":0,"parent":0,"menu_order":0,"comment_status":"closed","ping_status":"closed","template":"","meta":{"_crdt_document":"","footnotes":""},"class_list":["post-9","page","type-page","status-publish","hentry"],"yoast_head":"<!-- This site is optimized with the Yoast SEO plugin v26.9 - https:\/\/yoast.com\/product\/yoast-seo-wordpress\/ -->\n<title>Contact - Nam Viet Voyage<\/title>\n<meta name=\"description\" content=\"N&#039;h\u00e9sitez pas \u00e0 nous contacter !\" \/>\n<meta name=\"robots\" content=\"index, follow, max-snippet:-1, max-image-preview:large, max-video-preview:-1\" \/>\n<link rel=\"canonical\" href=\"http:\/\/nam-viet-voyage.com\/fr\/contact\/\" \/>\n<meta property=\"og:locale\" content=\"fr_FR\" \/>\n<meta property=\"og:type\" content=\"article\" \/>\n<meta property=\"og:title\" content=\"Contact - Nam Viet Voyage\" \/>\n<meta property=\"og:description\" content=\"N&#039;h\u00e9sitez pas \u00e0 nous contacter !\" \/>\n<meta property=\"og:url\" content=\"http:\/\/nam-viet-voyage.com\/fr\/contact\/\" \/>\n<meta property=\"og:site_name\" content=\"Nam Viet Voyage\" \/>\n<meta property=\"article:publisher\" content=\"https:\/\/www.facebook.com\/NamVietVoyage\" \/>\n<meta property=\"article:modified_time\" content=\"2019-01-22T01:31:41+00:00\" \/>\n<meta name=\"twitter:card\" content=\"summary_large_image\" \/>\n<meta name=\"twitter:site\" content=\"@NamVietVoyage\" \/>\n<script type=\"application\/ld+json\" class=\"yoast-schema-graph\">{\"@context\":\"https:\/\/schema.org\",\"@graph\":[{\"@type\":\"WebPage\",\"@id\":\"http:\/\/nam-viet-voyage.com\/fr\/contact\/\",\"url\":\"http:\/\/nam-viet-voyage.com\/fr\/contact\/\",\"name\":\"Contact - Nam Viet Voyage\",\"isPartOf\":{\"@id\":\"https:\/\/nam-viet-voyage.com\/#website\"},\"datePublished\":\"2013-05-31T11:56:39+00:00\",\"dateModified\":\"2019-01-22T01:31:41+00:00\",\"description\":\"N'h\u00e9sitez pas \u00e0 nous contacter !\",\"breadcrumb\":{\"@id\":\"http:\/\/nam-viet-voyage.com\/fr\/contact\/#breadcrumb\"},\"inLanguage\":\"fr-FR\",\"potentialAction\":[{\"@type\":\"ReadAction\",\"target\":[\"http:\/\/nam-viet-voyage.com\/fr\/contact\/\"]}]},{\"@type\":\"BreadcrumbList\",\"@id\":\"http:\/\/nam-viet-voyage.com\/fr\/contact\/#breadcrumb\",\"itemListElement\":[{\"@type\":\"ListItem\",\"position\":1,\"name\":\"Home\",\"item\":\"http:\/\/nam-viet-voyage.com\/fr\/\"},{\"@type\":\"ListItem\",\"position\":2,\"name\":\"Contact\"}]},{\"@type\":\"WebSite\",\"@id\":\"https:\/\/nam-viet-voyage.com\/#website\",\"url\":\"https:\/\/nam-viet-voyage.com\/\",\"name\":\"Nam Viet Voyage\",\"description\":\"Voyages en Asie du Sud-Est\",\"potentialAction\":[{\"@type\":\"SearchAction\",\"target\":{\"@type\":\"EntryPoint\",\"urlTemplate\":\"https:\/\/nam-viet-voyage.com\/?s={search_term_string}\"},\"query-input\":{\"@type\":\"PropertyValueSpecification\",\"valueRequired\":true,\"valueName\":\"search_term_string\"}}],\"inLanguage\":\"fr-FR\"}]}<\/script>\n<!-- \/ Yoast SEO plugin. -->","yoast_head_json":{"title":"Contact - Nam Viet Voyage","description":"N'h\u00e9sitez pas \u00e0 nous contacter !","robots":{"index":"index","follow":"follow","max-snippet":"max-snippet:-1","max-image-preview":"max-image-preview:large","max-video-preview":"max-video-preview:-1"},"canonical":"http:\/\/nam-viet-voyage.com\/fr\/contact\/","og_locale":"fr_FR","og_type":"article","og_title":"Contact - Nam Viet Voyage","og_description":"N'h\u00e9sitez pas \u00e0 nous contacter !","og_url":"http:\/\/nam-viet-voyage.com\/fr\/contact\/","og_site_name":"Nam Viet Voyage","article_publisher":"https:\/\/www.facebook.com\/NamVietVoyage","article_modified_time":"2019-01-22T01:31:41+00:00","twitter_card":"summary_large_image","twitter_site":"@NamVietVoyage","schema":{"@context":"https:\/\/schema.org","@graph":[{"@type":"WebPage","@id":"http:\/\/nam-viet-voyage.com\/fr\/contact\/","url":"http:\/\/nam-viet-voyage.com\/fr\/contact\/","name":"Contact - Nam Viet Voyage","isPartOf":{"@id":"https:\/\/nam-viet-voyage.com\/#website"},"datePublished":"2013-05-31T11:56:39+00:00","dateModified":"2019-01-22T01:31:41+00:00","description":"N'h\u00e9sitez pas \u00e0 nous contacter !","breadcrumb":{"@id":"http:\/\/nam-viet-voyage.com\/fr\/contact\/#breadcrumb"},"inLanguage":"fr-FR","potentialAction":[{"@type":"ReadAction","target":["http:\/\/nam-viet-voyage.com\/fr\/contact\/"]}]},{"@type":"BreadcrumbList","@id":"http:\/\/nam-viet-voyage.com\/fr\/contact\/#breadcrumb","itemListElement":[{"@type":"ListItem","position":1,"name":"Home","item":"http:\/\/nam-viet-voyage.com\/fr\/"},{"@type":"ListItem","position":2,"name":"Contact"}]},{"@type":"WebSite","@id":"https:\/\/nam-viet-voyage.com\/#website","url":"https:\/\/nam-viet-voyage.com\/","name":"Nam Viet Voyage","description":"Voyages en Asie du Sud-Est","potentialAction":[{"@type":"SearchAction","target":{"@type":"EntryPoint","urlTemplate":"https:\/\/nam-viet-voyage.com\/?s={search_term_string}"},"query-input":{"@type":"PropertyValueSpecification","valueRequired":true,"valueName":"search_term_string"}}],"inLanguage":"fr-FR"}]}},"_links":{"self":[{"href":"http:\/\/nam-viet-voyage.com\/fr\/wp-json\/wp\/v2\/pages\/9","targetHints":{"allow":["GET"]}}],"collection":[{"href":"http:\/\/nam-viet-voyage.com\/fr\/wp-json\/wp\/v2\/pages"}],"about":[{"href":"http:\/\/nam-viet-voyage.com\/fr\/wp-json\/wp\/v2\/types\/page"}],"author":[{"embeddable":true,"href":"http:\/\/nam-viet-voyage.com\/fr\/wp-json\/wp\/v2\/users\/1"}],"replies":[{"embeddable":true,"href":"http:\/\/nam-viet-voyage.com\/fr\/wp-json\/wp\/v2\/comments?post=9"}],"version-history":[{"count":38,"href":"http:\/\/nam-viet-voyage.com\/fr\/wp-json\/wp\/v2\/pages\/9\/revisions"}],"predecessor-version":[{"id":11418,"href":"http:\/\/nam-viet-voyage.com\/fr\/wp-json\/wp\/v2\/pages\/9\/revisions\/11418"}],"wp:attachment":[{"href":"http:\/\/nam-viet-voyage.com\/fr\/wp-json\/wp\/v2\/media?parent=9"}],"curies":[{"name":"wp","href":"https:\/\/api.w.org\/{rel}","templated":true}]}}