{"id":8876,"date":"2015-08-25T03:10:47","date_gmt":"2015-08-25T03:10:47","guid":{"rendered":"http:\/\/nam-viet-voyage.com\/?page_id=8876"},"modified":"2016-05-25T07:44:54","modified_gmt":"2016-05-25T07:44:54","slug":"palm-garden-resort-hoi-an","status":"publish","type":"page","link":"http:\/\/nam-viet-voyage.com\/fr\/palm-garden-resort-hoi-an\/","title":{"rendered":"Palm Garden Resort &#8211; Hoi An"},"content":{"rendered":"<section class=\"l-section wpb_row height_medium\"><div class=\"l-section-h i-cf\"><div class=\"g-cols offset_small\"><div class=\" one-quarter\">[vc_wp_custommenu nav_menu=\u00a0\u00bb165&Prime; title=\u00a0\u00bbVotre h\u00f4tel &#8211; Baln\u00e9aire\u00a0\u00bb]<\/div><div class=\" three-quarters\"><div class=\"w-image  align_center\"><img loading=\"lazy\" decoding=\"async\" width=\"672\" height=\"200\" src=\"http:\/\/nam-viet-voyage.com\/wp-content\/uploads\/2015\/08\/palm-garden-resort-hoi-an.png\" class=\"attachment-full size-full\" alt=\"\" srcset=\"http:\/\/nam-viet-voyage.com\/wp-content\/uploads\/2015\/08\/palm-garden-resort-hoi-an.png 672w, http:\/\/nam-viet-voyage.com\/wp-content\/uploads\/2015\/08\/palm-garden-resort-hoi-an-300x89.png 300w, http:\/\/nam-viet-voyage.com\/wp-content\/uploads\/2015\/08\/palm-garden-resort-hoi-an-600x179.png 600w, http:\/\/nam-viet-voyage.com\/wp-content\/uploads\/2015\/08\/palm-garden-resort-hoi-an-150x45.png 150w\" sizes=\"auto, (max-width: 672px) 100vw, 672px\" \/><\/div><div class=\"wpb_text_column \"><div class=\"wpb_wrapper\">\n<h2 style=\"text-align: center;\">Palm Garden Resort &#8211; Hoi An<\/h2>\n<p style=\"text-align: justify;\">Au bord de la mer \u00e0 Hoi An, le Palm Garden Resort est un \u00e9tablissement grand standing, qui met tout en \u0153uvre pour le bien-\u00eatre de ses h\u00f4tes. Entre v\u00e9g\u00e9tation luxuriante et plage de sable blanc, les chambres, suites et bungalows sont id\u00e9alement situ\u00e9s, et b\u00e9n\u00e9ficient tous d\u2019un balcon ou d\u2019une terrasse priv\u00e9. Leur d\u00e9coration simple mais soign\u00e9e inspire l\u2019apaisement. Les bungalows, quant \u00e0 eux, jouissent d\u2019une particularit\u00e9 qui m\u00e9rite le d\u00e9tour : une baignoire en plein air, id\u00e9ale pour se d\u00e9tendre tout en profitant des bruits de la nature environnante.<\/p>\n<p style=\"text-align: justify;\">Au sein du resort, les h\u00f4tes peuvent profiter des activit\u00e9s en plein air, sur la plage, dans l\u2019eau ou dans le jardin. La grande piscine s\u2019\u00e9tend au c\u0153ur de l\u2019\u00e9tablissement. Une salle de sport est \u00e9galement ouverte tous les jours. Le spa de l\u2019h\u00f4tel se distingue par son extension install\u00e9e au c\u0153ur du jardin et qui permet d\u2019\u00eatre au plus proche de la nature durant les soins. C\u00f4t\u00e9 cuisine, l\u2019h\u00f4tel propose diff\u00e9rents types de restauration \u00e0 ses h\u00f4tes. Le Colibri Restaurant se situe entre la plage de Cua Dai et la piscine, permettant aux clients de profiter d\u2019un panorama insolite durant leur repas. Le Breeze Bar est lui aussi install\u00e9 au bord de la plage. Avec sa situation id\u00e9ale en bord de mer, et proche du centre historique d\u2019Hoi An, le Palm Garden Resort est un \u00e9tablissement qui se distingue par son service de grande qualit\u00e9.<\/p>\n<\/div> <\/div> <div class=\"g-cols wpb_row offset_small vc_inner \"><div class=\" full-width\">[vc_empty_space height=\u00a0\u00bb30px\u00a0\u00bb]<\/div><\/div><div class=\"g-cols wpb_row offset_small vc_inner \"><div class=\" one-half\"><div class=\"w-image  align_center\"><img loading=\"lazy\" decoding=\"async\" width=\"320\" height=\"213\" src=\"http:\/\/nam-viet-voyage.com\/wp-content\/uploads\/2015\/08\/palm-garden-breeze-bar.jpg\" class=\"attachment-full size-full\" alt=\"\" srcset=\"http:\/\/nam-viet-voyage.com\/wp-content\/uploads\/2015\/08\/palm-garden-breeze-bar.jpg 320w, http:\/\/nam-viet-voyage.com\/wp-content\/uploads\/2015\/08\/palm-garden-breeze-bar-300x200.jpg 300w, http:\/\/nam-viet-voyage.com\/wp-content\/uploads\/2015\/08\/palm-garden-breeze-bar-150x100.jpg 150w\" sizes=\"auto, (max-width: 320px) 100vw, 320px\" \/><\/div><div class=\"w-image  align_center\"><img loading=\"lazy\" decoding=\"async\" width=\"320\" height=\"213\" src=\"http:\/\/nam-viet-voyage.com\/wp-content\/uploads\/2015\/08\/palm-garden-pool.jpg\" class=\"attachment-full size-full\" alt=\"\" srcset=\"http:\/\/nam-viet-voyage.com\/wp-content\/uploads\/2015\/08\/palm-garden-pool.jpg 320w, http:\/\/nam-viet-voyage.com\/wp-content\/uploads\/2015\/08\/palm-garden-pool-300x200.jpg 300w, http:\/\/nam-viet-voyage.com\/wp-content\/uploads\/2015\/08\/palm-garden-pool-150x100.jpg 150w\" sizes=\"auto, (max-width: 320px) 100vw, 320px\" \/><\/div><\/div><div class=\" one-half\"><div class=\"w-image  align_center\"><img loading=\"lazy\" decoding=\"async\" width=\"320\" height=\"213\" src=\"http:\/\/nam-viet-voyage.com\/wp-content\/uploads\/2015\/08\/palm-garden-spa.jpg\" class=\"attachment-full size-full\" alt=\"\" srcset=\"http:\/\/nam-viet-voyage.com\/wp-content\/uploads\/2015\/08\/palm-garden-spa.jpg 320w, http:\/\/nam-viet-voyage.com\/wp-content\/uploads\/2015\/08\/palm-garden-spa-300x200.jpg 300w, http:\/\/nam-viet-voyage.com\/wp-content\/uploads\/2015\/08\/palm-garden-spa-150x100.jpg 150w\" sizes=\"auto, (max-width: 320px) 100vw, 320px\" \/><\/div><div class=\"w-image  align_center\"><img loading=\"lazy\" decoding=\"async\" width=\"320\" height=\"213\" src=\"http:\/\/nam-viet-voyage.com\/wp-content\/uploads\/2015\/08\/palm-garden-suite-bath.jpg\" class=\"attachment-full size-full\" alt=\"\" srcset=\"http:\/\/nam-viet-voyage.com\/wp-content\/uploads\/2015\/08\/palm-garden-suite-bath.jpg 320w, http:\/\/nam-viet-voyage.com\/wp-content\/uploads\/2015\/08\/palm-garden-suite-bath-300x200.jpg 300w, http:\/\/nam-viet-voyage.com\/wp-content\/uploads\/2015\/08\/palm-garden-suite-bath-150x100.jpg 150w\" sizes=\"auto, (max-width: 320px) 100vw, 320px\" \/><\/div><\/div><\/div><\/div><\/div><\/div><\/section><section class=\"l-section wpb_row height_medium color_secondary\"><div class=\"l-section-h i-cf\"><div class=\"g-cols offset_small\"><div class=\" full-width\"><div class=\"g-cols wpb_row offset_small vc_inner \"><div class=\" full-width\">[vc_custom_heading text=\u00a0\u00bbPour tout projet ou information compl\u00e9mentaire, merci de nous contacter !\u00a0\u00bb font_container=\u00a0\u00bbtag:p|font_size:24|text_align:center\u00a0\u00bb google_fonts=\u00a0\u00bbfont_family:Nothing%20You%20Could%20Do%3Aregular|font_style:400%20regular%3A400%3Anormal\u00a0\u00bb]\n<div class=\"wpcf7 no-js\" id=\"wpcf7-f5977-o1\" lang=\"fr-FR\" dir=\"ltr\" data-wpcf7-id=\"5977\">\n<div class=\"screen-reader-response\"><p role=\"status\" aria-live=\"polite\" aria-atomic=\"true\"><\/p> <ul><\/ul><\/div>\n<form action=\"\/fr\/wp-json\/wp\/v2\/pages\/8876#wpcf7-f5977-o1\" method=\"post\" class=\"wpcf7-form init\" aria-label=\"Formulaire de contact\" novalidate=\"novalidate\" data-status=\"init\">\n<fieldset class=\"hidden-fields-container\"><input type=\"hidden\" name=\"_wpcf7\" value=\"5977\" \/><input type=\"hidden\" name=\"_wpcf7_version\" value=\"6.1.5\" \/><input type=\"hidden\" name=\"_wpcf7_locale\" value=\"fr_FR\" \/><input type=\"hidden\" name=\"_wpcf7_unit_tag\" value=\"wpcf7-f5977-o1\" \/><input type=\"hidden\" name=\"_wpcf7_container_post\" value=\"0\" \/><input type=\"hidden\" name=\"_wpcf7_posted_data_hash\" value=\"\" \/>\n<\/fieldset>\n<p>Votre Nom *\n<\/p>\n<p><span class=\"wpcf7-form-control-wrap\" data-name=\"your-name\"><input size=\"40\" maxlength=\"400\" class=\"wpcf7-form-control wpcf7-text wpcf7-validates-as-required\" aria-required=\"true\" aria-invalid=\"false\" value=\"\" type=\"text\" name=\"your-name\" \/><\/span>\n<\/p>\n<p>Votre Email *\n<\/p>\n<p><span class=\"wpcf7-form-control-wrap\" data-name=\"your-email\"><input size=\"40\" maxlength=\"400\" class=\"wpcf7-form-control wpcf7-email wpcf7-validates-as-required wpcf7-text wpcf7-validates-as-email\" aria-required=\"true\" aria-invalid=\"false\" value=\"\" type=\"email\" name=\"your-email\" \/><\/span>\n<\/p>\n<p>Votre Message *\n<\/p>\n<p><span class=\"wpcf7-form-control-wrap\" data-name=\"your-message\"><textarea cols=\"40\" rows=\"10\" maxlength=\"2000\" class=\"wpcf7-form-control wpcf7-textarea wpcf7-validates-as-required\" aria-required=\"true\" aria-invalid=\"false\" name=\"your-message\"><\/textarea><\/span>\n<\/p>\n<p><input class=\"wpcf7-form-control wpcf7-submit has-spinner\" type=\"submit\" value=\"Envoyer\" \/>\n<\/p><div class=\"wpcf7-response-output\" aria-hidden=\"true\"><\/div>\n<\/form>\n<\/div>\n<\/div><\/div><\/div><\/div><\/div><\/section>\n<p><a href=\"\/\/www.pinterest.com\/pin\/create\/button\/\" data-pin-do=\"buttonBookmark\" data-pin-color=\"red\" data-pin-height=\"128\"><img decoding=\"async\" src=\"\/\/assets.pinterest.com\/images\/pidgets\/pinit_fg_en_rect_red_28.png\" \/><\/a><\/p>","protected":false},"excerpt":{"rendered":"[vc_wp_custommenu nav_menu=\"165\" title=\"Votre h\u00f4tel - Baln\u00e9aire\"] Palm Garden Resort - Hoi An Au bord de la mer \u00e0 Hoi An, le Palm Garden Resort est un \u00e9tablissement grand standing, qui...","protected":false},"author":5,"featured_media":0,"parent":0,"menu_order":0,"comment_status":"closed","ping_status":"open","template":"","meta":{"_crdt_document":"","footnotes":""},"class_list":["post-8876","page","type-page","status-publish","hentry"],"yoast_head":"<!-- This site is optimized with the Yoast SEO plugin v26.9 - https:\/\/yoast.com\/product\/yoast-seo-wordpress\/ -->\n<title>Palm Garden Resort - Hoi An - Nam Viet Voyage<\/title>\n<meta name=\"description\" content=\"\u00c0 Hoi An, le Palm Garden Resort se situe au bord de la mer, dans un vaste jardin. Tout y est con\u00e7u pour le service, la d\u00e9tente et la tranquillit\u00e9 des h\u00f4tes.\" \/>\n<meta name=\"robots\" content=\"index, follow, max-snippet:-1, max-image-preview:large, max-video-preview:-1\" \/>\n<link rel=\"canonical\" href=\"https:\/\/nam-viet-voyage.com\/fr\/palm-garden-resort-hoi-an\/\" \/>\n<meta property=\"og:locale\" content=\"fr_FR\" \/>\n<meta property=\"og:type\" content=\"article\" \/>\n<meta property=\"og:title\" content=\"Palm Garden Resort - Hoi An - Nam Viet Voyage\" \/>\n<meta property=\"og:description\" content=\"\u00c0 Hoi An, le Palm Garden Resort se situe au bord de la mer, dans un vaste jardin. Tout y est con\u00e7u pour le service, la d\u00e9tente et la tranquillit\u00e9 des h\u00f4tes.\" \/>\n<meta property=\"og:url\" content=\"https:\/\/nam-viet-voyage.com\/fr\/palm-garden-resort-hoi-an\/\" \/>\n<meta property=\"og:site_name\" content=\"Nam Viet Voyage\" \/>\n<meta property=\"article:publisher\" content=\"https:\/\/www.facebook.com\/NamVietVoyage\" \/>\n<meta property=\"article:modified_time\" content=\"2016-05-25T07:44:54+00:00\" \/>\n<meta name=\"twitter:card\" content=\"summary_large_image\" \/>\n<meta name=\"twitter:site\" content=\"@NamVietVoyage\" \/>\n<meta name=\"twitter:label1\" content=\"Dur\u00e9e de lecture estim\u00e9e\" \/>\n\t<meta name=\"twitter:data1\" content=\"2 minutes\" \/>\n<script type=\"application\/ld+json\" class=\"yoast-schema-graph\">{\"@context\":\"https:\/\/schema.org\",\"@graph\":[{\"@type\":\"WebPage\",\"@id\":\"https:\/\/nam-viet-voyage.com\/fr\/palm-garden-resort-hoi-an\/\",\"url\":\"https:\/\/nam-viet-voyage.com\/fr\/palm-garden-resort-hoi-an\/\",\"name\":\"Palm Garden Resort - Hoi An - Nam Viet Voyage\",\"isPartOf\":{\"@id\":\"http:\/\/nam-viet-voyage.com\/fr\/#website\"},\"datePublished\":\"2015-08-25T03:10:47+00:00\",\"dateModified\":\"2016-05-25T07:44:54+00:00\",\"description\":\"\u00c0 Hoi An, le Palm Garden Resort se situe au bord de la mer, dans un vaste jardin. Tout y est con\u00e7u pour le service, la d\u00e9tente et la tranquillit\u00e9 des h\u00f4tes.\",\"breadcrumb\":{\"@id\":\"https:\/\/nam-viet-voyage.com\/fr\/palm-garden-resort-hoi-an\/#breadcrumb\"},\"inLanguage\":\"fr-FR\",\"potentialAction\":[{\"@type\":\"ReadAction\",\"target\":[\"https:\/\/nam-viet-voyage.com\/fr\/palm-garden-resort-hoi-an\/\"]}]},{\"@type\":\"BreadcrumbList\",\"@id\":\"https:\/\/nam-viet-voyage.com\/fr\/palm-garden-resort-hoi-an\/#breadcrumb\",\"itemListElement\":[{\"@type\":\"ListItem\",\"position\":1,\"name\":\"Home\",\"item\":\"http:\/\/nam-viet-voyage.com\/fr\/\"},{\"@type\":\"ListItem\",\"position\":2,\"name\":\"Palm Garden Resort &#8211; Hoi An\"}]},{\"@type\":\"WebSite\",\"@id\":\"http:\/\/nam-viet-voyage.com\/fr\/#website\",\"url\":\"http:\/\/nam-viet-voyage.com\/fr\/\",\"name\":\"Nam Viet Voyage\",\"description\":\"Voyages en Asie du Sud-Est\",\"potentialAction\":[{\"@type\":\"SearchAction\",\"target\":{\"@type\":\"EntryPoint\",\"urlTemplate\":\"http:\/\/nam-viet-voyage.com\/fr\/?s={search_term_string}\"},\"query-input\":{\"@type\":\"PropertyValueSpecification\",\"valueRequired\":true,\"valueName\":\"search_term_string\"}}],\"inLanguage\":\"fr-FR\"}]}<\/script>\n<!-- \/ Yoast SEO plugin. -->","yoast_head_json":{"title":"Palm Garden Resort - Hoi An - Nam Viet Voyage","description":"\u00c0 Hoi An, le Palm Garden Resort se situe au bord de la mer, dans un vaste jardin. Tout y est con\u00e7u pour le service, la d\u00e9tente et la tranquillit\u00e9 des h\u00f4tes.","robots":{"index":"index","follow":"follow","max-snippet":"max-snippet:-1","max-image-preview":"max-image-preview:large","max-video-preview":"max-video-preview:-1"},"canonical":"https:\/\/nam-viet-voyage.com\/fr\/palm-garden-resort-hoi-an\/","og_locale":"fr_FR","og_type":"article","og_title":"Palm Garden Resort - Hoi An - Nam Viet Voyage","og_description":"\u00c0 Hoi An, le Palm Garden Resort se situe au bord de la mer, dans un vaste jardin. Tout y est con\u00e7u pour le service, la d\u00e9tente et la tranquillit\u00e9 des h\u00f4tes.","og_url":"https:\/\/nam-viet-voyage.com\/fr\/palm-garden-resort-hoi-an\/","og_site_name":"Nam Viet Voyage","article_publisher":"https:\/\/www.facebook.com\/NamVietVoyage","article_modified_time":"2016-05-25T07:44:54+00:00","twitter_card":"summary_large_image","twitter_site":"@NamVietVoyage","twitter_misc":{"Dur\u00e9e de lecture estim\u00e9e":"2 minutes"},"schema":{"@context":"https:\/\/schema.org","@graph":[{"@type":"WebPage","@id":"https:\/\/nam-viet-voyage.com\/fr\/palm-garden-resort-hoi-an\/","url":"https:\/\/nam-viet-voyage.com\/fr\/palm-garden-resort-hoi-an\/","name":"Palm Garden Resort - Hoi An - Nam Viet Voyage","isPartOf":{"@id":"http:\/\/nam-viet-voyage.com\/fr\/#website"},"datePublished":"2015-08-25T03:10:47+00:00","dateModified":"2016-05-25T07:44:54+00:00","description":"\u00c0 Hoi An, le Palm Garden Resort se situe au bord de la mer, dans un vaste jardin. Tout y est con\u00e7u pour le service, la d\u00e9tente et la tranquillit\u00e9 des h\u00f4tes.","breadcrumb":{"@id":"https:\/\/nam-viet-voyage.com\/fr\/palm-garden-resort-hoi-an\/#breadcrumb"},"inLanguage":"fr-FR","potentialAction":[{"@type":"ReadAction","target":["https:\/\/nam-viet-voyage.com\/fr\/palm-garden-resort-hoi-an\/"]}]},{"@type":"BreadcrumbList","@id":"https:\/\/nam-viet-voyage.com\/fr\/palm-garden-resort-hoi-an\/#breadcrumb","itemListElement":[{"@type":"ListItem","position":1,"name":"Home","item":"http:\/\/nam-viet-voyage.com\/fr\/"},{"@type":"ListItem","position":2,"name":"Palm Garden Resort &#8211; Hoi An"}]},{"@type":"WebSite","@id":"http:\/\/nam-viet-voyage.com\/fr\/#website","url":"http:\/\/nam-viet-voyage.com\/fr\/","name":"Nam Viet Voyage","description":"Voyages en Asie du Sud-Est","potentialAction":[{"@type":"SearchAction","target":{"@type":"EntryPoint","urlTemplate":"http:\/\/nam-viet-voyage.com\/fr\/?s={search_term_string}"},"query-input":{"@type":"PropertyValueSpecification","valueRequired":true,"valueName":"search_term_string"}}],"inLanguage":"fr-FR"}]}},"_links":{"self":[{"href":"http:\/\/nam-viet-voyage.com\/fr\/wp-json\/wp\/v2\/pages\/8876","targetHints":{"allow":["GET"]}}],"collection":[{"href":"http:\/\/nam-viet-voyage.com\/fr\/wp-json\/wp\/v2\/pages"}],"about":[{"href":"http:\/\/nam-viet-voyage.com\/fr\/wp-json\/wp\/v2\/types\/page"}],"author":[{"embeddable":true,"href":"http:\/\/nam-viet-voyage.com\/fr\/wp-json\/wp\/v2\/users\/5"}],"replies":[{"embeddable":true,"href":"http:\/\/nam-viet-voyage.com\/fr\/wp-json\/wp\/v2\/comments?post=8876"}],"version-history":[{"count":6,"href":"http:\/\/nam-viet-voyage.com\/fr\/wp-json\/wp\/v2\/pages\/8876\/revisions"}],"predecessor-version":[{"id":11236,"href":"http:\/\/nam-viet-voyage.com\/fr\/wp-json\/wp\/v2\/pages\/8876\/revisions\/11236"}],"wp:attachment":[{"href":"http:\/\/nam-viet-voyage.com\/fr\/wp-json\/wp\/v2\/media?parent=8876"}],"curies":[{"name":"wp","href":"https:\/\/api.w.org\/{rel}","templated":true}]}}