{"id":8844,"date":"2015-08-24T08:49:22","date_gmt":"2015-08-24T08:49:22","guid":{"rendered":"http:\/\/nam-viet-voyage.com\/?page_id=8844"},"modified":"2016-05-25T07:44:54","modified_gmt":"2016-05-25T07:44:54","slug":"boutique-hoi-an-resort","status":"publish","type":"page","link":"http:\/\/nam-viet-voyage.com\/fr\/boutique-hoi-an-resort\/","title":{"rendered":"Boutique Hoi An Resort"},"content":{"rendered":"<section class=\"l-section wpb_row height_medium\"><div class=\"l-section-h i-cf\"><div class=\"g-cols offset_small\"><div class=\" one-quarter\">[vc_wp_custommenu nav_menu=\u00a0\u00bb165&Prime; title=\u00a0\u00bbVotre h\u00f4tel &#8211; Baln\u00e9aire\u00a0\u00bb]<\/div><div class=\" three-quarters\"><div class=\"w-image  align_center\"><img loading=\"lazy\" decoding=\"async\" width=\"672\" height=\"200\" src=\"http:\/\/nam-viet-voyage.com\/wp-content\/uploads\/2015\/08\/boutique-hoi-an-resort-vietnam.png\" class=\"attachment-full size-full\" alt=\"\" srcset=\"http:\/\/nam-viet-voyage.com\/wp-content\/uploads\/2015\/08\/boutique-hoi-an-resort-vietnam.png 672w, http:\/\/nam-viet-voyage.com\/wp-content\/uploads\/2015\/08\/boutique-hoi-an-resort-vietnam-300x89.png 300w, http:\/\/nam-viet-voyage.com\/wp-content\/uploads\/2015\/08\/boutique-hoi-an-resort-vietnam-600x179.png 600w, http:\/\/nam-viet-voyage.com\/wp-content\/uploads\/2015\/08\/boutique-hoi-an-resort-vietnam-150x45.png 150w\" sizes=\"auto, (max-width: 672px) 100vw, 672px\" \/><\/div><div class=\"wpb_text_column \"><div class=\"wpb_wrapper\">\n<h2 style=\"text-align: center;\">Boutique Hoi An Resort<\/h2>\n<p style=\"text-align: justify;\">Le Boutique Hoi An Resort se situe sur la plage Cua Dai, \u00e0 seulement cinq minutes de la vieille ville d\u2019Hoi An, dans le centre du Vietnam. B\u00e9n\u00e9ficiant de sa propre plage priv\u00e9e, l\u2019h\u00f4tel se d\u00e9ploie autour d\u2019une superbe piscine centrale agr\u00e9ment\u00e9e d\u2019un jardin tropical. Deux possibilit\u00e9s de s\u00e9jour s\u2019offrent aux h\u00f4tes\u00a0: chambres ou villas, b\u00e9n\u00e9ficiant toutes d\u2019un balcon ou d\u2019une terrasse priv\u00e9e, ainsi que de la vue sur la mer. Pr\u00e8s de la piscine, le spa de l\u2019h\u00f4tel constitue un havre de paix pour le corps et l\u2019esprit. C\u00f4t\u00e9 cuisine, Le Caf\u00e9 propose des plats vietnamiens agr\u00e9ment\u00e9s d\u2019une touche de modernit\u00e9. Au niveau du lobby se trouve le bar Le Salon qui offre un large choix de vins venant du monde entier. Enfin, La Piscine permet, comme son nom l\u2019indique, de se d\u00e9salt\u00e9rer et de d\u00e9guster un en-cas les pieds dans l\u2019eau. L\u2019h\u00f4tel propose \u00e9galement des excursions journali\u00e8res sur les sites d\u2019exception de la r\u00e9gion d\u2019Hoi An tels que la vieille ville, My Son, les villages de p\u00eacheurs ou encore les Montagnes de Marbre.<\/p>\n<\/div> <\/div> <div class=\"g-cols wpb_row offset_small vc_inner \"><div class=\" full-width\">[vc_empty_space height=\u00a0\u00bb30px\u00a0\u00bb]<\/div><\/div><div class=\"g-cols wpb_row offset_small vc_inner \"><div class=\" one-half\"><div class=\"w-image  align_center\"><img loading=\"lazy\" decoding=\"async\" width=\"320\" height=\"213\" src=\"http:\/\/nam-viet-voyage.com\/wp-content\/uploads\/2015\/08\/boutique-hoi-an-pool.jpg\" class=\"attachment-full size-full\" alt=\"\" srcset=\"http:\/\/nam-viet-voyage.com\/wp-content\/uploads\/2015\/08\/boutique-hoi-an-pool.jpg 320w, http:\/\/nam-viet-voyage.com\/wp-content\/uploads\/2015\/08\/boutique-hoi-an-pool-300x200.jpg 300w, http:\/\/nam-viet-voyage.com\/wp-content\/uploads\/2015\/08\/boutique-hoi-an-pool-150x100.jpg 150w\" sizes=\"auto, (max-width: 320px) 100vw, 320px\" \/><\/div><div class=\"w-image  align_center\"><img loading=\"lazy\" decoding=\"async\" width=\"320\" height=\"213\" src=\"http:\/\/nam-viet-voyage.com\/wp-content\/uploads\/2015\/08\/boutique-hoi-an-private-beach.jpg\" class=\"attachment-full size-full\" alt=\"\" srcset=\"http:\/\/nam-viet-voyage.com\/wp-content\/uploads\/2015\/08\/boutique-hoi-an-private-beach.jpg 320w, http:\/\/nam-viet-voyage.com\/wp-content\/uploads\/2015\/08\/boutique-hoi-an-private-beach-300x200.jpg 300w, http:\/\/nam-viet-voyage.com\/wp-content\/uploads\/2015\/08\/boutique-hoi-an-private-beach-150x100.jpg 150w\" sizes=\"auto, (max-width: 320px) 100vw, 320px\" \/><\/div><\/div><div class=\" one-half\"><div class=\"w-image  align_center\"><img loading=\"lazy\" decoding=\"async\" width=\"320\" height=\"213\" src=\"http:\/\/nam-viet-voyage.com\/wp-content\/uploads\/2015\/08\/boutique-hoi-an-spa.jpg\" class=\"attachment-full size-full\" alt=\"\" srcset=\"http:\/\/nam-viet-voyage.com\/wp-content\/uploads\/2015\/08\/boutique-hoi-an-spa.jpg 320w, http:\/\/nam-viet-voyage.com\/wp-content\/uploads\/2015\/08\/boutique-hoi-an-spa-300x200.jpg 300w, http:\/\/nam-viet-voyage.com\/wp-content\/uploads\/2015\/08\/boutique-hoi-an-spa-150x100.jpg 150w\" sizes=\"auto, (max-width: 320px) 100vw, 320px\" \/><\/div><div class=\"w-image  align_center\"><img loading=\"lazy\" decoding=\"async\" width=\"320\" height=\"213\" src=\"http:\/\/nam-viet-voyage.com\/wp-content\/uploads\/2015\/08\/boutique-hoi-an-dinner.jpg\" class=\"attachment-full size-full\" alt=\"\" srcset=\"http:\/\/nam-viet-voyage.com\/wp-content\/uploads\/2015\/08\/boutique-hoi-an-dinner.jpg 320w, http:\/\/nam-viet-voyage.com\/wp-content\/uploads\/2015\/08\/boutique-hoi-an-dinner-300x200.jpg 300w, http:\/\/nam-viet-voyage.com\/wp-content\/uploads\/2015\/08\/boutique-hoi-an-dinner-150x100.jpg 150w\" sizes=\"auto, (max-width: 320px) 100vw, 320px\" \/><\/div><\/div><\/div><\/div><\/div><\/div><\/section><section class=\"l-section wpb_row height_medium color_secondary\"><div class=\"l-section-h i-cf\"><div class=\"g-cols offset_small\"><div class=\" full-width\"><div class=\"g-cols wpb_row offset_small vc_inner \"><div class=\" full-width\">[vc_custom_heading text=\u00a0\u00bbPour tout projet ou information compl\u00e9mentaire, merci de nous contacter !\u00a0\u00bb font_container=\u00a0\u00bbtag:p|font_size:24|text_align:center\u00a0\u00bb google_fonts=\u00a0\u00bbfont_family:Nothing%20You%20Could%20Do%3Aregular|font_style:400%20regular%3A400%3Anormal\u00a0\u00bb]\n<div class=\"wpcf7 no-js\" id=\"wpcf7-f5977-o1\" lang=\"fr-FR\" dir=\"ltr\" data-wpcf7-id=\"5977\">\n<div class=\"screen-reader-response\"><p role=\"status\" aria-live=\"polite\" aria-atomic=\"true\"><\/p> <ul><\/ul><\/div>\n<form action=\"\/fr\/wp-json\/wp\/v2\/pages\/8844#wpcf7-f5977-o1\" method=\"post\" class=\"wpcf7-form init\" aria-label=\"Formulaire de contact\" novalidate=\"novalidate\" data-status=\"init\">\n<fieldset class=\"hidden-fields-container\"><input type=\"hidden\" name=\"_wpcf7\" value=\"5977\" \/><input type=\"hidden\" name=\"_wpcf7_version\" value=\"6.1.5\" \/><input type=\"hidden\" name=\"_wpcf7_locale\" value=\"fr_FR\" \/><input type=\"hidden\" name=\"_wpcf7_unit_tag\" value=\"wpcf7-f5977-o1\" \/><input type=\"hidden\" name=\"_wpcf7_container_post\" value=\"0\" \/><input type=\"hidden\" name=\"_wpcf7_posted_data_hash\" value=\"\" \/>\n<\/fieldset>\n<p>Votre Nom *\n<\/p>\n<p><span class=\"wpcf7-form-control-wrap\" data-name=\"your-name\"><input size=\"40\" maxlength=\"400\" class=\"wpcf7-form-control wpcf7-text wpcf7-validates-as-required\" aria-required=\"true\" aria-invalid=\"false\" value=\"\" type=\"text\" name=\"your-name\" \/><\/span>\n<\/p>\n<p>Votre Email *\n<\/p>\n<p><span class=\"wpcf7-form-control-wrap\" data-name=\"your-email\"><input size=\"40\" maxlength=\"400\" class=\"wpcf7-form-control wpcf7-email wpcf7-validates-as-required wpcf7-text wpcf7-validates-as-email\" aria-required=\"true\" aria-invalid=\"false\" value=\"\" type=\"email\" name=\"your-email\" \/><\/span>\n<\/p>\n<p>Votre Message *\n<\/p>\n<p><span class=\"wpcf7-form-control-wrap\" data-name=\"your-message\"><textarea cols=\"40\" rows=\"10\" maxlength=\"2000\" class=\"wpcf7-form-control wpcf7-textarea wpcf7-validates-as-required\" aria-required=\"true\" aria-invalid=\"false\" name=\"your-message\"><\/textarea><\/span>\n<\/p>\n<p><input class=\"wpcf7-form-control wpcf7-submit has-spinner\" type=\"submit\" value=\"Envoyer\" \/>\n<\/p><div class=\"wpcf7-response-output\" aria-hidden=\"true\"><\/div>\n<\/form>\n<\/div>\n<\/div><\/div><\/div><\/div><\/div><\/section>\n<p><a href=\"\/\/www.pinterest.com\/pin\/create\/button\/\" data-pin-do=\"buttonBookmark\" data-pin-color=\"red\" data-pin-height=\"128\"><img decoding=\"async\" src=\"\/\/assets.pinterest.com\/images\/pidgets\/pinit_fg_en_rect_red_28.png\" \/><\/a><\/p>","protected":false},"excerpt":{"rendered":"[vc_wp_custommenu nav_menu=\"165\" title=\"Votre h\u00f4tel - Baln\u00e9aire\"] Boutique Hoi An Resort Le Boutique Hoi An Resort se situe sur la plage Cua Dai, \u00e0 seulement cinq minutes de la vieille ville...","protected":false},"author":5,"featured_media":0,"parent":0,"menu_order":0,"comment_status":"closed","ping_status":"open","template":"","meta":{"_crdt_document":"","footnotes":""},"class_list":["post-8844","page","type-page","status-publish","hentry"],"yoast_head":"<!-- This site is optimized with the Yoast SEO plugin v26.9 - https:\/\/yoast.com\/product\/yoast-seo-wordpress\/ -->\n<title>Boutique Hoi An Resort - Nam Viet Voyage<\/title>\n<meta name=\"description\" content=\"Avec sa plage priv\u00e9e, sa superbe piscine et son spa, le Boutique Hoi An Resort est l\u2019endroit id\u00e9al pour se d\u00e9tendre dans une atmosph\u00e8re luxueuse.\" \/>\n<meta name=\"robots\" content=\"index, follow, max-snippet:-1, max-image-preview:large, max-video-preview:-1\" \/>\n<link rel=\"canonical\" href=\"https:\/\/nam-viet-voyage.com\/fr\/boutique-hoi-an-resort\/\" \/>\n<meta property=\"og:locale\" content=\"fr_FR\" \/>\n<meta property=\"og:type\" content=\"article\" \/>\n<meta property=\"og:title\" content=\"Boutique Hoi An Resort - Nam Viet Voyage\" \/>\n<meta property=\"og:description\" content=\"Avec sa plage priv\u00e9e, sa superbe piscine et son spa, le Boutique Hoi An Resort est l\u2019endroit id\u00e9al pour se d\u00e9tendre dans une atmosph\u00e8re luxueuse.\" \/>\n<meta property=\"og:url\" content=\"https:\/\/nam-viet-voyage.com\/fr\/boutique-hoi-an-resort\/\" \/>\n<meta property=\"og:site_name\" content=\"Nam Viet Voyage\" \/>\n<meta property=\"article:publisher\" content=\"https:\/\/www.facebook.com\/NamVietVoyage\" \/>\n<meta property=\"article:modified_time\" content=\"2016-05-25T07:44:54+00:00\" \/>\n<meta name=\"twitter:card\" content=\"summary_large_image\" \/>\n<meta name=\"twitter:site\" content=\"@NamVietVoyage\" \/>\n<meta name=\"twitter:label1\" content=\"Dur\u00e9e de lecture estim\u00e9e\" \/>\n\t<meta name=\"twitter:data1\" content=\"2 minutes\" \/>\n<script type=\"application\/ld+json\" class=\"yoast-schema-graph\">{\"@context\":\"https:\/\/schema.org\",\"@graph\":[{\"@type\":\"WebPage\",\"@id\":\"https:\/\/nam-viet-voyage.com\/fr\/boutique-hoi-an-resort\/\",\"url\":\"https:\/\/nam-viet-voyage.com\/fr\/boutique-hoi-an-resort\/\",\"name\":\"Boutique Hoi An Resort - Nam Viet Voyage\",\"isPartOf\":{\"@id\":\"https:\/\/nam-viet-voyage.com\/#website\"},\"datePublished\":\"2015-08-24T08:49:22+00:00\",\"dateModified\":\"2016-05-25T07:44:54+00:00\",\"description\":\"Avec sa plage priv\u00e9e, sa superbe piscine et son spa, le Boutique Hoi An Resort est l\u2019endroit id\u00e9al pour se d\u00e9tendre dans une atmosph\u00e8re luxueuse.\",\"breadcrumb\":{\"@id\":\"https:\/\/nam-viet-voyage.com\/fr\/boutique-hoi-an-resort\/#breadcrumb\"},\"inLanguage\":\"fr-FR\",\"potentialAction\":[{\"@type\":\"ReadAction\",\"target\":[\"https:\/\/nam-viet-voyage.com\/fr\/boutique-hoi-an-resort\/\"]}]},{\"@type\":\"BreadcrumbList\",\"@id\":\"https:\/\/nam-viet-voyage.com\/fr\/boutique-hoi-an-resort\/#breadcrumb\",\"itemListElement\":[{\"@type\":\"ListItem\",\"position\":1,\"name\":\"Home\",\"item\":\"http:\/\/nam-viet-voyage.com\/fr\/\"},{\"@type\":\"ListItem\",\"position\":2,\"name\":\"Boutique Hoi An Resort\"}]},{\"@type\":\"WebSite\",\"@id\":\"https:\/\/nam-viet-voyage.com\/#website\",\"url\":\"https:\/\/nam-viet-voyage.com\/\",\"name\":\"Nam Viet Voyage\",\"description\":\"Voyages en Asie du Sud-Est\",\"potentialAction\":[{\"@type\":\"SearchAction\",\"target\":{\"@type\":\"EntryPoint\",\"urlTemplate\":\"https:\/\/nam-viet-voyage.com\/?s={search_term_string}\"},\"query-input\":{\"@type\":\"PropertyValueSpecification\",\"valueRequired\":true,\"valueName\":\"search_term_string\"}}],\"inLanguage\":\"fr-FR\"}]}<\/script>\n<!-- \/ Yoast SEO plugin. -->","yoast_head_json":{"title":"Boutique Hoi An Resort - Nam Viet Voyage","description":"Avec sa plage priv\u00e9e, sa superbe piscine et son spa, le Boutique Hoi An Resort est l\u2019endroit id\u00e9al pour se d\u00e9tendre dans une atmosph\u00e8re luxueuse.","robots":{"index":"index","follow":"follow","max-snippet":"max-snippet:-1","max-image-preview":"max-image-preview:large","max-video-preview":"max-video-preview:-1"},"canonical":"https:\/\/nam-viet-voyage.com\/fr\/boutique-hoi-an-resort\/","og_locale":"fr_FR","og_type":"article","og_title":"Boutique Hoi An Resort - Nam Viet Voyage","og_description":"Avec sa plage priv\u00e9e, sa superbe piscine et son spa, le Boutique Hoi An Resort est l\u2019endroit id\u00e9al pour se d\u00e9tendre dans une atmosph\u00e8re luxueuse.","og_url":"https:\/\/nam-viet-voyage.com\/fr\/boutique-hoi-an-resort\/","og_site_name":"Nam Viet Voyage","article_publisher":"https:\/\/www.facebook.com\/NamVietVoyage","article_modified_time":"2016-05-25T07:44:54+00:00","twitter_card":"summary_large_image","twitter_site":"@NamVietVoyage","twitter_misc":{"Dur\u00e9e de lecture estim\u00e9e":"2 minutes"},"schema":{"@context":"https:\/\/schema.org","@graph":[{"@type":"WebPage","@id":"https:\/\/nam-viet-voyage.com\/fr\/boutique-hoi-an-resort\/","url":"https:\/\/nam-viet-voyage.com\/fr\/boutique-hoi-an-resort\/","name":"Boutique Hoi An Resort - Nam Viet Voyage","isPartOf":{"@id":"https:\/\/nam-viet-voyage.com\/#website"},"datePublished":"2015-08-24T08:49:22+00:00","dateModified":"2016-05-25T07:44:54+00:00","description":"Avec sa plage priv\u00e9e, sa superbe piscine et son spa, le Boutique Hoi An Resort est l\u2019endroit id\u00e9al pour se d\u00e9tendre dans une atmosph\u00e8re luxueuse.","breadcrumb":{"@id":"https:\/\/nam-viet-voyage.com\/fr\/boutique-hoi-an-resort\/#breadcrumb"},"inLanguage":"fr-FR","potentialAction":[{"@type":"ReadAction","target":["https:\/\/nam-viet-voyage.com\/fr\/boutique-hoi-an-resort\/"]}]},{"@type":"BreadcrumbList","@id":"https:\/\/nam-viet-voyage.com\/fr\/boutique-hoi-an-resort\/#breadcrumb","itemListElement":[{"@type":"ListItem","position":1,"name":"Home","item":"http:\/\/nam-viet-voyage.com\/fr\/"},{"@type":"ListItem","position":2,"name":"Boutique Hoi An Resort"}]},{"@type":"WebSite","@id":"https:\/\/nam-viet-voyage.com\/#website","url":"https:\/\/nam-viet-voyage.com\/","name":"Nam Viet Voyage","description":"Voyages en Asie du Sud-Est","potentialAction":[{"@type":"SearchAction","target":{"@type":"EntryPoint","urlTemplate":"https:\/\/nam-viet-voyage.com\/?s={search_term_string}"},"query-input":{"@type":"PropertyValueSpecification","valueRequired":true,"valueName":"search_term_string"}}],"inLanguage":"fr-FR"}]}},"_links":{"self":[{"href":"http:\/\/nam-viet-voyage.com\/fr\/wp-json\/wp\/v2\/pages\/8844","targetHints":{"allow":["GET"]}}],"collection":[{"href":"http:\/\/nam-viet-voyage.com\/fr\/wp-json\/wp\/v2\/pages"}],"about":[{"href":"http:\/\/nam-viet-voyage.com\/fr\/wp-json\/wp\/v2\/types\/page"}],"author":[{"embeddable":true,"href":"http:\/\/nam-viet-voyage.com\/fr\/wp-json\/wp\/v2\/users\/5"}],"replies":[{"embeddable":true,"href":"http:\/\/nam-viet-voyage.com\/fr\/wp-json\/wp\/v2\/comments?post=8844"}],"version-history":[{"count":16,"href":"http:\/\/nam-viet-voyage.com\/fr\/wp-json\/wp\/v2\/pages\/8844\/revisions"}],"predecessor-version":[{"id":11240,"href":"http:\/\/nam-viet-voyage.com\/fr\/wp-json\/wp\/v2\/pages\/8844\/revisions\/11240"}],"wp:attachment":[{"href":"http:\/\/nam-viet-voyage.com\/fr\/wp-json\/wp\/v2\/media?parent=8844"}],"curies":[{"name":"wp","href":"https:\/\/api.w.org\/{rel}","templated":true}]}}