{"id":8,"date":"2013-05-31T08:44:43","date_gmt":"2013-05-31T08:44:43","guid":{"rendered":"http:\/\/us-themes.com\/wp\/Vittoria\/?page_id=2"},"modified":"2016-05-25T07:45:09","modified_gmt":"2016-05-25T07:45:09","slug":"sample-page-2","status":"publish","type":"page","link":"http:\/\/nam-viet-voyage.com\/fr\/","title":{"rendered":"Accueil"},"content":{"rendered":"<section class=\"l-section wpb_row height_auto width_full\"><div class=\"l-section-h i-cf\"><div class=\"g-cols offset_small\"><div class=\" full-width\">[rev_slider_vc alias=\u00a0\u00bbHome-final\u00a0\u00bb]<\/div><\/div><\/div><\/section><section class=\"l-section wpb_row height_medium\"><div class=\"l-section-h i-cf\"><div class=\"g-cols offset_small\"><div class=\" one-quarter\"><div class=\"wpb_text_column \"><div class=\"wpb_wrapper\">\n<p style=\"text-align: center;\"><strong><a ref=\"magnificPopup\" href=\"http:\/\/nam-viet-voyage.com\/wp-content\/uploads\/2013\/05\/icone-nos-tour.png\"><img loading=\"lazy\" decoding=\"async\" class=\"aligncenter wp-image-8133 size-thumbnail\" src=\"http:\/\/nam-viet-voyage.com\/wp-content\/uploads\/2013\/05\/icone-nos-tour-150x150.png\" alt=\"\" width=\"150\" height=\"150\" srcset=\"http:\/\/nam-viet-voyage.com\/wp-content\/uploads\/2013\/05\/icone-nos-tour-150x150.png 150w, http:\/\/nam-viet-voyage.com\/wp-content\/uploads\/2013\/05\/icone-nos-tour.png 300w, http:\/\/nam-viet-voyage.com\/wp-content\/uploads\/2013\/05\/icone-nos-tour-200x200.png 200w\" sizes=\"auto, (max-width: 150px) 100vw, 150px\" \/><\/a><\/strong><strong><a href=\"http:\/\/nam-viet-voyage.com\/fr\/circuit-vietnam-incontournables-classique-court\/\">Nos Tours<br \/>\n<\/a><\/strong>Des circuits faits sur mesure<\/p>\n<\/div> <\/div> <\/div><div class=\" one-quarter\"><div class=\"wpb_text_column \"><div class=\"wpb_wrapper\">\n<p style=\"text-align: center;\"><a ref=\"magnificPopup\" href=\"http:\/\/nam-viet-voyage.com\/wp-content\/uploads\/2013\/05\/icone-blog.png\"><img loading=\"lazy\" decoding=\"async\" class=\"aligncenter wp-image-8131 size-thumbnail\" src=\"http:\/\/nam-viet-voyage.com\/wp-content\/uploads\/2013\/05\/icone-blog-150x150.png\" alt=\"\" width=\"150\" height=\"150\" srcset=\"http:\/\/nam-viet-voyage.com\/wp-content\/uploads\/2013\/05\/icone-blog-150x150.png 150w, http:\/\/nam-viet-voyage.com\/wp-content\/uploads\/2013\/05\/icone-blog.png 300w, http:\/\/nam-viet-voyage.com\/wp-content\/uploads\/2013\/05\/icone-blog-200x200.png 200w\" sizes=\"auto, (max-width: 150px) 100vw, 150px\" \/><\/a><strong><a title=\"Notre Blog\" href=\"http:\/\/nam-viet-voyage.com\/fr\/carnet-de-voyage\/\" target=\"_blank\">Notre Blog<br \/>\n<\/a><\/strong><span style=\"text-align: center; line-height: 1.5;\">D\u00e9couvrez notre carnet de voyage de l\u2019Asie du Sud-Est<\/span><\/p>\n<\/div> <\/div> <\/div><div class=\" one-quarter\"><div class=\"wpb_text_column \"><div class=\"wpb_wrapper\">\n<p style=\"text-align: center;\"><a ref=\"magnificPopup\" href=\"http:\/\/nam-viet-voyage.com\/wp-content\/uploads\/2013\/05\/icone-a-la-carte.png\"><img loading=\"lazy\" decoding=\"async\" class=\"aligncenter wp-image-8130 size-thumbnail\" src=\"http:\/\/nam-viet-voyage.com\/wp-content\/uploads\/2013\/05\/icone-a-la-carte-150x150.png\" alt=\"\" width=\"150\" height=\"150\" srcset=\"http:\/\/nam-viet-voyage.com\/wp-content\/uploads\/2013\/05\/icone-a-la-carte-150x150.png 150w, http:\/\/nam-viet-voyage.com\/wp-content\/uploads\/2013\/05\/icone-a-la-carte.png 300w, http:\/\/nam-viet-voyage.com\/wp-content\/uploads\/2013\/05\/icone-a-la-carte-200x200.png 200w\" sizes=\"auto, (max-width: 150px) 100vw, 150px\" \/><\/a><strong><a href=\"http:\/\/nam-viet-voyage.com\/notre-carte-du-vietnam\/\">Notre Carte<\/a><\/strong><br \/>\n<span style=\"line-height: 1.5;\">Inspirez vous de notre carte pour cr\u00e9er votre parcours id\u00e9al<\/span><\/p>\n<\/div> <\/div> <\/div><div class=\" one-quarter\"><div class=\"wpb_text_column \"><div class=\"wpb_wrapper\">\n<p style=\"text-align: center;\"><strong><a ref=\"magnificPopup\" href=\"http:\/\/nam-viet-voyage.com\/wp-content\/uploads\/2013\/05\/icone-infos-ptratiques.png\"><img loading=\"lazy\" decoding=\"async\" class=\"aligncenter wp-image-8129 size-thumbnail\" src=\"http:\/\/nam-viet-voyage.com\/wp-content\/uploads\/2013\/05\/icone-infos-ptratiques-150x150.png\" alt=\"\" width=\"150\" height=\"150\" srcset=\"http:\/\/nam-viet-voyage.com\/wp-content\/uploads\/2013\/05\/icone-infos-ptratiques-150x150.png 150w, http:\/\/nam-viet-voyage.com\/wp-content\/uploads\/2013\/05\/icone-infos-ptratiques.png 300w, http:\/\/nam-viet-voyage.com\/wp-content\/uploads\/2013\/05\/icone-infos-ptratiques-200x200.png 200w\" sizes=\"auto, (max-width: 150px) 100vw, 150px\" \/><\/a><a href=\"http:\/\/nam-viet-voyage.com\/informations-pratiques\">Infos Pratiques<\/a><br \/>\n<\/strong>Retrouvez tous nos conseils pour pr\u00e9parer au mieux votre voyage !<\/p>\n<\/div> <\/div> <\/div><\/div><\/div><\/section><section class=\"l-section wpb_row height_medium with_img with_overlay\"><div class=\"l-section-img\" style=\"background-image: url(http:\/\/nam-viet-voyage.com\/wp-content\/uploads\/2013\/05\/trace-peinture-orange.png);\" data-img-width=\"1500\" data-img-height=\"600\"><\/div><div class=\"l-section-overlay\" style=\"background-color: rgba(255,255,255,0.1)\"><\/div><div class=\"l-section-h i-cf\"><div class=\"g-cols offset_small\"><div class=\" full-width\">[vc_custom_heading text=\u00a0\u00bbNe visitez pas le Vietnam, vivez-le !\u00a0\u00bb font_container=\u00a0\u00bbtag:h2|text_align:center|color:%2347240e\u00a0\u00bb google_fonts=\u00a0\u00bbfont_family:Nothing%20You%20Could%20Do%3Aregular|font_style:400%20regular%3A400%3Anormal\u00a0\u00bb]<\/div><\/div><\/div><\/section><section class=\"l-section wpb_row height_medium\"><div class=\"l-section-h i-cf\"><div class=\"g-cols offset_small\"><div class=\" full-width\"><div class=\"wpb_text_column \"><div class=\"wpb_wrapper\">\n<p style=\"text-align: center;\">Nam Viet Voyage est une agence de voyages bas\u00e9e \u00e0 H\u00f4 Chi Minh-Ville. Notre \u00e9quipe, jeune et dynamique, est unie autour d\u2019une passion commune : faire d\u00e9couvrir ce superbe pays qu\u2019est le Vietnam. Mais contrairement aux autres agences, nous n\u2019avons pas envie de vous le faire visiter. Ce que nous souhaitons, c\u2019est que vous viviez le Vietnam. Pour cela, nous vous emm\u00e8nerons \u00e0 la rencontre de ce qui fait la beaut\u00e9 du pays : ses chaleureux habitants et ses paysages surprenants. Et comme nous aimons la nature et l\u2019aventure, nous ne nous contenterons pas du trajet touristique classique. Bien s\u00fbr, nous vous guiderons \u00e0 travers les incontournables du pays. Mais sans doute serez-vous assis \u00e0 l\u2019arri\u00e8re d\u2019une moto, ou reviendrez-vous d\u2019une s\u00e9ance d\u2019\u00e9quilibre dans les rizi\u00e8res de Saigon\u2026 Vous aurez peut-\u00eatre des baguettes de cuisine dans les mains pour cuire des nems, ou des b\u00e2tons d\u2019encens \u00e0 allumer pour honorer les anc\u00eatres\u2026 Qui sait ? Tout est possible lorsqu\u2019on est pr\u00eat \u00e0 vivre l\u2019exp\u00e9rience !<\/p>\n<\/div> <\/div> <div class=\"g-cols wpb_row offset_small vc_inner \"><div class=\" full-width\"><div class=\"wpb_text_column \"><div class=\"wpb_wrapper\"><a href=\"http:\/\/www.petitfute.com\/v44965-ho-chi-minh-ville\/c1173-visites-points-d-interet\/1565344-nam-viet-voyage.html\" target=\"_blank\" rel=\"attachment wp-att-10308\"><img loading=\"lazy\" decoding=\"async\" class=\"aligncenter wp-image-10308\" src=\"http:\/\/nam-viet-voyage.com\/wp-content\/uploads\/2013\/05\/recommande-petit-fute-2016.jpg\" alt=\"recommande-petit-fute-2016\" width=\"500\" height=\"73\" srcset=\"http:\/\/nam-viet-voyage.com\/wp-content\/uploads\/2013\/05\/recommande-petit-fute-2016.jpg 765w, http:\/\/nam-viet-voyage.com\/wp-content\/uploads\/2013\/05\/recommande-petit-fute-2016-300x44.jpg 300w, http:\/\/nam-viet-voyage.com\/wp-content\/uploads\/2013\/05\/recommande-petit-fute-2016-600x87.jpg 600w\" sizes=\"auto, (max-width: 500px) 100vw, 500px\" \/><\/a><\/div> <\/div> <\/div><\/div><\/div><\/div><\/div><\/section><section class=\"l-section wpb_row height_medium\"><div class=\"l-section-h i-cf\"><div class=\"g-cols offset_small\"><div class=\" full-width\">[vc_custom_heading text=\u00a0\u00bbNos Vid\u00e9os\u00a0\u00bb font_container=\u00a0\u00bbtag:h2|font_size:30|text_align:center|color:%2347240e\u00a0\u00bb google_fonts=\u00a0\u00bbfont_family:Nothing%20You%20Could%20Do%3Aregular|font_style:400%20regular%3A400%3Anormal\u00a0\u00bb]<\/div><\/div><\/div><\/section><section class=\"l-section wpb_row height_auto\"><div class=\"l-section-h i-cf\"><div class=\"g-cols offset_small\"><div class=\" one-half\"><div class=\"wpb_text_column \"><div class=\"wpb_wrapper\">\n<p><iframe loading=\"lazy\" src=\"https:\/\/www.youtube.com\/embed\/JePdr4KwmBA\" width=\"560\" height=\"315\" frameborder=\"0\" allowfullscreen=\"allowfullscreen\"><\/iframe><\/p>\n<\/div> <\/div> <\/div><div class=\" one-half\"><div class=\"wpb_text_column \"><div class=\"wpb_wrapper\">\n<p><iframe loading=\"lazy\" src=\"https:\/\/www.youtube.com\/embed\/adnemDL3W8Y\" width=\"560\" height=\"315\" frameborder=\"0\" allowfullscreen=\"allowfullscreen\"><\/iframe><\/p>\n<\/div> <\/div> <\/div><\/div><\/div><\/section><section class=\"l-section wpb_row height_auto\"><div class=\"l-section-h i-cf\"><div class=\"g-cols offset_small\"><div class=\" full-width\">[vc_empty_space height=\u00a0\u00bb40px\u00a0\u00bb]<\/div><\/div><\/div><\/section><section class=\"l-section wpb_row height_medium with_img\"><div class=\"l-section-img\" style=\"background-image: url(http:\/\/nam-viet-voyage.com\/wp-content\/uploads\/2013\/05\/bande-beige.png);\" data-img-width=\"1500\" data-img-height=\"600\"><\/div><div class=\"l-section-h i-cf\"><div class=\"g-cols offset_small\"><div class=\" full-width\">[vc_custom_heading text=\u00a0\u00bbNotre carnet de voyage &#8211; Blog\u00a0\u00bb font_container=\u00a0\u00bbtag:h2|font_size:30|text_align:center|color:%2347240e\u00a0\u00bb google_fonts=\u00a0\u00bbfont_family:Nothing%20You%20Could%20Do%3Aregular|font_style:400%20regular%3A400%3Anormal\u00a0\u00bb]<\/div><\/div><\/div><\/section><section class=\"l-section wpb_row height_auto\"><div class=\"l-section-h i-cf\"><div class=\"g-cols offset_small\"><div class=\" full-width\">[vc_empty_space height=\u00a0\u00bb20px\u00a0\u00bb]<\/div><\/div><\/div><\/section><section class=\"l-section wpb_row height_medium\"><div class=\"l-section-h i-cf\"><div class=\"g-cols offset_small\"><div class=\" full-width\"><div class=\"w-blog layout_latest cols_3\"><div class=\"w-blog-list\">\r\n\r\n<div class=\"w-blog-post vietnam post-11420 post type-post status-publish format-standard hentry category-vietnam\" data-id=\"11420\" data-categories=\"vietnam\">\r\n\t<div class=\"w-blog-post-h\">\r\n\t\t<div class=\"w-blog-post-body\">\r\n\t\t\t<h2 class=\"w-blog-post-title\">\r\n\t\t\t\t<a class=\"entry-title\" rel=\"bookmark\" href=\"http:\/\/nam-viet-voyage.com\/fr\/vol-pour-le-vietnam\/\">5 conseils et astuces pour prendre son vol pour le Vietnam<\/a>\r\n\t\t\t<\/h2>\r\n\t\t\t<div class=\"w-blog-post-meta\">\r\n\t\t\t\t<time class=\"w-blog-post-meta-date date updated\"><span class=\"w-blog-post-meta-date-month\">Avr<\/span><span class=\"w-blog-post-meta-date-day\">29<\/span><span class=\"w-blog-post-meta-date-year\">2021<\/span><\/time><span class=\"w-blog-post-meta-author vcard author hidden\"><span class=\"fn\">myrmex<\/span><\/span>\t\t\t<\/div>\r\n\t\t\t<div class=\"w-blog-post-content\">\r\n\t\t\t\t<p>Vous vous appr\u00eatez \u00e0 partir au Vietnam et vous allez bient\u00f4t prendre l\u2019avion pour le Vietnam. Vous trouverez dans cet article, 5 de nos conseils pour bien pr\u00e9parer votre voyage&#8230;.<\/p>\n\t\t\t<\/div>\r\n\t\t<\/div>\r\n\t<\/div>\r\n<\/div>\r\n\r\n\r\n\r\n<div class=\"w-blog-post culture histoire vietnam post-11037 post type-post status-publish format-standard has-post-thumbnail hentry category-culture category-histoire category-vietnam\" data-id=\"11037\" data-categories=\"culture,histoire,vietnam\">\r\n\t<div class=\"w-blog-post-h\">\r\n\t\t<div class=\"w-blog-post-body\">\r\n\t\t\t<h2 class=\"w-blog-post-title\">\r\n\t\t\t\t<a class=\"entry-title\" rel=\"bookmark\" href=\"http:\/\/nam-viet-voyage.com\/fr\/alexandre-yersin-le-medecin-explorateur\/\">Alexandre Yersin, le m\u00e9decin explorateur<\/a>\r\n\t\t\t<\/h2>\r\n\t\t\t<div class=\"w-blog-post-meta\">\r\n\t\t\t\t<time class=\"w-blog-post-meta-date date updated\"><span class=\"w-blog-post-meta-date-month\">Avr<\/span><span class=\"w-blog-post-meta-date-day\">15<\/span><span class=\"w-blog-post-meta-date-year\">2016<\/span><\/time><span class=\"w-blog-post-meta-author vcard author hidden\"><span class=\"fn\">Nam Viet Voyage<\/span><\/span>\t\t\t<\/div>\r\n\t\t\t<div class=\"w-blog-post-content\">\r\n\t\t\t\t<p>Alexandre Yersin passa une grande partie de sa vie en Indochine et d\u00e9dia sa vie \u00e0 la m\u00e9decine, d\u00e9couvrant l\u2019un des bacilles de la peste \u00e0 Hong Kong. <\/p>\n\t\t\t<\/div>\r\n\t\t<\/div>\r\n\t<\/div>\r\n<\/div>\r\n\r\n\r\n\r\n<div class=\"w-blog-post cambodge traditions post-11026 post type-post status-publish format-standard has-post-thumbnail hentry category-cambodge category-traditions tag-cambodge tag-chaul-chnam tag-khmer tag-nouvel-an-khmer\" data-id=\"11026\" data-categories=\"cambodge,traditions\">\r\n\t<div class=\"w-blog-post-h\">\r\n\t\t<div class=\"w-blog-post-body\">\r\n\t\t\t<h2 class=\"w-blog-post-title\">\r\n\t\t\t\t<a class=\"entry-title\" rel=\"bookmark\" href=\"http:\/\/nam-viet-voyage.com\/fr\/chaul-chnam-thmey-nouvel-an-khmer\/\">Chaul Chnam Thmey, le nouvel an khmer<\/a>\r\n\t\t\t<\/h2>\r\n\t\t\t<div class=\"w-blog-post-meta\">\r\n\t\t\t\t<time class=\"w-blog-post-meta-date date updated\"><span class=\"w-blog-post-meta-date-month\">Avr<\/span><span class=\"w-blog-post-meta-date-day\">13<\/span><span class=\"w-blog-post-meta-date-year\">2016<\/span><\/time><span class=\"w-blog-post-meta-author vcard author hidden\"><span class=\"fn\">Nam Viet Voyage<\/span><\/span>\t\t\t<\/div>\r\n\t\t\t<div class=\"w-blog-post-content\">\r\n\t\t\t\t<p>Le nouvel an khmer, Chaul Chnam Thmey en cambodgien, est l&rsquo;occasion de trois jours de c\u00e9l\u00e9brations, de f\u00eates et de jeux au milieu du mois d&rsquo;avril.<\/p>\n\t\t\t<\/div>\r\n\t\t<\/div>\r\n\t<\/div>\r\n<\/div>\r\n\r\n<\/div><\/div><\/div><\/div><\/div><\/section>\n<p><a href=\"\/\/www.pinterest.com\/pin\/create\/button\/\" data-pin-do=\"buttonBookmark\" data-pin-color=\"red\" data-pin-height=\"128\"><img decoding=\"async\" src=\"\/\/assets.pinterest.com\/images\/pidgets\/pinit_fg_en_rect_red_28.png\" \/><\/a><\/p>","protected":false},"excerpt":{"rendered":"Comme tous les ans \u00e0 la mi-avril, les communaut\u00e9s khm\u00e8res du monde entier vont f\u00eater le passage \u00e0 la nouvelle ann\u00e9e. H\u00e9rit\u00e9e du bouddhisme, cette c\u00e9l\u00e9bration est l\u2019une des plus...","protected":false},"author":1,"featured_media":8517,"parent":0,"menu_order":0,"comment_status":"closed","ping_status":"closed","template":"","meta":{"_crdt_document":"","footnotes":""},"class_list":["post-8","page","type-page","status-publish","has-post-thumbnail","hentry"],"yoast_head":"<!-- This site is optimized with the Yoast SEO plugin v26.9 - https:\/\/yoast.com\/product\/yoast-seo-wordpress\/ -->\n<title>Accueil - Nam Viet Voyage<\/title>\n<meta name=\"description\" content=\"Ne visitez pas le Vietnam, vivez-le !\" \/>\n<meta name=\"robots\" content=\"index, follow, max-snippet:-1, max-image-preview:large, max-video-preview:-1\" \/>\n<link rel=\"canonical\" href=\"http:\/\/nam-viet-voyage.com\/fr\/\" \/>\n<meta property=\"og:locale\" content=\"fr_FR\" \/>\n<meta property=\"og:type\" content=\"article\" \/>\n<meta property=\"og:title\" content=\"Accueil - Nam Viet Voyage\" \/>\n<meta property=\"og:description\" content=\"Ne visitez pas le Vietnam, vivez-le !\" \/>\n<meta property=\"og:url\" content=\"http:\/\/nam-viet-voyage.com\/fr\/\" \/>\n<meta property=\"og:site_name\" content=\"Nam Viet Voyage\" \/>\n<meta property=\"article:publisher\" content=\"https:\/\/www.facebook.com\/NamVietVoyage\" \/>\n<meta property=\"article:modified_time\" content=\"2016-05-25T07:45:09+00:00\" \/>\n<meta property=\"og:image\" content=\"http:\/\/nam-viet-voyage.com\/wp-content\/uploads\/2015\/08\/halong-bay-voyage-1024x526.png\" \/>\n\t<meta property=\"og:image:width\" content=\"1024\" \/>\n\t<meta property=\"og:image:height\" content=\"526\" \/>\n\t<meta property=\"og:image:type\" content=\"image\/png\" \/>\n<meta name=\"twitter:card\" content=\"summary_large_image\" \/>\n<meta name=\"twitter:site\" content=\"@NamVietVoyage\" \/>\n<meta name=\"twitter:label1\" content=\"Dur\u00e9e de lecture estim\u00e9e\" \/>\n\t<meta name=\"twitter:data1\" content=\"3 minutes\" \/>\n<script type=\"application\/ld+json\" class=\"yoast-schema-graph\">{\"@context\":\"https:\/\/schema.org\",\"@graph\":[{\"@type\":\"WebPage\",\"@id\":\"http:\/\/nam-viet-voyage.com\/fr\/\",\"url\":\"http:\/\/nam-viet-voyage.com\/fr\/\",\"name\":\"Accueil - Nam Viet Voyage\",\"isPartOf\":{\"@id\":\"https:\/\/nam-viet-voyage.com\/#website\"},\"primaryImageOfPage\":{\"@id\":\"http:\/\/nam-viet-voyage.com\/fr\/#primaryimage\"},\"image\":{\"@id\":\"http:\/\/nam-viet-voyage.com\/fr\/#primaryimage\"},\"thumbnailUrl\":\"http:\/\/nam-viet-voyage.com\/wp-content\/uploads\/2015\/08\/halong-bay-voyage.png\",\"datePublished\":\"2013-05-31T08:44:43+00:00\",\"dateModified\":\"2016-05-25T07:45:09+00:00\",\"description\":\"Ne visitez pas le Vietnam, vivez-le !\",\"breadcrumb\":{\"@id\":\"http:\/\/nam-viet-voyage.com\/fr\/#breadcrumb\"},\"inLanguage\":\"fr-FR\",\"potentialAction\":[{\"@type\":\"ReadAction\",\"target\":[\"http:\/\/nam-viet-voyage.com\/fr\/\"]}]},{\"@type\":\"ImageObject\",\"inLanguage\":\"fr-FR\",\"@id\":\"http:\/\/nam-viet-voyage.com\/fr\/#primaryimage\",\"url\":\"http:\/\/nam-viet-voyage.com\/wp-content\/uploads\/2015\/08\/halong-bay-voyage.png\",\"contentUrl\":\"http:\/\/nam-viet-voyage.com\/wp-content\/uploads\/2015\/08\/halong-bay-voyage.png\",\"width\":1344,\"height\":691,\"caption\":\"Baie d'Halong au Vietnam\"},{\"@type\":\"BreadcrumbList\",\"@id\":\"http:\/\/nam-viet-voyage.com\/fr\/#breadcrumb\",\"itemListElement\":[{\"@type\":\"ListItem\",\"position\":1,\"name\":\"Home\",\"item\":\"http:\/\/nam-viet-voyage.com\/fr\/\"},{\"@type\":\"ListItem\",\"position\":2,\"name\":\"Accueil\"}]},{\"@type\":\"WebSite\",\"@id\":\"https:\/\/nam-viet-voyage.com\/#website\",\"url\":\"https:\/\/nam-viet-voyage.com\/\",\"name\":\"Nam Viet Voyage\",\"description\":\"Voyages en Asie du Sud-Est\",\"potentialAction\":[{\"@type\":\"SearchAction\",\"target\":{\"@type\":\"EntryPoint\",\"urlTemplate\":\"https:\/\/nam-viet-voyage.com\/?s={search_term_string}\"},\"query-input\":{\"@type\":\"PropertyValueSpecification\",\"valueRequired\":true,\"valueName\":\"search_term_string\"}}],\"inLanguage\":\"fr-FR\"}]}<\/script>\n<!-- \/ Yoast SEO plugin. -->","yoast_head_json":{"title":"Accueil - Nam Viet Voyage","description":"Ne visitez pas le Vietnam, vivez-le !","robots":{"index":"index","follow":"follow","max-snippet":"max-snippet:-1","max-image-preview":"max-image-preview:large","max-video-preview":"max-video-preview:-1"},"canonical":"http:\/\/nam-viet-voyage.com\/fr\/","og_locale":"fr_FR","og_type":"article","og_title":"Accueil - Nam Viet Voyage","og_description":"Ne visitez pas le Vietnam, vivez-le !","og_url":"http:\/\/nam-viet-voyage.com\/fr\/","og_site_name":"Nam Viet Voyage","article_publisher":"https:\/\/www.facebook.com\/NamVietVoyage","article_modified_time":"2016-05-25T07:45:09+00:00","og_image":[{"width":1024,"height":526,"url":"http:\/\/nam-viet-voyage.com\/wp-content\/uploads\/2015\/08\/halong-bay-voyage-1024x526.png","type":"image\/png"}],"twitter_card":"summary_large_image","twitter_site":"@NamVietVoyage","twitter_misc":{"Dur\u00e9e de lecture estim\u00e9e":"3 minutes"},"schema":{"@context":"https:\/\/schema.org","@graph":[{"@type":"WebPage","@id":"http:\/\/nam-viet-voyage.com\/fr\/","url":"http:\/\/nam-viet-voyage.com\/fr\/","name":"Accueil - Nam Viet Voyage","isPartOf":{"@id":"https:\/\/nam-viet-voyage.com\/#website"},"primaryImageOfPage":{"@id":"http:\/\/nam-viet-voyage.com\/fr\/#primaryimage"},"image":{"@id":"http:\/\/nam-viet-voyage.com\/fr\/#primaryimage"},"thumbnailUrl":"http:\/\/nam-viet-voyage.com\/wp-content\/uploads\/2015\/08\/halong-bay-voyage.png","datePublished":"2013-05-31T08:44:43+00:00","dateModified":"2016-05-25T07:45:09+00:00","description":"Ne visitez pas le Vietnam, vivez-le !","breadcrumb":{"@id":"http:\/\/nam-viet-voyage.com\/fr\/#breadcrumb"},"inLanguage":"fr-FR","potentialAction":[{"@type":"ReadAction","target":["http:\/\/nam-viet-voyage.com\/fr\/"]}]},{"@type":"ImageObject","inLanguage":"fr-FR","@id":"http:\/\/nam-viet-voyage.com\/fr\/#primaryimage","url":"http:\/\/nam-viet-voyage.com\/wp-content\/uploads\/2015\/08\/halong-bay-voyage.png","contentUrl":"http:\/\/nam-viet-voyage.com\/wp-content\/uploads\/2015\/08\/halong-bay-voyage.png","width":1344,"height":691,"caption":"Baie d'Halong au Vietnam"},{"@type":"BreadcrumbList","@id":"http:\/\/nam-viet-voyage.com\/fr\/#breadcrumb","itemListElement":[{"@type":"ListItem","position":1,"name":"Home","item":"http:\/\/nam-viet-voyage.com\/fr\/"},{"@type":"ListItem","position":2,"name":"Accueil"}]},{"@type":"WebSite","@id":"https:\/\/nam-viet-voyage.com\/#website","url":"https:\/\/nam-viet-voyage.com\/","name":"Nam Viet Voyage","description":"Voyages en Asie du Sud-Est","potentialAction":[{"@type":"SearchAction","target":{"@type":"EntryPoint","urlTemplate":"https:\/\/nam-viet-voyage.com\/?s={search_term_string}"},"query-input":{"@type":"PropertyValueSpecification","valueRequired":true,"valueName":"search_term_string"}}],"inLanguage":"fr-FR"}]}},"_links":{"self":[{"href":"http:\/\/nam-viet-voyage.com\/fr\/wp-json\/wp\/v2\/pages\/8","targetHints":{"allow":["GET"]}}],"collection":[{"href":"http:\/\/nam-viet-voyage.com\/fr\/wp-json\/wp\/v2\/pages"}],"about":[{"href":"http:\/\/nam-viet-voyage.com\/fr\/wp-json\/wp\/v2\/types\/page"}],"author":[{"embeddable":true,"href":"http:\/\/nam-viet-voyage.com\/fr\/wp-json\/wp\/v2\/users\/1"}],"replies":[{"embeddable":true,"href":"http:\/\/nam-viet-voyage.com\/fr\/wp-json\/wp\/v2\/comments?post=8"}],"version-history":[{"count":179,"href":"http:\/\/nam-viet-voyage.com\/fr\/wp-json\/wp\/v2\/pages\/8\/revisions"}],"predecessor-version":[{"id":11403,"href":"http:\/\/nam-viet-voyage.com\/fr\/wp-json\/wp\/v2\/pages\/8\/revisions\/11403"}],"wp:featuredmedia":[{"embeddable":true,"href":"http:\/\/nam-viet-voyage.com\/fr\/wp-json\/wp\/v2\/media\/8517"}],"wp:attachment":[{"href":"http:\/\/nam-viet-voyage.com\/fr\/wp-json\/wp\/v2\/media?parent=8"}],"curies":[{"name":"wp","href":"https:\/\/api.w.org\/{rel}","templated":true}]}}