{"id":6922,"date":"2015-03-27T02:00:45","date_gmt":"2015-03-27T02:00:45","guid":{"rendered":"http:\/\/nam-viet-voyage.com\/?page_id=6922"},"modified":"2016-05-25T07:45:01","modified_gmt":"2016-05-25T07:45:01","slug":"quy-nhon-les-plus-belles-plages","status":"publish","type":"page","link":"http:\/\/nam-viet-voyage.com\/fr\/quy-nhon-les-plus-belles-plages\/","title":{"rendered":"Plages\u00a0: Quy Nhon"},"content":{"rendered":"<section class=\"l-section wpb_row height_medium\"><div class=\"l-section-h i-cf\"><div class=\"g-cols offset_small\"><div class=\" one-quarter\">[vc_wp_custommenu nav_menu=\u00a0\u00bb175&Prime; title=\u00a0\u00bbLes plus belles plages Vietnam &amp; Cambodge\u00a0\u00bb]<\/div><div class=\" three-quarters\"><div class=\"w-image  align_center\"><img loading=\"lazy\" decoding=\"async\" width=\"730\" height=\"200\" src=\"http:\/\/nam-viet-voyage.com\/wp-content\/uploads\/2015\/01\/quy-nhon.png\" class=\"attachment-full size-full\" alt=\"quy-nhon\" srcset=\"http:\/\/nam-viet-voyage.com\/wp-content\/uploads\/2015\/01\/quy-nhon.png 730w, http:\/\/nam-viet-voyage.com\/wp-content\/uploads\/2015\/01\/quy-nhon-300x82.png 300w, http:\/\/nam-viet-voyage.com\/wp-content\/uploads\/2015\/01\/quy-nhon-600x164.png 600w, http:\/\/nam-viet-voyage.com\/wp-content\/uploads\/2015\/01\/quy-nhon-150x41.png 150w\" sizes=\"auto, (max-width: 730px) 100vw, 730px\" \/><\/div>[vc_empty_space height=\u00a0\u00bb20px\u00a0\u00bb][vc_custom_heading text=\u00a0\u00bbQuy Nhon \u00a0\u00bb font_container=\u00a0\u00bbtag:h2|font_size:26|text_align:center\u00a0\u00bb google_fonts=\u00a0\u00bbfont_family:Droid%20Sans%3Aregular%2C700|font_style:400%20regular%3A400%3Anormal\u00a0\u00bb]<div class=\"wpb_text_column \"><div class=\"wpb_wrapper\"><strong>Localisation :<\/strong> Vietnam centre<\/p>\n<p><strong>Meilleure p\u00e9riode :<\/strong> Mars \u00e0 ao\u00fbt<\/p>\n<p><strong>Caract\u00e9ristiques :<\/strong> Peu touristique, Quy Nhon se distingue par ses nombreuses plages, et par sa facette authentique. Baignade, farniente et promenades constituent les activit\u00e9s principales du lieu. La plage Bai Dai, la plus longue, s&rsquo;\u00e9tend sur 13 hectares. \u00c0 proximit\u00e9 de Nha Trang, Quy Nhon est une destination baln\u00e9aire pleine de charme, id\u00e9ale pour faire une pause lors d&rsquo;un voyage.<\/p>\n<p><a href=\"http:\/\/nam-viet-voyage.com\/quy-nhon-la-balneaire-authentique\/\" target=\"_blank\">Tout savoir sur Quy Nhon<\/a><\/div> <\/div> <\/div><\/div><\/div><\/section><section class=\"l-section wpb_row height_medium\"><div class=\"l-section-h i-cf\"><div class=\"g-cols offset_small\"><div class=\" full-width\"><div class=\"w-gallery layout_default cols_3 with_indents link_media\"><div class=\"w-gallery-list\"><a class=\"w-gallery-item order_1\" href=\"http:\/\/nam-viet-voyage.com\/wp-content\/uploads\/2015\/03\/Quy-nhon-justin-mott.jpg\" title=\"quy nhon\"><img loading=\"lazy\" decoding=\"async\" width=\"560\" height=\"329\" src=\"http:\/\/nam-viet-voyage.com\/wp-content\/uploads\/2015\/03\/Quy-nhon-justin-mott.jpg\" class=\"w-gallery-item-img\" alt=\"quy nhon\" srcset=\"http:\/\/nam-viet-voyage.com\/wp-content\/uploads\/2015\/03\/Quy-nhon-justin-mott.jpg 560w, http:\/\/nam-viet-voyage.com\/wp-content\/uploads\/2015\/03\/Quy-nhon-justin-mott-300x176.jpg 300w, http:\/\/nam-viet-voyage.com\/wp-content\/uploads\/2015\/03\/Quy-nhon-justin-mott-150x88.jpg 150w\" sizes=\"auto, (max-width: 560px) 100vw, 560px\" \/><span class=\"w-gallery-item-hover\"><\/span><span class=\"w-gallery-item-title\">quy nhon<\/span><\/a><a class=\"w-gallery-item order_2\" href=\"http:\/\/nam-viet-voyage.com\/wp-content\/uploads\/2015\/03\/quy-nhon-soleil.jpg\" title=\"quy nhon soleil levant\"><img loading=\"lazy\" decoding=\"async\" width=\"560\" height=\"333\" src=\"http:\/\/nam-viet-voyage.com\/wp-content\/uploads\/2015\/03\/quy-nhon-soleil.jpg\" class=\"w-gallery-item-img\" alt=\"quy nhon soleil levant\" srcset=\"http:\/\/nam-viet-voyage.com\/wp-content\/uploads\/2015\/03\/quy-nhon-soleil.jpg 560w, http:\/\/nam-viet-voyage.com\/wp-content\/uploads\/2015\/03\/quy-nhon-soleil-300x178.jpg 300w, http:\/\/nam-viet-voyage.com\/wp-content\/uploads\/2015\/03\/quy-nhon-soleil-150x89.jpg 150w\" sizes=\"auto, (max-width: 560px) 100vw, 560px\" \/><span class=\"w-gallery-item-hover\"><\/span><span class=\"w-gallery-item-title\">quy nhon soleil levant<\/span><\/a><a class=\"w-gallery-item order_3\" href=\"http:\/\/nam-viet-voyage.com\/wp-content\/uploads\/2015\/03\/quy-nhon-plage.jpg\" title=\"quy nhin justin mott\"><img loading=\"lazy\" decoding=\"async\" width=\"564\" height=\"333\" src=\"http:\/\/nam-viet-voyage.com\/wp-content\/uploads\/2015\/03\/quy-nhon-plage.jpg\" class=\"w-gallery-item-img\" alt=\"quy nhin justin mott\" srcset=\"http:\/\/nam-viet-voyage.com\/wp-content\/uploads\/2015\/03\/quy-nhon-plage.jpg 564w, http:\/\/nam-viet-voyage.com\/wp-content\/uploads\/2015\/03\/quy-nhon-plage-300x177.jpg 300w, http:\/\/nam-viet-voyage.com\/wp-content\/uploads\/2015\/03\/quy-nhon-plage-150x89.jpg 150w\" sizes=\"auto, (max-width: 564px) 100vw, 564px\" \/><span class=\"w-gallery-item-hover\"><\/span><span class=\"w-gallery-item-title\">quy nhin justin mott<\/span><\/a><\/div><\/div>\n<\/div><\/div><\/div><\/section><section class=\"l-section wpb_row height_medium color_secondary\"><div class=\"l-section-h i-cf\"><div class=\"g-cols offset_small\"><div class=\" full-width\"><div class=\"g-cols wpb_row offset_small vc_inner \"><div class=\" full-width\">[vc_custom_heading text=\u00a0\u00bbPour tout projet ou information compl\u00e9mentaire, merci de nous contacter !\u00a0\u00bb font_container=\u00a0\u00bbtag:p|font_size:24|text_align:center\u00a0\u00bb google_fonts=\u00a0\u00bbfont_family:Nothing%20You%20Could%20Do%3Aregular|font_style:400%20regular%3A400%3Anormal\u00a0\u00bb]<\/div><\/div>\n<div class=\"wpcf7 no-js\" id=\"wpcf7-f5977-o1\" lang=\"fr-FR\" dir=\"ltr\" data-wpcf7-id=\"5977\">\n<div class=\"screen-reader-response\"><p role=\"status\" aria-live=\"polite\" aria-atomic=\"true\"><\/p> <ul><\/ul><\/div>\n<form action=\"\/fr\/wp-json\/wp\/v2\/pages\/6922#wpcf7-f5977-o1\" method=\"post\" class=\"wpcf7-form init\" aria-label=\"Formulaire de contact\" novalidate=\"novalidate\" data-status=\"init\">\n<fieldset class=\"hidden-fields-container\"><input type=\"hidden\" name=\"_wpcf7\" value=\"5977\" \/><input type=\"hidden\" name=\"_wpcf7_version\" value=\"6.1.5\" \/><input type=\"hidden\" name=\"_wpcf7_locale\" value=\"fr_FR\" \/><input type=\"hidden\" name=\"_wpcf7_unit_tag\" value=\"wpcf7-f5977-o1\" \/><input type=\"hidden\" name=\"_wpcf7_container_post\" value=\"0\" \/><input type=\"hidden\" name=\"_wpcf7_posted_data_hash\" value=\"\" \/>\n<\/fieldset>\n<p>Votre Nom *\n<\/p>\n<p><span class=\"wpcf7-form-control-wrap\" data-name=\"your-name\"><input size=\"40\" maxlength=\"400\" class=\"wpcf7-form-control wpcf7-text wpcf7-validates-as-required\" aria-required=\"true\" aria-invalid=\"false\" value=\"\" type=\"text\" name=\"your-name\" \/><\/span>\n<\/p>\n<p>Votre Email *\n<\/p>\n<p><span class=\"wpcf7-form-control-wrap\" data-name=\"your-email\"><input size=\"40\" maxlength=\"400\" class=\"wpcf7-form-control wpcf7-email wpcf7-validates-as-required wpcf7-text wpcf7-validates-as-email\" aria-required=\"true\" aria-invalid=\"false\" value=\"\" type=\"email\" name=\"your-email\" \/><\/span>\n<\/p>\n<p>Votre Message *\n<\/p>\n<p><span class=\"wpcf7-form-control-wrap\" data-name=\"your-message\"><textarea cols=\"40\" rows=\"10\" maxlength=\"2000\" class=\"wpcf7-form-control wpcf7-textarea wpcf7-validates-as-required\" aria-required=\"true\" aria-invalid=\"false\" name=\"your-message\"><\/textarea><\/span>\n<\/p>\n<p><input class=\"wpcf7-form-control wpcf7-submit has-spinner\" type=\"submit\" value=\"Envoyer\" \/>\n<\/p><div class=\"wpcf7-response-output\" aria-hidden=\"true\"><\/div>\n<\/form>\n<\/div>\n<\/div><\/div><\/div><\/section>\n<p><a href=\"\/\/www.pinterest.com\/pin\/create\/button\/\" data-pin-do=\"buttonBookmark\" data-pin-color=\"red\" data-pin-height=\"128\"><img decoding=\"async\" src=\"\/\/assets.pinterest.com\/images\/pidgets\/pinit_fg_en_rect_red_28.png\" \/><\/a><\/p>","protected":false},"excerpt":{"rendered":"[vc_wp_custommenu nav_menu=\"175\" title=\"Les plus belles plages Vietnam &amp; Cambodge\"][vc_empty_space height=\"20px\"][vc_custom_heading text=\"Quy Nhon \" font_container=\"tag:h2|font_size:26|text_align:center\" google_fonts=\"font_family:Droid%20Sans%3Aregular%2C700|font_style:400%20regular%3A400%3Anormal\"]Localisation : Vietnam centre Meilleure p\u00e9riode : Mars \u00e0 ao\u00fbt Caract\u00e9ristiques : Peu touristique, Quy Nhon...","protected":false},"author":3,"featured_media":0,"parent":0,"menu_order":0,"comment_status":"closed","ping_status":"closed","template":"","meta":{"_crdt_document":"","footnotes":""},"class_list":["post-6922","page","type-page","status-publish","hentry"],"yoast_head":"<!-- This site is optimized with the Yoast SEO plugin v26.9 - https:\/\/yoast.com\/product\/yoast-seo-wordpress\/ -->\n<title>Plages\u00a0: Quy Nhon - Nam Viet Voyage<\/title>\n<meta name=\"description\" content=\"Parmi les destinations baln\u00e9aires du Vietnam, Quy Nhon se distingue par ses nombreuses plages et son caract\u00e8re authentique.\" \/>\n<meta name=\"robots\" content=\"index, follow, max-snippet:-1, max-image-preview:large, max-video-preview:-1\" \/>\n<link rel=\"canonical\" href=\"http:\/\/nam-viet-voyage.com\/fr\/quy-nhon-les-plus-belles-plages\/\" \/>\n<meta property=\"og:locale\" content=\"fr_FR\" \/>\n<meta property=\"og:type\" content=\"article\" \/>\n<meta property=\"og:title\" content=\"Plages\u00a0: Quy Nhon - Nam Viet Voyage\" \/>\n<meta property=\"og:description\" content=\"Parmi les destinations baln\u00e9aires du Vietnam, Quy Nhon se distingue par ses nombreuses plages et son caract\u00e8re authentique.\" \/>\n<meta property=\"og:url\" content=\"http:\/\/nam-viet-voyage.com\/fr\/quy-nhon-les-plus-belles-plages\/\" \/>\n<meta property=\"og:site_name\" content=\"Nam Viet Voyage\" \/>\n<meta property=\"article:publisher\" content=\"https:\/\/www.facebook.com\/NamVietVoyage\" \/>\n<meta property=\"article:modified_time\" content=\"2016-05-25T07:45:01+00:00\" \/>\n<meta name=\"twitter:card\" content=\"summary_large_image\" \/>\n<meta name=\"twitter:site\" content=\"@NamVietVoyage\" \/>\n<meta name=\"twitter:label1\" content=\"Dur\u00e9e de lecture estim\u00e9e\" \/>\n\t<meta name=\"twitter:data1\" content=\"1 minute\" \/>\n<script type=\"application\/ld+json\" class=\"yoast-schema-graph\">{\"@context\":\"https:\/\/schema.org\",\"@graph\":[{\"@type\":\"WebPage\",\"@id\":\"http:\/\/nam-viet-voyage.com\/fr\/quy-nhon-les-plus-belles-plages\/\",\"url\":\"http:\/\/nam-viet-voyage.com\/fr\/quy-nhon-les-plus-belles-plages\/\",\"name\":\"Plages\u00a0: Quy Nhon - Nam Viet Voyage\",\"isPartOf\":{\"@id\":\"http:\/\/nam-viet-voyage.com\/fr\/#website\"},\"datePublished\":\"2015-03-27T02:00:45+00:00\",\"dateModified\":\"2016-05-25T07:45:01+00:00\",\"description\":\"Parmi les destinations baln\u00e9aires du Vietnam, Quy Nhon se distingue par ses nombreuses plages et son caract\u00e8re authentique.\",\"breadcrumb\":{\"@id\":\"http:\/\/nam-viet-voyage.com\/fr\/quy-nhon-les-plus-belles-plages\/#breadcrumb\"},\"inLanguage\":\"fr-FR\",\"potentialAction\":[{\"@type\":\"ReadAction\",\"target\":[\"http:\/\/nam-viet-voyage.com\/fr\/quy-nhon-les-plus-belles-plages\/\"]}]},{\"@type\":\"BreadcrumbList\",\"@id\":\"http:\/\/nam-viet-voyage.com\/fr\/quy-nhon-les-plus-belles-plages\/#breadcrumb\",\"itemListElement\":[{\"@type\":\"ListItem\",\"position\":1,\"name\":\"Home\",\"item\":\"http:\/\/nam-viet-voyage.com\/fr\/\"},{\"@type\":\"ListItem\",\"position\":2,\"name\":\"Plages\u00a0: Quy Nhon\"}]},{\"@type\":\"WebSite\",\"@id\":\"http:\/\/nam-viet-voyage.com\/fr\/#website\",\"url\":\"http:\/\/nam-viet-voyage.com\/fr\/\",\"name\":\"Nam Viet Voyage\",\"description\":\"Voyages en Asie du Sud-Est\",\"potentialAction\":[{\"@type\":\"SearchAction\",\"target\":{\"@type\":\"EntryPoint\",\"urlTemplate\":\"http:\/\/nam-viet-voyage.com\/fr\/?s={search_term_string}\"},\"query-input\":{\"@type\":\"PropertyValueSpecification\",\"valueRequired\":true,\"valueName\":\"search_term_string\"}}],\"inLanguage\":\"fr-FR\"}]}<\/script>\n<!-- \/ Yoast SEO plugin. -->","yoast_head_json":{"title":"Plages\u00a0: Quy Nhon - Nam Viet Voyage","description":"Parmi les destinations baln\u00e9aires du Vietnam, Quy Nhon se distingue par ses nombreuses plages et son caract\u00e8re authentique.","robots":{"index":"index","follow":"follow","max-snippet":"max-snippet:-1","max-image-preview":"max-image-preview:large","max-video-preview":"max-video-preview:-1"},"canonical":"http:\/\/nam-viet-voyage.com\/fr\/quy-nhon-les-plus-belles-plages\/","og_locale":"fr_FR","og_type":"article","og_title":"Plages\u00a0: Quy Nhon - Nam Viet Voyage","og_description":"Parmi les destinations baln\u00e9aires du Vietnam, Quy Nhon se distingue par ses nombreuses plages et son caract\u00e8re authentique.","og_url":"http:\/\/nam-viet-voyage.com\/fr\/quy-nhon-les-plus-belles-plages\/","og_site_name":"Nam Viet Voyage","article_publisher":"https:\/\/www.facebook.com\/NamVietVoyage","article_modified_time":"2016-05-25T07:45:01+00:00","twitter_card":"summary_large_image","twitter_site":"@NamVietVoyage","twitter_misc":{"Dur\u00e9e de lecture estim\u00e9e":"1 minute"},"schema":{"@context":"https:\/\/schema.org","@graph":[{"@type":"WebPage","@id":"http:\/\/nam-viet-voyage.com\/fr\/quy-nhon-les-plus-belles-plages\/","url":"http:\/\/nam-viet-voyage.com\/fr\/quy-nhon-les-plus-belles-plages\/","name":"Plages\u00a0: Quy Nhon - Nam Viet Voyage","isPartOf":{"@id":"http:\/\/nam-viet-voyage.com\/fr\/#website"},"datePublished":"2015-03-27T02:00:45+00:00","dateModified":"2016-05-25T07:45:01+00:00","description":"Parmi les destinations baln\u00e9aires du Vietnam, Quy Nhon se distingue par ses nombreuses plages et son caract\u00e8re authentique.","breadcrumb":{"@id":"http:\/\/nam-viet-voyage.com\/fr\/quy-nhon-les-plus-belles-plages\/#breadcrumb"},"inLanguage":"fr-FR","potentialAction":[{"@type":"ReadAction","target":["http:\/\/nam-viet-voyage.com\/fr\/quy-nhon-les-plus-belles-plages\/"]}]},{"@type":"BreadcrumbList","@id":"http:\/\/nam-viet-voyage.com\/fr\/quy-nhon-les-plus-belles-plages\/#breadcrumb","itemListElement":[{"@type":"ListItem","position":1,"name":"Home","item":"http:\/\/nam-viet-voyage.com\/fr\/"},{"@type":"ListItem","position":2,"name":"Plages\u00a0: Quy Nhon"}]},{"@type":"WebSite","@id":"http:\/\/nam-viet-voyage.com\/fr\/#website","url":"http:\/\/nam-viet-voyage.com\/fr\/","name":"Nam Viet Voyage","description":"Voyages en Asie du Sud-Est","potentialAction":[{"@type":"SearchAction","target":{"@type":"EntryPoint","urlTemplate":"http:\/\/nam-viet-voyage.com\/fr\/?s={search_term_string}"},"query-input":{"@type":"PropertyValueSpecification","valueRequired":true,"valueName":"search_term_string"}}],"inLanguage":"fr-FR"}]}},"_links":{"self":[{"href":"http:\/\/nam-viet-voyage.com\/fr\/wp-json\/wp\/v2\/pages\/6922","targetHints":{"allow":["GET"]}}],"collection":[{"href":"http:\/\/nam-viet-voyage.com\/fr\/wp-json\/wp\/v2\/pages"}],"about":[{"href":"http:\/\/nam-viet-voyage.com\/fr\/wp-json\/wp\/v2\/types\/page"}],"author":[{"embeddable":true,"href":"http:\/\/nam-viet-voyage.com\/fr\/wp-json\/wp\/v2\/users\/3"}],"replies":[{"embeddable":true,"href":"http:\/\/nam-viet-voyage.com\/fr\/wp-json\/wp\/v2\/comments?post=6922"}],"version-history":[{"count":7,"href":"http:\/\/nam-viet-voyage.com\/fr\/wp-json\/wp\/v2\/pages\/6922\/revisions"}],"predecessor-version":[{"id":9664,"href":"http:\/\/nam-viet-voyage.com\/fr\/wp-json\/wp\/v2\/pages\/6922\/revisions\/9664"}],"wp:attachment":[{"href":"http:\/\/nam-viet-voyage.com\/fr\/wp-json\/wp\/v2\/media?parent=6922"}],"curies":[{"name":"wp","href":"https:\/\/api.w.org\/{rel}","templated":true}]}}