{"id":6649,"date":"2015-03-25T02:36:57","date_gmt":"2015-03-25T02:36:57","guid":{"rendered":"http:\/\/nam-viet-voyage.com\/?page_id=6649"},"modified":"2016-05-25T07:45:01","modified_gmt":"2016-05-25T07:45:01","slug":"notre-equipe","status":"publish","type":"page","link":"http:\/\/nam-viet-voyage.com\/fr\/notre-equipe\/","title":{"rendered":"Notre \u00e9quipe"},"content":{"rendered":"<section class=\"l-section wpb_row height_auto\"><div class=\"l-section-h i-cf\"><div class=\"g-cols offset_small\"><div class=\" full-width\"><div class=\"w-image  align_center\"><img loading=\"lazy\" decoding=\"async\" width=\"1400\" height=\"720\" src=\"http:\/\/nam-viet-voyage.com\/wp-content\/uploads\/2015\/03\/nam-viet-voyage-team-groupe.jpg\" class=\"attachment-full size-full\" alt=\"\" srcset=\"http:\/\/nam-viet-voyage.com\/wp-content\/uploads\/2015\/03\/nam-viet-voyage-team-groupe.jpg 1400w, http:\/\/nam-viet-voyage.com\/wp-content\/uploads\/2015\/03\/nam-viet-voyage-team-groupe-300x154.jpg 300w, http:\/\/nam-viet-voyage.com\/wp-content\/uploads\/2015\/03\/nam-viet-voyage-team-groupe-768x395.jpg 768w, http:\/\/nam-viet-voyage.com\/wp-content\/uploads\/2015\/03\/nam-viet-voyage-team-groupe-1024x527.jpg 1024w, http:\/\/nam-viet-voyage.com\/wp-content\/uploads\/2015\/03\/nam-viet-voyage-team-groupe-600x309.jpg 600w\" sizes=\"auto, (max-width: 1400px) 100vw, 1400px\" \/><\/div><\/div><\/div><\/div><\/section><section class=\"l-section wpb_row height_medium\"><div class=\"l-section-h i-cf\"><div class=\"g-cols offset_small\"><div class=\" one-quarter\">[vc_wp_custommenu nav_menu=\u00a0\u00bb169&Prime; title=\u00a0\u00bbQui sommes-nous ? \u00ab\u00a0]<\/div><div class=\" three-quarters\">[vc_empty_space height=\u00a0\u00bb50&Prime;]<div class=\"wpb_text_column \"><div class=\"wpb_wrapper\">\n<h3 style=\"text-align: center;\">Une \u00e9quipe multiculturelle<\/h3>\n<p style=\"text-align: left;\">Nam Viet Voyage est une \u00e9quipe franco-vietnamienne compos\u00e9e d\u2019une dizaine de personnes. Nous sommes divis\u00e9s en trois p\u00f4les\u00a0: administration, production et marketing. Certains de nos employ\u00e9s sont trilingues vietnamien\/fran\u00e7ais\/anglais, un atout incomparable dans notre domaine\u00a0!<\/p>\n<\/div> <\/div> <\/div><\/div><\/div><\/section><section class=\"l-section wpb_row height_medium\"><div class=\"l-section-h i-cf\"><div class=\"g-cols offset_small\"><div class=\" full-width\"><div class=\"g-cols wpb_row offset_small vc_inner \"><div class=\" one-half\"><div class=\"w-person layout_toplinks\"><div class=\"w-person-image\"><img loading=\"lazy\" decoding=\"async\" src=\"http:\/\/nam-viet-voyage.com\/wp-content\/uploads\/2015\/03\/nam-viet-voyage-stephane-350x350.jpg\" width=\"350\" height=\"350\" alt=\"St\u00e9phane Nguyen\"><\/div><div class=\"w-person-content\"><h4 class=\"w-person-name\"><span>St\u00e9phane Nguyen<\/span><\/h4><div class=\"w-person-role\">Directeur<\/div><\/div><\/div><\/div><div class=\" one-half\"><div class=\"w-person layout_toplinks\"><div class=\"w-person-image\"><img loading=\"lazy\" decoding=\"async\" src=\"http:\/\/nam-viet-voyage.com\/wp-content\/uploads\/2015\/03\/nam-viet-voyage-faustin-350x350.jpg\" width=\"350\" height=\"350\" alt=\"Faustin Bartoli\"><\/div><div class=\"w-person-content\"><h4 class=\"w-person-name\"><span>Faustin Bartoli<\/span><\/h4><div class=\"w-person-role\">Directeur<\/div><\/div><\/div><\/div><\/div><div class=\"g-cols wpb_row offset_small vc_inner \"><div class=\" one-third\"><div class=\"w-person layout_toplinks\"><div class=\"w-person-image\"><img loading=\"lazy\" decoding=\"async\" src=\"http:\/\/nam-viet-voyage.com\/wp-content\/uploads\/2015\/03\/nam-viet-voyage-trang-350x350.jpg\" width=\"350\" height=\"350\" alt=\"Trang Pham\"><\/div><div class=\"w-person-content\"><h4 class=\"w-person-name\"><span>Trang Pham<\/span><\/h4><div class=\"w-person-role\">Conseill\u00e8re voyage<\/div><\/div><\/div><\/div><div class=\" one-third\"><div class=\"w-person layout_toplinks\"><div class=\"w-person-image\"><img loading=\"lazy\" decoding=\"async\" src=\"http:\/\/nam-viet-voyage.com\/wp-content\/uploads\/2015\/03\/nam-viet-voyage-kien-350x350.jpg\" width=\"350\" height=\"350\" alt=\"Kien Tran\"><\/div><div class=\"w-person-content\"><h4 class=\"w-person-name\"><span>Kien Tran<\/span><\/h4><div class=\"w-person-role\">Conseiller voyage<\/div><\/div><\/div><\/div><div class=\" one-third\"><div class=\"w-person layout_toplinks\"><div class=\"w-person-image\"><img loading=\"lazy\" decoding=\"async\" src=\"http:\/\/nam-viet-voyage.com\/wp-content\/uploads\/2015\/03\/nam-viet-voyage-ha-350x350.jpg\" width=\"350\" height=\"350\" alt=\"Ha Le\"><\/div><div class=\"w-person-content\"><h4 class=\"w-person-name\"><span>Ha Le<\/span><\/h4><div class=\"w-person-role\">Assistant conseiller voyage<\/div><\/div><\/div><\/div><\/div><div class=\"g-cols wpb_row offset_small vc_inner \"><div class=\" one-third\"><div class=\"w-person layout_toplinks\"><div class=\"w-person-image\"><img loading=\"lazy\" decoding=\"async\" src=\"http:\/\/nam-viet-voyage.com\/wp-content\/uploads\/2015\/03\/nam-viet-voyage-alex-350x350.jpg\" width=\"350\" height=\"350\" alt=\"Alex Ma\"><\/div><div class=\"w-person-content\"><h4 class=\"w-person-name\"><span>Alex Ma<\/span><\/h4><div class=\"w-person-role\">Chef de projet<\/div><\/div><\/div><\/div><div class=\" one-third\"><div class=\"w-person layout_toplinks\"><div class=\"w-person-image\"><img loading=\"lazy\" decoding=\"async\" src=\"http:\/\/nam-viet-voyage.com\/wp-content\/uploads\/2015\/03\/nam-viet-voyage-hoi-350x350.jpg\" width=\"350\" height=\"350\" alt=\"Pham Van Hoi\"><\/div><div class=\"w-person-content\"><h4 class=\"w-person-name\"><span>Pham Van Hoi<\/span><\/h4><div class=\"w-person-role\">Assistant chef de projet<\/div><\/div><\/div><\/div><div class=\" one-third\"><div class=\"w-person layout_toplinks\"><div class=\"w-person-image\"><img loading=\"lazy\" decoding=\"async\" src=\"http:\/\/nam-viet-voyage.com\/wp-content\/uploads\/2015\/03\/nam-viet-voyage-marine-350x350.jpg\" width=\"350\" height=\"350\" alt=\"Marine Chaudron\"><\/div><div class=\"w-person-content\"><h4 class=\"w-person-name\"><span>Marine Chaudron<\/span><\/h4><div class=\"w-person-role\">Communication<\/div><\/div><\/div><\/div><\/div><\/div><\/div><\/div><\/section>\n<p><a href=\"\/\/www.pinterest.com\/pin\/create\/button\/\" data-pin-do=\"buttonBookmark\" data-pin-color=\"red\" data-pin-height=\"128\"><img decoding=\"async\" src=\"\/\/assets.pinterest.com\/images\/pidgets\/pinit_fg_en_rect_red_28.png\" \/><\/a><\/p>","protected":false},"excerpt":{"rendered":"[vc_wp_custommenu nav_menu=\"169\" title=\"Qui sommes-nous ? \"][vc_empty_space height=\"50\"] Une \u00e9quipe multiculturelle Nam Viet Voyage est une \u00e9quipe franco-vietnamienne compos\u00e9e d\u2019une dizaine de personnes. Nous sommes divis\u00e9s en trois p\u00f4les\u00a0: administration, production...","protected":false},"author":2,"featured_media":0,"parent":0,"menu_order":0,"comment_status":"closed","ping_status":"open","template":"","meta":{"_crdt_document":"","footnotes":""},"class_list":["post-6649","page","type-page","status-publish","hentry"],"yoast_head":"<!-- This site is optimized with the Yoast SEO plugin v27.4 - https:\/\/yoast.com\/product\/yoast-seo-wordpress\/ -->\n<title>Notre \u00e9quipe - Nam Viet Voyage<\/title>\n<meta name=\"description\" content=\"Rencontrez les membres de notre \u00e9quipe multiculturelle !\" \/>\n<meta name=\"robots\" content=\"index, follow, max-snippet:-1, max-image-preview:large, max-video-preview:-1\" \/>\n<link rel=\"canonical\" href=\"https:\/\/nam-viet-voyage.com\/fr\/notre-equipe\/\" \/>\n<meta property=\"og:locale\" content=\"fr_FR\" \/>\n<meta property=\"og:type\" content=\"article\" \/>\n<meta property=\"og:title\" content=\"Notre \u00e9quipe - Nam Viet Voyage\" \/>\n<meta property=\"og:description\" content=\"Rencontrez les membres de notre \u00e9quipe multiculturelle !\" \/>\n<meta property=\"og:url\" content=\"https:\/\/nam-viet-voyage.com\/fr\/notre-equipe\/\" \/>\n<meta property=\"og:site_name\" content=\"Nam Viet Voyage\" \/>\n<meta property=\"article:publisher\" content=\"https:\/\/www.facebook.com\/NamVietVoyage\" \/>\n<meta property=\"article:modified_time\" content=\"2016-05-25T07:45:01+00:00\" \/>\n<meta name=\"twitter:card\" content=\"summary_large_image\" \/>\n<meta name=\"twitter:site\" content=\"@NamVietVoyage\" \/>\n<meta name=\"twitter:label1\" content=\"Dur\u00e9e de lecture estim\u00e9e\" \/>\n\t<meta name=\"twitter:data1\" content=\"1 minute\" \/>\n<script type=\"application\/ld+json\" class=\"yoast-schema-graph\">{\"@context\":\"https:\\\/\\\/schema.org\",\"@graph\":[{\"@type\":\"WebPage\",\"@id\":\"https:\\\/\\\/nam-viet-voyage.com\\\/fr\\\/notre-equipe\\\/\",\"url\":\"https:\\\/\\\/nam-viet-voyage.com\\\/fr\\\/notre-equipe\\\/\",\"name\":\"Notre \u00e9quipe - Nam Viet Voyage\",\"isPartOf\":{\"@id\":\"http:\\\/\\\/nam-viet-voyage.com\\\/#website\"},\"datePublished\":\"2015-03-25T02:36:57+00:00\",\"dateModified\":\"2016-05-25T07:45:01+00:00\",\"description\":\"Rencontrez les membres de notre \u00e9quipe multiculturelle !\",\"breadcrumb\":{\"@id\":\"https:\\\/\\\/nam-viet-voyage.com\\\/fr\\\/notre-equipe\\\/#breadcrumb\"},\"inLanguage\":\"fr-FR\",\"potentialAction\":[{\"@type\":\"ReadAction\",\"target\":[\"https:\\\/\\\/nam-viet-voyage.com\\\/fr\\\/notre-equipe\\\/\"]}]},{\"@type\":\"BreadcrumbList\",\"@id\":\"https:\\\/\\\/nam-viet-voyage.com\\\/fr\\\/notre-equipe\\\/#breadcrumb\",\"itemListElement\":[{\"@type\":\"ListItem\",\"position\":1,\"name\":\"Home\",\"item\":\"https:\\\/\\\/nam-viet-voyage.com\\\/fr\\\/\"},{\"@type\":\"ListItem\",\"position\":2,\"name\":\"Notre \u00e9quipe\"}]},{\"@type\":\"WebSite\",\"@id\":\"http:\\\/\\\/nam-viet-voyage.com\\\/#website\",\"url\":\"http:\\\/\\\/nam-viet-voyage.com\\\/\",\"name\":\"Nam Viet Voyage\",\"description\":\"Voyages en Asie du Sud-Est\",\"potentialAction\":[{\"@type\":\"SearchAction\",\"target\":{\"@type\":\"EntryPoint\",\"urlTemplate\":\"http:\\\/\\\/nam-viet-voyage.com\\\/?s={search_term_string}\"},\"query-input\":{\"@type\":\"PropertyValueSpecification\",\"valueRequired\":true,\"valueName\":\"search_term_string\"}}],\"inLanguage\":\"fr-FR\"}]}<\/script>\n<!-- \/ Yoast SEO plugin. -->","yoast_head_json":{"title":"Notre \u00e9quipe - Nam Viet Voyage","description":"Rencontrez les membres de notre \u00e9quipe multiculturelle !","robots":{"index":"index","follow":"follow","max-snippet":"max-snippet:-1","max-image-preview":"max-image-preview:large","max-video-preview":"max-video-preview:-1"},"canonical":"https:\/\/nam-viet-voyage.com\/fr\/notre-equipe\/","og_locale":"fr_FR","og_type":"article","og_title":"Notre \u00e9quipe - Nam Viet Voyage","og_description":"Rencontrez les membres de notre \u00e9quipe multiculturelle !","og_url":"https:\/\/nam-viet-voyage.com\/fr\/notre-equipe\/","og_site_name":"Nam Viet Voyage","article_publisher":"https:\/\/www.facebook.com\/NamVietVoyage","article_modified_time":"2016-05-25T07:45:01+00:00","twitter_card":"summary_large_image","twitter_site":"@NamVietVoyage","twitter_misc":{"Dur\u00e9e de lecture estim\u00e9e":"1 minute"},"schema":{"@context":"https:\/\/schema.org","@graph":[{"@type":"WebPage","@id":"https:\/\/nam-viet-voyage.com\/fr\/notre-equipe\/","url":"https:\/\/nam-viet-voyage.com\/fr\/notre-equipe\/","name":"Notre \u00e9quipe - Nam Viet Voyage","isPartOf":{"@id":"http:\/\/nam-viet-voyage.com\/#website"},"datePublished":"2015-03-25T02:36:57+00:00","dateModified":"2016-05-25T07:45:01+00:00","description":"Rencontrez les membres de notre \u00e9quipe multiculturelle !","breadcrumb":{"@id":"https:\/\/nam-viet-voyage.com\/fr\/notre-equipe\/#breadcrumb"},"inLanguage":"fr-FR","potentialAction":[{"@type":"ReadAction","target":["https:\/\/nam-viet-voyage.com\/fr\/notre-equipe\/"]}]},{"@type":"BreadcrumbList","@id":"https:\/\/nam-viet-voyage.com\/fr\/notre-equipe\/#breadcrumb","itemListElement":[{"@type":"ListItem","position":1,"name":"Home","item":"https:\/\/nam-viet-voyage.com\/fr\/"},{"@type":"ListItem","position":2,"name":"Notre \u00e9quipe"}]},{"@type":"WebSite","@id":"http:\/\/nam-viet-voyage.com\/#website","url":"http:\/\/nam-viet-voyage.com\/","name":"Nam Viet Voyage","description":"Voyages en Asie du Sud-Est","potentialAction":[{"@type":"SearchAction","target":{"@type":"EntryPoint","urlTemplate":"http:\/\/nam-viet-voyage.com\/?s={search_term_string}"},"query-input":{"@type":"PropertyValueSpecification","valueRequired":true,"valueName":"search_term_string"}}],"inLanguage":"fr-FR"}]}},"_links":{"self":[{"href":"http:\/\/nam-viet-voyage.com\/fr\/wp-json\/wp\/v2\/pages\/6649","targetHints":{"allow":["GET"]}}],"collection":[{"href":"http:\/\/nam-viet-voyage.com\/fr\/wp-json\/wp\/v2\/pages"}],"about":[{"href":"http:\/\/nam-viet-voyage.com\/fr\/wp-json\/wp\/v2\/types\/page"}],"author":[{"embeddable":true,"href":"http:\/\/nam-viet-voyage.com\/fr\/wp-json\/wp\/v2\/users\/2"}],"replies":[{"embeddable":true,"href":"http:\/\/nam-viet-voyage.com\/fr\/wp-json\/wp\/v2\/comments?post=6649"}],"version-history":[{"count":29,"href":"http:\/\/nam-viet-voyage.com\/fr\/wp-json\/wp\/v2\/pages\/6649\/revisions"}],"predecessor-version":[{"id":11318,"href":"http:\/\/nam-viet-voyage.com\/fr\/wp-json\/wp\/v2\/pages\/6649\/revisions\/11318"}],"wp:attachment":[{"href":"http:\/\/nam-viet-voyage.com\/fr\/wp-json\/wp\/v2\/media?parent=6649"}],"curies":[{"name":"wp","href":"https:\/\/api.w.org\/{rel}","templated":true}]}}