{"id":6646,"date":"2015-03-25T02:15:20","date_gmt":"2015-03-25T02:15:20","guid":{"rendered":"http:\/\/nam-viet-voyage.com\/?page_id=6646"},"modified":"2016-05-25T07:45:01","modified_gmt":"2016-05-25T07:45:01","slug":"notre-agence","status":"publish","type":"page","link":"http:\/\/nam-viet-voyage.com\/fr\/notre-agence\/","title":{"rendered":"Notre agence"},"content":{"rendered":"<section class=\"l-section wpb_row height_medium\"><div class=\"l-section-h i-cf\"><div class=\"g-cols offset_small\"><div class=\" one-quarter\">[vc_wp_custommenu nav_menu=\u00a0\u00bb169&Prime; title=\u00a0\u00bbQui sommes-nous ? \u00ab\u00a0]<\/div><div class=\" three-quarters\"><div class=\"wpb_text_column \"><div class=\"wpb_wrapper\">\n<h3 style=\"text-align: center;\">Notre agence<\/h3>\n<p style=\"text-align: center;\">L&rsquo;histoire d&rsquo;une passion<\/p>\n<\/div> <\/div> <div class=\"wpb_text_column \"><div class=\"wpb_wrapper\"><p>La cr\u00e9ation de l\u2019agence Nam Viet Voyage r\u00e9sulte d\u2019une passion. Les deux fondateurs St\u00e9phane Nguyen et Faustin Bartoli sont d\u00e9j\u00e0 \u00e9pris du Vietnam et de d\u00e9couvertes lorsqu\u2019ils d\u00e9cident d\u2019installer leur entreprise \u00e0 H\u00f4 Chi Minh-Ville. Forts d\u2019une exp\u00e9rience de plusieurs ann\u00e9es dans le domaine touristique, ils ont toutes les cl\u00e9s en main pour se lancer dans cette aventure. Recrutant autant des Vietnamiens que des expatri\u00e9s, ils jouent la carte de la diversit\u00e9, qui correspond parfaitement \u00e0 leur objectif d\u2019ouverture culturelle.<\/p><\/div> <\/div> <div class=\"g-cols wpb_row offset_small vc_inner \"><div class=\" one-half\"><div class=\"w-image  align_center\"><img loading=\"lazy\" decoding=\"async\" width=\"300\" height=\"200\" src=\"http:\/\/nam-viet-voyage.com\/wp-content\/uploads\/2015\/03\/nam-viet-voyage-office-inside.jpg\" class=\"attachment-full size-full\" alt=\"Int\u00e9rieur des bureaux de Nam Viet Voyage\" \/><\/div><\/div><div class=\" one-half\"><div class=\"w-image  align_center\"><img loading=\"lazy\" decoding=\"async\" width=\"300\" height=\"200\" src=\"http:\/\/nam-viet-voyage.com\/wp-content\/uploads\/2015\/03\/nam-viet-voyage-office-outside.jpg\" class=\"attachment-full size-full\" alt=\"Bureaux de Nam Viet Voyage\" \/><\/div><\/div><\/div><\/div><\/div><\/div><\/section><section class=\"l-section wpb_row height_medium color_secondary\"><div class=\"l-section-h i-cf\"><div class=\"g-cols offset_small\"><div class=\" full-width\">\n<div class=\"wpcf7 no-js\" id=\"wpcf7-f5977-o1\" lang=\"fr-FR\" dir=\"ltr\" data-wpcf7-id=\"5977\">\n<div class=\"screen-reader-response\"><p role=\"status\" aria-live=\"polite\" aria-atomic=\"true\"><\/p> <ul><\/ul><\/div>\n<form action=\"\/fr\/wp-json\/wp\/v2\/pages\/6646#wpcf7-f5977-o1\" method=\"post\" class=\"wpcf7-form init\" aria-label=\"Formulaire de contact\" novalidate=\"novalidate\" data-status=\"init\">\n<fieldset class=\"hidden-fields-container\"><input type=\"hidden\" name=\"_wpcf7\" value=\"5977\" \/><input type=\"hidden\" name=\"_wpcf7_version\" value=\"6.1.5\" \/><input type=\"hidden\" name=\"_wpcf7_locale\" value=\"fr_FR\" \/><input type=\"hidden\" name=\"_wpcf7_unit_tag\" value=\"wpcf7-f5977-o1\" \/><input type=\"hidden\" name=\"_wpcf7_container_post\" value=\"0\" \/><input type=\"hidden\" name=\"_wpcf7_posted_data_hash\" value=\"\" \/>\n<\/fieldset>\n<p>Votre Nom *\n<\/p>\n<p><span class=\"wpcf7-form-control-wrap\" data-name=\"your-name\"><input size=\"40\" maxlength=\"400\" class=\"wpcf7-form-control wpcf7-text wpcf7-validates-as-required\" aria-required=\"true\" aria-invalid=\"false\" value=\"\" type=\"text\" name=\"your-name\" \/><\/span>\n<\/p>\n<p>Votre Email *\n<\/p>\n<p><span class=\"wpcf7-form-control-wrap\" data-name=\"your-email\"><input size=\"40\" maxlength=\"400\" class=\"wpcf7-form-control wpcf7-email wpcf7-validates-as-required wpcf7-text wpcf7-validates-as-email\" aria-required=\"true\" aria-invalid=\"false\" value=\"\" type=\"email\" name=\"your-email\" \/><\/span>\n<\/p>\n<p>Votre Message *\n<\/p>\n<p><span class=\"wpcf7-form-control-wrap\" data-name=\"your-message\"><textarea cols=\"40\" rows=\"10\" maxlength=\"2000\" class=\"wpcf7-form-control wpcf7-textarea wpcf7-validates-as-required\" aria-required=\"true\" aria-invalid=\"false\" name=\"your-message\"><\/textarea><\/span>\n<\/p>\n<p><input class=\"wpcf7-form-control wpcf7-submit has-spinner\" type=\"submit\" value=\"Envoyer\" \/>\n<\/p><div class=\"wpcf7-response-output\" aria-hidden=\"true\"><\/div>\n<\/form>\n<\/div>\n<\/div><\/div><\/div><\/section>\n<p><a href=\"\/\/www.pinterest.com\/pin\/create\/button\/\" data-pin-do=\"buttonBookmark\" data-pin-color=\"red\" data-pin-height=\"128\"><img decoding=\"async\" src=\"\/\/assets.pinterest.com\/images\/pidgets\/pinit_fg_en_rect_red_28.png\" \/><\/a><\/p>","protected":false},"excerpt":{"rendered":"[vc_wp_custommenu nav_menu=\"169\" title=\"Qui sommes-nous ? \"] Notre agence L'histoire d'une passion La cr\u00e9ation de l\u2019agence Nam Viet Voyage r\u00e9sulte d\u2019une passion. Les deux fondateurs St\u00e9phane Nguyen et Faustin Bartoli sont...","protected":false},"author":2,"featured_media":0,"parent":0,"menu_order":0,"comment_status":"closed","ping_status":"open","template":"","meta":{"_crdt_document":"","footnotes":""},"class_list":["post-6646","page","type-page","status-publish","hentry"],"yoast_head":"<!-- This site is optimized with the Yoast SEO plugin v27.4 - https:\/\/yoast.com\/product\/yoast-seo-wordpress\/ -->\n<title>Notre agence - Nam Viet Voyage<\/title>\n<meta name=\"description\" content=\"Les bureaux de notre agence de voyage sont situ\u00e9s \u00e0 H\u00f4 Chi Minh-Ville (Saigon).\" \/>\n<meta name=\"robots\" content=\"index, follow, max-snippet:-1, max-image-preview:large, max-video-preview:-1\" \/>\n<link rel=\"canonical\" href=\"http:\/\/nam-viet-voyage.com\/fr\/notre-agence\/\" \/>\n<meta property=\"og:locale\" content=\"fr_FR\" \/>\n<meta property=\"og:type\" content=\"article\" \/>\n<meta property=\"og:title\" content=\"Notre agence - Nam Viet Voyage\" \/>\n<meta property=\"og:description\" content=\"Les bureaux de notre agence de voyage sont situ\u00e9s \u00e0 H\u00f4 Chi Minh-Ville (Saigon).\" \/>\n<meta property=\"og:url\" content=\"http:\/\/nam-viet-voyage.com\/fr\/notre-agence\/\" \/>\n<meta property=\"og:site_name\" content=\"Nam Viet Voyage\" \/>\n<meta property=\"article:publisher\" content=\"https:\/\/www.facebook.com\/NamVietVoyage\" \/>\n<meta property=\"article:modified_time\" content=\"2016-05-25T07:45:01+00:00\" \/>\n<meta name=\"twitter:card\" content=\"summary_large_image\" \/>\n<meta name=\"twitter:site\" content=\"@NamVietVoyage\" \/>\n<meta name=\"twitter:label1\" content=\"Dur\u00e9e de lecture estim\u00e9e\" \/>\n\t<meta name=\"twitter:data1\" content=\"1 minute\" \/>\n<script type=\"application\/ld+json\" class=\"yoast-schema-graph\">{\"@context\":\"https:\\\/\\\/schema.org\",\"@graph\":[{\"@type\":\"WebPage\",\"@id\":\"http:\\\/\\\/nam-viet-voyage.com\\\/fr\\\/notre-agence\\\/\",\"url\":\"http:\\\/\\\/nam-viet-voyage.com\\\/fr\\\/notre-agence\\\/\",\"name\":\"Notre agence - Nam Viet Voyage\",\"isPartOf\":{\"@id\":\"http:\\\/\\\/nam-viet-voyage.com\\\/#website\"},\"datePublished\":\"2015-03-25T02:15:20+00:00\",\"dateModified\":\"2016-05-25T07:45:01+00:00\",\"description\":\"Les bureaux de notre agence de voyage sont situ\u00e9s \u00e0 H\u00f4 Chi Minh-Ville (Saigon).\",\"breadcrumb\":{\"@id\":\"http:\\\/\\\/nam-viet-voyage.com\\\/fr\\\/notre-agence\\\/#breadcrumb\"},\"inLanguage\":\"fr-FR\",\"potentialAction\":[{\"@type\":\"ReadAction\",\"target\":[\"http:\\\/\\\/nam-viet-voyage.com\\\/fr\\\/notre-agence\\\/\"]}]},{\"@type\":\"BreadcrumbList\",\"@id\":\"http:\\\/\\\/nam-viet-voyage.com\\\/fr\\\/notre-agence\\\/#breadcrumb\",\"itemListElement\":[{\"@type\":\"ListItem\",\"position\":1,\"name\":\"Home\",\"item\":\"https:\\\/\\\/nam-viet-voyage.com\\\/fr\\\/\"},{\"@type\":\"ListItem\",\"position\":2,\"name\":\"Notre agence\"}]},{\"@type\":\"WebSite\",\"@id\":\"http:\\\/\\\/nam-viet-voyage.com\\\/#website\",\"url\":\"http:\\\/\\\/nam-viet-voyage.com\\\/\",\"name\":\"Nam Viet Voyage\",\"description\":\"Voyages en Asie du Sud-Est\",\"potentialAction\":[{\"@type\":\"SearchAction\",\"target\":{\"@type\":\"EntryPoint\",\"urlTemplate\":\"http:\\\/\\\/nam-viet-voyage.com\\\/?s={search_term_string}\"},\"query-input\":{\"@type\":\"PropertyValueSpecification\",\"valueRequired\":true,\"valueName\":\"search_term_string\"}}],\"inLanguage\":\"fr-FR\"}]}<\/script>\n<!-- \/ Yoast SEO plugin. -->","yoast_head_json":{"title":"Notre agence - Nam Viet Voyage","description":"Les bureaux de notre agence de voyage sont situ\u00e9s \u00e0 H\u00f4 Chi Minh-Ville (Saigon).","robots":{"index":"index","follow":"follow","max-snippet":"max-snippet:-1","max-image-preview":"max-image-preview:large","max-video-preview":"max-video-preview:-1"},"canonical":"http:\/\/nam-viet-voyage.com\/fr\/notre-agence\/","og_locale":"fr_FR","og_type":"article","og_title":"Notre agence - Nam Viet Voyage","og_description":"Les bureaux de notre agence de voyage sont situ\u00e9s \u00e0 H\u00f4 Chi Minh-Ville (Saigon).","og_url":"http:\/\/nam-viet-voyage.com\/fr\/notre-agence\/","og_site_name":"Nam Viet Voyage","article_publisher":"https:\/\/www.facebook.com\/NamVietVoyage","article_modified_time":"2016-05-25T07:45:01+00:00","twitter_card":"summary_large_image","twitter_site":"@NamVietVoyage","twitter_misc":{"Dur\u00e9e de lecture estim\u00e9e":"1 minute"},"schema":{"@context":"https:\/\/schema.org","@graph":[{"@type":"WebPage","@id":"http:\/\/nam-viet-voyage.com\/fr\/notre-agence\/","url":"http:\/\/nam-viet-voyage.com\/fr\/notre-agence\/","name":"Notre agence - Nam Viet Voyage","isPartOf":{"@id":"http:\/\/nam-viet-voyage.com\/#website"},"datePublished":"2015-03-25T02:15:20+00:00","dateModified":"2016-05-25T07:45:01+00:00","description":"Les bureaux de notre agence de voyage sont situ\u00e9s \u00e0 H\u00f4 Chi Minh-Ville (Saigon).","breadcrumb":{"@id":"http:\/\/nam-viet-voyage.com\/fr\/notre-agence\/#breadcrumb"},"inLanguage":"fr-FR","potentialAction":[{"@type":"ReadAction","target":["http:\/\/nam-viet-voyage.com\/fr\/notre-agence\/"]}]},{"@type":"BreadcrumbList","@id":"http:\/\/nam-viet-voyage.com\/fr\/notre-agence\/#breadcrumb","itemListElement":[{"@type":"ListItem","position":1,"name":"Home","item":"https:\/\/nam-viet-voyage.com\/fr\/"},{"@type":"ListItem","position":2,"name":"Notre agence"}]},{"@type":"WebSite","@id":"http:\/\/nam-viet-voyage.com\/#website","url":"http:\/\/nam-viet-voyage.com\/","name":"Nam Viet Voyage","description":"Voyages en Asie du Sud-Est","potentialAction":[{"@type":"SearchAction","target":{"@type":"EntryPoint","urlTemplate":"http:\/\/nam-viet-voyage.com\/?s={search_term_string}"},"query-input":{"@type":"PropertyValueSpecification","valueRequired":true,"valueName":"search_term_string"}}],"inLanguage":"fr-FR"}]}},"_links":{"self":[{"href":"http:\/\/nam-viet-voyage.com\/fr\/wp-json\/wp\/v2\/pages\/6646","targetHints":{"allow":["GET"]}}],"collection":[{"href":"http:\/\/nam-viet-voyage.com\/fr\/wp-json\/wp\/v2\/pages"}],"about":[{"href":"http:\/\/nam-viet-voyage.com\/fr\/wp-json\/wp\/v2\/types\/page"}],"author":[{"embeddable":true,"href":"http:\/\/nam-viet-voyage.com\/fr\/wp-json\/wp\/v2\/users\/2"}],"replies":[{"embeddable":true,"href":"http:\/\/nam-viet-voyage.com\/fr\/wp-json\/wp\/v2\/comments?post=6646"}],"version-history":[{"count":17,"href":"http:\/\/nam-viet-voyage.com\/fr\/wp-json\/wp\/v2\/pages\/6646\/revisions"}],"predecessor-version":[{"id":11320,"href":"http:\/\/nam-viet-voyage.com\/fr\/wp-json\/wp\/v2\/pages\/6646\/revisions\/11320"}],"wp:attachment":[{"href":"http:\/\/nam-viet-voyage.com\/fr\/wp-json\/wp\/v2\/media?parent=6646"}],"curies":[{"name":"wp","href":"https:\/\/api.w.org\/{rel}","templated":true}]}}