{"id":4496,"date":"2015-01-22T07:20:01","date_gmt":"2015-01-22T07:20:01","guid":{"rendered":"http:\/\/nam-viet-voyage.com\/?page_id=4496"},"modified":"2016-05-25T07:45:02","modified_gmt":"2016-05-25T07:45:02","slug":"sanctuary-pakbeng-lodge","status":"publish","type":"page","link":"http:\/\/nam-viet-voyage.com\/fr\/sanctuary-pakbeng-lodge\/","title":{"rendered":"Sanctuary Pakbeng Lodge &#8211; Pakbeng"},"content":{"rendered":"<section class=\"l-section wpb_row height_medium\"><div class=\"l-section-h i-cf\"><div class=\"g-cols offset_small\"><div class=\" one-quarter\">[vc_wp_custommenu nav_menu=\u00a0\u00bb329&Prime; title=\u00a0\u00bbVotre h\u00f4tel &#8211; Laos\u00a0\u00bb]<\/div><div class=\" three-quarters\"><div class=\"w-image  align_center\"><img loading=\"lazy\" decoding=\"async\" width=\"730\" height=\"200\" src=\"http:\/\/nam-viet-voyage.com\/wp-content\/uploads\/2015\/01\/pakbeng-lodge-pakbeng.png\" class=\"attachment-full size-full\" alt=\"pakbeng-lodge-pakbeng\" srcset=\"http:\/\/nam-viet-voyage.com\/wp-content\/uploads\/2015\/01\/pakbeng-lodge-pakbeng.png 730w, http:\/\/nam-viet-voyage.com\/wp-content\/uploads\/2015\/01\/pakbeng-lodge-pakbeng-300x82.png 300w, http:\/\/nam-viet-voyage.com\/wp-content\/uploads\/2015\/01\/pakbeng-lodge-pakbeng-600x164.png 600w, http:\/\/nam-viet-voyage.com\/wp-content\/uploads\/2015\/01\/pakbeng-lodge-pakbeng-150x41.png 150w\" sizes=\"auto, (max-width: 730px) 100vw, 730px\" \/><\/div><div class=\"wpb_text_column \"><div class=\"wpb_wrapper\">\n<h2 style=\"text-align: center;\">Sanctuary Pakbeng Lodge &#8211; Pakbeng<\/h2>\n<p style=\"text-align: justify;\">Le Sanctuary Pakbeng Lodge se trouve sur les bords du M\u00e9kong au Laos, en face du Mekong Elephant Camp, et \u00e0 4 heures de route de Luang Prabang. En plein c\u0153ur de la nature laotienne, il propose un h\u00e9bergement \u00e9co-responsable, dont les b\u00e9n\u00e9fices profitent \u00e0 des projets de d\u00e9veloppement local comme le centre m\u00e9dical Les m\u00e9decins de Chinguetti Pakbeng. Dans l&rsquo;h\u00f4tel se trouvent 20 chambres sup\u00e9rieures, b\u00e9n\u00e9ficiant d&rsquo;un balcon avec vue sur le M\u00e9kong, de 8 chambres deluxe dont les murs sont amovibles et qui peuvent ainsi s&rsquo;ouvrir sur l&rsquo;ext\u00e9rieur, et de 2 grandes suites. C\u00f4t\u00e9 restauration, deux bars sont \u00e0 disposition des h\u00f4tes, le Sunset Bar et le Moonlight Bar, ainsi que deux restaurants, le Sunset et le Moonlight. Le resort est un bon point de d\u00e9part pour des randonn\u00e9es en for\u00eat et dans les villages locaux. L&rsquo;\u00e9tablissement propose aussi des promenades \u00e0 dos d&rsquo;\u00e9l\u00e9phants et des cours de cuisine.<\/p>\n<\/div> <\/div> [vc_empty_space height=\u00a0\u00bb30px\u00a0\u00bb]<div class=\"g-cols wpb_row offset_small vc_inner \"><div class=\" one-half\"><div class=\"w-image  align_center\"><img loading=\"lazy\" decoding=\"async\" width=\"320\" height=\"213\" src=\"http:\/\/nam-viet-voyage.com\/wp-content\/uploads\/2015\/01\/sanctuary-pakbeng-lodge-terrace.jpg\" class=\"attachment-full size-full\" alt=\"View from the terrace overlooking the Mekong River Sanctuary Pakbeng Lodge\" srcset=\"http:\/\/nam-viet-voyage.com\/wp-content\/uploads\/2015\/01\/sanctuary-pakbeng-lodge-terrace.jpg 320w, http:\/\/nam-viet-voyage.com\/wp-content\/uploads\/2015\/01\/sanctuary-pakbeng-lodge-terrace-300x200.jpg 300w\" sizes=\"auto, (max-width: 320px) 100vw, 320px\" \/><\/div><div class=\"w-image  align_center\"><img loading=\"lazy\" decoding=\"async\" width=\"320\" height=\"213\" src=\"http:\/\/nam-viet-voyage.com\/wp-content\/uploads\/2015\/01\/sanctuary-pakbeng-lodge-superior-exterior.jpg\" class=\"attachment-full size-full\" alt=\"View of the exterior of the superior room Sanctuary Pakbeng Lodge\" srcset=\"http:\/\/nam-viet-voyage.com\/wp-content\/uploads\/2015\/01\/sanctuary-pakbeng-lodge-superior-exterior.jpg 320w, http:\/\/nam-viet-voyage.com\/wp-content\/uploads\/2015\/01\/sanctuary-pakbeng-lodge-superior-exterior-300x200.jpg 300w\" sizes=\"auto, (max-width: 320px) 100vw, 320px\" \/><\/div><\/div><div class=\" one-half\"><div class=\"w-image  align_center\"><img loading=\"lazy\" decoding=\"async\" width=\"320\" height=\"213\" src=\"http:\/\/nam-viet-voyage.com\/wp-content\/uploads\/2015\/01\/sanctuary-pakbeng-lodge-suite.jpg\" class=\"attachment-full size-full\" alt=\"Interior of a suite Sanctuary Pakbeng Lodge\" srcset=\"http:\/\/nam-viet-voyage.com\/wp-content\/uploads\/2015\/01\/sanctuary-pakbeng-lodge-suite.jpg 320w, http:\/\/nam-viet-voyage.com\/wp-content\/uploads\/2015\/01\/sanctuary-pakbeng-lodge-suite-300x200.jpg 300w\" sizes=\"auto, (max-width: 320px) 100vw, 320px\" \/><\/div><div class=\"w-image  align_center\"><img loading=\"lazy\" decoding=\"async\" width=\"320\" height=\"213\" src=\"http:\/\/nam-viet-voyage.com\/wp-content\/uploads\/2015\/01\/sanctuary-pakbeng-lodge-elephant-camp.jpg\" class=\"attachment-full size-full\" alt=\"Elephant Camp at the Sanctuary Pakbeng Lodge\" srcset=\"http:\/\/nam-viet-voyage.com\/wp-content\/uploads\/2015\/01\/sanctuary-pakbeng-lodge-elephant-camp.jpg 320w, http:\/\/nam-viet-voyage.com\/wp-content\/uploads\/2015\/01\/sanctuary-pakbeng-lodge-elephant-camp-300x200.jpg 300w\" sizes=\"auto, (max-width: 320px) 100vw, 320px\" \/><\/div><\/div><\/div><\/div><\/div><\/div><\/section><section class=\"l-section wpb_row height_medium color_secondary\"><div class=\"l-section-h i-cf\"><div class=\"g-cols offset_small\"><div class=\" full-width\"><div class=\"g-cols wpb_row offset_small vc_inner \"><div class=\" full-width\">[vc_custom_heading text=\u00a0\u00bbPour tout projet ou information compl\u00e9mentaire, merci de nous contacter !\u00a0\u00bb font_container=\u00a0\u00bbtag:p|font_size:24|text_align:center\u00a0\u00bb google_fonts=\u00a0\u00bbfont_family:Nothing%20You%20Could%20Do%3Aregular|font_style:400%20regular%3A400%3Anormal\u00a0\u00bb]\n<div class=\"wpcf7 no-js\" id=\"wpcf7-f5977-o1\" lang=\"fr-FR\" dir=\"ltr\" data-wpcf7-id=\"5977\">\n<div class=\"screen-reader-response\"><p role=\"status\" aria-live=\"polite\" aria-atomic=\"true\"><\/p> <ul><\/ul><\/div>\n<form action=\"\/fr\/wp-json\/wp\/v2\/pages\/4496#wpcf7-f5977-o1\" method=\"post\" class=\"wpcf7-form init\" aria-label=\"Formulaire de contact\" novalidate=\"novalidate\" data-status=\"init\">\n<fieldset class=\"hidden-fields-container\"><input type=\"hidden\" name=\"_wpcf7\" value=\"5977\" \/><input type=\"hidden\" name=\"_wpcf7_version\" value=\"6.1.5\" \/><input type=\"hidden\" name=\"_wpcf7_locale\" value=\"fr_FR\" \/><input type=\"hidden\" name=\"_wpcf7_unit_tag\" value=\"wpcf7-f5977-o1\" \/><input type=\"hidden\" name=\"_wpcf7_container_post\" value=\"0\" \/><input type=\"hidden\" name=\"_wpcf7_posted_data_hash\" value=\"\" \/>\n<\/fieldset>\n<p>Votre Nom *\n<\/p>\n<p><span class=\"wpcf7-form-control-wrap\" data-name=\"your-name\"><input size=\"40\" maxlength=\"400\" class=\"wpcf7-form-control wpcf7-text wpcf7-validates-as-required\" aria-required=\"true\" aria-invalid=\"false\" value=\"\" type=\"text\" name=\"your-name\" \/><\/span>\n<\/p>\n<p>Votre Email *\n<\/p>\n<p><span class=\"wpcf7-form-control-wrap\" data-name=\"your-email\"><input size=\"40\" maxlength=\"400\" class=\"wpcf7-form-control wpcf7-email wpcf7-validates-as-required wpcf7-text wpcf7-validates-as-email\" aria-required=\"true\" aria-invalid=\"false\" value=\"\" type=\"email\" name=\"your-email\" \/><\/span>\n<\/p>\n<p>Votre Message *\n<\/p>\n<p><span class=\"wpcf7-form-control-wrap\" data-name=\"your-message\"><textarea cols=\"40\" rows=\"10\" maxlength=\"2000\" class=\"wpcf7-form-control wpcf7-textarea wpcf7-validates-as-required\" aria-required=\"true\" aria-invalid=\"false\" name=\"your-message\"><\/textarea><\/span>\n<\/p>\n<p><input class=\"wpcf7-form-control wpcf7-submit has-spinner\" type=\"submit\" value=\"Envoyer\" \/>\n<\/p><div class=\"wpcf7-response-output\" aria-hidden=\"true\"><\/div>\n<\/form>\n<\/div>\n<\/div><\/div><\/div><\/div><\/div><\/section>\n<p><a href=\"\/\/www.pinterest.com\/pin\/create\/button\/\" data-pin-do=\"buttonBookmark\" data-pin-color=\"red\" data-pin-height=\"128\"><img decoding=\"async\" src=\"\/\/assets.pinterest.com\/images\/pidgets\/pinit_fg_en_rect_red_28.png\" \/><\/a><\/p>","protected":false},"excerpt":{"rendered":"[vc_wp_custommenu nav_menu=\"329\" title=\"Votre h\u00f4tel - Laos\"] Sanctuary Pakbeng Lodge - Pakbeng Le Sanctuary Pakbeng Lodge se trouve sur les bords du M\u00e9kong au Laos, en face du Mekong Elephant Camp,...","protected":false},"author":2,"featured_media":0,"parent":0,"menu_order":0,"comment_status":"closed","ping_status":"open","template":"","meta":{"_crdt_document":"","footnotes":""},"class_list":["post-4496","page","type-page","status-publish","hentry"],"yoast_head":"<!-- This site is optimized with the Yoast SEO plugin v27.4 - https:\/\/yoast.com\/product\/yoast-seo-wordpress\/ -->\n<title>Sanctuary Pakbeng Lodge - Pakbeng - Nam Viet Voyage<\/title>\n<meta name=\"description\" content=\"Au bord du fleuve M\u00e9kong, le Sanctuary Pakbeng Lodge est id\u00e9al pour faire une pause nature et se d\u00e9tendre au calme.\" \/>\n<meta name=\"robots\" content=\"index, follow, max-snippet:-1, max-image-preview:large, max-video-preview:-1\" \/>\n<link rel=\"canonical\" href=\"https:\/\/nam-viet-voyage.com\/fr\/sanctuary-pakbeng-lodge\/\" \/>\n<meta property=\"og:locale\" content=\"fr_FR\" \/>\n<meta property=\"og:type\" content=\"article\" \/>\n<meta property=\"og:title\" content=\"Sanctuary Pakbeng Lodge - Pakbeng - Nam Viet Voyage\" \/>\n<meta property=\"og:description\" content=\"Au bord du fleuve M\u00e9kong, le Sanctuary Pakbeng Lodge est id\u00e9al pour faire une pause nature et se d\u00e9tendre au calme.\" \/>\n<meta property=\"og:url\" content=\"https:\/\/nam-viet-voyage.com\/fr\/sanctuary-pakbeng-lodge\/\" \/>\n<meta property=\"og:site_name\" content=\"Nam Viet Voyage\" \/>\n<meta property=\"article:publisher\" content=\"https:\/\/www.facebook.com\/NamVietVoyage\" \/>\n<meta property=\"article:modified_time\" content=\"2016-05-25T07:45:02+00:00\" \/>\n<meta name=\"twitter:card\" content=\"summary_large_image\" \/>\n<meta name=\"twitter:site\" content=\"@NamVietVoyage\" \/>\n<meta name=\"twitter:label1\" content=\"Dur\u00e9e de lecture estim\u00e9e\" \/>\n\t<meta name=\"twitter:data1\" content=\"2 minutes\" \/>\n<script type=\"application\/ld+json\" class=\"yoast-schema-graph\">{\"@context\":\"https:\\\/\\\/schema.org\",\"@graph\":[{\"@type\":\"WebPage\",\"@id\":\"https:\\\/\\\/nam-viet-voyage.com\\\/fr\\\/sanctuary-pakbeng-lodge\\\/\",\"url\":\"https:\\\/\\\/nam-viet-voyage.com\\\/fr\\\/sanctuary-pakbeng-lodge\\\/\",\"name\":\"Sanctuary Pakbeng Lodge - Pakbeng - Nam Viet Voyage\",\"isPartOf\":{\"@id\":\"https:\\\/\\\/nam-viet-voyage.com\\\/fr\\\/#website\"},\"datePublished\":\"2015-01-22T07:20:01+00:00\",\"dateModified\":\"2016-05-25T07:45:02+00:00\",\"description\":\"Au bord du fleuve M\u00e9kong, le Sanctuary Pakbeng Lodge est id\u00e9al pour faire une pause nature et se d\u00e9tendre au calme.\",\"breadcrumb\":{\"@id\":\"https:\\\/\\\/nam-viet-voyage.com\\\/fr\\\/sanctuary-pakbeng-lodge\\\/#breadcrumb\"},\"inLanguage\":\"fr-FR\",\"potentialAction\":[{\"@type\":\"ReadAction\",\"target\":[\"https:\\\/\\\/nam-viet-voyage.com\\\/fr\\\/sanctuary-pakbeng-lodge\\\/\"]}]},{\"@type\":\"BreadcrumbList\",\"@id\":\"https:\\\/\\\/nam-viet-voyage.com\\\/fr\\\/sanctuary-pakbeng-lodge\\\/#breadcrumb\",\"itemListElement\":[{\"@type\":\"ListItem\",\"position\":1,\"name\":\"Home\",\"item\":\"https:\\\/\\\/nam-viet-voyage.com\\\/fr\\\/\"},{\"@type\":\"ListItem\",\"position\":2,\"name\":\"Sanctuary Pakbeng Lodge &#8211; Pakbeng\"}]},{\"@type\":\"WebSite\",\"@id\":\"https:\\\/\\\/nam-viet-voyage.com\\\/fr\\\/#website\",\"url\":\"https:\\\/\\\/nam-viet-voyage.com\\\/fr\\\/\",\"name\":\"Nam Viet Voyage\",\"description\":\"Voyages en Asie du Sud-Est\",\"potentialAction\":[{\"@type\":\"SearchAction\",\"target\":{\"@type\":\"EntryPoint\",\"urlTemplate\":\"https:\\\/\\\/nam-viet-voyage.com\\\/fr\\\/?s={search_term_string}\"},\"query-input\":{\"@type\":\"PropertyValueSpecification\",\"valueRequired\":true,\"valueName\":\"search_term_string\"}}],\"inLanguage\":\"fr-FR\"}]}<\/script>\n<!-- \/ Yoast SEO plugin. -->","yoast_head_json":{"title":"Sanctuary Pakbeng Lodge - Pakbeng - Nam Viet Voyage","description":"Au bord du fleuve M\u00e9kong, le Sanctuary Pakbeng Lodge est id\u00e9al pour faire une pause nature et se d\u00e9tendre au calme.","robots":{"index":"index","follow":"follow","max-snippet":"max-snippet:-1","max-image-preview":"max-image-preview:large","max-video-preview":"max-video-preview:-1"},"canonical":"https:\/\/nam-viet-voyage.com\/fr\/sanctuary-pakbeng-lodge\/","og_locale":"fr_FR","og_type":"article","og_title":"Sanctuary Pakbeng Lodge - Pakbeng - Nam Viet Voyage","og_description":"Au bord du fleuve M\u00e9kong, le Sanctuary Pakbeng Lodge est id\u00e9al pour faire une pause nature et se d\u00e9tendre au calme.","og_url":"https:\/\/nam-viet-voyage.com\/fr\/sanctuary-pakbeng-lodge\/","og_site_name":"Nam Viet Voyage","article_publisher":"https:\/\/www.facebook.com\/NamVietVoyage","article_modified_time":"2016-05-25T07:45:02+00:00","twitter_card":"summary_large_image","twitter_site":"@NamVietVoyage","twitter_misc":{"Dur\u00e9e de lecture estim\u00e9e":"2 minutes"},"schema":{"@context":"https:\/\/schema.org","@graph":[{"@type":"WebPage","@id":"https:\/\/nam-viet-voyage.com\/fr\/sanctuary-pakbeng-lodge\/","url":"https:\/\/nam-viet-voyage.com\/fr\/sanctuary-pakbeng-lodge\/","name":"Sanctuary Pakbeng Lodge - Pakbeng - Nam Viet Voyage","isPartOf":{"@id":"https:\/\/nam-viet-voyage.com\/fr\/#website"},"datePublished":"2015-01-22T07:20:01+00:00","dateModified":"2016-05-25T07:45:02+00:00","description":"Au bord du fleuve M\u00e9kong, le Sanctuary Pakbeng Lodge est id\u00e9al pour faire une pause nature et se d\u00e9tendre au calme.","breadcrumb":{"@id":"https:\/\/nam-viet-voyage.com\/fr\/sanctuary-pakbeng-lodge\/#breadcrumb"},"inLanguage":"fr-FR","potentialAction":[{"@type":"ReadAction","target":["https:\/\/nam-viet-voyage.com\/fr\/sanctuary-pakbeng-lodge\/"]}]},{"@type":"BreadcrumbList","@id":"https:\/\/nam-viet-voyage.com\/fr\/sanctuary-pakbeng-lodge\/#breadcrumb","itemListElement":[{"@type":"ListItem","position":1,"name":"Home","item":"https:\/\/nam-viet-voyage.com\/fr\/"},{"@type":"ListItem","position":2,"name":"Sanctuary Pakbeng Lodge &#8211; Pakbeng"}]},{"@type":"WebSite","@id":"https:\/\/nam-viet-voyage.com\/fr\/#website","url":"https:\/\/nam-viet-voyage.com\/fr\/","name":"Nam Viet Voyage","description":"Voyages en Asie du Sud-Est","potentialAction":[{"@type":"SearchAction","target":{"@type":"EntryPoint","urlTemplate":"https:\/\/nam-viet-voyage.com\/fr\/?s={search_term_string}"},"query-input":{"@type":"PropertyValueSpecification","valueRequired":true,"valueName":"search_term_string"}}],"inLanguage":"fr-FR"}]}},"_links":{"self":[{"href":"http:\/\/nam-viet-voyage.com\/fr\/wp-json\/wp\/v2\/pages\/4496","targetHints":{"allow":["GET"]}}],"collection":[{"href":"http:\/\/nam-viet-voyage.com\/fr\/wp-json\/wp\/v2\/pages"}],"about":[{"href":"http:\/\/nam-viet-voyage.com\/fr\/wp-json\/wp\/v2\/types\/page"}],"author":[{"embeddable":true,"href":"http:\/\/nam-viet-voyage.com\/fr\/wp-json\/wp\/v2\/users\/2"}],"replies":[{"embeddable":true,"href":"http:\/\/nam-viet-voyage.com\/fr\/wp-json\/wp\/v2\/comments?post=4496"}],"version-history":[{"count":14,"href":"http:\/\/nam-viet-voyage.com\/fr\/wp-json\/wp\/v2\/pages\/4496\/revisions"}],"predecessor-version":[{"id":11335,"href":"http:\/\/nam-viet-voyage.com\/fr\/wp-json\/wp\/v2\/pages\/4496\/revisions\/11335"}],"wp:attachment":[{"href":"http:\/\/nam-viet-voyage.com\/fr\/wp-json\/wp\/v2\/media?parent=4496"}],"curies":[{"name":"wp","href":"https:\/\/api.w.org\/{rel}","templated":true}]}}