{"id":4489,"date":"2015-01-22T07:17:50","date_gmt":"2015-01-22T07:17:50","guid":{"rendered":"http:\/\/nam-viet-voyage.com\/?page_id=4489"},"modified":"2016-05-25T07:45:02","modified_gmt":"2016-05-25T07:45:02","slug":"green-park-boutique-hotel-vientiane","status":"publish","type":"page","link":"http:\/\/nam-viet-voyage.com\/fr\/green-park-boutique-hotel-vientiane\/","title":{"rendered":"Green Park Boutique Hotel &#8211; Vientiane"},"content":{"rendered":"<section class=\"l-section wpb_row height_medium\"><div class=\"l-section-h i-cf\"><div class=\"g-cols offset_small\"><div class=\" one-quarter\">[vc_wp_custommenu nav_menu=\u00a0\u00bb329&Prime; title=\u00a0\u00bbVotre h\u00f4tel &#8211; Laos\u00a0\u00bb]<\/div><div class=\" three-quarters\"><div class=\"w-image  align_center\"><img loading=\"lazy\" decoding=\"async\" width=\"730\" height=\"200\" src=\"http:\/\/nam-viet-voyage.com\/wp-content\/uploads\/2015\/01\/vientiane1.png\" class=\"attachment-full size-full\" alt=\"vientiane green park hotel\" srcset=\"http:\/\/nam-viet-voyage.com\/wp-content\/uploads\/2015\/01\/vientiane1.png 730w, http:\/\/nam-viet-voyage.com\/wp-content\/uploads\/2015\/01\/vientiane1-300x82.png 300w, http:\/\/nam-viet-voyage.com\/wp-content\/uploads\/2015\/01\/vientiane1-600x164.png 600w, http:\/\/nam-viet-voyage.com\/wp-content\/uploads\/2015\/01\/vientiane1-150x41.png 150w\" sizes=\"auto, (max-width: 730px) 100vw, 730px\" \/><\/div><div class=\"wpb_text_column \"><div class=\"wpb_wrapper\">\n<h2 style=\"text-align: center;\">Green Park Boutique Hotel &#8211; Vientiane<\/h2>\n<p style=\"text-align: justify;\">Dans le centre-ville de Vientiane, la capitale du Laos, se trouve le Green Park Boutique Hotel. Son architecture tr\u00e8s \u00e9l\u00e9gante m\u00eale influences laotiennes traditionnelles et contemporaines. La d\u00e9coration du lieu est sobre et soign\u00e9e, sans fioriture qui puisse g\u00eaner le regard. Les chambres et suites sont dispos\u00e9es dans plusieurs b\u00e2timents autour d&rsquo;une belle piscine centrale. Le restaurant de l&rsquo;h\u00f4tel, Sala Nongchah, propose une carte m\u00ealant cuisines internationale et laotienne. Dans l&rsquo;espace r\u00e9ception, les clients peuvent profiter du Dok Dala Lounge qui sert cocktails et en-cas, tout comme le bar de la piscine. C\u00f4t\u00e9 relaxation, le Champa Lao Spa offre diverses prestations : massage, r\u00e9flexoth\u00e9rapie, rafra\u00eechissement\u2026 Tout inspire la d\u00e9tente. Pour ceux qui souhaiteraient visiter Vientiane, l&rsquo;h\u00f4tel se trouve justement proche des plus grandes attractions de la ville.<\/p>\n<\/div> <\/div> [vc_empty_space height=\u00a0\u00bb30px\u00a0\u00bb]<div class=\"g-cols wpb_row offset_small vc_inner \"><div class=\" one-half\"><div class=\"w-image  align_center\"><img loading=\"lazy\" decoding=\"async\" width=\"320\" height=\"213\" src=\"http:\/\/nam-viet-voyage.com\/wp-content\/uploads\/2015\/01\/green-park-hotel-pool-night.png\" class=\"attachment-full size-full\" alt=\"Pool by night at the Green Park Boutique Hotel\" srcset=\"http:\/\/nam-viet-voyage.com\/wp-content\/uploads\/2015\/01\/green-park-hotel-pool-night.png 320w, http:\/\/nam-viet-voyage.com\/wp-content\/uploads\/2015\/01\/green-park-hotel-pool-night-300x200.png 300w\" sizes=\"auto, (max-width: 320px) 100vw, 320px\" \/><\/div><div class=\"w-image  align_center\"><img loading=\"lazy\" decoding=\"async\" width=\"320\" height=\"213\" src=\"http:\/\/nam-viet-voyage.com\/wp-content\/uploads\/2015\/01\/green-park-hotel-spa.jpg\" class=\"attachment-full size-full\" alt=\"Seats at the spa of the Green Park Boutique Hotel\" srcset=\"http:\/\/nam-viet-voyage.com\/wp-content\/uploads\/2015\/01\/green-park-hotel-spa.jpg 320w, http:\/\/nam-viet-voyage.com\/wp-content\/uploads\/2015\/01\/green-park-hotel-spa-300x200.jpg 300w\" sizes=\"auto, (max-width: 320px) 100vw, 320px\" \/><\/div><\/div><div class=\" one-half\"><div class=\"w-image  align_center\"><img loading=\"lazy\" decoding=\"async\" width=\"320\" height=\"213\" src=\"http:\/\/nam-viet-voyage.com\/wp-content\/uploads\/2015\/01\/green-park-hotel-reception.jpg\" class=\"attachment-full size-full\" alt=\"View of the reception at the Green Park Boutique Hotel\" srcset=\"http:\/\/nam-viet-voyage.com\/wp-content\/uploads\/2015\/01\/green-park-hotel-reception.jpg 320w, http:\/\/nam-viet-voyage.com\/wp-content\/uploads\/2015\/01\/green-park-hotel-reception-300x200.jpg 300w\" sizes=\"auto, (max-width: 320px) 100vw, 320px\" \/><\/div><div class=\"w-image  align_center\"><img loading=\"lazy\" decoding=\"async\" width=\"320\" height=\"213\" src=\"http:\/\/nam-viet-voyage.com\/wp-content\/uploads\/2015\/01\/green-park-hotel-room-inside.png\" class=\"attachment-full size-full\" alt=\"Bed and sofa in a room Green Park Boutique Hotel\" srcset=\"http:\/\/nam-viet-voyage.com\/wp-content\/uploads\/2015\/01\/green-park-hotel-room-inside.png 320w, http:\/\/nam-viet-voyage.com\/wp-content\/uploads\/2015\/01\/green-park-hotel-room-inside-300x200.png 300w\" sizes=\"auto, (max-width: 320px) 100vw, 320px\" \/><\/div><\/div><\/div><\/div><\/div><\/div><\/section><section class=\"l-section wpb_row height_medium color_secondary\"><div class=\"l-section-h i-cf\"><div class=\"g-cols offset_small\"><div class=\" full-width\"><div class=\"g-cols wpb_row offset_small vc_inner \"><div class=\" full-width\">[vc_custom_heading text=\u00a0\u00bbPour tout projet ou information compl\u00e9mentaire, merci de nous contacter !\u00a0\u00bb font_container=\u00a0\u00bbtag:p|font_size:24|text_align:center\u00a0\u00bb google_fonts=\u00a0\u00bbfont_family:Nothing%20You%20Could%20Do%3Aregular|font_style:400%20regular%3A400%3Anormal\u00a0\u00bb]\n<div class=\"wpcf7 no-js\" id=\"wpcf7-f5977-o1\" lang=\"fr-FR\" dir=\"ltr\" data-wpcf7-id=\"5977\">\n<div class=\"screen-reader-response\"><p role=\"status\" aria-live=\"polite\" aria-atomic=\"true\"><\/p> <ul><\/ul><\/div>\n<form action=\"\/fr\/wp-json\/wp\/v2\/pages\/4489#wpcf7-f5977-o1\" method=\"post\" class=\"wpcf7-form init\" aria-label=\"Formulaire de contact\" novalidate=\"novalidate\" data-status=\"init\">\n<fieldset class=\"hidden-fields-container\"><input type=\"hidden\" name=\"_wpcf7\" value=\"5977\" \/><input type=\"hidden\" name=\"_wpcf7_version\" value=\"6.1.5\" \/><input type=\"hidden\" name=\"_wpcf7_locale\" value=\"fr_FR\" \/><input type=\"hidden\" name=\"_wpcf7_unit_tag\" value=\"wpcf7-f5977-o1\" \/><input type=\"hidden\" name=\"_wpcf7_container_post\" value=\"0\" \/><input type=\"hidden\" name=\"_wpcf7_posted_data_hash\" value=\"\" \/>\n<\/fieldset>\n<p>Votre Nom *\n<\/p>\n<p><span class=\"wpcf7-form-control-wrap\" data-name=\"your-name\"><input size=\"40\" maxlength=\"400\" class=\"wpcf7-form-control wpcf7-text wpcf7-validates-as-required\" aria-required=\"true\" aria-invalid=\"false\" value=\"\" type=\"text\" name=\"your-name\" \/><\/span>\n<\/p>\n<p>Votre Email *\n<\/p>\n<p><span class=\"wpcf7-form-control-wrap\" data-name=\"your-email\"><input size=\"40\" maxlength=\"400\" class=\"wpcf7-form-control wpcf7-email wpcf7-validates-as-required wpcf7-text wpcf7-validates-as-email\" aria-required=\"true\" aria-invalid=\"false\" value=\"\" type=\"email\" name=\"your-email\" \/><\/span>\n<\/p>\n<p>Votre Message *\n<\/p>\n<p><span class=\"wpcf7-form-control-wrap\" data-name=\"your-message\"><textarea cols=\"40\" rows=\"10\" maxlength=\"2000\" class=\"wpcf7-form-control wpcf7-textarea wpcf7-validates-as-required\" aria-required=\"true\" aria-invalid=\"false\" name=\"your-message\"><\/textarea><\/span>\n<\/p>\n<p><input class=\"wpcf7-form-control wpcf7-submit has-spinner\" type=\"submit\" value=\"Envoyer\" \/>\n<\/p><div class=\"wpcf7-response-output\" aria-hidden=\"true\"><\/div>\n<\/form>\n<\/div>\n<\/div><\/div><\/div><\/div><\/div><\/section>\n<p><a href=\"\/\/www.pinterest.com\/pin\/create\/button\/\" data-pin-do=\"buttonBookmark\" data-pin-color=\"red\" data-pin-height=\"128\"><img decoding=\"async\" src=\"\/\/assets.pinterest.com\/images\/pidgets\/pinit_fg_en_rect_red_28.png\" \/><\/a><\/p>","protected":false},"excerpt":{"rendered":"[vc_wp_custommenu nav_menu=\"329\" title=\"Votre h\u00f4tel - Laos\"] Green Park Boutique Hotel - Vientiane Dans le centre-ville de Vientiane, la capitale du Laos, se trouve le Green Park Boutique Hotel. Son architecture...","protected":false},"author":2,"featured_media":0,"parent":0,"menu_order":0,"comment_status":"closed","ping_status":"open","template":"","meta":{"_crdt_document":"","footnotes":""},"class_list":["post-4489","page","type-page","status-publish","hentry"],"yoast_head":"<!-- This site is optimized with the Yoast SEO plugin v27.4 - https:\/\/yoast.com\/product\/yoast-seo-wordpress\/ -->\n<title>Green Park Boutique Hotel - Vientiane - Nam Viet Voyage<\/title>\n<meta name=\"description\" content=\"Le Green Park Boutique Hotel \u00e0 Vientiane se distingue par son \u00e9l\u00e9gance et sa d\u00e9coration soign\u00e9e, ainsi que sa proximit\u00e9 avec les attractions de la ville.\" \/>\n<meta name=\"robots\" content=\"index, follow, max-snippet:-1, max-image-preview:large, max-video-preview:-1\" \/>\n<link rel=\"canonical\" href=\"http:\/\/nam-viet-voyage.com\/fr\/green-park-boutique-hotel-vientiane\/\" \/>\n<meta property=\"og:locale\" content=\"fr_FR\" \/>\n<meta property=\"og:type\" content=\"article\" \/>\n<meta property=\"og:title\" content=\"Green Park Boutique Hotel - Vientiane - Nam Viet Voyage\" \/>\n<meta property=\"og:description\" content=\"Le Green Park Boutique Hotel \u00e0 Vientiane se distingue par son \u00e9l\u00e9gance et sa d\u00e9coration soign\u00e9e, ainsi que sa proximit\u00e9 avec les attractions de la ville.\" \/>\n<meta property=\"og:url\" content=\"http:\/\/nam-viet-voyage.com\/fr\/green-park-boutique-hotel-vientiane\/\" \/>\n<meta property=\"og:site_name\" content=\"Nam Viet Voyage\" \/>\n<meta property=\"article:publisher\" content=\"https:\/\/www.facebook.com\/NamVietVoyage\" \/>\n<meta property=\"article:modified_time\" content=\"2016-05-25T07:45:02+00:00\" \/>\n<meta name=\"twitter:card\" content=\"summary_large_image\" \/>\n<meta name=\"twitter:site\" content=\"@NamVietVoyage\" \/>\n<meta name=\"twitter:label1\" content=\"Dur\u00e9e de lecture estim\u00e9e\" \/>\n\t<meta name=\"twitter:data1\" content=\"2 minutes\" \/>\n<script type=\"application\/ld+json\" class=\"yoast-schema-graph\">{\"@context\":\"https:\\\/\\\/schema.org\",\"@graph\":[{\"@type\":\"WebPage\",\"@id\":\"http:\\\/\\\/nam-viet-voyage.com\\\/fr\\\/green-park-boutique-hotel-vientiane\\\/\",\"url\":\"http:\\\/\\\/nam-viet-voyage.com\\\/fr\\\/green-park-boutique-hotel-vientiane\\\/\",\"name\":\"Green Park Boutique Hotel - Vientiane - Nam Viet Voyage\",\"isPartOf\":{\"@id\":\"https:\\\/\\\/nam-viet-voyage.com\\\/fr\\\/#website\"},\"datePublished\":\"2015-01-22T07:17:50+00:00\",\"dateModified\":\"2016-05-25T07:45:02+00:00\",\"description\":\"Le Green Park Boutique Hotel \u00e0 Vientiane se distingue par son \u00e9l\u00e9gance et sa d\u00e9coration soign\u00e9e, ainsi que sa proximit\u00e9 avec les attractions de la ville.\",\"breadcrumb\":{\"@id\":\"http:\\\/\\\/nam-viet-voyage.com\\\/fr\\\/green-park-boutique-hotel-vientiane\\\/#breadcrumb\"},\"inLanguage\":\"fr-FR\",\"potentialAction\":[{\"@type\":\"ReadAction\",\"target\":[\"http:\\\/\\\/nam-viet-voyage.com\\\/fr\\\/green-park-boutique-hotel-vientiane\\\/\"]}]},{\"@type\":\"BreadcrumbList\",\"@id\":\"http:\\\/\\\/nam-viet-voyage.com\\\/fr\\\/green-park-boutique-hotel-vientiane\\\/#breadcrumb\",\"itemListElement\":[{\"@type\":\"ListItem\",\"position\":1,\"name\":\"Home\",\"item\":\"https:\\\/\\\/nam-viet-voyage.com\\\/fr\\\/\"},{\"@type\":\"ListItem\",\"position\":2,\"name\":\"Green Park Boutique Hotel &#8211; Vientiane\"}]},{\"@type\":\"WebSite\",\"@id\":\"https:\\\/\\\/nam-viet-voyage.com\\\/fr\\\/#website\",\"url\":\"https:\\\/\\\/nam-viet-voyage.com\\\/fr\\\/\",\"name\":\"Nam Viet Voyage\",\"description\":\"Voyages en Asie du Sud-Est\",\"potentialAction\":[{\"@type\":\"SearchAction\",\"target\":{\"@type\":\"EntryPoint\",\"urlTemplate\":\"https:\\\/\\\/nam-viet-voyage.com\\\/fr\\\/?s={search_term_string}\"},\"query-input\":{\"@type\":\"PropertyValueSpecification\",\"valueRequired\":true,\"valueName\":\"search_term_string\"}}],\"inLanguage\":\"fr-FR\"}]}<\/script>\n<!-- \/ Yoast SEO plugin. -->","yoast_head_json":{"title":"Green Park Boutique Hotel - Vientiane - Nam Viet Voyage","description":"Le Green Park Boutique Hotel \u00e0 Vientiane se distingue par son \u00e9l\u00e9gance et sa d\u00e9coration soign\u00e9e, ainsi que sa proximit\u00e9 avec les attractions de la ville.","robots":{"index":"index","follow":"follow","max-snippet":"max-snippet:-1","max-image-preview":"max-image-preview:large","max-video-preview":"max-video-preview:-1"},"canonical":"http:\/\/nam-viet-voyage.com\/fr\/green-park-boutique-hotel-vientiane\/","og_locale":"fr_FR","og_type":"article","og_title":"Green Park Boutique Hotel - Vientiane - Nam Viet Voyage","og_description":"Le Green Park Boutique Hotel \u00e0 Vientiane se distingue par son \u00e9l\u00e9gance et sa d\u00e9coration soign\u00e9e, ainsi que sa proximit\u00e9 avec les attractions de la ville.","og_url":"http:\/\/nam-viet-voyage.com\/fr\/green-park-boutique-hotel-vientiane\/","og_site_name":"Nam Viet Voyage","article_publisher":"https:\/\/www.facebook.com\/NamVietVoyage","article_modified_time":"2016-05-25T07:45:02+00:00","twitter_card":"summary_large_image","twitter_site":"@NamVietVoyage","twitter_misc":{"Dur\u00e9e de lecture estim\u00e9e":"2 minutes"},"schema":{"@context":"https:\/\/schema.org","@graph":[{"@type":"WebPage","@id":"http:\/\/nam-viet-voyage.com\/fr\/green-park-boutique-hotel-vientiane\/","url":"http:\/\/nam-viet-voyage.com\/fr\/green-park-boutique-hotel-vientiane\/","name":"Green Park Boutique Hotel - Vientiane - Nam Viet Voyage","isPartOf":{"@id":"https:\/\/nam-viet-voyage.com\/fr\/#website"},"datePublished":"2015-01-22T07:17:50+00:00","dateModified":"2016-05-25T07:45:02+00:00","description":"Le Green Park Boutique Hotel \u00e0 Vientiane se distingue par son \u00e9l\u00e9gance et sa d\u00e9coration soign\u00e9e, ainsi que sa proximit\u00e9 avec les attractions de la ville.","breadcrumb":{"@id":"http:\/\/nam-viet-voyage.com\/fr\/green-park-boutique-hotel-vientiane\/#breadcrumb"},"inLanguage":"fr-FR","potentialAction":[{"@type":"ReadAction","target":["http:\/\/nam-viet-voyage.com\/fr\/green-park-boutique-hotel-vientiane\/"]}]},{"@type":"BreadcrumbList","@id":"http:\/\/nam-viet-voyage.com\/fr\/green-park-boutique-hotel-vientiane\/#breadcrumb","itemListElement":[{"@type":"ListItem","position":1,"name":"Home","item":"https:\/\/nam-viet-voyage.com\/fr\/"},{"@type":"ListItem","position":2,"name":"Green Park Boutique Hotel &#8211; Vientiane"}]},{"@type":"WebSite","@id":"https:\/\/nam-viet-voyage.com\/fr\/#website","url":"https:\/\/nam-viet-voyage.com\/fr\/","name":"Nam Viet Voyage","description":"Voyages en Asie du Sud-Est","potentialAction":[{"@type":"SearchAction","target":{"@type":"EntryPoint","urlTemplate":"https:\/\/nam-viet-voyage.com\/fr\/?s={search_term_string}"},"query-input":{"@type":"PropertyValueSpecification","valueRequired":true,"valueName":"search_term_string"}}],"inLanguage":"fr-FR"}]}},"_links":{"self":[{"href":"http:\/\/nam-viet-voyage.com\/fr\/wp-json\/wp\/v2\/pages\/4489","targetHints":{"allow":["GET"]}}],"collection":[{"href":"http:\/\/nam-viet-voyage.com\/fr\/wp-json\/wp\/v2\/pages"}],"about":[{"href":"http:\/\/nam-viet-voyage.com\/fr\/wp-json\/wp\/v2\/types\/page"}],"author":[{"embeddable":true,"href":"http:\/\/nam-viet-voyage.com\/fr\/wp-json\/wp\/v2\/users\/2"}],"replies":[{"embeddable":true,"href":"http:\/\/nam-viet-voyage.com\/fr\/wp-json\/wp\/v2\/comments?post=4489"}],"version-history":[{"count":15,"href":"http:\/\/nam-viet-voyage.com\/fr\/wp-json\/wp\/v2\/pages\/4489\/revisions"}],"predecessor-version":[{"id":11339,"href":"http:\/\/nam-viet-voyage.com\/fr\/wp-json\/wp\/v2\/pages\/4489\/revisions\/11339"}],"wp:attachment":[{"href":"http:\/\/nam-viet-voyage.com\/fr\/wp-json\/wp\/v2\/media?parent=4489"}],"curies":[{"name":"wp","href":"https:\/\/api.w.org\/{rel}","templated":true}]}}