{"id":4487,"date":"2015-01-22T07:16:47","date_gmt":"2015-01-22T07:16:47","guid":{"rendered":"http:\/\/nam-viet-voyage.com\/?page_id=4487"},"modified":"2016-05-25T07:45:02","modified_gmt":"2016-05-25T07:45:02","slug":"la-folie-lodge-done-daeng","status":"publish","type":"page","link":"http:\/\/nam-viet-voyage.com\/fr\/la-folie-lodge-done-daeng\/","title":{"rendered":"La Folie Lodge &#8211; Done Daeng"},"content":{"rendered":"<section class=\"l-section wpb_row height_medium\"><div class=\"l-section-h i-cf\"><div class=\"g-cols offset_small\"><div class=\" one-quarter\">[vc_wp_custommenu nav_menu=\u00a0\u00bb329&Prime; title=\u00a0\u00bbVotre h\u00f4tel &#8211; Laos\u00a0\u00bb]<\/div><div class=\" three-quarters\"><div class=\"w-image  align_center\"><img loading=\"lazy\" decoding=\"async\" width=\"730\" height=\"200\" src=\"http:\/\/nam-viet-voyage.com\/wp-content\/uploads\/2015\/01\/folie-lodge-done-daeng.png\" class=\"attachment-full size-full\" alt=\"Polaroids and map of Folie Lodge Done Daeng Island\" srcset=\"http:\/\/nam-viet-voyage.com\/wp-content\/uploads\/2015\/01\/folie-lodge-done-daeng.png 730w, http:\/\/nam-viet-voyage.com\/wp-content\/uploads\/2015\/01\/folie-lodge-done-daeng-300x82.png 300w, http:\/\/nam-viet-voyage.com\/wp-content\/uploads\/2015\/01\/folie-lodge-done-daeng-600x164.png 600w\" sizes=\"auto, (max-width: 730px) 100vw, 730px\" \/><\/div><div class=\"wpb_text_column \"><div class=\"wpb_wrapper\">\n<h2 style=\"text-align: center;\">La Folie Lodge &#8211; Done Daeng<\/h2>\n<p style=\"text-align: justify;\">La Folie Lodge se situe dans la r\u00e9gion de Champassak, site inscrit \u00e0 l&rsquo;UNESCO au sud du Laos. Plus pr\u00e9cis\u00e9ment, l&rsquo;\u00e9tablissement a \u00e9t\u00e9 construit sur l&rsquo;\u00eele de Done Daeng, sur le M\u00e9kong. Il a \u00e9t\u00e9 con\u00e7u pour offrir aux visiteurs de superbes panoramas sur le fleuve. Il fait face aux ruines arch\u00e9ologiques de Vat Phou, qui peuvent \u00eatre rejointes en bateau. Le lodge propose 24 chambres r\u00e9parties dans 12 bungalows, toutes meubl\u00e9es gr\u00e2ce \u00e0 des mat\u00e9riaux locaux. En plus de ces chambres, existe \u00e9galement La R\u00e9sidence, une villa de luxe au style colonial, qui b\u00e9n\u00e9ficie de deux chambres et de sa propre cuisine, id\u00e9ale pour les familles par exemple. Le restaurant de l&rsquo;h\u00f4tel quant \u00e0 lui se trouve au bord de la piscine, et il sert des sp\u00e9cialit\u00e9s occidentales et asiatiques. La Folie Lodge est en outre tr\u00e8s investie dans le d\u00e9veloppement local. L&rsquo;\u00e9tablissement a particip\u00e9 \u00e0 diff\u00e9rents projets, et a notamment r\u00e9nov\u00e9 une ancienne \u00e9cole afin de la remettre en fonction. Son objectif est d&rsquo;\u00e9lever le niveau de vie de l&rsquo;\u00eele, et ainsi \u00e9liminer progressivement la pauvret\u00e9.<\/p>\n<\/div> <\/div> [vc_empty_space height=\u00a0\u00bb30px\u00a0\u00bb]<div class=\"g-cols wpb_row offset_small vc_inner \"><div class=\" one-half\"><div class=\"w-image  align_center\"><img loading=\"lazy\" decoding=\"async\" width=\"320\" height=\"213\" src=\"http:\/\/nam-viet-voyage.com\/wp-content\/uploads\/2015\/01\/folie-lodge-residence-villa.jpg\" class=\"attachment-full size-full\" alt=\"View from the outside of the Residence VIP Villa\" srcset=\"http:\/\/nam-viet-voyage.com\/wp-content\/uploads\/2015\/01\/folie-lodge-residence-villa.jpg 320w, http:\/\/nam-viet-voyage.com\/wp-content\/uploads\/2015\/01\/folie-lodge-residence-villa-300x200.jpg 300w\" sizes=\"auto, (max-width: 320px) 100vw, 320px\" \/><\/div><div class=\"w-image  align_center\"><img loading=\"lazy\" decoding=\"async\" width=\"320\" height=\"213\" src=\"http:\/\/nam-viet-voyage.com\/wp-content\/uploads\/2015\/01\/folie-lodge-balcony.jpg\" class=\"attachment-full size-full\" alt=\"Sunbeds on the balcony at La Folie Lodge\" srcset=\"http:\/\/nam-viet-voyage.com\/wp-content\/uploads\/2015\/01\/folie-lodge-balcony.jpg 320w, http:\/\/nam-viet-voyage.com\/wp-content\/uploads\/2015\/01\/folie-lodge-balcony-300x200.jpg 300w\" sizes=\"auto, (max-width: 320px) 100vw, 320px\" \/><\/div><\/div><div class=\" one-half\"><div class=\"w-image  align_center\"><img loading=\"lazy\" decoding=\"async\" width=\"320\" height=\"213\" src=\"http:\/\/nam-viet-voyage.com\/wp-content\/uploads\/2015\/01\/folie-lodge-room.jpg\" class=\"attachment-full size-full\" alt=\"View of the beds in a bungalow La Folie Lodge\" srcset=\"http:\/\/nam-viet-voyage.com\/wp-content\/uploads\/2015\/01\/folie-lodge-room.jpg 320w, http:\/\/nam-viet-voyage.com\/wp-content\/uploads\/2015\/01\/folie-lodge-room-300x200.jpg 300w\" sizes=\"auto, (max-width: 320px) 100vw, 320px\" \/><\/div><div class=\"w-image  align_center\"><img loading=\"lazy\" decoding=\"async\" width=\"320\" height=\"213\" src=\"http:\/\/nam-viet-voyage.com\/wp-content\/uploads\/2015\/01\/folie-lodge-view-mekong.jpg\" class=\"attachment-full size-full\" alt=\"Stunning view of the Mekong River from La Folie Lodge\" srcset=\"http:\/\/nam-viet-voyage.com\/wp-content\/uploads\/2015\/01\/folie-lodge-view-mekong.jpg 320w, http:\/\/nam-viet-voyage.com\/wp-content\/uploads\/2015\/01\/folie-lodge-view-mekong-300x200.jpg 300w\" sizes=\"auto, (max-width: 320px) 100vw, 320px\" \/><\/div><\/div><\/div><\/div><\/div><\/div><\/section><section class=\"l-section wpb_row height_medium color_secondary\"><div class=\"l-section-h i-cf\"><div class=\"g-cols offset_small\"><div class=\" full-width\"><div class=\"g-cols wpb_row offset_small vc_inner \"><div class=\" full-width\">[vc_custom_heading text=\u00a0\u00bbPour tout projet ou information compl\u00e9mentaire, merci de nous contacter !\u00a0\u00bb font_container=\u00a0\u00bbtag:p|font_size:24|text_align:center\u00a0\u00bb google_fonts=\u00a0\u00bbfont_family:Nothing%20You%20Could%20Do%3Aregular|font_style:400%20regular%3A400%3Anormal\u00a0\u00bb]\n<div class=\"wpcf7 no-js\" id=\"wpcf7-f5977-o1\" lang=\"fr-FR\" dir=\"ltr\" data-wpcf7-id=\"5977\">\n<div class=\"screen-reader-response\"><p role=\"status\" aria-live=\"polite\" aria-atomic=\"true\"><\/p> <ul><\/ul><\/div>\n<form action=\"\/fr\/wp-json\/wp\/v2\/pages\/4487#wpcf7-f5977-o1\" method=\"post\" class=\"wpcf7-form init\" aria-label=\"Formulaire de contact\" novalidate=\"novalidate\" data-status=\"init\">\n<fieldset class=\"hidden-fields-container\"><input type=\"hidden\" name=\"_wpcf7\" value=\"5977\" \/><input type=\"hidden\" name=\"_wpcf7_version\" value=\"6.1.5\" \/><input type=\"hidden\" name=\"_wpcf7_locale\" value=\"fr_FR\" \/><input type=\"hidden\" name=\"_wpcf7_unit_tag\" value=\"wpcf7-f5977-o1\" \/><input type=\"hidden\" name=\"_wpcf7_container_post\" value=\"0\" \/><input type=\"hidden\" name=\"_wpcf7_posted_data_hash\" value=\"\" \/>\n<\/fieldset>\n<p>Votre Nom *\n<\/p>\n<p><span class=\"wpcf7-form-control-wrap\" data-name=\"your-name\"><input size=\"40\" maxlength=\"400\" class=\"wpcf7-form-control wpcf7-text wpcf7-validates-as-required\" aria-required=\"true\" aria-invalid=\"false\" value=\"\" type=\"text\" name=\"your-name\" \/><\/span>\n<\/p>\n<p>Votre Email *\n<\/p>\n<p><span class=\"wpcf7-form-control-wrap\" data-name=\"your-email\"><input size=\"40\" maxlength=\"400\" class=\"wpcf7-form-control wpcf7-email wpcf7-validates-as-required wpcf7-text wpcf7-validates-as-email\" aria-required=\"true\" aria-invalid=\"false\" value=\"\" type=\"email\" name=\"your-email\" \/><\/span>\n<\/p>\n<p>Votre Message *\n<\/p>\n<p><span class=\"wpcf7-form-control-wrap\" data-name=\"your-message\"><textarea cols=\"40\" rows=\"10\" maxlength=\"2000\" class=\"wpcf7-form-control wpcf7-textarea wpcf7-validates-as-required\" aria-required=\"true\" aria-invalid=\"false\" name=\"your-message\"><\/textarea><\/span>\n<\/p>\n<p><input class=\"wpcf7-form-control wpcf7-submit has-spinner\" type=\"submit\" value=\"Envoyer\" \/>\n<\/p><div class=\"wpcf7-response-output\" aria-hidden=\"true\"><\/div>\n<\/form>\n<\/div>\n<\/div><\/div><\/div><\/div><\/div><\/section>\n<p><a href=\"\/\/www.pinterest.com\/pin\/create\/button\/\" data-pin-do=\"buttonBookmark\" data-pin-color=\"red\" data-pin-height=\"128\"><img decoding=\"async\" src=\"\/\/assets.pinterest.com\/images\/pidgets\/pinit_fg_en_rect_red_28.png\" \/><\/a><\/p>","protected":false},"excerpt":{"rendered":"[vc_wp_custommenu nav_menu=\"329\" title=\"Votre h\u00f4tel - Laos\"] La Folie Lodge - Done Daeng La Folie Lodge se situe dans la r\u00e9gion de Champassak, site inscrit \u00e0 l'UNESCO au sud du Laos....","protected":false},"author":2,"featured_media":0,"parent":0,"menu_order":0,"comment_status":"closed","ping_status":"open","template":"","meta":{"_crdt_document":"","footnotes":""},"class_list":["post-4487","page","type-page","status-publish","hentry"],"yoast_head":"<!-- This site is optimized with the Yoast SEO plugin v26.9 - https:\/\/yoast.com\/product\/yoast-seo-wordpress\/ -->\n<title>La Folie Lodge - Done Daeng - Nam Viet Voyage<\/title>\n<meta name=\"description\" content=\"Sur l&#039;\u00eele de Done Daeng au Laos, La Folie Lodge offre de superbes vues sur le M\u00e9kong et se distingue par son engagement \u00e9cologique et communautaire.\" \/>\n<meta name=\"robots\" content=\"index, follow, max-snippet:-1, max-image-preview:large, max-video-preview:-1\" \/>\n<link rel=\"canonical\" href=\"http:\/\/nam-viet-voyage.com\/fr\/la-folie-lodge-done-daeng\/\" \/>\n<meta property=\"og:locale\" content=\"fr_FR\" \/>\n<meta property=\"og:type\" content=\"article\" \/>\n<meta property=\"og:title\" content=\"La Folie Lodge - Done Daeng - Nam Viet Voyage\" \/>\n<meta property=\"og:description\" content=\"Sur l&#039;\u00eele de Done Daeng au Laos, La Folie Lodge offre de superbes vues sur le M\u00e9kong et se distingue par son engagement \u00e9cologique et communautaire.\" \/>\n<meta property=\"og:url\" content=\"http:\/\/nam-viet-voyage.com\/fr\/la-folie-lodge-done-daeng\/\" \/>\n<meta property=\"og:site_name\" content=\"Nam Viet Voyage\" \/>\n<meta property=\"article:publisher\" content=\"https:\/\/www.facebook.com\/NamVietVoyage\" \/>\n<meta property=\"article:modified_time\" content=\"2016-05-25T07:45:02+00:00\" \/>\n<meta name=\"twitter:card\" content=\"summary_large_image\" \/>\n<meta name=\"twitter:site\" content=\"@NamVietVoyage\" \/>\n<meta name=\"twitter:label1\" content=\"Dur\u00e9e de lecture estim\u00e9e\" \/>\n\t<meta name=\"twitter:data1\" content=\"2 minutes\" \/>\n<script type=\"application\/ld+json\" class=\"yoast-schema-graph\">{\"@context\":\"https:\/\/schema.org\",\"@graph\":[{\"@type\":\"WebPage\",\"@id\":\"http:\/\/nam-viet-voyage.com\/fr\/la-folie-lodge-done-daeng\/\",\"url\":\"http:\/\/nam-viet-voyage.com\/fr\/la-folie-lodge-done-daeng\/\",\"name\":\"La Folie Lodge - Done Daeng - Nam Viet Voyage\",\"isPartOf\":{\"@id\":\"https:\/\/nam-viet-voyage.com\/#website\"},\"datePublished\":\"2015-01-22T07:16:47+00:00\",\"dateModified\":\"2016-05-25T07:45:02+00:00\",\"description\":\"Sur l'\u00eele de Done Daeng au Laos, La Folie Lodge offre de superbes vues sur le M\u00e9kong et se distingue par son engagement \u00e9cologique et communautaire.\",\"breadcrumb\":{\"@id\":\"http:\/\/nam-viet-voyage.com\/fr\/la-folie-lodge-done-daeng\/#breadcrumb\"},\"inLanguage\":\"fr-FR\",\"potentialAction\":[{\"@type\":\"ReadAction\",\"target\":[\"http:\/\/nam-viet-voyage.com\/fr\/la-folie-lodge-done-daeng\/\"]}]},{\"@type\":\"BreadcrumbList\",\"@id\":\"http:\/\/nam-viet-voyage.com\/fr\/la-folie-lodge-done-daeng\/#breadcrumb\",\"itemListElement\":[{\"@type\":\"ListItem\",\"position\":1,\"name\":\"Home\",\"item\":\"http:\/\/nam-viet-voyage.com\/fr\/\"},{\"@type\":\"ListItem\",\"position\":2,\"name\":\"La Folie Lodge &#8211; Done Daeng\"}]},{\"@type\":\"WebSite\",\"@id\":\"https:\/\/nam-viet-voyage.com\/#website\",\"url\":\"https:\/\/nam-viet-voyage.com\/\",\"name\":\"Nam Viet Voyage\",\"description\":\"Voyages en Asie du Sud-Est\",\"potentialAction\":[{\"@type\":\"SearchAction\",\"target\":{\"@type\":\"EntryPoint\",\"urlTemplate\":\"https:\/\/nam-viet-voyage.com\/?s={search_term_string}\"},\"query-input\":{\"@type\":\"PropertyValueSpecification\",\"valueRequired\":true,\"valueName\":\"search_term_string\"}}],\"inLanguage\":\"fr-FR\"}]}<\/script>\n<!-- \/ Yoast SEO plugin. -->","yoast_head_json":{"title":"La Folie Lodge - Done Daeng - Nam Viet Voyage","description":"Sur l'\u00eele de Done Daeng au Laos, La Folie Lodge offre de superbes vues sur le M\u00e9kong et se distingue par son engagement \u00e9cologique et communautaire.","robots":{"index":"index","follow":"follow","max-snippet":"max-snippet:-1","max-image-preview":"max-image-preview:large","max-video-preview":"max-video-preview:-1"},"canonical":"http:\/\/nam-viet-voyage.com\/fr\/la-folie-lodge-done-daeng\/","og_locale":"fr_FR","og_type":"article","og_title":"La Folie Lodge - Done Daeng - Nam Viet Voyage","og_description":"Sur l'\u00eele de Done Daeng au Laos, La Folie Lodge offre de superbes vues sur le M\u00e9kong et se distingue par son engagement \u00e9cologique et communautaire.","og_url":"http:\/\/nam-viet-voyage.com\/fr\/la-folie-lodge-done-daeng\/","og_site_name":"Nam Viet Voyage","article_publisher":"https:\/\/www.facebook.com\/NamVietVoyage","article_modified_time":"2016-05-25T07:45:02+00:00","twitter_card":"summary_large_image","twitter_site":"@NamVietVoyage","twitter_misc":{"Dur\u00e9e de lecture estim\u00e9e":"2 minutes"},"schema":{"@context":"https:\/\/schema.org","@graph":[{"@type":"WebPage","@id":"http:\/\/nam-viet-voyage.com\/fr\/la-folie-lodge-done-daeng\/","url":"http:\/\/nam-viet-voyage.com\/fr\/la-folie-lodge-done-daeng\/","name":"La Folie Lodge - Done Daeng - Nam Viet Voyage","isPartOf":{"@id":"https:\/\/nam-viet-voyage.com\/#website"},"datePublished":"2015-01-22T07:16:47+00:00","dateModified":"2016-05-25T07:45:02+00:00","description":"Sur l'\u00eele de Done Daeng au Laos, La Folie Lodge offre de superbes vues sur le M\u00e9kong et se distingue par son engagement \u00e9cologique et communautaire.","breadcrumb":{"@id":"http:\/\/nam-viet-voyage.com\/fr\/la-folie-lodge-done-daeng\/#breadcrumb"},"inLanguage":"fr-FR","potentialAction":[{"@type":"ReadAction","target":["http:\/\/nam-viet-voyage.com\/fr\/la-folie-lodge-done-daeng\/"]}]},{"@type":"BreadcrumbList","@id":"http:\/\/nam-viet-voyage.com\/fr\/la-folie-lodge-done-daeng\/#breadcrumb","itemListElement":[{"@type":"ListItem","position":1,"name":"Home","item":"http:\/\/nam-viet-voyage.com\/fr\/"},{"@type":"ListItem","position":2,"name":"La Folie Lodge &#8211; Done Daeng"}]},{"@type":"WebSite","@id":"https:\/\/nam-viet-voyage.com\/#website","url":"https:\/\/nam-viet-voyage.com\/","name":"Nam Viet Voyage","description":"Voyages en Asie du Sud-Est","potentialAction":[{"@type":"SearchAction","target":{"@type":"EntryPoint","urlTemplate":"https:\/\/nam-viet-voyage.com\/?s={search_term_string}"},"query-input":{"@type":"PropertyValueSpecification","valueRequired":true,"valueName":"search_term_string"}}],"inLanguage":"fr-FR"}]}},"_links":{"self":[{"href":"http:\/\/nam-viet-voyage.com\/fr\/wp-json\/wp\/v2\/pages\/4487","targetHints":{"allow":["GET"]}}],"collection":[{"href":"http:\/\/nam-viet-voyage.com\/fr\/wp-json\/wp\/v2\/pages"}],"about":[{"href":"http:\/\/nam-viet-voyage.com\/fr\/wp-json\/wp\/v2\/types\/page"}],"author":[{"embeddable":true,"href":"http:\/\/nam-viet-voyage.com\/fr\/wp-json\/wp\/v2\/users\/2"}],"replies":[{"embeddable":true,"href":"http:\/\/nam-viet-voyage.com\/fr\/wp-json\/wp\/v2\/comments?post=4487"}],"version-history":[{"count":13,"href":"http:\/\/nam-viet-voyage.com\/fr\/wp-json\/wp\/v2\/pages\/4487\/revisions"}],"predecessor-version":[{"id":11340,"href":"http:\/\/nam-viet-voyage.com\/fr\/wp-json\/wp\/v2\/pages\/4487\/revisions\/11340"}],"wp:attachment":[{"href":"http:\/\/nam-viet-voyage.com\/fr\/wp-json\/wp\/v2\/media?parent=4487"}],"curies":[{"name":"wp","href":"https:\/\/api.w.org\/{rel}","templated":true}]}}