{"id":4482,"date":"2015-01-22T07:15:51","date_gmt":"2015-01-22T07:15:51","guid":{"rendered":"http:\/\/nam-viet-voyage.com\/?page_id=4482"},"modified":"2016-05-25T07:45:02","modified_gmt":"2016-05-25T07:45:02","slug":"villa-maydou-luang-prabang","status":"publish","type":"page","link":"http:\/\/nam-viet-voyage.com\/fr\/villa-maydou-luang-prabang\/","title":{"rendered":"Villa Maydou &#8211; Luang Prabang"},"content":{"rendered":"<section class=\"l-section wpb_row height_medium\"><div class=\"l-section-h i-cf\"><div class=\"g-cols offset_small\"><div class=\" one-quarter\">[vc_wp_custommenu nav_menu=\u00a0\u00bb329&Prime; title=\u00a0\u00bbVotre h\u00f4tel &#8211; Laos\u00a0\u00bb]<\/div><div class=\" three-quarters\"><div class=\"w-image  align_center\"><img loading=\"lazy\" decoding=\"async\" width=\"730\" height=\"200\" src=\"http:\/\/nam-viet-voyage.com\/wp-content\/uploads\/2015\/01\/villa-maydou-luang-prabang.png\" class=\"attachment-full size-full\" alt=\"villa-maydou-luang-prabang\" srcset=\"http:\/\/nam-viet-voyage.com\/wp-content\/uploads\/2015\/01\/villa-maydou-luang-prabang.png 730w, http:\/\/nam-viet-voyage.com\/wp-content\/uploads\/2015\/01\/villa-maydou-luang-prabang-300x82.png 300w, http:\/\/nam-viet-voyage.com\/wp-content\/uploads\/2015\/01\/villa-maydou-luang-prabang-600x164.png 600w, http:\/\/nam-viet-voyage.com\/wp-content\/uploads\/2015\/01\/villa-maydou-luang-prabang-150x41.png 150w\" sizes=\"auto, (max-width: 730px) 100vw, 730px\" \/><\/div><div class=\"wpb_text_column \"><div class=\"wpb_wrapper\">\n<h2 style=\"text-align: center;\">Villa Maydou &#8211; Luang Prabang<\/h2>\n<p style=\"text-align: justify;\">Situ\u00e9e en plein c\u0153ur du centre historique de Luang Prabang, dans le nord du Laos, la Villa Maydou est un \u00e9tablissement \u00e0 la richesse culturelle exceptionnelle. En effet, deux de ses quatre villas sont inscrites au patrimoine mondial de l&rsquo;UNESCO. Datant de 1925 et 1936, elles ont b\u00e9n\u00e9fici\u00e9 d&rsquo;un programme de restauration, et accueillent aujourd&rsquo;hui les clients de l&rsquo;h\u00f4tel. Elles se distinguent par leur architecture, t\u00e9moignage des traditions laotiennes ancestrales. Le cadre de la Villa Maydou est \u00e9galement original : l&rsquo;\u00e9tablissement se situe sur une p\u00e9ninsule \u00e0 la confluence du M\u00e9kong et du fleuve Nam Khan, entour\u00e9 par les montagnes. Autant dire que la vue y est splendide ! \u00c0 l&rsquo;int\u00e9rieur du complexe, les villas se d\u00e9veloppent au c\u0153ur d&rsquo;un luxuriant jardin tropical. Une piscine d&rsquo;eau sal\u00e9e vient compl\u00e9ter l&rsquo;ensemble. C\u00f4t\u00e9 cuisine, deux espaces de restauration et deux bars sont disponibles et servent des sp\u00e9cialit\u00e9s laotiennes, asiatiques et fran\u00e7aises.<\/p>\n<\/div> <\/div> [vc_empty_space height=\u00a0\u00bb30px\u00a0\u00bb]<div class=\"g-cols wpb_row offset_small vc_inner \"><div class=\" one-half\"><div class=\"w-image  align_center\"><img loading=\"lazy\" decoding=\"async\" width=\"320\" height=\"214\" src=\"http:\/\/nam-viet-voyage.com\/wp-content\/uploads\/2015\/01\/villa-maydou-restaurant.jpg\" class=\"attachment-full size-full\" alt=\"View of the restaurant at the Villa Maydou\" srcset=\"http:\/\/nam-viet-voyage.com\/wp-content\/uploads\/2015\/01\/villa-maydou-restaurant.jpg 320w, http:\/\/nam-viet-voyage.com\/wp-content\/uploads\/2015\/01\/villa-maydou-restaurant-300x201.jpg 300w\" sizes=\"auto, (max-width: 320px) 100vw, 320px\" \/><\/div><div class=\"w-image  align_center\"><img loading=\"lazy\" decoding=\"async\" width=\"320\" height=\"214\" src=\"http:\/\/nam-viet-voyage.com\/wp-content\/uploads\/2015\/01\/villa-maydou-entrance.jpg\" class=\"attachment-full size-full\" alt=\"Entrance of the Villa Maydou\" srcset=\"http:\/\/nam-viet-voyage.com\/wp-content\/uploads\/2015\/01\/villa-maydou-entrance.jpg 320w, http:\/\/nam-viet-voyage.com\/wp-content\/uploads\/2015\/01\/villa-maydou-entrance-300x201.jpg 300w\" sizes=\"auto, (max-width: 320px) 100vw, 320px\" \/><\/div><\/div><div class=\" one-half\"><div class=\"w-image  align_center\"><img loading=\"lazy\" decoding=\"async\" width=\"1148\" height=\"769\" src=\"http:\/\/nam-viet-voyage.com\/wp-content\/uploads\/2015\/01\/villa-maydou-temple.jpg\" class=\"attachment-full size-full\" alt=\"Temple nearby the Villa Maydou\" srcset=\"http:\/\/nam-viet-voyage.com\/wp-content\/uploads\/2015\/01\/villa-maydou-temple.jpg 1148w, http:\/\/nam-viet-voyage.com\/wp-content\/uploads\/2015\/01\/villa-maydou-temple-300x201.jpg 300w, http:\/\/nam-viet-voyage.com\/wp-content\/uploads\/2015\/01\/villa-maydou-temple-768x514.jpg 768w, http:\/\/nam-viet-voyage.com\/wp-content\/uploads\/2015\/01\/villa-maydou-temple-1024x686.jpg 1024w, http:\/\/nam-viet-voyage.com\/wp-content\/uploads\/2015\/01\/villa-maydou-temple-600x402.jpg 600w\" sizes=\"auto, (max-width: 1148px) 100vw, 1148px\" \/><\/div><div class=\"w-image  align_center\"><img loading=\"lazy\" decoding=\"async\" width=\"1112\" height=\"745\" src=\"http:\/\/nam-viet-voyage.com\/wp-content\/uploads\/2015\/01\/villa-maydou-reception-area.jpg\" class=\"attachment-full size-full\" alt=\"Seats at the lobby of the Villa Maydou\" srcset=\"http:\/\/nam-viet-voyage.com\/wp-content\/uploads\/2015\/01\/villa-maydou-reception-area.jpg 1112w, http:\/\/nam-viet-voyage.com\/wp-content\/uploads\/2015\/01\/villa-maydou-reception-area-300x201.jpg 300w, http:\/\/nam-viet-voyage.com\/wp-content\/uploads\/2015\/01\/villa-maydou-reception-area-768x515.jpg 768w, http:\/\/nam-viet-voyage.com\/wp-content\/uploads\/2015\/01\/villa-maydou-reception-area-1024x686.jpg 1024w, http:\/\/nam-viet-voyage.com\/wp-content\/uploads\/2015\/01\/villa-maydou-reception-area-600x402.jpg 600w\" sizes=\"auto, (max-width: 1112px) 100vw, 1112px\" \/><\/div><\/div><\/div><\/div><\/div><\/div><\/section><section class=\"l-section wpb_row height_medium color_secondary\"><div class=\"l-section-h i-cf\"><div class=\"g-cols offset_small\"><div class=\" full-width\"><div class=\"g-cols wpb_row offset_small vc_inner \"><div class=\" full-width\">[vc_custom_heading text=\u00a0\u00bbPour tout projet ou information compl\u00e9mentaire, merci de nous contacter !\u00a0\u00bb font_container=\u00a0\u00bbtag:p|font_size:24|text_align:center\u00a0\u00bb google_fonts=\u00a0\u00bbfont_family:Nothing%20You%20Could%20Do%3Aregular|font_style:400%20regular%3A400%3Anormal\u00a0\u00bb]\n<div class=\"wpcf7 no-js\" id=\"wpcf7-f5977-o1\" lang=\"fr-FR\" dir=\"ltr\" data-wpcf7-id=\"5977\">\n<div class=\"screen-reader-response\"><p role=\"status\" aria-live=\"polite\" aria-atomic=\"true\"><\/p> <ul><\/ul><\/div>\n<form action=\"\/fr\/wp-json\/wp\/v2\/pages\/4482#wpcf7-f5977-o1\" method=\"post\" class=\"wpcf7-form init\" aria-label=\"Formulaire de contact\" novalidate=\"novalidate\" data-status=\"init\">\n<fieldset class=\"hidden-fields-container\"><input type=\"hidden\" name=\"_wpcf7\" value=\"5977\" \/><input type=\"hidden\" name=\"_wpcf7_version\" value=\"6.1.5\" \/><input type=\"hidden\" name=\"_wpcf7_locale\" value=\"fr_FR\" \/><input type=\"hidden\" name=\"_wpcf7_unit_tag\" value=\"wpcf7-f5977-o1\" \/><input type=\"hidden\" name=\"_wpcf7_container_post\" value=\"0\" \/><input type=\"hidden\" name=\"_wpcf7_posted_data_hash\" value=\"\" \/>\n<\/fieldset>\n<p>Votre Nom *\n<\/p>\n<p><span class=\"wpcf7-form-control-wrap\" data-name=\"your-name\"><input size=\"40\" maxlength=\"400\" class=\"wpcf7-form-control wpcf7-text wpcf7-validates-as-required\" aria-required=\"true\" aria-invalid=\"false\" value=\"\" type=\"text\" name=\"your-name\" \/><\/span>\n<\/p>\n<p>Votre Email *\n<\/p>\n<p><span class=\"wpcf7-form-control-wrap\" data-name=\"your-email\"><input size=\"40\" maxlength=\"400\" class=\"wpcf7-form-control wpcf7-email wpcf7-validates-as-required wpcf7-text wpcf7-validates-as-email\" aria-required=\"true\" aria-invalid=\"false\" value=\"\" type=\"email\" name=\"your-email\" \/><\/span>\n<\/p>\n<p>Votre Message *\n<\/p>\n<p><span class=\"wpcf7-form-control-wrap\" data-name=\"your-message\"><textarea cols=\"40\" rows=\"10\" maxlength=\"2000\" class=\"wpcf7-form-control wpcf7-textarea wpcf7-validates-as-required\" aria-required=\"true\" aria-invalid=\"false\" name=\"your-message\"><\/textarea><\/span>\n<\/p>\n<p><input class=\"wpcf7-form-control wpcf7-submit has-spinner\" type=\"submit\" value=\"Envoyer\" \/>\n<\/p><div class=\"wpcf7-response-output\" aria-hidden=\"true\"><\/div>\n<\/form>\n<\/div>\n<\/div><\/div><\/div><\/div><\/div><\/section>\n<p><a href=\"\/\/www.pinterest.com\/pin\/create\/button\/\" data-pin-do=\"buttonBookmark\" data-pin-color=\"red\" data-pin-height=\"128\"><img decoding=\"async\" src=\"\/\/assets.pinterest.com\/images\/pidgets\/pinit_fg_en_rect_red_28.png\" \/><\/a><\/p>","protected":false},"excerpt":{"rendered":"[vc_wp_custommenu nav_menu=\"329\" title=\"Votre h\u00f4tel - Laos\"] Villa Maydou - Luang Prabang Situ\u00e9e en plein c\u0153ur du centre historique de Luang Prabang, dans le nord du Laos, la Villa Maydou est...","protected":false},"author":2,"featured_media":0,"parent":0,"menu_order":0,"comment_status":"closed","ping_status":"open","template":"","meta":{"_crdt_document":"","footnotes":""},"class_list":["post-4482","page","type-page","status-publish","hentry"],"yoast_head":"<!-- This site is optimized with the Yoast SEO plugin v27.4 - https:\/\/yoast.com\/product\/yoast-seo-wordpress\/ -->\n<title>Villa Maydou - Luang Prabang - Nam Viet Voyage<\/title>\n<meta name=\"description\" content=\"Avec ses deux maisons laotiennes inscrites au patrimoine de l&#039;UNESCO, la villa Maydou \u00e0 Luang Prabang est un h\u00f4tel vraiment hors du commun !\" \/>\n<meta name=\"robots\" content=\"index, follow, max-snippet:-1, max-image-preview:large, max-video-preview:-1\" \/>\n<link rel=\"canonical\" href=\"https:\/\/nam-viet-voyage.com\/fr\/villa-maydou-luang-prabang\/\" \/>\n<meta property=\"og:locale\" content=\"fr_FR\" \/>\n<meta property=\"og:type\" content=\"article\" \/>\n<meta property=\"og:title\" content=\"Villa Maydou - Luang Prabang - Nam Viet Voyage\" \/>\n<meta property=\"og:description\" content=\"Avec ses deux maisons laotiennes inscrites au patrimoine de l&#039;UNESCO, la villa Maydou \u00e0 Luang Prabang est un h\u00f4tel vraiment hors du commun !\" \/>\n<meta property=\"og:url\" content=\"https:\/\/nam-viet-voyage.com\/fr\/villa-maydou-luang-prabang\/\" \/>\n<meta property=\"og:site_name\" content=\"Nam Viet Voyage\" \/>\n<meta property=\"article:publisher\" content=\"https:\/\/www.facebook.com\/NamVietVoyage\" \/>\n<meta property=\"article:modified_time\" content=\"2016-05-25T07:45:02+00:00\" \/>\n<meta name=\"twitter:card\" content=\"summary_large_image\" \/>\n<meta name=\"twitter:site\" content=\"@NamVietVoyage\" \/>\n<meta name=\"twitter:label1\" content=\"Dur\u00e9e de lecture estim\u00e9e\" \/>\n\t<meta name=\"twitter:data1\" content=\"2 minutes\" \/>\n<script type=\"application\/ld+json\" class=\"yoast-schema-graph\">{\"@context\":\"https:\\\/\\\/schema.org\",\"@graph\":[{\"@type\":\"WebPage\",\"@id\":\"https:\\\/\\\/nam-viet-voyage.com\\\/fr\\\/villa-maydou-luang-prabang\\\/\",\"url\":\"https:\\\/\\\/nam-viet-voyage.com\\\/fr\\\/villa-maydou-luang-prabang\\\/\",\"name\":\"Villa Maydou - Luang Prabang - Nam Viet Voyage\",\"isPartOf\":{\"@id\":\"https:\\\/\\\/nam-viet-voyage.com\\\/fr\\\/#website\"},\"datePublished\":\"2015-01-22T07:15:51+00:00\",\"dateModified\":\"2016-05-25T07:45:02+00:00\",\"description\":\"Avec ses deux maisons laotiennes inscrites au patrimoine de l'UNESCO, la villa Maydou \u00e0 Luang Prabang est un h\u00f4tel vraiment hors du commun !\",\"breadcrumb\":{\"@id\":\"https:\\\/\\\/nam-viet-voyage.com\\\/fr\\\/villa-maydou-luang-prabang\\\/#breadcrumb\"},\"inLanguage\":\"fr-FR\",\"potentialAction\":[{\"@type\":\"ReadAction\",\"target\":[\"https:\\\/\\\/nam-viet-voyage.com\\\/fr\\\/villa-maydou-luang-prabang\\\/\"]}]},{\"@type\":\"BreadcrumbList\",\"@id\":\"https:\\\/\\\/nam-viet-voyage.com\\\/fr\\\/villa-maydou-luang-prabang\\\/#breadcrumb\",\"itemListElement\":[{\"@type\":\"ListItem\",\"position\":1,\"name\":\"Home\",\"item\":\"https:\\\/\\\/nam-viet-voyage.com\\\/fr\\\/\"},{\"@type\":\"ListItem\",\"position\":2,\"name\":\"Villa Maydou &#8211; Luang Prabang\"}]},{\"@type\":\"WebSite\",\"@id\":\"https:\\\/\\\/nam-viet-voyage.com\\\/fr\\\/#website\",\"url\":\"https:\\\/\\\/nam-viet-voyage.com\\\/fr\\\/\",\"name\":\"Nam Viet Voyage\",\"description\":\"Voyages en Asie du Sud-Est\",\"potentialAction\":[{\"@type\":\"SearchAction\",\"target\":{\"@type\":\"EntryPoint\",\"urlTemplate\":\"https:\\\/\\\/nam-viet-voyage.com\\\/fr\\\/?s={search_term_string}\"},\"query-input\":{\"@type\":\"PropertyValueSpecification\",\"valueRequired\":true,\"valueName\":\"search_term_string\"}}],\"inLanguage\":\"fr-FR\"}]}<\/script>\n<!-- \/ Yoast SEO plugin. -->","yoast_head_json":{"title":"Villa Maydou - Luang Prabang - Nam Viet Voyage","description":"Avec ses deux maisons laotiennes inscrites au patrimoine de l'UNESCO, la villa Maydou \u00e0 Luang Prabang est un h\u00f4tel vraiment hors du commun !","robots":{"index":"index","follow":"follow","max-snippet":"max-snippet:-1","max-image-preview":"max-image-preview:large","max-video-preview":"max-video-preview:-1"},"canonical":"https:\/\/nam-viet-voyage.com\/fr\/villa-maydou-luang-prabang\/","og_locale":"fr_FR","og_type":"article","og_title":"Villa Maydou - Luang Prabang - Nam Viet Voyage","og_description":"Avec ses deux maisons laotiennes inscrites au patrimoine de l'UNESCO, la villa Maydou \u00e0 Luang Prabang est un h\u00f4tel vraiment hors du commun !","og_url":"https:\/\/nam-viet-voyage.com\/fr\/villa-maydou-luang-prabang\/","og_site_name":"Nam Viet Voyage","article_publisher":"https:\/\/www.facebook.com\/NamVietVoyage","article_modified_time":"2016-05-25T07:45:02+00:00","twitter_card":"summary_large_image","twitter_site":"@NamVietVoyage","twitter_misc":{"Dur\u00e9e de lecture estim\u00e9e":"2 minutes"},"schema":{"@context":"https:\/\/schema.org","@graph":[{"@type":"WebPage","@id":"https:\/\/nam-viet-voyage.com\/fr\/villa-maydou-luang-prabang\/","url":"https:\/\/nam-viet-voyage.com\/fr\/villa-maydou-luang-prabang\/","name":"Villa Maydou - Luang Prabang - Nam Viet Voyage","isPartOf":{"@id":"https:\/\/nam-viet-voyage.com\/fr\/#website"},"datePublished":"2015-01-22T07:15:51+00:00","dateModified":"2016-05-25T07:45:02+00:00","description":"Avec ses deux maisons laotiennes inscrites au patrimoine de l'UNESCO, la villa Maydou \u00e0 Luang Prabang est un h\u00f4tel vraiment hors du commun !","breadcrumb":{"@id":"https:\/\/nam-viet-voyage.com\/fr\/villa-maydou-luang-prabang\/#breadcrumb"},"inLanguage":"fr-FR","potentialAction":[{"@type":"ReadAction","target":["https:\/\/nam-viet-voyage.com\/fr\/villa-maydou-luang-prabang\/"]}]},{"@type":"BreadcrumbList","@id":"https:\/\/nam-viet-voyage.com\/fr\/villa-maydou-luang-prabang\/#breadcrumb","itemListElement":[{"@type":"ListItem","position":1,"name":"Home","item":"https:\/\/nam-viet-voyage.com\/fr\/"},{"@type":"ListItem","position":2,"name":"Villa Maydou &#8211; Luang Prabang"}]},{"@type":"WebSite","@id":"https:\/\/nam-viet-voyage.com\/fr\/#website","url":"https:\/\/nam-viet-voyage.com\/fr\/","name":"Nam Viet Voyage","description":"Voyages en Asie du Sud-Est","potentialAction":[{"@type":"SearchAction","target":{"@type":"EntryPoint","urlTemplate":"https:\/\/nam-viet-voyage.com\/fr\/?s={search_term_string}"},"query-input":{"@type":"PropertyValueSpecification","valueRequired":true,"valueName":"search_term_string"}}],"inLanguage":"fr-FR"}]}},"_links":{"self":[{"href":"http:\/\/nam-viet-voyage.com\/fr\/wp-json\/wp\/v2\/pages\/4482","targetHints":{"allow":["GET"]}}],"collection":[{"href":"http:\/\/nam-viet-voyage.com\/fr\/wp-json\/wp\/v2\/pages"}],"about":[{"href":"http:\/\/nam-viet-voyage.com\/fr\/wp-json\/wp\/v2\/types\/page"}],"author":[{"embeddable":true,"href":"http:\/\/nam-viet-voyage.com\/fr\/wp-json\/wp\/v2\/users\/2"}],"replies":[{"embeddable":true,"href":"http:\/\/nam-viet-voyage.com\/fr\/wp-json\/wp\/v2\/comments?post=4482"}],"version-history":[{"count":13,"href":"http:\/\/nam-viet-voyage.com\/fr\/wp-json\/wp\/v2\/pages\/4482\/revisions"}],"predecessor-version":[{"id":11342,"href":"http:\/\/nam-viet-voyage.com\/fr\/wp-json\/wp\/v2\/pages\/4482\/revisions\/11342"}],"wp:attachment":[{"href":"http:\/\/nam-viet-voyage.com\/fr\/wp-json\/wp\/v2\/media?parent=4482"}],"curies":[{"name":"wp","href":"https:\/\/api.w.org\/{rel}","templated":true}]}}