{"id":4477,"date":"2015-01-22T07:13:37","date_gmt":"2015-01-22T07:13:37","guid":{"rendered":"http:\/\/nam-viet-voyage.com\/?page_id=4477"},"modified":"2016-05-25T07:45:02","modified_gmt":"2016-05-25T07:45:02","slug":"muang-la-resort","status":"publish","type":"page","link":"http:\/\/nam-viet-voyage.com\/fr\/muang-la-resort\/","title":{"rendered":"Muang La Resort &#8211; Muang La"},"content":{"rendered":"<section class=\"l-section wpb_row height_medium\"><div class=\"l-section-h i-cf\"><div class=\"g-cols offset_small\"><div class=\" one-quarter\">[vc_wp_custommenu nav_menu=\u00a0\u00bb329&Prime; title=\u00a0\u00bbVotre h\u00f4tel &#8211; Laos\u00a0\u00bb]<\/div><div class=\" three-quarters\"><div class=\"w-image  align_center\"><img loading=\"lazy\" decoding=\"async\" width=\"730\" height=\"200\" src=\"http:\/\/nam-viet-voyage.com\/wp-content\/uploads\/2015\/01\/Muang-La-resort-uang-la.png\" class=\"attachment-full size-full\" alt=\"Muang-La-resort-uang-la\" srcset=\"http:\/\/nam-viet-voyage.com\/wp-content\/uploads\/2015\/01\/Muang-La-resort-uang-la.png 730w, http:\/\/nam-viet-voyage.com\/wp-content\/uploads\/2015\/01\/Muang-La-resort-uang-la-300x82.png 300w, http:\/\/nam-viet-voyage.com\/wp-content\/uploads\/2015\/01\/Muang-La-resort-uang-la-600x164.png 600w, http:\/\/nam-viet-voyage.com\/wp-content\/uploads\/2015\/01\/Muang-La-resort-uang-la-150x41.png 150w\" sizes=\"auto, (max-width: 730px) 100vw, 730px\" \/><\/div><div class=\"wpb_text_column \"><div class=\"wpb_wrapper\">\n<h2 style=\"text-align: center;\">Muang La Resort &#8211; Muang La<\/h2>\n<p style=\"text-align: justify;\">Le Muang La Resort se situe au nord du Laos, \u00e0 distance \u00e9gale de la Chine et du Vietnam. Son ambition est de proposer \u00e0 ses h\u00f4tes un lieu de retraite en plein c\u0153ur de la nature. Pour cela, il est parfaitement situ\u00e9. Il se trouve en effet au milieu de la for\u00eat tropicale, dans une r\u00e9gion peu touristique du pays. Le village le plus proche n&rsquo;abrite qu&rsquo;une centaine d&rsquo;habitants. Respectueux de l&rsquo;environnement, engag\u00e9 dans le d\u00e9veloppement des structures locales, l&rsquo;\u00e9tablissement ne propose que 10 chambres avec balcon priv\u00e9, r\u00e9parties dans cinq villas en bois. L&rsquo;architecture des b\u00e2timents suit les principes des traditions laotiennes. Le Muang La Resort se trouve \u00e0 proximit\u00e9 d&rsquo;une source chaude naturelle. Elle alimente le spa de l&rsquo;h\u00f4tel, qui a \u00e9t\u00e9 construit \u00e0 4 m\u00e8tres de hauteur afin de faire profiter les h\u00f4tes de la vue sur la rivi\u00e8re et les montagnes. Le restaurant du resort propose des plats m\u00ealant saveurs laotiennes et tha\u00efes, ainsi que la possibilit\u00e9 d&rsquo;installer un repas o\u00f9 vous le souhaitez : votre balcon priv\u00e9, le jardin, la petite \u00eele faisant face \u00e0 l&rsquo;h\u00f4tel\u2026 Tout est possible ! Des cours de cuisine sont \u00e9galement organis\u00e9s \u00e0 la demande.<\/p>\n<\/div> <\/div> [vc_empty_space height=\u00a0\u00bb30px\u00a0\u00bb]<div class=\"g-cols wpb_row offset_small vc_inner \"><div class=\" one-half\"><div class=\"w-image  align_center\"><img loading=\"lazy\" decoding=\"async\" width=\"320\" height=\"212\" src=\"http:\/\/nam-viet-voyage.com\/wp-content\/uploads\/2015\/01\/muang-la-resort-laos-room-green.jpg\" class=\"attachment-full size-full\" alt=\"Green decoration in Muang La Resort\" srcset=\"http:\/\/nam-viet-voyage.com\/wp-content\/uploads\/2015\/01\/muang-la-resort-laos-room-green.jpg 320w, http:\/\/nam-viet-voyage.com\/wp-content\/uploads\/2015\/01\/muang-la-resort-laos-room-green-300x199.jpg 300w\" sizes=\"auto, (max-width: 320px) 100vw, 320px\" \/><\/div><div class=\"w-image  align_center\"><img loading=\"lazy\" decoding=\"async\" width=\"320\" height=\"216\" src=\"http:\/\/nam-viet-voyage.com\/wp-content\/uploads\/2015\/01\/muang-la-resort-laos-room-bathroom.jpg\" class=\"attachment-full size-full\" alt=\"Bathrooms mix wood, granite and stained terrazzo in Muang La\" srcset=\"http:\/\/nam-viet-voyage.com\/wp-content\/uploads\/2015\/01\/muang-la-resort-laos-room-bathroom.jpg 320w, http:\/\/nam-viet-voyage.com\/wp-content\/uploads\/2015\/01\/muang-la-resort-laos-room-bathroom-300x203.jpg 300w\" sizes=\"auto, (max-width: 320px) 100vw, 320px\" \/><\/div><\/div><div class=\" one-half\"><div class=\"w-image  align_center\"><img loading=\"lazy\" decoding=\"async\" width=\"320\" height=\"212\" src=\"http:\/\/nam-viet-voyage.com\/wp-content\/uploads\/2015\/01\/muang-la-resort-laos-spa.jpg\" class=\"attachment-full size-full\" alt=\"Outdoors massage in Muang La Resort\" srcset=\"http:\/\/nam-viet-voyage.com\/wp-content\/uploads\/2015\/01\/muang-la-resort-laos-spa.jpg 320w, http:\/\/nam-viet-voyage.com\/wp-content\/uploads\/2015\/01\/muang-la-resort-laos-spa-300x199.jpg 300w\" sizes=\"auto, (max-width: 320px) 100vw, 320px\" \/><\/div><div class=\"w-image  align_center\"><img loading=\"lazy\" decoding=\"async\" width=\"320\" height=\"213\" src=\"http:\/\/nam-viet-voyage.com\/wp-content\/uploads\/2015\/01\/muang-la-resort-laos-room-jaccuzzi.jpg\" class=\"attachment-full size-full\" alt=\"Candles and relaxation at spa Muang La Resort\" srcset=\"http:\/\/nam-viet-voyage.com\/wp-content\/uploads\/2015\/01\/muang-la-resort-laos-room-jaccuzzi.jpg 320w, http:\/\/nam-viet-voyage.com\/wp-content\/uploads\/2015\/01\/muang-la-resort-laos-room-jaccuzzi-300x200.jpg 300w\" sizes=\"auto, (max-width: 320px) 100vw, 320px\" \/><\/div><\/div><\/div><\/div><\/div><\/div><\/section><section class=\"l-section wpb_row height_medium color_secondary\"><div class=\"l-section-h i-cf\"><div class=\"g-cols offset_small\"><div class=\" full-width\"><div class=\"g-cols wpb_row offset_small vc_inner \"><div class=\" full-width\">[vc_custom_heading text=\u00a0\u00bbPour tout projet ou information compl\u00e9mentaire, merci de nous contacter !\u00a0\u00bb font_container=\u00a0\u00bbtag:p|font_size:24|text_align:center\u00a0\u00bb google_fonts=\u00a0\u00bbfont_family:Nothing%20You%20Could%20Do%3Aregular|font_style:400%20regular%3A400%3Anormal\u00a0\u00bb]\n<div class=\"wpcf7 no-js\" id=\"wpcf7-f5977-o1\" lang=\"fr-FR\" dir=\"ltr\" data-wpcf7-id=\"5977\">\n<div class=\"screen-reader-response\"><p role=\"status\" aria-live=\"polite\" aria-atomic=\"true\"><\/p> <ul><\/ul><\/div>\n<form action=\"\/fr\/wp-json\/wp\/v2\/pages\/4477#wpcf7-f5977-o1\" method=\"post\" class=\"wpcf7-form init\" aria-label=\"Formulaire de contact\" novalidate=\"novalidate\" data-status=\"init\">\n<fieldset class=\"hidden-fields-container\"><input type=\"hidden\" name=\"_wpcf7\" value=\"5977\" \/><input type=\"hidden\" name=\"_wpcf7_version\" value=\"6.1.5\" \/><input type=\"hidden\" name=\"_wpcf7_locale\" value=\"fr_FR\" \/><input type=\"hidden\" name=\"_wpcf7_unit_tag\" value=\"wpcf7-f5977-o1\" \/><input type=\"hidden\" name=\"_wpcf7_container_post\" value=\"0\" \/><input type=\"hidden\" name=\"_wpcf7_posted_data_hash\" value=\"\" \/>\n<\/fieldset>\n<p>Votre Nom *\n<\/p>\n<p><span class=\"wpcf7-form-control-wrap\" data-name=\"your-name\"><input size=\"40\" maxlength=\"400\" class=\"wpcf7-form-control wpcf7-text wpcf7-validates-as-required\" aria-required=\"true\" aria-invalid=\"false\" value=\"\" type=\"text\" name=\"your-name\" \/><\/span>\n<\/p>\n<p>Votre Email *\n<\/p>\n<p><span class=\"wpcf7-form-control-wrap\" data-name=\"your-email\"><input size=\"40\" maxlength=\"400\" class=\"wpcf7-form-control wpcf7-email wpcf7-validates-as-required wpcf7-text wpcf7-validates-as-email\" aria-required=\"true\" aria-invalid=\"false\" value=\"\" type=\"email\" name=\"your-email\" \/><\/span>\n<\/p>\n<p>Votre Message *\n<\/p>\n<p><span class=\"wpcf7-form-control-wrap\" data-name=\"your-message\"><textarea cols=\"40\" rows=\"10\" maxlength=\"2000\" class=\"wpcf7-form-control wpcf7-textarea wpcf7-validates-as-required\" aria-required=\"true\" aria-invalid=\"false\" name=\"your-message\"><\/textarea><\/span>\n<\/p>\n<p><input class=\"wpcf7-form-control wpcf7-submit has-spinner\" type=\"submit\" value=\"Envoyer\" \/>\n<\/p><div class=\"wpcf7-response-output\" aria-hidden=\"true\"><\/div>\n<\/form>\n<\/div>\n<\/div><\/div><\/div><\/div><\/div><\/section>\n<p><a href=\"\/\/www.pinterest.com\/pin\/create\/button\/\" data-pin-do=\"buttonBookmark\" data-pin-color=\"red\" data-pin-height=\"128\"><img decoding=\"async\" src=\"\/\/assets.pinterest.com\/images\/pidgets\/pinit_fg_en_rect_red_28.png\" \/><\/a><\/p>","protected":false},"excerpt":{"rendered":"[vc_wp_custommenu nav_menu=\"329\" title=\"Votre h\u00f4tel - Laos\"] Muang La Resort - Muang La Le Muang La Resort se situe au nord du Laos, \u00e0 distance \u00e9gale de la Chine et du...","protected":false},"author":2,"featured_media":0,"parent":0,"menu_order":0,"comment_status":"closed","ping_status":"open","template":"","meta":{"_crdt_document":"","footnotes":""},"class_list":["post-4477","page","type-page","status-publish","hentry"],"yoast_head":"<!-- This site is optimized with the Yoast SEO plugin v27.4 - https:\/\/yoast.com\/product\/yoast-seo-wordpress\/ -->\n<title>Muang La Resort - Muang La - Nam Viet Voyage<\/title>\n<meta name=\"description\" content=\"Accordez-vous une retraite en plein c\u0153ur de la nature gr\u00e2ce au Muang La Resort, situ\u00e9 dans une r\u00e9gion peu touristique du nord du Laos.\" \/>\n<meta name=\"robots\" content=\"index, follow, max-snippet:-1, max-image-preview:large, max-video-preview:-1\" \/>\n<link rel=\"canonical\" href=\"http:\/\/nam-viet-voyage.com\/fr\/muang-la-resort\/\" \/>\n<meta property=\"og:locale\" content=\"fr_FR\" \/>\n<meta property=\"og:type\" content=\"article\" \/>\n<meta property=\"og:title\" content=\"Muang La Resort - Muang La - Nam Viet Voyage\" \/>\n<meta property=\"og:description\" content=\"Accordez-vous une retraite en plein c\u0153ur de la nature gr\u00e2ce au Muang La Resort, situ\u00e9 dans une r\u00e9gion peu touristique du nord du Laos.\" \/>\n<meta property=\"og:url\" content=\"http:\/\/nam-viet-voyage.com\/fr\/muang-la-resort\/\" \/>\n<meta property=\"og:site_name\" content=\"Nam Viet Voyage\" \/>\n<meta property=\"article:publisher\" content=\"https:\/\/www.facebook.com\/NamVietVoyage\" \/>\n<meta property=\"article:modified_time\" content=\"2016-05-25T07:45:02+00:00\" \/>\n<meta name=\"twitter:card\" content=\"summary_large_image\" \/>\n<meta name=\"twitter:site\" content=\"@NamVietVoyage\" \/>\n<meta name=\"twitter:label1\" content=\"Dur\u00e9e de lecture estim\u00e9e\" \/>\n\t<meta name=\"twitter:data1\" content=\"2 minutes\" \/>\n<script type=\"application\/ld+json\" class=\"yoast-schema-graph\">{\"@context\":\"https:\\\/\\\/schema.org\",\"@graph\":[{\"@type\":\"WebPage\",\"@id\":\"http:\\\/\\\/nam-viet-voyage.com\\\/fr\\\/muang-la-resort\\\/\",\"url\":\"http:\\\/\\\/nam-viet-voyage.com\\\/fr\\\/muang-la-resort\\\/\",\"name\":\"Muang La Resort - Muang La - Nam Viet Voyage\",\"isPartOf\":{\"@id\":\"http:\\\/\\\/nam-viet-voyage.com\\\/#website\"},\"datePublished\":\"2015-01-22T07:13:37+00:00\",\"dateModified\":\"2016-05-25T07:45:02+00:00\",\"description\":\"Accordez-vous une retraite en plein c\u0153ur de la nature gr\u00e2ce au Muang La Resort, situ\u00e9 dans une r\u00e9gion peu touristique du nord du Laos.\",\"breadcrumb\":{\"@id\":\"http:\\\/\\\/nam-viet-voyage.com\\\/fr\\\/muang-la-resort\\\/#breadcrumb\"},\"inLanguage\":\"fr-FR\",\"potentialAction\":[{\"@type\":\"ReadAction\",\"target\":[\"http:\\\/\\\/nam-viet-voyage.com\\\/fr\\\/muang-la-resort\\\/\"]}]},{\"@type\":\"BreadcrumbList\",\"@id\":\"http:\\\/\\\/nam-viet-voyage.com\\\/fr\\\/muang-la-resort\\\/#breadcrumb\",\"itemListElement\":[{\"@type\":\"ListItem\",\"position\":1,\"name\":\"Home\",\"item\":\"http:\\\/\\\/nam-viet-voyage.com\\\/fr\\\/sample-page-2\\\/\"},{\"@type\":\"ListItem\",\"position\":2,\"name\":\"Muang La Resort &#8211; Muang La\"}]},{\"@type\":\"WebSite\",\"@id\":\"http:\\\/\\\/nam-viet-voyage.com\\\/#website\",\"url\":\"http:\\\/\\\/nam-viet-voyage.com\\\/\",\"name\":\"Nam Viet Voyage\",\"description\":\"Voyages en Asie du Sud-Est\",\"potentialAction\":[{\"@type\":\"SearchAction\",\"target\":{\"@type\":\"EntryPoint\",\"urlTemplate\":\"http:\\\/\\\/nam-viet-voyage.com\\\/?s={search_term_string}\"},\"query-input\":{\"@type\":\"PropertyValueSpecification\",\"valueRequired\":true,\"valueName\":\"search_term_string\"}}],\"inLanguage\":\"fr-FR\"}]}<\/script>\n<!-- \/ Yoast SEO plugin. -->","yoast_head_json":{"title":"Muang La Resort - Muang La - Nam Viet Voyage","description":"Accordez-vous une retraite en plein c\u0153ur de la nature gr\u00e2ce au Muang La Resort, situ\u00e9 dans une r\u00e9gion peu touristique du nord du Laos.","robots":{"index":"index","follow":"follow","max-snippet":"max-snippet:-1","max-image-preview":"max-image-preview:large","max-video-preview":"max-video-preview:-1"},"canonical":"http:\/\/nam-viet-voyage.com\/fr\/muang-la-resort\/","og_locale":"fr_FR","og_type":"article","og_title":"Muang La Resort - Muang La - Nam Viet Voyage","og_description":"Accordez-vous une retraite en plein c\u0153ur de la nature gr\u00e2ce au Muang La Resort, situ\u00e9 dans une r\u00e9gion peu touristique du nord du Laos.","og_url":"http:\/\/nam-viet-voyage.com\/fr\/muang-la-resort\/","og_site_name":"Nam Viet Voyage","article_publisher":"https:\/\/www.facebook.com\/NamVietVoyage","article_modified_time":"2016-05-25T07:45:02+00:00","twitter_card":"summary_large_image","twitter_site":"@NamVietVoyage","twitter_misc":{"Dur\u00e9e de lecture estim\u00e9e":"2 minutes"},"schema":{"@context":"https:\/\/schema.org","@graph":[{"@type":"WebPage","@id":"http:\/\/nam-viet-voyage.com\/fr\/muang-la-resort\/","url":"http:\/\/nam-viet-voyage.com\/fr\/muang-la-resort\/","name":"Muang La Resort - Muang La - Nam Viet Voyage","isPartOf":{"@id":"http:\/\/nam-viet-voyage.com\/#website"},"datePublished":"2015-01-22T07:13:37+00:00","dateModified":"2016-05-25T07:45:02+00:00","description":"Accordez-vous une retraite en plein c\u0153ur de la nature gr\u00e2ce au Muang La Resort, situ\u00e9 dans une r\u00e9gion peu touristique du nord du Laos.","breadcrumb":{"@id":"http:\/\/nam-viet-voyage.com\/fr\/muang-la-resort\/#breadcrumb"},"inLanguage":"fr-FR","potentialAction":[{"@type":"ReadAction","target":["http:\/\/nam-viet-voyage.com\/fr\/muang-la-resort\/"]}]},{"@type":"BreadcrumbList","@id":"http:\/\/nam-viet-voyage.com\/fr\/muang-la-resort\/#breadcrumb","itemListElement":[{"@type":"ListItem","position":1,"name":"Home","item":"http:\/\/nam-viet-voyage.com\/fr\/sample-page-2\/"},{"@type":"ListItem","position":2,"name":"Muang La Resort &#8211; Muang La"}]},{"@type":"WebSite","@id":"http:\/\/nam-viet-voyage.com\/#website","url":"http:\/\/nam-viet-voyage.com\/","name":"Nam Viet Voyage","description":"Voyages en Asie du Sud-Est","potentialAction":[{"@type":"SearchAction","target":{"@type":"EntryPoint","urlTemplate":"http:\/\/nam-viet-voyage.com\/?s={search_term_string}"},"query-input":{"@type":"PropertyValueSpecification","valueRequired":true,"valueName":"search_term_string"}}],"inLanguage":"fr-FR"}]}},"_links":{"self":[{"href":"http:\/\/nam-viet-voyage.com\/fr\/wp-json\/wp\/v2\/pages\/4477","targetHints":{"allow":["GET"]}}],"collection":[{"href":"http:\/\/nam-viet-voyage.com\/fr\/wp-json\/wp\/v2\/pages"}],"about":[{"href":"http:\/\/nam-viet-voyage.com\/fr\/wp-json\/wp\/v2\/types\/page"}],"author":[{"embeddable":true,"href":"http:\/\/nam-viet-voyage.com\/fr\/wp-json\/wp\/v2\/users\/2"}],"replies":[{"embeddable":true,"href":"http:\/\/nam-viet-voyage.com\/fr\/wp-json\/wp\/v2\/comments?post=4477"}],"version-history":[{"count":14,"href":"http:\/\/nam-viet-voyage.com\/fr\/wp-json\/wp\/v2\/pages\/4477\/revisions"}],"predecessor-version":[{"id":11345,"href":"http:\/\/nam-viet-voyage.com\/fr\/wp-json\/wp\/v2\/pages\/4477\/revisions\/11345"}],"wp:attachment":[{"href":"http:\/\/nam-viet-voyage.com\/fr\/wp-json\/wp\/v2\/media?parent=4477"}],"curies":[{"name":"wp","href":"https:\/\/api.w.org\/{rel}","templated":true}]}}