{"id":4353,"date":"2015-01-22T04:16:43","date_gmt":"2015-01-22T04:16:43","guid":{"rendered":"http:\/\/nam-viet-voyage.com\/?page_id=4353"},"modified":"2016-05-25T07:45:02","modified_gmt":"2016-05-25T07:45:02","slug":"ta-lai-longhouse-cat-tien","status":"publish","type":"page","link":"http:\/\/nam-viet-voyage.com\/fr\/ta-lai-longhouse-cat-tien\/","title":{"rendered":"Ta Lai Longhouse &#8211; Cat Tien"},"content":{"rendered":"<section class=\"l-section wpb_row height_medium\"><div class=\"l-section-h i-cf\"><div class=\"g-cols offset_small\"><div class=\" one-quarter\">[vc_wp_custommenu nav_menu=\u00a0\u00bb166&Prime; title=\u00a0\u00bbVotre h\u00f4tel &#8211; Nature\u00a0\u00bb]<\/div><div class=\" three-quarters\"><div class=\"w-image  align_center\"><img loading=\"lazy\" decoding=\"async\" width=\"730\" height=\"200\" src=\"http:\/\/nam-viet-voyage.com\/wp-content\/uploads\/2015\/01\/long-house-tai-lai-cat-tien.png\" class=\"attachment-full size-full\" alt=\"polaroids Ta Lai Longhouse parc Cat Tien\" srcset=\"http:\/\/nam-viet-voyage.com\/wp-content\/uploads\/2015\/01\/long-house-tai-lai-cat-tien.png 730w, http:\/\/nam-viet-voyage.com\/wp-content\/uploads\/2015\/01\/long-house-tai-lai-cat-tien-300x82.png 300w, http:\/\/nam-viet-voyage.com\/wp-content\/uploads\/2015\/01\/long-house-tai-lai-cat-tien-600x164.png 600w, http:\/\/nam-viet-voyage.com\/wp-content\/uploads\/2015\/01\/long-house-tai-lai-cat-tien-150x41.png 150w\" sizes=\"auto, (max-width: 730px) 100vw, 730px\" \/><\/div><div class=\"wpb_text_column \"><div class=\"wpb_wrapper\">\n<h2 style=\"text-align: center;\">Ta Lai Longhouse &#8211; Cat Tien<\/h2>\n<p style=\"text-align: justify;\">En plein c\u0153ur du parc national de Cat Tien, \u00e0 trois heures de route d\u2019H\u00f4 Chi Minh-Ville, Ta Lai Longhouse constitue un havre de paix au sein de la nature. Le concept de l\u2019\u00e9tablissement est d\u2019associer respect de l\u2019environnement et tourisme responsable dans un m\u00eame lieu.<\/p>\n<p style=\"text-align: justify;\">Lors de votre passage, vous logerez au c\u0153ur de la maison principale, construite en bambou selon les traditions locales. Vous pourrez ainsi admirer la beaut\u00e9 de l\u2019architecture, mais aussi exp\u00e9rimenter la mani\u00e8re de vivre qui \u00e9tait longtemps en usage dans le Sud du Vietnam. \u00c0 Ta Lai Longhouse, le partage est le ma\u00eetre mot. Les repas, pr\u00e9par\u00e9s chaque jour avec des ingr\u00e9dients frais, sont servis aux h\u00f4tes sur la table commune situ\u00e9e \u00e0 l\u2019ext\u00e9rieur. Ils seront l\u2019occasion pour vous de go\u00fbter et d\u2019appr\u00e9cier les diff\u00e9rentes saveurs de la cuisine locale.<\/p>\n<p style=\"text-align: justify;\">La situation de l\u2019\u00e9tablissement, en plein c\u0153ur de la jungle, lui permet de proposer de nombreuses activit\u00e9s : kayak, randonn\u00e9e \u00e0 pied ou en v\u00e9lo, balades en bateau, ornithologie\u2026 Il y en a pour tous les go\u00fbts. \u00c0 proximit\u00e9 de l\u2019\u00e9tablissement se trouvent \u00e9galement des villages locaux, l\u2019\u00eele de Dao Tien o\u00f9 l\u2019on trouve des esp\u00e8ces de singes prot\u00e9g\u00e9es, ainsi que le lac aux crocodiles.<\/p>\n<\/div> <\/div> <div class=\"g-cols wpb_row offset_small vc_inner \"><div class=\" full-width\">[vc_empty_space height=\u00a0\u00bb30px\u00a0\u00bb]<\/div><\/div><div class=\"g-cols wpb_row offset_small vc_inner \"><div class=\" one-half\"><div class=\"w-image  align_center\"><img loading=\"lazy\" decoding=\"async\" width=\"320\" height=\"213\" src=\"http:\/\/nam-viet-voyage.com\/wp-content\/uploads\/2015\/01\/ta-lai-night.jpg\" class=\"attachment-full size-full\" alt=\"longhouse by night\" srcset=\"http:\/\/nam-viet-voyage.com\/wp-content\/uploads\/2015\/01\/ta-lai-night.jpg 320w, http:\/\/nam-viet-voyage.com\/wp-content\/uploads\/2015\/01\/ta-lai-night-300x200.jpg 300w, http:\/\/nam-viet-voyage.com\/wp-content\/uploads\/2015\/01\/ta-lai-night-150x100.jpg 150w\" sizes=\"auto, (max-width: 320px) 100vw, 320px\" \/><\/div><div class=\"w-image  align_center\"><img loading=\"lazy\" decoding=\"async\" width=\"320\" height=\"213\" src=\"http:\/\/nam-viet-voyage.com\/wp-content\/uploads\/2015\/01\/ta-lai-bed.jpg\" class=\"attachment-full size-full\" alt=\"longhouse beds\" srcset=\"http:\/\/nam-viet-voyage.com\/wp-content\/uploads\/2015\/01\/ta-lai-bed.jpg 320w, http:\/\/nam-viet-voyage.com\/wp-content\/uploads\/2015\/01\/ta-lai-bed-300x200.jpg 300w, http:\/\/nam-viet-voyage.com\/wp-content\/uploads\/2015\/01\/ta-lai-bed-150x100.jpg 150w\" sizes=\"auto, (max-width: 320px) 100vw, 320px\" \/><\/div><\/div><div class=\" one-half\"><div class=\"w-image  align_center\"><img loading=\"lazy\" decoding=\"async\" width=\"320\" height=\"214\" src=\"http:\/\/nam-viet-voyage.com\/wp-content\/uploads\/2015\/01\/ta-lai-bike.jpg\" class=\"attachment-full size-full\" alt=\"ta lai trophy\" srcset=\"http:\/\/nam-viet-voyage.com\/wp-content\/uploads\/2015\/01\/ta-lai-bike.jpg 320w, http:\/\/nam-viet-voyage.com\/wp-content\/uploads\/2015\/01\/ta-lai-bike-300x200.jpg 300w, http:\/\/nam-viet-voyage.com\/wp-content\/uploads\/2015\/01\/ta-lai-bike-150x100.jpg 150w\" sizes=\"auto, (max-width: 320px) 100vw, 320px\" \/><\/div><div class=\"w-image  align_center\"><img loading=\"lazy\" decoding=\"async\" width=\"320\" height=\"212\" src=\"http:\/\/nam-viet-voyage.com\/wp-content\/uploads\/2015\/01\/ta-lai-dance.jpg\" class=\"attachment-full size-full\" alt=\"ta lai dance show\" srcset=\"http:\/\/nam-viet-voyage.com\/wp-content\/uploads\/2015\/01\/ta-lai-dance.jpg 320w, http:\/\/nam-viet-voyage.com\/wp-content\/uploads\/2015\/01\/ta-lai-dance-300x200.jpg 300w, http:\/\/nam-viet-voyage.com\/wp-content\/uploads\/2015\/01\/ta-lai-dance-150x99.jpg 150w\" sizes=\"auto, (max-width: 320px) 100vw, 320px\" \/><\/div><\/div><\/div><\/div><\/div><\/div><\/section><section class=\"l-section wpb_row height_medium color_secondary\"><div class=\"l-section-h i-cf\"><div class=\"g-cols offset_small\"><div class=\" full-width\"><div class=\"g-cols wpb_row offset_small vc_inner \"><div class=\" full-width\">[vc_custom_heading text=\u00a0\u00bbPour tout projet ou information compl\u00e9mentaire, merci de nous contacter !\u00a0\u00bb font_container=\u00a0\u00bbtag:p|font_size:24|text_align:center\u00a0\u00bb google_fonts=\u00a0\u00bbfont_family:Nothing%20You%20Could%20Do%3Aregular|font_style:400%20regular%3A400%3Anormal\u00a0\u00bb]\n<div class=\"wpcf7 no-js\" id=\"wpcf7-f5977-o1\" lang=\"fr-FR\" dir=\"ltr\" data-wpcf7-id=\"5977\">\n<div class=\"screen-reader-response\"><p role=\"status\" aria-live=\"polite\" aria-atomic=\"true\"><\/p> <ul><\/ul><\/div>\n<form action=\"\/fr\/wp-json\/wp\/v2\/pages\/4353#wpcf7-f5977-o1\" method=\"post\" class=\"wpcf7-form init\" aria-label=\"Formulaire de contact\" novalidate=\"novalidate\" data-status=\"init\">\n<fieldset class=\"hidden-fields-container\"><input type=\"hidden\" name=\"_wpcf7\" value=\"5977\" \/><input type=\"hidden\" name=\"_wpcf7_version\" value=\"6.1.5\" \/><input type=\"hidden\" name=\"_wpcf7_locale\" value=\"fr_FR\" \/><input type=\"hidden\" name=\"_wpcf7_unit_tag\" value=\"wpcf7-f5977-o1\" \/><input type=\"hidden\" name=\"_wpcf7_container_post\" value=\"0\" \/><input type=\"hidden\" name=\"_wpcf7_posted_data_hash\" value=\"\" \/>\n<\/fieldset>\n<p>Votre Nom *\n<\/p>\n<p><span class=\"wpcf7-form-control-wrap\" data-name=\"your-name\"><input size=\"40\" maxlength=\"400\" class=\"wpcf7-form-control wpcf7-text wpcf7-validates-as-required\" aria-required=\"true\" aria-invalid=\"false\" value=\"\" type=\"text\" name=\"your-name\" \/><\/span>\n<\/p>\n<p>Votre Email *\n<\/p>\n<p><span class=\"wpcf7-form-control-wrap\" data-name=\"your-email\"><input size=\"40\" maxlength=\"400\" class=\"wpcf7-form-control wpcf7-email wpcf7-validates-as-required wpcf7-text wpcf7-validates-as-email\" aria-required=\"true\" aria-invalid=\"false\" value=\"\" type=\"email\" name=\"your-email\" \/><\/span>\n<\/p>\n<p>Votre Message *\n<\/p>\n<p><span class=\"wpcf7-form-control-wrap\" data-name=\"your-message\"><textarea cols=\"40\" rows=\"10\" maxlength=\"2000\" class=\"wpcf7-form-control wpcf7-textarea wpcf7-validates-as-required\" aria-required=\"true\" aria-invalid=\"false\" name=\"your-message\"><\/textarea><\/span>\n<\/p>\n<p><input class=\"wpcf7-form-control wpcf7-submit has-spinner\" type=\"submit\" value=\"Envoyer\" \/>\n<\/p><div class=\"wpcf7-response-output\" aria-hidden=\"true\"><\/div>\n<\/form>\n<\/div>\n<\/div><\/div><\/div><\/div><\/div><\/section>\n<p><a href=\"\/\/www.pinterest.com\/pin\/create\/button\/\" data-pin-do=\"buttonBookmark\" data-pin-color=\"red\" data-pin-height=\"128\"><img decoding=\"async\" src=\"\/\/assets.pinterest.com\/images\/pidgets\/pinit_fg_en_rect_red_28.png\" \/><\/a><\/p>","protected":false},"excerpt":{"rendered":"[vc_wp_custommenu nav_menu=\"166\" title=\"Votre h\u00f4tel - Nature\"] Ta Lai Longhouse - Cat Tien En plein c\u0153ur du parc national de Cat Tien, \u00e0 trois heures de route d\u2019H\u00f4 Chi Minh-Ville, Ta...","protected":false},"author":2,"featured_media":0,"parent":0,"menu_order":0,"comment_status":"closed","ping_status":"open","template":"","meta":{"_crdt_document":"","footnotes":""},"class_list":["post-4353","page","type-page","status-publish","hentry"],"yoast_head":"<!-- This site is optimized with the Yoast SEO plugin v26.9 - https:\/\/yoast.com\/product\/yoast-seo-wordpress\/ -->\n<title>Ta Lai Longhouse - Cat Tien - Nam Viet Voyage<\/title>\n<meta name=\"description\" content=\"Ta Lai Longhouse est un ecolodge situ\u00e9 en plein c\u0153ur du parc national de Cat Tien, \u00e0 quelques encablures d\u2019H\u00f4 Chi Minh-Ville. D\u00e9paysement assur\u00e9 !\" \/>\n<meta name=\"robots\" content=\"index, follow, max-snippet:-1, max-image-preview:large, max-video-preview:-1\" \/>\n<link rel=\"canonical\" href=\"https:\/\/nam-viet-voyage.com\/fr\/ta-lai-longhouse-cat-tien\/\" \/>\n<meta property=\"og:locale\" content=\"fr_FR\" \/>\n<meta property=\"og:type\" content=\"article\" \/>\n<meta property=\"og:title\" content=\"Ta Lai Longhouse - Cat Tien - Nam Viet Voyage\" \/>\n<meta property=\"og:description\" content=\"Ta Lai Longhouse est un ecolodge situ\u00e9 en plein c\u0153ur du parc national de Cat Tien, \u00e0 quelques encablures d\u2019H\u00f4 Chi Minh-Ville. D\u00e9paysement assur\u00e9 !\" \/>\n<meta property=\"og:url\" content=\"https:\/\/nam-viet-voyage.com\/fr\/ta-lai-longhouse-cat-tien\/\" \/>\n<meta property=\"og:site_name\" content=\"Nam Viet Voyage\" \/>\n<meta property=\"article:publisher\" content=\"https:\/\/www.facebook.com\/NamVietVoyage\" \/>\n<meta property=\"article:modified_time\" content=\"2016-05-25T07:45:02+00:00\" \/>\n<meta name=\"twitter:card\" content=\"summary_large_image\" \/>\n<meta name=\"twitter:site\" content=\"@NamVietVoyage\" \/>\n<meta name=\"twitter:label1\" content=\"Dur\u00e9e de lecture estim\u00e9e\" \/>\n\t<meta name=\"twitter:data1\" content=\"2 minutes\" \/>\n<script type=\"application\/ld+json\" class=\"yoast-schema-graph\">{\"@context\":\"https:\/\/schema.org\",\"@graph\":[{\"@type\":\"WebPage\",\"@id\":\"https:\/\/nam-viet-voyage.com\/fr\/ta-lai-longhouse-cat-tien\/\",\"url\":\"https:\/\/nam-viet-voyage.com\/fr\/ta-lai-longhouse-cat-tien\/\",\"name\":\"Ta Lai Longhouse - Cat Tien - Nam Viet Voyage\",\"isPartOf\":{\"@id\":\"https:\/\/nam-viet-voyage.com\/#website\"},\"datePublished\":\"2015-01-22T04:16:43+00:00\",\"dateModified\":\"2016-05-25T07:45:02+00:00\",\"description\":\"Ta Lai Longhouse est un ecolodge situ\u00e9 en plein c\u0153ur du parc national de Cat Tien, \u00e0 quelques encablures d\u2019H\u00f4 Chi Minh-Ville. D\u00e9paysement assur\u00e9 !\",\"breadcrumb\":{\"@id\":\"https:\/\/nam-viet-voyage.com\/fr\/ta-lai-longhouse-cat-tien\/#breadcrumb\"},\"inLanguage\":\"fr-FR\",\"potentialAction\":[{\"@type\":\"ReadAction\",\"target\":[\"https:\/\/nam-viet-voyage.com\/fr\/ta-lai-longhouse-cat-tien\/\"]}]},{\"@type\":\"BreadcrumbList\",\"@id\":\"https:\/\/nam-viet-voyage.com\/fr\/ta-lai-longhouse-cat-tien\/#breadcrumb\",\"itemListElement\":[{\"@type\":\"ListItem\",\"position\":1,\"name\":\"Home\",\"item\":\"http:\/\/nam-viet-voyage.com\/fr\/\"},{\"@type\":\"ListItem\",\"position\":2,\"name\":\"Ta Lai Longhouse &#8211; Cat Tien\"}]},{\"@type\":\"WebSite\",\"@id\":\"https:\/\/nam-viet-voyage.com\/#website\",\"url\":\"https:\/\/nam-viet-voyage.com\/\",\"name\":\"Nam Viet Voyage\",\"description\":\"Voyages en Asie du Sud-Est\",\"potentialAction\":[{\"@type\":\"SearchAction\",\"target\":{\"@type\":\"EntryPoint\",\"urlTemplate\":\"https:\/\/nam-viet-voyage.com\/?s={search_term_string}\"},\"query-input\":{\"@type\":\"PropertyValueSpecification\",\"valueRequired\":true,\"valueName\":\"search_term_string\"}}],\"inLanguage\":\"fr-FR\"}]}<\/script>\n<!-- \/ Yoast SEO plugin. -->","yoast_head_json":{"title":"Ta Lai Longhouse - Cat Tien - Nam Viet Voyage","description":"Ta Lai Longhouse est un ecolodge situ\u00e9 en plein c\u0153ur du parc national de Cat Tien, \u00e0 quelques encablures d\u2019H\u00f4 Chi Minh-Ville. D\u00e9paysement assur\u00e9 !","robots":{"index":"index","follow":"follow","max-snippet":"max-snippet:-1","max-image-preview":"max-image-preview:large","max-video-preview":"max-video-preview:-1"},"canonical":"https:\/\/nam-viet-voyage.com\/fr\/ta-lai-longhouse-cat-tien\/","og_locale":"fr_FR","og_type":"article","og_title":"Ta Lai Longhouse - Cat Tien - Nam Viet Voyage","og_description":"Ta Lai Longhouse est un ecolodge situ\u00e9 en plein c\u0153ur du parc national de Cat Tien, \u00e0 quelques encablures d\u2019H\u00f4 Chi Minh-Ville. D\u00e9paysement assur\u00e9 !","og_url":"https:\/\/nam-viet-voyage.com\/fr\/ta-lai-longhouse-cat-tien\/","og_site_name":"Nam Viet Voyage","article_publisher":"https:\/\/www.facebook.com\/NamVietVoyage","article_modified_time":"2016-05-25T07:45:02+00:00","twitter_card":"summary_large_image","twitter_site":"@NamVietVoyage","twitter_misc":{"Dur\u00e9e de lecture estim\u00e9e":"2 minutes"},"schema":{"@context":"https:\/\/schema.org","@graph":[{"@type":"WebPage","@id":"https:\/\/nam-viet-voyage.com\/fr\/ta-lai-longhouse-cat-tien\/","url":"https:\/\/nam-viet-voyage.com\/fr\/ta-lai-longhouse-cat-tien\/","name":"Ta Lai Longhouse - Cat Tien - Nam Viet Voyage","isPartOf":{"@id":"https:\/\/nam-viet-voyage.com\/#website"},"datePublished":"2015-01-22T04:16:43+00:00","dateModified":"2016-05-25T07:45:02+00:00","description":"Ta Lai Longhouse est un ecolodge situ\u00e9 en plein c\u0153ur du parc national de Cat Tien, \u00e0 quelques encablures d\u2019H\u00f4 Chi Minh-Ville. D\u00e9paysement assur\u00e9 !","breadcrumb":{"@id":"https:\/\/nam-viet-voyage.com\/fr\/ta-lai-longhouse-cat-tien\/#breadcrumb"},"inLanguage":"fr-FR","potentialAction":[{"@type":"ReadAction","target":["https:\/\/nam-viet-voyage.com\/fr\/ta-lai-longhouse-cat-tien\/"]}]},{"@type":"BreadcrumbList","@id":"https:\/\/nam-viet-voyage.com\/fr\/ta-lai-longhouse-cat-tien\/#breadcrumb","itemListElement":[{"@type":"ListItem","position":1,"name":"Home","item":"http:\/\/nam-viet-voyage.com\/fr\/"},{"@type":"ListItem","position":2,"name":"Ta Lai Longhouse &#8211; Cat Tien"}]},{"@type":"WebSite","@id":"https:\/\/nam-viet-voyage.com\/#website","url":"https:\/\/nam-viet-voyage.com\/","name":"Nam Viet Voyage","description":"Voyages en Asie du Sud-Est","potentialAction":[{"@type":"SearchAction","target":{"@type":"EntryPoint","urlTemplate":"https:\/\/nam-viet-voyage.com\/?s={search_term_string}"},"query-input":{"@type":"PropertyValueSpecification","valueRequired":true,"valueName":"search_term_string"}}],"inLanguage":"fr-FR"}]}},"_links":{"self":[{"href":"http:\/\/nam-viet-voyage.com\/fr\/wp-json\/wp\/v2\/pages\/4353","targetHints":{"allow":["GET"]}}],"collection":[{"href":"http:\/\/nam-viet-voyage.com\/fr\/wp-json\/wp\/v2\/pages"}],"about":[{"href":"http:\/\/nam-viet-voyage.com\/fr\/wp-json\/wp\/v2\/types\/page"}],"author":[{"embeddable":true,"href":"http:\/\/nam-viet-voyage.com\/fr\/wp-json\/wp\/v2\/users\/2"}],"replies":[{"embeddable":true,"href":"http:\/\/nam-viet-voyage.com\/fr\/wp-json\/wp\/v2\/comments?post=4353"}],"version-history":[{"count":16,"href":"http:\/\/nam-viet-voyage.com\/fr\/wp-json\/wp\/v2\/pages\/4353\/revisions"}],"predecessor-version":[{"id":11349,"href":"http:\/\/nam-viet-voyage.com\/fr\/wp-json\/wp\/v2\/pages\/4353\/revisions\/11349"}],"wp:attachment":[{"href":"http:\/\/nam-viet-voyage.com\/fr\/wp-json\/wp\/v2\/media?parent=4353"}],"curies":[{"name":"wp","href":"https:\/\/api.w.org\/{rel}","templated":true}]}}