{"id":4291,"date":"2015-01-22T03:50:08","date_gmt":"2015-01-22T03:50:08","guid":{"rendered":"http:\/\/nam-viet-voyage.com\/?page_id=4291"},"modified":"2016-05-25T07:45:03","modified_gmt":"2016-05-25T07:45:03","slug":"mui-ne-phan-thiet","status":"publish","type":"page","link":"http:\/\/nam-viet-voyage.com\/fr\/mui-ne-phan-thiet\/","title":{"rendered":"Plages\u00a0: Mui Ne"},"content":{"rendered":"<section class=\"l-section wpb_row height_medium\"><div class=\"l-section-h i-cf\"><div class=\"g-cols offset_small\"><div class=\" one-quarter\">[vc_wp_custommenu nav_menu=\u00a0\u00bb175&Prime; title=\u00a0\u00bbLes plus belles plages Vietnam &amp; Cambodge\u00a0\u00bb]<\/div><div class=\" three-quarters\"><div class=\"w-image  align_center\"><img loading=\"lazy\" decoding=\"async\" width=\"730\" height=\"200\" src=\"http:\/\/nam-viet-voyage.com\/wp-content\/uploads\/2015\/01\/mui-ne-destination.png\" class=\"attachment-full size-full\" alt=\"mui-ne-destination\" srcset=\"http:\/\/nam-viet-voyage.com\/wp-content\/uploads\/2015\/01\/mui-ne-destination.png 730w, http:\/\/nam-viet-voyage.com\/wp-content\/uploads\/2015\/01\/mui-ne-destination-300x82.png 300w, http:\/\/nam-viet-voyage.com\/wp-content\/uploads\/2015\/01\/mui-ne-destination-600x164.png 600w, http:\/\/nam-viet-voyage.com\/wp-content\/uploads\/2015\/01\/mui-ne-destination-150x41.png 150w\" sizes=\"auto, (max-width: 730px) 100vw, 730px\" \/><\/div>[vc_empty_space height=\u00a0\u00bb20px\u00a0\u00bb][vc_custom_heading text=\u00a0\u00bbMui Ne\u00a0\u00bb font_container=\u00a0\u00bbtag:h2|font_size:26|text_align:center\u00a0\u00bb google_fonts=\u00a0\u00bbfont_family:Droid%20Sans%3Aregular%2C700|font_style:400%20regular%3A400%3Anormal\u00a0\u00bb]<div class=\"wpb_text_column \"><div class=\"wpb_wrapper\"><strong>Localisation :<\/strong> Vietnam Sud<\/p>\n<p><strong>Meilleure p\u00e9riode :<\/strong> Novembre \u00e0 avril<\/p>\n<p><strong>Caract\u00e9ristiques :<\/strong> \u00c0 environ 6 heures de route d&rsquo;H\u00f4 Chi Minh-Ville, dans le Sud du Vietnam, les plages de Mui Ne constituent l&rsquo;endroit id\u00e9al pour faire une pause baln\u00e9aire lors d&rsquo;un voyage. Lieu d&rsquo;escapade privil\u00e9gi\u00e9 des expatri\u00e9s, Mui Ne appartient \u00e0 la municipalit\u00e9 de Phan Thiet, \u00e0 20 km de l\u00e0, et tend \u00e0 devenir de plus en plus touristique. Sa plage de sable blanc s&rsquo;\u00e9tend sur une longueur de 16 km et b\u00e9n\u00e9ficie en outre d&rsquo;un micro-climat favorable gr\u00e2ce \u00e0 ses fameuses dunes qui la prot\u00e8gent. L&rsquo;oc\u00e9an y est souvent venteux ; Mui Ne constitue donc une destination de choix pour les f\u00e9rus de sport nautique. Vous pourrez y pratiquer le surf, le kitesurf, ou encore la planche \u00e0 voile. Des comp\u00e9titions y sont d&rsquo;ailleurs r\u00e9guli\u00e8rement organis\u00e9es.<\/p>\n<p><a href=\"http:\/\/nam-viet-voyage.com\/mui-ne\/\" target=\"_blank\">Tout savoir sur Mui Ne<\/a><\/div> <\/div> <\/div><\/div><\/div><\/section><section class=\"l-section wpb_row height_medium\"><div class=\"l-section-h i-cf\"><div class=\"g-cols offset_small\"><div class=\" full-width\"><div class=\"w-gallery layout_default cols_3 with_indents link_media\"><div class=\"w-gallery-list\"><a class=\"w-gallery-item order_1\" href=\"http:\/\/nam-viet-voyage.com\/wp-content\/uploads\/2015\/01\/mui-ne-plage.jpg\" title=\"mui ne plage\"><img loading=\"lazy\" decoding=\"async\" width=\"564\" height=\"335\" src=\"http:\/\/nam-viet-voyage.com\/wp-content\/uploads\/2015\/01\/mui-ne-plage.jpg\" class=\"w-gallery-item-img\" alt=\"mui ne plage\" srcset=\"http:\/\/nam-viet-voyage.com\/wp-content\/uploads\/2015\/01\/mui-ne-plage.jpg 564w, http:\/\/nam-viet-voyage.com\/wp-content\/uploads\/2015\/01\/mui-ne-plage-300x178.jpg 300w, http:\/\/nam-viet-voyage.com\/wp-content\/uploads\/2015\/01\/mui-ne-plage-150x89.jpg 150w\" sizes=\"auto, (max-width: 564px) 100vw, 564px\" \/><span class=\"w-gallery-item-hover\"><\/span><span class=\"w-gallery-item-title\">mui ne plage<\/span><\/a><a class=\"w-gallery-item order_2\" href=\"http:\/\/nam-viet-voyage.com\/wp-content\/uploads\/2015\/01\/mui-ne.jpg\" title=\"mui ne\"><img loading=\"lazy\" decoding=\"async\" width=\"559\" height=\"333\" src=\"http:\/\/nam-viet-voyage.com\/wp-content\/uploads\/2015\/01\/mui-ne.jpg\" class=\"w-gallery-item-img\" alt=\"mui ne\" srcset=\"http:\/\/nam-viet-voyage.com\/wp-content\/uploads\/2015\/01\/mui-ne.jpg 559w, http:\/\/nam-viet-voyage.com\/wp-content\/uploads\/2015\/01\/mui-ne-300x179.jpg 300w, http:\/\/nam-viet-voyage.com\/wp-content\/uploads\/2015\/01\/mui-ne-150x89.jpg 150w\" sizes=\"auto, (max-width: 559px) 100vw, 559px\" \/><span class=\"w-gallery-item-hover\"><\/span><span class=\"w-gallery-item-title\">mui ne<\/span><\/a><a class=\"w-gallery-item order_3\" href=\"http:\/\/nam-viet-voyage.com\/wp-content\/uploads\/2015\/01\/mui-ne-plage-surf.jpg\" title=\"mui ne plage surf\"><img loading=\"lazy\" decoding=\"async\" width=\"561\" height=\"334\" src=\"http:\/\/nam-viet-voyage.com\/wp-content\/uploads\/2015\/01\/mui-ne-plage-surf.jpg\" class=\"w-gallery-item-img\" alt=\"mui ne plage surf\" srcset=\"http:\/\/nam-viet-voyage.com\/wp-content\/uploads\/2015\/01\/mui-ne-plage-surf.jpg 561w, http:\/\/nam-viet-voyage.com\/wp-content\/uploads\/2015\/01\/mui-ne-plage-surf-300x179.jpg 300w, http:\/\/nam-viet-voyage.com\/wp-content\/uploads\/2015\/01\/mui-ne-plage-surf-150x89.jpg 150w\" sizes=\"auto, (max-width: 561px) 100vw, 561px\" \/><span class=\"w-gallery-item-hover\"><\/span><span class=\"w-gallery-item-title\">mui ne plage surf<\/span><\/a><\/div><\/div>\n<\/div><\/div><\/div><\/section><section class=\"l-section wpb_row height_medium color_secondary\"><div class=\"l-section-h i-cf\"><div class=\"g-cols offset_small\"><div class=\" full-width\"><div class=\"g-cols wpb_row offset_small vc_inner \"><div class=\" full-width\">[vc_custom_heading text=\u00a0\u00bbPour tout projet ou information compl\u00e9mentaire, merci de nous contacter !\u00a0\u00bb font_container=\u00a0\u00bbtag:p|font_size:24|text_align:center\u00a0\u00bb google_fonts=\u00a0\u00bbfont_family:Nothing%20You%20Could%20Do%3Aregular|font_style:400%20regular%3A400%3Anormal\u00a0\u00bb]\n<div class=\"wpcf7 no-js\" id=\"wpcf7-f5977-o1\" lang=\"fr-FR\" dir=\"ltr\" data-wpcf7-id=\"5977\">\n<div class=\"screen-reader-response\"><p role=\"status\" aria-live=\"polite\" aria-atomic=\"true\"><\/p> <ul><\/ul><\/div>\n<form action=\"\/fr\/wp-json\/wp\/v2\/pages\/4291#wpcf7-f5977-o1\" method=\"post\" class=\"wpcf7-form init\" aria-label=\"Formulaire de contact\" novalidate=\"novalidate\" data-status=\"init\">\n<fieldset class=\"hidden-fields-container\"><input type=\"hidden\" name=\"_wpcf7\" value=\"5977\" \/><input type=\"hidden\" name=\"_wpcf7_version\" value=\"6.1.5\" \/><input type=\"hidden\" name=\"_wpcf7_locale\" value=\"fr_FR\" \/><input type=\"hidden\" name=\"_wpcf7_unit_tag\" value=\"wpcf7-f5977-o1\" \/><input type=\"hidden\" name=\"_wpcf7_container_post\" value=\"0\" \/><input type=\"hidden\" name=\"_wpcf7_posted_data_hash\" value=\"\" \/>\n<\/fieldset>\n<p>Votre Nom *\n<\/p>\n<p><span class=\"wpcf7-form-control-wrap\" data-name=\"your-name\"><input size=\"40\" maxlength=\"400\" class=\"wpcf7-form-control wpcf7-text wpcf7-validates-as-required\" aria-required=\"true\" aria-invalid=\"false\" value=\"\" type=\"text\" name=\"your-name\" \/><\/span>\n<\/p>\n<p>Votre Email *\n<\/p>\n<p><span class=\"wpcf7-form-control-wrap\" data-name=\"your-email\"><input size=\"40\" maxlength=\"400\" class=\"wpcf7-form-control wpcf7-email wpcf7-validates-as-required wpcf7-text wpcf7-validates-as-email\" aria-required=\"true\" aria-invalid=\"false\" value=\"\" type=\"email\" name=\"your-email\" \/><\/span>\n<\/p>\n<p>Votre Message *\n<\/p>\n<p><span class=\"wpcf7-form-control-wrap\" data-name=\"your-message\"><textarea cols=\"40\" rows=\"10\" maxlength=\"2000\" class=\"wpcf7-form-control wpcf7-textarea wpcf7-validates-as-required\" aria-required=\"true\" aria-invalid=\"false\" name=\"your-message\"><\/textarea><\/span>\n<\/p>\n<p><input class=\"wpcf7-form-control wpcf7-submit has-spinner\" type=\"submit\" value=\"Envoyer\" \/>\n<\/p><div class=\"wpcf7-response-output\" aria-hidden=\"true\"><\/div>\n<\/form>\n<\/div>\n<\/div><\/div><\/div><\/div><\/div><\/section>\n<p><a href=\"\/\/www.pinterest.com\/pin\/create\/button\/\" data-pin-do=\"buttonBookmark\" data-pin-color=\"red\" data-pin-height=\"128\"><img decoding=\"async\" src=\"\/\/assets.pinterest.com\/images\/pidgets\/pinit_fg_en_rect_red_28.png\" \/><\/a><\/p>","protected":false},"excerpt":{"rendered":"[vc_wp_custommenu nav_menu=\"175\" title=\"Les plus belles plages Vietnam &amp; Cambodge\"][vc_empty_space height=\"20px\"][vc_custom_heading text=\"Mui Ne\" font_container=\"tag:h2|font_size:26|text_align:center\" google_fonts=\"font_family:Droid%20Sans%3Aregular%2C700|font_style:400%20regular%3A400%3Anormal\"]Localisation : Vietnam Sud Meilleure p\u00e9riode : Novembre \u00e0 avril Caract\u00e9ristiques : \u00c0 environ 6 heures de...","protected":false},"author":2,"featured_media":0,"parent":0,"menu_order":0,"comment_status":"closed","ping_status":"closed","template":"","meta":{"_crdt_document":"","footnotes":""},"class_list":["post-4291","page","type-page","status-publish","hentry"],"yoast_head":"<!-- This site is optimized with the Yoast SEO plugin v27.4 - https:\/\/yoast.com\/product\/yoast-seo-wordpress\/ -->\n<title>Plages\u00a0: Mui Ne - Nam Viet Voyage<\/title>\n<meta name=\"description\" content=\"\u00c0 quelques encablures d&#039;H\u00f4 Chi Minh-Ville, Mui Ne est une destination baln\u00e9aire autant appr\u00e9ci\u00e9e pour son farniente que ses sports nautiques.\" \/>\n<meta name=\"robots\" content=\"index, follow, max-snippet:-1, max-image-preview:large, max-video-preview:-1\" \/>\n<link rel=\"canonical\" href=\"http:\/\/nam-viet-voyage.com\/fr\/mui-ne-phan-thiet\/\" \/>\n<meta property=\"og:locale\" content=\"fr_FR\" \/>\n<meta property=\"og:type\" content=\"article\" \/>\n<meta property=\"og:title\" content=\"Plages\u00a0: Mui Ne - Nam Viet Voyage\" \/>\n<meta property=\"og:description\" content=\"\u00c0 quelques encablures d&#039;H\u00f4 Chi Minh-Ville, Mui Ne est une destination baln\u00e9aire autant appr\u00e9ci\u00e9e pour son farniente que ses sports nautiques.\" \/>\n<meta property=\"og:url\" content=\"http:\/\/nam-viet-voyage.com\/fr\/mui-ne-phan-thiet\/\" \/>\n<meta property=\"og:site_name\" content=\"Nam Viet Voyage\" \/>\n<meta property=\"article:publisher\" content=\"https:\/\/www.facebook.com\/NamVietVoyage\" \/>\n<meta property=\"article:modified_time\" content=\"2016-05-25T07:45:03+00:00\" \/>\n<meta name=\"twitter:card\" content=\"summary_large_image\" \/>\n<meta name=\"twitter:site\" content=\"@NamVietVoyage\" \/>\n<meta name=\"twitter:label1\" content=\"Dur\u00e9e de lecture estim\u00e9e\" \/>\n\t<meta name=\"twitter:data1\" content=\"2 minutes\" \/>\n<script type=\"application\/ld+json\" class=\"yoast-schema-graph\">{\"@context\":\"https:\\\/\\\/schema.org\",\"@graph\":[{\"@type\":\"WebPage\",\"@id\":\"http:\\\/\\\/nam-viet-voyage.com\\\/fr\\\/mui-ne-phan-thiet\\\/\",\"url\":\"http:\\\/\\\/nam-viet-voyage.com\\\/fr\\\/mui-ne-phan-thiet\\\/\",\"name\":\"Plages\u00a0: Mui Ne - Nam Viet Voyage\",\"isPartOf\":{\"@id\":\"https:\\\/\\\/nam-viet-voyage.com\\\/fr\\\/#website\"},\"datePublished\":\"2015-01-22T03:50:08+00:00\",\"dateModified\":\"2016-05-25T07:45:03+00:00\",\"description\":\"\u00c0 quelques encablures d'H\u00f4 Chi Minh-Ville, Mui Ne est une destination baln\u00e9aire autant appr\u00e9ci\u00e9e pour son farniente que ses sports nautiques.\",\"breadcrumb\":{\"@id\":\"http:\\\/\\\/nam-viet-voyage.com\\\/fr\\\/mui-ne-phan-thiet\\\/#breadcrumb\"},\"inLanguage\":\"fr-FR\",\"potentialAction\":[{\"@type\":\"ReadAction\",\"target\":[\"http:\\\/\\\/nam-viet-voyage.com\\\/fr\\\/mui-ne-phan-thiet\\\/\"]}]},{\"@type\":\"BreadcrumbList\",\"@id\":\"http:\\\/\\\/nam-viet-voyage.com\\\/fr\\\/mui-ne-phan-thiet\\\/#breadcrumb\",\"itemListElement\":[{\"@type\":\"ListItem\",\"position\":1,\"name\":\"Home\",\"item\":\"https:\\\/\\\/nam-viet-voyage.com\\\/fr\\\/\"},{\"@type\":\"ListItem\",\"position\":2,\"name\":\"Plages\u00a0: Mui Ne\"}]},{\"@type\":\"WebSite\",\"@id\":\"https:\\\/\\\/nam-viet-voyage.com\\\/fr\\\/#website\",\"url\":\"https:\\\/\\\/nam-viet-voyage.com\\\/fr\\\/\",\"name\":\"Nam Viet Voyage\",\"description\":\"Voyages en Asie du Sud-Est\",\"potentialAction\":[{\"@type\":\"SearchAction\",\"target\":{\"@type\":\"EntryPoint\",\"urlTemplate\":\"https:\\\/\\\/nam-viet-voyage.com\\\/fr\\\/?s={search_term_string}\"},\"query-input\":{\"@type\":\"PropertyValueSpecification\",\"valueRequired\":true,\"valueName\":\"search_term_string\"}}],\"inLanguage\":\"fr-FR\"}]}<\/script>\n<!-- \/ Yoast SEO plugin. -->","yoast_head_json":{"title":"Plages\u00a0: Mui Ne - Nam Viet Voyage","description":"\u00c0 quelques encablures d'H\u00f4 Chi Minh-Ville, Mui Ne est une destination baln\u00e9aire autant appr\u00e9ci\u00e9e pour son farniente que ses sports nautiques.","robots":{"index":"index","follow":"follow","max-snippet":"max-snippet:-1","max-image-preview":"max-image-preview:large","max-video-preview":"max-video-preview:-1"},"canonical":"http:\/\/nam-viet-voyage.com\/fr\/mui-ne-phan-thiet\/","og_locale":"fr_FR","og_type":"article","og_title":"Plages\u00a0: Mui Ne - Nam Viet Voyage","og_description":"\u00c0 quelques encablures d'H\u00f4 Chi Minh-Ville, Mui Ne est une destination baln\u00e9aire autant appr\u00e9ci\u00e9e pour son farniente que ses sports nautiques.","og_url":"http:\/\/nam-viet-voyage.com\/fr\/mui-ne-phan-thiet\/","og_site_name":"Nam Viet Voyage","article_publisher":"https:\/\/www.facebook.com\/NamVietVoyage","article_modified_time":"2016-05-25T07:45:03+00:00","twitter_card":"summary_large_image","twitter_site":"@NamVietVoyage","twitter_misc":{"Dur\u00e9e de lecture estim\u00e9e":"2 minutes"},"schema":{"@context":"https:\/\/schema.org","@graph":[{"@type":"WebPage","@id":"http:\/\/nam-viet-voyage.com\/fr\/mui-ne-phan-thiet\/","url":"http:\/\/nam-viet-voyage.com\/fr\/mui-ne-phan-thiet\/","name":"Plages\u00a0: Mui Ne - Nam Viet Voyage","isPartOf":{"@id":"https:\/\/nam-viet-voyage.com\/fr\/#website"},"datePublished":"2015-01-22T03:50:08+00:00","dateModified":"2016-05-25T07:45:03+00:00","description":"\u00c0 quelques encablures d'H\u00f4 Chi Minh-Ville, Mui Ne est une destination baln\u00e9aire autant appr\u00e9ci\u00e9e pour son farniente que ses sports nautiques.","breadcrumb":{"@id":"http:\/\/nam-viet-voyage.com\/fr\/mui-ne-phan-thiet\/#breadcrumb"},"inLanguage":"fr-FR","potentialAction":[{"@type":"ReadAction","target":["http:\/\/nam-viet-voyage.com\/fr\/mui-ne-phan-thiet\/"]}]},{"@type":"BreadcrumbList","@id":"http:\/\/nam-viet-voyage.com\/fr\/mui-ne-phan-thiet\/#breadcrumb","itemListElement":[{"@type":"ListItem","position":1,"name":"Home","item":"https:\/\/nam-viet-voyage.com\/fr\/"},{"@type":"ListItem","position":2,"name":"Plages\u00a0: Mui Ne"}]},{"@type":"WebSite","@id":"https:\/\/nam-viet-voyage.com\/fr\/#website","url":"https:\/\/nam-viet-voyage.com\/fr\/","name":"Nam Viet Voyage","description":"Voyages en Asie du Sud-Est","potentialAction":[{"@type":"SearchAction","target":{"@type":"EntryPoint","urlTemplate":"https:\/\/nam-viet-voyage.com\/fr\/?s={search_term_string}"},"query-input":{"@type":"PropertyValueSpecification","valueRequired":true,"valueName":"search_term_string"}}],"inLanguage":"fr-FR"}]}},"_links":{"self":[{"href":"http:\/\/nam-viet-voyage.com\/fr\/wp-json\/wp\/v2\/pages\/4291","targetHints":{"allow":["GET"]}}],"collection":[{"href":"http:\/\/nam-viet-voyage.com\/fr\/wp-json\/wp\/v2\/pages"}],"about":[{"href":"http:\/\/nam-viet-voyage.com\/fr\/wp-json\/wp\/v2\/types\/page"}],"author":[{"embeddable":true,"href":"http:\/\/nam-viet-voyage.com\/fr\/wp-json\/wp\/v2\/users\/2"}],"replies":[{"embeddable":true,"href":"http:\/\/nam-viet-voyage.com\/fr\/wp-json\/wp\/v2\/comments?post=4291"}],"version-history":[{"count":11,"href":"http:\/\/nam-viet-voyage.com\/fr\/wp-json\/wp\/v2\/pages\/4291\/revisions"}],"predecessor-version":[{"id":9686,"href":"http:\/\/nam-viet-voyage.com\/fr\/wp-json\/wp\/v2\/pages\/4291\/revisions\/9686"}],"wp:attachment":[{"href":"http:\/\/nam-viet-voyage.com\/fr\/wp-json\/wp\/v2\/media?parent=4291"}],"curies":[{"name":"wp","href":"https:\/\/api.w.org\/{rel}","templated":true}]}}