{"id":4289,"date":"2015-01-22T03:47:55","date_gmt":"2015-01-22T03:47:55","guid":{"rendered":"http:\/\/nam-viet-voyage.com\/?page_id=4289"},"modified":"2016-05-25T07:45:03","modified_gmt":"2016-05-25T07:45:03","slug":"nha-trang-les-plus-belles-plages","status":"publish","type":"page","link":"http:\/\/nam-viet-voyage.com\/fr\/nha-trang-les-plus-belles-plages\/","title":{"rendered":"Plages\u00a0: Nha Trang"},"content":{"rendered":"<section class=\"l-section wpb_row height_medium\"><div class=\"l-section-h i-cf\"><div class=\"g-cols offset_small\"><div class=\" one-quarter\">[vc_wp_custommenu nav_menu=\u00a0\u00bb175&Prime; title=\u00a0\u00bbLes plus belles plages Vietnam &amp; Cambodge\u00a0\u00bb]<\/div><div class=\" three-quarters\"><div class=\"w-image  align_center\"><img loading=\"lazy\" decoding=\"async\" width=\"730\" height=\"200\" src=\"http:\/\/nam-viet-voyage.com\/wp-content\/uploads\/2015\/01\/nha-trang-destination.png\" class=\"attachment-full size-full\" alt=\"Polaroids photos Nha Trang\" srcset=\"http:\/\/nam-viet-voyage.com\/wp-content\/uploads\/2015\/01\/nha-trang-destination.png 730w, http:\/\/nam-viet-voyage.com\/wp-content\/uploads\/2015\/01\/nha-trang-destination-300x82.png 300w, http:\/\/nam-viet-voyage.com\/wp-content\/uploads\/2015\/01\/nha-trang-destination-600x164.png 600w, http:\/\/nam-viet-voyage.com\/wp-content\/uploads\/2015\/01\/nha-trang-destination-150x41.png 150w\" sizes=\"auto, (max-width: 730px) 100vw, 730px\" \/><\/div>[vc_empty_space height=\u00a0\u00bb20px\u00a0\u00bb][vc_custom_heading text=\u00a0\u00bbNha Trang\u00a0\u00bb font_container=\u00a0\u00bbtag:h2|font_size:26|text_align:center\u00a0\u00bb google_fonts=\u00a0\u00bbfont_family:Droid%20Sans%3Aregular%2C700|font_style:400%20regular%3A400%3Anormal\u00a0\u00bb]<div class=\"wpb_text_column \"><div class=\"wpb_wrapper\"><strong>Localisation :<\/strong> Vietnam centre<\/p>\n<p><strong>Meilleure p\u00e9riode :<\/strong> Avril \u00e0 ao\u00fbt<\/p>\n<p><strong>Caract\u00e9ristiques :<\/strong> Au centre du pays, la station baln\u00e9aire de Nha Trang attire les touristes depuis l&rsquo;\u00e9poque de l&rsquo;Indochine fran\u00e7aise et d&rsquo;<a href=\"http:\/\/nam-viet-voyage.com\/alexandre-yersin-le-medecin-explorateur\/\" target=\"_blank\">Alexandre Yersin<\/a>. Ses 6 km de plage de sable fin \u00e0 l&rsquo;eau limpide sont bord\u00e9s de cocotiers et de restaurants. Dans le centre ville, les luxueux resorts se succ\u00e8dent le long de la plage principale, o\u00f9 se concentrent de nombreuses activit\u00e9s. \u00c0 quelques kilom\u00e8tres, des plages secondaires sont moins fr\u00e9quent\u00e9es, comme Bai Dai, superbe \u00e9tendue de sable blanc. Nha Trang constitue en outre un v\u00e9ritable paradis pour les mordus de sports nautiques. Il est possible d&rsquo;y pratiquer le surf, le kite-surf, le kayak, la planche \u00e0 voile ou encore le wakeboard et le ski nautique.<\/p>\n<p><a href=\"http:\/\/nam-viet-voyage.com\/nha-trang\/\" target=\"_blank\">Tout savoir sur Nha Trang<\/a><\/div> <\/div> <\/div><\/div><\/div><\/section><section class=\"l-section wpb_row height_medium\"><div class=\"l-section-h i-cf\"><div class=\"g-cols offset_small\"><div class=\" full-width\"><div class=\"w-gallery layout_default cols_3 with_indents link_media\"><div class=\"w-gallery-list\"><a class=\"w-gallery-item order_1\" href=\"http:\/\/nam-viet-voyage.com\/wp-content\/uploads\/2015\/01\/nha-trang1.jpg\" title=\"nha trang plage\"><img loading=\"lazy\" decoding=\"async\" width=\"560\" height=\"363\" src=\"http:\/\/nam-viet-voyage.com\/wp-content\/uploads\/2015\/01\/nha-trang1.jpg\" class=\"w-gallery-item-img\" alt=\"nha trang plage\" srcset=\"http:\/\/nam-viet-voyage.com\/wp-content\/uploads\/2015\/01\/nha-trang1.jpg 560w, http:\/\/nam-viet-voyage.com\/wp-content\/uploads\/2015\/01\/nha-trang1-300x194.jpg 300w, http:\/\/nam-viet-voyage.com\/wp-content\/uploads\/2015\/01\/nha-trang1-150x97.jpg 150w\" sizes=\"auto, (max-width: 560px) 100vw, 560px\" \/><span class=\"w-gallery-item-hover\"><\/span><span class=\"w-gallery-item-title\">nha trang plage<\/span><\/a><a class=\"w-gallery-item order_2\" href=\"http:\/\/nam-viet-voyage.com\/wp-content\/uploads\/2015\/01\/nha-trang-plage1.jpg\" title=\"nha trang balneaire\"><img loading=\"lazy\" decoding=\"async\" width=\"560\" height=\"365\" src=\"http:\/\/nam-viet-voyage.com\/wp-content\/uploads\/2015\/01\/nha-trang-plage1.jpg\" class=\"w-gallery-item-img\" alt=\"nha trang balneaire\" srcset=\"http:\/\/nam-viet-voyage.com\/wp-content\/uploads\/2015\/01\/nha-trang-plage1.jpg 560w, http:\/\/nam-viet-voyage.com\/wp-content\/uploads\/2015\/01\/nha-trang-plage1-300x196.jpg 300w, http:\/\/nam-viet-voyage.com\/wp-content\/uploads\/2015\/01\/nha-trang-plage1-150x98.jpg 150w\" sizes=\"auto, (max-width: 560px) 100vw, 560px\" \/><span class=\"w-gallery-item-hover\"><\/span><span class=\"w-gallery-item-title\">nha trang balneaire<\/span><\/a><a class=\"w-gallery-item order_3\" href=\"http:\/\/nam-viet-voyage.com\/wp-content\/uploads\/2015\/01\/plongee-nha-trang.jpg\" title=\"nha trang plongee\"><img loading=\"lazy\" decoding=\"async\" width=\"559\" height=\"363\" src=\"http:\/\/nam-viet-voyage.com\/wp-content\/uploads\/2015\/01\/plongee-nha-trang.jpg\" class=\"w-gallery-item-img\" alt=\"nha trang plongee\" srcset=\"http:\/\/nam-viet-voyage.com\/wp-content\/uploads\/2015\/01\/plongee-nha-trang.jpg 559w, http:\/\/nam-viet-voyage.com\/wp-content\/uploads\/2015\/01\/plongee-nha-trang-300x195.jpg 300w, http:\/\/nam-viet-voyage.com\/wp-content\/uploads\/2015\/01\/plongee-nha-trang-150x97.jpg 150w\" sizes=\"auto, (max-width: 559px) 100vw, 559px\" \/><span class=\"w-gallery-item-hover\"><\/span><span class=\"w-gallery-item-title\">nha trang plongee<\/span><\/a><\/div><\/div>\n<\/div><\/div><\/div><\/section><section class=\"l-section wpb_row height_medium color_secondary\"><div class=\"l-section-h i-cf\"><div class=\"g-cols offset_small\"><div class=\" full-width\"><div class=\"g-cols wpb_row offset_small vc_inner \"><div class=\" full-width\">[vc_custom_heading text=\u00a0\u00bbPour tout projet ou information compl\u00e9mentaire, merci de nous contacter !\u00a0\u00bb font_container=\u00a0\u00bbtag:p|font_size:24|text_align:center\u00a0\u00bb google_fonts=\u00a0\u00bbfont_family:Nothing%20You%20Could%20Do%3Aregular|font_style:400%20regular%3A400%3Anormal\u00a0\u00bb]<\/div><\/div>\n<div class=\"wpcf7 no-js\" id=\"wpcf7-f5977-o1\" lang=\"fr-FR\" dir=\"ltr\" data-wpcf7-id=\"5977\">\n<div class=\"screen-reader-response\"><p role=\"status\" aria-live=\"polite\" aria-atomic=\"true\"><\/p> <ul><\/ul><\/div>\n<form action=\"\/fr\/wp-json\/wp\/v2\/pages\/4289#wpcf7-f5977-o1\" method=\"post\" class=\"wpcf7-form init\" aria-label=\"Formulaire de contact\" novalidate=\"novalidate\" data-status=\"init\">\n<fieldset class=\"hidden-fields-container\"><input type=\"hidden\" name=\"_wpcf7\" value=\"5977\" \/><input type=\"hidden\" name=\"_wpcf7_version\" value=\"6.1.5\" \/><input type=\"hidden\" name=\"_wpcf7_locale\" value=\"fr_FR\" \/><input type=\"hidden\" name=\"_wpcf7_unit_tag\" value=\"wpcf7-f5977-o1\" \/><input type=\"hidden\" name=\"_wpcf7_container_post\" value=\"0\" \/><input type=\"hidden\" name=\"_wpcf7_posted_data_hash\" value=\"\" \/>\n<\/fieldset>\n<p>Votre Nom *\n<\/p>\n<p><span class=\"wpcf7-form-control-wrap\" data-name=\"your-name\"><input size=\"40\" maxlength=\"400\" class=\"wpcf7-form-control wpcf7-text wpcf7-validates-as-required\" aria-required=\"true\" aria-invalid=\"false\" value=\"\" type=\"text\" name=\"your-name\" \/><\/span>\n<\/p>\n<p>Votre Email *\n<\/p>\n<p><span class=\"wpcf7-form-control-wrap\" data-name=\"your-email\"><input size=\"40\" maxlength=\"400\" class=\"wpcf7-form-control wpcf7-email wpcf7-validates-as-required wpcf7-text wpcf7-validates-as-email\" aria-required=\"true\" aria-invalid=\"false\" value=\"\" type=\"email\" name=\"your-email\" \/><\/span>\n<\/p>\n<p>Votre Message *\n<\/p>\n<p><span class=\"wpcf7-form-control-wrap\" data-name=\"your-message\"><textarea cols=\"40\" rows=\"10\" maxlength=\"2000\" class=\"wpcf7-form-control wpcf7-textarea wpcf7-validates-as-required\" aria-required=\"true\" aria-invalid=\"false\" name=\"your-message\"><\/textarea><\/span>\n<\/p>\n<p><input class=\"wpcf7-form-control wpcf7-submit has-spinner\" type=\"submit\" value=\"Envoyer\" \/>\n<\/p><div class=\"wpcf7-response-output\" aria-hidden=\"true\"><\/div>\n<\/form>\n<\/div>\n<\/div><\/div><\/div><\/section>\n<p><a href=\"\/\/www.pinterest.com\/pin\/create\/button\/\" data-pin-do=\"buttonBookmark\" data-pin-color=\"red\" data-pin-height=\"128\"><img decoding=\"async\" src=\"\/\/assets.pinterest.com\/images\/pidgets\/pinit_fg_en_rect_red_28.png\" \/><\/a><\/p>","protected":false},"excerpt":{"rendered":"[vc_wp_custommenu nav_menu=\"175\" title=\"Les plus belles plages Vietnam &amp; Cambodge\"][vc_empty_space height=\"20px\"][vc_custom_heading text=\"Nha Trang\" font_container=\"tag:h2|font_size:26|text_align:center\" google_fonts=\"font_family:Droid%20Sans%3Aregular%2C700|font_style:400%20regular%3A400%3Anormal\"]Localisation : Vietnam centre Meilleure p\u00e9riode : Avril \u00e0 ao\u00fbt Caract\u00e9ristiques : Au centre du pays, la...","protected":false},"author":2,"featured_media":0,"parent":0,"menu_order":0,"comment_status":"closed","ping_status":"closed","template":"","meta":{"_crdt_document":"","footnotes":""},"class_list":["post-4289","page","type-page","status-publish","hentry"],"yoast_head":"<!-- This site is optimized with the Yoast SEO plugin v26.9 - https:\/\/yoast.com\/product\/yoast-seo-wordpress\/ -->\n<title>Plages\u00a0: Nha Trang - Nam Viet Voyage<\/title>\n<meta name=\"description\" content=\"La station baln\u00e9aire de Nha Trang est le lieu id\u00e9al pour faire une pause plage et sport nautique lors d&#039;un voyage au Vietnam.\" \/>\n<meta name=\"robots\" content=\"index, follow, max-snippet:-1, max-image-preview:large, max-video-preview:-1\" \/>\n<link rel=\"canonical\" href=\"http:\/\/nam-viet-voyage.com\/fr\/nha-trang-les-plus-belles-plages\/\" \/>\n<meta property=\"og:locale\" content=\"fr_FR\" \/>\n<meta property=\"og:type\" content=\"article\" \/>\n<meta property=\"og:title\" content=\"Plages\u00a0: Nha Trang - Nam Viet Voyage\" \/>\n<meta property=\"og:description\" content=\"La station baln\u00e9aire de Nha Trang est le lieu id\u00e9al pour faire une pause plage et sport nautique lors d&#039;un voyage au Vietnam.\" \/>\n<meta property=\"og:url\" content=\"http:\/\/nam-viet-voyage.com\/fr\/nha-trang-les-plus-belles-plages\/\" \/>\n<meta property=\"og:site_name\" content=\"Nam Viet Voyage\" \/>\n<meta property=\"article:publisher\" content=\"https:\/\/www.facebook.com\/NamVietVoyage\" \/>\n<meta property=\"article:modified_time\" content=\"2016-05-25T07:45:03+00:00\" \/>\n<meta name=\"twitter:card\" content=\"summary_large_image\" \/>\n<meta name=\"twitter:site\" content=\"@NamVietVoyage\" \/>\n<meta name=\"twitter:label1\" content=\"Dur\u00e9e de lecture estim\u00e9e\" \/>\n\t<meta name=\"twitter:data1\" content=\"2 minutes\" \/>\n<script type=\"application\/ld+json\" class=\"yoast-schema-graph\">{\"@context\":\"https:\/\/schema.org\",\"@graph\":[{\"@type\":\"WebPage\",\"@id\":\"http:\/\/nam-viet-voyage.com\/fr\/nha-trang-les-plus-belles-plages\/\",\"url\":\"http:\/\/nam-viet-voyage.com\/fr\/nha-trang-les-plus-belles-plages\/\",\"name\":\"Plages\u00a0: Nha Trang - Nam Viet Voyage\",\"isPartOf\":{\"@id\":\"http:\/\/nam-viet-voyage.com\/fr\/#website\"},\"datePublished\":\"2015-01-22T03:47:55+00:00\",\"dateModified\":\"2016-05-25T07:45:03+00:00\",\"description\":\"La station baln\u00e9aire de Nha Trang est le lieu id\u00e9al pour faire une pause plage et sport nautique lors d'un voyage au Vietnam.\",\"breadcrumb\":{\"@id\":\"http:\/\/nam-viet-voyage.com\/fr\/nha-trang-les-plus-belles-plages\/#breadcrumb\"},\"inLanguage\":\"fr-FR\",\"potentialAction\":[{\"@type\":\"ReadAction\",\"target\":[\"http:\/\/nam-viet-voyage.com\/fr\/nha-trang-les-plus-belles-plages\/\"]}]},{\"@type\":\"BreadcrumbList\",\"@id\":\"http:\/\/nam-viet-voyage.com\/fr\/nha-trang-les-plus-belles-plages\/#breadcrumb\",\"itemListElement\":[{\"@type\":\"ListItem\",\"position\":1,\"name\":\"Home\",\"item\":\"http:\/\/nam-viet-voyage.com\/fr\/\"},{\"@type\":\"ListItem\",\"position\":2,\"name\":\"Plages\u00a0: Nha Trang\"}]},{\"@type\":\"WebSite\",\"@id\":\"http:\/\/nam-viet-voyage.com\/fr\/#website\",\"url\":\"http:\/\/nam-viet-voyage.com\/fr\/\",\"name\":\"Nam Viet Voyage\",\"description\":\"Voyages en Asie du Sud-Est\",\"potentialAction\":[{\"@type\":\"SearchAction\",\"target\":{\"@type\":\"EntryPoint\",\"urlTemplate\":\"http:\/\/nam-viet-voyage.com\/fr\/?s={search_term_string}\"},\"query-input\":{\"@type\":\"PropertyValueSpecification\",\"valueRequired\":true,\"valueName\":\"search_term_string\"}}],\"inLanguage\":\"fr-FR\"}]}<\/script>\n<!-- \/ Yoast SEO plugin. -->","yoast_head_json":{"title":"Plages\u00a0: Nha Trang - Nam Viet Voyage","description":"La station baln\u00e9aire de Nha Trang est le lieu id\u00e9al pour faire une pause plage et sport nautique lors d'un voyage au Vietnam.","robots":{"index":"index","follow":"follow","max-snippet":"max-snippet:-1","max-image-preview":"max-image-preview:large","max-video-preview":"max-video-preview:-1"},"canonical":"http:\/\/nam-viet-voyage.com\/fr\/nha-trang-les-plus-belles-plages\/","og_locale":"fr_FR","og_type":"article","og_title":"Plages\u00a0: Nha Trang - Nam Viet Voyage","og_description":"La station baln\u00e9aire de Nha Trang est le lieu id\u00e9al pour faire une pause plage et sport nautique lors d'un voyage au Vietnam.","og_url":"http:\/\/nam-viet-voyage.com\/fr\/nha-trang-les-plus-belles-plages\/","og_site_name":"Nam Viet Voyage","article_publisher":"https:\/\/www.facebook.com\/NamVietVoyage","article_modified_time":"2016-05-25T07:45:03+00:00","twitter_card":"summary_large_image","twitter_site":"@NamVietVoyage","twitter_misc":{"Dur\u00e9e de lecture estim\u00e9e":"2 minutes"},"schema":{"@context":"https:\/\/schema.org","@graph":[{"@type":"WebPage","@id":"http:\/\/nam-viet-voyage.com\/fr\/nha-trang-les-plus-belles-plages\/","url":"http:\/\/nam-viet-voyage.com\/fr\/nha-trang-les-plus-belles-plages\/","name":"Plages\u00a0: Nha Trang - Nam Viet Voyage","isPartOf":{"@id":"http:\/\/nam-viet-voyage.com\/fr\/#website"},"datePublished":"2015-01-22T03:47:55+00:00","dateModified":"2016-05-25T07:45:03+00:00","description":"La station baln\u00e9aire de Nha Trang est le lieu id\u00e9al pour faire une pause plage et sport nautique lors d'un voyage au Vietnam.","breadcrumb":{"@id":"http:\/\/nam-viet-voyage.com\/fr\/nha-trang-les-plus-belles-plages\/#breadcrumb"},"inLanguage":"fr-FR","potentialAction":[{"@type":"ReadAction","target":["http:\/\/nam-viet-voyage.com\/fr\/nha-trang-les-plus-belles-plages\/"]}]},{"@type":"BreadcrumbList","@id":"http:\/\/nam-viet-voyage.com\/fr\/nha-trang-les-plus-belles-plages\/#breadcrumb","itemListElement":[{"@type":"ListItem","position":1,"name":"Home","item":"http:\/\/nam-viet-voyage.com\/fr\/"},{"@type":"ListItem","position":2,"name":"Plages\u00a0: Nha Trang"}]},{"@type":"WebSite","@id":"http:\/\/nam-viet-voyage.com\/fr\/#website","url":"http:\/\/nam-viet-voyage.com\/fr\/","name":"Nam Viet Voyage","description":"Voyages en Asie du Sud-Est","potentialAction":[{"@type":"SearchAction","target":{"@type":"EntryPoint","urlTemplate":"http:\/\/nam-viet-voyage.com\/fr\/?s={search_term_string}"},"query-input":{"@type":"PropertyValueSpecification","valueRequired":true,"valueName":"search_term_string"}}],"inLanguage":"fr-FR"}]}},"_links":{"self":[{"href":"http:\/\/nam-viet-voyage.com\/fr\/wp-json\/wp\/v2\/pages\/4289","targetHints":{"allow":["GET"]}}],"collection":[{"href":"http:\/\/nam-viet-voyage.com\/fr\/wp-json\/wp\/v2\/pages"}],"about":[{"href":"http:\/\/nam-viet-voyage.com\/fr\/wp-json\/wp\/v2\/types\/page"}],"author":[{"embeddable":true,"href":"http:\/\/nam-viet-voyage.com\/fr\/wp-json\/wp\/v2\/users\/2"}],"replies":[{"embeddable":true,"href":"http:\/\/nam-viet-voyage.com\/fr\/wp-json\/wp\/v2\/comments?post=4289"}],"version-history":[{"count":14,"href":"http:\/\/nam-viet-voyage.com\/fr\/wp-json\/wp\/v2\/pages\/4289\/revisions"}],"predecessor-version":[{"id":9687,"href":"http:\/\/nam-viet-voyage.com\/fr\/wp-json\/wp\/v2\/pages\/4289\/revisions\/9687"}],"wp:attachment":[{"href":"http:\/\/nam-viet-voyage.com\/fr\/wp-json\/wp\/v2\/media?parent=4289"}],"curies":[{"name":"wp","href":"https:\/\/api.w.org\/{rel}","templated":true}]}}