{"id":4286,"date":"2015-01-22T03:46:44","date_gmt":"2015-01-22T03:46:44","guid":{"rendered":"http:\/\/nam-viet-voyage.com\/?page_id=4286"},"modified":"2016-05-25T07:45:03","modified_gmt":"2016-05-25T07:45:03","slug":"phu-quoc-les-plus-belles-plages","status":"publish","type":"page","link":"http:\/\/nam-viet-voyage.com\/fr\/phu-quoc-les-plus-belles-plages\/","title":{"rendered":"Plages : Phu Quoc"},"content":{"rendered":"<section class=\"l-section wpb_row height_medium\"><div class=\"l-section-h i-cf\"><div class=\"g-cols offset_small\"><div class=\" one-quarter\">[vc_wp_custommenu nav_menu=\u00a0\u00bb175&Prime; title=\u00a0\u00bbLes plus belles plages Vietnam &amp; Cambodge\u00a0\u00bb]<\/div><div class=\" three-quarters\"><div class=\"w-image  align_center\"><img loading=\"lazy\" decoding=\"async\" width=\"730\" height=\"200\" src=\"http:\/\/nam-viet-voyage.com\/wp-content\/uploads\/2015\/01\/phu-quoc-destination.png\" class=\"attachment-full size-full\" alt=\"phu-quoc-destination\" srcset=\"http:\/\/nam-viet-voyage.com\/wp-content\/uploads\/2015\/01\/phu-quoc-destination.png 730w, http:\/\/nam-viet-voyage.com\/wp-content\/uploads\/2015\/01\/phu-quoc-destination-300x82.png 300w, http:\/\/nam-viet-voyage.com\/wp-content\/uploads\/2015\/01\/phu-quoc-destination-600x164.png 600w, http:\/\/nam-viet-voyage.com\/wp-content\/uploads\/2015\/01\/phu-quoc-destination-150x41.png 150w\" sizes=\"auto, (max-width: 730px) 100vw, 730px\" \/><\/div>[vc_empty_space height=\u00a0\u00bb20px\u00a0\u00bb][vc_custom_heading text=\u00a0\u00bbL&rsquo;\u00eele de Phu Quoc \u00a0\u00bb font_container=\u00a0\u00bbtag:h2|font_size:26|text_align:center\u00a0\u00bb google_fonts=\u00a0\u00bbfont_family:Droid%20Sans%3Aregular%2C700|font_style:400%20regular%3A400%3Anormal\u00a0\u00bb]<div class=\"wpb_text_column \"><div class=\"wpb_wrapper\"><strong>Localisation :<\/strong> Vietnam Sud<\/p>\n<p><strong>Meilleure p\u00e9riode :<\/strong> Novembre \u00e0 avril<\/p>\n<p><strong>Caract\u00e9ristiques :<\/strong> Dans le golfe de Tha\u00eflande, l&rsquo;\u00eele de Phu Quoc \u00e9tend ses plages paradisiaques au bord d&rsquo;une eau turquoise. Tous les \u00e9l\u00e9ments sont r\u00e9unis pour passer un s\u00e9jour idyllique. Le lieu respire la tranquillit\u00e9, et les superbes plages de Bai Sao et de Bai Kem, \u00e9pargn\u00e9es des touristes, demeurent \u00e0 l&rsquo;\u00e9tat presque sauvage. L&rsquo;\u00eele regorge d&rsquo;activit\u00e9s baln\u00e9aires : plong\u00e9e en masque et tuba ou bouteille, kayak, ou encore tour en bateau de p\u00eache. Phu Quoc est en outre tr\u00e8s r\u00e9put\u00e9e pour son poivre noir, sa sauce<em> <a href=\"http:\/\/nam-viet-voyage.com\/nuoc-mam\/\" target=\"_blank\">nuoc mam<\/a><\/em> et ses perles de culture.<\/p>\n<p><a href=\"http:\/\/nam-viet-voyage.com\/phu-quoc\/\" target=\"_blank\">Tout savoir sur Phu Quoc<\/a><\/div> <\/div> <\/div><\/div><\/div><\/section><section class=\"l-section wpb_row height_medium\"><div class=\"l-section-h i-cf\"><div class=\"g-cols offset_small\"><div class=\" full-width\"><div class=\"w-gallery layout_default cols_3 with_indents link_media\"><div class=\"w-gallery-list\"><a class=\"w-gallery-item order_1\" href=\"http:\/\/nam-viet-voyage.com\/wp-content\/uploads\/2015\/01\/phu-quoc-coconut.jpg\" title=\"phu-quoc-coconut\"><img loading=\"lazy\" decoding=\"async\" width=\"559\" height=\"360\" src=\"http:\/\/nam-viet-voyage.com\/wp-content\/uploads\/2015\/01\/phu-quoc-coconut.jpg\" class=\"w-gallery-item-img\" alt=\"\" srcset=\"http:\/\/nam-viet-voyage.com\/wp-content\/uploads\/2015\/01\/phu-quoc-coconut.jpg 559w, http:\/\/nam-viet-voyage.com\/wp-content\/uploads\/2015\/01\/phu-quoc-coconut-300x193.jpg 300w, http:\/\/nam-viet-voyage.com\/wp-content\/uploads\/2015\/01\/phu-quoc-coconut-150x97.jpg 150w\" sizes=\"auto, (max-width: 559px) 100vw, 559px\" \/><span class=\"w-gallery-item-hover\"><\/span><span class=\"w-gallery-item-title\">phu-quoc-coconut<\/span><\/a><a class=\"w-gallery-item order_2\" href=\"http:\/\/nam-viet-voyage.com\/wp-content\/uploads\/2015\/01\/tour-phu-quoc-bateau.jpg\" title=\"tour-phu-quoc-bateau\"><img loading=\"lazy\" decoding=\"async\" width=\"560\" height=\"361\" src=\"http:\/\/nam-viet-voyage.com\/wp-content\/uploads\/2015\/01\/tour-phu-quoc-bateau.jpg\" class=\"w-gallery-item-img\" alt=\"\" srcset=\"http:\/\/nam-viet-voyage.com\/wp-content\/uploads\/2015\/01\/tour-phu-quoc-bateau.jpg 560w, http:\/\/nam-viet-voyage.com\/wp-content\/uploads\/2015\/01\/tour-phu-quoc-bateau-300x193.jpg 300w, http:\/\/nam-viet-voyage.com\/wp-content\/uploads\/2015\/01\/tour-phu-quoc-bateau-150x97.jpg 150w\" sizes=\"auto, (max-width: 560px) 100vw, 560px\" \/><span class=\"w-gallery-item-hover\"><\/span><span class=\"w-gallery-item-title\">tour-phu-quoc-bateau<\/span><\/a><a class=\"w-gallery-item order_3\" href=\"http:\/\/nam-viet-voyage.com\/wp-content\/uploads\/2015\/01\/phu-quoc-cocotier.jpg\" title=\"phu-quoc-cocotier\"><img loading=\"lazy\" decoding=\"async\" width=\"560\" height=\"361\" src=\"http:\/\/nam-viet-voyage.com\/wp-content\/uploads\/2015\/01\/phu-quoc-cocotier.jpg\" class=\"w-gallery-item-img\" alt=\"\" srcset=\"http:\/\/nam-viet-voyage.com\/wp-content\/uploads\/2015\/01\/phu-quoc-cocotier.jpg 560w, http:\/\/nam-viet-voyage.com\/wp-content\/uploads\/2015\/01\/phu-quoc-cocotier-300x193.jpg 300w, http:\/\/nam-viet-voyage.com\/wp-content\/uploads\/2015\/01\/phu-quoc-cocotier-150x97.jpg 150w\" sizes=\"auto, (max-width: 560px) 100vw, 560px\" \/><span class=\"w-gallery-item-hover\"><\/span><span class=\"w-gallery-item-title\">phu-quoc-cocotier<\/span><\/a><\/div><\/div>\n<\/div><\/div><\/div><\/section><section class=\"l-section wpb_row height_medium color_secondary\"><div class=\"l-section-h i-cf\"><div class=\"g-cols offset_small\"><div class=\" full-width\"><div class=\"g-cols wpb_row offset_small vc_inner \"><div class=\" full-width\">[vc_custom_heading text=\u00a0\u00bbPour tout projet ou information compl\u00e9mentaire, merci de nous contacter !\u00a0\u00bb font_container=\u00a0\u00bbtag:p|font_size:24|text_align:center\u00a0\u00bb google_fonts=\u00a0\u00bbfont_family:Nothing%20You%20Could%20Do%3Aregular|font_style:400%20regular%3A400%3Anormal\u00a0\u00bb]<\/div><\/div>\n<div class=\"wpcf7 no-js\" id=\"wpcf7-f5977-o1\" lang=\"fr-FR\" dir=\"ltr\" data-wpcf7-id=\"5977\">\n<div class=\"screen-reader-response\"><p role=\"status\" aria-live=\"polite\" aria-atomic=\"true\"><\/p> <ul><\/ul><\/div>\n<form action=\"\/fr\/wp-json\/wp\/v2\/pages\/4286#wpcf7-f5977-o1\" method=\"post\" class=\"wpcf7-form init\" aria-label=\"Formulaire de contact\" novalidate=\"novalidate\" data-status=\"init\">\n<fieldset class=\"hidden-fields-container\"><input type=\"hidden\" name=\"_wpcf7\" value=\"5977\" \/><input type=\"hidden\" name=\"_wpcf7_version\" value=\"6.1.5\" \/><input type=\"hidden\" name=\"_wpcf7_locale\" value=\"fr_FR\" \/><input type=\"hidden\" name=\"_wpcf7_unit_tag\" value=\"wpcf7-f5977-o1\" \/><input type=\"hidden\" name=\"_wpcf7_container_post\" value=\"0\" \/><input type=\"hidden\" name=\"_wpcf7_posted_data_hash\" value=\"\" \/>\n<\/fieldset>\n<p>Votre Nom *\n<\/p>\n<p><span class=\"wpcf7-form-control-wrap\" data-name=\"your-name\"><input size=\"40\" maxlength=\"400\" class=\"wpcf7-form-control wpcf7-text wpcf7-validates-as-required\" aria-required=\"true\" aria-invalid=\"false\" value=\"\" type=\"text\" name=\"your-name\" \/><\/span>\n<\/p>\n<p>Votre Email *\n<\/p>\n<p><span class=\"wpcf7-form-control-wrap\" data-name=\"your-email\"><input size=\"40\" maxlength=\"400\" class=\"wpcf7-form-control wpcf7-email wpcf7-validates-as-required wpcf7-text wpcf7-validates-as-email\" aria-required=\"true\" aria-invalid=\"false\" value=\"\" type=\"email\" name=\"your-email\" \/><\/span>\n<\/p>\n<p>Votre Message *\n<\/p>\n<p><span class=\"wpcf7-form-control-wrap\" data-name=\"your-message\"><textarea cols=\"40\" rows=\"10\" maxlength=\"2000\" class=\"wpcf7-form-control wpcf7-textarea wpcf7-validates-as-required\" aria-required=\"true\" aria-invalid=\"false\" name=\"your-message\"><\/textarea><\/span>\n<\/p>\n<p><input class=\"wpcf7-form-control wpcf7-submit has-spinner\" type=\"submit\" value=\"Envoyer\" \/>\n<\/p><div class=\"wpcf7-response-output\" aria-hidden=\"true\"><\/div>\n<\/form>\n<\/div>\n<\/div><\/div><\/div><\/section>\n<p><a href=\"\/\/www.pinterest.com\/pin\/create\/button\/\" data-pin-do=\"buttonBookmark\" data-pin-color=\"red\" data-pin-height=\"128\"><img decoding=\"async\" src=\"\/\/assets.pinterest.com\/images\/pidgets\/pinit_fg_en_rect_red_28.png\" \/><\/a><\/p>","protected":false},"excerpt":{"rendered":"[vc_wp_custommenu nav_menu=\"175\" title=\"Les plus belles plages Vietnam &amp; Cambodge\"][vc_empty_space height=\"20px\"][vc_custom_heading text=\"L'\u00eele de Phu Quoc \" font_container=\"tag:h2|font_size:26|text_align:center\" google_fonts=\"font_family:Droid%20Sans%3Aregular%2C700|font_style:400%20regular%3A400%3Anormal\"]Localisation : Vietnam Sud Meilleure p\u00e9riode : Novembre \u00e0 avril Caract\u00e9ristiques : Dans le...","protected":false},"author":2,"featured_media":0,"parent":0,"menu_order":0,"comment_status":"closed","ping_status":"closed","template":"","meta":{"_crdt_document":"","footnotes":""},"class_list":["post-4286","page","type-page","status-publish","hentry"],"yoast_head":"<!-- This site is optimized with the Yoast SEO plugin v26.9 - https:\/\/yoast.com\/product\/yoast-seo-wordpress\/ -->\n<title>Plages : Phu Quoc - Nam Viet Voyage<\/title>\n<meta name=\"description\" content=\"Au Sud du Vietnam, l&#039;\u00eele de Phu Quoc est une destination baln\u00e9aire paradisiaque : sable blanc, cocotiers et eau turquoise.\" \/>\n<meta name=\"robots\" content=\"index, follow, max-snippet:-1, max-image-preview:large, max-video-preview:-1\" \/>\n<link rel=\"canonical\" href=\"http:\/\/nam-viet-voyage.com\/fr\/phu-quoc-les-plus-belles-plages\/\" \/>\n<meta property=\"og:locale\" content=\"fr_FR\" \/>\n<meta property=\"og:type\" content=\"article\" \/>\n<meta property=\"og:title\" content=\"Plages : Phu Quoc - Nam Viet Voyage\" \/>\n<meta property=\"og:description\" content=\"Au Sud du Vietnam, l&#039;\u00eele de Phu Quoc est une destination baln\u00e9aire paradisiaque : sable blanc, cocotiers et eau turquoise.\" \/>\n<meta property=\"og:url\" content=\"http:\/\/nam-viet-voyage.com\/fr\/phu-quoc-les-plus-belles-plages\/\" \/>\n<meta property=\"og:site_name\" content=\"Nam Viet Voyage\" \/>\n<meta property=\"article:publisher\" content=\"https:\/\/www.facebook.com\/NamVietVoyage\" \/>\n<meta property=\"article:modified_time\" content=\"2016-05-25T07:45:03+00:00\" \/>\n<meta name=\"twitter:card\" content=\"summary_large_image\" \/>\n<meta name=\"twitter:site\" content=\"@NamVietVoyage\" \/>\n<meta name=\"twitter:label1\" content=\"Dur\u00e9e de lecture estim\u00e9e\" \/>\n\t<meta name=\"twitter:data1\" content=\"1 minute\" \/>\n<script type=\"application\/ld+json\" class=\"yoast-schema-graph\">{\"@context\":\"https:\/\/schema.org\",\"@graph\":[{\"@type\":\"WebPage\",\"@id\":\"http:\/\/nam-viet-voyage.com\/fr\/phu-quoc-les-plus-belles-plages\/\",\"url\":\"http:\/\/nam-viet-voyage.com\/fr\/phu-quoc-les-plus-belles-plages\/\",\"name\":\"Plages : Phu Quoc - Nam Viet Voyage\",\"isPartOf\":{\"@id\":\"http:\/\/nam-viet-voyage.com\/fr\/#website\"},\"datePublished\":\"2015-01-22T03:46:44+00:00\",\"dateModified\":\"2016-05-25T07:45:03+00:00\",\"description\":\"Au Sud du Vietnam, l'\u00eele de Phu Quoc est une destination baln\u00e9aire paradisiaque : sable blanc, cocotiers et eau turquoise.\",\"breadcrumb\":{\"@id\":\"http:\/\/nam-viet-voyage.com\/fr\/phu-quoc-les-plus-belles-plages\/#breadcrumb\"},\"inLanguage\":\"fr-FR\",\"potentialAction\":[{\"@type\":\"ReadAction\",\"target\":[\"http:\/\/nam-viet-voyage.com\/fr\/phu-quoc-les-plus-belles-plages\/\"]}]},{\"@type\":\"BreadcrumbList\",\"@id\":\"http:\/\/nam-viet-voyage.com\/fr\/phu-quoc-les-plus-belles-plages\/#breadcrumb\",\"itemListElement\":[{\"@type\":\"ListItem\",\"position\":1,\"name\":\"Home\",\"item\":\"http:\/\/nam-viet-voyage.com\/fr\/\"},{\"@type\":\"ListItem\",\"position\":2,\"name\":\"Plages : Phu Quoc\"}]},{\"@type\":\"WebSite\",\"@id\":\"http:\/\/nam-viet-voyage.com\/fr\/#website\",\"url\":\"http:\/\/nam-viet-voyage.com\/fr\/\",\"name\":\"Nam Viet Voyage\",\"description\":\"Voyages en Asie du Sud-Est\",\"potentialAction\":[{\"@type\":\"SearchAction\",\"target\":{\"@type\":\"EntryPoint\",\"urlTemplate\":\"http:\/\/nam-viet-voyage.com\/fr\/?s={search_term_string}\"},\"query-input\":{\"@type\":\"PropertyValueSpecification\",\"valueRequired\":true,\"valueName\":\"search_term_string\"}}],\"inLanguage\":\"fr-FR\"}]}<\/script>\n<!-- \/ Yoast SEO plugin. -->","yoast_head_json":{"title":"Plages : Phu Quoc - Nam Viet Voyage","description":"Au Sud du Vietnam, l'\u00eele de Phu Quoc est une destination baln\u00e9aire paradisiaque : sable blanc, cocotiers et eau turquoise.","robots":{"index":"index","follow":"follow","max-snippet":"max-snippet:-1","max-image-preview":"max-image-preview:large","max-video-preview":"max-video-preview:-1"},"canonical":"http:\/\/nam-viet-voyage.com\/fr\/phu-quoc-les-plus-belles-plages\/","og_locale":"fr_FR","og_type":"article","og_title":"Plages : Phu Quoc - Nam Viet Voyage","og_description":"Au Sud du Vietnam, l'\u00eele de Phu Quoc est une destination baln\u00e9aire paradisiaque : sable blanc, cocotiers et eau turquoise.","og_url":"http:\/\/nam-viet-voyage.com\/fr\/phu-quoc-les-plus-belles-plages\/","og_site_name":"Nam Viet Voyage","article_publisher":"https:\/\/www.facebook.com\/NamVietVoyage","article_modified_time":"2016-05-25T07:45:03+00:00","twitter_card":"summary_large_image","twitter_site":"@NamVietVoyage","twitter_misc":{"Dur\u00e9e de lecture estim\u00e9e":"1 minute"},"schema":{"@context":"https:\/\/schema.org","@graph":[{"@type":"WebPage","@id":"http:\/\/nam-viet-voyage.com\/fr\/phu-quoc-les-plus-belles-plages\/","url":"http:\/\/nam-viet-voyage.com\/fr\/phu-quoc-les-plus-belles-plages\/","name":"Plages : Phu Quoc - Nam Viet Voyage","isPartOf":{"@id":"http:\/\/nam-viet-voyage.com\/fr\/#website"},"datePublished":"2015-01-22T03:46:44+00:00","dateModified":"2016-05-25T07:45:03+00:00","description":"Au Sud du Vietnam, l'\u00eele de Phu Quoc est une destination baln\u00e9aire paradisiaque : sable blanc, cocotiers et eau turquoise.","breadcrumb":{"@id":"http:\/\/nam-viet-voyage.com\/fr\/phu-quoc-les-plus-belles-plages\/#breadcrumb"},"inLanguage":"fr-FR","potentialAction":[{"@type":"ReadAction","target":["http:\/\/nam-viet-voyage.com\/fr\/phu-quoc-les-plus-belles-plages\/"]}]},{"@type":"BreadcrumbList","@id":"http:\/\/nam-viet-voyage.com\/fr\/phu-quoc-les-plus-belles-plages\/#breadcrumb","itemListElement":[{"@type":"ListItem","position":1,"name":"Home","item":"http:\/\/nam-viet-voyage.com\/fr\/"},{"@type":"ListItem","position":2,"name":"Plages : Phu Quoc"}]},{"@type":"WebSite","@id":"http:\/\/nam-viet-voyage.com\/fr\/#website","url":"http:\/\/nam-viet-voyage.com\/fr\/","name":"Nam Viet Voyage","description":"Voyages en Asie du Sud-Est","potentialAction":[{"@type":"SearchAction","target":{"@type":"EntryPoint","urlTemplate":"http:\/\/nam-viet-voyage.com\/fr\/?s={search_term_string}"},"query-input":{"@type":"PropertyValueSpecification","valueRequired":true,"valueName":"search_term_string"}}],"inLanguage":"fr-FR"}]}},"_links":{"self":[{"href":"http:\/\/nam-viet-voyage.com\/fr\/wp-json\/wp\/v2\/pages\/4286","targetHints":{"allow":["GET"]}}],"collection":[{"href":"http:\/\/nam-viet-voyage.com\/fr\/wp-json\/wp\/v2\/pages"}],"about":[{"href":"http:\/\/nam-viet-voyage.com\/fr\/wp-json\/wp\/v2\/types\/page"}],"author":[{"embeddable":true,"href":"http:\/\/nam-viet-voyage.com\/fr\/wp-json\/wp\/v2\/users\/2"}],"replies":[{"embeddable":true,"href":"http:\/\/nam-viet-voyage.com\/fr\/wp-json\/wp\/v2\/comments?post=4286"}],"version-history":[{"count":21,"href":"http:\/\/nam-viet-voyage.com\/fr\/wp-json\/wp\/v2\/pages\/4286\/revisions"}],"predecessor-version":[{"id":9688,"href":"http:\/\/nam-viet-voyage.com\/fr\/wp-json\/wp\/v2\/pages\/4286\/revisions\/9688"}],"wp:attachment":[{"href":"http:\/\/nam-viet-voyage.com\/fr\/wp-json\/wp\/v2\/media?parent=4286"}],"curies":[{"name":"wp","href":"https:\/\/api.w.org\/{rel}","templated":true}]}}