{"id":4227,"date":"2015-01-22T02:23:57","date_gmt":"2015-01-22T02:23:57","guid":{"rendered":"http:\/\/nam-viet-voyage.com\/?page_id=4227"},"modified":"2016-05-25T07:45:03","modified_gmt":"2016-05-25T07:45:03","slug":"pakse-region","status":"publish","type":"page","link":"http:\/\/nam-viet-voyage.com\/fr\/pakse-region\/","title":{"rendered":"La r\u00e9gion de Pakse"},"content":{"rendered":"<section class=\"l-section wpb_row height_medium\"><div class=\"l-section-h i-cf\"><div class=\"g-cols offset_small\"><div class=\" one-quarter\">[vc_wp_custommenu nav_menu=\u00a0\u00bb73&Prime; title=\u00a0\u00bbLaos &#8211; Nos plus\u00a0\u00bb]<\/div><div class=\" three-quarters\"><div class=\"w-image  align_center\"><img loading=\"lazy\" decoding=\"async\" width=\"730\" height=\"200\" src=\"http:\/\/nam-viet-voyage.com\/wp-content\/uploads\/2015\/01\/pakse.png\" class=\"attachment-full size-full\" alt=\"pakse\" srcset=\"http:\/\/nam-viet-voyage.com\/wp-content\/uploads\/2015\/01\/pakse.png 730w, http:\/\/nam-viet-voyage.com\/wp-content\/uploads\/2015\/01\/pakse-300x82.png 300w, http:\/\/nam-viet-voyage.com\/wp-content\/uploads\/2015\/01\/pakse-600x164.png 600w, http:\/\/nam-viet-voyage.com\/wp-content\/uploads\/2015\/01\/pakse-150x41.png 150w\" sizes=\"auto, (max-width: 730px) 100vw, 730px\" \/><\/div>[vc_empty_space height=\u00a0\u00bb20px\u00a0\u00bb][vc_custom_heading text=\u00a0\u00bbLa r\u00e9gion de Pakse\u00a0\u00bb font_container=\u00a0\u00bbtag:h2|font_size:26|text_align:center\u00a0\u00bb google_fonts=\u00a0\u00bbfont_family:Droid%20Sans%3Aregular%2C700|font_style:400%20regular%3A400%3Anormal\u00a0\u00bb]<div class=\"wpb_text_column \"><div class=\"wpb_wrapper\"><p>Non loin de la fronti\u00e8re tha\u00eflandaise, au sud du Laos, se trouve Pakse, la capitale et la ville la plus peupl\u00e9e de la province de Champassak. Elle est \u00e0 la confluence des fleuves Mekong et Se Don, et faisait autrefois partie du grand empire khmer d\u2019Angkor. Aujourd\u2019hui, Pakse conserve les vestiges architecturaux de l\u2019\u00e9poque coloniale fran\u00e7aise, et tend \u00e0 prendre de l\u2019ampleur sur la sc\u00e8ne touristique. En effet, sa proximit\u00e9 avec la Tha\u00eflande et le Vietnam en fait une \u00e9tape agr\u00e9able lors d\u2019un voyage. Mais c\u2019est aussi le lieu id\u00e9al pour se poser et visiter la province de Champassak, qui a de nombreuses activit\u00e9s int\u00e9ressantes \u00e0 offrir, la premi\u00e8re en t\u00eate de liste \u00e9tant s\u00fbrement le site arch\u00e9ologique de Vat Phou.<\/p><\/div> <\/div> <\/div><\/div><\/div><\/section><section class=\"l-section wpb_row height_medium color_secondary with_img\"><div class=\"l-section-img\" style=\"background-image: url(http:\/\/nam-viet-voyage.com\/wp-content\/uploads\/2015\/01\/fond-ardoise-reduit-meilleur.jpg);\" data-img-width=\"1200\" data-img-height=\"960\"><\/div><div class=\"l-section-h i-cf\"><div class=\"g-cols offset_small\"><div class=\" full-width\"><div class=\"g-cols wpb_row offset_small vc_inner \"><div class=\" one-third\"><div class=\"wpb_text_column \"><div class=\"wpb_wrapper\">\n<h5 style=\"text-align: center;\"><a ref=\"magnificPopup\" href=\"http:\/\/nam-viet-voyage.com\/wp-content\/uploads\/2015\/01\/vat-phou.png\"><img loading=\"lazy\" decoding=\"async\" class=\"aligncenter wp-image-8445\" src=\"http:\/\/nam-viet-voyage.com\/wp-content\/uploads\/2015\/01\/vat-phou-242x300.png\" alt=\"\" width=\"230\" height=\"285\" srcset=\"http:\/\/nam-viet-voyage.com\/wp-content\/uploads\/2015\/01\/vat-phou-242x300.png 242w, http:\/\/nam-viet-voyage.com\/wp-content\/uploads\/2015\/01\/vat-phou-150x186.png 150w, http:\/\/nam-viet-voyage.com\/wp-content\/uploads\/2015\/01\/vat-phou-161x200.png 161w, http:\/\/nam-viet-voyage.com\/wp-content\/uploads\/2015\/01\/vat-phou.png 297w\" sizes=\"auto, (max-width: 230px) 100vw, 230px\" \/><\/a><\/h5>\n<p style=\"text-align: justify;\">Le site de <strong>Vat Phou<\/strong> est inscrit sur la liste du patrimoine mondial de l\u2019<strong>UNESCO<\/strong>. Il est souvent qualifi\u00e9 d\u2019<strong>\u00ab\u00a0Angkor du Laos\u00a0\u00bb<\/strong>, et faisait effectivement partie du grand empire khmer, tout comme le reste de la province de Champassak. Vat Phou fut d\u2019ailleurs \u00e9rig\u00e9 par <strong>Suryavarman II<\/strong>, le constructeur d\u2019Angkor Vat, au 12<sup>e<\/sup> si\u00e8cle. Il constitue la vision hindoue de la relation entre nature et humanit\u00e9, et comprend notamment un <strong>Palais des Hommes<\/strong> et un <strong>Palais des Femmes<\/strong>. Le site a \u00e9t\u00e9 en partie \u00e9tabli sur la montagne Phu Kao.<\/p>\n<\/div> <\/div> <\/div><div class=\" one-third\"><div class=\"wpb_text_column \"><div class=\"wpb_wrapper\">\n<h5 style=\"text-align: center;\"><a ref=\"magnificPopup\" href=\"http:\/\/nam-viet-voyage.com\/wp-content\/uploads\/2015\/01\/champassak-laos.png\"><img loading=\"lazy\" decoding=\"async\" class=\"aligncenter wp-image-8448\" src=\"http:\/\/nam-viet-voyage.com\/wp-content\/uploads\/2015\/01\/champassak-laos-242x300.png\" alt=\"\" width=\"230\" height=\"285\" srcset=\"http:\/\/nam-viet-voyage.com\/wp-content\/uploads\/2015\/01\/champassak-laos-242x300.png 242w, http:\/\/nam-viet-voyage.com\/wp-content\/uploads\/2015\/01\/champassak-laos-150x186.png 150w, http:\/\/nam-viet-voyage.com\/wp-content\/uploads\/2015\/01\/champassak-laos-161x200.png 161w, http:\/\/nam-viet-voyage.com\/wp-content\/uploads\/2015\/01\/champassak-laos.png 297w\" sizes=\"auto, (max-width: 230px) 100vw, 230px\" \/><\/a><\/h5>\n<p style=\"text-align: justify;\"><strong>Champassak<\/strong> est une petite ville provinciale situ\u00e9e \u00e0 35 kilom\u00e8tres de <strong>Pakse<\/strong>. Elle s\u2019est d\u00e9velopp\u00e9e autour d\u2019une avenue principale parall\u00e8le \u00e0 la rivi\u00e8re. Les activit\u00e9s ne sont pas nombreuses \u00e0 Champassak mais c\u2019est un endroit calme et tranquille o\u00f9 recharger ses batteries. L\u2019architecture conserve des traces de la <strong>colonisation fran\u00e7aise<\/strong> et l\u2019ambiance est assez d\u00e9tendue pour appr\u00e9cier une promenade en v\u00e9lo ou en tuk-tuk. Le <strong>site de Vat Phou<\/strong> se trouve non loin de l\u00e0, \u00e0 seulement 8 kilom\u00e8tres. La <strong>r\u00e9serve nationale de Xe Pian<\/strong> se situe elle aussi proche de Champassak.<\/p>\n<\/div> <\/div> <\/div><div class=\" one-third\"><div class=\"wpb_text_column \"><div class=\"wpb_wrapper\">\n<h5><a ref=\"magnificPopup\" href=\"http:\/\/nam-viet-voyage.com\/wp-content\/uploads\/2015\/01\/si-phan-don.png\"><img loading=\"lazy\" decoding=\"async\" class=\"aligncenter wp-image-8449\" src=\"http:\/\/nam-viet-voyage.com\/wp-content\/uploads\/2015\/01\/si-phan-don-242x300.png\" alt=\"\" width=\"230\" height=\"285\" srcset=\"http:\/\/nam-viet-voyage.com\/wp-content\/uploads\/2015\/01\/si-phan-don-242x300.png 242w, http:\/\/nam-viet-voyage.com\/wp-content\/uploads\/2015\/01\/si-phan-don-150x186.png 150w, http:\/\/nam-viet-voyage.com\/wp-content\/uploads\/2015\/01\/si-phan-don-161x200.png 161w, http:\/\/nam-viet-voyage.com\/wp-content\/uploads\/2015\/01\/si-phan-don.png 297w\" sizes=\"auto, (max-width: 230px) 100vw, 230px\" \/><\/a><\/h5>\n<p style=\"text-align: justify;\">\u00c0 la fronti\u00e8re du Cambodge, le Mekong prend la forme de rapides parsem\u00e9es d\u2019une foultitude d\u2019\u00eeles et \u00eelots, qui ont donn\u00e9 leur nom \u00e0 l\u2019endroit, <strong>Si Phan Don<\/strong>, qui signifie <strong>\u00ab\u00a04 000 \u00eeles\u00a0\u00bb<\/strong>. C\u2019est en raison de cette zone impraticable par les bateaux que le Mekong n\u2019est pas navigable depuis la Chine. Les Fran\u00e7ais y avaient d\u2019ailleurs construit le <strong>premier chemin de fer du Laos<\/strong> pour pouvoir transporter des biens d\u2019un bout \u00e0 l\u2019autre de Si Phan Don. La nature est ici ma\u00eetresse en sa demeure et l\u2019archipel fluvial d\u00e9ploie des tr\u00e9sors de beaut\u00e9. Une population de <strong>dauphins Irrawaddy<\/strong>, esp\u00e8ce menac\u00e9e d\u2019extinction, y vit.<\/p>\n<\/div> <\/div> <\/div><\/div>[vc_empty_space height=\u00a0\u00bb32px\u00a0\u00bb]<div class=\"g-cols wpb_row offset_small vc_inner \"><div class=\" one-half\"><div class=\"wpb_text_column \"><div class=\"wpb_wrapper\">\n<h5 style=\"text-align: center;\"><a ref=\"magnificPopup\" href=\"http:\/\/nam-viet-voyage.com\/wp-content\/uploads\/2015\/01\/plateau-des-bolovens-laos.png\"><img loading=\"lazy\" decoding=\"async\" class=\"aligncenter wp-image-4779\" src=\"http:\/\/nam-viet-voyage.com\/wp-content\/uploads\/2015\/01\/plateau-des-bolovens-laos.png\" alt=\"plateau-des-bolovens-laos\" width=\"230\" height=\"285\" srcset=\"http:\/\/nam-viet-voyage.com\/wp-content\/uploads\/2015\/01\/plateau-des-bolovens-laos.png 297w, http:\/\/nam-viet-voyage.com\/wp-content\/uploads\/2015\/01\/plateau-des-bolovens-laos-242x300.png 242w, http:\/\/nam-viet-voyage.com\/wp-content\/uploads\/2015\/01\/plateau-des-bolovens-laos-150x186.png 150w, http:\/\/nam-viet-voyage.com\/wp-content\/uploads\/2015\/01\/plateau-des-bolovens-laos-161x200.png 161w\" sizes=\"auto, (max-width: 230px) 100vw, 230px\" \/><\/a><\/h5>\n<p style=\"text-align: justify;\">Le <strong>plateau des Bolovens<\/strong> se situe au nord-est de la province de Champassak. Peu touristique, il est connu pour son climat temp\u00e9r\u00e9, son sol fertile et ses <strong>superbes chutes d\u2019eau<\/strong>. On y cultive du caf\u00e9 arabica et robusta tr\u00e8s r\u00e9put\u00e9 dans le pays, mais aussi des fruits, de la cardamome et du rotin. Les cascades se d\u00e9ploient partout sur le plateau, mais l\u2019ensemble le plus impressionnant demeure sans doute <strong>Tad Lo<\/strong>, qui est en fait constitu\u00e9 de trois s\u00e9ries de cascades. En outre, Bolovens s\u2019\u00e9crit \u00e9galement Bolavens et signifie <strong>\u00ab maison des Lavens\u00a0\u00bb<\/strong>, un groupe ethnique minoritaire habitant la r\u00e9gion.<\/p>\n<\/div> <\/div> <\/div><div class=\" one-half\"><div class=\"wpb_text_column \"><div class=\"wpb_wrapper\">\n<h5 style=\"text-align: center;\"><a ref=\"magnificPopup\" href=\"http:\/\/nam-viet-voyage.com\/wp-content\/uploads\/2015\/01\/savannakhet.png\"><img loading=\"lazy\" decoding=\"async\" class=\"aligncenter wp-image-4780\" src=\"http:\/\/nam-viet-voyage.com\/wp-content\/uploads\/2015\/01\/savannakhet.png\" alt=\"savannakhet\" width=\"230\" height=\"285\" srcset=\"http:\/\/nam-viet-voyage.com\/wp-content\/uploads\/2015\/01\/savannakhet.png 297w, http:\/\/nam-viet-voyage.com\/wp-content\/uploads\/2015\/01\/savannakhet-242x300.png 242w, http:\/\/nam-viet-voyage.com\/wp-content\/uploads\/2015\/01\/savannakhet-150x186.png 150w, http:\/\/nam-viet-voyage.com\/wp-content\/uploads\/2015\/01\/savannakhet-161x200.png 161w\" sizes=\"auto, (max-width: 230px) 100vw, 230px\" \/><\/a><\/h5>\n<p style=\"text-align: justify;\"><strong>Savannakhet<\/strong>, souvent surnomm\u00e9 \u00ab\u00a0Savan\u00a0\u00bb, est le nom d\u2019une province et de sa capitale, non loin de la r\u00e9gion de Pakse. La ville tend \u00e0 prendre de l\u2019importance en termes de tourisme gr\u00e2ce notamment \u00e0 l\u2019ouverture en 2007 du <strong>Pont de l\u2019amiti\u00e9 lao-tha\u00eflandaise 2<\/strong> qui relie la ville \u00e0 Mukdahan de l\u2019autre c\u00f4t\u00e9 du Mekong. Plus particuli\u00e8rement, l\u2019\u00e9cotourisme se d\u00e9veloppe gr\u00e2ce \u00e0 la proximit\u00e9 de <strong>trois zones nationales de conservation de la biodiversit\u00e9<\/strong>. La ville de Savannakhet se distingue quant \u00e0 elle par son quartier historique et ses anciennes maisons coloniales.<\/p>\n<\/div> <\/div> <\/div><\/div><\/div><\/div><\/div><\/section><section class=\"l-section wpb_row height_medium color_secondary\"><div class=\"l-section-h i-cf\"><div class=\"g-cols offset_small\"><div class=\" full-width\"><div class=\"g-cols wpb_row offset_small vc_inner \"><div class=\" full-width\">[vc_custom_heading text=\u00a0\u00bbPour tout projet ou information compl\u00e9mentaire, merci de nous contacter !\u00a0\u00bb font_container=\u00a0\u00bbtag:p|font_size:24|text_align:center\u00a0\u00bb google_fonts=\u00a0\u00bbfont_family:Nothing%20You%20Could%20Do%3Aregular|font_style:400%20regular%3A400%3Anormal\u00a0\u00bb]\n<div class=\"wpcf7 no-js\" id=\"wpcf7-f5977-o1\" lang=\"fr-FR\" dir=\"ltr\" data-wpcf7-id=\"5977\">\n<div class=\"screen-reader-response\"><p role=\"status\" aria-live=\"polite\" aria-atomic=\"true\"><\/p> <ul><\/ul><\/div>\n<form action=\"\/fr\/wp-json\/wp\/v2\/pages\/4227#wpcf7-f5977-o1\" method=\"post\" class=\"wpcf7-form init\" aria-label=\"Formulaire de contact\" novalidate=\"novalidate\" data-status=\"init\">\n<fieldset class=\"hidden-fields-container\"><input type=\"hidden\" name=\"_wpcf7\" value=\"5977\" \/><input type=\"hidden\" name=\"_wpcf7_version\" value=\"6.1.5\" \/><input type=\"hidden\" name=\"_wpcf7_locale\" value=\"fr_FR\" \/><input type=\"hidden\" name=\"_wpcf7_unit_tag\" value=\"wpcf7-f5977-o1\" \/><input type=\"hidden\" name=\"_wpcf7_container_post\" value=\"0\" \/><input type=\"hidden\" name=\"_wpcf7_posted_data_hash\" value=\"\" \/>\n<\/fieldset>\n<p>Votre Nom *\n<\/p>\n<p><span class=\"wpcf7-form-control-wrap\" data-name=\"your-name\"><input size=\"40\" maxlength=\"400\" class=\"wpcf7-form-control wpcf7-text wpcf7-validates-as-required\" aria-required=\"true\" aria-invalid=\"false\" value=\"\" type=\"text\" name=\"your-name\" \/><\/span>\n<\/p>\n<p>Votre Email *\n<\/p>\n<p><span class=\"wpcf7-form-control-wrap\" data-name=\"your-email\"><input size=\"40\" maxlength=\"400\" class=\"wpcf7-form-control wpcf7-email wpcf7-validates-as-required wpcf7-text wpcf7-validates-as-email\" aria-required=\"true\" aria-invalid=\"false\" value=\"\" type=\"email\" name=\"your-email\" \/><\/span>\n<\/p>\n<p>Votre Message *\n<\/p>\n<p><span class=\"wpcf7-form-control-wrap\" data-name=\"your-message\"><textarea cols=\"40\" rows=\"10\" maxlength=\"2000\" class=\"wpcf7-form-control wpcf7-textarea wpcf7-validates-as-required\" aria-required=\"true\" aria-invalid=\"false\" name=\"your-message\"><\/textarea><\/span>\n<\/p>\n<p><input class=\"wpcf7-form-control wpcf7-submit has-spinner\" type=\"submit\" value=\"Envoyer\" \/>\n<\/p><div class=\"wpcf7-response-output\" aria-hidden=\"true\"><\/div>\n<\/form>\n<\/div>\n<\/div><\/div><\/div><\/div><\/div><\/section>\n<p><a href=\"\/\/www.pinterest.com\/pin\/create\/button\/\" data-pin-do=\"buttonBookmark\" data-pin-color=\"red\" data-pin-height=\"128\"><img decoding=\"async\" src=\"\/\/assets.pinterest.com\/images\/pidgets\/pinit_fg_en_rect_red_28.png\" \/><\/a><\/p>","protected":false},"excerpt":{"rendered":"[vc_wp_custommenu nav_menu=\"73\" title=\"Laos - Nos plus\"][vc_empty_space height=\"20px\"][vc_custom_heading text=\"La r\u00e9gion de Pakse\" font_container=\"tag:h2|font_size:26|text_align:center\" google_fonts=\"font_family:Droid%20Sans%3Aregular%2C700|font_style:400%20regular%3A400%3Anormal\"]Non loin de la fronti\u00e8re tha\u00eflandaise, au sud du Laos, se trouve Pakse, la capitale et la ville...","protected":false},"author":2,"featured_media":0,"parent":0,"menu_order":0,"comment_status":"closed","ping_status":"closed","template":"","meta":{"_crdt_document":"","footnotes":""},"class_list":["post-4227","page","type-page","status-publish","hentry"],"yoast_head":"<!-- This site is optimized with the Yoast SEO plugin v26.9 - https:\/\/yoast.com\/product\/yoast-seo-wordpress\/ -->\n<title>La r\u00e9gion de Pakse - Nam Viet Voyage<\/title>\n<meta name=\"description\" content=\"La r\u00e9gion de Pakse au Laos est riche en attractions : entre nature et patrimoine historique, de nombreux sites d\u2019int\u00e9r\u00eat sont \u00e0 visiter.\" \/>\n<meta name=\"robots\" content=\"index, follow, max-snippet:-1, max-image-preview:large, max-video-preview:-1\" \/>\n<link rel=\"canonical\" href=\"http:\/\/nam-viet-voyage.com\/fr\/pakse-region\/\" \/>\n<meta property=\"og:locale\" content=\"fr_FR\" \/>\n<meta property=\"og:type\" content=\"article\" \/>\n<meta property=\"og:title\" content=\"La r\u00e9gion de Pakse - Nam Viet Voyage\" \/>\n<meta property=\"og:description\" content=\"La r\u00e9gion de Pakse au Laos est riche en attractions : entre nature et patrimoine historique, de nombreux sites d\u2019int\u00e9r\u00eat sont \u00e0 visiter.\" \/>\n<meta property=\"og:url\" content=\"http:\/\/nam-viet-voyage.com\/fr\/pakse-region\/\" \/>\n<meta property=\"og:site_name\" content=\"Nam Viet Voyage\" \/>\n<meta property=\"article:publisher\" content=\"https:\/\/www.facebook.com\/NamVietVoyage\" \/>\n<meta property=\"article:modified_time\" content=\"2016-05-25T07:45:03+00:00\" \/>\n<meta property=\"og:image\" content=\"http:\/\/nam-viet-voyage.com\/wp-content\/uploads\/2015\/01\/vat-phou-242x300.png\" \/>\n<meta name=\"twitter:card\" content=\"summary_large_image\" \/>\n<meta name=\"twitter:site\" content=\"@NamVietVoyage\" \/>\n<meta name=\"twitter:label1\" content=\"Dur\u00e9e de lecture estim\u00e9e\" \/>\n\t<meta name=\"twitter:data1\" content=\"5 minutes\" \/>\n<script type=\"application\/ld+json\" class=\"yoast-schema-graph\">{\"@context\":\"https:\/\/schema.org\",\"@graph\":[{\"@type\":\"WebPage\",\"@id\":\"http:\/\/nam-viet-voyage.com\/fr\/pakse-region\/\",\"url\":\"http:\/\/nam-viet-voyage.com\/fr\/pakse-region\/\",\"name\":\"La r\u00e9gion de Pakse - Nam Viet Voyage\",\"isPartOf\":{\"@id\":\"https:\/\/nam-viet-voyage.com\/#website\"},\"primaryImageOfPage\":{\"@id\":\"http:\/\/nam-viet-voyage.com\/fr\/pakse-region\/#primaryimage\"},\"image\":{\"@id\":\"http:\/\/nam-viet-voyage.com\/fr\/pakse-region\/#primaryimage\"},\"thumbnailUrl\":\"http:\/\/nam-viet-voyage.com\/wp-content\/uploads\/2015\/01\/vat-phou-242x300.png\",\"datePublished\":\"2015-01-22T02:23:57+00:00\",\"dateModified\":\"2016-05-25T07:45:03+00:00\",\"description\":\"La r\u00e9gion de Pakse au Laos est riche en attractions : entre nature et patrimoine historique, de nombreux sites d\u2019int\u00e9r\u00eat sont \u00e0 visiter.\",\"breadcrumb\":{\"@id\":\"http:\/\/nam-viet-voyage.com\/fr\/pakse-region\/#breadcrumb\"},\"inLanguage\":\"fr-FR\",\"potentialAction\":[{\"@type\":\"ReadAction\",\"target\":[\"http:\/\/nam-viet-voyage.com\/fr\/pakse-region\/\"]}]},{\"@type\":\"ImageObject\",\"inLanguage\":\"fr-FR\",\"@id\":\"http:\/\/nam-viet-voyage.com\/fr\/pakse-region\/#primaryimage\",\"url\":\"http:\/\/nam-viet-voyage.com\/wp-content\/uploads\/2015\/01\/vat-phou-242x300.png\",\"contentUrl\":\"http:\/\/nam-viet-voyage.com\/wp-content\/uploads\/2015\/01\/vat-phou-242x300.png\"},{\"@type\":\"BreadcrumbList\",\"@id\":\"http:\/\/nam-viet-voyage.com\/fr\/pakse-region\/#breadcrumb\",\"itemListElement\":[{\"@type\":\"ListItem\",\"position\":1,\"name\":\"Home\",\"item\":\"http:\/\/nam-viet-voyage.com\/fr\/\"},{\"@type\":\"ListItem\",\"position\":2,\"name\":\"La r\u00e9gion de Pakse\"}]},{\"@type\":\"WebSite\",\"@id\":\"https:\/\/nam-viet-voyage.com\/#website\",\"url\":\"https:\/\/nam-viet-voyage.com\/\",\"name\":\"Nam Viet Voyage\",\"description\":\"Voyages en Asie du Sud-Est\",\"potentialAction\":[{\"@type\":\"SearchAction\",\"target\":{\"@type\":\"EntryPoint\",\"urlTemplate\":\"https:\/\/nam-viet-voyage.com\/?s={search_term_string}\"},\"query-input\":{\"@type\":\"PropertyValueSpecification\",\"valueRequired\":true,\"valueName\":\"search_term_string\"}}],\"inLanguage\":\"fr-FR\"}]}<\/script>\n<!-- \/ Yoast SEO plugin. -->","yoast_head_json":{"title":"La r\u00e9gion de Pakse - Nam Viet Voyage","description":"La r\u00e9gion de Pakse au Laos est riche en attractions : entre nature et patrimoine historique, de nombreux sites d\u2019int\u00e9r\u00eat sont \u00e0 visiter.","robots":{"index":"index","follow":"follow","max-snippet":"max-snippet:-1","max-image-preview":"max-image-preview:large","max-video-preview":"max-video-preview:-1"},"canonical":"http:\/\/nam-viet-voyage.com\/fr\/pakse-region\/","og_locale":"fr_FR","og_type":"article","og_title":"La r\u00e9gion de Pakse - Nam Viet Voyage","og_description":"La r\u00e9gion de Pakse au Laos est riche en attractions : entre nature et patrimoine historique, de nombreux sites d\u2019int\u00e9r\u00eat sont \u00e0 visiter.","og_url":"http:\/\/nam-viet-voyage.com\/fr\/pakse-region\/","og_site_name":"Nam Viet Voyage","article_publisher":"https:\/\/www.facebook.com\/NamVietVoyage","article_modified_time":"2016-05-25T07:45:03+00:00","og_image":[{"url":"http:\/\/nam-viet-voyage.com\/wp-content\/uploads\/2015\/01\/vat-phou-242x300.png","type":"","width":"","height":""}],"twitter_card":"summary_large_image","twitter_site":"@NamVietVoyage","twitter_misc":{"Dur\u00e9e de lecture estim\u00e9e":"5 minutes"},"schema":{"@context":"https:\/\/schema.org","@graph":[{"@type":"WebPage","@id":"http:\/\/nam-viet-voyage.com\/fr\/pakse-region\/","url":"http:\/\/nam-viet-voyage.com\/fr\/pakse-region\/","name":"La r\u00e9gion de Pakse - Nam Viet Voyage","isPartOf":{"@id":"https:\/\/nam-viet-voyage.com\/#website"},"primaryImageOfPage":{"@id":"http:\/\/nam-viet-voyage.com\/fr\/pakse-region\/#primaryimage"},"image":{"@id":"http:\/\/nam-viet-voyage.com\/fr\/pakse-region\/#primaryimage"},"thumbnailUrl":"http:\/\/nam-viet-voyage.com\/wp-content\/uploads\/2015\/01\/vat-phou-242x300.png","datePublished":"2015-01-22T02:23:57+00:00","dateModified":"2016-05-25T07:45:03+00:00","description":"La r\u00e9gion de Pakse au Laos est riche en attractions : entre nature et patrimoine historique, de nombreux sites d\u2019int\u00e9r\u00eat sont \u00e0 visiter.","breadcrumb":{"@id":"http:\/\/nam-viet-voyage.com\/fr\/pakse-region\/#breadcrumb"},"inLanguage":"fr-FR","potentialAction":[{"@type":"ReadAction","target":["http:\/\/nam-viet-voyage.com\/fr\/pakse-region\/"]}]},{"@type":"ImageObject","inLanguage":"fr-FR","@id":"http:\/\/nam-viet-voyage.com\/fr\/pakse-region\/#primaryimage","url":"http:\/\/nam-viet-voyage.com\/wp-content\/uploads\/2015\/01\/vat-phou-242x300.png","contentUrl":"http:\/\/nam-viet-voyage.com\/wp-content\/uploads\/2015\/01\/vat-phou-242x300.png"},{"@type":"BreadcrumbList","@id":"http:\/\/nam-viet-voyage.com\/fr\/pakse-region\/#breadcrumb","itemListElement":[{"@type":"ListItem","position":1,"name":"Home","item":"http:\/\/nam-viet-voyage.com\/fr\/"},{"@type":"ListItem","position":2,"name":"La r\u00e9gion de Pakse"}]},{"@type":"WebSite","@id":"https:\/\/nam-viet-voyage.com\/#website","url":"https:\/\/nam-viet-voyage.com\/","name":"Nam Viet Voyage","description":"Voyages en Asie du Sud-Est","potentialAction":[{"@type":"SearchAction","target":{"@type":"EntryPoint","urlTemplate":"https:\/\/nam-viet-voyage.com\/?s={search_term_string}"},"query-input":{"@type":"PropertyValueSpecification","valueRequired":true,"valueName":"search_term_string"}}],"inLanguage":"fr-FR"}]}},"_links":{"self":[{"href":"http:\/\/nam-viet-voyage.com\/fr\/wp-json\/wp\/v2\/pages\/4227","targetHints":{"allow":["GET"]}}],"collection":[{"href":"http:\/\/nam-viet-voyage.com\/fr\/wp-json\/wp\/v2\/pages"}],"about":[{"href":"http:\/\/nam-viet-voyage.com\/fr\/wp-json\/wp\/v2\/types\/page"}],"author":[{"embeddable":true,"href":"http:\/\/nam-viet-voyage.com\/fr\/wp-json\/wp\/v2\/users\/2"}],"replies":[{"embeddable":true,"href":"http:\/\/nam-viet-voyage.com\/fr\/wp-json\/wp\/v2\/comments?post=4227"}],"version-history":[{"count":16,"href":"http:\/\/nam-viet-voyage.com\/fr\/wp-json\/wp\/v2\/pages\/4227\/revisions"}],"predecessor-version":[{"id":11357,"href":"http:\/\/nam-viet-voyage.com\/fr\/wp-json\/wp\/v2\/pages\/4227\/revisions\/11357"}],"wp:attachment":[{"href":"http:\/\/nam-viet-voyage.com\/fr\/wp-json\/wp\/v2\/media?parent=4227"}],"curies":[{"name":"wp","href":"https:\/\/api.w.org\/{rel}","templated":true}]}}