{"id":4223,"date":"2015-01-22T02:21:24","date_gmt":"2015-01-22T02:21:24","guid":{"rendered":"http:\/\/nam-viet-voyage.com\/?page_id=4223"},"modified":"2016-05-25T07:45:03","modified_gmt":"2016-05-25T07:45:03","slug":"luang-prabang","status":"publish","type":"page","link":"http:\/\/nam-viet-voyage.com\/fr\/luang-prabang\/","title":{"rendered":"Luang Prabang"},"content":{"rendered":"<section class=\"l-section wpb_row height_medium\"><div class=\"l-section-h i-cf\"><div class=\"g-cols offset_small\"><div class=\" one-quarter\">[vc_wp_custommenu nav_menu=\u00a0\u00bb174&Prime; title=\u00a0\u00bbLaos &#8211; L&rsquo;essentiel\u00a0\u00bb]<\/div><div class=\" three-quarters\"><div class=\"w-image  align_center\"><img loading=\"lazy\" decoding=\"async\" width=\"730\" height=\"200\" src=\"http:\/\/nam-viet-voyage.com\/wp-content\/uploads\/2015\/01\/luang-prabang.png\" class=\"attachment-full size-full\" alt=\"luang-prabang\" srcset=\"http:\/\/nam-viet-voyage.com\/wp-content\/uploads\/2015\/01\/luang-prabang.png 730w, http:\/\/nam-viet-voyage.com\/wp-content\/uploads\/2015\/01\/luang-prabang-300x82.png 300w, http:\/\/nam-viet-voyage.com\/wp-content\/uploads\/2015\/01\/luang-prabang-600x164.png 600w, http:\/\/nam-viet-voyage.com\/wp-content\/uploads\/2015\/01\/luang-prabang-150x41.png 150w\" sizes=\"auto, (max-width: 730px) 100vw, 730px\" \/><\/div>[vc_empty_space height=\u00a0\u00bb20px\u00a0\u00bb][vc_custom_heading text=\u00a0\u00bbLuang Prabang\u00a0\u00bb font_container=\u00a0\u00bbtag:h2|font_size:26|text_align:center\u00a0\u00bb google_fonts=\u00a0\u00bbfont_family:Droid%20Sans%3Aregular%2C700|font_style:400%20regular%3A400%3Anormal\u00a0\u00bb]<div class=\"wpb_text_column \"><div class=\"wpb_wrapper\"><p>Port fluvial situ\u00e9 sur le Mekong, Luang Prabang la \u00ab ville du flamboyant \u00bb est inscrite au patrimoine mondial de l\u2019humanit\u00e9 par l\u2019UNESCO. Pas de building ou autre d\u00e9sagr\u00e9ment visuel, Luang Prabang a su pr\u00e9server son authenticit\u00e9 avec ses maisons typiques coloniales restaur\u00e9es. Charg\u00e9e d\u2019histoire, Luang Prabang semble s\u2019\u00eatre arr\u00eat\u00e9e dans le temps. C\u00e9r\u00e9monie des offrandes ou <em>reras<\/em>, ancien palais royal, descente de rivi\u00e8res et cascades, balade \u00e0 dos d\u2019\u00e9l\u00e9phants, la troisi\u00e8me plus grande ville du Laos d\u00e9tient un patrimoine culturel, architectural et naturel incroyable !<\/p><\/div> <\/div> <\/div><\/div><\/div><\/section><section class=\"l-section wpb_row height_medium color_secondary with_img\"><div class=\"l-section-img\" style=\"background-image: url(http:\/\/nam-viet-voyage.com\/wp-content\/uploads\/2015\/01\/fond-ardoise-reduit-meilleur.jpg);\" data-img-width=\"1200\" data-img-height=\"960\"><\/div><div class=\"l-section-h i-cf\"><div class=\"g-cols offset_small\"><div class=\" full-width\"><div class=\"g-cols wpb_row offset_small vc_inner \"><div class=\" one-third\"><div class=\"wpb_text_column \"><div class=\"wpb_wrapper\">\n<h5 style=\"text-align: center;\"><a ref=\"magnificPopup\" href=\"http:\/\/nam-viet-voyage.com\/wp-content\/uploads\/2015\/01\/mont-phousi.png\"><img loading=\"lazy\" decoding=\"async\" class=\"aligncenter wp-image-4754\" src=\"http:\/\/nam-viet-voyage.com\/wp-content\/uploads\/2015\/01\/mont-phousi.png\" alt=\"mont-phousi\" width=\"230\" height=\"285\" srcset=\"http:\/\/nam-viet-voyage.com\/wp-content\/uploads\/2015\/01\/mont-phousi.png 297w, http:\/\/nam-viet-voyage.com\/wp-content\/uploads\/2015\/01\/mont-phousi-242x300.png 242w, http:\/\/nam-viet-voyage.com\/wp-content\/uploads\/2015\/01\/mont-phousi-150x186.png 150w, http:\/\/nam-viet-voyage.com\/wp-content\/uploads\/2015\/01\/mont-phousi-161x200.png 161w\" sizes=\"auto, (max-width: 230px) 100vw, 230px\" \/><\/a><\/h5>\n<p style=\"text-align: justify;\">Le <strong>mont Phousi<\/strong>, aussi \u00e9crit Phu Si, est l\u2019une des attractions principales du centre-ville de Luang Prabang. Il s\u2019agit d\u2019une colline haute de 100 m\u00e8tres au sommet de laquelle se dresse un stupa dor\u00e9 de 24 m\u00e8tres de hauteur appel\u00e9 <strong>That Chomsi<\/strong>. Pour l\u2019atteindre, il faut s\u2019armer de courage et grimper 329 marches. Mais au sommet, la r\u00e9compense est de taille\u00a0: l\u2019endroit offre une vue imprenable sur les alentours. De l\u2019aurore au cr\u00e9puscule, les paysages sont \u00e0 couper le souffle.<\/p>\n<\/div> <\/div> <\/div><div class=\" one-third\"><div class=\"wpb_text_column \"><div class=\"wpb_wrapper\">\n<h5 style=\"text-align: center;\"><a ref=\"magnificPopup\" href=\"http:\/\/nam-viet-voyage.com\/wp-content\/uploads\/2015\/01\/moines-quete-matinale.png\"><img loading=\"lazy\" decoding=\"async\" class=\"aligncenter wp-image-8403\" src=\"http:\/\/nam-viet-voyage.com\/wp-content\/uploads\/2015\/01\/moines-quete-matinale-242x300.png\" alt=\"\" width=\"230\" height=\"285\" srcset=\"http:\/\/nam-viet-voyage.com\/wp-content\/uploads\/2015\/01\/moines-quete-matinale-242x300.png 242w, http:\/\/nam-viet-voyage.com\/wp-content\/uploads\/2015\/01\/moines-quete-matinale-150x186.png 150w, http:\/\/nam-viet-voyage.com\/wp-content\/uploads\/2015\/01\/moines-quete-matinale-161x200.png 161w, http:\/\/nam-viet-voyage.com\/wp-content\/uploads\/2015\/01\/moines-quete-matinale.png 297w\" sizes=\"auto, (max-width: 230px) 100vw, 230px\" \/><\/a><\/h5>\n<p style=\"text-align: justify;\">Appel\u00e9e <strong><em>Tak bat<\/em><\/strong> en laotien, la qu\u00eate matinale est une pratique ancestrale \u00e9minemment respect\u00e9e par la population locale. Chaque jour lorsque le jour se l\u00e8ve, les moines de la ville forment une <strong>procession<\/strong> qui d\u00e9bute sur l\u2019art\u00e8re principale de Luang Prabang avant de se disperser dans les rues adjacentes. Munis de leur s\u00e9bile (r\u00e9cipient pour recueillir l\u2019aum\u00f4ne), ils d\u00e9filent, se faisant <strong>offrir de la nourriture<\/strong> par les habitants. Cette c\u00e9r\u00e9monie tisse des liens tr\u00e8s \u00e9troits entre les religieux et le peuple.<\/p>\n<\/div> <\/div> <\/div><div class=\" one-third\"><div class=\"wpb_text_column \"><div class=\"wpb_wrapper\">\n<h5><a ref=\"magnificPopup\" href=\"http:\/\/nam-viet-voyage.com\/wp-content\/uploads\/2015\/01\/palais-royal-de-luang-prabang.png\"><img loading=\"lazy\" decoding=\"async\" class=\"aligncenter wp-image-4757\" src=\"http:\/\/nam-viet-voyage.com\/wp-content\/uploads\/2015\/01\/palais-royal-de-luang-prabang.png\" alt=\"palais-royal-de-luang-prabang\" width=\"230\" height=\"285\" srcset=\"http:\/\/nam-viet-voyage.com\/wp-content\/uploads\/2015\/01\/palais-royal-de-luang-prabang.png 297w, http:\/\/nam-viet-voyage.com\/wp-content\/uploads\/2015\/01\/palais-royal-de-luang-prabang-242x300.png 242w, http:\/\/nam-viet-voyage.com\/wp-content\/uploads\/2015\/01\/palais-royal-de-luang-prabang-150x186.png 150w, http:\/\/nam-viet-voyage.com\/wp-content\/uploads\/2015\/01\/palais-royal-de-luang-prabang-161x200.png 161w\" sizes=\"auto, (max-width: 230px) 100vw, 230px\" \/><\/a><\/h5>\n<p style=\"text-align: justify;\">La construction du <strong>palais royal de Luang Prabang<\/strong> a d\u00e9but\u00e9 en 1904 pour le roi <strong>Sisavang Vong<\/strong>. L\u2019architecture m\u00eale \u00e9l\u00e9gamment tradition laotienne et style Beaux-Arts fran\u00e7ais. Dans la salle de r\u00e9ception du roi, l\u2019artiste <strong>Alix de Fautereau<\/strong> a m\u00eame r\u00e9alis\u00e9 des peintures. Mais le palais royal renferme surtout le <strong>Bouddha Pha Bang<\/strong>, le tr\u00e9sor national qui a donn\u00e9 son nom \u00e0 la ville. Il s\u2019agit d\u2019une statuette haute de 83 centim\u00e8tres en alliage dor\u00e9.<\/p>\n<\/div> <\/div> <\/div><\/div>[vc_empty_space height=\u00a0\u00bb32px\u00a0\u00bb]<div class=\"g-cols wpb_row offset_small vc_inner \"><div class=\" one-third\"><div class=\"wpb_text_column \"><div class=\"wpb_wrapper\">\n<h5 style=\"text-align: center;\"><a ref=\"magnificPopup\" href=\"http:\/\/nam-viet-voyage.com\/wp-content\/uploads\/2015\/01\/vat-xieng-thong.png\"><img loading=\"lazy\" decoding=\"async\" class=\"aligncenter wp-image-8404\" src=\"http:\/\/nam-viet-voyage.com\/wp-content\/uploads\/2015\/01\/vat-xieng-thong-242x300.png\" alt=\"\" width=\"230\" height=\"285\" srcset=\"http:\/\/nam-viet-voyage.com\/wp-content\/uploads\/2015\/01\/vat-xieng-thong-242x300.png 242w, http:\/\/nam-viet-voyage.com\/wp-content\/uploads\/2015\/01\/vat-xieng-thong-150x186.png 150w, http:\/\/nam-viet-voyage.com\/wp-content\/uploads\/2015\/01\/vat-xieng-thong-161x200.png 161w, http:\/\/nam-viet-voyage.com\/wp-content\/uploads\/2015\/01\/vat-xieng-thong.png 297w\" sizes=\"auto, (max-width: 230px) 100vw, 230px\" \/><\/a><\/h5>\n<p style=\"text-align: justify;\">Le <strong>Vat Xieng Thong<\/strong> constitue un ensemble d\u2019\u00e9difices religieux. Le temple principal, que l\u2019on nomme <em>sim<\/em> en laotien, abrite les statues de Bouddha. Autour de ce b\u00e2timent se trouvent plusieurs stupas et trois petites chapelles. L\u2019une d\u2019elles contient un <strong>Bouddha couch\u00e9<\/strong> et avait \u00e9t\u00e9 surnomm\u00e9e \u00ab\u00a0La Chapelle Rouge\u00a0\u00bb par les Fran\u00e7ais. Un autre \u00e9difice abrite le <strong>char c\u00e9r\u00e9moniel<\/strong> portant les urnes fun\u00e9raires de la royaut\u00e9 laotienne. L\u2019ensemble a \u00e9t\u00e9 construit en 1560 par le roi Setthathirat.<\/p>\n<\/div> <\/div> <\/div><div class=\" one-third\"><div class=\"wpb_text_column \"><div class=\"wpb_wrapper\">\n<h5 style=\"text-align: center;\"><a ref=\"magnificPopup\" href=\"http:\/\/nam-viet-voyage.com\/wp-content\/uploads\/2015\/01\/grottes-pak-ou.png\"><img loading=\"lazy\" decoding=\"async\" class=\"aligncenter wp-image-8405\" src=\"http:\/\/nam-viet-voyage.com\/wp-content\/uploads\/2015\/01\/grottes-pak-ou-250x300.png\" alt=\"\" width=\"238\" height=\"285\" srcset=\"http:\/\/nam-viet-voyage.com\/wp-content\/uploads\/2015\/01\/grottes-pak-ou-250x300.png 250w, http:\/\/nam-viet-voyage.com\/wp-content\/uploads\/2015\/01\/grottes-pak-ou-150x180.png 150w, http:\/\/nam-viet-voyage.com\/wp-content\/uploads\/2015\/01\/grottes-pak-ou-300x360.png 300w, http:\/\/nam-viet-voyage.com\/wp-content\/uploads\/2015\/01\/grottes-pak-ou-167x200.png 167w, http:\/\/nam-viet-voyage.com\/wp-content\/uploads\/2015\/01\/grottes-pak-ou.png 350w\" sizes=\"auto, (max-width: 238px) 100vw, 238px\" \/><\/a><\/h5>\n<p style=\"text-align: justify;\">Situ\u00e9es \u00e0 une trentaine de kilom\u00e8tres de Luang Prabang, les <strong>grottes de Pak Ou<\/strong> sont constitu\u00e9es de deux grottes\u00a0: <strong>Tham Thing<\/strong>, la grotte inf\u00e9rieure, et <strong>Tham Theung<\/strong>, la grotte sup\u00e9rieure. Elles se trouvent au pied des falaises calcaires au bord du fleuve Mekong, et sont donc accessibles par bateau. La particularit\u00e9 des grottes r\u00e9sident dans les <strong>nombreuses statuettes de Bouddha<\/strong> dispos\u00e9es \u00e0 l\u2019int\u00e9rieur et qui ont \u00e9t\u00e9 dispos\u00e9es par les fid\u00e8les.<\/p>\n<\/div> <\/div> <\/div><div class=\" one-third\"><div class=\"wpb_text_column \"><div class=\"wpb_wrapper\">\n<h5 style=\"text-align: center;\"><a ref=\"magnificPopup\" href=\"http:\/\/nam-viet-voyage.com\/wp-content\/uploads\/2015\/01\/chutes-kuang-si.png\"><img loading=\"lazy\" decoding=\"async\" class=\"aligncenter wp-image-8406\" src=\"http:\/\/nam-viet-voyage.com\/wp-content\/uploads\/2015\/01\/chutes-kuang-si-242x300.png\" alt=\"\" width=\"230\" height=\"285\" srcset=\"http:\/\/nam-viet-voyage.com\/wp-content\/uploads\/2015\/01\/chutes-kuang-si-242x300.png 242w, http:\/\/nam-viet-voyage.com\/wp-content\/uploads\/2015\/01\/chutes-kuang-si-150x186.png 150w, http:\/\/nam-viet-voyage.com\/wp-content\/uploads\/2015\/01\/chutes-kuang-si-161x200.png 161w, http:\/\/nam-viet-voyage.com\/wp-content\/uploads\/2015\/01\/chutes-kuang-si.png 297w\" sizes=\"auto, (max-width: 230px) 100vw, 230px\" \/><\/a><\/h5>\n<p style=\"text-align: justify;\">Les <strong>chutes de Kuang Si<\/strong> se trouvent \u00e0 environ 30 kilom\u00e8tres au sud-ouest de Luang Prabang, et s\u2019\u00e9talent sur trois niveaux principaux. Elles sont accessibles par un chemin, et de nombreux ponts et voies permettent de s\u2019y promener. La cascade principale atteint <strong>60 m\u00e8tres<\/strong> de hauteur. En outre, tout au long de sa descente, le cours d\u2019eau forme des <strong>piscines naturelles<\/strong> dans lesquelles il est possible de se baigner (sauf l\u2019une d\u2019entre elles consid\u00e9r\u00e9e comme sacr\u00e9e).<\/p>\n<\/div> <\/div> <\/div><\/div><\/div><\/div><\/div><\/section><section class=\"l-section wpb_row height_medium color_secondary\"><div class=\"l-section-h i-cf\"><div class=\"g-cols offset_small\"><div class=\" full-width\"><div class=\"g-cols wpb_row offset_small vc_inner \"><div class=\" full-width\">[vc_custom_heading text=\u00a0\u00bbPour tout projet ou information compl\u00e9mentaire, merci de nous contacter !\u00a0\u00bb font_container=\u00a0\u00bbtag:p|font_size:24|text_align:center\u00a0\u00bb google_fonts=\u00a0\u00bbfont_family:Nothing%20You%20Could%20Do%3Aregular|font_style:400%20regular%3A400%3Anormal\u00a0\u00bb]\n<div class=\"wpcf7 no-js\" id=\"wpcf7-f5977-o1\" lang=\"fr-FR\" dir=\"ltr\" data-wpcf7-id=\"5977\">\n<div class=\"screen-reader-response\"><p role=\"status\" aria-live=\"polite\" aria-atomic=\"true\"><\/p> <ul><\/ul><\/div>\n<form action=\"\/fr\/wp-json\/wp\/v2\/pages\/4223#wpcf7-f5977-o1\" method=\"post\" class=\"wpcf7-form init\" aria-label=\"Formulaire de contact\" novalidate=\"novalidate\" data-status=\"init\">\n<fieldset class=\"hidden-fields-container\"><input type=\"hidden\" name=\"_wpcf7\" value=\"5977\" \/><input type=\"hidden\" name=\"_wpcf7_version\" value=\"6.1.5\" \/><input type=\"hidden\" name=\"_wpcf7_locale\" value=\"fr_FR\" \/><input type=\"hidden\" name=\"_wpcf7_unit_tag\" value=\"wpcf7-f5977-o1\" \/><input type=\"hidden\" name=\"_wpcf7_container_post\" value=\"0\" \/><input type=\"hidden\" name=\"_wpcf7_posted_data_hash\" value=\"\" \/>\n<\/fieldset>\n<p>Votre Nom *\n<\/p>\n<p><span class=\"wpcf7-form-control-wrap\" data-name=\"your-name\"><input size=\"40\" maxlength=\"400\" class=\"wpcf7-form-control wpcf7-text wpcf7-validates-as-required\" aria-required=\"true\" aria-invalid=\"false\" value=\"\" type=\"text\" name=\"your-name\" \/><\/span>\n<\/p>\n<p>Votre Email *\n<\/p>\n<p><span class=\"wpcf7-form-control-wrap\" data-name=\"your-email\"><input size=\"40\" maxlength=\"400\" class=\"wpcf7-form-control wpcf7-email wpcf7-validates-as-required wpcf7-text wpcf7-validates-as-email\" aria-required=\"true\" aria-invalid=\"false\" value=\"\" type=\"email\" name=\"your-email\" \/><\/span>\n<\/p>\n<p>Votre Message *\n<\/p>\n<p><span class=\"wpcf7-form-control-wrap\" data-name=\"your-message\"><textarea cols=\"40\" rows=\"10\" maxlength=\"2000\" class=\"wpcf7-form-control wpcf7-textarea wpcf7-validates-as-required\" aria-required=\"true\" aria-invalid=\"false\" name=\"your-message\"><\/textarea><\/span>\n<\/p>\n<p><input class=\"wpcf7-form-control wpcf7-submit has-spinner\" type=\"submit\" value=\"Envoyer\" \/>\n<\/p><div class=\"wpcf7-response-output\" aria-hidden=\"true\"><\/div>\n<\/form>\n<\/div>\n<\/div><\/div><\/div><\/div><\/div><\/section>\n<p><a href=\"\/\/www.pinterest.com\/pin\/create\/button\/\" data-pin-do=\"buttonBookmark\" data-pin-color=\"red\" data-pin-height=\"128\"><img decoding=\"async\" src=\"\/\/assets.pinterest.com\/images\/pidgets\/pinit_fg_en_rect_red_28.png\" \/><\/a><\/p>","protected":false},"excerpt":{"rendered":"[vc_wp_custommenu nav_menu=\"174\" title=\"Laos - L'essentiel\"][vc_empty_space height=\"20px\"][vc_custom_heading text=\"Luang Prabang\" font_container=\"tag:h2|font_size:26|text_align:center\" google_fonts=\"font_family:Droid%20Sans%3Aregular%2C700|font_style:400%20regular%3A400%3Anormal\"]Port fluvial situ\u00e9 sur le Mekong, Luang Prabang la \u00ab ville du flamboyant \u00bb est inscrite au patrimoine mondial de l\u2019humanit\u00e9...","protected":false},"author":2,"featured_media":0,"parent":0,"menu_order":0,"comment_status":"closed","ping_status":"closed","template":"","meta":{"_crdt_document":"","footnotes":""},"class_list":["post-4223","page","type-page","status-publish","hentry"],"yoast_head":"<!-- This site is optimized with the Yoast SEO plugin v26.9 - https:\/\/yoast.com\/product\/yoast-seo-wordpress\/ -->\n<title>Luang Prabang - Nam Viet Voyage<\/title>\n<meta name=\"description\" content=\"Au Nord du Laos, sur le Mekong, Luang Prabang d\u00e9ploie des tr\u00e9sors d\u2019histoire et de nature, et se d\u00e9marque par ses traditions ancestrales.\" \/>\n<meta name=\"robots\" content=\"index, follow, max-snippet:-1, max-image-preview:large, max-video-preview:-1\" \/>\n<link rel=\"canonical\" href=\"http:\/\/nam-viet-voyage.com\/fr\/luang-prabang\/\" \/>\n<meta property=\"og:locale\" content=\"fr_FR\" \/>\n<meta property=\"og:type\" content=\"article\" \/>\n<meta property=\"og:title\" content=\"Luang Prabang - Nam Viet Voyage\" \/>\n<meta property=\"og:description\" content=\"Au Nord du Laos, sur le Mekong, Luang Prabang d\u00e9ploie des tr\u00e9sors d\u2019histoire et de nature, et se d\u00e9marque par ses traditions ancestrales.\" \/>\n<meta property=\"og:url\" content=\"http:\/\/nam-viet-voyage.com\/fr\/luang-prabang\/\" \/>\n<meta property=\"og:site_name\" content=\"Nam Viet Voyage\" \/>\n<meta property=\"article:publisher\" content=\"https:\/\/www.facebook.com\/NamVietVoyage\" \/>\n<meta property=\"article:modified_time\" content=\"2016-05-25T07:45:03+00:00\" \/>\n<meta property=\"og:image\" content=\"http:\/\/nam-viet-voyage.com\/wp-content\/uploads\/2015\/01\/mont-phousi.png\" \/>\n<meta name=\"twitter:card\" content=\"summary_large_image\" \/>\n<meta name=\"twitter:site\" content=\"@NamVietVoyage\" \/>\n<meta name=\"twitter:label1\" content=\"Dur\u00e9e de lecture estim\u00e9e\" \/>\n\t<meta name=\"twitter:data1\" content=\"4 minutes\" \/>\n<script type=\"application\/ld+json\" class=\"yoast-schema-graph\">{\"@context\":\"https:\/\/schema.org\",\"@graph\":[{\"@type\":\"WebPage\",\"@id\":\"http:\/\/nam-viet-voyage.com\/fr\/luang-prabang\/\",\"url\":\"http:\/\/nam-viet-voyage.com\/fr\/luang-prabang\/\",\"name\":\"Luang Prabang - Nam Viet Voyage\",\"isPartOf\":{\"@id\":\"https:\/\/nam-viet-voyage.com\/#website\"},\"primaryImageOfPage\":{\"@id\":\"http:\/\/nam-viet-voyage.com\/fr\/luang-prabang\/#primaryimage\"},\"image\":{\"@id\":\"http:\/\/nam-viet-voyage.com\/fr\/luang-prabang\/#primaryimage\"},\"thumbnailUrl\":\"http:\/\/nam-viet-voyage.com\/wp-content\/uploads\/2015\/01\/mont-phousi.png\",\"datePublished\":\"2015-01-22T02:21:24+00:00\",\"dateModified\":\"2016-05-25T07:45:03+00:00\",\"description\":\"Au Nord du Laos, sur le Mekong, Luang Prabang d\u00e9ploie des tr\u00e9sors d\u2019histoire et de nature, et se d\u00e9marque par ses traditions ancestrales.\",\"breadcrumb\":{\"@id\":\"http:\/\/nam-viet-voyage.com\/fr\/luang-prabang\/#breadcrumb\"},\"inLanguage\":\"fr-FR\",\"potentialAction\":[{\"@type\":\"ReadAction\",\"target\":[\"http:\/\/nam-viet-voyage.com\/fr\/luang-prabang\/\"]}]},{\"@type\":\"ImageObject\",\"inLanguage\":\"fr-FR\",\"@id\":\"http:\/\/nam-viet-voyage.com\/fr\/luang-prabang\/#primaryimage\",\"url\":\"http:\/\/nam-viet-voyage.com\/wp-content\/uploads\/2015\/01\/mont-phousi.png\",\"contentUrl\":\"http:\/\/nam-viet-voyage.com\/wp-content\/uploads\/2015\/01\/mont-phousi.png\"},{\"@type\":\"BreadcrumbList\",\"@id\":\"http:\/\/nam-viet-voyage.com\/fr\/luang-prabang\/#breadcrumb\",\"itemListElement\":[{\"@type\":\"ListItem\",\"position\":1,\"name\":\"Home\",\"item\":\"http:\/\/nam-viet-voyage.com\/fr\/\"},{\"@type\":\"ListItem\",\"position\":2,\"name\":\"Luang Prabang\"}]},{\"@type\":\"WebSite\",\"@id\":\"https:\/\/nam-viet-voyage.com\/#website\",\"url\":\"https:\/\/nam-viet-voyage.com\/\",\"name\":\"Nam Viet Voyage\",\"description\":\"Voyages en Asie du Sud-Est\",\"potentialAction\":[{\"@type\":\"SearchAction\",\"target\":{\"@type\":\"EntryPoint\",\"urlTemplate\":\"https:\/\/nam-viet-voyage.com\/?s={search_term_string}\"},\"query-input\":{\"@type\":\"PropertyValueSpecification\",\"valueRequired\":true,\"valueName\":\"search_term_string\"}}],\"inLanguage\":\"fr-FR\"}]}<\/script>\n<!-- \/ Yoast SEO plugin. -->","yoast_head_json":{"title":"Luang Prabang - Nam Viet Voyage","description":"Au Nord du Laos, sur le Mekong, Luang Prabang d\u00e9ploie des tr\u00e9sors d\u2019histoire et de nature, et se d\u00e9marque par ses traditions ancestrales.","robots":{"index":"index","follow":"follow","max-snippet":"max-snippet:-1","max-image-preview":"max-image-preview:large","max-video-preview":"max-video-preview:-1"},"canonical":"http:\/\/nam-viet-voyage.com\/fr\/luang-prabang\/","og_locale":"fr_FR","og_type":"article","og_title":"Luang Prabang - Nam Viet Voyage","og_description":"Au Nord du Laos, sur le Mekong, Luang Prabang d\u00e9ploie des tr\u00e9sors d\u2019histoire et de nature, et se d\u00e9marque par ses traditions ancestrales.","og_url":"http:\/\/nam-viet-voyage.com\/fr\/luang-prabang\/","og_site_name":"Nam Viet Voyage","article_publisher":"https:\/\/www.facebook.com\/NamVietVoyage","article_modified_time":"2016-05-25T07:45:03+00:00","og_image":[{"url":"http:\/\/nam-viet-voyage.com\/wp-content\/uploads\/2015\/01\/mont-phousi.png","type":"","width":"","height":""}],"twitter_card":"summary_large_image","twitter_site":"@NamVietVoyage","twitter_misc":{"Dur\u00e9e de lecture estim\u00e9e":"4 minutes"},"schema":{"@context":"https:\/\/schema.org","@graph":[{"@type":"WebPage","@id":"http:\/\/nam-viet-voyage.com\/fr\/luang-prabang\/","url":"http:\/\/nam-viet-voyage.com\/fr\/luang-prabang\/","name":"Luang Prabang - Nam Viet Voyage","isPartOf":{"@id":"https:\/\/nam-viet-voyage.com\/#website"},"primaryImageOfPage":{"@id":"http:\/\/nam-viet-voyage.com\/fr\/luang-prabang\/#primaryimage"},"image":{"@id":"http:\/\/nam-viet-voyage.com\/fr\/luang-prabang\/#primaryimage"},"thumbnailUrl":"http:\/\/nam-viet-voyage.com\/wp-content\/uploads\/2015\/01\/mont-phousi.png","datePublished":"2015-01-22T02:21:24+00:00","dateModified":"2016-05-25T07:45:03+00:00","description":"Au Nord du Laos, sur le Mekong, Luang Prabang d\u00e9ploie des tr\u00e9sors d\u2019histoire et de nature, et se d\u00e9marque par ses traditions ancestrales.","breadcrumb":{"@id":"http:\/\/nam-viet-voyage.com\/fr\/luang-prabang\/#breadcrumb"},"inLanguage":"fr-FR","potentialAction":[{"@type":"ReadAction","target":["http:\/\/nam-viet-voyage.com\/fr\/luang-prabang\/"]}]},{"@type":"ImageObject","inLanguage":"fr-FR","@id":"http:\/\/nam-viet-voyage.com\/fr\/luang-prabang\/#primaryimage","url":"http:\/\/nam-viet-voyage.com\/wp-content\/uploads\/2015\/01\/mont-phousi.png","contentUrl":"http:\/\/nam-viet-voyage.com\/wp-content\/uploads\/2015\/01\/mont-phousi.png"},{"@type":"BreadcrumbList","@id":"http:\/\/nam-viet-voyage.com\/fr\/luang-prabang\/#breadcrumb","itemListElement":[{"@type":"ListItem","position":1,"name":"Home","item":"http:\/\/nam-viet-voyage.com\/fr\/"},{"@type":"ListItem","position":2,"name":"Luang Prabang"}]},{"@type":"WebSite","@id":"https:\/\/nam-viet-voyage.com\/#website","url":"https:\/\/nam-viet-voyage.com\/","name":"Nam Viet Voyage","description":"Voyages en Asie du Sud-Est","potentialAction":[{"@type":"SearchAction","target":{"@type":"EntryPoint","urlTemplate":"https:\/\/nam-viet-voyage.com\/?s={search_term_string}"},"query-input":{"@type":"PropertyValueSpecification","valueRequired":true,"valueName":"search_term_string"}}],"inLanguage":"fr-FR"}]}},"_links":{"self":[{"href":"http:\/\/nam-viet-voyage.com\/fr\/wp-json\/wp\/v2\/pages\/4223","targetHints":{"allow":["GET"]}}],"collection":[{"href":"http:\/\/nam-viet-voyage.com\/fr\/wp-json\/wp\/v2\/pages"}],"about":[{"href":"http:\/\/nam-viet-voyage.com\/fr\/wp-json\/wp\/v2\/types\/page"}],"author":[{"embeddable":true,"href":"http:\/\/nam-viet-voyage.com\/fr\/wp-json\/wp\/v2\/users\/2"}],"replies":[{"embeddable":true,"href":"http:\/\/nam-viet-voyage.com\/fr\/wp-json\/wp\/v2\/comments?post=4223"}],"version-history":[{"count":17,"href":"http:\/\/nam-viet-voyage.com\/fr\/wp-json\/wp\/v2\/pages\/4223\/revisions"}],"predecessor-version":[{"id":11360,"href":"http:\/\/nam-viet-voyage.com\/fr\/wp-json\/wp\/v2\/pages\/4223\/revisions\/11360"}],"wp:attachment":[{"href":"http:\/\/nam-viet-voyage.com\/fr\/wp-json\/wp\/v2\/media?parent=4223"}],"curies":[{"name":"wp","href":"https:\/\/api.w.org\/{rel}","templated":true}]}}