{"id":4197,"date":"2015-01-22T02:00:34","date_gmt":"2015-01-22T02:00:34","guid":{"rendered":"http:\/\/nam-viet-voyage.com\/?page_id=4197"},"modified":"2016-05-25T07:45:04","modified_gmt":"2016-05-25T07:45:04","slug":"kep","status":"publish","type":"page","link":"http:\/\/nam-viet-voyage.com\/fr\/kep\/","title":{"rendered":"Kep"},"content":{"rendered":"<section class=\"l-section wpb_row height_medium\"><div class=\"l-section-h i-cf\"><div class=\"g-cols offset_small\"><div class=\" one-quarter\">[vc_wp_custommenu nav_menu=\u00a0\u00bb70&Prime; title=\u00a0\u00bbCambodge &#8211; Nos plus\u00a0\u00bb]<\/div><div class=\" three-quarters\"><div class=\"w-image  align_center\"><img loading=\"lazy\" decoding=\"async\" width=\"730\" height=\"200\" src=\"http:\/\/nam-viet-voyage.com\/wp-content\/uploads\/2015\/01\/kep.png\" class=\"attachment-full size-full\" alt=\"kep\" srcset=\"http:\/\/nam-viet-voyage.com\/wp-content\/uploads\/2015\/01\/kep.png 730w, http:\/\/nam-viet-voyage.com\/wp-content\/uploads\/2015\/01\/kep-300x82.png 300w, http:\/\/nam-viet-voyage.com\/wp-content\/uploads\/2015\/01\/kep-600x164.png 600w, http:\/\/nam-viet-voyage.com\/wp-content\/uploads\/2015\/01\/kep-150x41.png 150w\" sizes=\"auto, (max-width: 730px) 100vw, 730px\" \/><\/div>[vc_custom_heading text=\u00a0\u00bbKep\u00a0\u00bb font_container=\u00a0\u00bbtag:h2|font_size:26|text_align:center\u00a0\u00bb google_fonts=\u00a0\u00bbfont_family:Droid%20Sans%3Aregular%2C700|font_style:400%20regular%3A400%3Anormal\u00a0\u00bb]<div class=\"wpb_text_column \"><div class=\"wpb_wrapper\"><p>Ville c\u00f4ti\u00e8re du Cambodge, Kep se trouve sur une p\u00e9ninsule non loin de Kampot et de Sihanoukville. Elle fut baptis\u00e9e Kep-sur-Mer par les colons fran\u00e7ais, et demeura longtemps l\u2019une des stations baln\u00e9aires les plus r\u00e9put\u00e9es et prestigieuses du Cambodge. Au sommet de sa colline, les villas du roi, qui n\u2019ont jamais \u00e9t\u00e9 habit\u00e9es, sont toujours en place. Kep est c\u00e9l\u00e8bre pour sa tranquillit\u00e9\u00a0: il n\u2019y a pas grand-chose \u00e0 y voir ni \u00e0 y faire mais c\u2019est l\u2019endroit id\u00e9al pour faire une pause. Le week-end, les Cambodgiens y viennent d\u00e9guster du crabe frais et les expatri\u00e9s y profitent d\u2019une escapade \u00e0 la mer. En face de la c\u00f4te, \u00e0 un peu plus de 4 km, se trouve Koh Tonsay, \u00ab l\u2019\u00cele aux Lapins \u00bb qui d\u00e9roule sa bande de sable blanc au bord d\u2019une eau turquoise. Il est possible d\u2019y faire l\u2019aller-retour dans la journ\u00e9e, ou bien d\u2019y rester dormir dans de modestes homestays. La province de Kep abrite en outre un parc national \u00e9tabli en 1993, d\u2019une surface de 50 km<sup>2<\/sup>. Un circuit de 8 km fait le tour du parc qu\u2019il est possible de parcourir \u00e0 pied ou en VTT. Sur ce circuit, des signes indiquent des chemins int\u00e9rieurs tout \u00e0 fait praticable, et qui m\u00e8nent \u00e0 de superbes panoramas.<\/p><\/div> <\/div> <\/div><\/div><\/div><\/section><section class=\"l-section wpb_row height_medium color_secondary\"><div class=\"l-section-h i-cf\"><div class=\"g-cols offset_small\"><div class=\" full-width\"><div class=\"g-cols wpb_row offset_small vc_inner \"><div class=\" full-width\">[vc_custom_heading text=\u00a0\u00bbPour tout projet ou information compl\u00e9mentaire, merci de nous contacter !\u00a0\u00bb font_container=\u00a0\u00bbtag:p|font_size:24|text_align:center\u00a0\u00bb google_fonts=\u00a0\u00bbfont_family:Nothing%20You%20Could%20Do%3Aregular|font_style:400%20regular%3A400%3Anormal\u00a0\u00bb]\n<div class=\"wpcf7 no-js\" id=\"wpcf7-f5977-o1\" lang=\"fr-FR\" dir=\"ltr\" data-wpcf7-id=\"5977\">\n<div class=\"screen-reader-response\"><p role=\"status\" aria-live=\"polite\" aria-atomic=\"true\"><\/p> <ul><\/ul><\/div>\n<form action=\"\/fr\/wp-json\/wp\/v2\/pages\/4197#wpcf7-f5977-o1\" method=\"post\" class=\"wpcf7-form init\" aria-label=\"Formulaire de contact\" novalidate=\"novalidate\" data-status=\"init\">\n<fieldset class=\"hidden-fields-container\"><input type=\"hidden\" name=\"_wpcf7\" value=\"5977\" \/><input type=\"hidden\" name=\"_wpcf7_version\" value=\"6.1.5\" \/><input type=\"hidden\" name=\"_wpcf7_locale\" value=\"fr_FR\" \/><input type=\"hidden\" name=\"_wpcf7_unit_tag\" value=\"wpcf7-f5977-o1\" \/><input type=\"hidden\" name=\"_wpcf7_container_post\" value=\"0\" \/><input type=\"hidden\" name=\"_wpcf7_posted_data_hash\" value=\"\" \/>\n<\/fieldset>\n<p>Votre Nom *\n<\/p>\n<p><span class=\"wpcf7-form-control-wrap\" data-name=\"your-name\"><input size=\"40\" maxlength=\"400\" class=\"wpcf7-form-control wpcf7-text wpcf7-validates-as-required\" aria-required=\"true\" aria-invalid=\"false\" value=\"\" type=\"text\" name=\"your-name\" \/><\/span>\n<\/p>\n<p>Votre Email *\n<\/p>\n<p><span class=\"wpcf7-form-control-wrap\" data-name=\"your-email\"><input size=\"40\" maxlength=\"400\" class=\"wpcf7-form-control wpcf7-email wpcf7-validates-as-required wpcf7-text wpcf7-validates-as-email\" aria-required=\"true\" aria-invalid=\"false\" value=\"\" type=\"email\" name=\"your-email\" \/><\/span>\n<\/p>\n<p>Votre Message *\n<\/p>\n<p><span class=\"wpcf7-form-control-wrap\" data-name=\"your-message\"><textarea cols=\"40\" rows=\"10\" maxlength=\"2000\" class=\"wpcf7-form-control wpcf7-textarea wpcf7-validates-as-required\" aria-required=\"true\" aria-invalid=\"false\" name=\"your-message\"><\/textarea><\/span>\n<\/p>\n<p><input class=\"wpcf7-form-control wpcf7-submit has-spinner\" type=\"submit\" value=\"Envoyer\" \/>\n<\/p><div class=\"wpcf7-response-output\" aria-hidden=\"true\"><\/div>\n<\/form>\n<\/div>\n<\/div><\/div><\/div><\/div><\/div><\/section>\n<p><a href=\"\/\/www.pinterest.com\/pin\/create\/button\/\" data-pin-do=\"buttonBookmark\" data-pin-color=\"red\" data-pin-height=\"128\"><img decoding=\"async\" src=\"\/\/assets.pinterest.com\/images\/pidgets\/pinit_fg_en_rect_red_28.png\" \/><\/a><\/p>","protected":false},"excerpt":{"rendered":"[vc_wp_custommenu nav_menu=\"70\" title=\"Cambodge - Nos plus\"][vc_custom_heading text=\"Kep\" font_container=\"tag:h2|font_size:26|text_align:center\" google_fonts=\"font_family:Droid%20Sans%3Aregular%2C700|font_style:400%20regular%3A400%3Anormal\"]Ville c\u00f4ti\u00e8re du Cambodge, Kep se trouve sur une p\u00e9ninsule non loin de Kampot et de Sihanoukville. Elle fut baptis\u00e9e Kep-sur-Mer par...","protected":false},"author":2,"featured_media":0,"parent":0,"menu_order":0,"comment_status":"closed","ping_status":"closed","template":"","meta":{"_crdt_document":"","footnotes":""},"class_list":["post-4197","page","type-page","status-publish","hentry"],"yoast_head":"<!-- This site is optimized with the Yoast SEO plugin v27.4 - https:\/\/yoast.com\/product\/yoast-seo-wordpress\/ -->\n<title>Kep - Nam Viet Voyage<\/title>\n<meta name=\"description\" content=\"Ancienne station baln\u00e9aire des colons fran\u00e7ais, la ville de Kep au sud du Cambodge est aujourd&#039;hui une destination c\u00f4ti\u00e8re tranquille et agr\u00e9able.\" \/>\n<meta name=\"robots\" content=\"index, follow, max-snippet:-1, max-image-preview:large, max-video-preview:-1\" \/>\n<link rel=\"canonical\" href=\"https:\/\/nam-viet-voyage.com\/fr\/kep\/\" \/>\n<meta property=\"og:locale\" content=\"fr_FR\" \/>\n<meta property=\"og:type\" content=\"article\" \/>\n<meta property=\"og:title\" content=\"Kep - Nam Viet Voyage\" \/>\n<meta property=\"og:description\" content=\"Ancienne station baln\u00e9aire des colons fran\u00e7ais, la ville de Kep au sud du Cambodge est aujourd&#039;hui une destination c\u00f4ti\u00e8re tranquille et agr\u00e9able.\" \/>\n<meta property=\"og:url\" content=\"https:\/\/nam-viet-voyage.com\/fr\/kep\/\" \/>\n<meta property=\"og:site_name\" content=\"Nam Viet Voyage\" \/>\n<meta property=\"article:publisher\" content=\"https:\/\/www.facebook.com\/NamVietVoyage\" \/>\n<meta property=\"article:modified_time\" content=\"2016-05-25T07:45:04+00:00\" \/>\n<meta name=\"twitter:card\" content=\"summary_large_image\" \/>\n<meta name=\"twitter:site\" content=\"@NamVietVoyage\" \/>\n<meta name=\"twitter:label1\" content=\"Dur\u00e9e de lecture estim\u00e9e\" \/>\n\t<meta name=\"twitter:data1\" content=\"2 minutes\" \/>\n<script type=\"application\/ld+json\" class=\"yoast-schema-graph\">{\"@context\":\"https:\\\/\\\/schema.org\",\"@graph\":[{\"@type\":\"WebPage\",\"@id\":\"https:\\\/\\\/nam-viet-voyage.com\\\/fr\\\/kep\\\/\",\"url\":\"https:\\\/\\\/nam-viet-voyage.com\\\/fr\\\/kep\\\/\",\"name\":\"Kep - Nam Viet Voyage\",\"isPartOf\":{\"@id\":\"https:\\\/\\\/nam-viet-voyage.com\\\/#website\"},\"datePublished\":\"2015-01-22T02:00:34+00:00\",\"dateModified\":\"2016-05-25T07:45:04+00:00\",\"description\":\"Ancienne station baln\u00e9aire des colons fran\u00e7ais, la ville de Kep au sud du Cambodge est aujourd'hui une destination c\u00f4ti\u00e8re tranquille et agr\u00e9able.\",\"breadcrumb\":{\"@id\":\"https:\\\/\\\/nam-viet-voyage.com\\\/fr\\\/kep\\\/#breadcrumb\"},\"inLanguage\":\"fr-FR\",\"potentialAction\":[{\"@type\":\"ReadAction\",\"target\":[\"https:\\\/\\\/nam-viet-voyage.com\\\/fr\\\/kep\\\/\"]}]},{\"@type\":\"BreadcrumbList\",\"@id\":\"https:\\\/\\\/nam-viet-voyage.com\\\/fr\\\/kep\\\/#breadcrumb\",\"itemListElement\":[{\"@type\":\"ListItem\",\"position\":1,\"name\":\"Home\",\"item\":\"http:\\\/\\\/nam-viet-voyage.com\\\/fr\\\/\"},{\"@type\":\"ListItem\",\"position\":2,\"name\":\"Kep\"}]},{\"@type\":\"WebSite\",\"@id\":\"https:\\\/\\\/nam-viet-voyage.com\\\/#website\",\"url\":\"https:\\\/\\\/nam-viet-voyage.com\\\/\",\"name\":\"Nam Viet Voyage\",\"description\":\"Voyages en Asie du Sud-Est\",\"potentialAction\":[{\"@type\":\"SearchAction\",\"target\":{\"@type\":\"EntryPoint\",\"urlTemplate\":\"https:\\\/\\\/nam-viet-voyage.com\\\/?s={search_term_string}\"},\"query-input\":{\"@type\":\"PropertyValueSpecification\",\"valueRequired\":true,\"valueName\":\"search_term_string\"}}],\"inLanguage\":\"fr-FR\"}]}<\/script>\n<!-- \/ Yoast SEO plugin. -->","yoast_head_json":{"title":"Kep - Nam Viet Voyage","description":"Ancienne station baln\u00e9aire des colons fran\u00e7ais, la ville de Kep au sud du Cambodge est aujourd'hui une destination c\u00f4ti\u00e8re tranquille et agr\u00e9able.","robots":{"index":"index","follow":"follow","max-snippet":"max-snippet:-1","max-image-preview":"max-image-preview:large","max-video-preview":"max-video-preview:-1"},"canonical":"https:\/\/nam-viet-voyage.com\/fr\/kep\/","og_locale":"fr_FR","og_type":"article","og_title":"Kep - Nam Viet Voyage","og_description":"Ancienne station baln\u00e9aire des colons fran\u00e7ais, la ville de Kep au sud du Cambodge est aujourd'hui une destination c\u00f4ti\u00e8re tranquille et agr\u00e9able.","og_url":"https:\/\/nam-viet-voyage.com\/fr\/kep\/","og_site_name":"Nam Viet Voyage","article_publisher":"https:\/\/www.facebook.com\/NamVietVoyage","article_modified_time":"2016-05-25T07:45:04+00:00","twitter_card":"summary_large_image","twitter_site":"@NamVietVoyage","twitter_misc":{"Dur\u00e9e de lecture estim\u00e9e":"2 minutes"},"schema":{"@context":"https:\/\/schema.org","@graph":[{"@type":"WebPage","@id":"https:\/\/nam-viet-voyage.com\/fr\/kep\/","url":"https:\/\/nam-viet-voyage.com\/fr\/kep\/","name":"Kep - Nam Viet Voyage","isPartOf":{"@id":"https:\/\/nam-viet-voyage.com\/#website"},"datePublished":"2015-01-22T02:00:34+00:00","dateModified":"2016-05-25T07:45:04+00:00","description":"Ancienne station baln\u00e9aire des colons fran\u00e7ais, la ville de Kep au sud du Cambodge est aujourd'hui une destination c\u00f4ti\u00e8re tranquille et agr\u00e9able.","breadcrumb":{"@id":"https:\/\/nam-viet-voyage.com\/fr\/kep\/#breadcrumb"},"inLanguage":"fr-FR","potentialAction":[{"@type":"ReadAction","target":["https:\/\/nam-viet-voyage.com\/fr\/kep\/"]}]},{"@type":"BreadcrumbList","@id":"https:\/\/nam-viet-voyage.com\/fr\/kep\/#breadcrumb","itemListElement":[{"@type":"ListItem","position":1,"name":"Home","item":"http:\/\/nam-viet-voyage.com\/fr\/"},{"@type":"ListItem","position":2,"name":"Kep"}]},{"@type":"WebSite","@id":"https:\/\/nam-viet-voyage.com\/#website","url":"https:\/\/nam-viet-voyage.com\/","name":"Nam Viet Voyage","description":"Voyages en Asie du Sud-Est","potentialAction":[{"@type":"SearchAction","target":{"@type":"EntryPoint","urlTemplate":"https:\/\/nam-viet-voyage.com\/?s={search_term_string}"},"query-input":{"@type":"PropertyValueSpecification","valueRequired":true,"valueName":"search_term_string"}}],"inLanguage":"fr-FR"}]}},"_links":{"self":[{"href":"http:\/\/nam-viet-voyage.com\/fr\/wp-json\/wp\/v2\/pages\/4197","targetHints":{"allow":["GET"]}}],"collection":[{"href":"http:\/\/nam-viet-voyage.com\/fr\/wp-json\/wp\/v2\/pages"}],"about":[{"href":"http:\/\/nam-viet-voyage.com\/fr\/wp-json\/wp\/v2\/types\/page"}],"author":[{"embeddable":true,"href":"http:\/\/nam-viet-voyage.com\/fr\/wp-json\/wp\/v2\/users\/2"}],"replies":[{"embeddable":true,"href":"http:\/\/nam-viet-voyage.com\/fr\/wp-json\/wp\/v2\/comments?post=4197"}],"version-history":[{"count":10,"href":"http:\/\/nam-viet-voyage.com\/fr\/wp-json\/wp\/v2\/pages\/4197\/revisions"}],"predecessor-version":[{"id":9700,"href":"http:\/\/nam-viet-voyage.com\/fr\/wp-json\/wp\/v2\/pages\/4197\/revisions\/9700"}],"wp:attachment":[{"href":"http:\/\/nam-viet-voyage.com\/fr\/wp-json\/wp\/v2\/media?parent=4197"}],"curies":[{"name":"wp","href":"https:\/\/api.w.org\/{rel}","templated":true}]}}