{"id":4195,"date":"2015-01-22T01:59:44","date_gmt":"2015-01-22T01:59:44","guid":{"rendered":"http:\/\/nam-viet-voyage.com\/?page_id=4195"},"modified":"2016-05-25T07:45:04","modified_gmt":"2016-05-25T07:45:04","slug":"sihanoukville","status":"publish","type":"page","link":"http:\/\/nam-viet-voyage.com\/fr\/sihanoukville\/","title":{"rendered":"Sihanoukville"},"content":{"rendered":"<section class=\"l-section wpb_row height_medium\"><div class=\"l-section-h i-cf\"><div class=\"g-cols offset_small\"><div class=\" one-quarter\">[vc_wp_custommenu nav_menu=\u00a0\u00bb70&Prime; title=\u00a0\u00bbCambodge &#8211; Nos plus\u00a0\u00bb]<\/div><div class=\" three-quarters\"><div class=\"w-image  align_center\"><img loading=\"lazy\" decoding=\"async\" width=\"730\" height=\"200\" src=\"http:\/\/nam-viet-voyage.com\/wp-content\/uploads\/2015\/01\/sihanoukville.png\" class=\"attachment-full size-full\" alt=\"sihanoukville\" srcset=\"http:\/\/nam-viet-voyage.com\/wp-content\/uploads\/2015\/01\/sihanoukville.png 730w, http:\/\/nam-viet-voyage.com\/wp-content\/uploads\/2015\/01\/sihanoukville-300x82.png 300w, http:\/\/nam-viet-voyage.com\/wp-content\/uploads\/2015\/01\/sihanoukville-600x164.png 600w, http:\/\/nam-viet-voyage.com\/wp-content\/uploads\/2015\/01\/sihanoukville-150x41.png 150w\" sizes=\"auto, (max-width: 730px) 100vw, 730px\" \/><\/div>[vc_empty_space height=\u00a0\u00bb20px\u00a0\u00bb][vc_custom_heading text=\u00a0\u00bbSihanoukville\u00a0\u00bb font_container=\u00a0\u00bbtag:h2|font_size:26|text_align:center\u00a0\u00bb google_fonts=\u00a0\u00bbfont_family:Droid%20Sans%3Aregular%2C700|font_style:400%20regular%3A400%3Anormal\u00a0\u00bb]<div class=\"wpb_text_column \"><div class=\"wpb_wrapper\"><p>Seul port et unique station baln\u00e9aire du Cambodge, Sihanoukville tend \u00e0 s\u2019agrandir mais reste une ville \u00e0 taille humaine. Anciennement appel\u00e9e Kompong Som, la ville a \u00e9t\u00e9 renomm\u00e9e Sihanouk en l\u2019honneur du roi Norodom Sihanouk. Profitez du soleil, de la mer, de la chaleur, de la plong\u00e9e sous-marine, de l\u2019archipel, des balades en tuk-tuk et \u00e0 pied\u2026 Ici, vous vous d\u00e9tendrez au gr\u00e9 du sable blanc et des crustac\u00e9s.<\/p><\/div> <\/div> <\/div><\/div><\/div><\/section><section class=\"l-section wpb_row height_medium color_secondary with_img\"><div class=\"l-section-img\" style=\"background-image: url(http:\/\/nam-viet-voyage.com\/wp-content\/uploads\/2015\/01\/fond-ardoise-reduit-meilleur.jpg);\" data-img-width=\"1200\" data-img-height=\"960\"><\/div><div class=\"l-section-h i-cf\"><div class=\"g-cols offset_small\"><div class=\" full-width\"><div class=\"g-cols wpb_row offset_small vc_inner \"><div class=\" one-third\"><div class=\"wpb_text_column \"><div class=\"wpb_wrapper\">\n<h5 style=\"text-align: center;\"><a ref=\"magnificPopup\" href=\"http:\/\/nam-viet-voyage.com\/wp-content\/uploads\/2015\/01\/parc-national-de-ream.png\"><img loading=\"lazy\" decoding=\"async\" class=\"aligncenter wp-image-4676\" src=\"http:\/\/nam-viet-voyage.com\/wp-content\/uploads\/2015\/01\/parc-national-de-ream.png\" alt=\"parc-national-de-ream\" width=\"230\" height=\"285\" srcset=\"http:\/\/nam-viet-voyage.com\/wp-content\/uploads\/2015\/01\/parc-national-de-ream.png 297w, http:\/\/nam-viet-voyage.com\/wp-content\/uploads\/2015\/01\/parc-national-de-ream-242x300.png 242w, http:\/\/nam-viet-voyage.com\/wp-content\/uploads\/2015\/01\/parc-national-de-ream-150x186.png 150w, http:\/\/nam-viet-voyage.com\/wp-content\/uploads\/2015\/01\/parc-national-de-ream-161x200.png 161w\" sizes=\"auto, (max-width: 230px) 100vw, 230px\" \/><\/a><\/h5>\n<p style=\"text-align: justify;\">Situ\u00e9 \u00e0 une trentaine de kilom\u00e8tres de <strong>Sihanoukville<\/strong> sur le\u00a0<strong>littoral du Golfe de Tha\u00eflande<\/strong>, le <strong>parc de Ream<\/strong> est une <strong>r\u00e9serve naturelle<\/strong>. Cr\u00e9\u00e9 en 1993 par le roi Norodom Sihanouk, ce parc poss\u00e8de 21 000 hectares de terre et 85 000 de mangrove. \u00c0 l\u2019occasion d\u2019une <strong>balade en bateau<\/strong>, vous constaterez une <strong>faune et une flore abondantes<\/strong> mais en voie de disparition pour certaines esp\u00e8ces.<\/p>\n<\/div> <\/div> <\/div><div class=\" one-third\"><div class=\"wpb_text_column \"><div class=\"wpb_wrapper\">\n<h5 style=\"text-align: center;\"><a ref=\"magnificPopup\" href=\"http:\/\/nam-viet-voyage.com\/wp-content\/uploads\/2015\/01\/chutes-eau-kbal-chhay.png\"><img loading=\"lazy\" decoding=\"async\" class=\"aligncenter wp-image-4678\" src=\"http:\/\/nam-viet-voyage.com\/wp-content\/uploads\/2015\/01\/chutes-eau-kbal-chhay.png\" alt=\"chutes-eau-kbal-chhay\" width=\"230\" height=\"285\" srcset=\"http:\/\/nam-viet-voyage.com\/wp-content\/uploads\/2015\/01\/chutes-eau-kbal-chhay.png 297w, http:\/\/nam-viet-voyage.com\/wp-content\/uploads\/2015\/01\/chutes-eau-kbal-chhay-242x300.png 242w, http:\/\/nam-viet-voyage.com\/wp-content\/uploads\/2015\/01\/chutes-eau-kbal-chhay-150x186.png 150w, http:\/\/nam-viet-voyage.com\/wp-content\/uploads\/2015\/01\/chutes-eau-kbal-chhay-161x200.png 161w\" sizes=\"auto, (max-width: 230px) 100vw, 230px\" \/><\/a><\/h5>\n<p style=\"text-align: justify;\">Vous\u00a0acc\u00e9derez\u00a0aux <strong>chutes<\/strong> le long d\u2019un cours d\u2019eau dans un <strong>superbe paysage<\/strong>. Ce <strong>site naturel<\/strong> est tr\u00e8s fr\u00e9quent\u00e9 par les Cambodgiens le week-end pour un pique-nique ou une simple <strong>promenade<\/strong> dominicale et familiale. Vous pourrez profiter de la <strong>baignade<\/strong> en saison s\u00e8che, trop dangereux en saison des pluies.<\/p>\n<\/div> <\/div> <\/div><div class=\" one-third\"><div class=\"wpb_text_column \"><div class=\"wpb_wrapper\">\n<h5><a ref=\"magnificPopup\" href=\"http:\/\/nam-viet-voyage.com\/wp-content\/uploads\/2015\/01\/plage-otres.png\"><img loading=\"lazy\" decoding=\"async\" class=\"aligncenter wp-image-8375\" src=\"http:\/\/nam-viet-voyage.com\/wp-content\/uploads\/2015\/01\/plage-otres-250x300.png\" alt=\"\" width=\"238\" height=\"285\" srcset=\"http:\/\/nam-viet-voyage.com\/wp-content\/uploads\/2015\/01\/plage-otres-250x300.png 250w, http:\/\/nam-viet-voyage.com\/wp-content\/uploads\/2015\/01\/plage-otres-150x180.png 150w, http:\/\/nam-viet-voyage.com\/wp-content\/uploads\/2015\/01\/plage-otres-300x360.png 300w, http:\/\/nam-viet-voyage.com\/wp-content\/uploads\/2015\/01\/plage-otres-167x200.png 167w, http:\/\/nam-viet-voyage.com\/wp-content\/uploads\/2015\/01\/plage-otres.png 350w\" sizes=\"auto, (max-width: 238px) 100vw, 238px\" \/><\/a><\/h5>\n<p style=\"text-align: justify;\">La plage d&rsquo;Otres est l&rsquo;une des plus belles plages du <strong>Cambodge<\/strong>. Un peu recul\u00e9e, vous y\u00a0acc\u00e9derez\u00a0par un petit bois longeant le <strong>sable blanc<\/strong>. Class\u00e9 au top 30 des plages d\u2019Asie, ce <strong>lieu d\u2019Eden<\/strong> vous offrira soleil, baignade, <strong>farniente<\/strong>, et bien d\u2019autres <strong>plaisirs nature<\/strong>.<\/p>\n<\/div> <\/div> <\/div><\/div>[vc_empty_space height=\u00a0\u00bb32px\u00a0\u00bb]<div class=\"g-cols wpb_row offset_small vc_inner \"><div class=\" one-half\"><div class=\"wpb_text_column \"><div class=\"wpb_wrapper\">\n<h5 style=\"text-align: center;\"><a ref=\"magnificPopup\" href=\"http:\/\/nam-viet-voyage.com\/wp-content\/uploads\/2015\/01\/plongee-sous-marine.png\"><img loading=\"lazy\" decoding=\"async\" class=\"aligncenter wp-image-4680\" src=\"http:\/\/nam-viet-voyage.com\/wp-content\/uploads\/2015\/01\/plongee-sous-marine.png\" alt=\"plongee-sous-marine\" width=\"230\" height=\"285\" srcset=\"http:\/\/nam-viet-voyage.com\/wp-content\/uploads\/2015\/01\/plongee-sous-marine.png 297w, http:\/\/nam-viet-voyage.com\/wp-content\/uploads\/2015\/01\/plongee-sous-marine-242x300.png 242w, http:\/\/nam-viet-voyage.com\/wp-content\/uploads\/2015\/01\/plongee-sous-marine-150x186.png 150w, http:\/\/nam-viet-voyage.com\/wp-content\/uploads\/2015\/01\/plongee-sous-marine-161x200.png 161w\" sizes=\"auto, (max-width: 230px) 100vw, 230px\" \/><\/a><\/h5>\n<p style=\"text-align: justify;\">Encore au d\u00e9but de sa r\u00e9putation, profitez des <strong>\u00eeles<\/strong> et de la <strong>plong\u00e9e sous-marine<\/strong> tant que les fonds sont encore vierges et encore propres. Passionn\u00e9, d\u00e9butant, amateur ou confirm\u00e9, chacun sera \u00e9merveill\u00e9 par la beaut\u00e9, la puret\u00e9 et les <strong>couleurs de la mer du Golfe de Tha\u00eflande<\/strong>. Vous profiterez aussi des \u00eeles et \u00eelots perdus dans une <strong>mer turquoise<\/strong>, de barbecues sur la plage, de bivouac et autres <strong>balades en bateau<\/strong>.<\/p>\n<\/div> <\/div> <\/div><div class=\" one-half\"><div class=\"wpb_text_column \"><div class=\"wpb_wrapper\">\n<h5 style=\"text-align: center;\"><a ref=\"magnificPopup\" href=\"http:\/\/nam-viet-voyage.com\/wp-content\/uploads\/2015\/01\/ile-de-koh-rong.png\"><img loading=\"lazy\" decoding=\"async\" class=\"aligncenter wp-image-4682\" src=\"http:\/\/nam-viet-voyage.com\/wp-content\/uploads\/2015\/01\/ile-de-koh-rong.png\" alt=\"ile-de-koh-rong\" width=\"230\" height=\"285\" srcset=\"http:\/\/nam-viet-voyage.com\/wp-content\/uploads\/2015\/01\/ile-de-koh-rong.png 297w, http:\/\/nam-viet-voyage.com\/wp-content\/uploads\/2015\/01\/ile-de-koh-rong-242x300.png 242w, http:\/\/nam-viet-voyage.com\/wp-content\/uploads\/2015\/01\/ile-de-koh-rong-150x186.png 150w, http:\/\/nam-viet-voyage.com\/wp-content\/uploads\/2015\/01\/ile-de-koh-rong-161x200.png 161w\" sizes=\"auto, (max-width: 230px) 100vw, 230px\" \/><\/a><\/h5>\n<p style=\"text-align: justify;\">Une petite travers\u00e9e en bateau et vous voil\u00e0 sur l\u2019\u00eele de <strong>Koh Rong<\/strong>. L\u00e0 encore, d\u00e9couvrez un <strong>petit coin de paradis<\/strong>. Cette <strong>\u00eele presque d\u00e9serte<\/strong>, n\u2019a qu\u2019une guest house. Vous ne verrez ni voiture, ni scooter, et ne go\u00fbterez pas au luxe de l\u2019\u00e9lectricit\u00e9. Lors de la travers\u00e9e vous profiterez du spectacle des<strong> dauphins d\u2019eau douce<\/strong>, <strong>Irrawaddy<\/strong>, esp\u00e8ce en voix de disparition.<\/p>\n<\/div> <\/div> <\/div><\/div><\/div><\/div><\/div><\/section><section class=\"l-section wpb_row height_medium color_secondary\"><div class=\"l-section-h i-cf\"><div class=\"g-cols offset_small\"><div class=\" full-width\"><div class=\"g-cols wpb_row offset_small vc_inner \"><div class=\" full-width\">[vc_custom_heading text=\u00a0\u00bbPour tout projet ou information compl\u00e9mentaire, merci de nous contacter !\u00a0\u00bb font_container=\u00a0\u00bbtag:p|font_size:24|text_align:center\u00a0\u00bb google_fonts=\u00a0\u00bbfont_family:Nothing%20You%20Could%20Do%3Aregular|font_style:400%20regular%3A400%3Anormal\u00a0\u00bb]\n<div class=\"wpcf7 no-js\" id=\"wpcf7-f5977-o1\" lang=\"fr-FR\" dir=\"ltr\" data-wpcf7-id=\"5977\">\n<div class=\"screen-reader-response\"><p role=\"status\" aria-live=\"polite\" aria-atomic=\"true\"><\/p> <ul><\/ul><\/div>\n<form action=\"\/fr\/wp-json\/wp\/v2\/pages\/4195#wpcf7-f5977-o1\" method=\"post\" class=\"wpcf7-form init\" aria-label=\"Formulaire de contact\" novalidate=\"novalidate\" data-status=\"init\">\n<fieldset class=\"hidden-fields-container\"><input type=\"hidden\" name=\"_wpcf7\" value=\"5977\" \/><input type=\"hidden\" name=\"_wpcf7_version\" value=\"6.1.5\" \/><input type=\"hidden\" name=\"_wpcf7_locale\" value=\"fr_FR\" \/><input type=\"hidden\" name=\"_wpcf7_unit_tag\" value=\"wpcf7-f5977-o1\" \/><input type=\"hidden\" name=\"_wpcf7_container_post\" value=\"0\" \/><input type=\"hidden\" name=\"_wpcf7_posted_data_hash\" value=\"\" \/>\n<\/fieldset>\n<p>Votre Nom *\n<\/p>\n<p><span class=\"wpcf7-form-control-wrap\" data-name=\"your-name\"><input size=\"40\" maxlength=\"400\" class=\"wpcf7-form-control wpcf7-text wpcf7-validates-as-required\" aria-required=\"true\" aria-invalid=\"false\" value=\"\" type=\"text\" name=\"your-name\" \/><\/span>\n<\/p>\n<p>Votre Email *\n<\/p>\n<p><span class=\"wpcf7-form-control-wrap\" data-name=\"your-email\"><input size=\"40\" maxlength=\"400\" class=\"wpcf7-form-control wpcf7-email wpcf7-validates-as-required wpcf7-text wpcf7-validates-as-email\" aria-required=\"true\" aria-invalid=\"false\" value=\"\" type=\"email\" name=\"your-email\" \/><\/span>\n<\/p>\n<p>Votre Message *\n<\/p>\n<p><span class=\"wpcf7-form-control-wrap\" data-name=\"your-message\"><textarea cols=\"40\" rows=\"10\" maxlength=\"2000\" class=\"wpcf7-form-control wpcf7-textarea wpcf7-validates-as-required\" aria-required=\"true\" aria-invalid=\"false\" name=\"your-message\"><\/textarea><\/span>\n<\/p>\n<p><input class=\"wpcf7-form-control wpcf7-submit has-spinner\" type=\"submit\" value=\"Envoyer\" \/>\n<\/p><div class=\"wpcf7-response-output\" aria-hidden=\"true\"><\/div>\n<\/form>\n<\/div>\n<\/div><\/div><\/div><\/div><\/div><\/section>\n<p><a href=\"\/\/www.pinterest.com\/pin\/create\/button\/\" data-pin-do=\"buttonBookmark\" data-pin-color=\"red\" data-pin-height=\"128\"><img decoding=\"async\" src=\"\/\/assets.pinterest.com\/images\/pidgets\/pinit_fg_en_rect_red_28.png\" \/><\/a><\/p>","protected":false},"excerpt":{"rendered":"[vc_wp_custommenu nav_menu=\"70\" title=\"Cambodge - Nos plus\"][vc_empty_space height=\"20px\"][vc_custom_heading text=\"Sihanoukville\" font_container=\"tag:h2|font_size:26|text_align:center\" google_fonts=\"font_family:Droid%20Sans%3Aregular%2C700|font_style:400%20regular%3A400%3Anormal\"]Seul port et unique station baln\u00e9aire du Cambodge, Sihanoukville tend \u00e0 s\u2019agrandir mais reste une ville \u00e0 taille humaine. Anciennement appel\u00e9e...","protected":false},"author":2,"featured_media":0,"parent":0,"menu_order":0,"comment_status":"closed","ping_status":"closed","template":"","meta":{"_crdt_document":"","footnotes":""},"class_list":["post-4195","page","type-page","status-publish","hentry"],"yoast_head":"<!-- This site is optimized with the Yoast SEO plugin v26.9 - https:\/\/yoast.com\/product\/yoast-seo-wordpress\/ -->\n<title>Sihanoukville - Nam Viet Voyage<\/title>\n<meta name=\"description\" content=\"Sihanoukville est l&#039;unique station baln\u00e9aire du Cambodge. Elle attire par ses beaux paysages, sa nature luxuriante et ses fonds-marins.\" \/>\n<meta name=\"robots\" content=\"index, follow, max-snippet:-1, max-image-preview:large, max-video-preview:-1\" \/>\n<link rel=\"canonical\" href=\"http:\/\/nam-viet-voyage.com\/fr\/sihanoukville\/\" \/>\n<meta property=\"og:locale\" content=\"fr_FR\" \/>\n<meta property=\"og:type\" content=\"article\" \/>\n<meta property=\"og:title\" content=\"Sihanoukville - Nam Viet Voyage\" \/>\n<meta property=\"og:description\" content=\"Sihanoukville est l&#039;unique station baln\u00e9aire du Cambodge. Elle attire par ses beaux paysages, sa nature luxuriante et ses fonds-marins.\" \/>\n<meta property=\"og:url\" content=\"http:\/\/nam-viet-voyage.com\/fr\/sihanoukville\/\" \/>\n<meta property=\"og:site_name\" content=\"Nam Viet Voyage\" \/>\n<meta property=\"article:publisher\" content=\"https:\/\/www.facebook.com\/NamVietVoyage\" \/>\n<meta property=\"article:modified_time\" content=\"2016-05-25T07:45:04+00:00\" \/>\n<meta property=\"og:image\" content=\"http:\/\/nam-viet-voyage.com\/wp-content\/uploads\/2015\/01\/parc-national-de-ream.png\" \/>\n<meta name=\"twitter:card\" content=\"summary_large_image\" \/>\n<meta name=\"twitter:site\" content=\"@NamVietVoyage\" \/>\n<meta name=\"twitter:label1\" content=\"Dur\u00e9e de lecture estim\u00e9e\" \/>\n\t<meta name=\"twitter:data1\" content=\"3 minutes\" \/>\n<script type=\"application\/ld+json\" class=\"yoast-schema-graph\">{\"@context\":\"https:\/\/schema.org\",\"@graph\":[{\"@type\":\"WebPage\",\"@id\":\"http:\/\/nam-viet-voyage.com\/fr\/sihanoukville\/\",\"url\":\"http:\/\/nam-viet-voyage.com\/fr\/sihanoukville\/\",\"name\":\"Sihanoukville - Nam Viet Voyage\",\"isPartOf\":{\"@id\":\"https:\/\/nam-viet-voyage.com\/#website\"},\"primaryImageOfPage\":{\"@id\":\"http:\/\/nam-viet-voyage.com\/fr\/sihanoukville\/#primaryimage\"},\"image\":{\"@id\":\"http:\/\/nam-viet-voyage.com\/fr\/sihanoukville\/#primaryimage\"},\"thumbnailUrl\":\"http:\/\/nam-viet-voyage.com\/wp-content\/uploads\/2015\/01\/parc-national-de-ream.png\",\"datePublished\":\"2015-01-22T01:59:44+00:00\",\"dateModified\":\"2016-05-25T07:45:04+00:00\",\"description\":\"Sihanoukville est l'unique station baln\u00e9aire du Cambodge. Elle attire par ses beaux paysages, sa nature luxuriante et ses fonds-marins.\",\"breadcrumb\":{\"@id\":\"http:\/\/nam-viet-voyage.com\/fr\/sihanoukville\/#breadcrumb\"},\"inLanguage\":\"fr-FR\",\"potentialAction\":[{\"@type\":\"ReadAction\",\"target\":[\"http:\/\/nam-viet-voyage.com\/fr\/sihanoukville\/\"]}]},{\"@type\":\"ImageObject\",\"inLanguage\":\"fr-FR\",\"@id\":\"http:\/\/nam-viet-voyage.com\/fr\/sihanoukville\/#primaryimage\",\"url\":\"http:\/\/nam-viet-voyage.com\/wp-content\/uploads\/2015\/01\/parc-national-de-ream.png\",\"contentUrl\":\"http:\/\/nam-viet-voyage.com\/wp-content\/uploads\/2015\/01\/parc-national-de-ream.png\"},{\"@type\":\"BreadcrumbList\",\"@id\":\"http:\/\/nam-viet-voyage.com\/fr\/sihanoukville\/#breadcrumb\",\"itemListElement\":[{\"@type\":\"ListItem\",\"position\":1,\"name\":\"Home\",\"item\":\"http:\/\/nam-viet-voyage.com\/fr\/\"},{\"@type\":\"ListItem\",\"position\":2,\"name\":\"Sihanoukville\"}]},{\"@type\":\"WebSite\",\"@id\":\"https:\/\/nam-viet-voyage.com\/#website\",\"url\":\"https:\/\/nam-viet-voyage.com\/\",\"name\":\"Nam Viet Voyage\",\"description\":\"Voyages en Asie du Sud-Est\",\"potentialAction\":[{\"@type\":\"SearchAction\",\"target\":{\"@type\":\"EntryPoint\",\"urlTemplate\":\"https:\/\/nam-viet-voyage.com\/?s={search_term_string}\"},\"query-input\":{\"@type\":\"PropertyValueSpecification\",\"valueRequired\":true,\"valueName\":\"search_term_string\"}}],\"inLanguage\":\"fr-FR\"}]}<\/script>\n<!-- \/ Yoast SEO plugin. -->","yoast_head_json":{"title":"Sihanoukville - Nam Viet Voyage","description":"Sihanoukville est l'unique station baln\u00e9aire du Cambodge. Elle attire par ses beaux paysages, sa nature luxuriante et ses fonds-marins.","robots":{"index":"index","follow":"follow","max-snippet":"max-snippet:-1","max-image-preview":"max-image-preview:large","max-video-preview":"max-video-preview:-1"},"canonical":"http:\/\/nam-viet-voyage.com\/fr\/sihanoukville\/","og_locale":"fr_FR","og_type":"article","og_title":"Sihanoukville - Nam Viet Voyage","og_description":"Sihanoukville est l'unique station baln\u00e9aire du Cambodge. Elle attire par ses beaux paysages, sa nature luxuriante et ses fonds-marins.","og_url":"http:\/\/nam-viet-voyage.com\/fr\/sihanoukville\/","og_site_name":"Nam Viet Voyage","article_publisher":"https:\/\/www.facebook.com\/NamVietVoyage","article_modified_time":"2016-05-25T07:45:04+00:00","og_image":[{"url":"http:\/\/nam-viet-voyage.com\/wp-content\/uploads\/2015\/01\/parc-national-de-ream.png","type":"","width":"","height":""}],"twitter_card":"summary_large_image","twitter_site":"@NamVietVoyage","twitter_misc":{"Dur\u00e9e de lecture estim\u00e9e":"3 minutes"},"schema":{"@context":"https:\/\/schema.org","@graph":[{"@type":"WebPage","@id":"http:\/\/nam-viet-voyage.com\/fr\/sihanoukville\/","url":"http:\/\/nam-viet-voyage.com\/fr\/sihanoukville\/","name":"Sihanoukville - Nam Viet Voyage","isPartOf":{"@id":"https:\/\/nam-viet-voyage.com\/#website"},"primaryImageOfPage":{"@id":"http:\/\/nam-viet-voyage.com\/fr\/sihanoukville\/#primaryimage"},"image":{"@id":"http:\/\/nam-viet-voyage.com\/fr\/sihanoukville\/#primaryimage"},"thumbnailUrl":"http:\/\/nam-viet-voyage.com\/wp-content\/uploads\/2015\/01\/parc-national-de-ream.png","datePublished":"2015-01-22T01:59:44+00:00","dateModified":"2016-05-25T07:45:04+00:00","description":"Sihanoukville est l'unique station baln\u00e9aire du Cambodge. Elle attire par ses beaux paysages, sa nature luxuriante et ses fonds-marins.","breadcrumb":{"@id":"http:\/\/nam-viet-voyage.com\/fr\/sihanoukville\/#breadcrumb"},"inLanguage":"fr-FR","potentialAction":[{"@type":"ReadAction","target":["http:\/\/nam-viet-voyage.com\/fr\/sihanoukville\/"]}]},{"@type":"ImageObject","inLanguage":"fr-FR","@id":"http:\/\/nam-viet-voyage.com\/fr\/sihanoukville\/#primaryimage","url":"http:\/\/nam-viet-voyage.com\/wp-content\/uploads\/2015\/01\/parc-national-de-ream.png","contentUrl":"http:\/\/nam-viet-voyage.com\/wp-content\/uploads\/2015\/01\/parc-national-de-ream.png"},{"@type":"BreadcrumbList","@id":"http:\/\/nam-viet-voyage.com\/fr\/sihanoukville\/#breadcrumb","itemListElement":[{"@type":"ListItem","position":1,"name":"Home","item":"http:\/\/nam-viet-voyage.com\/fr\/"},{"@type":"ListItem","position":2,"name":"Sihanoukville"}]},{"@type":"WebSite","@id":"https:\/\/nam-viet-voyage.com\/#website","url":"https:\/\/nam-viet-voyage.com\/","name":"Nam Viet Voyage","description":"Voyages en Asie du Sud-Est","potentialAction":[{"@type":"SearchAction","target":{"@type":"EntryPoint","urlTemplate":"https:\/\/nam-viet-voyage.com\/?s={search_term_string}"},"query-input":{"@type":"PropertyValueSpecification","valueRequired":true,"valueName":"search_term_string"}}],"inLanguage":"fr-FR"}]}},"_links":{"self":[{"href":"http:\/\/nam-viet-voyage.com\/fr\/wp-json\/wp\/v2\/pages\/4195","targetHints":{"allow":["GET"]}}],"collection":[{"href":"http:\/\/nam-viet-voyage.com\/fr\/wp-json\/wp\/v2\/pages"}],"about":[{"href":"http:\/\/nam-viet-voyage.com\/fr\/wp-json\/wp\/v2\/types\/page"}],"author":[{"embeddable":true,"href":"http:\/\/nam-viet-voyage.com\/fr\/wp-json\/wp\/v2\/users\/2"}],"replies":[{"embeddable":true,"href":"http:\/\/nam-viet-voyage.com\/fr\/wp-json\/wp\/v2\/comments?post=4195"}],"version-history":[{"count":17,"href":"http:\/\/nam-viet-voyage.com\/fr\/wp-json\/wp\/v2\/pages\/4195\/revisions"}],"predecessor-version":[{"id":11364,"href":"http:\/\/nam-viet-voyage.com\/fr\/wp-json\/wp\/v2\/pages\/4195\/revisions\/11364"}],"wp:attachment":[{"href":"http:\/\/nam-viet-voyage.com\/fr\/wp-json\/wp\/v2\/media?parent=4195"}],"curies":[{"name":"wp","href":"https:\/\/api.w.org\/{rel}","templated":true}]}}