{"id":4183,"date":"2015-01-22T01:50:32","date_gmt":"2015-01-22T01:50:32","guid":{"rendered":"http:\/\/nam-viet-voyage.com\/?page_id=4183"},"modified":"2016-05-25T07:45:04","modified_gmt":"2016-05-25T07:45:04","slug":"kratie","status":"publish","type":"page","link":"http:\/\/nam-viet-voyage.com\/fr\/kratie\/","title":{"rendered":"Kratie"},"content":{"rendered":"<section class=\"l-section wpb_row height_medium\"><div class=\"l-section-h i-cf\"><div class=\"g-cols offset_small\"><div class=\" one-quarter\">[vc_wp_custommenu nav_menu=\u00a0\u00bb70&Prime; title=\u00a0\u00bbCambodge &#8211; Nos plus\u00a0\u00bb]<\/div><div class=\" three-quarters\"><div class=\"w-image  align_center\"><img loading=\"lazy\" decoding=\"async\" width=\"730\" height=\"200\" src=\"http:\/\/nam-viet-voyage.com\/wp-content\/uploads\/2015\/01\/kratie.png\" class=\"attachment-full size-full\" alt=\"kratie\" srcset=\"http:\/\/nam-viet-voyage.com\/wp-content\/uploads\/2015\/01\/kratie.png 730w, http:\/\/nam-viet-voyage.com\/wp-content\/uploads\/2015\/01\/kratie-300x82.png 300w, http:\/\/nam-viet-voyage.com\/wp-content\/uploads\/2015\/01\/kratie-600x164.png 600w, http:\/\/nam-viet-voyage.com\/wp-content\/uploads\/2015\/01\/kratie-150x41.png 150w\" sizes=\"auto, (max-width: 730px) 100vw, 730px\" \/><\/div>[vc_empty_space height=\u00a0\u00bb20px\u00a0\u00bb][vc_custom_heading text=\u00a0\u00bbKratie\u00a0\u00bb font_container=\u00a0\u00bbtag:h2|font_size:26|text_align:center\u00a0\u00bb google_fonts=\u00a0\u00bbfont_family:Droid%20Sans%3Aregular%2C700|font_style:400%20regular%3A400%3Anormal\u00a0\u00bb]<div class=\"wpb_text_column \"><div class=\"wpb_wrapper\"><p>Kratie est situ\u00e9e dans la jungle, elle est ainsi pr\u00e9serv\u00e9e dans un monde sauvage et refl\u00e8te l\u2019image du Cambodge. March\u00e9, temple, \u00eele, villages alentours, balades au bord du M\u00e9kong, dauphins Irrawaddy, d\u00e9couvrez les charmes de Kratie, berceau des Khmers du 6<sup>e<\/sup> au 8<sup>e<\/sup> si\u00e8cle. Explorez un environnement encore brut et peu connu du Cambodge.<\/p><\/div> <\/div> <\/div><\/div><\/div><\/section><section class=\"l-section wpb_row height_medium color_secondary with_img\"><div class=\"l-section-img\" style=\"background-image: url(http:\/\/nam-viet-voyage.com\/wp-content\/uploads\/2015\/01\/fond-ardoise-reduit-meilleur.jpg);\" data-img-width=\"1200\" data-img-height=\"960\"><\/div><div class=\"l-section-h i-cf\"><div class=\"g-cols offset_small\"><div class=\" full-width\"><div class=\"g-cols wpb_row offset_small vc_inner \"><div class=\" one-half\"><div class=\"wpb_text_column \"><div class=\"wpb_wrapper\">\n<h5 style=\"text-align: center;\"><a ref=\"magnificPopup\" href=\"http:\/\/nam-viet-voyage.com\/wp-content\/uploads\/2015\/01\/pagode-roka-kandal.png\"><img loading=\"lazy\" decoding=\"async\" class=\"aligncenter wp-image-8409\" src=\"http:\/\/nam-viet-voyage.com\/wp-content\/uploads\/2015\/01\/pagode-roka-kandal-242x300.png\" alt=\"\" width=\"230\" height=\"285\" srcset=\"http:\/\/nam-viet-voyage.com\/wp-content\/uploads\/2015\/01\/pagode-roka-kandal-242x300.png 242w, http:\/\/nam-viet-voyage.com\/wp-content\/uploads\/2015\/01\/pagode-roka-kandal-150x186.png 150w, http:\/\/nam-viet-voyage.com\/wp-content\/uploads\/2015\/01\/pagode-roka-kandal-161x200.png 161w, http:\/\/nam-viet-voyage.com\/wp-content\/uploads\/2015\/01\/pagode-roka-kandal.png 297w\" sizes=\"auto, (max-width: 230px) 100vw, 230px\" \/><\/a><\/h5>\n<p style=\"text-align: justify;\">Le temps semble s\u2019\u00eatre arr\u00eat\u00e9 pr\u00e8s de cette <strong>pagode Roka Kandal<\/strong>. Fresques color\u00e9s, colonnes dor\u00e9es, charpentes travaill\u00e9es, c\u2019est dans un <strong>environnement paisible<\/strong> que vous appr\u00e9cierez le temps immobilis\u00e9 de cet ancien temple. Vous pourrez profiter du jardin pour une petite <strong>relaxation au soleil<\/strong>.<\/p>\n<\/div> <\/div> <\/div><div class=\" one-half\"><div class=\"wpb_text_column \"><div class=\"wpb_wrapper\">\n<h5 style=\"text-align: center;\"><a ref=\"magnificPopup\" href=\"http:\/\/nam-viet-voyage.com\/wp-content\/uploads\/2015\/01\/dauphins-irrawaddy.png\"><img loading=\"lazy\" decoding=\"async\" class=\"aligncenter wp-image-4688\" src=\"http:\/\/nam-viet-voyage.com\/wp-content\/uploads\/2015\/01\/dauphins-irrawaddy.png\" alt=\"dauphins-irrawaddy\" width=\"230\" height=\"285\" srcset=\"http:\/\/nam-viet-voyage.com\/wp-content\/uploads\/2015\/01\/dauphins-irrawaddy.png 297w, http:\/\/nam-viet-voyage.com\/wp-content\/uploads\/2015\/01\/dauphins-irrawaddy-242x300.png 242w, http:\/\/nam-viet-voyage.com\/wp-content\/uploads\/2015\/01\/dauphins-irrawaddy-150x186.png 150w, http:\/\/nam-viet-voyage.com\/wp-content\/uploads\/2015\/01\/dauphins-irrawaddy-161x200.png 161w\" sizes=\"auto, (max-width: 230px) 100vw, 230px\" \/><\/a><\/h5>\n<p style=\"text-align: justify;\">\u00c0 15 kilom\u00e8tres au\u00a0<strong>nord de Kratie<\/strong>\u00a0et en fin d\u2019apr\u00e8s-midi, \u00e0 l\u2019occasion d\u2019un\u00a0<strong>coucher de soleil<\/strong>, ouvrez l\u2019\u0153il pour ne pas rater les ailerons des\u00a0<strong>dauphins\u00a0d\u2019eau douce<\/strong> <strong>Irrawaddy<\/strong>, esp\u00e8ce\u00a0malheureusement\u00a0en voie de disparition. C\u2019est \u00e0 l\u2019occasion d\u2019une balade en barque que vous pourrez les approcher.<\/p>\n<\/div> <\/div> <\/div><\/div><\/div><\/div><\/div><\/section><section class=\"l-section wpb_row height_medium color_secondary\"><div class=\"l-section-h i-cf\"><div class=\"g-cols offset_small\"><div class=\" full-width\"><div class=\"g-cols wpb_row offset_small vc_inner \"><div class=\" full-width\">[vc_custom_heading text=\u00a0\u00bbPour tout projet ou information compl\u00e9mentaire, merci de nous contacter !\u00a0\u00bb font_container=\u00a0\u00bbtag:p|font_size:24|text_align:center\u00a0\u00bb google_fonts=\u00a0\u00bbfont_family:Nothing%20You%20Could%20Do%3Aregular|font_style:400%20regular%3A400%3Anormal\u00a0\u00bb]\n<div class=\"wpcf7 no-js\" id=\"wpcf7-f5977-o1\" lang=\"fr-FR\" dir=\"ltr\" data-wpcf7-id=\"5977\">\n<div class=\"screen-reader-response\"><p role=\"status\" aria-live=\"polite\" aria-atomic=\"true\"><\/p> <ul><\/ul><\/div>\n<form action=\"\/fr\/wp-json\/wp\/v2\/pages\/4183#wpcf7-f5977-o1\" method=\"post\" class=\"wpcf7-form init\" aria-label=\"Formulaire de contact\" novalidate=\"novalidate\" data-status=\"init\">\n<fieldset class=\"hidden-fields-container\"><input type=\"hidden\" name=\"_wpcf7\" value=\"5977\" \/><input type=\"hidden\" name=\"_wpcf7_version\" value=\"6.1.5\" \/><input type=\"hidden\" name=\"_wpcf7_locale\" value=\"fr_FR\" \/><input type=\"hidden\" name=\"_wpcf7_unit_tag\" value=\"wpcf7-f5977-o1\" \/><input type=\"hidden\" name=\"_wpcf7_container_post\" value=\"0\" \/><input type=\"hidden\" name=\"_wpcf7_posted_data_hash\" value=\"\" \/>\n<\/fieldset>\n<p>Votre Nom *\n<\/p>\n<p><span class=\"wpcf7-form-control-wrap\" data-name=\"your-name\"><input size=\"40\" maxlength=\"400\" class=\"wpcf7-form-control wpcf7-text wpcf7-validates-as-required\" aria-required=\"true\" aria-invalid=\"false\" value=\"\" type=\"text\" name=\"your-name\" \/><\/span>\n<\/p>\n<p>Votre Email *\n<\/p>\n<p><span class=\"wpcf7-form-control-wrap\" data-name=\"your-email\"><input size=\"40\" maxlength=\"400\" class=\"wpcf7-form-control wpcf7-email wpcf7-validates-as-required wpcf7-text wpcf7-validates-as-email\" aria-required=\"true\" aria-invalid=\"false\" value=\"\" type=\"email\" name=\"your-email\" \/><\/span>\n<\/p>\n<p>Votre Message *\n<\/p>\n<p><span class=\"wpcf7-form-control-wrap\" data-name=\"your-message\"><textarea cols=\"40\" rows=\"10\" maxlength=\"2000\" class=\"wpcf7-form-control wpcf7-textarea wpcf7-validates-as-required\" aria-required=\"true\" aria-invalid=\"false\" name=\"your-message\"><\/textarea><\/span>\n<\/p>\n<p><input class=\"wpcf7-form-control wpcf7-submit has-spinner\" type=\"submit\" value=\"Envoyer\" \/>\n<\/p><div class=\"wpcf7-response-output\" aria-hidden=\"true\"><\/div>\n<\/form>\n<\/div>\n<\/div><\/div><\/div><\/div><\/div><\/section>\n<p><a href=\"\/\/www.pinterest.com\/pin\/create\/button\/\" data-pin-do=\"buttonBookmark\" data-pin-color=\"red\" data-pin-height=\"128\"><img decoding=\"async\" src=\"\/\/assets.pinterest.com\/images\/pidgets\/pinit_fg_en_rect_red_28.png\" \/><\/a><\/p>","protected":false},"excerpt":{"rendered":"[vc_wp_custommenu nav_menu=\"70\" title=\"Cambodge - Nos plus\"][vc_empty_space height=\"20px\"][vc_custom_heading text=\"Kratie\" font_container=\"tag:h2|font_size:26|text_align:center\" google_fonts=\"font_family:Droid%20Sans%3Aregular%2C700|font_style:400%20regular%3A400%3Anormal\"]Kratie est situ\u00e9e dans la jungle, elle est ainsi pr\u00e9serv\u00e9e dans un monde sauvage et refl\u00e8te l\u2019image du Cambodge. March\u00e9, temple,...","protected":false},"author":2,"featured_media":0,"parent":0,"menu_order":0,"comment_status":"closed","ping_status":"closed","template":"","meta":{"_crdt_document":"","footnotes":""},"class_list":["post-4183","page","type-page","status-publish","hentry"],"yoast_head":"<!-- This site is optimized with the Yoast SEO plugin v26.9 - https:\/\/yoast.com\/product\/yoast-seo-wordpress\/ -->\n<title>Kratie - Nam Viet Voyage<\/title>\n<meta name=\"description\" content=\"Kratie est une petite ville attirante situ\u00e9e le long du Mekong. Elle est notamment c\u00e9l\u00e8bre pour la population de dauphins Irrawaddy qui y vit.\" \/>\n<meta name=\"robots\" content=\"index, follow, max-snippet:-1, max-image-preview:large, max-video-preview:-1\" \/>\n<link rel=\"canonical\" href=\"https:\/\/nam-viet-voyage.com\/fr\/kratie\/\" \/>\n<meta property=\"og:locale\" content=\"fr_FR\" \/>\n<meta property=\"og:type\" content=\"article\" \/>\n<meta property=\"og:title\" content=\"Kratie - Nam Viet Voyage\" \/>\n<meta property=\"og:description\" content=\"Kratie est une petite ville attirante situ\u00e9e le long du Mekong. Elle est notamment c\u00e9l\u00e8bre pour la population de dauphins Irrawaddy qui y vit.\" \/>\n<meta property=\"og:url\" content=\"https:\/\/nam-viet-voyage.com\/fr\/kratie\/\" \/>\n<meta property=\"og:site_name\" content=\"Nam Viet Voyage\" \/>\n<meta property=\"article:publisher\" content=\"https:\/\/www.facebook.com\/NamVietVoyage\" \/>\n<meta property=\"article:modified_time\" content=\"2016-05-25T07:45:04+00:00\" \/>\n<meta property=\"og:image\" content=\"http:\/\/nam-viet-voyage.com\/wp-content\/uploads\/2015\/01\/pagode-roka-kandal-242x300.png\" \/>\n<meta name=\"twitter:card\" content=\"summary_large_image\" \/>\n<meta name=\"twitter:site\" content=\"@NamVietVoyage\" \/>\n<meta name=\"twitter:label1\" content=\"Dur\u00e9e de lecture estim\u00e9e\" \/>\n\t<meta name=\"twitter:data1\" content=\"2 minutes\" \/>\n<script type=\"application\/ld+json\" class=\"yoast-schema-graph\">{\"@context\":\"https:\/\/schema.org\",\"@graph\":[{\"@type\":\"WebPage\",\"@id\":\"https:\/\/nam-viet-voyage.com\/fr\/kratie\/\",\"url\":\"https:\/\/nam-viet-voyage.com\/fr\/kratie\/\",\"name\":\"Kratie - Nam Viet Voyage\",\"isPartOf\":{\"@id\":\"http:\/\/nam-viet-voyage.com\/fr\/#website\"},\"primaryImageOfPage\":{\"@id\":\"https:\/\/nam-viet-voyage.com\/fr\/kratie\/#primaryimage\"},\"image\":{\"@id\":\"https:\/\/nam-viet-voyage.com\/fr\/kratie\/#primaryimage\"},\"thumbnailUrl\":\"http:\/\/nam-viet-voyage.com\/wp-content\/uploads\/2015\/01\/pagode-roka-kandal-242x300.png\",\"datePublished\":\"2015-01-22T01:50:32+00:00\",\"dateModified\":\"2016-05-25T07:45:04+00:00\",\"description\":\"Kratie est une petite ville attirante situ\u00e9e le long du Mekong. Elle est notamment c\u00e9l\u00e8bre pour la population de dauphins Irrawaddy qui y vit.\",\"breadcrumb\":{\"@id\":\"https:\/\/nam-viet-voyage.com\/fr\/kratie\/#breadcrumb\"},\"inLanguage\":\"fr-FR\",\"potentialAction\":[{\"@type\":\"ReadAction\",\"target\":[\"https:\/\/nam-viet-voyage.com\/fr\/kratie\/\"]}]},{\"@type\":\"ImageObject\",\"inLanguage\":\"fr-FR\",\"@id\":\"https:\/\/nam-viet-voyage.com\/fr\/kratie\/#primaryimage\",\"url\":\"http:\/\/nam-viet-voyage.com\/wp-content\/uploads\/2015\/01\/pagode-roka-kandal-242x300.png\",\"contentUrl\":\"http:\/\/nam-viet-voyage.com\/wp-content\/uploads\/2015\/01\/pagode-roka-kandal-242x300.png\"},{\"@type\":\"BreadcrumbList\",\"@id\":\"https:\/\/nam-viet-voyage.com\/fr\/kratie\/#breadcrumb\",\"itemListElement\":[{\"@type\":\"ListItem\",\"position\":1,\"name\":\"Home\",\"item\":\"http:\/\/nam-viet-voyage.com\/fr\/\"},{\"@type\":\"ListItem\",\"position\":2,\"name\":\"Kratie\"}]},{\"@type\":\"WebSite\",\"@id\":\"http:\/\/nam-viet-voyage.com\/fr\/#website\",\"url\":\"http:\/\/nam-viet-voyage.com\/fr\/\",\"name\":\"Nam Viet Voyage\",\"description\":\"Voyages en Asie du Sud-Est\",\"potentialAction\":[{\"@type\":\"SearchAction\",\"target\":{\"@type\":\"EntryPoint\",\"urlTemplate\":\"http:\/\/nam-viet-voyage.com\/fr\/?s={search_term_string}\"},\"query-input\":{\"@type\":\"PropertyValueSpecification\",\"valueRequired\":true,\"valueName\":\"search_term_string\"}}],\"inLanguage\":\"fr-FR\"}]}<\/script>\n<!-- \/ Yoast SEO plugin. -->","yoast_head_json":{"title":"Kratie - Nam Viet Voyage","description":"Kratie est une petite ville attirante situ\u00e9e le long du Mekong. Elle est notamment c\u00e9l\u00e8bre pour la population de dauphins Irrawaddy qui y vit.","robots":{"index":"index","follow":"follow","max-snippet":"max-snippet:-1","max-image-preview":"max-image-preview:large","max-video-preview":"max-video-preview:-1"},"canonical":"https:\/\/nam-viet-voyage.com\/fr\/kratie\/","og_locale":"fr_FR","og_type":"article","og_title":"Kratie - Nam Viet Voyage","og_description":"Kratie est une petite ville attirante situ\u00e9e le long du Mekong. Elle est notamment c\u00e9l\u00e8bre pour la population de dauphins Irrawaddy qui y vit.","og_url":"https:\/\/nam-viet-voyage.com\/fr\/kratie\/","og_site_name":"Nam Viet Voyage","article_publisher":"https:\/\/www.facebook.com\/NamVietVoyage","article_modified_time":"2016-05-25T07:45:04+00:00","og_image":[{"url":"http:\/\/nam-viet-voyage.com\/wp-content\/uploads\/2015\/01\/pagode-roka-kandal-242x300.png","type":"","width":"","height":""}],"twitter_card":"summary_large_image","twitter_site":"@NamVietVoyage","twitter_misc":{"Dur\u00e9e de lecture estim\u00e9e":"2 minutes"},"schema":{"@context":"https:\/\/schema.org","@graph":[{"@type":"WebPage","@id":"https:\/\/nam-viet-voyage.com\/fr\/kratie\/","url":"https:\/\/nam-viet-voyage.com\/fr\/kratie\/","name":"Kratie - Nam Viet Voyage","isPartOf":{"@id":"http:\/\/nam-viet-voyage.com\/fr\/#website"},"primaryImageOfPage":{"@id":"https:\/\/nam-viet-voyage.com\/fr\/kratie\/#primaryimage"},"image":{"@id":"https:\/\/nam-viet-voyage.com\/fr\/kratie\/#primaryimage"},"thumbnailUrl":"http:\/\/nam-viet-voyage.com\/wp-content\/uploads\/2015\/01\/pagode-roka-kandal-242x300.png","datePublished":"2015-01-22T01:50:32+00:00","dateModified":"2016-05-25T07:45:04+00:00","description":"Kratie est une petite ville attirante situ\u00e9e le long du Mekong. Elle est notamment c\u00e9l\u00e8bre pour la population de dauphins Irrawaddy qui y vit.","breadcrumb":{"@id":"https:\/\/nam-viet-voyage.com\/fr\/kratie\/#breadcrumb"},"inLanguage":"fr-FR","potentialAction":[{"@type":"ReadAction","target":["https:\/\/nam-viet-voyage.com\/fr\/kratie\/"]}]},{"@type":"ImageObject","inLanguage":"fr-FR","@id":"https:\/\/nam-viet-voyage.com\/fr\/kratie\/#primaryimage","url":"http:\/\/nam-viet-voyage.com\/wp-content\/uploads\/2015\/01\/pagode-roka-kandal-242x300.png","contentUrl":"http:\/\/nam-viet-voyage.com\/wp-content\/uploads\/2015\/01\/pagode-roka-kandal-242x300.png"},{"@type":"BreadcrumbList","@id":"https:\/\/nam-viet-voyage.com\/fr\/kratie\/#breadcrumb","itemListElement":[{"@type":"ListItem","position":1,"name":"Home","item":"http:\/\/nam-viet-voyage.com\/fr\/"},{"@type":"ListItem","position":2,"name":"Kratie"}]},{"@type":"WebSite","@id":"http:\/\/nam-viet-voyage.com\/fr\/#website","url":"http:\/\/nam-viet-voyage.com\/fr\/","name":"Nam Viet Voyage","description":"Voyages en Asie du Sud-Est","potentialAction":[{"@type":"SearchAction","target":{"@type":"EntryPoint","urlTemplate":"http:\/\/nam-viet-voyage.com\/fr\/?s={search_term_string}"},"query-input":{"@type":"PropertyValueSpecification","valueRequired":true,"valueName":"search_term_string"}}],"inLanguage":"fr-FR"}]}},"_links":{"self":[{"href":"http:\/\/nam-viet-voyage.com\/fr\/wp-json\/wp\/v2\/pages\/4183","targetHints":{"allow":["GET"]}}],"collection":[{"href":"http:\/\/nam-viet-voyage.com\/fr\/wp-json\/wp\/v2\/pages"}],"about":[{"href":"http:\/\/nam-viet-voyage.com\/fr\/wp-json\/wp\/v2\/types\/page"}],"author":[{"embeddable":true,"href":"http:\/\/nam-viet-voyage.com\/fr\/wp-json\/wp\/v2\/users\/2"}],"replies":[{"embeddable":true,"href":"http:\/\/nam-viet-voyage.com\/fr\/wp-json\/wp\/v2\/comments?post=4183"}],"version-history":[{"count":13,"href":"http:\/\/nam-viet-voyage.com\/fr\/wp-json\/wp\/v2\/pages\/4183\/revisions"}],"predecessor-version":[{"id":11365,"href":"http:\/\/nam-viet-voyage.com\/fr\/wp-json\/wp\/v2\/pages\/4183\/revisions\/11365"}],"wp:attachment":[{"href":"http:\/\/nam-viet-voyage.com\/fr\/wp-json\/wp\/v2\/media?parent=4183"}],"curies":[{"name":"wp","href":"https:\/\/api.w.org\/{rel}","templated":true}]}}