{"id":4181,"date":"2015-01-22T01:48:50","date_gmt":"2015-01-22T01:48:50","guid":{"rendered":"http:\/\/nam-viet-voyage.com\/?page_id=4181"},"modified":"2016-05-25T07:45:04","modified_gmt":"2016-05-25T07:45:04","slug":"sihanoukville-les-plus-belles-plages","status":"publish","type":"page","link":"http:\/\/nam-viet-voyage.com\/fr\/sihanoukville-les-plus-belles-plages\/","title":{"rendered":"Plages : Sihanoukville"},"content":{"rendered":"<section class=\"l-section wpb_row height_medium\"><div class=\"l-section-h i-cf\"><div class=\"g-cols offset_small\"><div class=\" one-quarter\">[vc_wp_custommenu nav_menu=\u00a0\u00bb175&Prime; title=\u00a0\u00bbLes plus belles plages Vietnam &amp; Cambodge\u00a0\u00bb]<\/div><div class=\" three-quarters\"><div class=\"w-image  align_center\"><img loading=\"lazy\" decoding=\"async\" width=\"730\" height=\"200\" src=\"http:\/\/nam-viet-voyage.com\/wp-content\/uploads\/2015\/01\/sihanoukville.png\" class=\"attachment-full size-full\" alt=\"sihanoukville\" srcset=\"http:\/\/nam-viet-voyage.com\/wp-content\/uploads\/2015\/01\/sihanoukville.png 730w, http:\/\/nam-viet-voyage.com\/wp-content\/uploads\/2015\/01\/sihanoukville-300x82.png 300w, http:\/\/nam-viet-voyage.com\/wp-content\/uploads\/2015\/01\/sihanoukville-600x164.png 600w, http:\/\/nam-viet-voyage.com\/wp-content\/uploads\/2015\/01\/sihanoukville-150x41.png 150w\" sizes=\"auto, (max-width: 730px) 100vw, 730px\" \/><\/div>[vc_empty_space height=\u00a0\u00bb20px\u00a0\u00bb][vc_custom_heading text=\u00a0\u00bbSihanoukville\u00a0\u00bb font_container=\u00a0\u00bbtag:h2|font_size:26|text_align:center\u00a0\u00bb google_fonts=\u00a0\u00bbfont_family:Droid%20Sans%3Aregular%2C700|font_style:400%20regular%3A400%3Anormal\u00a0\u00bb]<div class=\"wpb_text_column \"><div class=\"wpb_wrapper\"><strong>Localisation :<\/strong> Cambodge Sud<\/p>\n<p><strong>Meilleure p\u00e9riode :<\/strong> Novembre \u00e0 juin<\/p>\n<p><strong>Caract\u00e9ristiques :<\/strong> Au Sud du pays, Sihanoukville constitue la seule v\u00e9ritable station baln\u00e9aire du Cambodge. Elle a le charme d&rsquo;une ville \u00e0 taille humaine, tout en proposant les activit\u00e9s de bord de mer classiques. \u00c0 l&rsquo;\u00e9cart du centre-ville, la plage d&rsquo;Otres fait partie des plus belles d&rsquo;Asie : 3 km de sable blanc o\u00f9 r\u00e8gnent calme et tranquillit\u00e9. En outre, il est possible d&rsquo;y faire de la plong\u00e9e et de visiter les \u00eeles et \u00eelots qui se trouvent tout pr\u00e8s, comme <a href=\"http:\/\/nam-viet-voyage.com\/koh-rong\/\" target=\"_blank\">Koh Rong<\/a>.<\/p>\n<p><a href=\"http:\/\/nam-viet-voyage.com\/sihanoukville\/\" target=\"_blank\">Tout savoir sur Sihanoukville<\/a><\/div> <\/div> <\/div><\/div><\/div><\/section><section class=\"l-section wpb_row height_medium\"><div class=\"l-section-h i-cf\"><div class=\"g-cols offset_small\"><div class=\" full-width\"><div class=\"w-gallery layout_default cols_3 with_indents link_media\"><div class=\"w-gallery-list\"><a class=\"w-gallery-item order_1\" href=\"http:\/\/nam-viet-voyage.com\/wp-content\/uploads\/2015\/01\/sihanoukville-plage.jpg\" title=\"sihanoukville-plage\"><img loading=\"lazy\" decoding=\"async\" width=\"559\" height=\"333\" src=\"http:\/\/nam-viet-voyage.com\/wp-content\/uploads\/2015\/01\/sihanoukville-plage.jpg\" class=\"w-gallery-item-img\" alt=\"\" srcset=\"http:\/\/nam-viet-voyage.com\/wp-content\/uploads\/2015\/01\/sihanoukville-plage.jpg 559w, http:\/\/nam-viet-voyage.com\/wp-content\/uploads\/2015\/01\/sihanoukville-plage-300x179.jpg 300w, http:\/\/nam-viet-voyage.com\/wp-content\/uploads\/2015\/01\/sihanoukville-plage-150x89.jpg 150w\" sizes=\"auto, (max-width: 559px) 100vw, 559px\" \/><span class=\"w-gallery-item-hover\"><\/span><span class=\"w-gallery-item-title\">sihanoukville-plage<\/span><\/a><a class=\"w-gallery-item order_2\" href=\"http:\/\/nam-viet-voyage.com\/wp-content\/uploads\/2015\/01\/sihanoukville-coucher-soleil.jpg\" title=\"sihanoukville-coucher-soleil\"><img loading=\"lazy\" decoding=\"async\" width=\"560\" height=\"337\" src=\"http:\/\/nam-viet-voyage.com\/wp-content\/uploads\/2015\/01\/sihanoukville-coucher-soleil.jpg\" class=\"w-gallery-item-img\" alt=\"\" srcset=\"http:\/\/nam-viet-voyage.com\/wp-content\/uploads\/2015\/01\/sihanoukville-coucher-soleil.jpg 560w, http:\/\/nam-viet-voyage.com\/wp-content\/uploads\/2015\/01\/sihanoukville-coucher-soleil-300x181.jpg 300w, http:\/\/nam-viet-voyage.com\/wp-content\/uploads\/2015\/01\/sihanoukville-coucher-soleil-150x90.jpg 150w\" sizes=\"auto, (max-width: 560px) 100vw, 560px\" \/><span class=\"w-gallery-item-hover\"><\/span><span class=\"w-gallery-item-title\">sihanoukville-coucher-soleil<\/span><\/a><a class=\"w-gallery-item order_3\" href=\"http:\/\/nam-viet-voyage.com\/wp-content\/uploads\/2015\/01\/Sihanoukville-bateau.jpg\" title=\"Sihanoukville-bateau\"><img loading=\"lazy\" decoding=\"async\" width=\"559\" height=\"333\" src=\"http:\/\/nam-viet-voyage.com\/wp-content\/uploads\/2015\/01\/Sihanoukville-bateau.jpg\" class=\"w-gallery-item-img\" alt=\"\" srcset=\"http:\/\/nam-viet-voyage.com\/wp-content\/uploads\/2015\/01\/Sihanoukville-bateau.jpg 559w, http:\/\/nam-viet-voyage.com\/wp-content\/uploads\/2015\/01\/Sihanoukville-bateau-300x179.jpg 300w, http:\/\/nam-viet-voyage.com\/wp-content\/uploads\/2015\/01\/Sihanoukville-bateau-150x89.jpg 150w\" sizes=\"auto, (max-width: 559px) 100vw, 559px\" \/><span class=\"w-gallery-item-hover\"><\/span><span class=\"w-gallery-item-title\">Sihanoukville-bateau<\/span><\/a><\/div><\/div>\n<\/div><\/div><\/div><\/section><section class=\"l-section wpb_row height_medium color_secondary\"><div class=\"l-section-h i-cf\"><div class=\"g-cols offset_small\"><div class=\" full-width\"><div class=\"g-cols wpb_row offset_small vc_inner \"><div class=\" full-width\">[vc_custom_heading text=\u00a0\u00bbPour tout projet ou information compl\u00e9mentaire, merci de nous contacter !\u00a0\u00bb font_container=\u00a0\u00bbtag:p|font_size:24|text_align:center\u00a0\u00bb google_fonts=\u00a0\u00bbfont_family:Nothing%20You%20Could%20Do%3Aregular|font_style:400%20regular%3A400%3Anormal\u00a0\u00bb]\n<div class=\"wpcf7 no-js\" id=\"wpcf7-f5977-o1\" lang=\"fr-FR\" dir=\"ltr\" data-wpcf7-id=\"5977\">\n<div class=\"screen-reader-response\"><p role=\"status\" aria-live=\"polite\" aria-atomic=\"true\"><\/p> <ul><\/ul><\/div>\n<form action=\"\/fr\/wp-json\/wp\/v2\/pages\/4181#wpcf7-f5977-o1\" method=\"post\" class=\"wpcf7-form init\" aria-label=\"Formulaire de contact\" novalidate=\"novalidate\" data-status=\"init\">\n<fieldset class=\"hidden-fields-container\"><input type=\"hidden\" name=\"_wpcf7\" value=\"5977\" \/><input type=\"hidden\" name=\"_wpcf7_version\" value=\"6.1.5\" \/><input type=\"hidden\" name=\"_wpcf7_locale\" value=\"fr_FR\" \/><input type=\"hidden\" name=\"_wpcf7_unit_tag\" value=\"wpcf7-f5977-o1\" \/><input type=\"hidden\" name=\"_wpcf7_container_post\" value=\"0\" \/><input type=\"hidden\" name=\"_wpcf7_posted_data_hash\" value=\"\" \/>\n<\/fieldset>\n<p>Votre Nom *\n<\/p>\n<p><span class=\"wpcf7-form-control-wrap\" data-name=\"your-name\"><input size=\"40\" maxlength=\"400\" class=\"wpcf7-form-control wpcf7-text wpcf7-validates-as-required\" aria-required=\"true\" aria-invalid=\"false\" value=\"\" type=\"text\" name=\"your-name\" \/><\/span>\n<\/p>\n<p>Votre Email *\n<\/p>\n<p><span class=\"wpcf7-form-control-wrap\" data-name=\"your-email\"><input size=\"40\" maxlength=\"400\" class=\"wpcf7-form-control wpcf7-email wpcf7-validates-as-required wpcf7-text wpcf7-validates-as-email\" aria-required=\"true\" aria-invalid=\"false\" value=\"\" type=\"email\" name=\"your-email\" \/><\/span>\n<\/p>\n<p>Votre Message *\n<\/p>\n<p><span class=\"wpcf7-form-control-wrap\" data-name=\"your-message\"><textarea cols=\"40\" rows=\"10\" maxlength=\"2000\" class=\"wpcf7-form-control wpcf7-textarea wpcf7-validates-as-required\" aria-required=\"true\" aria-invalid=\"false\" name=\"your-message\"><\/textarea><\/span>\n<\/p>\n<p><input class=\"wpcf7-form-control wpcf7-submit has-spinner\" type=\"submit\" value=\"Envoyer\" \/>\n<\/p><div class=\"wpcf7-response-output\" aria-hidden=\"true\"><\/div>\n<\/form>\n<\/div>\n<\/div><\/div><\/div><\/div><\/div><\/section>\n<p><a href=\"\/\/www.pinterest.com\/pin\/create\/button\/\" data-pin-do=\"buttonBookmark\" data-pin-color=\"red\" data-pin-height=\"128\"><img decoding=\"async\" src=\"\/\/assets.pinterest.com\/images\/pidgets\/pinit_fg_en_rect_red_28.png\" \/><\/a><\/p>","protected":false},"excerpt":{"rendered":"[vc_wp_custommenu nav_menu=\"175\" title=\"Les plus belles plages Vietnam &amp; Cambodge\"][vc_empty_space height=\"20px\"][vc_custom_heading text=\"Sihanoukville\" font_container=\"tag:h2|font_size:26|text_align:center\" google_fonts=\"font_family:Droid%20Sans%3Aregular%2C700|font_style:400%20regular%3A400%3Anormal\"]Localisation : Cambodge Sud Meilleure p\u00e9riode : Novembre \u00e0 juin Caract\u00e9ristiques : Au Sud du pays, Sihanoukville constitue...","protected":false},"author":2,"featured_media":0,"parent":0,"menu_order":0,"comment_status":"closed","ping_status":"closed","template":"","meta":{"_crdt_document":"","footnotes":""},"class_list":["post-4181","page","type-page","status-publish","hentry"],"yoast_head":"<!-- This site is optimized with the Yoast SEO plugin v26.9 - https:\/\/yoast.com\/product\/yoast-seo-wordpress\/ -->\n<title>Plages : Sihanoukville - Nam Viet Voyage<\/title>\n<meta name=\"description\" content=\"Au Cambodge, la station baln\u00e9aire de Sihanoukville permet de faire une pause d\u00e9tente lors d&#039;un voyage.\" \/>\n<meta name=\"robots\" content=\"index, follow, max-snippet:-1, max-image-preview:large, max-video-preview:-1\" \/>\n<link rel=\"canonical\" href=\"https:\/\/nam-viet-voyage.com\/fr\/sihanoukville-les-plus-belles-plages\/\" \/>\n<meta property=\"og:locale\" content=\"fr_FR\" \/>\n<meta property=\"og:type\" content=\"article\" \/>\n<meta property=\"og:title\" content=\"Plages : Sihanoukville - Nam Viet Voyage\" \/>\n<meta property=\"og:description\" content=\"Au Cambodge, la station baln\u00e9aire de Sihanoukville permet de faire une pause d\u00e9tente lors d&#039;un voyage.\" \/>\n<meta property=\"og:url\" content=\"https:\/\/nam-viet-voyage.com\/fr\/sihanoukville-les-plus-belles-plages\/\" \/>\n<meta property=\"og:site_name\" content=\"Nam Viet Voyage\" \/>\n<meta property=\"article:publisher\" content=\"https:\/\/www.facebook.com\/NamVietVoyage\" \/>\n<meta property=\"article:modified_time\" content=\"2016-05-25T07:45:04+00:00\" \/>\n<meta name=\"twitter:card\" content=\"summary_large_image\" \/>\n<meta name=\"twitter:site\" content=\"@NamVietVoyage\" \/>\n<meta name=\"twitter:label1\" content=\"Dur\u00e9e de lecture estim\u00e9e\" \/>\n\t<meta name=\"twitter:data1\" content=\"1 minute\" \/>\n<script type=\"application\/ld+json\" class=\"yoast-schema-graph\">{\"@context\":\"https:\/\/schema.org\",\"@graph\":[{\"@type\":\"WebPage\",\"@id\":\"https:\/\/nam-viet-voyage.com\/fr\/sihanoukville-les-plus-belles-plages\/\",\"url\":\"https:\/\/nam-viet-voyage.com\/fr\/sihanoukville-les-plus-belles-plages\/\",\"name\":\"Plages : Sihanoukville - Nam Viet Voyage\",\"isPartOf\":{\"@id\":\"https:\/\/nam-viet-voyage.com\/#website\"},\"datePublished\":\"2015-01-22T01:48:50+00:00\",\"dateModified\":\"2016-05-25T07:45:04+00:00\",\"description\":\"Au Cambodge, la station baln\u00e9aire de Sihanoukville permet de faire une pause d\u00e9tente lors d'un voyage.\",\"breadcrumb\":{\"@id\":\"https:\/\/nam-viet-voyage.com\/fr\/sihanoukville-les-plus-belles-plages\/#breadcrumb\"},\"inLanguage\":\"fr-FR\",\"potentialAction\":[{\"@type\":\"ReadAction\",\"target\":[\"https:\/\/nam-viet-voyage.com\/fr\/sihanoukville-les-plus-belles-plages\/\"]}]},{\"@type\":\"BreadcrumbList\",\"@id\":\"https:\/\/nam-viet-voyage.com\/fr\/sihanoukville-les-plus-belles-plages\/#breadcrumb\",\"itemListElement\":[{\"@type\":\"ListItem\",\"position\":1,\"name\":\"Home\",\"item\":\"https:\/\/nam-viet-voyage.com\/fr\/sample-page-2\/\"},{\"@type\":\"ListItem\",\"position\":2,\"name\":\"Plages : Sihanoukville\"}]},{\"@type\":\"WebSite\",\"@id\":\"https:\/\/nam-viet-voyage.com\/#website\",\"url\":\"https:\/\/nam-viet-voyage.com\/\",\"name\":\"Nam Viet Voyage\",\"description\":\"Voyages en Asie du Sud-Est\",\"potentialAction\":[{\"@type\":\"SearchAction\",\"target\":{\"@type\":\"EntryPoint\",\"urlTemplate\":\"https:\/\/nam-viet-voyage.com\/?s={search_term_string}\"},\"query-input\":{\"@type\":\"PropertyValueSpecification\",\"valueRequired\":true,\"valueName\":\"search_term_string\"}}],\"inLanguage\":\"fr-FR\"}]}<\/script>\n<!-- \/ Yoast SEO plugin. -->","yoast_head_json":{"title":"Plages : Sihanoukville - Nam Viet Voyage","description":"Au Cambodge, la station baln\u00e9aire de Sihanoukville permet de faire une pause d\u00e9tente lors d'un voyage.","robots":{"index":"index","follow":"follow","max-snippet":"max-snippet:-1","max-image-preview":"max-image-preview:large","max-video-preview":"max-video-preview:-1"},"canonical":"https:\/\/nam-viet-voyage.com\/fr\/sihanoukville-les-plus-belles-plages\/","og_locale":"fr_FR","og_type":"article","og_title":"Plages : Sihanoukville - Nam Viet Voyage","og_description":"Au Cambodge, la station baln\u00e9aire de Sihanoukville permet de faire une pause d\u00e9tente lors d'un voyage.","og_url":"https:\/\/nam-viet-voyage.com\/fr\/sihanoukville-les-plus-belles-plages\/","og_site_name":"Nam Viet Voyage","article_publisher":"https:\/\/www.facebook.com\/NamVietVoyage","article_modified_time":"2016-05-25T07:45:04+00:00","twitter_card":"summary_large_image","twitter_site":"@NamVietVoyage","twitter_misc":{"Dur\u00e9e de lecture estim\u00e9e":"1 minute"},"schema":{"@context":"https:\/\/schema.org","@graph":[{"@type":"WebPage","@id":"https:\/\/nam-viet-voyage.com\/fr\/sihanoukville-les-plus-belles-plages\/","url":"https:\/\/nam-viet-voyage.com\/fr\/sihanoukville-les-plus-belles-plages\/","name":"Plages : Sihanoukville - Nam Viet Voyage","isPartOf":{"@id":"https:\/\/nam-viet-voyage.com\/#website"},"datePublished":"2015-01-22T01:48:50+00:00","dateModified":"2016-05-25T07:45:04+00:00","description":"Au Cambodge, la station baln\u00e9aire de Sihanoukville permet de faire une pause d\u00e9tente lors d'un voyage.","breadcrumb":{"@id":"https:\/\/nam-viet-voyage.com\/fr\/sihanoukville-les-plus-belles-plages\/#breadcrumb"},"inLanguage":"fr-FR","potentialAction":[{"@type":"ReadAction","target":["https:\/\/nam-viet-voyage.com\/fr\/sihanoukville-les-plus-belles-plages\/"]}]},{"@type":"BreadcrumbList","@id":"https:\/\/nam-viet-voyage.com\/fr\/sihanoukville-les-plus-belles-plages\/#breadcrumb","itemListElement":[{"@type":"ListItem","position":1,"name":"Home","item":"https:\/\/nam-viet-voyage.com\/fr\/sample-page-2\/"},{"@type":"ListItem","position":2,"name":"Plages : Sihanoukville"}]},{"@type":"WebSite","@id":"https:\/\/nam-viet-voyage.com\/#website","url":"https:\/\/nam-viet-voyage.com\/","name":"Nam Viet Voyage","description":"Voyages en Asie du Sud-Est","potentialAction":[{"@type":"SearchAction","target":{"@type":"EntryPoint","urlTemplate":"https:\/\/nam-viet-voyage.com\/?s={search_term_string}"},"query-input":{"@type":"PropertyValueSpecification","valueRequired":true,"valueName":"search_term_string"}}],"inLanguage":"fr-FR"}]}},"_links":{"self":[{"href":"http:\/\/nam-viet-voyage.com\/fr\/wp-json\/wp\/v2\/pages\/4181","targetHints":{"allow":["GET"]}}],"collection":[{"href":"http:\/\/nam-viet-voyage.com\/fr\/wp-json\/wp\/v2\/pages"}],"about":[{"href":"http:\/\/nam-viet-voyage.com\/fr\/wp-json\/wp\/v2\/types\/page"}],"author":[{"embeddable":true,"href":"http:\/\/nam-viet-voyage.com\/fr\/wp-json\/wp\/v2\/users\/2"}],"replies":[{"embeddable":true,"href":"http:\/\/nam-viet-voyage.com\/fr\/wp-json\/wp\/v2\/comments?post=4181"}],"version-history":[{"count":12,"href":"http:\/\/nam-viet-voyage.com\/fr\/wp-json\/wp\/v2\/pages\/4181\/revisions"}],"predecessor-version":[{"id":9707,"href":"http:\/\/nam-viet-voyage.com\/fr\/wp-json\/wp\/v2\/pages\/4181\/revisions\/9707"}],"wp:attachment":[{"href":"http:\/\/nam-viet-voyage.com\/fr\/wp-json\/wp\/v2\/media?parent=4181"}],"curies":[{"name":"wp","href":"https:\/\/api.w.org\/{rel}","templated":true}]}}