{"id":4179,"date":"2015-01-22T01:47:36","date_gmt":"2015-01-22T01:47:36","guid":{"rendered":"http:\/\/nam-viet-voyage.com\/?page_id=4179"},"modified":"2016-05-25T07:45:04","modified_gmt":"2016-05-25T07:45:04","slug":"phnom-penh","status":"publish","type":"page","link":"http:\/\/nam-viet-voyage.com\/fr\/phnom-penh\/","title":{"rendered":"Phnom Penh"},"content":{"rendered":"<section class=\"l-section wpb_row height_medium\"><div class=\"l-section-h i-cf\"><div class=\"g-cols offset_small\"><div class=\" one-quarter\">[vc_wp_custommenu nav_menu=\u00a0\u00bb173&Prime; title=\u00a0\u00bbCambodge &#8211; L&rsquo;essentiel\u00a0\u00bb]<\/div><div class=\" three-quarters\"><div class=\"w-image  align_center\"><img loading=\"lazy\" decoding=\"async\" width=\"730\" height=\"200\" src=\"http:\/\/nam-viet-voyage.com\/wp-content\/uploads\/2015\/01\/phnom-penh.png\" class=\"attachment-full size-full\" alt=\"phnom-penh\" srcset=\"http:\/\/nam-viet-voyage.com\/wp-content\/uploads\/2015\/01\/phnom-penh.png 730w, http:\/\/nam-viet-voyage.com\/wp-content\/uploads\/2015\/01\/phnom-penh-300x82.png 300w, http:\/\/nam-viet-voyage.com\/wp-content\/uploads\/2015\/01\/phnom-penh-600x164.png 600w, http:\/\/nam-viet-voyage.com\/wp-content\/uploads\/2015\/01\/phnom-penh-150x41.png 150w\" sizes=\"auto, (max-width: 730px) 100vw, 730px\" \/><\/div>[vc_empty_space height=\u00a0\u00bb20px\u00a0\u00bb][vc_custom_heading text=\u00a0\u00bbPhnom Penh \u00a0\u00bb font_container=\u00a0\u00bbtag:h2|font_size:26|text_align:center\u00a0\u00bb google_fonts=\u00a0\u00bbfont_family:Droid%20Sans%3Aregular%2C700|font_style:400%20regular%3A400%3Anormal\u00a0\u00bb]<div class=\"wpb_text_column \"><div class=\"wpb_wrapper\"><p>Capitale du Cambodge, Phnom Penh se trouve au confluent du Mekong et du Tonl\u00e9 Sap. La ville s\u2019est d\u00e9velopp\u00e9e rapidement et conna\u00eet aujourd\u2019hui un r\u00e9el boom touristique. Dans un air colonial, la \u00ab perle de l\u2019Asie du Sud-Est \u00bb comme on l&rsquo;appelle, offre une multitude de souvenirs assez incroyables de la guerre et de la p\u00e9riode coloniale.<\/p>\n<p>Le nom de la capitale serait n\u00e9 suite \u00e0 la d\u00e9couverte de quatre Bouddha dans le Mekong par Madame Penh, qui aurait construit un stupa sur une colline (<em>phnom<\/em> en khmer) pour les prot\u00e9ger, d\u2019o\u00f9 le nom de Phnom Penh : colline de Madame Penh.<\/p><\/div> <\/div> <\/div><\/div><\/div><\/section><section class=\"l-section wpb_row height_medium color_secondary with_img\"><div class=\"l-section-img\" style=\"background-image: url(http:\/\/nam-viet-voyage.com\/wp-content\/uploads\/2015\/01\/fond-ardoise-reduit-meilleur.jpg);\" data-img-width=\"1200\" data-img-height=\"960\"><\/div><div class=\"l-section-h i-cf\"><div class=\"g-cols offset_small\"><div class=\" full-width\"><div class=\"g-cols wpb_row offset_small vc_inner \"><div class=\" one-third\"><div class=\"wpb_text_column \"><div class=\"wpb_wrapper\">\n<h5 style=\"text-align: center;\"><a ref=\"magnificPopup\" href=\"http:\/\/nam-viet-voyage.com\/wp-content\/uploads\/2015\/01\/palais-royale-de-phnom-penh1.png\"><img loading=\"lazy\" decoding=\"async\" class=\"aligncenter wp-image-4665\" src=\"http:\/\/nam-viet-voyage.com\/wp-content\/uploads\/2015\/01\/palais-royale-de-phnom-penh1.png\" alt=\"palais-royale-de-phnom-penh\" width=\"230\" height=\"285\" srcset=\"http:\/\/nam-viet-voyage.com\/wp-content\/uploads\/2015\/01\/palais-royale-de-phnom-penh1.png 297w, http:\/\/nam-viet-voyage.com\/wp-content\/uploads\/2015\/01\/palais-royale-de-phnom-penh1-242x300.png 242w, http:\/\/nam-viet-voyage.com\/wp-content\/uploads\/2015\/01\/palais-royale-de-phnom-penh1-150x186.png 150w, http:\/\/nam-viet-voyage.com\/wp-content\/uploads\/2015\/01\/palais-royale-de-phnom-penh1-161x200.png 161w\" sizes=\"auto, (max-width: 230px) 100vw, 230px\" \/><\/a><\/h5>\n<p style=\"text-align: justify;\">Construit sous le r\u00e8gne du roi <strong>Norodom Sihanouk<\/strong>, cet \u00e9difice date du 19<sup>\u00e8me<\/sup> si\u00e8cle. D\u2019<strong>architecture khmer<\/strong>, cet \u00e9l\u00e9gant palais aux cours florissantes, aux hauts murs jaunes, aux multiples esp\u00e8ces d\u2019arbres, poss\u00e8de plusieurs b\u00e2timents. Vous y trouverez le<strong> pavillon Chan Chaya<\/strong>, la <strong>salle du Tr\u00f4ne<\/strong> cach\u00e9e par le premier pavillon, dont la fl\u00e8che est de 60 m\u00e8tres et la longueur du b\u00e2timent 100 m\u00e8tres (impressionnant\u00a0!), le <strong>pavillon d\u2019inspiration Napol\u00e9on III<\/strong>, offert par l\u2019imp\u00e9ratrice Eug\u00e9nie et le <strong>palais Kemarin<\/strong>, r\u00e9sidence du roi dont l\u2019entr\u00e9e est interdite.<\/p>\n<\/div> <\/div> <\/div><div class=\" one-third\"><div class=\"wpb_text_column \"><div class=\"wpb_wrapper\">\n<h5 style=\"text-align: center;\"><a ref=\"magnificPopup\" href=\"http:\/\/nam-viet-voyage.com\/wp-content\/uploads\/2015\/01\/pagode-dargent.png\"><img loading=\"lazy\" decoding=\"async\" class=\"aligncenter wp-image-4666\" src=\"http:\/\/nam-viet-voyage.com\/wp-content\/uploads\/2015\/01\/pagode-dargent.png\" alt=\"pagode-d'argent\" width=\"237\" height=\"284\" srcset=\"http:\/\/nam-viet-voyage.com\/wp-content\/uploads\/2015\/01\/pagode-dargent.png 350w, http:\/\/nam-viet-voyage.com\/wp-content\/uploads\/2015\/01\/pagode-dargent-250x300.png 250w, http:\/\/nam-viet-voyage.com\/wp-content\/uploads\/2015\/01\/pagode-dargent-150x180.png 150w, http:\/\/nam-viet-voyage.com\/wp-content\/uploads\/2015\/01\/pagode-dargent-300x360.png 300w, http:\/\/nam-viet-voyage.com\/wp-content\/uploads\/2015\/01\/pagode-dargent-167x200.png 167w\" sizes=\"auto, (max-width: 237px) 100vw, 237px\" \/><\/a><\/h5>\n<p style=\"text-align: justify;\">La <strong>pagode d\u2019Argent<\/strong> est la pagode la plus luxueuse de la capitale. Elle poss\u00e8de 5000 carreaux d\u2019argents pesant pr\u00e8s d\u2019un kilo chacun, un <strong>Bouddha en or<\/strong> de 90 kg et\u00a0<strong>2086 diamants<\/strong> allant jusqu\u2019\u00e0 25 carats, et un <strong>Bouddha d\u2019Emeraude<\/strong> (qui semblerait \u00eatre en jade). Pr\u00e8s de la moiti\u00e9 des souvenirs de la pagode ont \u00e9t\u00e9\u00a0d\u00e9cim\u00e9s\u00a0par les <strong>Khmers Rouges<\/strong>. Aux alentours, ancienne biblioth\u00e8que, clocher, stupas du 20<sup>\u00e8me<\/sup>si\u00e8cle, temple sont des anciens \u00e9difices dans lesquels vous trouverez des tr\u00e9sors comme une <strong>empreinte de pied de Bouddha<\/strong>, ou encore les cendres des parents du roi <strong>Norodom Sihamoni<\/strong>.<\/p>\n<\/div> <\/div> <\/div><div class=\" one-third\"><div class=\"wpb_text_column \"><div class=\"wpb_wrapper\">\n<h5><a ref=\"magnificPopup\" href=\"http:\/\/nam-viet-voyage.com\/wp-content\/uploads\/2015\/01\/musee-national-des-beaux-arts.png\"><img loading=\"lazy\" decoding=\"async\" class=\"aligncenter wp-image-4667\" src=\"http:\/\/nam-viet-voyage.com\/wp-content\/uploads\/2015\/01\/musee-national-des-beaux-arts.png\" alt=\"musee-national-des-beaux-arts\" width=\"230\" height=\"285\" srcset=\"http:\/\/nam-viet-voyage.com\/wp-content\/uploads\/2015\/01\/musee-national-des-beaux-arts.png 297w, http:\/\/nam-viet-voyage.com\/wp-content\/uploads\/2015\/01\/musee-national-des-beaux-arts-242x300.png 242w, http:\/\/nam-viet-voyage.com\/wp-content\/uploads\/2015\/01\/musee-national-des-beaux-arts-150x186.png 150w, http:\/\/nam-viet-voyage.com\/wp-content\/uploads\/2015\/01\/musee-national-des-beaux-arts-161x200.png 161w\" sizes=\"auto, (max-width: 230px) 100vw, 230px\" \/><\/a><\/h5>\n<p style=\"text-align: justify;\">Typiquement khmer, ce b\u00e2timent a \u00e9t\u00e9 construit en 1920 par les Fran\u00e7ais. Six salles sont \u00e0 votre disposition pour d\u00e9couvrir les <strong>\u0153uvres<\/strong>, pour la plupart, <strong>pr\u00e9 ou post-Angkoriennes<\/strong>. <strong>Bouddhas en m\u00e9ditation<\/strong>, allong\u00e9s, assis, debout, Lingam, Ganesh, <strong>tambours<\/strong>, peintures,<strong> armes en bronze<\/strong>, en pierre ou encore en bois laqu\u00e9 vous seront pr\u00e9sent\u00e9s lors de votre visite du <strong>mus\u00e9e national des Beaux-Arts<\/strong>.\u00a0Dans ce grand b\u00e2timent rouge vous trouverez une gamme d\u2019objets quotidiens couvrant la p\u00e9riode du\u00a0\u00a04<sup>e<\/sup> si\u00e8cle av. J.-C. au 20<sup>e<\/sup> si\u00e8cle.<\/p>\n<\/div> <\/div> <\/div><\/div>[vc_empty_space height=\u00a0\u00bb32px\u00a0\u00bb]<div class=\"g-cols wpb_row offset_small vc_inner \"><div class=\" one-third\"><div class=\"wpb_text_column \"><div class=\"wpb_wrapper\">\n<h5 style=\"text-align: center;\"><a ref=\"magnificPopup\" href=\"http:\/\/nam-viet-voyage.com\/wp-content\/uploads\/2015\/01\/phnom-chisor.png\"><img loading=\"lazy\" decoding=\"async\" class=\"aligncenter wp-image-4668\" src=\"http:\/\/nam-viet-voyage.com\/wp-content\/uploads\/2015\/01\/phnom-chisor.png\" alt=\"phnom-chisor\" width=\"230\" height=\"285\" srcset=\"http:\/\/nam-viet-voyage.com\/wp-content\/uploads\/2015\/01\/phnom-chisor.png 297w, http:\/\/nam-viet-voyage.com\/wp-content\/uploads\/2015\/01\/phnom-chisor-242x300.png 242w, http:\/\/nam-viet-voyage.com\/wp-content\/uploads\/2015\/01\/phnom-chisor-150x186.png 150w, http:\/\/nam-viet-voyage.com\/wp-content\/uploads\/2015\/01\/phnom-chisor-161x200.png 161w\" sizes=\"auto, (max-width: 230px) 100vw, 230px\" \/><\/a><\/h5>\n<p style=\"text-align: justify;\">Apr\u00e8s l\u2019\u00e9preuve des 412 marches, vous appr\u00e9cierez le calme, la s\u00e9r\u00e9nit\u00e9 et la vue de la <strong>colline Chisor<\/strong>. Vue panoramique de la <strong>r\u00e9gion de Takeo<\/strong>, berceau de la civilisation cambodgienne, cabanes en bambous, temple construit au 11<sup>e<\/sup> si\u00e8cle, biblioth\u00e8que, salle de repos, ces \u00e9difices ont \u00e9t\u00e9 touch\u00e9s par les bombardements am\u00e9ricains et laiss\u00e9s tels quels. Le <strong>Phnom Chisor<\/strong> a un certain <strong>charme<\/strong> et une <strong>forte\u00a0personnalit\u00e9<\/strong>.<\/p>\n<\/div> <\/div> <\/div><div class=\" one-third\"><div class=\"wpb_text_column \"><div class=\"wpb_wrapper\">\n<h5 style=\"text-align: center;\"><a ref=\"magnificPopup\" href=\"http:\/\/nam-viet-voyage.com\/wp-content\/uploads\/2015\/01\/marche-russe.png\"><img loading=\"lazy\" decoding=\"async\" class=\"aligncenter wp-image-4669\" src=\"http:\/\/nam-viet-voyage.com\/wp-content\/uploads\/2015\/01\/marche-russe.png\" alt=\"marche-russe\" width=\"230\" height=\"285\" srcset=\"http:\/\/nam-viet-voyage.com\/wp-content\/uploads\/2015\/01\/marche-russe.png 297w, http:\/\/nam-viet-voyage.com\/wp-content\/uploads\/2015\/01\/marche-russe-242x300.png 242w, http:\/\/nam-viet-voyage.com\/wp-content\/uploads\/2015\/01\/marche-russe-150x186.png 150w, http:\/\/nam-viet-voyage.com\/wp-content\/uploads\/2015\/01\/marche-russe-161x200.png 161w\" sizes=\"auto, (max-width: 230px) 100vw, 230px\" \/><\/a><\/h5>\n<p style=\"text-align: justify;\">Tenu par des Cambodgiens, le <strong>march\u00e9 russe<\/strong> porte ce nom car il \u00e9tait tr\u00e8s fr\u00e9quent\u00e9 par cette population dans les ann\u00e9es 1980. Us\u00e9 et bond\u00e9 de monde, ce march\u00e9 est pourtant bien typique et retrace l\u2019<strong>histoire des populations<\/strong>. Vous y trouverez DVD, <strong>soie<\/strong>, sacs, v\u00eatements, valises et autres bijoux en or. Les quelques \u00e9toffes et <strong>statues de Bouddha<\/strong> vous surprendront par leur beaut\u00e9. Vous pourrez en profiter pour vous restaurer derri\u00e8re le march\u00e9.<\/p>\n<\/div> <\/div> <\/div><div class=\" one-third\"><div class=\"wpb_text_column \"><div class=\"wpb_wrapper\">\n<h5 style=\"text-align: center;\"><a ref=\"magnificPopup\" href=\"http:\/\/nam-viet-voyage.com\/wp-content\/uploads\/2015\/01\/camp-extermination-de-choeung-ek.png\"><img loading=\"lazy\" decoding=\"async\" class=\"aligncenter wp-image-4670\" src=\"http:\/\/nam-viet-voyage.com\/wp-content\/uploads\/2015\/01\/camp-extermination-de-choeung-ek.png\" alt=\"camp-extermination-de-choeung-ek\" width=\"237\" height=\"284\" srcset=\"http:\/\/nam-viet-voyage.com\/wp-content\/uploads\/2015\/01\/camp-extermination-de-choeung-ek.png 350w, http:\/\/nam-viet-voyage.com\/wp-content\/uploads\/2015\/01\/camp-extermination-de-choeung-ek-250x300.png 250w, http:\/\/nam-viet-voyage.com\/wp-content\/uploads\/2015\/01\/camp-extermination-de-choeung-ek-150x180.png 150w, http:\/\/nam-viet-voyage.com\/wp-content\/uploads\/2015\/01\/camp-extermination-de-choeung-ek-300x360.png 300w, http:\/\/nam-viet-voyage.com\/wp-content\/uploads\/2015\/01\/camp-extermination-de-choeung-ek-167x200.png 167w\" sizes=\"auto, (max-width: 237px) 100vw, 237px\" \/><\/a><\/h5>\n<p style=\"text-align: justify;\">Non loin de Phnom Penh, <strong>Choeung Ek<\/strong> est un<strong> camp de concentration<\/strong> utilis\u00e9 par les <strong>Khmers Rouges<\/strong> lors de la p\u00e9riode des massacres. 129 fosses communes dont 80 rouvertes, pr\u00e8s de 9 000 personnes mortes, 166 squelettes sans t\u00eate, ce camp d\u2019extermination a un <strong>devoir de m\u00e9moire et de comm\u00e9moration<\/strong>. Un stupa a \u00e9t\u00e9 construit en 1988 pour rendre hommage aux victimes. Ce <strong>m\u00e9morial<\/strong> compte des milliers de cr\u00e2nes apparents et fait partie des plus impressionnants du <strong>Cambodge<\/strong>.<\/p>\n<\/div> <\/div> <\/div><\/div><\/div><\/div><\/div><\/section><section class=\"l-section wpb_row height_medium color_secondary\"><div class=\"l-section-h i-cf\"><div class=\"g-cols offset_small\"><div class=\" full-width\"><div class=\"g-cols wpb_row offset_small vc_inner \"><div class=\" full-width\">[vc_custom_heading text=\u00a0\u00bbPour tout projet ou information compl\u00e9mentaire, merci de nous contacter !\u00a0\u00bb font_container=\u00a0\u00bbtag:p|font_size:24|text_align:center\u00a0\u00bb google_fonts=\u00a0\u00bbfont_family:Nothing%20You%20Could%20Do%3Aregular|font_style:400%20regular%3A400%3Anormal\u00a0\u00bb]\n<div class=\"wpcf7 no-js\" id=\"wpcf7-f5977-o1\" lang=\"fr-FR\" dir=\"ltr\" data-wpcf7-id=\"5977\">\n<div class=\"screen-reader-response\"><p role=\"status\" aria-live=\"polite\" aria-atomic=\"true\"><\/p> <ul><\/ul><\/div>\n<form action=\"\/fr\/wp-json\/wp\/v2\/pages\/4179#wpcf7-f5977-o1\" method=\"post\" class=\"wpcf7-form init\" aria-label=\"Formulaire de contact\" novalidate=\"novalidate\" data-status=\"init\">\n<fieldset class=\"hidden-fields-container\"><input type=\"hidden\" name=\"_wpcf7\" value=\"5977\" \/><input type=\"hidden\" name=\"_wpcf7_version\" value=\"6.1.5\" \/><input type=\"hidden\" name=\"_wpcf7_locale\" value=\"fr_FR\" \/><input type=\"hidden\" name=\"_wpcf7_unit_tag\" value=\"wpcf7-f5977-o1\" \/><input type=\"hidden\" name=\"_wpcf7_container_post\" value=\"0\" \/><input type=\"hidden\" name=\"_wpcf7_posted_data_hash\" value=\"\" \/>\n<\/fieldset>\n<p>Votre Nom *\n<\/p>\n<p><span class=\"wpcf7-form-control-wrap\" data-name=\"your-name\"><input size=\"40\" maxlength=\"400\" class=\"wpcf7-form-control wpcf7-text wpcf7-validates-as-required\" aria-required=\"true\" aria-invalid=\"false\" value=\"\" type=\"text\" name=\"your-name\" \/><\/span>\n<\/p>\n<p>Votre Email *\n<\/p>\n<p><span class=\"wpcf7-form-control-wrap\" data-name=\"your-email\"><input size=\"40\" maxlength=\"400\" class=\"wpcf7-form-control wpcf7-email wpcf7-validates-as-required wpcf7-text wpcf7-validates-as-email\" aria-required=\"true\" aria-invalid=\"false\" value=\"\" type=\"email\" name=\"your-email\" \/><\/span>\n<\/p>\n<p>Votre Message *\n<\/p>\n<p><span class=\"wpcf7-form-control-wrap\" data-name=\"your-message\"><textarea cols=\"40\" rows=\"10\" maxlength=\"2000\" class=\"wpcf7-form-control wpcf7-textarea wpcf7-validates-as-required\" aria-required=\"true\" aria-invalid=\"false\" name=\"your-message\"><\/textarea><\/span>\n<\/p>\n<p><input class=\"wpcf7-form-control wpcf7-submit has-spinner\" type=\"submit\" value=\"Envoyer\" \/>\n<\/p><div class=\"wpcf7-response-output\" aria-hidden=\"true\"><\/div>\n<\/form>\n<\/div>\n<\/div><\/div><\/div><\/div><\/div><\/section>\n<p><a href=\"\/\/www.pinterest.com\/pin\/create\/button\/\" data-pin-do=\"buttonBookmark\" data-pin-color=\"red\" data-pin-height=\"128\"><img decoding=\"async\" src=\"\/\/assets.pinterest.com\/images\/pidgets\/pinit_fg_en_rect_red_28.png\" \/><\/a><\/p>","protected":false},"excerpt":{"rendered":"[vc_wp_custommenu nav_menu=\"173\" title=\"Cambodge - L'essentiel\"][vc_empty_space height=\"20px\"][vc_custom_heading text=\"Phnom Penh \" font_container=\"tag:h2|font_size:26|text_align:center\" google_fonts=\"font_family:Droid%20Sans%3Aregular%2C700|font_style:400%20regular%3A400%3Anormal\"]Capitale du Cambodge, Phnom Penh se trouve au confluent du Mekong et du Tonl\u00e9 Sap. La ville s\u2019est d\u00e9velopp\u00e9e rapidement...","protected":false},"author":2,"featured_media":11040,"parent":0,"menu_order":0,"comment_status":"closed","ping_status":"closed","template":"","meta":{"_crdt_document":"","footnotes":""},"class_list":["post-4179","page","type-page","status-publish","has-post-thumbnail","hentry"],"yoast_head":"<!-- This site is optimized with the Yoast SEO plugin v26.9 - https:\/\/yoast.com\/product\/yoast-seo-wordpress\/ -->\n<title>Phnom Penh - Nam Viet Voyage<\/title>\n<meta name=\"description\" content=\"Phnom Penh, capitale du Cambodge, est une ville touristique attirante avec ses temples, palais, march\u00e9s et lieux charg\u00e9s d&#039;histoire.\" \/>\n<meta name=\"robots\" content=\"index, follow, max-snippet:-1, max-image-preview:large, max-video-preview:-1\" \/>\n<link rel=\"canonical\" href=\"https:\/\/nam-viet-voyage.com\/fr\/phnom-penh\/\" \/>\n<meta property=\"og:locale\" content=\"fr_FR\" \/>\n<meta property=\"og:type\" content=\"article\" \/>\n<meta property=\"og:title\" content=\"Phnom Penh, la perle de l&#039;Asie du Sud-Est\" \/>\n<meta property=\"og:description\" content=\"Une ville dont les charmes attirent de plus en plus de visiteurs\" \/>\n<meta property=\"og:url\" content=\"https:\/\/nam-viet-voyage.com\/fr\/phnom-penh\/\" \/>\n<meta property=\"og:site_name\" content=\"Nam Viet Voyage\" \/>\n<meta property=\"article:publisher\" content=\"https:\/\/www.facebook.com\/NamVietVoyage\" \/>\n<meta property=\"article:modified_time\" content=\"2016-05-25T07:45:04+00:00\" \/>\n<meta property=\"og:image\" content=\"https:\/\/nam-viet-voyage.com\/wp-content\/uploads\/2015\/01\/phnom-penh-fb.jpg\" \/>\n\t<meta property=\"og:image:width\" content=\"1200\" \/>\n\t<meta property=\"og:image:height\" content=\"627\" \/>\n\t<meta property=\"og:image:type\" content=\"image\/jpeg\" \/>\n<meta name=\"twitter:card\" content=\"summary_large_image\" \/>\n<meta name=\"twitter:site\" content=\"@NamVietVoyage\" \/>\n<meta name=\"twitter:label1\" content=\"Dur\u00e9e de lecture estim\u00e9e\" \/>\n\t<meta name=\"twitter:data1\" content=\"5 minutes\" \/>\n<script type=\"application\/ld+json\" class=\"yoast-schema-graph\">{\"@context\":\"https:\/\/schema.org\",\"@graph\":[{\"@type\":\"WebPage\",\"@id\":\"https:\/\/nam-viet-voyage.com\/fr\/phnom-penh\/\",\"url\":\"https:\/\/nam-viet-voyage.com\/fr\/phnom-penh\/\",\"name\":\"Phnom Penh - Nam Viet Voyage\",\"isPartOf\":{\"@id\":\"https:\/\/nam-viet-voyage.com\/#website\"},\"primaryImageOfPage\":{\"@id\":\"https:\/\/nam-viet-voyage.com\/fr\/phnom-penh\/#primaryimage\"},\"image\":{\"@id\":\"https:\/\/nam-viet-voyage.com\/fr\/phnom-penh\/#primaryimage\"},\"thumbnailUrl\":\"http:\/\/nam-viet-voyage.com\/wp-content\/uploads\/2015\/01\/phnom-penh-fb.jpg\",\"datePublished\":\"2015-01-22T01:47:36+00:00\",\"dateModified\":\"2016-05-25T07:45:04+00:00\",\"description\":\"Phnom Penh, capitale du Cambodge, est une ville touristique attirante avec ses temples, palais, march\u00e9s et lieux charg\u00e9s d'histoire.\",\"breadcrumb\":{\"@id\":\"https:\/\/nam-viet-voyage.com\/fr\/phnom-penh\/#breadcrumb\"},\"inLanguage\":\"fr-FR\",\"potentialAction\":[{\"@type\":\"ReadAction\",\"target\":[\"https:\/\/nam-viet-voyage.com\/fr\/phnom-penh\/\"]}]},{\"@type\":\"ImageObject\",\"inLanguage\":\"fr-FR\",\"@id\":\"https:\/\/nam-viet-voyage.com\/fr\/phnom-penh\/#primaryimage\",\"url\":\"http:\/\/nam-viet-voyage.com\/wp-content\/uploads\/2015\/01\/phnom-penh-fb.jpg\",\"contentUrl\":\"http:\/\/nam-viet-voyage.com\/wp-content\/uploads\/2015\/01\/phnom-penh-fb.jpg\",\"width\":1200,\"height\":627,\"caption\":\"Buildings \u00e0 Phnom Penh la nuit\"},{\"@type\":\"BreadcrumbList\",\"@id\":\"https:\/\/nam-viet-voyage.com\/fr\/phnom-penh\/#breadcrumb\",\"itemListElement\":[{\"@type\":\"ListItem\",\"position\":1,\"name\":\"Home\",\"item\":\"https:\/\/nam-viet-voyage.com\/fr\/sample-page-2\/\"},{\"@type\":\"ListItem\",\"position\":2,\"name\":\"Phnom Penh\"}]},{\"@type\":\"WebSite\",\"@id\":\"https:\/\/nam-viet-voyage.com\/#website\",\"url\":\"https:\/\/nam-viet-voyage.com\/\",\"name\":\"Nam Viet Voyage\",\"description\":\"Voyages en Asie du Sud-Est\",\"potentialAction\":[{\"@type\":\"SearchAction\",\"target\":{\"@type\":\"EntryPoint\",\"urlTemplate\":\"https:\/\/nam-viet-voyage.com\/?s={search_term_string}\"},\"query-input\":{\"@type\":\"PropertyValueSpecification\",\"valueRequired\":true,\"valueName\":\"search_term_string\"}}],\"inLanguage\":\"fr-FR\"}]}<\/script>\n<!-- \/ Yoast SEO plugin. -->","yoast_head_json":{"title":"Phnom Penh - Nam Viet Voyage","description":"Phnom Penh, capitale du Cambodge, est une ville touristique attirante avec ses temples, palais, march\u00e9s et lieux charg\u00e9s d'histoire.","robots":{"index":"index","follow":"follow","max-snippet":"max-snippet:-1","max-image-preview":"max-image-preview:large","max-video-preview":"max-video-preview:-1"},"canonical":"https:\/\/nam-viet-voyage.com\/fr\/phnom-penh\/","og_locale":"fr_FR","og_type":"article","og_title":"Phnom Penh, la perle de l'Asie du Sud-Est","og_description":"Une ville dont les charmes attirent de plus en plus de visiteurs","og_url":"https:\/\/nam-viet-voyage.com\/fr\/phnom-penh\/","og_site_name":"Nam Viet Voyage","article_publisher":"https:\/\/www.facebook.com\/NamVietVoyage","article_modified_time":"2016-05-25T07:45:04+00:00","og_image":[{"width":1200,"height":627,"url":"https:\/\/nam-viet-voyage.com\/wp-content\/uploads\/2015\/01\/phnom-penh-fb.jpg","type":"image\/jpeg"}],"twitter_card":"summary_large_image","twitter_site":"@NamVietVoyage","twitter_misc":{"Dur\u00e9e de lecture estim\u00e9e":"5 minutes"},"schema":{"@context":"https:\/\/schema.org","@graph":[{"@type":"WebPage","@id":"https:\/\/nam-viet-voyage.com\/fr\/phnom-penh\/","url":"https:\/\/nam-viet-voyage.com\/fr\/phnom-penh\/","name":"Phnom Penh - Nam Viet Voyage","isPartOf":{"@id":"https:\/\/nam-viet-voyage.com\/#website"},"primaryImageOfPage":{"@id":"https:\/\/nam-viet-voyage.com\/fr\/phnom-penh\/#primaryimage"},"image":{"@id":"https:\/\/nam-viet-voyage.com\/fr\/phnom-penh\/#primaryimage"},"thumbnailUrl":"http:\/\/nam-viet-voyage.com\/wp-content\/uploads\/2015\/01\/phnom-penh-fb.jpg","datePublished":"2015-01-22T01:47:36+00:00","dateModified":"2016-05-25T07:45:04+00:00","description":"Phnom Penh, capitale du Cambodge, est une ville touristique attirante avec ses temples, palais, march\u00e9s et lieux charg\u00e9s d'histoire.","breadcrumb":{"@id":"https:\/\/nam-viet-voyage.com\/fr\/phnom-penh\/#breadcrumb"},"inLanguage":"fr-FR","potentialAction":[{"@type":"ReadAction","target":["https:\/\/nam-viet-voyage.com\/fr\/phnom-penh\/"]}]},{"@type":"ImageObject","inLanguage":"fr-FR","@id":"https:\/\/nam-viet-voyage.com\/fr\/phnom-penh\/#primaryimage","url":"http:\/\/nam-viet-voyage.com\/wp-content\/uploads\/2015\/01\/phnom-penh-fb.jpg","contentUrl":"http:\/\/nam-viet-voyage.com\/wp-content\/uploads\/2015\/01\/phnom-penh-fb.jpg","width":1200,"height":627,"caption":"Buildings \u00e0 Phnom Penh la nuit"},{"@type":"BreadcrumbList","@id":"https:\/\/nam-viet-voyage.com\/fr\/phnom-penh\/#breadcrumb","itemListElement":[{"@type":"ListItem","position":1,"name":"Home","item":"https:\/\/nam-viet-voyage.com\/fr\/sample-page-2\/"},{"@type":"ListItem","position":2,"name":"Phnom Penh"}]},{"@type":"WebSite","@id":"https:\/\/nam-viet-voyage.com\/#website","url":"https:\/\/nam-viet-voyage.com\/","name":"Nam Viet Voyage","description":"Voyages en Asie du Sud-Est","potentialAction":[{"@type":"SearchAction","target":{"@type":"EntryPoint","urlTemplate":"https:\/\/nam-viet-voyage.com\/?s={search_term_string}"},"query-input":{"@type":"PropertyValueSpecification","valueRequired":true,"valueName":"search_term_string"}}],"inLanguage":"fr-FR"}]}},"_links":{"self":[{"href":"http:\/\/nam-viet-voyage.com\/fr\/wp-json\/wp\/v2\/pages\/4179","targetHints":{"allow":["GET"]}}],"collection":[{"href":"http:\/\/nam-viet-voyage.com\/fr\/wp-json\/wp\/v2\/pages"}],"about":[{"href":"http:\/\/nam-viet-voyage.com\/fr\/wp-json\/wp\/v2\/types\/page"}],"author":[{"embeddable":true,"href":"http:\/\/nam-viet-voyage.com\/fr\/wp-json\/wp\/v2\/users\/2"}],"replies":[{"embeddable":true,"href":"http:\/\/nam-viet-voyage.com\/fr\/wp-json\/wp\/v2\/comments?post=4179"}],"version-history":[{"count":16,"href":"http:\/\/nam-viet-voyage.com\/fr\/wp-json\/wp\/v2\/pages\/4179\/revisions"}],"predecessor-version":[{"id":11366,"href":"http:\/\/nam-viet-voyage.com\/fr\/wp-json\/wp\/v2\/pages\/4179\/revisions\/11366"}],"wp:featuredmedia":[{"embeddable":true,"href":"http:\/\/nam-viet-voyage.com\/fr\/wp-json\/wp\/v2\/media\/11040"}],"wp:attachment":[{"href":"http:\/\/nam-viet-voyage.com\/fr\/wp-json\/wp\/v2\/media?parent=4179"}],"curies":[{"name":"wp","href":"https:\/\/api.w.org\/{rel}","templated":true}]}}