{"id":4175,"date":"2015-01-22T01:45:17","date_gmt":"2015-01-22T01:45:17","guid":{"rendered":"http:\/\/nam-viet-voyage.com\/?page_id=4175"},"modified":"2016-05-25T07:45:04","modified_gmt":"2016-05-25T07:45:04","slug":"4-rivers-floating-lodge-koh-kong","status":"publish","type":"page","link":"http:\/\/nam-viet-voyage.com\/fr\/4-rivers-floating-lodge-koh-kong\/","title":{"rendered":"4 Rivers Floating Lodge &#8211; Koh Kong"},"content":{"rendered":"<section class=\"l-section wpb_row height_medium\"><div class=\"l-section-h i-cf\"><div class=\"g-cols offset_small\"><div class=\" one-quarter\">[vc_wp_custommenu nav_menu=\u00a0\u00bb328&Prime; title=\u00a0\u00bbVotre h\u00f4tel &#8211; Cambodge\u00a0\u00bb]<\/div><div class=\" three-quarters\"><div class=\"w-image  align_center\"><img loading=\"lazy\" decoding=\"async\" width=\"730\" height=\"200\" src=\"http:\/\/nam-viet-voyage.com\/wp-content\/uploads\/2015\/01\/4-rivers-floating-lodge-koh-kong.png\" class=\"attachment-full size-full\" alt=\"4-rivers-floating-lodge-koh-kong\" srcset=\"http:\/\/nam-viet-voyage.com\/wp-content\/uploads\/2015\/01\/4-rivers-floating-lodge-koh-kong.png 730w, http:\/\/nam-viet-voyage.com\/wp-content\/uploads\/2015\/01\/4-rivers-floating-lodge-koh-kong-300x82.png 300w, http:\/\/nam-viet-voyage.com\/wp-content\/uploads\/2015\/01\/4-rivers-floating-lodge-koh-kong-600x164.png 600w, http:\/\/nam-viet-voyage.com\/wp-content\/uploads\/2015\/01\/4-rivers-floating-lodge-koh-kong-150x41.png 150w\" sizes=\"auto, (max-width: 730px) 100vw, 730px\" \/><\/div><div class=\"wpb_text_column \"><div class=\"wpb_wrapper\">\n<h2 style=\"text-align: center;\">4 Rivers Floating Lodge<\/h2>\n<p style=\"text-align: justify;\">Install\u00e9 sur la rivi\u00e8re Tatai au bord de la cha\u00eene des Cardamomes, le 4 Rivers Floating Lodge est un eco-resort de luxe. Il se compose de 12 villas flottantes et sous tente, comprenant chacune une terrasse priv\u00e9e avec acc\u00e8s \u00e0 la rivi\u00e8re. L&rsquo;h\u00f4tel se distingue par son lien fort avec la nature : tout est pens\u00e9 en fonction de l&#8217;empreinte \u00e9cologique sur les environs. De plus, l&rsquo;\u00e9tablissement propose de nombreuses activit\u00e9s d\u00e9couverte de la faune et de la flore de cette r\u00e9gion naturellement richement dot\u00e9e : randonn\u00e9es dans la jungle, kayak, baignade dans les chutes et la rivi\u00e8re Tatai. Ici, point de piscine artificielle ou de spa : la nature offre assez de divertissement comme cela. Le restaurant quant \u00e0 lui, combine saveurs khm\u00e8res et occidentales, tout en travaillant des ingr\u00e9dients frais et locaux, ce qui ne l&#8217;emp\u00eache pas de proposer une carte de vins de grande qualit\u00e9.<\/p>\n<\/div> <\/div> [vc_empty_space height=\u00a0\u00bb30px\u00a0\u00bb]<div class=\"g-cols wpb_row offset_small vc_inner \"><div class=\" one-half\"><div class=\"w-image  align_center\"><img loading=\"lazy\" decoding=\"async\" width=\"320\" height=\"213\" src=\"http:\/\/nam-viet-voyage.com\/wp-content\/uploads\/2015\/01\/4-rivers-floating-lodge-sunset.jpg\" class=\"attachment-full size-full\" alt=\"Coucher de soleil sur la rivi\u00e8re Tatai\" srcset=\"http:\/\/nam-viet-voyage.com\/wp-content\/uploads\/2015\/01\/4-rivers-floating-lodge-sunset.jpg 320w, http:\/\/nam-viet-voyage.com\/wp-content\/uploads\/2015\/01\/4-rivers-floating-lodge-sunset-300x200.jpg 300w\" sizes=\"auto, (max-width: 320px) 100vw, 320px\" \/><\/div><div class=\"w-image  align_center\"><img loading=\"lazy\" decoding=\"async\" width=\"320\" height=\"213\" src=\"http:\/\/nam-viet-voyage.com\/wp-content\/uploads\/2015\/01\/4-rivers-floating-lodge-sunbed.jpg\" class=\"attachment-full size-full\" alt=\"Vue ext\u00e9rieure du 4 Rivers Floating Lodge\" srcset=\"http:\/\/nam-viet-voyage.com\/wp-content\/uploads\/2015\/01\/4-rivers-floating-lodge-sunbed.jpg 320w, http:\/\/nam-viet-voyage.com\/wp-content\/uploads\/2015\/01\/4-rivers-floating-lodge-sunbed-300x200.jpg 300w\" sizes=\"auto, (max-width: 320px) 100vw, 320px\" \/><\/div><\/div><div class=\" one-half\"><div class=\"w-image  align_center\"><img loading=\"lazy\" decoding=\"async\" width=\"320\" height=\"213\" src=\"http:\/\/nam-viet-voyage.com\/wp-content\/uploads\/2015\/01\/4-rivers-floating-lodge-river.jpg\" class=\"attachment-full size-full\" alt=\"Les villas au bord de la rivi\u00e8re Tatai du 4 Rivers Floating Lodge\" srcset=\"http:\/\/nam-viet-voyage.com\/wp-content\/uploads\/2015\/01\/4-rivers-floating-lodge-river.jpg 320w, http:\/\/nam-viet-voyage.com\/wp-content\/uploads\/2015\/01\/4-rivers-floating-lodge-river-300x200.jpg 300w\" sizes=\"auto, (max-width: 320px) 100vw, 320px\" \/><\/div><div class=\"w-image  align_center\"><img loading=\"lazy\" decoding=\"async\" width=\"320\" height=\"213\" src=\"http:\/\/nam-viet-voyage.com\/wp-content\/uploads\/2015\/01\/4-rivers-floating-lodge-restaurant.jpg\" class=\"attachment-full size-full\" alt=\"Restaurant du 4 Rivers Floating Lodge\" srcset=\"http:\/\/nam-viet-voyage.com\/wp-content\/uploads\/2015\/01\/4-rivers-floating-lodge-restaurant.jpg 320w, http:\/\/nam-viet-voyage.com\/wp-content\/uploads\/2015\/01\/4-rivers-floating-lodge-restaurant-300x200.jpg 300w\" sizes=\"auto, (max-width: 320px) 100vw, 320px\" \/><\/div><\/div><\/div><\/div><\/div><\/div><\/section><section class=\"l-section wpb_row height_medium color_secondary\"><div class=\"l-section-h i-cf\"><div class=\"g-cols offset_small\"><div class=\" full-width\"><div class=\"g-cols wpb_row offset_small vc_inner \"><div class=\" full-width\">[vc_custom_heading text=\u00a0\u00bbPour tout projet ou information compl\u00e9mentaire, merci de nous contacter !\u00a0\u00bb font_container=\u00a0\u00bbtag:p|font_size:24|text_align:center\u00a0\u00bb google_fonts=\u00a0\u00bbfont_family:Nothing%20You%20Could%20Do%3Aregular|font_style:400%20regular%3A400%3Anormal\u00a0\u00bb]\n<div class=\"wpcf7 no-js\" id=\"wpcf7-f5977-o1\" lang=\"fr-FR\" dir=\"ltr\" data-wpcf7-id=\"5977\">\n<div class=\"screen-reader-response\"><p role=\"status\" aria-live=\"polite\" aria-atomic=\"true\"><\/p> <ul><\/ul><\/div>\n<form action=\"\/fr\/wp-json\/wp\/v2\/pages\/4175#wpcf7-f5977-o1\" method=\"post\" class=\"wpcf7-form init\" aria-label=\"Formulaire de contact\" novalidate=\"novalidate\" data-status=\"init\">\n<fieldset class=\"hidden-fields-container\"><input type=\"hidden\" name=\"_wpcf7\" value=\"5977\" \/><input type=\"hidden\" name=\"_wpcf7_version\" value=\"6.1.5\" \/><input type=\"hidden\" name=\"_wpcf7_locale\" value=\"fr_FR\" \/><input type=\"hidden\" name=\"_wpcf7_unit_tag\" value=\"wpcf7-f5977-o1\" \/><input type=\"hidden\" name=\"_wpcf7_container_post\" value=\"0\" \/><input type=\"hidden\" name=\"_wpcf7_posted_data_hash\" value=\"\" \/>\n<\/fieldset>\n<p>Votre Nom *\n<\/p>\n<p><span class=\"wpcf7-form-control-wrap\" data-name=\"your-name\"><input size=\"40\" maxlength=\"400\" class=\"wpcf7-form-control wpcf7-text wpcf7-validates-as-required\" aria-required=\"true\" aria-invalid=\"false\" value=\"\" type=\"text\" name=\"your-name\" \/><\/span>\n<\/p>\n<p>Votre Email *\n<\/p>\n<p><span class=\"wpcf7-form-control-wrap\" data-name=\"your-email\"><input size=\"40\" maxlength=\"400\" class=\"wpcf7-form-control wpcf7-email wpcf7-validates-as-required wpcf7-text wpcf7-validates-as-email\" aria-required=\"true\" aria-invalid=\"false\" value=\"\" type=\"email\" name=\"your-email\" \/><\/span>\n<\/p>\n<p>Votre Message *\n<\/p>\n<p><span class=\"wpcf7-form-control-wrap\" data-name=\"your-message\"><textarea cols=\"40\" rows=\"10\" maxlength=\"2000\" class=\"wpcf7-form-control wpcf7-textarea wpcf7-validates-as-required\" aria-required=\"true\" aria-invalid=\"false\" name=\"your-message\"><\/textarea><\/span>\n<\/p>\n<p><input class=\"wpcf7-form-control wpcf7-submit has-spinner\" type=\"submit\" value=\"Envoyer\" \/>\n<\/p><div class=\"wpcf7-response-output\" aria-hidden=\"true\"><\/div>\n<\/form>\n<\/div>\n<\/div><\/div><\/div><\/div><\/div><\/section>\n<p><a href=\"\/\/www.pinterest.com\/pin\/create\/button\/\" data-pin-do=\"buttonBookmark\" data-pin-color=\"red\" data-pin-height=\"128\"><img decoding=\"async\" src=\"\/\/assets.pinterest.com\/images\/pidgets\/pinit_fg_en_rect_red_28.png\" \/><\/a><\/p>","protected":false},"excerpt":{"rendered":"[vc_wp_custommenu nav_menu=\"328\" title=\"Votre h\u00f4tel - Cambodge\"] 4 Rivers Floating Lodge Install\u00e9 sur la rivi\u00e8re Tatai au bord de la cha\u00eene des Cardamomes, le 4 Rivers Floating Lodge est un eco-resort...","protected":false},"author":2,"featured_media":0,"parent":0,"menu_order":0,"comment_status":"closed","ping_status":"open","template":"","meta":{"_crdt_document":"","footnotes":""},"class_list":["post-4175","page","type-page","status-publish","hentry"],"yoast_head":"<!-- This site is optimized with the Yoast SEO plugin v26.9 - https:\/\/yoast.com\/product\/yoast-seo-wordpress\/ -->\n<title>4 Rivers Floating Lodge - Koh Kong - Nam Viet Voyage<\/title>\n<meta name=\"description\" content=\"Le 4 Rivers Floating Lodge, sur la rivi\u00e8re Tatai est la preuve que l&#039;on peut allier nature, conscience environnementale et luxe, dans un s\u00e9jour exceptionnel.\" \/>\n<meta name=\"robots\" content=\"index, follow, max-snippet:-1, max-image-preview:large, max-video-preview:-1\" \/>\n<link rel=\"canonical\" href=\"https:\/\/nam-viet-voyage.com\/fr\/4-rivers-floating-lodge-koh-kong\/\" \/>\n<meta property=\"og:locale\" content=\"fr_FR\" \/>\n<meta property=\"og:type\" content=\"article\" \/>\n<meta property=\"og:title\" content=\"4 Rivers Floating Lodge - Koh Kong - Nam Viet Voyage\" \/>\n<meta property=\"og:description\" content=\"Le 4 Rivers Floating Lodge, sur la rivi\u00e8re Tatai est la preuve que l&#039;on peut allier nature, conscience environnementale et luxe, dans un s\u00e9jour exceptionnel.\" \/>\n<meta property=\"og:url\" content=\"https:\/\/nam-viet-voyage.com\/fr\/4-rivers-floating-lodge-koh-kong\/\" \/>\n<meta property=\"og:site_name\" content=\"Nam Viet Voyage\" \/>\n<meta property=\"article:publisher\" content=\"https:\/\/www.facebook.com\/NamVietVoyage\" \/>\n<meta property=\"article:modified_time\" content=\"2016-05-25T07:45:04+00:00\" \/>\n<meta name=\"twitter:card\" content=\"summary_large_image\" \/>\n<meta name=\"twitter:site\" content=\"@NamVietVoyage\" \/>\n<meta name=\"twitter:label1\" content=\"Dur\u00e9e de lecture estim\u00e9e\" \/>\n\t<meta name=\"twitter:data1\" content=\"2 minutes\" \/>\n<script type=\"application\/ld+json\" class=\"yoast-schema-graph\">{\"@context\":\"https:\/\/schema.org\",\"@graph\":[{\"@type\":\"WebPage\",\"@id\":\"https:\/\/nam-viet-voyage.com\/fr\/4-rivers-floating-lodge-koh-kong\/\",\"url\":\"https:\/\/nam-viet-voyage.com\/fr\/4-rivers-floating-lodge-koh-kong\/\",\"name\":\"4 Rivers Floating Lodge - Koh Kong - Nam Viet Voyage\",\"isPartOf\":{\"@id\":\"https:\/\/nam-viet-voyage.com\/#website\"},\"datePublished\":\"2015-01-22T01:45:17+00:00\",\"dateModified\":\"2016-05-25T07:45:04+00:00\",\"description\":\"Le 4 Rivers Floating Lodge, sur la rivi\u00e8re Tatai est la preuve que l'on peut allier nature, conscience environnementale et luxe, dans un s\u00e9jour exceptionnel.\",\"breadcrumb\":{\"@id\":\"https:\/\/nam-viet-voyage.com\/fr\/4-rivers-floating-lodge-koh-kong\/#breadcrumb\"},\"inLanguage\":\"fr-FR\",\"potentialAction\":[{\"@type\":\"ReadAction\",\"target\":[\"https:\/\/nam-viet-voyage.com\/fr\/4-rivers-floating-lodge-koh-kong\/\"]}]},{\"@type\":\"BreadcrumbList\",\"@id\":\"https:\/\/nam-viet-voyage.com\/fr\/4-rivers-floating-lodge-koh-kong\/#breadcrumb\",\"itemListElement\":[{\"@type\":\"ListItem\",\"position\":1,\"name\":\"Home\",\"item\":\"http:\/\/nam-viet-voyage.com\/fr\/\"},{\"@type\":\"ListItem\",\"position\":2,\"name\":\"4 Rivers Floating Lodge &#8211; Koh Kong\"}]},{\"@type\":\"WebSite\",\"@id\":\"https:\/\/nam-viet-voyage.com\/#website\",\"url\":\"https:\/\/nam-viet-voyage.com\/\",\"name\":\"Nam Viet Voyage\",\"description\":\"Voyages en Asie du Sud-Est\",\"potentialAction\":[{\"@type\":\"SearchAction\",\"target\":{\"@type\":\"EntryPoint\",\"urlTemplate\":\"https:\/\/nam-viet-voyage.com\/?s={search_term_string}\"},\"query-input\":{\"@type\":\"PropertyValueSpecification\",\"valueRequired\":true,\"valueName\":\"search_term_string\"}}],\"inLanguage\":\"fr-FR\"}]}<\/script>\n<!-- \/ Yoast SEO plugin. -->","yoast_head_json":{"title":"4 Rivers Floating Lodge - Koh Kong - Nam Viet Voyage","description":"Le 4 Rivers Floating Lodge, sur la rivi\u00e8re Tatai est la preuve que l'on peut allier nature, conscience environnementale et luxe, dans un s\u00e9jour exceptionnel.","robots":{"index":"index","follow":"follow","max-snippet":"max-snippet:-1","max-image-preview":"max-image-preview:large","max-video-preview":"max-video-preview:-1"},"canonical":"https:\/\/nam-viet-voyage.com\/fr\/4-rivers-floating-lodge-koh-kong\/","og_locale":"fr_FR","og_type":"article","og_title":"4 Rivers Floating Lodge - Koh Kong - Nam Viet Voyage","og_description":"Le 4 Rivers Floating Lodge, sur la rivi\u00e8re Tatai est la preuve que l'on peut allier nature, conscience environnementale et luxe, dans un s\u00e9jour exceptionnel.","og_url":"https:\/\/nam-viet-voyage.com\/fr\/4-rivers-floating-lodge-koh-kong\/","og_site_name":"Nam Viet Voyage","article_publisher":"https:\/\/www.facebook.com\/NamVietVoyage","article_modified_time":"2016-05-25T07:45:04+00:00","twitter_card":"summary_large_image","twitter_site":"@NamVietVoyage","twitter_misc":{"Dur\u00e9e de lecture estim\u00e9e":"2 minutes"},"schema":{"@context":"https:\/\/schema.org","@graph":[{"@type":"WebPage","@id":"https:\/\/nam-viet-voyage.com\/fr\/4-rivers-floating-lodge-koh-kong\/","url":"https:\/\/nam-viet-voyage.com\/fr\/4-rivers-floating-lodge-koh-kong\/","name":"4 Rivers Floating Lodge - Koh Kong - Nam Viet Voyage","isPartOf":{"@id":"https:\/\/nam-viet-voyage.com\/#website"},"datePublished":"2015-01-22T01:45:17+00:00","dateModified":"2016-05-25T07:45:04+00:00","description":"Le 4 Rivers Floating Lodge, sur la rivi\u00e8re Tatai est la preuve que l'on peut allier nature, conscience environnementale et luxe, dans un s\u00e9jour exceptionnel.","breadcrumb":{"@id":"https:\/\/nam-viet-voyage.com\/fr\/4-rivers-floating-lodge-koh-kong\/#breadcrumb"},"inLanguage":"fr-FR","potentialAction":[{"@type":"ReadAction","target":["https:\/\/nam-viet-voyage.com\/fr\/4-rivers-floating-lodge-koh-kong\/"]}]},{"@type":"BreadcrumbList","@id":"https:\/\/nam-viet-voyage.com\/fr\/4-rivers-floating-lodge-koh-kong\/#breadcrumb","itemListElement":[{"@type":"ListItem","position":1,"name":"Home","item":"http:\/\/nam-viet-voyage.com\/fr\/"},{"@type":"ListItem","position":2,"name":"4 Rivers Floating Lodge &#8211; Koh Kong"}]},{"@type":"WebSite","@id":"https:\/\/nam-viet-voyage.com\/#website","url":"https:\/\/nam-viet-voyage.com\/","name":"Nam Viet Voyage","description":"Voyages en Asie du Sud-Est","potentialAction":[{"@type":"SearchAction","target":{"@type":"EntryPoint","urlTemplate":"https:\/\/nam-viet-voyage.com\/?s={search_term_string}"},"query-input":{"@type":"PropertyValueSpecification","valueRequired":true,"valueName":"search_term_string"}}],"inLanguage":"fr-FR"}]}},"_links":{"self":[{"href":"http:\/\/nam-viet-voyage.com\/fr\/wp-json\/wp\/v2\/pages\/4175","targetHints":{"allow":["GET"]}}],"collection":[{"href":"http:\/\/nam-viet-voyage.com\/fr\/wp-json\/wp\/v2\/pages"}],"about":[{"href":"http:\/\/nam-viet-voyage.com\/fr\/wp-json\/wp\/v2\/types\/page"}],"author":[{"embeddable":true,"href":"http:\/\/nam-viet-voyage.com\/fr\/wp-json\/wp\/v2\/users\/2"}],"replies":[{"embeddable":true,"href":"http:\/\/nam-viet-voyage.com\/fr\/wp-json\/wp\/v2\/comments?post=4175"}],"version-history":[{"count":14,"href":"http:\/\/nam-viet-voyage.com\/fr\/wp-json\/wp\/v2\/pages\/4175\/revisions"}],"predecessor-version":[{"id":11368,"href":"http:\/\/nam-viet-voyage.com\/fr\/wp-json\/wp\/v2\/pages\/4175\/revisions\/11368"}],"wp:attachment":[{"href":"http:\/\/nam-viet-voyage.com\/fr\/wp-json\/wp\/v2\/media?parent=4175"}],"curies":[{"name":"wp","href":"https:\/\/api.w.org\/{rel}","templated":true}]}}