{"id":4173,"date":"2015-01-22T01:44:18","date_gmt":"2015-01-22T01:44:18","guid":{"rendered":"http:\/\/nam-viet-voyage.com\/?page_id=4173"},"modified":"2016-05-25T07:45:04","modified_gmt":"2016-05-25T07:45:04","slug":"victoria-angkor-resort-spa-siem-reap","status":"publish","type":"page","link":"http:\/\/nam-viet-voyage.com\/fr\/victoria-angkor-resort-spa-siem-reap\/","title":{"rendered":"Victoria Angkor Resort &#038; Spa &#8211; Siem Reap"},"content":{"rendered":"<section class=\"l-section wpb_row height_medium\"><div class=\"l-section-h i-cf\"><div class=\"g-cols offset_small\"><div class=\" one-quarter\">[vc_wp_custommenu nav_menu=\u00a0\u00bb328&Prime; title=\u00a0\u00bbVotre h\u00f4tel &#8211; Cambodge\u00a0\u00bb]<\/div><div class=\" three-quarters\"><div class=\"w-image  align_center\"><img loading=\"lazy\" decoding=\"async\" width=\"730\" height=\"200\" src=\"http:\/\/nam-viet-voyage.com\/wp-content\/uploads\/2015\/01\/victoria-angkor-resort-spa-siem-reap.png\" class=\"attachment-full size-full\" alt=\"victoria-angkor-resort-spa-siem-reap\" srcset=\"http:\/\/nam-viet-voyage.com\/wp-content\/uploads\/2015\/01\/victoria-angkor-resort-spa-siem-reap.png 730w, http:\/\/nam-viet-voyage.com\/wp-content\/uploads\/2015\/01\/victoria-angkor-resort-spa-siem-reap-300x82.png 300w, http:\/\/nam-viet-voyage.com\/wp-content\/uploads\/2015\/01\/victoria-angkor-resort-spa-siem-reap-600x164.png 600w, http:\/\/nam-viet-voyage.com\/wp-content\/uploads\/2015\/01\/victoria-angkor-resort-spa-siem-reap-150x41.png 150w\" sizes=\"auto, (max-width: 730px) 100vw, 730px\" \/><\/div><div class=\"wpb_text_column \"><div class=\"wpb_wrapper\">\n<h2 style=\"text-align: center;\">Victoria Angkor Resort &amp; Spa<\/h2>\n<p style=\"text-align: justify;\">Dans le centre de Siem Reap, pr\u00e8s du complexe d&rsquo;Angkor, se trouve le Victoria Angkor Resort &amp; Spa, un h\u00f4tel 5 \u00e9toiles au service impeccable. Son style s&rsquo;inspire de l&rsquo;architecture coloniale des ann\u00e9es 1930 : longues coursives, baies vitr\u00e9es, lignes droites et mobilier en bois. L&rsquo;ensemble est sobre et \u00e9l\u00e9gant. Ses nombreuses chambres et suites poss\u00e8dent toutes un balcon avec vue sur la grande piscine d&rsquo;eau sal\u00e9e ou le Jardin royal. Plusieurs restaurants sont \u00e0 la disposition des h\u00f4tes qui b\u00e9n\u00e9ficient d&rsquo;un large choix de cuisine : khm\u00e8re, asiatique, fran\u00e7aise\u2026 Il y en a pour tous les go\u00fbts. Des cours de cuisine khm\u00e8re sont aussi dispens\u00e9s \u00e0 la demande. L&rsquo;h\u00f4tel organise \u00e9galement des tours pour aller visiter les ruines de l&rsquo;ancienne cit\u00e9 imp\u00e9riale, Angkor, mais aussi des circuits en voiture ancienne pour d\u00e9couvrir la ville de Siem Reap.<\/p>\n<\/div> <\/div> [vc_empty_space height=\u00a0\u00bb30px\u00a0\u00bb]<div class=\"g-cols wpb_row offset_small vc_inner \"><div class=\" one-half\"><div class=\"w-image  align_center\"><img loading=\"lazy\" decoding=\"async\" width=\"320\" height=\"213\" src=\"http:\/\/nam-viet-voyage.com\/wp-content\/uploads\/2015\/01\/victoria-angkor-resort-restaurant.jpg\" class=\"attachment-full size-full\" alt=\"Vue du restaurant au Victoria Angkor Resort\" srcset=\"http:\/\/nam-viet-voyage.com\/wp-content\/uploads\/2015\/01\/victoria-angkor-resort-restaurant.jpg 320w, http:\/\/nam-viet-voyage.com\/wp-content\/uploads\/2015\/01\/victoria-angkor-resort-restaurant-300x200.jpg 300w\" sizes=\"auto, (max-width: 320px) 100vw, 320px\" \/><\/div><div class=\"w-image  align_center\"><img loading=\"lazy\" decoding=\"async\" width=\"320\" height=\"213\" src=\"http:\/\/nam-viet-voyage.com\/wp-content\/uploads\/2015\/01\/victoria-angkor-resort-pool.jpg\" class=\"attachment-full size-full\" alt=\"Vue de la piscine et de la terrasse au Victoria Angkor Resort\" srcset=\"http:\/\/nam-viet-voyage.com\/wp-content\/uploads\/2015\/01\/victoria-angkor-resort-pool.jpg 320w, http:\/\/nam-viet-voyage.com\/wp-content\/uploads\/2015\/01\/victoria-angkor-resort-pool-300x200.jpg 300w\" sizes=\"auto, (max-width: 320px) 100vw, 320px\" \/><\/div><\/div><div class=\" one-half\"><div class=\"w-image  align_center\"><img loading=\"lazy\" decoding=\"async\" width=\"320\" height=\"213\" src=\"http:\/\/nam-viet-voyage.com\/wp-content\/uploads\/2015\/01\/victoria-angkor-resort-spa.jpg\" class=\"attachment-full size-full\" alt=\"Massage au spa du Victoria Angkor Resort\" srcset=\"http:\/\/nam-viet-voyage.com\/wp-content\/uploads\/2015\/01\/victoria-angkor-resort-spa.jpg 320w, http:\/\/nam-viet-voyage.com\/wp-content\/uploads\/2015\/01\/victoria-angkor-resort-spa-300x200.jpg 300w\" sizes=\"auto, (max-width: 320px) 100vw, 320px\" \/><\/div><div class=\"w-image  align_center\"><img loading=\"lazy\" decoding=\"async\" width=\"320\" height=\"213\" src=\"http:\/\/nam-viet-voyage.com\/wp-content\/uploads\/2015\/01\/victoria-angkor-resort-room.jpg\" class=\"attachment-full size-full\" alt=\"Chambre au mobilier en bois, Victoria Angkor Resort\" srcset=\"http:\/\/nam-viet-voyage.com\/wp-content\/uploads\/2015\/01\/victoria-angkor-resort-room.jpg 320w, http:\/\/nam-viet-voyage.com\/wp-content\/uploads\/2015\/01\/victoria-angkor-resort-room-300x200.jpg 300w\" sizes=\"auto, (max-width: 320px) 100vw, 320px\" \/><\/div><\/div><\/div><\/div><\/div><\/div><\/section><section class=\"l-section wpb_row height_medium color_secondary\"><div class=\"l-section-h i-cf\"><div class=\"g-cols offset_small\"><div class=\" full-width\"><div class=\"g-cols wpb_row offset_small vc_inner \"><div class=\" full-width\">[vc_custom_heading text=\u00a0\u00bbPour tout projet ou information compl\u00e9mentaire, merci de nous contacter !\u00a0\u00bb font_container=\u00a0\u00bbtag:p|font_size:24|text_align:center\u00a0\u00bb google_fonts=\u00a0\u00bbfont_family:Nothing%20You%20Could%20Do%3Aregular|font_style:400%20regular%3A400%3Anormal\u00a0\u00bb]\n<div class=\"wpcf7 no-js\" id=\"wpcf7-f5977-o1\" lang=\"fr-FR\" dir=\"ltr\" data-wpcf7-id=\"5977\">\n<div class=\"screen-reader-response\"><p role=\"status\" aria-live=\"polite\" aria-atomic=\"true\"><\/p> <ul><\/ul><\/div>\n<form action=\"\/fr\/wp-json\/wp\/v2\/pages\/4173#wpcf7-f5977-o1\" method=\"post\" class=\"wpcf7-form init\" aria-label=\"Formulaire de contact\" novalidate=\"novalidate\" data-status=\"init\">\n<fieldset class=\"hidden-fields-container\"><input type=\"hidden\" name=\"_wpcf7\" value=\"5977\" \/><input type=\"hidden\" name=\"_wpcf7_version\" value=\"6.1.5\" \/><input type=\"hidden\" name=\"_wpcf7_locale\" value=\"fr_FR\" \/><input type=\"hidden\" name=\"_wpcf7_unit_tag\" value=\"wpcf7-f5977-o1\" \/><input type=\"hidden\" name=\"_wpcf7_container_post\" value=\"0\" \/><input type=\"hidden\" name=\"_wpcf7_posted_data_hash\" value=\"\" \/>\n<\/fieldset>\n<p>Votre Nom *\n<\/p>\n<p><span class=\"wpcf7-form-control-wrap\" data-name=\"your-name\"><input size=\"40\" maxlength=\"400\" class=\"wpcf7-form-control wpcf7-text wpcf7-validates-as-required\" aria-required=\"true\" aria-invalid=\"false\" value=\"\" type=\"text\" name=\"your-name\" \/><\/span>\n<\/p>\n<p>Votre Email *\n<\/p>\n<p><span class=\"wpcf7-form-control-wrap\" data-name=\"your-email\"><input size=\"40\" maxlength=\"400\" class=\"wpcf7-form-control wpcf7-email wpcf7-validates-as-required wpcf7-text wpcf7-validates-as-email\" aria-required=\"true\" aria-invalid=\"false\" value=\"\" type=\"email\" name=\"your-email\" \/><\/span>\n<\/p>\n<p>Votre Message *\n<\/p>\n<p><span class=\"wpcf7-form-control-wrap\" data-name=\"your-message\"><textarea cols=\"40\" rows=\"10\" maxlength=\"2000\" class=\"wpcf7-form-control wpcf7-textarea wpcf7-validates-as-required\" aria-required=\"true\" aria-invalid=\"false\" name=\"your-message\"><\/textarea><\/span>\n<\/p>\n<p><input class=\"wpcf7-form-control wpcf7-submit has-spinner\" type=\"submit\" value=\"Envoyer\" \/>\n<\/p><div class=\"wpcf7-response-output\" aria-hidden=\"true\"><\/div>\n<\/form>\n<\/div>\n<\/div><\/div><\/div><\/div><\/div><\/section>\n<p><a href=\"\/\/www.pinterest.com\/pin\/create\/button\/\" data-pin-do=\"buttonBookmark\" data-pin-color=\"red\" data-pin-height=\"128\"><img decoding=\"async\" src=\"\/\/assets.pinterest.com\/images\/pidgets\/pinit_fg_en_rect_red_28.png\" \/><\/a><\/p>","protected":false},"excerpt":{"rendered":"[vc_wp_custommenu nav_menu=\"328\" title=\"Votre h\u00f4tel - Cambodge\"] Victoria Angkor Resort &amp; Spa Dans le centre de Siem Reap, pr\u00e8s du complexe d'Angkor, se trouve le Victoria Angkor Resort &amp; Spa, un...","protected":false},"author":2,"featured_media":0,"parent":0,"menu_order":0,"comment_status":"closed","ping_status":"open","template":"","meta":{"_crdt_document":"","footnotes":""},"class_list":["post-4173","page","type-page","status-publish","hentry"],"yoast_head":"<!-- This site is optimized with the Yoast SEO plugin v26.9 - https:\/\/yoast.com\/product\/yoast-seo-wordpress\/ -->\n<title>Victoria Angkor Resort &amp; Spa - Siem Reap - Nam Viet Voyage<\/title>\n<meta name=\"description\" content=\"Le Victoria Angkor Resort est un superbe h\u00f4tel 5 \u00e9toiles dont le style est inspir\u00e9 de l&#039;architecture coloniale des ann\u00e9es 1930.\" \/>\n<meta name=\"robots\" content=\"index, follow, max-snippet:-1, max-image-preview:large, max-video-preview:-1\" \/>\n<link rel=\"canonical\" href=\"https:\/\/nam-viet-voyage.com\/fr\/victoria-angkor-resort-spa-siem-reap\/\" \/>\n<meta property=\"og:locale\" content=\"fr_FR\" \/>\n<meta property=\"og:type\" content=\"article\" \/>\n<meta property=\"og:title\" content=\"Victoria Angkor Resort &amp; Spa - Siem Reap - Nam Viet Voyage\" \/>\n<meta property=\"og:description\" content=\"Le Victoria Angkor Resort est un superbe h\u00f4tel 5 \u00e9toiles dont le style est inspir\u00e9 de l&#039;architecture coloniale des ann\u00e9es 1930.\" \/>\n<meta property=\"og:url\" content=\"https:\/\/nam-viet-voyage.com\/fr\/victoria-angkor-resort-spa-siem-reap\/\" \/>\n<meta property=\"og:site_name\" content=\"Nam Viet Voyage\" \/>\n<meta property=\"article:publisher\" content=\"https:\/\/www.facebook.com\/NamVietVoyage\" \/>\n<meta property=\"article:modified_time\" content=\"2016-05-25T07:45:04+00:00\" \/>\n<meta name=\"twitter:card\" content=\"summary_large_image\" \/>\n<meta name=\"twitter:site\" content=\"@NamVietVoyage\" \/>\n<meta name=\"twitter:label1\" content=\"Dur\u00e9e de lecture estim\u00e9e\" \/>\n\t<meta name=\"twitter:data1\" content=\"2 minutes\" \/>\n<script type=\"application\/ld+json\" class=\"yoast-schema-graph\">{\"@context\":\"https:\/\/schema.org\",\"@graph\":[{\"@type\":\"WebPage\",\"@id\":\"https:\/\/nam-viet-voyage.com\/fr\/victoria-angkor-resort-spa-siem-reap\/\",\"url\":\"https:\/\/nam-viet-voyage.com\/fr\/victoria-angkor-resort-spa-siem-reap\/\",\"name\":\"Victoria Angkor Resort & Spa - Siem Reap - Nam Viet Voyage\",\"isPartOf\":{\"@id\":\"https:\/\/nam-viet-voyage.com\/#website\"},\"datePublished\":\"2015-01-22T01:44:18+00:00\",\"dateModified\":\"2016-05-25T07:45:04+00:00\",\"description\":\"Le Victoria Angkor Resort est un superbe h\u00f4tel 5 \u00e9toiles dont le style est inspir\u00e9 de l'architecture coloniale des ann\u00e9es 1930.\",\"breadcrumb\":{\"@id\":\"https:\/\/nam-viet-voyage.com\/fr\/victoria-angkor-resort-spa-siem-reap\/#breadcrumb\"},\"inLanguage\":\"fr-FR\",\"potentialAction\":[{\"@type\":\"ReadAction\",\"target\":[\"https:\/\/nam-viet-voyage.com\/fr\/victoria-angkor-resort-spa-siem-reap\/\"]}]},{\"@type\":\"BreadcrumbList\",\"@id\":\"https:\/\/nam-viet-voyage.com\/fr\/victoria-angkor-resort-spa-siem-reap\/#breadcrumb\",\"itemListElement\":[{\"@type\":\"ListItem\",\"position\":1,\"name\":\"Home\",\"item\":\"http:\/\/nam-viet-voyage.com\/fr\/\"},{\"@type\":\"ListItem\",\"position\":2,\"name\":\"Victoria Angkor Resort &#038; Spa &#8211; Siem Reap\"}]},{\"@type\":\"WebSite\",\"@id\":\"https:\/\/nam-viet-voyage.com\/#website\",\"url\":\"https:\/\/nam-viet-voyage.com\/\",\"name\":\"Nam Viet Voyage\",\"description\":\"Voyages en Asie du Sud-Est\",\"potentialAction\":[{\"@type\":\"SearchAction\",\"target\":{\"@type\":\"EntryPoint\",\"urlTemplate\":\"https:\/\/nam-viet-voyage.com\/?s={search_term_string}\"},\"query-input\":{\"@type\":\"PropertyValueSpecification\",\"valueRequired\":true,\"valueName\":\"search_term_string\"}}],\"inLanguage\":\"fr-FR\"}]}<\/script>\n<!-- \/ Yoast SEO plugin. -->","yoast_head_json":{"title":"Victoria Angkor Resort & Spa - Siem Reap - Nam Viet Voyage","description":"Le Victoria Angkor Resort est un superbe h\u00f4tel 5 \u00e9toiles dont le style est inspir\u00e9 de l'architecture coloniale des ann\u00e9es 1930.","robots":{"index":"index","follow":"follow","max-snippet":"max-snippet:-1","max-image-preview":"max-image-preview:large","max-video-preview":"max-video-preview:-1"},"canonical":"https:\/\/nam-viet-voyage.com\/fr\/victoria-angkor-resort-spa-siem-reap\/","og_locale":"fr_FR","og_type":"article","og_title":"Victoria Angkor Resort & Spa - Siem Reap - Nam Viet Voyage","og_description":"Le Victoria Angkor Resort est un superbe h\u00f4tel 5 \u00e9toiles dont le style est inspir\u00e9 de l'architecture coloniale des ann\u00e9es 1930.","og_url":"https:\/\/nam-viet-voyage.com\/fr\/victoria-angkor-resort-spa-siem-reap\/","og_site_name":"Nam Viet Voyage","article_publisher":"https:\/\/www.facebook.com\/NamVietVoyage","article_modified_time":"2016-05-25T07:45:04+00:00","twitter_card":"summary_large_image","twitter_site":"@NamVietVoyage","twitter_misc":{"Dur\u00e9e de lecture estim\u00e9e":"2 minutes"},"schema":{"@context":"https:\/\/schema.org","@graph":[{"@type":"WebPage","@id":"https:\/\/nam-viet-voyage.com\/fr\/victoria-angkor-resort-spa-siem-reap\/","url":"https:\/\/nam-viet-voyage.com\/fr\/victoria-angkor-resort-spa-siem-reap\/","name":"Victoria Angkor Resort & Spa - Siem Reap - Nam Viet Voyage","isPartOf":{"@id":"https:\/\/nam-viet-voyage.com\/#website"},"datePublished":"2015-01-22T01:44:18+00:00","dateModified":"2016-05-25T07:45:04+00:00","description":"Le Victoria Angkor Resort est un superbe h\u00f4tel 5 \u00e9toiles dont le style est inspir\u00e9 de l'architecture coloniale des ann\u00e9es 1930.","breadcrumb":{"@id":"https:\/\/nam-viet-voyage.com\/fr\/victoria-angkor-resort-spa-siem-reap\/#breadcrumb"},"inLanguage":"fr-FR","potentialAction":[{"@type":"ReadAction","target":["https:\/\/nam-viet-voyage.com\/fr\/victoria-angkor-resort-spa-siem-reap\/"]}]},{"@type":"BreadcrumbList","@id":"https:\/\/nam-viet-voyage.com\/fr\/victoria-angkor-resort-spa-siem-reap\/#breadcrumb","itemListElement":[{"@type":"ListItem","position":1,"name":"Home","item":"http:\/\/nam-viet-voyage.com\/fr\/"},{"@type":"ListItem","position":2,"name":"Victoria Angkor Resort &#038; Spa &#8211; Siem Reap"}]},{"@type":"WebSite","@id":"https:\/\/nam-viet-voyage.com\/#website","url":"https:\/\/nam-viet-voyage.com\/","name":"Nam Viet Voyage","description":"Voyages en Asie du Sud-Est","potentialAction":[{"@type":"SearchAction","target":{"@type":"EntryPoint","urlTemplate":"https:\/\/nam-viet-voyage.com\/?s={search_term_string}"},"query-input":{"@type":"PropertyValueSpecification","valueRequired":true,"valueName":"search_term_string"}}],"inLanguage":"fr-FR"}]}},"_links":{"self":[{"href":"http:\/\/nam-viet-voyage.com\/fr\/wp-json\/wp\/v2\/pages\/4173","targetHints":{"allow":["GET"]}}],"collection":[{"href":"http:\/\/nam-viet-voyage.com\/fr\/wp-json\/wp\/v2\/pages"}],"about":[{"href":"http:\/\/nam-viet-voyage.com\/fr\/wp-json\/wp\/v2\/types\/page"}],"author":[{"embeddable":true,"href":"http:\/\/nam-viet-voyage.com\/fr\/wp-json\/wp\/v2\/users\/2"}],"replies":[{"embeddable":true,"href":"http:\/\/nam-viet-voyage.com\/fr\/wp-json\/wp\/v2\/comments?post=4173"}],"version-history":[{"count":16,"href":"http:\/\/nam-viet-voyage.com\/fr\/wp-json\/wp\/v2\/pages\/4173\/revisions"}],"predecessor-version":[{"id":11369,"href":"http:\/\/nam-viet-voyage.com\/fr\/wp-json\/wp\/v2\/pages\/4173\/revisions\/11369"}],"wp:attachment":[{"href":"http:\/\/nam-viet-voyage.com\/fr\/wp-json\/wp\/v2\/media?parent=4173"}],"curies":[{"name":"wp","href":"https:\/\/api.w.org\/{rel}","templated":true}]}}