{"id":4165,"date":"2015-01-22T01:40:14","date_gmt":"2015-01-22T01:40:14","guid":{"rendered":"http:\/\/nam-viet-voyage.com\/?page_id=4165"},"modified":"2016-05-25T07:45:05","modified_gmt":"2016-05-25T07:45:05","slug":"song-saa-private-islande-sihanoukville","status":"publish","type":"page","link":"http:\/\/nam-viet-voyage.com\/fr\/song-saa-private-islande-sihanoukville\/","title":{"rendered":"Song Saa Private Island &#8211; Sihanoukville"},"content":{"rendered":"<section class=\"l-section wpb_row height_medium\"><div class=\"l-section-h i-cf\"><div class=\"g-cols offset_small\"><div class=\" one-quarter\">[vc_wp_custommenu nav_menu=\u00a0\u00bb328&Prime; title=\u00a0\u00bbHotels &#8211; Cambodia\u00a0\u00bb]<\/div><div class=\" three-quarters\"><div class=\"w-image  align_center\"><img loading=\"lazy\" decoding=\"async\" width=\"730\" height=\"200\" src=\"http:\/\/nam-viet-voyage.com\/wp-content\/uploads\/2015\/01\/song-saa-private-island-sihanoukville.png\" class=\"attachment-full size-full\" alt=\"song-saa-private-island-sihanoukville\" srcset=\"http:\/\/nam-viet-voyage.com\/wp-content\/uploads\/2015\/01\/song-saa-private-island-sihanoukville.png 730w, http:\/\/nam-viet-voyage.com\/wp-content\/uploads\/2015\/01\/song-saa-private-island-sihanoukville-300x82.png 300w, http:\/\/nam-viet-voyage.com\/wp-content\/uploads\/2015\/01\/song-saa-private-island-sihanoukville-600x164.png 600w, http:\/\/nam-viet-voyage.com\/wp-content\/uploads\/2015\/01\/song-saa-private-island-sihanoukville-150x41.png 150w\" sizes=\"auto, (max-width: 730px) 100vw, 730px\" \/><\/div><div class=\"wpb_text_column \"><div class=\"wpb_wrapper\">\n<h2 style=\"text-align: center;\">Song Saa Private Island<\/h2>\n<p style=\"text-align: justify;\">Le resort Song Saa, dans l&rsquo;archipel de Koh Rong, \u00e0 35 minutes en bateau au large de Sihanoukville, est un petit paradis \u00e0 lui tout seul. \u00c9tabli sur deux \u00eeles reli\u00e9es entre elle par une passerelle, il offre aux h\u00f4tes la possibilit\u00e9 de profiter d&rsquo;un s\u00e9jour de luxe, \u00e9co-responsable, et coup\u00e9 de l&rsquo;agitation du monde ext\u00e9rieur. Imagin\u00e9 par un couple australien venu passer leur lune de miel dans l&rsquo;archipel, Song Saa est aujourd&rsquo;hui une prestigieuse destination touristique de luxe. Les villas sont install\u00e9es sur la mer ou dans la jungle, et poss\u00e8dent toute une piscine priv\u00e9e. Le s\u00e9jour \u00e0 Song Saa inclut en outre un certain nombre d&rsquo;activit\u00e9s, offertes aux h\u00f4tes : plong\u00e9e avec masque et tuba autour de l&rsquo;\u00eele, kayak, cours de yoga au lever du soleil, safari dans la jungle ou dans la mer, projection priv\u00e9e de films dans la villa\u2026 Le but du resort est de fournir tout ce dont sa client\u00e8le peut n\u00e9cessiter pour passer un s\u00e9jour exceptionnel.<\/p>\n<\/div> <\/div> [vc_empty_space height=\u00a0\u00bb30px\u00a0\u00bb]<div class=\"g-cols wpb_row offset_small vc_inner \"><div class=\" one-half\"><div class=\"w-image  align_center\"><img loading=\"lazy\" decoding=\"async\" width=\"320\" height=\"213\" src=\"http:\/\/nam-viet-voyage.com\/wp-content\/uploads\/2015\/01\/song-saa-private-island-pool.jpg\" class=\"attachment-full size-full\" alt=\"vue de l&#039;oc\u00e9an Song Saa Private Island\" srcset=\"http:\/\/nam-viet-voyage.com\/wp-content\/uploads\/2015\/01\/song-saa-private-island-pool.jpg 320w, http:\/\/nam-viet-voyage.com\/wp-content\/uploads\/2015\/01\/song-saa-private-island-pool-300x200.jpg 300w\" sizes=\"auto, (max-width: 320px) 100vw, 320px\" \/><\/div><div class=\"w-image  align_center\"><img loading=\"lazy\" decoding=\"async\" width=\"320\" height=\"213\" src=\"http:\/\/nam-viet-voyage.com\/wp-content\/uploads\/2015\/01\/song-saa-private-island-jungle-villa.jpg\" class=\"attachment-full size-full\" alt=\"Piscine priv\u00e9e dans une villa jungle\" srcset=\"http:\/\/nam-viet-voyage.com\/wp-content\/uploads\/2015\/01\/song-saa-private-island-jungle-villa.jpg 320w, http:\/\/nam-viet-voyage.com\/wp-content\/uploads\/2015\/01\/song-saa-private-island-jungle-villa-300x200.jpg 300w\" sizes=\"auto, (max-width: 320px) 100vw, 320px\" \/><\/div><\/div><div class=\" one-half\"><div class=\"w-image  align_center\"><img loading=\"lazy\" decoding=\"async\" width=\"320\" height=\"213\" src=\"http:\/\/nam-viet-voyage.com\/wp-content\/uploads\/2015\/01\/song-saa-private-island-ocean.jpg\" class=\"attachment-full size-full\" alt=\"Terrasse sur l&#039;oc\u00e9an Song Saa\" srcset=\"http:\/\/nam-viet-voyage.com\/wp-content\/uploads\/2015\/01\/song-saa-private-island-ocean.jpg 320w, http:\/\/nam-viet-voyage.com\/wp-content\/uploads\/2015\/01\/song-saa-private-island-ocean-300x200.jpg 300w\" sizes=\"auto, (max-width: 320px) 100vw, 320px\" \/><\/div><div class=\"w-image  align_center\"><img loading=\"lazy\" decoding=\"async\" width=\"320\" height=\"213\" src=\"http:\/\/nam-viet-voyage.com\/wp-content\/uploads\/2015\/01\/song-saa-private-island-restaurant.jpg\" class=\"attachment-full size-full\" alt=\"Vue de la terrasse du restaurant Song Saa\" srcset=\"http:\/\/nam-viet-voyage.com\/wp-content\/uploads\/2015\/01\/song-saa-private-island-restaurant.jpg 320w, http:\/\/nam-viet-voyage.com\/wp-content\/uploads\/2015\/01\/song-saa-private-island-restaurant-300x200.jpg 300w\" sizes=\"auto, (max-width: 320px) 100vw, 320px\" \/><\/div><\/div><\/div><\/div><\/div><\/div><\/section><section class=\"l-section wpb_row height_medium color_secondary\"><div class=\"l-section-h i-cf\"><div class=\"g-cols offset_small\"><div class=\" full-width\"><div class=\"g-cols wpb_row offset_small vc_inner \"><div class=\" full-width\">[vc_custom_heading text=\u00a0\u00bbPour tout projet ou information compl\u00e9mentaire, merci de nous contacter !\u00a0\u00bb font_container=\u00a0\u00bbtag:p|font_size:24|text_align:center\u00a0\u00bb google_fonts=\u00a0\u00bbfont_family:Nothing%20You%20Could%20Do%3Aregular|font_style:400%20regular%3A400%3Anormal\u00a0\u00bb]\n<div class=\"wpcf7 no-js\" id=\"wpcf7-f5977-o1\" lang=\"fr-FR\" dir=\"ltr\" data-wpcf7-id=\"5977\">\n<div class=\"screen-reader-response\"><p role=\"status\" aria-live=\"polite\" aria-atomic=\"true\"><\/p> <ul><\/ul><\/div>\n<form action=\"\/fr\/wp-json\/wp\/v2\/pages\/4165#wpcf7-f5977-o1\" method=\"post\" class=\"wpcf7-form init\" aria-label=\"Formulaire de contact\" novalidate=\"novalidate\" data-status=\"init\">\n<fieldset class=\"hidden-fields-container\"><input type=\"hidden\" name=\"_wpcf7\" value=\"5977\" \/><input type=\"hidden\" name=\"_wpcf7_version\" value=\"6.1.5\" \/><input type=\"hidden\" name=\"_wpcf7_locale\" value=\"fr_FR\" \/><input type=\"hidden\" name=\"_wpcf7_unit_tag\" value=\"wpcf7-f5977-o1\" \/><input type=\"hidden\" name=\"_wpcf7_container_post\" value=\"0\" \/><input type=\"hidden\" name=\"_wpcf7_posted_data_hash\" value=\"\" \/>\n<\/fieldset>\n<p>Votre Nom *\n<\/p>\n<p><span class=\"wpcf7-form-control-wrap\" data-name=\"your-name\"><input size=\"40\" maxlength=\"400\" class=\"wpcf7-form-control wpcf7-text wpcf7-validates-as-required\" aria-required=\"true\" aria-invalid=\"false\" value=\"\" type=\"text\" name=\"your-name\" \/><\/span>\n<\/p>\n<p>Votre Email *\n<\/p>\n<p><span class=\"wpcf7-form-control-wrap\" data-name=\"your-email\"><input size=\"40\" maxlength=\"400\" class=\"wpcf7-form-control wpcf7-email wpcf7-validates-as-required wpcf7-text wpcf7-validates-as-email\" aria-required=\"true\" aria-invalid=\"false\" value=\"\" type=\"email\" name=\"your-email\" \/><\/span>\n<\/p>\n<p>Votre Message *\n<\/p>\n<p><span class=\"wpcf7-form-control-wrap\" data-name=\"your-message\"><textarea cols=\"40\" rows=\"10\" maxlength=\"2000\" class=\"wpcf7-form-control wpcf7-textarea wpcf7-validates-as-required\" aria-required=\"true\" aria-invalid=\"false\" name=\"your-message\"><\/textarea><\/span>\n<\/p>\n<p><input class=\"wpcf7-form-control wpcf7-submit has-spinner\" type=\"submit\" value=\"Envoyer\" \/>\n<\/p><div class=\"wpcf7-response-output\" aria-hidden=\"true\"><\/div>\n<\/form>\n<\/div>\n<\/div><\/div><\/div><\/div><\/div><\/section>\n<p><a href=\"\/\/www.pinterest.com\/pin\/create\/button\/\" data-pin-do=\"buttonBookmark\" data-pin-color=\"red\" data-pin-height=\"128\"><img decoding=\"async\" src=\"\/\/assets.pinterest.com\/images\/pidgets\/pinit_fg_en_rect_red_28.png\" \/><\/a><\/p>","protected":false},"excerpt":{"rendered":"[vc_wp_custommenu nav_menu=\"328\" title=\"Hotels - Cambodia\"] Song Saa Private Island Le resort Song Saa, dans l'archipel de Koh Rong, \u00e0 35 minutes en bateau au large de Sihanoukville, est un petit...","protected":false},"author":2,"featured_media":0,"parent":0,"menu_order":0,"comment_status":"closed","ping_status":"open","template":"","meta":{"_crdt_document":"","footnotes":""},"class_list":["post-4165","page","type-page","status-publish","hentry"],"yoast_head":"<!-- This site is optimized with the Yoast SEO plugin v26.9 - https:\/\/yoast.com\/product\/yoast-seo-wordpress\/ -->\n<title>Song Saa Private Island - Sihanoukville - Nam Viet Voyage<\/title>\n<meta name=\"description\" content=\"Song Saa est un resort install\u00e9 sur deux \u00eeles priv\u00e9es dans le Golfe de Tha\u00eflande, id\u00e9al pour profiter d&#039;un s\u00e9jour loin de l&#039;agitation du monde ext\u00e9rieur.\" \/>\n<meta name=\"robots\" content=\"index, follow, max-snippet:-1, max-image-preview:large, max-video-preview:-1\" \/>\n<link rel=\"canonical\" href=\"http:\/\/nam-viet-voyage.com\/fr\/song-saa-private-islande-sihanoukville\/\" \/>\n<meta property=\"og:locale\" content=\"fr_FR\" \/>\n<meta property=\"og:type\" content=\"article\" \/>\n<meta property=\"og:title\" content=\"Song Saa Private Island - Sihanoukville - Nam Viet Voyage\" \/>\n<meta property=\"og:description\" content=\"Song Saa est un resort install\u00e9 sur deux \u00eeles priv\u00e9es dans le Golfe de Tha\u00eflande, id\u00e9al pour profiter d&#039;un s\u00e9jour loin de l&#039;agitation du monde ext\u00e9rieur.\" \/>\n<meta property=\"og:url\" content=\"http:\/\/nam-viet-voyage.com\/fr\/song-saa-private-islande-sihanoukville\/\" \/>\n<meta property=\"og:site_name\" content=\"Nam Viet Voyage\" \/>\n<meta property=\"article:publisher\" content=\"https:\/\/www.facebook.com\/NamVietVoyage\" \/>\n<meta property=\"article:modified_time\" content=\"2016-05-25T07:45:05+00:00\" \/>\n<meta name=\"twitter:card\" content=\"summary_large_image\" \/>\n<meta name=\"twitter:site\" content=\"@NamVietVoyage\" \/>\n<meta name=\"twitter:label1\" content=\"Dur\u00e9e de lecture estim\u00e9e\" \/>\n\t<meta name=\"twitter:data1\" content=\"2 minutes\" \/>\n<script type=\"application\/ld+json\" class=\"yoast-schema-graph\">{\"@context\":\"https:\/\/schema.org\",\"@graph\":[{\"@type\":\"WebPage\",\"@id\":\"http:\/\/nam-viet-voyage.com\/fr\/song-saa-private-islande-sihanoukville\/\",\"url\":\"http:\/\/nam-viet-voyage.com\/fr\/song-saa-private-islande-sihanoukville\/\",\"name\":\"Song Saa Private Island - Sihanoukville - Nam Viet Voyage\",\"isPartOf\":{\"@id\":\"https:\/\/nam-viet-voyage.com\/#website\"},\"datePublished\":\"2015-01-22T01:40:14+00:00\",\"dateModified\":\"2016-05-25T07:45:05+00:00\",\"description\":\"Song Saa est un resort install\u00e9 sur deux \u00eeles priv\u00e9es dans le Golfe de Tha\u00eflande, id\u00e9al pour profiter d'un s\u00e9jour loin de l'agitation du monde ext\u00e9rieur.\",\"breadcrumb\":{\"@id\":\"http:\/\/nam-viet-voyage.com\/fr\/song-saa-private-islande-sihanoukville\/#breadcrumb\"},\"inLanguage\":\"fr-FR\",\"potentialAction\":[{\"@type\":\"ReadAction\",\"target\":[\"http:\/\/nam-viet-voyage.com\/fr\/song-saa-private-islande-sihanoukville\/\"]}]},{\"@type\":\"BreadcrumbList\",\"@id\":\"http:\/\/nam-viet-voyage.com\/fr\/song-saa-private-islande-sihanoukville\/#breadcrumb\",\"itemListElement\":[{\"@type\":\"ListItem\",\"position\":1,\"name\":\"Home\",\"item\":\"http:\/\/nam-viet-voyage.com\/fr\/\"},{\"@type\":\"ListItem\",\"position\":2,\"name\":\"Song Saa Private Island &#8211; Sihanoukville\"}]},{\"@type\":\"WebSite\",\"@id\":\"https:\/\/nam-viet-voyage.com\/#website\",\"url\":\"https:\/\/nam-viet-voyage.com\/\",\"name\":\"Nam Viet Voyage\",\"description\":\"Voyages en Asie du Sud-Est\",\"potentialAction\":[{\"@type\":\"SearchAction\",\"target\":{\"@type\":\"EntryPoint\",\"urlTemplate\":\"https:\/\/nam-viet-voyage.com\/?s={search_term_string}\"},\"query-input\":{\"@type\":\"PropertyValueSpecification\",\"valueRequired\":true,\"valueName\":\"search_term_string\"}}],\"inLanguage\":\"fr-FR\"}]}<\/script>\n<!-- \/ Yoast SEO plugin. -->","yoast_head_json":{"title":"Song Saa Private Island - Sihanoukville - Nam Viet Voyage","description":"Song Saa est un resort install\u00e9 sur deux \u00eeles priv\u00e9es dans le Golfe de Tha\u00eflande, id\u00e9al pour profiter d'un s\u00e9jour loin de l'agitation du monde ext\u00e9rieur.","robots":{"index":"index","follow":"follow","max-snippet":"max-snippet:-1","max-image-preview":"max-image-preview:large","max-video-preview":"max-video-preview:-1"},"canonical":"http:\/\/nam-viet-voyage.com\/fr\/song-saa-private-islande-sihanoukville\/","og_locale":"fr_FR","og_type":"article","og_title":"Song Saa Private Island - Sihanoukville - Nam Viet Voyage","og_description":"Song Saa est un resort install\u00e9 sur deux \u00eeles priv\u00e9es dans le Golfe de Tha\u00eflande, id\u00e9al pour profiter d'un s\u00e9jour loin de l'agitation du monde ext\u00e9rieur.","og_url":"http:\/\/nam-viet-voyage.com\/fr\/song-saa-private-islande-sihanoukville\/","og_site_name":"Nam Viet Voyage","article_publisher":"https:\/\/www.facebook.com\/NamVietVoyage","article_modified_time":"2016-05-25T07:45:05+00:00","twitter_card":"summary_large_image","twitter_site":"@NamVietVoyage","twitter_misc":{"Dur\u00e9e de lecture estim\u00e9e":"2 minutes"},"schema":{"@context":"https:\/\/schema.org","@graph":[{"@type":"WebPage","@id":"http:\/\/nam-viet-voyage.com\/fr\/song-saa-private-islande-sihanoukville\/","url":"http:\/\/nam-viet-voyage.com\/fr\/song-saa-private-islande-sihanoukville\/","name":"Song Saa Private Island - Sihanoukville - Nam Viet Voyage","isPartOf":{"@id":"https:\/\/nam-viet-voyage.com\/#website"},"datePublished":"2015-01-22T01:40:14+00:00","dateModified":"2016-05-25T07:45:05+00:00","description":"Song Saa est un resort install\u00e9 sur deux \u00eeles priv\u00e9es dans le Golfe de Tha\u00eflande, id\u00e9al pour profiter d'un s\u00e9jour loin de l'agitation du monde ext\u00e9rieur.","breadcrumb":{"@id":"http:\/\/nam-viet-voyage.com\/fr\/song-saa-private-islande-sihanoukville\/#breadcrumb"},"inLanguage":"fr-FR","potentialAction":[{"@type":"ReadAction","target":["http:\/\/nam-viet-voyage.com\/fr\/song-saa-private-islande-sihanoukville\/"]}]},{"@type":"BreadcrumbList","@id":"http:\/\/nam-viet-voyage.com\/fr\/song-saa-private-islande-sihanoukville\/#breadcrumb","itemListElement":[{"@type":"ListItem","position":1,"name":"Home","item":"http:\/\/nam-viet-voyage.com\/fr\/"},{"@type":"ListItem","position":2,"name":"Song Saa Private Island &#8211; Sihanoukville"}]},{"@type":"WebSite","@id":"https:\/\/nam-viet-voyage.com\/#website","url":"https:\/\/nam-viet-voyage.com\/","name":"Nam Viet Voyage","description":"Voyages en Asie du Sud-Est","potentialAction":[{"@type":"SearchAction","target":{"@type":"EntryPoint","urlTemplate":"https:\/\/nam-viet-voyage.com\/?s={search_term_string}"},"query-input":{"@type":"PropertyValueSpecification","valueRequired":true,"valueName":"search_term_string"}}],"inLanguage":"fr-FR"}]}},"_links":{"self":[{"href":"http:\/\/nam-viet-voyage.com\/fr\/wp-json\/wp\/v2\/pages\/4165","targetHints":{"allow":["GET"]}}],"collection":[{"href":"http:\/\/nam-viet-voyage.com\/fr\/wp-json\/wp\/v2\/pages"}],"about":[{"href":"http:\/\/nam-viet-voyage.com\/fr\/wp-json\/wp\/v2\/types\/page"}],"author":[{"embeddable":true,"href":"http:\/\/nam-viet-voyage.com\/fr\/wp-json\/wp\/v2\/users\/2"}],"replies":[{"embeddable":true,"href":"http:\/\/nam-viet-voyage.com\/fr\/wp-json\/wp\/v2\/comments?post=4165"}],"version-history":[{"count":15,"href":"http:\/\/nam-viet-voyage.com\/fr\/wp-json\/wp\/v2\/pages\/4165\/revisions"}],"predecessor-version":[{"id":11372,"href":"http:\/\/nam-viet-voyage.com\/fr\/wp-json\/wp\/v2\/pages\/4165\/revisions\/11372"}],"wp:attachment":[{"href":"http:\/\/nam-viet-voyage.com\/fr\/wp-json\/wp\/v2\/media?parent=4165"}],"curies":[{"name":"wp","href":"https:\/\/api.w.org\/{rel}","templated":true}]}}