{"id":4163,"date":"2015-01-22T01:39:14","date_gmt":"2015-01-22T01:39:14","guid":{"rendered":"http:\/\/nam-viet-voyage.com\/?page_id=4163"},"modified":"2016-05-25T07:45:05","modified_gmt":"2016-05-25T07:45:05","slug":"sockha-beach-resort-sihanoukville","status":"publish","type":"page","link":"http:\/\/nam-viet-voyage.com\/fr\/sockha-beach-resort-sihanoukville\/","title":{"rendered":"Sokha Beach Resort &#8211; Sihanoukville"},"content":{"rendered":"<section class=\"l-section wpb_row height_medium\"><div class=\"l-section-h i-cf\"><div class=\"g-cols offset_small\"><div class=\" one-quarter\">[vc_wp_custommenu nav_menu=\u00a0\u00bb328&Prime; title=\u00a0\u00bbHotels &#8211; Cambodia\u00a0\u00bb]<\/div><div class=\" three-quarters\"><div class=\"w-image  align_center\"><img loading=\"lazy\" decoding=\"async\" width=\"730\" height=\"200\" src=\"http:\/\/nam-viet-voyage.com\/wp-content\/uploads\/2015\/01\/sockha-beach-resort-sihanoukville.png\" class=\"attachment-full size-full\" alt=\"sockha-beach-resort-sihanoukville\" srcset=\"http:\/\/nam-viet-voyage.com\/wp-content\/uploads\/2015\/01\/sockha-beach-resort-sihanoukville.png 730w, http:\/\/nam-viet-voyage.com\/wp-content\/uploads\/2015\/01\/sockha-beach-resort-sihanoukville-300x82.png 300w, http:\/\/nam-viet-voyage.com\/wp-content\/uploads\/2015\/01\/sockha-beach-resort-sihanoukville-600x164.png 600w, http:\/\/nam-viet-voyage.com\/wp-content\/uploads\/2015\/01\/sockha-beach-resort-sihanoukville-150x41.png 150w\" sizes=\"auto, (max-width: 730px) 100vw, 730px\" \/><\/div><div class=\"wpb_text_column \"><div class=\"wpb_wrapper\">\n<h2 style=\"text-align: center;\">Sokha Beach Resort<\/h2>\n<p style=\"text-align: justify;\">Le Sokha Beach Resort se situe sur la plage Sokha \u00e0 Sihanoukville, la station baln\u00e9aire principale du Cambodge. L\u2019\u00e9tablissement se distingue par sa grande superficie : il s\u2019\u00e9tend sur plus de 20 hectares, poss\u00e8de sa propre plage priv\u00e9e longue de 1,5 km, et comprend 391 chambres et suites. Calme, luxe et volupt\u00e9 caract\u00e9risent le Sokha Beach Resort. Entre les deux larges piscines, le Jasmine Spa, le salon de beaut\u00e9 et les nombreux restaurants, l\u2019h\u00f4tel est id\u00e9al pour se d\u00e9tendre et se relaxer pendant un s\u00e9jour au Cambodge. La d\u00e9coration se veut un m\u00e9lange de traditions khm\u00e8res et de modernit\u00e9, tout comme la cuisine propos\u00e9e aux h\u00f4tes. Ces derniers pourront prendre un petit-d\u00e9jeuner international au buffet du Lotus Restaurant, puis go\u00fbter \u00e0 des sp\u00e9cialit\u00e9s khm\u00e8res et japonaises au Lemongrass, et enfin, organiser un d\u00eener sur la plage gr\u00e2ce au bar-tapas The Deck. Une salle de sport lumineuse et parfaitement \u00e9quip\u00e9e est \u00e9galement \u00e0 disposition des clients.<\/p>\n<\/div> <\/div> [vc_empty_space height=\u00a0\u00bb30px\u00a0\u00bb]<div class=\"g-cols wpb_row offset_small vc_inner \"><div class=\" one-half\"><div class=\"w-image  align_center\"><img loading=\"lazy\" decoding=\"async\" width=\"320\" height=\"216\" src=\"http:\/\/nam-viet-voyage.com\/wp-content\/uploads\/2015\/01\/sokha-beach-beach-bar.jpg\" class=\"attachment-full size-full\" alt=\"Vue du bar de plage Sokha Beach\" srcset=\"http:\/\/nam-viet-voyage.com\/wp-content\/uploads\/2015\/01\/sokha-beach-beach-bar.jpg 320w, http:\/\/nam-viet-voyage.com\/wp-content\/uploads\/2015\/01\/sokha-beach-beach-bar-300x203.jpg 300w\" sizes=\"auto, (max-width: 320px) 100vw, 320px\" \/><\/div><div class=\"w-image  align_center\"><img loading=\"lazy\" decoding=\"async\" width=\"320\" height=\"211\" src=\"http:\/\/nam-viet-voyage.com\/wp-content\/uploads\/2015\/01\/sokha-beach-villa-ocean.jpg\" class=\"attachment-full size-full\" alt=\"Transats sur terrasse sur villa oc\u00e9an Sokha Beach\" srcset=\"http:\/\/nam-viet-voyage.com\/wp-content\/uploads\/2015\/01\/sokha-beach-villa-ocean.jpg 320w, http:\/\/nam-viet-voyage.com\/wp-content\/uploads\/2015\/01\/sokha-beach-villa-ocean-300x198.jpg 300w\" sizes=\"auto, (max-width: 320px) 100vw, 320px\" \/><\/div><\/div><div class=\" one-half\"><div class=\"w-image  align_center\"><img loading=\"lazy\" decoding=\"async\" width=\"320\" height=\"213\" src=\"http:\/\/nam-viet-voyage.com\/wp-content\/uploads\/2015\/01\/sokha-beach-sunset-beach.jpg\" class=\"attachment-full size-full\" alt=\"Coucher de soleil sur la plage Sokha Beach\" srcset=\"http:\/\/nam-viet-voyage.com\/wp-content\/uploads\/2015\/01\/sokha-beach-sunset-beach.jpg 320w, http:\/\/nam-viet-voyage.com\/wp-content\/uploads\/2015\/01\/sokha-beach-sunset-beach-300x200.jpg 300w\" sizes=\"auto, (max-width: 320px) 100vw, 320px\" \/><\/div><div class=\"w-image  align_center\"><img loading=\"lazy\" decoding=\"async\" width=\"320\" height=\"213\" src=\"http:\/\/nam-viet-voyage.com\/wp-content\/uploads\/2015\/01\/sokha-beach-tapas-bar.jpg\" class=\"attachment-full size-full\" alt=\"Le bar tapas de nuit Sokha Beach\" srcset=\"http:\/\/nam-viet-voyage.com\/wp-content\/uploads\/2015\/01\/sokha-beach-tapas-bar.jpg 320w, http:\/\/nam-viet-voyage.com\/wp-content\/uploads\/2015\/01\/sokha-beach-tapas-bar-300x200.jpg 300w\" sizes=\"auto, (max-width: 320px) 100vw, 320px\" \/><\/div><\/div><\/div><\/div><\/div><\/div><\/section><section class=\"l-section wpb_row height_medium color_secondary\"><div class=\"l-section-h i-cf\"><div class=\"g-cols offset_small\"><div class=\" full-width\"><div class=\"g-cols wpb_row offset_small vc_inner \"><div class=\" full-width\">[vc_custom_heading text=\u00a0\u00bbPour tout projet ou information compl\u00e9mentaire, merci de nous contacter !\u00a0\u00bb font_container=\u00a0\u00bbtag:p|font_size:24|text_align:center\u00a0\u00bb google_fonts=\u00a0\u00bbfont_family:Nothing%20You%20Could%20Do%3Aregular|font_style:400%20regular%3A400%3Anormal\u00a0\u00bb]\n<div class=\"wpcf7 no-js\" id=\"wpcf7-f5977-o1\" lang=\"fr-FR\" dir=\"ltr\" data-wpcf7-id=\"5977\">\n<div class=\"screen-reader-response\"><p role=\"status\" aria-live=\"polite\" aria-atomic=\"true\"><\/p> <ul><\/ul><\/div>\n<form action=\"\/fr\/wp-json\/wp\/v2\/pages\/4163#wpcf7-f5977-o1\" method=\"post\" class=\"wpcf7-form init\" aria-label=\"Formulaire de contact\" novalidate=\"novalidate\" data-status=\"init\">\n<fieldset class=\"hidden-fields-container\"><input type=\"hidden\" name=\"_wpcf7\" value=\"5977\" \/><input type=\"hidden\" name=\"_wpcf7_version\" value=\"6.1.5\" \/><input type=\"hidden\" name=\"_wpcf7_locale\" value=\"fr_FR\" \/><input type=\"hidden\" name=\"_wpcf7_unit_tag\" value=\"wpcf7-f5977-o1\" \/><input type=\"hidden\" name=\"_wpcf7_container_post\" value=\"0\" \/><input type=\"hidden\" name=\"_wpcf7_posted_data_hash\" value=\"\" \/>\n<\/fieldset>\n<p>Votre Nom *\n<\/p>\n<p><span class=\"wpcf7-form-control-wrap\" data-name=\"your-name\"><input size=\"40\" maxlength=\"400\" class=\"wpcf7-form-control wpcf7-text wpcf7-validates-as-required\" aria-required=\"true\" aria-invalid=\"false\" value=\"\" type=\"text\" name=\"your-name\" \/><\/span>\n<\/p>\n<p>Votre Email *\n<\/p>\n<p><span class=\"wpcf7-form-control-wrap\" data-name=\"your-email\"><input size=\"40\" maxlength=\"400\" class=\"wpcf7-form-control wpcf7-email wpcf7-validates-as-required wpcf7-text wpcf7-validates-as-email\" aria-required=\"true\" aria-invalid=\"false\" value=\"\" type=\"email\" name=\"your-email\" \/><\/span>\n<\/p>\n<p>Votre Message *\n<\/p>\n<p><span class=\"wpcf7-form-control-wrap\" data-name=\"your-message\"><textarea cols=\"40\" rows=\"10\" maxlength=\"2000\" class=\"wpcf7-form-control wpcf7-textarea wpcf7-validates-as-required\" aria-required=\"true\" aria-invalid=\"false\" name=\"your-message\"><\/textarea><\/span>\n<\/p>\n<p><input class=\"wpcf7-form-control wpcf7-submit has-spinner\" type=\"submit\" value=\"Envoyer\" \/>\n<\/p><div class=\"wpcf7-response-output\" aria-hidden=\"true\"><\/div>\n<\/form>\n<\/div>\n<\/div><\/div><\/div><\/div><\/div><\/section>\n<p><a href=\"\/\/www.pinterest.com\/pin\/create\/button\/\" data-pin-do=\"buttonBookmark\" data-pin-color=\"red\" data-pin-height=\"128\"><img decoding=\"async\" src=\"\/\/assets.pinterest.com\/images\/pidgets\/pinit_fg_en_rect_red_28.png\" \/><\/a><\/p>","protected":false},"excerpt":{"rendered":"[vc_wp_custommenu nav_menu=\"328\" title=\"Hotels - Cambodia\"] Sokha Beach Resort Le Sokha Beach Resort se situe sur la plage Sokha \u00e0 Sihanoukville, la station baln\u00e9aire principale du Cambodge. L\u2019\u00e9tablissement se distingue par...","protected":false},"author":2,"featured_media":0,"parent":0,"menu_order":0,"comment_status":"closed","ping_status":"open","template":"","meta":{"_crdt_document":"","footnotes":""},"class_list":["post-4163","page","type-page","status-publish","hentry"],"yoast_head":"<!-- This site is optimized with the Yoast SEO plugin v26.9 - https:\/\/yoast.com\/product\/yoast-seo-wordpress\/ -->\n<title>Sokha Beach Resort - Sihanoukville - Nam Viet Voyage<\/title>\n<meta name=\"description\" content=\"\u00c0 Sihanoukville, sur la c\u00f4te du Cambodge, le Sokha Beach Resort allie luxe et relaxation dans un superbe cadre baln\u00e9aire.\" \/>\n<meta name=\"robots\" content=\"index, follow, max-snippet:-1, max-image-preview:large, max-video-preview:-1\" \/>\n<link rel=\"canonical\" href=\"https:\/\/nam-viet-voyage.com\/fr\/sockha-beach-resort-sihanoukville\/\" \/>\n<meta property=\"og:locale\" content=\"fr_FR\" \/>\n<meta property=\"og:type\" content=\"article\" \/>\n<meta property=\"og:title\" content=\"Sokha Beach Resort - Sihanoukville - Nam Viet Voyage\" \/>\n<meta property=\"og:description\" content=\"\u00c0 Sihanoukville, sur la c\u00f4te du Cambodge, le Sokha Beach Resort allie luxe et relaxation dans un superbe cadre baln\u00e9aire.\" \/>\n<meta property=\"og:url\" content=\"https:\/\/nam-viet-voyage.com\/fr\/sockha-beach-resort-sihanoukville\/\" \/>\n<meta property=\"og:site_name\" content=\"Nam Viet Voyage\" \/>\n<meta property=\"article:publisher\" content=\"https:\/\/www.facebook.com\/NamVietVoyage\" \/>\n<meta property=\"article:modified_time\" content=\"2016-05-25T07:45:05+00:00\" \/>\n<meta name=\"twitter:card\" content=\"summary_large_image\" \/>\n<meta name=\"twitter:site\" content=\"@NamVietVoyage\" \/>\n<meta name=\"twitter:label1\" content=\"Dur\u00e9e de lecture estim\u00e9e\" \/>\n\t<meta name=\"twitter:data1\" content=\"2 minutes\" \/>\n<script type=\"application\/ld+json\" class=\"yoast-schema-graph\">{\"@context\":\"https:\/\/schema.org\",\"@graph\":[{\"@type\":\"WebPage\",\"@id\":\"https:\/\/nam-viet-voyage.com\/fr\/sockha-beach-resort-sihanoukville\/\",\"url\":\"https:\/\/nam-viet-voyage.com\/fr\/sockha-beach-resort-sihanoukville\/\",\"name\":\"Sokha Beach Resort - Sihanoukville - Nam Viet Voyage\",\"isPartOf\":{\"@id\":\"https:\/\/nam-viet-voyage.com\/#website\"},\"datePublished\":\"2015-01-22T01:39:14+00:00\",\"dateModified\":\"2016-05-25T07:45:05+00:00\",\"description\":\"\u00c0 Sihanoukville, sur la c\u00f4te du Cambodge, le Sokha Beach Resort allie luxe et relaxation dans un superbe cadre baln\u00e9aire.\",\"breadcrumb\":{\"@id\":\"https:\/\/nam-viet-voyage.com\/fr\/sockha-beach-resort-sihanoukville\/#breadcrumb\"},\"inLanguage\":\"fr-FR\",\"potentialAction\":[{\"@type\":\"ReadAction\",\"target\":[\"https:\/\/nam-viet-voyage.com\/fr\/sockha-beach-resort-sihanoukville\/\"]}]},{\"@type\":\"BreadcrumbList\",\"@id\":\"https:\/\/nam-viet-voyage.com\/fr\/sockha-beach-resort-sihanoukville\/#breadcrumb\",\"itemListElement\":[{\"@type\":\"ListItem\",\"position\":1,\"name\":\"Home\",\"item\":\"http:\/\/nam-viet-voyage.com\/fr\/\"},{\"@type\":\"ListItem\",\"position\":2,\"name\":\"Sokha Beach Resort &#8211; Sihanoukville\"}]},{\"@type\":\"WebSite\",\"@id\":\"https:\/\/nam-viet-voyage.com\/#website\",\"url\":\"https:\/\/nam-viet-voyage.com\/\",\"name\":\"Nam Viet Voyage\",\"description\":\"Voyages en Asie du Sud-Est\",\"potentialAction\":[{\"@type\":\"SearchAction\",\"target\":{\"@type\":\"EntryPoint\",\"urlTemplate\":\"https:\/\/nam-viet-voyage.com\/?s={search_term_string}\"},\"query-input\":{\"@type\":\"PropertyValueSpecification\",\"valueRequired\":true,\"valueName\":\"search_term_string\"}}],\"inLanguage\":\"fr-FR\"}]}<\/script>\n<!-- \/ Yoast SEO plugin. -->","yoast_head_json":{"title":"Sokha Beach Resort - Sihanoukville - Nam Viet Voyage","description":"\u00c0 Sihanoukville, sur la c\u00f4te du Cambodge, le Sokha Beach Resort allie luxe et relaxation dans un superbe cadre baln\u00e9aire.","robots":{"index":"index","follow":"follow","max-snippet":"max-snippet:-1","max-image-preview":"max-image-preview:large","max-video-preview":"max-video-preview:-1"},"canonical":"https:\/\/nam-viet-voyage.com\/fr\/sockha-beach-resort-sihanoukville\/","og_locale":"fr_FR","og_type":"article","og_title":"Sokha Beach Resort - Sihanoukville - Nam Viet Voyage","og_description":"\u00c0 Sihanoukville, sur la c\u00f4te du Cambodge, le Sokha Beach Resort allie luxe et relaxation dans un superbe cadre baln\u00e9aire.","og_url":"https:\/\/nam-viet-voyage.com\/fr\/sockha-beach-resort-sihanoukville\/","og_site_name":"Nam Viet Voyage","article_publisher":"https:\/\/www.facebook.com\/NamVietVoyage","article_modified_time":"2016-05-25T07:45:05+00:00","twitter_card":"summary_large_image","twitter_site":"@NamVietVoyage","twitter_misc":{"Dur\u00e9e de lecture estim\u00e9e":"2 minutes"},"schema":{"@context":"https:\/\/schema.org","@graph":[{"@type":"WebPage","@id":"https:\/\/nam-viet-voyage.com\/fr\/sockha-beach-resort-sihanoukville\/","url":"https:\/\/nam-viet-voyage.com\/fr\/sockha-beach-resort-sihanoukville\/","name":"Sokha Beach Resort - Sihanoukville - Nam Viet Voyage","isPartOf":{"@id":"https:\/\/nam-viet-voyage.com\/#website"},"datePublished":"2015-01-22T01:39:14+00:00","dateModified":"2016-05-25T07:45:05+00:00","description":"\u00c0 Sihanoukville, sur la c\u00f4te du Cambodge, le Sokha Beach Resort allie luxe et relaxation dans un superbe cadre baln\u00e9aire.","breadcrumb":{"@id":"https:\/\/nam-viet-voyage.com\/fr\/sockha-beach-resort-sihanoukville\/#breadcrumb"},"inLanguage":"fr-FR","potentialAction":[{"@type":"ReadAction","target":["https:\/\/nam-viet-voyage.com\/fr\/sockha-beach-resort-sihanoukville\/"]}]},{"@type":"BreadcrumbList","@id":"https:\/\/nam-viet-voyage.com\/fr\/sockha-beach-resort-sihanoukville\/#breadcrumb","itemListElement":[{"@type":"ListItem","position":1,"name":"Home","item":"http:\/\/nam-viet-voyage.com\/fr\/"},{"@type":"ListItem","position":2,"name":"Sokha Beach Resort &#8211; Sihanoukville"}]},{"@type":"WebSite","@id":"https:\/\/nam-viet-voyage.com\/#website","url":"https:\/\/nam-viet-voyage.com\/","name":"Nam Viet Voyage","description":"Voyages en Asie du Sud-Est","potentialAction":[{"@type":"SearchAction","target":{"@type":"EntryPoint","urlTemplate":"https:\/\/nam-viet-voyage.com\/?s={search_term_string}"},"query-input":{"@type":"PropertyValueSpecification","valueRequired":true,"valueName":"search_term_string"}}],"inLanguage":"fr-FR"}]}},"_links":{"self":[{"href":"http:\/\/nam-viet-voyage.com\/fr\/wp-json\/wp\/v2\/pages\/4163","targetHints":{"allow":["GET"]}}],"collection":[{"href":"http:\/\/nam-viet-voyage.com\/fr\/wp-json\/wp\/v2\/pages"}],"about":[{"href":"http:\/\/nam-viet-voyage.com\/fr\/wp-json\/wp\/v2\/types\/page"}],"author":[{"embeddable":true,"href":"http:\/\/nam-viet-voyage.com\/fr\/wp-json\/wp\/v2\/users\/2"}],"replies":[{"embeddable":true,"href":"http:\/\/nam-viet-voyage.com\/fr\/wp-json\/wp\/v2\/comments?post=4163"}],"version-history":[{"count":15,"href":"http:\/\/nam-viet-voyage.com\/fr\/wp-json\/wp\/v2\/pages\/4163\/revisions"}],"predecessor-version":[{"id":11373,"href":"http:\/\/nam-viet-voyage.com\/fr\/wp-json\/wp\/v2\/pages\/4163\/revisions\/11373"}],"wp:attachment":[{"href":"http:\/\/nam-viet-voyage.com\/fr\/wp-json\/wp\/v2\/media?parent=4163"}],"curies":[{"name":"wp","href":"https:\/\/api.w.org\/{rel}","templated":true}]}}